{"id":72960,"date":"2019-08-28T08:34:13","date_gmt":"2019-08-28T08:34:13","guid":{"rendered":"https:\/\/medtest.stagingservers.net\/product\/bakteerivaginoosi\/"},"modified":"2019-10-10T00:04:39","modified_gmt":"2019-10-09T22:04:39","slug":"bakteerivaginoosi","status":"publish","type":"product","link":"https:\/\/medtest.stagingservers.net\/fi\/produkt\/bakteerivaginoosi\/","title":{"rendered":"Bakteerivaginoosi"},"content":{"rendered":"<h2>Bakteerivaginoosi &#8211; em\u00e4tintulehdus, kuusi eri testi\u00e4<\/h2>\n<h4>1. Maitohappobakteerit (H2O2 )<\/h4>\n<p>Hedelm\u00e4llisess\u00e4 i\u00e4ss\u00e4 olevien terveiden naisten em\u00e4ttimess\u00e4 kasvaa maitohappobakteereita l\u00e4hes lakkaamattomana biofilmin\u00e4. Ne ovat olennaisia terveydelle, kun ne puolustavat elimist\u00f6\u00e4 haitallisilta bakteereilta, jotka voivat aiheuttaa erilaisia sairauksia. Maitohappobakteerit tuottavat vetyperoksidia (H2O2), joka on myrkyllist\u00e4 muille bakteereille ja joka siten auttaa puolustautumaan vaarallisilta bakteereilta.<\/p>\n<p>Testimme kertoo H202:n m\u00e4\u00e4r\u00e4st\u00e4.<\/p>\n<h4>2. Bakteerivaginoosi (SA)<\/h4>\n<p>Bakteerivaginoosissa em\u00e4ttimen bakteerikasvusto on ep\u00e4tasapainossa.<\/p>\n<p>Bakterivaginoosissa vuoto voi olla juoksevaa, joskus vaahtoavaa ja v\u00e4rilt\u00e4\u00e4n harmahtavaa tai kellert\u00e4v\u00e4\u00e4. Vuoto on pahanhajuista, ja haju usein vahvistuu kuukautisten aikana. Monesti bakteerivaginoosi ei aiheuta mit\u00e4\u00e4n oireita.<\/p>\n<p>Testi mittaa bakteerien eritt\u00e4m\u00e4\u00e4 sialidaasi-entsyymi\u00e4 (SA), joka parantaa bakteerien kyky\u00e4 tunkeutua kudoksiin ja tuhota niit\u00e4.<\/p>\n<p>Bakteerivaginoosi t\u00e4ytyy hoitaa antibiooteilla.<\/p>\n<h4>3. Em\u00e4tintulehdus (LE)<\/h4>\n<p>Bakteeri- tai hiivasienitulehdus em\u00e4ttimess\u00e4 voi aiheuttaa em\u00e4tintulehduksen.<\/p>\n<p>Oireina voi olla vuotoa, kutinaa ja kipua.<\/p>\n<p>Testimme mittaa leukosyyttien esteraasia (LE) eli valkosoluja, joiden l\u00f6ytyminen viittaa tulehdukseen.<\/p>\n<p>Jos sinulla on em\u00e4tintulehdus, keskustele l\u00e4\u00e4k\u00e4rin tai \u00e4itiysneuvolan terveydenhoitajan kanssa.<\/p>\n<h4>4. Hiivasienitulehdus \/ Candida (CV)<\/h4>\n<p>Em\u00e4ttimen hiivasienitulehdus tunnetaan my\u00f6s nimell\u00e4 candida vaginitis (CV). Se tarkoittaa em\u00e4ttimess\u00e4 tapahtuvaa hiivasienen liikakasvua, joka aiheuttaa \u00e4rsytyst\u00e4.<\/p>\n<p>Oireina ovat harmaa tai kellert\u00e4v\u00e4 juokseva ja joskus vaahtoava vuoto, jonka paha haju usein voimistuu kuukautisten aikana.<\/p>\n<p>Hiivasient\u00e4 hoidetaan itsehoitol\u00e4\u00e4kkeell\u00e4, jota voi ostaa apteekista.<\/p>\n<h4>5. Trikomoniaasi (TV)<\/h4>\n<p>Trichomonas vaginalis (TV) on loinen, joka voi aiheuttaa sukupuolitaudin. Loinen el\u00e4\u00e4 tartunnan saaneen naisen em\u00e4ttimess\u00e4 ja tarttuu eteenp\u00e4in suojaamattomassa seksiss\u00e4. Noin puolet tartunnan saaneista naisista saavat oireita.<\/p>\n<p>Tartunnan oireita ovat em\u00e4ttimen kutina ja polttelu sek\u00e4 kellert\u00e4v\u00e4 tai vihert\u00e4v\u00e4 vuoto, joka on joskus pahanhajuista.<\/p>\n<p>It\u00e4misaika on muutamasta vuorokaudesta muutamaan viikkoon. Trichomonas voi siirty\u00e4 synnytyksess\u00e4 \u00e4idist\u00e4 vauvaan.<\/p>\n<p>Trikomoniaasi t\u00e4ytyy hoitaa antibiooteilla.<\/p>\n<h4>6. pH<\/h4>\n<p>Em\u00e4ttimen maitohappobakteerit yll\u00e4pit\u00e4v\u00e4t em\u00e4ttimen tervett\u00e4 pH-arvoa, joka on yleens\u00e4 3,8-4,0. Normaali pH-v\u00e4rde em\u00e4ttimess\u00e4 est\u00e4\u00e4 haitallisia bakteereita lis\u00e4\u00e4ntym\u00e4st\u00e4 ja v\u00e4hent\u00e4\u00e4 siten riski\u00e4 tulehduksiin.<\/p>\n<p>Jos testitulos on ep\u00e4normaali, kysy neuvoa l\u00e4\u00e4k\u00e4rilt\u00e4 tai terveydenhoitajalta.<\/p>\n<p>Pakettiin sis\u00e4ltyy n\u00e4ytteenottov\u00e4lineet ja ohjeet. N\u00e4ytteen ottaminen ei satu.\u200b<\/p>\n<h4>K\u00e4ytt\u00f6ohjeet:<\/h4>\n<ol start=\"1\">\n<li>Tee em\u00e4tintesti py\u00f6r\u00e4ytt\u00e4m\u00e4ll\u00e4 tikkua kevyesti em\u00e4ttimen sis\u00e4sein\u00e4m\u00e4ss\u00e4.<\/li>\n<li>Kosketa pH-koloa tikulla 2-3 kertaa. Lue tulos.<\/li>\n<li>Laita tikku koeputkeen ja lis\u00e4\u00e4 12-14 tippaa uuttoliuosta (BV Extraction solution). Py\u00f6rit\u00e4 tikkua ymp\u00e4ri ja paina sit\u00e4 putken sein\u00e4m\u00e4\u00e4 vasten, niin ett\u00e4 tikussa oleva erite sekoittuu koeputkessa olevan aineen kanssa.<\/li>\n<li>Tiputa kaksi tippaa koeputkessa olevaa seosta joka koloon (paitsi ei pH-koloon).<\/li>\n<li>Lis\u00e4\u00e4 tippa reagenssiliuosta (Chromogenic reagent) H202-koloon.<\/li>\n<li>Anna testin olla uunissa 42-45\u00b0C asteessa viiden minuutin ajan. Lue testitulos 15 minuutin sis\u00e4ll\u00e4.<\/li>\n<\/ol>\n<p><img loading=\"lazy\" decoding=\"async\" class=\"size-full wp-image-54498 aligncenter\" src=\"https:\/\/medtest.stagingservers.net\/wp-content\/uploads\/2018\/11\/Ska\u0308rmavbild-2018-05-01-kl.-20.16.24.png\" alt=\"\" width=\"996\" height=\"264\" srcset=\"https:\/\/medtest.stagingservers.net\/wp-content\/uploads\/2018\/11\/Ska\u0308rmavbild-2018-05-01-kl.-20.16.24.png 996w, https:\/\/medtest.stagingservers.net\/wp-content\/uploads\/2018\/11\/Ska\u0308rmavbild-2018-05-01-kl.-20.16.24-600x159.png 600w, https:\/\/medtest.stagingservers.net\/wp-content\/uploads\/2018\/11\/Ska\u0308rmavbild-2018-05-01-kl.-20.16.24-200x53.png 200w, https:\/\/medtest.stagingservers.net\/wp-content\/uploads\/2018\/11\/Ska\u0308rmavbild-2018-05-01-kl.-20.16.24-720x191.png 720w, https:\/\/medtest.stagingservers.net\/wp-content\/uploads\/2018\/11\/Ska\u0308rmavbild-2018-05-01-kl.-20.16.24-768x204.png 768w, https:\/\/medtest.stagingservers.net\/wp-content\/uploads\/2018\/11\/Ska\u0308rmavbild-2018-05-01-kl.-20.16.24-416x110.png 416w, https:\/\/medtest.stagingservers.net\/wp-content\/uploads\/2018\/11\/Ska\u0308rmavbild-2018-05-01-kl.-20.16.24-300x80.png 300w\" sizes=\"auto, (max-width: 996px) 100vw, 996px\" \/><\/p>\n<h4>Testitulos<\/h4>\n<p><img loading=\"lazy\" decoding=\"async\" class=\"alignnone size-full wp-image-54499\" src=\"https:\/\/medtest.stagingservers.net\/wp-content\/uploads\/2018\/11\/BV-Resultat.png\" alt=\"\" width=\"857\" height=\"264\" srcset=\"https:\/\/medtest.stagingservers.net\/wp-content\/uploads\/2018\/11\/BV-Resultat.png 857w, https:\/\/medtest.stagingservers.net\/wp-content\/uploads\/2018\/11\/BV-Resultat-600x185.png 600w, https:\/\/medtest.stagingservers.net\/wp-content\/uploads\/2018\/11\/BV-Resultat-200x62.png 200w, https:\/\/medtest.stagingservers.net\/wp-content\/uploads\/2018\/11\/BV-Resultat-720x222.png 720w, https:\/\/medtest.stagingservers.net\/wp-content\/uploads\/2018\/11\/BV-Resultat-768x237.png 768w, https:\/\/medtest.stagingservers.net\/wp-content\/uploads\/2018\/11\/BV-Resultat-416x128.png 416w, https:\/\/medtest.stagingservers.net\/wp-content\/uploads\/2018\/11\/BV-Resultat-300x92.png 300w\" sizes=\"auto, (max-width: 857px) 100vw, 857px\" \/><\/p>\n<p>pH &#8211; Ep\u00e4normaali tulos on merkki tulehduksesta. H2O2 &#8211; Ep\u00e4normaali tulos on merkki tulehduksesta. SA &#8211; Positiivinen tulos on merkki bakteerivaginoosista. LE &#8211; Positiivinen tulos on merkki em\u00e4tintulehduksesta. CV &#8211; Positiivinen tulos on merkki hiivasienitulehduksesta. TV- Positiivinen tulos on merkki trikomoniaasista.<\/p>\n<p>Analyyttinen herkkyys<\/p>\n<p>H2O2: \u22652\u03bcmol\/L<br \/>\nSA: \u22657 units\/ml<br \/>\nLE: \u22659 units\/ml<br \/>\nCV: \u2265 1&#215;103 cfu\/ml<br \/>\nTV: \u22651&#215;103 cfu\/ml<\/p>\n","protected":false},"excerpt":{"rendered":"<p>Bakteerivaginoosi- ja em\u00e4tintulehdustesti naisille &#8211; kuusi testi\u00e4 samassa.<br \/>\nTesti mittaa kuutta asiaa:<br \/>\nMaitohappobakteereja (H2O2)<br \/>\nBakteerivaginoosia<br \/>\nEm\u00e4tintulehdusta<br \/>\nHiivasienitulehdusta (candida)<br \/>\nTrikomoniaasia<br \/>\npH:ta.<br \/>\n1. Maitohappobakteerit (H2O2 )<br \/>\nHedelm\u00e4llisess\u00e4 i\u00e4ss\u00e4 olevien terveiden naisten em\u00e4ttimess\u00e4 kasvaa maitohappobakteereita l\u00e4hes lakkaamattomana biofilmin\u00e4. Maitohappobakteerit tuottavat vetyperoksidia (H2O2), joka on myrkyllist\u00e4 muille bakteereille ja joka siten auttaa puolustautumaan vaarallisilta bakteereilta.<br \/>\n2. Bakteerivaginoosi (SA)<br \/>\nBakteerivaginoosissa em\u00e4ttimen bakteerikasvusto on ep\u00e4tasapainossa.<br \/>\nBakterivaginoosissa vuoto voi olla juoksevaa, joskus vaahtoavaa ja v\u00e4rilt\u00e4\u00e4n harmahtavaa tai kellert\u00e4v\u00e4\u00e4. Vuoto on pahanhajuista, ja haju usein vahvistuu kuukautisten aikana. Monesti bakteerivaginoosi ei aiheuta mit\u00e4\u00e4n oireita.<br \/>\n3. Em\u00e4tintulehdus (LE)<br \/>\nBakteeri- tai hiivasienitulehdus em\u00e4ttimess\u00e4 voi aiheuttaa em\u00e4tintulehduksen. Oireina voi olla vuotoa, kutinaa ja kipua.<br \/>\nTestimme mittaa leukosyyttien esteraasia (LE) eli valkosoluja, joiden l\u00f6ytyminen viittaa tulehdukseen.<br \/>\n4. Hiivasienitulehdus \/ Candida (CV)<br \/>\nEm\u00e4ttimen hiivasienitulehdus tunnetaan my\u00f6s nimell\u00e4 candida vaginitis (CV). Se tarkoittaa em\u00e4ttimess\u00e4 tapahtuvaa hiivasienen liikakasvua, joka aiheuttaa \u00e4rsytyst\u00e4. Oireina ovat harmaa tai kellert\u00e4v\u00e4 juokseva ja joskus vaahtoava vuoto, jonka paha haju usein voimistuu kuukautisten aikana.<br \/>\nHiivasient\u00e4 hoidetaan itsehoitol\u00e4\u00e4kkeell\u00e4, jota voi ostaa apteekista.<br \/>\n5. Trikomoniaasi (TV)<br \/>\nTrichomonas vaginalis (TV) on loinen, joka voi aiheuttaa sukupuolitaudin. Loinen el\u00e4\u00e4 tartunnan saaneen naisen em\u00e4ttimess\u00e4 ja tarttuu eteenp\u00e4in suojaamattomassa seksiss\u00e4. Noin puolet tartunnan saaneista naisista saavat oireita. Tartunnan oireita ovat em\u00e4ttimen kutina ja polttelu sek\u00e4 kellert\u00e4v\u00e4 tai vihert\u00e4v\u00e4 vuoto, joka on joskus pahanhajuista. Trikomoniaasi t\u00e4ytyy hoitaa antibiooteilla.<br \/>\n6. pH<br \/>\nEm\u00e4ttimen maitohappobakteerit yll\u00e4pit\u00e4v\u00e4t em\u00e4ttimen tervett\u00e4 pH-arvoa, joka on yleens\u00e4 3,8-4,0. Normaali pH-v\u00e4rde em\u00e4ttimess\u00e4 est\u00e4\u00e4 haitallisia bakteereita lis\u00e4\u00e4ntym\u00e4st\u00e4 ja v\u00e4hent\u00e4\u00e4 siten riski\u00e4 tulehduksiin.<br \/>\nSis\u00e4lt\u00f6<br \/>\nKoeputki<br \/>\nTestikasetti<br \/>\nVanupuikko<br \/>\nPipetti<br \/>\nUuttoliuos<br \/>\nReagenssiliuos<br \/>\nSuomenkieliset ohjeet<br \/>\nAnalyyttinen herkkyys<br \/>\nH2O2: \u22652\u03bcmol\/L<br \/>\nSA: \u22657 units\/ml<br \/>\nLE: \u22659 units\/ml<br \/>\nCV: \u2265 1&#215;103 cfu\/ml<br \/>\nTV: \u22651&#215;103 cfu\/ml<br \/>\nVarastossa 1-2 p\u00e4iv\u00e4ss\u00e4<\/p>\n","protected":false},"featured_media":73787,"comment_status":"closed","ping_status":"closed","template":"","meta":{"_acf_changed":false,"footnotes":""},"product_brand":[],"product_cat":[933,932],"product_tag":[],"class_list":{"0":"post-72960","1":"product","2":"type-product","3":"status-publish","4":"has-post-thumbnail","6":"product_cat-bakteerivaginoosi","7":"product_cat-terveystestit","9":"first","10":"instock","11":"taxable","12":"shipping-taxable","13":"purchasable","14":"product-type-simple"},"acf":[],"yoast_head":"<title>Bakteerivaginoosi - Medtest.shop<\/title>\n<meta name=\"description\" content=\"Bakteerivaginoosi - Medtest.shop\" \/>\n<meta name=\"robots\" content=\"noindex, follow, max-snippet:-1, max-image-preview:large, max-video-preview:-1\" \/>\n<meta property=\"og:locale\" content=\"fi_FI\" \/>\n<meta property=\"og:type\" content=\"article\" \/>\n<meta property=\"og:title\" content=\"Bakteerivaginoosi - Medtest.shop\" \/>\n<meta property=\"og:description\" content=\"Bakteerivaginoosi - Medtest.shop\" \/>\n<meta property=\"og:url\" content=\"https:\/\/medtest.stagingservers.net\/fi\/produkt\/bakteerivaginoosi\/\" \/>\n<meta property=\"og:site_name\" content=\"Medtest.shop\" \/>\n<meta property=\"article:publisher\" content=\"https:\/\/www.facebook.com\/Medtest-1440779469392476\/\" \/>\n<meta property=\"article:modified_time\" content=\"2019-10-09T22:04:39+00:00\" \/>\n<meta property=\"og:image\" content=\"https:\/\/medtest.stagingservers.net\/wp-content\/uploads\/2019\/08\/Bacterial-vaginosis.png\" \/>\n\t<meta property=\"og:image:width\" content=\"2100\" \/>\n\t<meta property=\"og:image:height\" content=\"1400\" \/>\n\t<meta property=\"og:image:type\" content=\"image\/png\" \/>\n<meta name=\"twitter:card\" content=\"summary_large_image\" \/>\n<script type=\"application\/ld+json\" class=\"yoast-schema-graph\">{\"@context\":\"https:\\\/\\\/schema.org\",\"@graph\":[{\"@type\":\"WebPage\",\"@id\":\"https:\\\/\\\/medtest.stagingservers.net\\\/fi\\\/produkt\\\/bakteerivaginoosi\\\/\",\"url\":\"https:\\\/\\\/medtest.stagingservers.net\\\/fi\\\/produkt\\\/bakteerivaginoosi\\\/\",\"name\":\"Bakteerivaginoosi - Medtest.shop\",\"isPartOf\":{\"@id\":\"https:\\\/\\\/medtest.stagingservers.net\\\/fi\\\/#website\"},\"primaryImageOfPage\":{\"@id\":\"https:\\\/\\\/medtest.stagingservers.net\\\/fi\\\/produkt\\\/bakteerivaginoosi\\\/#primaryimage\"},\"image\":{\"@id\":\"https:\\\/\\\/medtest.stagingservers.net\\\/fi\\\/produkt\\\/bakteerivaginoosi\\\/#primaryimage\"},\"thumbnailUrl\":\"https:\\\/\\\/medtest.stagingservers.net\\\/wp-content\\\/uploads\\\/2019\\\/08\\\/Bacterial-vaginosis.png\",\"datePublished\":\"2019-08-28T08:34:13+00:00\",\"dateModified\":\"2019-10-09T22:04:39+00:00\",\"description\":\"Bakteerivaginoosi - Medtest.shop\",\"breadcrumb\":{\"@id\":\"https:\\\/\\\/medtest.stagingservers.net\\\/fi\\\/produkt\\\/bakteerivaginoosi\\\/#breadcrumb\"},\"inLanguage\":\"fi-FI\",\"potentialAction\":[{\"@type\":\"ReadAction\",\"target\":[\"https:\\\/\\\/medtest.stagingservers.net\\\/fi\\\/produkt\\\/bakteerivaginoosi\\\/\"]}]},{\"@type\":\"ImageObject\",\"inLanguage\":\"fi-FI\",\"@id\":\"https:\\\/\\\/medtest.stagingservers.net\\\/fi\\\/produkt\\\/bakteerivaginoosi\\\/#primaryimage\",\"url\":\"https:\\\/\\\/medtest.stagingservers.net\\\/wp-content\\\/uploads\\\/2019\\\/08\\\/Bacterial-vaginosis.png\",\"contentUrl\":\"https:\\\/\\\/medtest.stagingservers.net\\\/wp-content\\\/uploads\\\/2019\\\/08\\\/Bacterial-vaginosis.png\",\"width\":2100,\"height\":1400},{\"@type\":\"BreadcrumbList\",\"@id\":\"https:\\\/\\\/medtest.stagingservers.net\\\/fi\\\/produkt\\\/bakteerivaginoosi\\\/#breadcrumb\",\"itemListElement\":[{\"@type\":\"ListItem\",\"position\":1,\"name\":\"Home\",\"item\":\"https:\\\/\\\/medtest.stagingservers.net\\\/fi\\\/\"},{\"@type\":\"ListItem\",\"position\":2,\"name\":\"Shop\",\"item\":\"https:\\\/\\\/medtest.stagingservers.net\\\/fi\\\/shop\\\/\"},{\"@type\":\"ListItem\",\"position\":3,\"name\":\"Bakteerivaginoosi\"}]},{\"@type\":\"WebSite\",\"@id\":\"https:\\\/\\\/medtest.stagingservers.net\\\/fi\\\/#website\",\"url\":\"https:\\\/\\\/medtest.stagingservers.net\\\/fi\\\/\",\"name\":\"Medtest.shop\",\"description\":\"\",\"publisher\":{\"@id\":\"https:\\\/\\\/medtest.stagingservers.net\\\/fi\\\/#organization\"},\"potentialAction\":[{\"@type\":\"SearchAction\",\"target\":{\"@type\":\"EntryPoint\",\"urlTemplate\":\"https:\\\/\\\/medtest.stagingservers.net\\\/fi\\\/?s={search_term_string}\"},\"query-input\":{\"@type\":\"PropertyValueSpecification\",\"valueRequired\":true,\"valueName\":\"search_term_string\"}}],\"inLanguage\":\"fi-FI\"},{\"@type\":\"Organization\",\"@id\":\"https:\\\/\\\/medtest.stagingservers.net\\\/fi\\\/#organization\",\"name\":\"Medtest\",\"url\":\"https:\\\/\\\/medtest.stagingservers.net\\\/fi\\\/\",\"logo\":{\"@type\":\"ImageObject\",\"inLanguage\":\"fi-FI\",\"@id\":\"https:\\\/\\\/medtest.stagingservers.net\\\/fi\\\/#\\\/schema\\\/logo\\\/image\\\/\",\"url\":\"https:\\\/\\\/medtest.stagingservers.net\\\/wp-content\\\/uploads\\\/2018\\\/11\\\/Original.png\",\"contentUrl\":\"https:\\\/\\\/medtest.stagingservers.net\\\/wp-content\\\/uploads\\\/2018\\\/11\\\/Original.png\",\"width\":1024,\"height\":1024,\"caption\":\"Medtest\"},\"image\":{\"@id\":\"https:\\\/\\\/medtest.stagingservers.net\\\/fi\\\/#\\\/schema\\\/logo\\\/image\\\/\"},\"sameAs\":[\"https:\\\/\\\/www.facebook.com\\\/Medtest-1440779469392476\\\/\"]}]}<\/script>","yoast_head_json":{"title":"Bakteerivaginoosi - Medtest.shop","description":"Bakteerivaginoosi - Medtest.shop","robots":{"index":"noindex","follow":"follow","max-snippet":"max-snippet:-1","max-image-preview":"max-image-preview:large","max-video-preview":"max-video-preview:-1"},"og_locale":"fi_FI","og_type":"article","og_title":"Bakteerivaginoosi - Medtest.shop","og_description":"Bakteerivaginoosi - Medtest.shop","og_url":"https:\/\/medtest.stagingservers.net\/fi\/produkt\/bakteerivaginoosi\/","og_site_name":"Medtest.shop","article_publisher":"https:\/\/www.facebook.com\/Medtest-1440779469392476\/","article_modified_time":"2019-10-09T22:04:39+00:00","og_image":[{"width":2100,"height":1400,"url":"https:\/\/medtest.stagingservers.net\/wp-content\/uploads\/2019\/08\/Bacterial-vaginosis.png","type":"image\/png"}],"twitter_card":"summary_large_image","schema":{"@context":"https:\/\/schema.org","@graph":[{"@type":"WebPage","@id":"https:\/\/medtest.stagingservers.net\/fi\/produkt\/bakteerivaginoosi\/","url":"https:\/\/medtest.stagingservers.net\/fi\/produkt\/bakteerivaginoosi\/","name":"Bakteerivaginoosi - Medtest.shop","isPartOf":{"@id":"https:\/\/medtest.stagingservers.net\/fi\/#website"},"primaryImageOfPage":{"@id":"https:\/\/medtest.stagingservers.net\/fi\/produkt\/bakteerivaginoosi\/#primaryimage"},"image":{"@id":"https:\/\/medtest.stagingservers.net\/fi\/produkt\/bakteerivaginoosi\/#primaryimage"},"thumbnailUrl":"https:\/\/medtest.stagingservers.net\/wp-content\/uploads\/2019\/08\/Bacterial-vaginosis.png","datePublished":"2019-08-28T08:34:13+00:00","dateModified":"2019-10-09T22:04:39+00:00","description":"Bakteerivaginoosi - Medtest.shop","breadcrumb":{"@id":"https:\/\/medtest.stagingservers.net\/fi\/produkt\/bakteerivaginoosi\/#breadcrumb"},"inLanguage":"fi-FI","potentialAction":[{"@type":"ReadAction","target":["https:\/\/medtest.stagingservers.net\/fi\/produkt\/bakteerivaginoosi\/"]}]},{"@type":"ImageObject","inLanguage":"fi-FI","@id":"https:\/\/medtest.stagingservers.net\/fi\/produkt\/bakteerivaginoosi\/#primaryimage","url":"https:\/\/medtest.stagingservers.net\/wp-content\/uploads\/2019\/08\/Bacterial-vaginosis.png","contentUrl":"https:\/\/medtest.stagingservers.net\/wp-content\/uploads\/2019\/08\/Bacterial-vaginosis.png","width":2100,"height":1400},{"@type":"BreadcrumbList","@id":"https:\/\/medtest.stagingservers.net\/fi\/produkt\/bakteerivaginoosi\/#breadcrumb","itemListElement":[{"@type":"ListItem","position":1,"name":"Home","item":"https:\/\/medtest.stagingservers.net\/fi\/"},{"@type":"ListItem","position":2,"name":"Shop","item":"https:\/\/medtest.stagingservers.net\/fi\/shop\/"},{"@type":"ListItem","position":3,"name":"Bakteerivaginoosi"}]},{"@type":"WebSite","@id":"https:\/\/medtest.stagingservers.net\/fi\/#website","url":"https:\/\/medtest.stagingservers.net\/fi\/","name":"Medtest.shop","description":"","publisher":{"@id":"https:\/\/medtest.stagingservers.net\/fi\/#organization"},"potentialAction":[{"@type":"SearchAction","target":{"@type":"EntryPoint","urlTemplate":"https:\/\/medtest.stagingservers.net\/fi\/?s={search_term_string}"},"query-input":{"@type":"PropertyValueSpecification","valueRequired":true,"valueName":"search_term_string"}}],"inLanguage":"fi-FI"},{"@type":"Organization","@id":"https:\/\/medtest.stagingservers.net\/fi\/#organization","name":"Medtest","url":"https:\/\/medtest.stagingservers.net\/fi\/","logo":{"@type":"ImageObject","inLanguage":"fi-FI","@id":"https:\/\/medtest.stagingservers.net\/fi\/#\/schema\/logo\/image\/","url":"https:\/\/medtest.stagingservers.net\/wp-content\/uploads\/2018\/11\/Original.png","contentUrl":"https:\/\/medtest.stagingservers.net\/wp-content\/uploads\/2018\/11\/Original.png","width":1024,"height":1024,"caption":"Medtest"},"image":{"@id":"https:\/\/medtest.stagingservers.net\/fi\/#\/schema\/logo\/image\/"},"sameAs":["https:\/\/www.facebook.com\/Medtest-1440779469392476\/"]}]}},"_links":{"self":[{"href":"https:\/\/medtest.stagingservers.net\/fi\/wp-json\/wp\/v2\/product\/72960","targetHints":{"allow":["GET"]}}],"collection":[{"href":"https:\/\/medtest.stagingservers.net\/fi\/wp-json\/wp\/v2\/product"}],"about":[{"href":"https:\/\/medtest.stagingservers.net\/fi\/wp-json\/wp\/v2\/types\/product"}],"replies":[{"embeddable":true,"href":"https:\/\/medtest.stagingservers.net\/fi\/wp-json\/wp\/v2\/comments?post=72960"}],"version-history":[{"count":0,"href":"https:\/\/medtest.stagingservers.net\/fi\/wp-json\/wp\/v2\/product\/72960\/revisions"}],"wp:featuredmedia":[{"embeddable":true,"href":"https:\/\/medtest.stagingservers.net\/fi\/wp-json\/wp\/v2\/media\/73787"}],"wp:attachment":[{"href":"https:\/\/medtest.stagingservers.net\/fi\/wp-json\/wp\/v2\/media?parent=72960"}],"wp:term":[{"taxonomy":"product_brand","embeddable":true,"href":"https:\/\/medtest.stagingservers.net\/fi\/wp-json\/wp\/v2\/product_brand?post=72960"},{"taxonomy":"product_cat","embeddable":true,"href":"https:\/\/medtest.stagingservers.net\/fi\/wp-json\/wp\/v2\/product_cat?post=72960"},{"taxonomy":"product_tag","embeddable":true,"href":"https:\/\/medtest.stagingservers.net\/fi\/wp-json\/wp\/v2\/product_tag?post=72960"}],"curies":[{"name":"wp","href":"https:\/\/api.w.org\/{rel}","templated":true}]}}