{"id":72964,"date":"2019-08-28T08:39:40","date_gmt":"2019-08-28T08:39:40","guid":{"rendered":"https:\/\/medtest.stagingservers.net\/product\/hepatiitti-b-hepatiitti-c-maksatesti\/"},"modified":"2019-11-29T17:10:41","modified_gmt":"2019-11-29T15:10:41","slug":"hepatiitti-b-hepatiitti-c-maksatesti","status":"publish","type":"product","link":"https:\/\/medtest.stagingservers.net\/fi\/produkt\/hepatiitti-b-hepatiitti-c-maksatesti\/","title":{"rendered":"Hepatiitti B-, hepatiitti C- ja maksatesti"},"content":{"rendered":"<h2>Hepatiitti B-, hepatiitti C- ja maksatesti<\/h2>\n<p>Hepatiitti B ja hepatiitti C ovat viruksen aiheuttamia maksatulehduksia. Sairaus levi\u00e4\u00e4 etenkin veren v\u00e4lityksell\u00e4. Huumeiden k\u00e4ytt\u00e4j\u00e4t saavat tartunnan yleens\u00e4 k\u00e4ytetyist\u00e4 neuloista. Tartunnan voi saada my\u00f6s suojaamattomasta seksist\u00e4. Hepatiittitartunta on usein elinik\u00e4inen, mutta l\u00e4\u00e4kityksen avulla on mahdollista p\u00e4\u00e4st\u00e4 tartunnasta eroon kokonaan.<\/p>\n<p>Hepatiitti B ja C levi\u00e4v\u00e4t veren ja suojaamattoman seksin yhteydess\u00e4. Esimerkiksi:<\/p>\n<ul>\n<li>k\u00e4ytett\u00e4ess\u00e4 yhteisi\u00e4 neuloja<\/li>\n<li>vastaanottaessa hepatiittia sis\u00e4lt\u00e4vi\u00e4 verituotteita<\/li>\n<li>suojaamattomassa yhdynn\u00e4ss\u00e4<\/li>\n<li>synnytyksess\u00e4 \u00e4idilt\u00e4 lapselle.<\/li>\n<\/ul>\n<h4 style=\"text-align: left;\"><strong>Testeist\u00e4<\/strong><\/h4>\n<p style=\"text-align: left;\"><strong>Hepatiitti B<\/strong><\/p>\n<p style=\"text-align: left;\">Testi mittaa verest\u00e4 HBsAg-pinta-antigeenia. Testi on 100% luotettava ja herkkyydelt\u00e4\u00e4n 300-500 CFU\/ml, mik\u00e4 on hyvin alhainen arvo. CE-hyv\u00e4ksyttyj\u00e4 ammattik\u00e4ytt\u00f6\u00f6n.<\/p>\n<p style=\"text-align: left;\"><strong>Hepatiitti C<\/strong><\/p>\n<p style=\"text-align: left;\">Testi mittaa verest\u00e4 HCV:n vasta-aineita. Testin tarkkuus ja herkkyys on 99,9%. CE-hyv\u00e4ksyttyj\u00e4 ammattik\u00e4ytt\u00f6\u00f6n.<\/p>\n<p><strong>Maksatesti<\/strong><\/p>\n<p>Testi tutkii maksan toimintaa mittaamalla bilirubiinia ja urobilinogeenia virtsasta (mukana tulee kaksi virtsatesti\u00e4).<\/p>\n<h4 style=\"text-align: left;\"><strong>Milloin pit\u00e4isi testata?<\/strong><\/h4>\n<p style=\"text-align: left;\">S\u00e4\u00e4nn\u00f6llinen testaaminen on t\u00e4rke\u00e4\u00e4 kaikille, jotka ovat seksuaalisesti aktiivisia, riippumatta i\u00e4st\u00e4, seksuaalisesta suuntautumisesta tai parisuhdetilanteesta. Testaaminen kannattaa aina, jos on harrastanut suojaamatonta seksi\u00e4. Tartuntahetkest\u00e4 taudin kehittymiseen kest\u00e4\u00e4 yleens\u00e4 noin kahdeksan viikkoa, mutta aika voi vaihdella kahdesta viikosta puoleen vuoteen.<\/p>\n<h3 style=\"text-align: left;\">Oireet<\/h3>\n<p style=\"text-align: left;\">Useimmilla, joilla on akuutti hepatiitti B- tai hepatiitti C -tartunta, ei ole mit\u00e4\u00e4n oireita eiv\u00e4tk\u00e4 he tied\u00e4 saaneensa tartunnan. Tauti jaetaan akuuttiin ja krooniseen hepatiittiin. Tartunnan ensimm\u00e4ist\u00e4 vaiheetta kutsutaan akuutiksi ja toista vaihetta krooniseksi. Kroonisessa hepatiitissa virus on ollut elimist\u00f6ss\u00e4 yli puolen vuoden ajan ja usein j\u00e4\u00e4 elimist\u00f6\u00f6n ihmisen loppuel\u00e4m\u00e4n ajaksi.<\/p>\n<p style=\"text-align: left;\"><strong>N\u00e4ill\u00e4 testeill\u00e4 voi tarkistaa, onko tartunta h\u00e4vinnyt vai onko siit\u00e4 tullut krooninen.<\/strong><\/p>\n<h5>Hepatiitti B:n oireet:<\/h5>\n<ul>\n<li>pahoinvointi<\/li>\n<li>heikentynyt ruokahalu<\/li>\n<li>v\u00e4symys<\/li>\n<li>kutina<\/li>\n<li>iho ja silm\u00e4nvalkuaiset kellert\u00e4v\u00e4t (\u201dkeltatauti\u201d)<\/li>\n<\/ul>\n<h5 style=\"text-align: left;\">Hepatiitti C:n oireet:<\/h5>\n<ul>\n<li>Virtsa on tummaa<\/li>\n<li>Uloste on vaaleaa<\/li>\n<li>Iho ja silm\u00e4nvalkuaiset kellert\u00e4v\u00e4t (&#8220;keltatauti&#8221;)<\/li>\n<\/ul>\n<h4><strong>Miten hepatiitista p\u00e4\u00e4see eroon?<\/strong><\/h4>\n<p>Kroonisen hepatiitin kanssa voi el\u00e4\u00e4 l\u00e4hes normaalia el\u00e4m\u00e4\u00e4, mutta pit\u00e4\u00e4 varoa tartuttamasta muita. Viruksen kanssa voi el\u00e4\u00e4 kauan huomaamatta asiaa. Tauti aiheuttaa kuitenkin maksatulehduksen, joka hitaasti vaurioittaa maksaa. Se voi johtaa maksakirroosiin 20-30 vuodessa. Siksi on hyv\u00e4 tarkistaa maksan toiminta, jos sinulla on hepatiitin oireita.<\/p>\n<h5>Helppo, halpa ja tarkka pikatesti<\/h5>\n<div>\n<h4><strong><span class=\"mobile-undersized-upper\">Hepatiitti B- ja C -testin k\u00e4ytt\u00f6ohjeet<\/span><\/strong><\/h4>\n<h5><strong><span class=\"mobile-undersized-upper\">Tee n\u00e4in:<\/span><\/strong><\/h5>\n<\/div>\n<ol start=\"1\">\n<li><span class=\"mobile-undersized-upper\">Puhdista sormesi alkoholia sis\u00e4lt\u00e4v\u00e4ll\u00e4 ihonpuhdistuslapulla.<\/span><\/li>\n<li class=\"mobile-undersized-upper\" data-index=\"34\" data-length=\"52\">Poista neulan p\u00e4\u00e4ll\u00e4 oleva py\u00f6re\u00e4 suoja, pist\u00e4 itse\u00e4si sormenp\u00e4\u00e4h\u00e4n ja purista esiin v\u00e4h\u00e4n verta.<\/li>\n<li class=\"mobile-undersized-upper\" data-index=\"182\" data-length=\"157\"><span class=\"mobile-undersized-upper\">Kasta pipetti vereen, niin ett\u00e4 saat pipettiin 2-3 tippaa verta. Kapillaari-ilmi\u00f6n ansiosta veri imeytyy automaattisesti pipettiin.<\/span><\/li>\n<li class=\"mobile-undersized-upper\" data-index=\"339\" data-length=\"48\"><span class=\"mobile-undersized-upper\">Pudota kaksi tippaa verta testikasetin koloon (S).<\/span><\/li>\n<li class=\"mobile-undersized-upper\" data-index=\"387\" data-length=\"35\"><span class=\"mobile-undersized-upper\">Pudota sen j\u00e4lkeen koloon yksi tippa puskuriliuosta.<\/span><\/li>\n<li class=\"mobile-undersized-upper\" data-index=\"422\" data-length=\"102\"><span class=\"mobile-undersized-upper\">Odota kymmenen minuuttia ja lue tulos. \u00c4l\u00e4 koskaan odota kauemmin kuin 20 minuuttia ennen tuloksen lukemista.<\/span><\/li>\n<\/ol>\n<p><img loading=\"lazy\" decoding=\"async\" class=\"alignnone size-full wp-image-72927\" src=\"\/wp-content\/uploads\/2019\/03\/PSA-procedur.png\" alt=\"PSA procedur\" width=\"1455\" height=\"467\" srcset=\"https:\/\/medtest.stagingservers.net\/wp-content\/uploads\/2019\/03\/PSA-procedur.png 1455w, https:\/\/medtest.stagingservers.net\/wp-content\/uploads\/2019\/03\/PSA-procedur-720x231.png 720w, https:\/\/medtest.stagingservers.net\/wp-content\/uploads\/2019\/03\/PSA-procedur-1200x385.png 1200w, https:\/\/medtest.stagingservers.net\/wp-content\/uploads\/2019\/03\/PSA-procedur-768x246.png 768w, https:\/\/medtest.stagingservers.net\/wp-content\/uploads\/2019\/03\/PSA-procedur-416x134.png 416w, https:\/\/medtest.stagingservers.net\/wp-content\/uploads\/2019\/03\/PSA-procedur-300x96.png 300w, https:\/\/medtest.stagingservers.net\/wp-content\/uploads\/2019\/03\/PSA-procedur-1024x329.png 1024w\" sizes=\"auto, (max-width: 1455px) 100vw, 1455px\" \/><\/p>\n<p>&nbsp;<\/p>\n<p>&nbsp;<\/p>\n<h4><strong>Hepatiitti B- ja C -testin tulokset<\/strong><\/h4>\n<p><img loading=\"lazy\" decoding=\"async\" class=\"alignnone size-full wp-image-72928\" src=\"\/wp-content\/uploads\/2019\/05\/Test-resultat.png\" alt=\"\" width=\"351\" height=\"246\" srcset=\"https:\/\/medtest.stagingservers.net\/wp-content\/uploads\/2019\/05\/Test-resultat.png 351w, https:\/\/medtest.stagingservers.net\/wp-content\/uploads\/2019\/05\/Test-resultat-300x210.png 300w\" sizes=\"auto, (max-width: 351px) 100vw, 351px\" \/><\/p>\n<p>&nbsp;<\/p>\n<h4><strong><span class=\"mobile-undersized-upper\">Maksatestin k\u00e4ytt\u00f6ohjeet<\/span><\/strong><\/h4>\n<ol start=\"1\">\n<li data-index=\"479\" data-length=\"49\"><span class=\"mobile-undersized-upper\">Avaa foliopakkaus ja ota testitikku ulos.<\/span><\/li>\n<li class=\"mobile-undersized-upper\" data-index=\"528\" data-length=\"49\"><span class=\"mobile-undersized-upper\">Virtsaa kuppiin ja kasta testitikku virtsaan.<\/span><\/li>\n<li class=\"mobile-undersized-upper\" data-index=\"577\" data-length=\"39\"><span class=\"mobile-undersized-upper\">Lue testitulos noin yhden minuutin j\u00e4lkeen. Testitulos tulkitaan vertaamalla tikun v\u00e4ri\u00e4 v\u00e4rikarttaan. Kun vertaat v\u00e4rej\u00e4, pid\u00e4 tikkua vaakasuorassa, jotta tikun v\u00e4rit eiv\u00e4t sekoitu kesken\u00e4\u00e4n.<\/span><img loading=\"lazy\" decoding=\"async\" class=\"alignnone size-full wp-image-56020\" src=\"\/wp-content\/uploads\/2019\/05\/Lever-resultat-2.png\" alt=\"\" width=\"1086\" height=\"226\" \/><\/li>\n<\/ol>\n<p>&nbsp;<\/p>\n<p>&nbsp;<\/p>\n<p>Jos testi n\u00e4ytt\u00e4\u00e4 positiivista, suosittelemme ottamaan yhteytt\u00e4 l\u00e4\u00e4k\u00e4riin lis\u00e4tutkimuksia varten tai apteekkiin neuvojen saamiseksi.<\/p>\n<p>&nbsp;<\/p>\n<p>Jos sinulla on kysytt\u00e4v\u00e4\u00e4, <a href=\"https:\/\/medtest.stagingservers.net\/kontakta-oss\/\">ota meihin t\u00e4st\u00e4 yhteytt\u00e4<\/a>.<\/p>\n<p>T\u00e4m\u00e4n paketin mukana saat maksatestin ilmaiseksi.<\/p>\n","protected":false},"excerpt":{"rendered":"<p>Hepatiitti B ja hepatiitti C ovat viruksen aiheuttamia maksatulehduksia. Tauti levi\u00e4\u00e4 ennen kaikkea veren v\u00e4lityksell\u00e4. Tavallisin tapa saada tartunta on k\u00e4ytt\u00e4\u00e4 jonkun toisen k\u00e4ytt\u00e4mi\u00e4 huumeneuloja. Tartunnan voi saada my\u00f6s suojaamattomasta seksist\u00e4. Tartunta on usein elinik\u00e4inen, mutta l\u00e4\u00e4kityksen avulla on mahdollista parantua kokonaan.<\/p>\n","protected":false},"featured_media":73819,"comment_status":"closed","ping_status":"closed","template":"","meta":{"_acf_changed":false,"footnotes":""},"product_brand":[],"product_cat":[948,949,938,928],"product_tag":[],"class_list":{"0":"post-72964","1":"product","2":"type-product","3":"status-publish","4":"has-post-thumbnail","6":"product_cat-hepatiitti-b","7":"product_cat-hepatiitti-c","8":"product_cat-maksan-toiminta","9":"product_cat-pakettitarjous","11":"first","12":"instock","13":"taxable","14":"shipping-taxable","15":"purchasable","16":"product-type-simple"},"acf":[],"yoast_head":"<title>Hepatiitti B-, hepatiitti C- ja maksatesti - Medtest.shop<\/title>\n<meta name=\"description\" content=\"Hepatiitti B-, hepatiitti C- ja maksatesti - Medtest.shop\" \/>\n<meta name=\"robots\" content=\"noindex, follow, max-snippet:-1, max-image-preview:large, max-video-preview:-1\" \/>\n<meta property=\"og:locale\" content=\"fi_FI\" \/>\n<meta property=\"og:type\" content=\"article\" \/>\n<meta property=\"og:title\" content=\"Hepatiitti B-, hepatiitti C- ja maksatesti - Medtest.shop\" \/>\n<meta property=\"og:description\" content=\"Hepatiitti B-, hepatiitti C- ja maksatesti - Medtest.shop\" \/>\n<meta property=\"og:url\" content=\"https:\/\/medtest.stagingservers.net\/fi\/produkt\/hepatiitti-b-hepatiitti-c-maksatesti\/\" \/>\n<meta property=\"og:site_name\" content=\"Medtest.shop\" \/>\n<meta property=\"article:publisher\" content=\"https:\/\/www.facebook.com\/Medtest-1440779469392476\/\" \/>\n<meta property=\"article:modified_time\" content=\"2019-11-29T15:10:41+00:00\" \/>\n<meta property=\"og:image\" content=\"https:\/\/medtest.stagingservers.net\/wp-content\/uploads\/2019\/08\/Hepatit-BCLiver-1.png\" \/>\n\t<meta property=\"og:image:width\" content=\"957\" \/>\n\t<meta property=\"og:image:height\" content=\"501\" \/>\n\t<meta property=\"og:image:type\" content=\"image\/png\" \/>\n<meta name=\"twitter:card\" content=\"summary_large_image\" \/>\n<script type=\"application\/ld+json\" class=\"yoast-schema-graph\">{\"@context\":\"https:\\\/\\\/schema.org\",\"@graph\":[{\"@type\":\"WebPage\",\"@id\":\"https:\\\/\\\/medtest.stagingservers.net\\\/fi\\\/produkt\\\/hepatiitti-b-hepatiitti-c-maksatesti\\\/\",\"url\":\"https:\\\/\\\/medtest.stagingservers.net\\\/fi\\\/produkt\\\/hepatiitti-b-hepatiitti-c-maksatesti\\\/\",\"name\":\"Hepatiitti B-, hepatiitti C- ja maksatesti - Medtest.shop\",\"isPartOf\":{\"@id\":\"https:\\\/\\\/medtest.stagingservers.net\\\/fi\\\/#website\"},\"primaryImageOfPage\":{\"@id\":\"https:\\\/\\\/medtest.stagingservers.net\\\/fi\\\/produkt\\\/hepatiitti-b-hepatiitti-c-maksatesti\\\/#primaryimage\"},\"image\":{\"@id\":\"https:\\\/\\\/medtest.stagingservers.net\\\/fi\\\/produkt\\\/hepatiitti-b-hepatiitti-c-maksatesti\\\/#primaryimage\"},\"thumbnailUrl\":\"https:\\\/\\\/medtest.stagingservers.net\\\/wp-content\\\/uploads\\\/2019\\\/08\\\/Hepatit-BCLiver-1.png\",\"datePublished\":\"2019-08-28T08:39:40+00:00\",\"dateModified\":\"2019-11-29T15:10:41+00:00\",\"description\":\"Hepatiitti B-, hepatiitti C- ja maksatesti - Medtest.shop\",\"breadcrumb\":{\"@id\":\"https:\\\/\\\/medtest.stagingservers.net\\\/fi\\\/produkt\\\/hepatiitti-b-hepatiitti-c-maksatesti\\\/#breadcrumb\"},\"inLanguage\":\"fi-FI\",\"potentialAction\":[{\"@type\":\"ReadAction\",\"target\":[\"https:\\\/\\\/medtest.stagingservers.net\\\/fi\\\/produkt\\\/hepatiitti-b-hepatiitti-c-maksatesti\\\/\"]}]},{\"@type\":\"ImageObject\",\"inLanguage\":\"fi-FI\",\"@id\":\"https:\\\/\\\/medtest.stagingservers.net\\\/fi\\\/produkt\\\/hepatiitti-b-hepatiitti-c-maksatesti\\\/#primaryimage\",\"url\":\"https:\\\/\\\/medtest.stagingservers.net\\\/wp-content\\\/uploads\\\/2019\\\/08\\\/Hepatit-BCLiver-1.png\",\"contentUrl\":\"https:\\\/\\\/medtest.stagingservers.net\\\/wp-content\\\/uploads\\\/2019\\\/08\\\/Hepatit-BCLiver-1.png\",\"width\":957,\"height\":501},{\"@type\":\"BreadcrumbList\",\"@id\":\"https:\\\/\\\/medtest.stagingservers.net\\\/fi\\\/produkt\\\/hepatiitti-b-hepatiitti-c-maksatesti\\\/#breadcrumb\",\"itemListElement\":[{\"@type\":\"ListItem\",\"position\":1,\"name\":\"Home\",\"item\":\"https:\\\/\\\/medtest.stagingservers.net\\\/fi\\\/\"},{\"@type\":\"ListItem\",\"position\":2,\"name\":\"Shop\",\"item\":\"https:\\\/\\\/medtest.stagingservers.net\\\/fi\\\/shop\\\/\"},{\"@type\":\"ListItem\",\"position\":3,\"name\":\"Hepatiitti B-, hepatiitti C- ja maksatesti\"}]},{\"@type\":\"WebSite\",\"@id\":\"https:\\\/\\\/medtest.stagingservers.net\\\/fi\\\/#website\",\"url\":\"https:\\\/\\\/medtest.stagingservers.net\\\/fi\\\/\",\"name\":\"Medtest.shop\",\"description\":\"\",\"publisher\":{\"@id\":\"https:\\\/\\\/medtest.stagingservers.net\\\/fi\\\/#organization\"},\"potentialAction\":[{\"@type\":\"SearchAction\",\"target\":{\"@type\":\"EntryPoint\",\"urlTemplate\":\"https:\\\/\\\/medtest.stagingservers.net\\\/fi\\\/?s={search_term_string}\"},\"query-input\":{\"@type\":\"PropertyValueSpecification\",\"valueRequired\":true,\"valueName\":\"search_term_string\"}}],\"inLanguage\":\"fi-FI\"},{\"@type\":\"Organization\",\"@id\":\"https:\\\/\\\/medtest.stagingservers.net\\\/fi\\\/#organization\",\"name\":\"Medtest\",\"url\":\"https:\\\/\\\/medtest.stagingservers.net\\\/fi\\\/\",\"logo\":{\"@type\":\"ImageObject\",\"inLanguage\":\"fi-FI\",\"@id\":\"https:\\\/\\\/medtest.stagingservers.net\\\/fi\\\/#\\\/schema\\\/logo\\\/image\\\/\",\"url\":\"https:\\\/\\\/medtest.stagingservers.net\\\/wp-content\\\/uploads\\\/2018\\\/11\\\/Original.png\",\"contentUrl\":\"https:\\\/\\\/medtest.stagingservers.net\\\/wp-content\\\/uploads\\\/2018\\\/11\\\/Original.png\",\"width\":1024,\"height\":1024,\"caption\":\"Medtest\"},\"image\":{\"@id\":\"https:\\\/\\\/medtest.stagingservers.net\\\/fi\\\/#\\\/schema\\\/logo\\\/image\\\/\"},\"sameAs\":[\"https:\\\/\\\/www.facebook.com\\\/Medtest-1440779469392476\\\/\"]}]}<\/script>","yoast_head_json":{"title":"Hepatiitti B-, hepatiitti C- ja maksatesti - Medtest.shop","description":"Hepatiitti B-, hepatiitti C- ja maksatesti - Medtest.shop","robots":{"index":"noindex","follow":"follow","max-snippet":"max-snippet:-1","max-image-preview":"max-image-preview:large","max-video-preview":"max-video-preview:-1"},"og_locale":"fi_FI","og_type":"article","og_title":"Hepatiitti B-, hepatiitti C- ja maksatesti - Medtest.shop","og_description":"Hepatiitti B-, hepatiitti C- ja maksatesti - Medtest.shop","og_url":"https:\/\/medtest.stagingservers.net\/fi\/produkt\/hepatiitti-b-hepatiitti-c-maksatesti\/","og_site_name":"Medtest.shop","article_publisher":"https:\/\/www.facebook.com\/Medtest-1440779469392476\/","article_modified_time":"2019-11-29T15:10:41+00:00","og_image":[{"width":957,"height":501,"url":"https:\/\/medtest.stagingservers.net\/wp-content\/uploads\/2019\/08\/Hepatit-BCLiver-1.png","type":"image\/png"}],"twitter_card":"summary_large_image","schema":{"@context":"https:\/\/schema.org","@graph":[{"@type":"WebPage","@id":"https:\/\/medtest.stagingservers.net\/fi\/produkt\/hepatiitti-b-hepatiitti-c-maksatesti\/","url":"https:\/\/medtest.stagingservers.net\/fi\/produkt\/hepatiitti-b-hepatiitti-c-maksatesti\/","name":"Hepatiitti B-, hepatiitti C- ja maksatesti - Medtest.shop","isPartOf":{"@id":"https:\/\/medtest.stagingservers.net\/fi\/#website"},"primaryImageOfPage":{"@id":"https:\/\/medtest.stagingservers.net\/fi\/produkt\/hepatiitti-b-hepatiitti-c-maksatesti\/#primaryimage"},"image":{"@id":"https:\/\/medtest.stagingservers.net\/fi\/produkt\/hepatiitti-b-hepatiitti-c-maksatesti\/#primaryimage"},"thumbnailUrl":"https:\/\/medtest.stagingservers.net\/wp-content\/uploads\/2019\/08\/Hepatit-BCLiver-1.png","datePublished":"2019-08-28T08:39:40+00:00","dateModified":"2019-11-29T15:10:41+00:00","description":"Hepatiitti B-, hepatiitti C- ja maksatesti - Medtest.shop","breadcrumb":{"@id":"https:\/\/medtest.stagingservers.net\/fi\/produkt\/hepatiitti-b-hepatiitti-c-maksatesti\/#breadcrumb"},"inLanguage":"fi-FI","potentialAction":[{"@type":"ReadAction","target":["https:\/\/medtest.stagingservers.net\/fi\/produkt\/hepatiitti-b-hepatiitti-c-maksatesti\/"]}]},{"@type":"ImageObject","inLanguage":"fi-FI","@id":"https:\/\/medtest.stagingservers.net\/fi\/produkt\/hepatiitti-b-hepatiitti-c-maksatesti\/#primaryimage","url":"https:\/\/medtest.stagingservers.net\/wp-content\/uploads\/2019\/08\/Hepatit-BCLiver-1.png","contentUrl":"https:\/\/medtest.stagingservers.net\/wp-content\/uploads\/2019\/08\/Hepatit-BCLiver-1.png","width":957,"height":501},{"@type":"BreadcrumbList","@id":"https:\/\/medtest.stagingservers.net\/fi\/produkt\/hepatiitti-b-hepatiitti-c-maksatesti\/#breadcrumb","itemListElement":[{"@type":"ListItem","position":1,"name":"Home","item":"https:\/\/medtest.stagingservers.net\/fi\/"},{"@type":"ListItem","position":2,"name":"Shop","item":"https:\/\/medtest.stagingservers.net\/fi\/shop\/"},{"@type":"ListItem","position":3,"name":"Hepatiitti B-, hepatiitti C- ja maksatesti"}]},{"@type":"WebSite","@id":"https:\/\/medtest.stagingservers.net\/fi\/#website","url":"https:\/\/medtest.stagingservers.net\/fi\/","name":"Medtest.shop","description":"","publisher":{"@id":"https:\/\/medtest.stagingservers.net\/fi\/#organization"},"potentialAction":[{"@type":"SearchAction","target":{"@type":"EntryPoint","urlTemplate":"https:\/\/medtest.stagingservers.net\/fi\/?s={search_term_string}"},"query-input":{"@type":"PropertyValueSpecification","valueRequired":true,"valueName":"search_term_string"}}],"inLanguage":"fi-FI"},{"@type":"Organization","@id":"https:\/\/medtest.stagingservers.net\/fi\/#organization","name":"Medtest","url":"https:\/\/medtest.stagingservers.net\/fi\/","logo":{"@type":"ImageObject","inLanguage":"fi-FI","@id":"https:\/\/medtest.stagingservers.net\/fi\/#\/schema\/logo\/image\/","url":"https:\/\/medtest.stagingservers.net\/wp-content\/uploads\/2018\/11\/Original.png","contentUrl":"https:\/\/medtest.stagingservers.net\/wp-content\/uploads\/2018\/11\/Original.png","width":1024,"height":1024,"caption":"Medtest"},"image":{"@id":"https:\/\/medtest.stagingservers.net\/fi\/#\/schema\/logo\/image\/"},"sameAs":["https:\/\/www.facebook.com\/Medtest-1440779469392476\/"]}]}},"_links":{"self":[{"href":"https:\/\/medtest.stagingservers.net\/fi\/wp-json\/wp\/v2\/product\/72964","targetHints":{"allow":["GET"]}}],"collection":[{"href":"https:\/\/medtest.stagingservers.net\/fi\/wp-json\/wp\/v2\/product"}],"about":[{"href":"https:\/\/medtest.stagingservers.net\/fi\/wp-json\/wp\/v2\/types\/product"}],"replies":[{"embeddable":true,"href":"https:\/\/medtest.stagingservers.net\/fi\/wp-json\/wp\/v2\/comments?post=72964"}],"version-history":[{"count":0,"href":"https:\/\/medtest.stagingservers.net\/fi\/wp-json\/wp\/v2\/product\/72964\/revisions"}],"wp:featuredmedia":[{"embeddable":true,"href":"https:\/\/medtest.stagingservers.net\/fi\/wp-json\/wp\/v2\/media\/73819"}],"wp:attachment":[{"href":"https:\/\/medtest.stagingservers.net\/fi\/wp-json\/wp\/v2\/media?parent=72964"}],"wp:term":[{"taxonomy":"product_brand","embeddable":true,"href":"https:\/\/medtest.stagingservers.net\/fi\/wp-json\/wp\/v2\/product_brand?post=72964"},{"taxonomy":"product_cat","embeddable":true,"href":"https:\/\/medtest.stagingservers.net\/fi\/wp-json\/wp\/v2\/product_cat?post=72964"},{"taxonomy":"product_tag","embeddable":true,"href":"https:\/\/medtest.stagingservers.net\/fi\/wp-json\/wp\/v2\/product_tag?post=72964"}],"curies":[{"name":"wp","href":"https:\/\/api.w.org\/{rel}","templated":true}]}}