{"id":72967,"date":"2019-08-28T08:50:23","date_gmt":"2019-08-28T08:50:23","guid":{"rendered":"https:\/\/medtest.stagingservers.net\/product\/valetut-korvatulpat\/"},"modified":"2019-09-23T15:54:36","modified_gmt":"2019-09-23T13:54:36","slug":"valetut-korvatulpat","status":"publish","type":"product","link":"https:\/\/medtest.stagingservers.net\/fi\/produkt\/valetut-korvatulpat\/","title":{"rendered":"Muotoon valetut korvatulpat"},"content":{"rendered":"<h2>Muotoon valetut korvatulpat<\/h2>\n<p>Muotoile korvatulpat omiin korviisi sopiviksi helposti, nopeasti ja sujuvasti. Korvatulpat suojaavat korvia sek\u00e4 melulta ett\u00e4 kosteudelta. Koska ne pit\u00e4v\u00e4t muotonsa, niit\u00e4 voi k\u00e4ytt\u00e4\u00e4 monta kertaa. Korvatulpat voi pest\u00e4 astianpesukoneessa. Ne est\u00e4v\u00e4t veden p\u00e4\u00e4sy\u00e4 korviin uidessa ja sulkevat pois \u00e4\u00e4net nukkuessa tai lentokoneessa. Korvatulpat kest\u00e4v\u00e4t pitk\u00e4\u00e4n &#8211; 10 vuotta ei ole niille poikkeuksellinen k\u00e4ytt\u00f6ik\u00e4. Ne ovat ennen kaikkea mukavat k\u00e4ytt\u00e4\u00e4, koska ne on valettu sopimaan korviisi.<img loading=\"lazy\" decoding=\"async\" class=\"size-full wp-image-55803 aligncenter\" src=\"https:\/\/medtest.stagingservers.net\/wp-content\/uploads\/2019\/03\/F\u00f6rdelar.png\" alt=\"\" width=\"673\" height=\"174\" srcset=\"https:\/\/medtest.stagingservers.net\/wp-content\/uploads\/2019\/03\/F\u00f6rdelar.png 673w, https:\/\/medtest.stagingservers.net\/wp-content\/uploads\/2019\/03\/F\u00f6rdelar-300x78.png 300w, https:\/\/medtest.stagingservers.net\/wp-content\/uploads\/2019\/03\/F\u00f6rdelar-416x108.png 416w\" sizes=\"auto, (max-width: 673px) 100vw, 673px\" \/><\/p>\n<h4>Yksil\u00f6llisten korvatulppien hyvi\u00e4 puolia:<\/h4>\n<ul>\n<li>Muotoiltu korviesi mukaan<\/li>\n<li>Pit\u00e4v\u00e4t muotonsa<\/li>\n<li>Vaimennus 24 dB<\/li>\n<li>Suojaavat vedelt\u00e4<\/li>\n<li>Kokoonpuristuvuus &lt;1%<\/li>\n<li>Mukavat<\/li>\n<li>Uudelleenk\u00e4ytett\u00e4v\u00e4t<\/li>\n<li>Myrkytt\u00f6m\u00e4t<\/li>\n<li>Postitetaan samana p\u00e4iv\u00e4n\u00e4<\/li>\n<li>100% asiakastyytyv\u00e4isyystakuu<\/li>\n<\/ul>\n<h4>Tee n\u00e4in<\/h4>\n<ol>\n<li>Pese k\u00e4det ja jaa massa nelj\u00e4\u00e4n yht\u00e4 suureen osaan. Sekoita pala sinist\u00e4 silikonia palaan valkoista silikonia noin yhden minuutin ajan, niin ettei valkoista silikonia ole en\u00e4\u00e4 n\u00e4kyviss\u00e4.<\/li>\n<li>Mene peilin luo ja muotoile pallo. Aseta pallo korvak\u00e4yt\u00e4v\u00e4\u00e4n. T\u00e4m\u00e4 vaihe vie maksimissaan kymmenen sekuntia.<\/li>\n<li>Muotoile korvatulppasi ja poista mahdollinen ylim\u00e4\u00e4r\u00e4inen massa. Jatka muotoilua sormilla. Odota viisi minuuttia.<\/li>\n<li>Riisu korvatulpat ty\u00f6nt\u00e4m\u00e4ll\u00e4 korvantaustaa. Toista kohdat 1-4, kun teet toista korvatulppaa.<\/li>\n<\/ol>\n<p><img loading=\"lazy\" decoding=\"async\" class=\"alignnone wp-image-55804 size-full\" src=\"\/wp-content\/uploads\/2019\/03\/Beskrivning-svenska-2.png\" alt=\"\" width=\"831\" height=\"581\" srcset=\"https:\/\/medtest.stagingservers.net\/wp-content\/uploads\/2019\/03\/Beskrivning-svenska-2.png 831w, https:\/\/medtest.stagingservers.net\/wp-content\/uploads\/2019\/03\/Beskrivning-svenska-2-720x503.png 720w, https:\/\/medtest.stagingservers.net\/wp-content\/uploads\/2019\/03\/Beskrivning-svenska-2-768x537.png 768w, https:\/\/medtest.stagingservers.net\/wp-content\/uploads\/2019\/03\/Beskrivning-svenska-2-416x291.png 416w, https:\/\/medtest.stagingservers.net\/wp-content\/uploads\/2019\/03\/Beskrivning-svenska-2-300x210.png 300w\" sizes=\"auto, (max-width: 831px) 100vw, 831px\" \/><\/p>\n<h4>Materiaali<\/h4>\n<p>Materiaali on polyvinyylisiloksaanimassaa (PVS), jolla on matala molekyylipaino. PVS sis\u00e4lt\u00e4\u00e4 silaaniryhmi\u00e4, jotka yhdistyv\u00e4t ja muodostavat verkoston, mik\u00e4 tekee materiaalista ainutlaatuisen. Kumia muistuttava PVS on elastomeeri, joka pysyy muodossaan, kun massa on kovettunut. Kun korvatulpat siis on muotoiltu korviin sopiviksi, ne s\u00e4ilytt\u00e4v\u00e4t halutun muodon. PVS on luotettava materiaali eik\u00e4 aiheuta yliherkkyytt\u00e4. Sit\u00e4 on k\u00e4ytetty kliinisiin tarkoituksiin yli 30 vuoden ajan.<\/p>\n<p><img loading=\"lazy\" decoding=\"async\" class=\"wp-image-55805 size-full aligncenter\" src=\"\/wp-content\/uploads\/2019\/03\/Duschning-3.png\" alt=\"\" width=\"1020\" height=\"493\" \/><\/p>\n<p>&nbsp;<\/p>\n<p>Jos sinulla on kysymyksi\u00e4 korvatulpista, ota meihin yhteytt\u00e4 <a href=\"\/kontakta-oss\/\">t\u00e4st\u00e4<\/a>. Hyv\u00e4 asiakaspalvelu on meille t\u00e4rke\u00e4\u00e4, joten vastaamme kaikkiin kysymyksiin 24 tunnin sis\u00e4ll\u00e4.<\/p>\n","protected":false},"excerpt":{"rendered":"<p>Muotoile ja vala omat henkil\u00f6kohtaiset korvatulppasi viidess\u00e4 minuutissa. Korvatulpat suojaavat sek\u00e4 melulta ett\u00e4 kosteudelta ja pit\u00e4v\u00e4t muotonsa yli kymmenen vuoden ajan. Korvatulpat suojaavat hyvin kuuloa. Tilaa itsellesi korvatulpat t\u00e4n\u00e4\u00e4n.<\/p>\n","protected":false},"featured_media":72972,"comment_status":"closed","ping_status":"closed","template":"","meta":{"_acf_changed":false,"footnotes":""},"product_brand":[],"product_cat":[927],"product_tag":[],"class_list":{"0":"post-72967","1":"product","2":"type-product","3":"status-publish","4":"has-post-thumbnail","6":"product_cat-valetut-korvatulpat","8":"first","9":"instock","10":"taxable","11":"shipping-taxable","12":"purchasable","13":"product-type-variable"},"acf":[],"yoast_head":"<title>Muotoon valetut korvatulpat - Medtest.shop<\/title>\n<meta name=\"description\" content=\"Muotoon valetut korvatulpat - Medtest.shop\" \/>\n<meta name=\"robots\" content=\"noindex, follow, max-snippet:-1, max-image-preview:large, max-video-preview:-1\" \/>\n<meta property=\"og:locale\" content=\"fi_FI\" \/>\n<meta property=\"og:type\" content=\"article\" \/>\n<meta property=\"og:title\" content=\"Muotoon valetut korvatulpat - Medtest.shop\" \/>\n<meta property=\"og:description\" content=\"Muotoon valetut korvatulpat - Medtest.shop\" \/>\n<meta property=\"og:url\" content=\"https:\/\/medtest.stagingservers.net\/fi\/produkt\/valetut-korvatulpat\/\" \/>\n<meta property=\"og:site_name\" content=\"Medtest.shop\" \/>\n<meta property=\"article:publisher\" content=\"https:\/\/www.facebook.com\/Medtest-1440779469392476\/\" \/>\n<meta property=\"article:modified_time\" content=\"2019-09-23T13:54:36+00:00\" \/>\n<meta property=\"og:image\" content=\"https:\/\/medtest.stagingservers.net\/wp-content\/uploads\/2019\/05\/Ear-plug-HS.jpeg\" \/>\n\t<meta property=\"og:image:width\" content=\"2100\" \/>\n\t<meta property=\"og:image:height\" content=\"1400\" \/>\n\t<meta property=\"og:image:type\" content=\"image\/jpeg\" \/>\n<meta name=\"twitter:card\" content=\"summary_large_image\" \/>\n<script type=\"application\/ld+json\" class=\"yoast-schema-graph\">{\"@context\":\"https:\\\/\\\/schema.org\",\"@graph\":[{\"@type\":\"WebPage\",\"@id\":\"https:\\\/\\\/medtest.stagingservers.net\\\/fi\\\/produkt\\\/valetut-korvatulpat\\\/\",\"url\":\"https:\\\/\\\/medtest.stagingservers.net\\\/fi\\\/produkt\\\/valetut-korvatulpat\\\/\",\"name\":\"Muotoon valetut korvatulpat - Medtest.shop\",\"isPartOf\":{\"@id\":\"https:\\\/\\\/medtest.stagingservers.net\\\/fi\\\/#website\"},\"primaryImageOfPage\":{\"@id\":\"https:\\\/\\\/medtest.stagingservers.net\\\/fi\\\/produkt\\\/valetut-korvatulpat\\\/#primaryimage\"},\"image\":{\"@id\":\"https:\\\/\\\/medtest.stagingservers.net\\\/fi\\\/produkt\\\/valetut-korvatulpat\\\/#primaryimage\"},\"thumbnailUrl\":\"https:\\\/\\\/medtest.stagingservers.net\\\/wp-content\\\/uploads\\\/2019\\\/05\\\/Ear-plug-HS.jpeg\",\"datePublished\":\"2019-08-28T08:50:23+00:00\",\"dateModified\":\"2019-09-23T13:54:36+00:00\",\"description\":\"Muotoon valetut korvatulpat - Medtest.shop\",\"breadcrumb\":{\"@id\":\"https:\\\/\\\/medtest.stagingservers.net\\\/fi\\\/produkt\\\/valetut-korvatulpat\\\/#breadcrumb\"},\"inLanguage\":\"fi-FI\",\"potentialAction\":[{\"@type\":\"ReadAction\",\"target\":[\"https:\\\/\\\/medtest.stagingservers.net\\\/fi\\\/produkt\\\/valetut-korvatulpat\\\/\"]}]},{\"@type\":\"ImageObject\",\"inLanguage\":\"fi-FI\",\"@id\":\"https:\\\/\\\/medtest.stagingservers.net\\\/fi\\\/produkt\\\/valetut-korvatulpat\\\/#primaryimage\",\"url\":\"https:\\\/\\\/medtest.stagingservers.net\\\/wp-content\\\/uploads\\\/2019\\\/05\\\/Ear-plug-HS.jpeg\",\"contentUrl\":\"https:\\\/\\\/medtest.stagingservers.net\\\/wp-content\\\/uploads\\\/2019\\\/05\\\/Ear-plug-HS.jpeg\",\"width\":2100,\"height\":1400},{\"@type\":\"BreadcrumbList\",\"@id\":\"https:\\\/\\\/medtest.stagingservers.net\\\/fi\\\/produkt\\\/valetut-korvatulpat\\\/#breadcrumb\",\"itemListElement\":[{\"@type\":\"ListItem\",\"position\":1,\"name\":\"Home\",\"item\":\"https:\\\/\\\/medtest.stagingservers.net\\\/fi\\\/\"},{\"@type\":\"ListItem\",\"position\":2,\"name\":\"Shop\",\"item\":\"https:\\\/\\\/medtest.stagingservers.net\\\/fi\\\/shop\\\/\"},{\"@type\":\"ListItem\",\"position\":3,\"name\":\"Muotoon valetut korvatulpat\"}]},{\"@type\":\"WebSite\",\"@id\":\"https:\\\/\\\/medtest.stagingservers.net\\\/fi\\\/#website\",\"url\":\"https:\\\/\\\/medtest.stagingservers.net\\\/fi\\\/\",\"name\":\"Medtest.shop\",\"description\":\"\",\"publisher\":{\"@id\":\"https:\\\/\\\/medtest.stagingservers.net\\\/fi\\\/#organization\"},\"potentialAction\":[{\"@type\":\"SearchAction\",\"target\":{\"@type\":\"EntryPoint\",\"urlTemplate\":\"https:\\\/\\\/medtest.stagingservers.net\\\/fi\\\/?s={search_term_string}\"},\"query-input\":{\"@type\":\"PropertyValueSpecification\",\"valueRequired\":true,\"valueName\":\"search_term_string\"}}],\"inLanguage\":\"fi-FI\"},{\"@type\":\"Organization\",\"@id\":\"https:\\\/\\\/medtest.stagingservers.net\\\/fi\\\/#organization\",\"name\":\"Medtest\",\"url\":\"https:\\\/\\\/medtest.stagingservers.net\\\/fi\\\/\",\"logo\":{\"@type\":\"ImageObject\",\"inLanguage\":\"fi-FI\",\"@id\":\"https:\\\/\\\/medtest.stagingservers.net\\\/fi\\\/#\\\/schema\\\/logo\\\/image\\\/\",\"url\":\"https:\\\/\\\/medtest.stagingservers.net\\\/wp-content\\\/uploads\\\/2018\\\/11\\\/Original.png\",\"contentUrl\":\"https:\\\/\\\/medtest.stagingservers.net\\\/wp-content\\\/uploads\\\/2018\\\/11\\\/Original.png\",\"width\":1024,\"height\":1024,\"caption\":\"Medtest\"},\"image\":{\"@id\":\"https:\\\/\\\/medtest.stagingservers.net\\\/fi\\\/#\\\/schema\\\/logo\\\/image\\\/\"},\"sameAs\":[\"https:\\\/\\\/www.facebook.com\\\/Medtest-1440779469392476\\\/\"]}]}<\/script>","yoast_head_json":{"title":"Muotoon valetut korvatulpat - Medtest.shop","description":"Muotoon valetut korvatulpat - Medtest.shop","robots":{"index":"noindex","follow":"follow","max-snippet":"max-snippet:-1","max-image-preview":"max-image-preview:large","max-video-preview":"max-video-preview:-1"},"og_locale":"fi_FI","og_type":"article","og_title":"Muotoon valetut korvatulpat - Medtest.shop","og_description":"Muotoon valetut korvatulpat - Medtest.shop","og_url":"https:\/\/medtest.stagingservers.net\/fi\/produkt\/valetut-korvatulpat\/","og_site_name":"Medtest.shop","article_publisher":"https:\/\/www.facebook.com\/Medtest-1440779469392476\/","article_modified_time":"2019-09-23T13:54:36+00:00","og_image":[{"width":2100,"height":1400,"url":"https:\/\/medtest.stagingservers.net\/wp-content\/uploads\/2019\/05\/Ear-plug-HS.jpeg","type":"image\/jpeg"}],"twitter_card":"summary_large_image","schema":{"@context":"https:\/\/schema.org","@graph":[{"@type":"WebPage","@id":"https:\/\/medtest.stagingservers.net\/fi\/produkt\/valetut-korvatulpat\/","url":"https:\/\/medtest.stagingservers.net\/fi\/produkt\/valetut-korvatulpat\/","name":"Muotoon valetut korvatulpat - Medtest.shop","isPartOf":{"@id":"https:\/\/medtest.stagingservers.net\/fi\/#website"},"primaryImageOfPage":{"@id":"https:\/\/medtest.stagingservers.net\/fi\/produkt\/valetut-korvatulpat\/#primaryimage"},"image":{"@id":"https:\/\/medtest.stagingservers.net\/fi\/produkt\/valetut-korvatulpat\/#primaryimage"},"thumbnailUrl":"https:\/\/medtest.stagingservers.net\/wp-content\/uploads\/2019\/05\/Ear-plug-HS.jpeg","datePublished":"2019-08-28T08:50:23+00:00","dateModified":"2019-09-23T13:54:36+00:00","description":"Muotoon valetut korvatulpat - Medtest.shop","breadcrumb":{"@id":"https:\/\/medtest.stagingservers.net\/fi\/produkt\/valetut-korvatulpat\/#breadcrumb"},"inLanguage":"fi-FI","potentialAction":[{"@type":"ReadAction","target":["https:\/\/medtest.stagingservers.net\/fi\/produkt\/valetut-korvatulpat\/"]}]},{"@type":"ImageObject","inLanguage":"fi-FI","@id":"https:\/\/medtest.stagingservers.net\/fi\/produkt\/valetut-korvatulpat\/#primaryimage","url":"https:\/\/medtest.stagingservers.net\/wp-content\/uploads\/2019\/05\/Ear-plug-HS.jpeg","contentUrl":"https:\/\/medtest.stagingservers.net\/wp-content\/uploads\/2019\/05\/Ear-plug-HS.jpeg","width":2100,"height":1400},{"@type":"BreadcrumbList","@id":"https:\/\/medtest.stagingservers.net\/fi\/produkt\/valetut-korvatulpat\/#breadcrumb","itemListElement":[{"@type":"ListItem","position":1,"name":"Home","item":"https:\/\/medtest.stagingservers.net\/fi\/"},{"@type":"ListItem","position":2,"name":"Shop","item":"https:\/\/medtest.stagingservers.net\/fi\/shop\/"},{"@type":"ListItem","position":3,"name":"Muotoon valetut korvatulpat"}]},{"@type":"WebSite","@id":"https:\/\/medtest.stagingservers.net\/fi\/#website","url":"https:\/\/medtest.stagingservers.net\/fi\/","name":"Medtest.shop","description":"","publisher":{"@id":"https:\/\/medtest.stagingservers.net\/fi\/#organization"},"potentialAction":[{"@type":"SearchAction","target":{"@type":"EntryPoint","urlTemplate":"https:\/\/medtest.stagingservers.net\/fi\/?s={search_term_string}"},"query-input":{"@type":"PropertyValueSpecification","valueRequired":true,"valueName":"search_term_string"}}],"inLanguage":"fi-FI"},{"@type":"Organization","@id":"https:\/\/medtest.stagingservers.net\/fi\/#organization","name":"Medtest","url":"https:\/\/medtest.stagingservers.net\/fi\/","logo":{"@type":"ImageObject","inLanguage":"fi-FI","@id":"https:\/\/medtest.stagingservers.net\/fi\/#\/schema\/logo\/image\/","url":"https:\/\/medtest.stagingservers.net\/wp-content\/uploads\/2018\/11\/Original.png","contentUrl":"https:\/\/medtest.stagingservers.net\/wp-content\/uploads\/2018\/11\/Original.png","width":1024,"height":1024,"caption":"Medtest"},"image":{"@id":"https:\/\/medtest.stagingservers.net\/fi\/#\/schema\/logo\/image\/"},"sameAs":["https:\/\/www.facebook.com\/Medtest-1440779469392476\/"]}]}},"_links":{"self":[{"href":"https:\/\/medtest.stagingservers.net\/fi\/wp-json\/wp\/v2\/product\/72967","targetHints":{"allow":["GET"]}}],"collection":[{"href":"https:\/\/medtest.stagingservers.net\/fi\/wp-json\/wp\/v2\/product"}],"about":[{"href":"https:\/\/medtest.stagingservers.net\/fi\/wp-json\/wp\/v2\/types\/product"}],"replies":[{"embeddable":true,"href":"https:\/\/medtest.stagingservers.net\/fi\/wp-json\/wp\/v2\/comments?post=72967"}],"version-history":[{"count":0,"href":"https:\/\/medtest.stagingservers.net\/fi\/wp-json\/wp\/v2\/product\/72967\/revisions"}],"wp:featuredmedia":[{"embeddable":true,"href":"https:\/\/medtest.stagingservers.net\/fi\/wp-json\/wp\/v2\/media\/72972"}],"wp:attachment":[{"href":"https:\/\/medtest.stagingservers.net\/fi\/wp-json\/wp\/v2\/media?parent=72967"}],"wp:term":[{"taxonomy":"product_brand","embeddable":true,"href":"https:\/\/medtest.stagingservers.net\/fi\/wp-json\/wp\/v2\/product_brand?post=72967"},{"taxonomy":"product_cat","embeddable":true,"href":"https:\/\/medtest.stagingservers.net\/fi\/wp-json\/wp\/v2\/product_cat?post=72967"},{"taxonomy":"product_tag","embeddable":true,"href":"https:\/\/medtest.stagingservers.net\/fi\/wp-json\/wp\/v2\/product_tag?post=72967"}],"curies":[{"name":"wp","href":"https:\/\/api.w.org\/{rel}","templated":true}]}}