{"id":72977,"date":"2019-08-28T08:53:30","date_gmt":"2019-08-28T08:53:30","guid":{"rendered":"https:\/\/medtest.stagingservers.net\/product\/vatsa-suolistopaketti\/"},"modified":"2019-09-16T16:09:56","modified_gmt":"2019-09-16T14:09:56","slug":"vatsa-suolistopaketti","status":"publish","type":"product","link":"https:\/\/medtest.stagingservers.net\/fi\/produkt\/vatsa-suolistopaketti\/","title":{"rendered":"Vatsa- ja suolistopaketti"},"content":{"rendered":"<h2>Vatsa- ja suolistopaketti<\/h2>\n<h5>Vatsahaavatesti<\/h5>\n<p>Vatsahaavatestimme on CE-hyv\u00e4ksytty pikatesti, joka etsii helikobakteeria ulosteesta.<\/p>\n<p>Yl\u00e4vatsavaivat ja -kivut ovat yleisi\u00e4 vaivoja. Joka nelj\u00e4s k\u00e4rsii niist\u00e4 jossain vaiheessa el\u00e4m\u00e4\u00e4ns\u00e4. Tavallinen syy kivuille on vatsahaava, jonka useimmiten aiheuttaa Helicobacter pylori -bakteeri. Kotitestin avulla saat selville nopeasti ja helposti, onko sinulla H. pylori -bakteereja, jotka ovat yl\u00e4vatsakipujen taustalla 90 prosentissa tapauksista.<\/p>\n<p>Yksinkertainen vatsahaavatesti voi joko helpottaa huoltasi tai antaa aihetta hakeutua l\u00e4\u00e4k\u00e4rille. Positiivinen testi tarkoittaa, ett\u00e4 sinulla on helikobakteeri. Testituloksen kanssa sinun on helpompi hakea ja saada oikeaa hoitoa. Se on t\u00e4rke\u00e4\u00e4, koska vatsahaava voi johtaa vakaviin sairauksiin kuten sy\u00f6p\u00e4\u00e4n.<\/p>\n<p>Testi etsii ulosteesta vasta-aineita, jotka kertovat helikobakteerista elimist\u00f6ss\u00e4.<\/p>\n<p>&nbsp;<\/p>\n<h5>Testi ulosteessa piilev\u00e4n veren havaitsemiseen (FOB)<\/h5>\n<p>FOB-suolistotestimme on CE-hyv\u00e4ksytty pikatesti, joka etsii ulosteesta verta ja voi siten toimia aikaisena varoituksena.<\/p>\n<p>Monet sairaudet voivat aiheuttaa veren erittymist\u00e4 huomaamattomasti ulosteeseen. Ulosteessa piilev\u00e4 veri tunnetaan nimell\u00e4 Fecal Occult Blood (FOB). Ruoansulatuskanavan ongelmissa kuten suolistosy\u00f6viss\u00e4, haavoissa, repe\u00e4miss\u00e4, polyypeissa, paksusuolen tulehduksessa ja divertikuliitissa ei usein esiinny varhaisessa vaiheessa n\u00e4kyvi\u00e4 oireita, vaan ainut merkki on ulosteessa piilev\u00e4 veri. Testimme on pikatesti, joka huomaa pienetkin verim\u00e4\u00e4r\u00e4t ulosteessa. Testi k\u00e4ytt\u00e4\u00e4 kaksinkertaista vasta-aineanalyysia, joka havaitsee, jos ulosteessa on verta yli 50 ng\/ml tai 6 ug\/g. Sy\u00f6ty ruoka ei vaikuta testin tarkkuuteen toisin kuin muissa vastaavissa testeiss\u00e4.<\/p>\n<h5>Toimi seuraavasti:<\/h5>\n<p>1. Tee ulosten\u00e4yte ulosteenker\u00e4imeen. K\u00e4yt\u00e4 ulosteenker\u00e4int\u00e4 kaikenlaisten wc-istuinten kanssa, jotta n\u00e4yte ei mene pilalle.<\/p>\n<p>2. Kierr\u00e4 ker\u00e4ysputken kansi auki ja ota asettimella n\u00e4yte putkeen sattumanvaraisesti v\u00e4hint\u00e4\u00e4n kolmesta eri kohdasta. \u00c4l\u00e4 kaavi n\u00e4ytett\u00e4. Ruuvaa ker\u00e4ysputken kansi tiukasti kiinni ja ravista ker\u00e4ysputkea voimakkaasti, jotta n\u00e4yte ja puskuriliuos sekoittuvat.<\/p>\n<p>3. Ota testikasetti ulos foliopussista ja k\u00e4yt\u00e4 kasetti niin pian kuin mahdollista. Parhaan tuloksen saa, kun testikasetti k\u00e4ytet\u00e4\u00e4n v\u00e4litt\u00f6m\u00e4sti foliopussin avaamisen j\u00e4lkeen.<\/p>\n<p>4. Pid\u00e4 ker\u00e4ysputkea pystyss\u00e4 ja katkaise putken k\u00e4rki. K\u00e4\u00e4nn\u00e4 putki yl\u00f6salaisin, tiputa kaksi n\u00e4ytetippaa testikasettiin (S) ja k\u00e4ynnist\u00e4 ajastin.<\/p>\n<p>5. Lue testitulos viiden minuutin j\u00e4lkeen. \u00c4l\u00e4 lue tulosta en\u00e4\u00e4 kymmenen minuutin j\u00e4lkeen.<\/p>\n<p><img loading=\"lazy\" decoding=\"async\" class=\"alignnone size-full wp-image-55185\" src=\"https:\/\/medtest.stagingservers.net\/wp-content\/uploads\/2019\/02\/FOB.png\" alt=\"\" width=\"1198\" height=\"341\" srcset=\"https:\/\/medtest.stagingservers.net\/wp-content\/uploads\/2019\/02\/FOB.png 1198w, https:\/\/medtest.stagingservers.net\/wp-content\/uploads\/2019\/02\/FOB-600x171.png 600w, https:\/\/medtest.stagingservers.net\/wp-content\/uploads\/2019\/02\/FOB-200x57.png 200w, https:\/\/medtest.stagingservers.net\/wp-content\/uploads\/2019\/02\/FOB-720x205.png 720w, https:\/\/medtest.stagingservers.net\/wp-content\/uploads\/2019\/02\/FOB-768x219.png 768w, https:\/\/medtest.stagingservers.net\/wp-content\/uploads\/2019\/02\/FOB-1024x291.png 1024w, https:\/\/medtest.stagingservers.net\/wp-content\/uploads\/2019\/02\/FOB-416x118.png 416w, https:\/\/medtest.stagingservers.net\/wp-content\/uploads\/2019\/02\/FOB-300x85.png 300w\" sizes=\"auto, (max-width: 1198px) 100vw, 1198px\" \/><\/p>\n<h5>Tulosvaihtoehdot<\/h5>\n<p><img loading=\"lazy\" decoding=\"async\" class=\"alignnone wp-image-55186\" src=\"https:\/\/medtest.stagingservers.net\/wp-content\/uploads\/2019\/02\/Test-resultat-300x210.png\" alt=\"\" width=\"231\" height=\"162\" srcset=\"https:\/\/medtest.stagingservers.net\/wp-content\/uploads\/2019\/02\/Test-resultat-300x210.png 300w, https:\/\/medtest.stagingservers.net\/wp-content\/uploads\/2019\/02\/Test-resultat-720x504.png 720w, https:\/\/medtest.stagingservers.net\/wp-content\/uploads\/2019\/02\/Test-resultat-768x538.png 768w, https:\/\/medtest.stagingservers.net\/wp-content\/uploads\/2019\/02\/Test-resultat-416x291.png 416w, https:\/\/medtest.stagingservers.net\/wp-content\/uploads\/2019\/02\/Test-resultat.png 912w\" sizes=\"auto, (max-width: 231px) 100vw, 231px\" \/><\/p>\n<p>Jos testiss\u00e4 n\u00e4kyy viiva sek\u00e4 C:n ett\u00e4 T:n kohdalla, tulos on positiivinen. Jos vain C:n kohdalla on viiva, tulos on negatiivinen. Kontrolliviivan (C) teht\u00e4v\u00e4 on n\u00e4ytt\u00e4\u00e4, ett\u00e4 testi toimii.<\/p>\n<p>C = Control (Kontrolliviiva)<br \/>\nT = Testi<br \/>\nS = Sample (N\u00e4yte)<\/p>\n<p>Mukana tulee suomenkieliset k\u00e4ytt\u00f6ohjeet.<\/p>\n","protected":false},"excerpt":{"rendered":"<p>Kotitesti, joka havaitsee vatsahaavan (H. pylori) ja ulosteessa piilev\u00e4n veren (FOB). Testit ovat CE-hyv\u00e4ksyttyj\u00e4 testej\u00e4, jotka tehd\u00e4\u00e4n itse kotona.<\/p>\n<p>Yl\u00e4vatsavaivat ja -kivut ovat yleisi\u00e4 vaivoja. Joka nelj\u00e4s k\u00e4rsii niist\u00e4 jossain vaiheessa el\u00e4m\u00e4\u00e4ns\u00e4. Tavallinen syy kivuille on vatsahaava, jonka useimmiten aiheuttaa Helicobacter pylori -bakteeri. Kotitestin avulla saat selville nopeasti ja helposti, onko sinulla H. pylori -bakteereja, jotka ovat yl\u00e4vatsakipujen taustalla 90 prosentissa tapauksista.<\/p>\n<p>Monet sairaudet voivat aiheuttaa veren erittymist\u00e4 huomaamattomasti ulosteeseen. Ulosteessa piilev\u00e4 veri tunnetaan nimell\u00e4 Fecal Occult Blood (FOB). Ruoansulatuskanavan ongelmissa kuten suolistosy\u00f6viss\u00e4, haavoissa, repe\u00e4miss\u00e4, polyypeissa, paksusuolen tulehduksessa ja divertikuliitissa ei usein esiinny varhaisessa vaiheessa n\u00e4kyvi\u00e4 oireita, vaan ainut merkki on ulosteessa piilev\u00e4 veri. Testimme on pikatesti, joka huomaa pienetkin verim\u00e4\u00e4r\u00e4t ulosteessa.<\/p>\n","protected":false},"featured_media":73785,"comment_status":"closed","ping_status":"closed","template":"","meta":{"_acf_changed":false,"footnotes":""},"product_brand":[],"product_cat":[928,939,934],"product_tag":[],"class_list":{"0":"post-72977","1":"product","2":"type-product","3":"status-publish","4":"has-post-thumbnail","6":"product_cat-pakettitarjous","7":"product_cat-vatsahaava","8":"product_cat-verta-ulosteessa","10":"first","11":"instock","12":"taxable","13":"shipping-taxable","14":"purchasable","15":"product-type-simple"},"acf":[],"yoast_head":"<title>Vatsa- ja suolistopaketti - Medtest.shop<\/title>\n<meta name=\"description\" content=\"Vatsa- ja suolistopaketti - Medtest.shop\" \/>\n<meta name=\"robots\" content=\"noindex, follow, max-snippet:-1, max-image-preview:large, max-video-preview:-1\" \/>\n<meta property=\"og:locale\" content=\"fi_FI\" \/>\n<meta property=\"og:type\" content=\"article\" \/>\n<meta property=\"og:title\" content=\"Vatsa- ja suolistopaketti - Medtest.shop\" \/>\n<meta property=\"og:description\" content=\"Vatsa- ja suolistopaketti - Medtest.shop\" \/>\n<meta property=\"og:url\" content=\"https:\/\/medtest.stagingservers.net\/fi\/produkt\/vatsa-suolistopaketti\/\" \/>\n<meta property=\"og:site_name\" content=\"Medtest.shop\" \/>\n<meta property=\"article:publisher\" content=\"https:\/\/www.facebook.com\/Medtest-1440779469392476\/\" \/>\n<meta property=\"article:modified_time\" content=\"2019-09-16T14:09:56+00:00\" \/>\n<meta property=\"og:image\" content=\"https:\/\/medtest.stagingservers.net\/wp-content\/uploads\/2019\/08\/Stamoch-Intestine.png\" \/>\n\t<meta property=\"og:image:width\" content=\"951\" \/>\n\t<meta property=\"og:image:height\" content=\"575\" \/>\n\t<meta property=\"og:image:type\" content=\"image\/png\" \/>\n<meta name=\"twitter:card\" content=\"summary_large_image\" \/>\n<script type=\"application\/ld+json\" class=\"yoast-schema-graph\">{\"@context\":\"https:\\\/\\\/schema.org\",\"@graph\":[{\"@type\":\"WebPage\",\"@id\":\"https:\\\/\\\/medtest.stagingservers.net\\\/fi\\\/produkt\\\/vatsa-suolistopaketti\\\/\",\"url\":\"https:\\\/\\\/medtest.stagingservers.net\\\/fi\\\/produkt\\\/vatsa-suolistopaketti\\\/\",\"name\":\"Vatsa- ja suolistopaketti - Medtest.shop\",\"isPartOf\":{\"@id\":\"https:\\\/\\\/medtest.stagingservers.net\\\/fi\\\/#website\"},\"primaryImageOfPage\":{\"@id\":\"https:\\\/\\\/medtest.stagingservers.net\\\/fi\\\/produkt\\\/vatsa-suolistopaketti\\\/#primaryimage\"},\"image\":{\"@id\":\"https:\\\/\\\/medtest.stagingservers.net\\\/fi\\\/produkt\\\/vatsa-suolistopaketti\\\/#primaryimage\"},\"thumbnailUrl\":\"https:\\\/\\\/medtest.stagingservers.net\\\/wp-content\\\/uploads\\\/2019\\\/08\\\/Stamoch-Intestine.png\",\"datePublished\":\"2019-08-28T08:53:30+00:00\",\"dateModified\":\"2019-09-16T14:09:56+00:00\",\"description\":\"Vatsa- ja suolistopaketti - Medtest.shop\",\"breadcrumb\":{\"@id\":\"https:\\\/\\\/medtest.stagingservers.net\\\/fi\\\/produkt\\\/vatsa-suolistopaketti\\\/#breadcrumb\"},\"inLanguage\":\"fi-FI\",\"potentialAction\":[{\"@type\":\"ReadAction\",\"target\":[\"https:\\\/\\\/medtest.stagingservers.net\\\/fi\\\/produkt\\\/vatsa-suolistopaketti\\\/\"]}]},{\"@type\":\"ImageObject\",\"inLanguage\":\"fi-FI\",\"@id\":\"https:\\\/\\\/medtest.stagingservers.net\\\/fi\\\/produkt\\\/vatsa-suolistopaketti\\\/#primaryimage\",\"url\":\"https:\\\/\\\/medtest.stagingservers.net\\\/wp-content\\\/uploads\\\/2019\\\/08\\\/Stamoch-Intestine.png\",\"contentUrl\":\"https:\\\/\\\/medtest.stagingservers.net\\\/wp-content\\\/uploads\\\/2019\\\/08\\\/Stamoch-Intestine.png\",\"width\":951,\"height\":575},{\"@type\":\"BreadcrumbList\",\"@id\":\"https:\\\/\\\/medtest.stagingservers.net\\\/fi\\\/produkt\\\/vatsa-suolistopaketti\\\/#breadcrumb\",\"itemListElement\":[{\"@type\":\"ListItem\",\"position\":1,\"name\":\"Home\",\"item\":\"https:\\\/\\\/medtest.stagingservers.net\\\/fi\\\/\"},{\"@type\":\"ListItem\",\"position\":2,\"name\":\"Shop\",\"item\":\"https:\\\/\\\/medtest.stagingservers.net\\\/fi\\\/shop\\\/\"},{\"@type\":\"ListItem\",\"position\":3,\"name\":\"Vatsa- ja suolistopaketti\"}]},{\"@type\":\"WebSite\",\"@id\":\"https:\\\/\\\/medtest.stagingservers.net\\\/fi\\\/#website\",\"url\":\"https:\\\/\\\/medtest.stagingservers.net\\\/fi\\\/\",\"name\":\"Medtest.shop\",\"description\":\"\",\"publisher\":{\"@id\":\"https:\\\/\\\/medtest.stagingservers.net\\\/fi\\\/#organization\"},\"potentialAction\":[{\"@type\":\"SearchAction\",\"target\":{\"@type\":\"EntryPoint\",\"urlTemplate\":\"https:\\\/\\\/medtest.stagingservers.net\\\/fi\\\/?s={search_term_string}\"},\"query-input\":{\"@type\":\"PropertyValueSpecification\",\"valueRequired\":true,\"valueName\":\"search_term_string\"}}],\"inLanguage\":\"fi-FI\"},{\"@type\":\"Organization\",\"@id\":\"https:\\\/\\\/medtest.stagingservers.net\\\/fi\\\/#organization\",\"name\":\"Medtest\",\"url\":\"https:\\\/\\\/medtest.stagingservers.net\\\/fi\\\/\",\"logo\":{\"@type\":\"ImageObject\",\"inLanguage\":\"fi-FI\",\"@id\":\"https:\\\/\\\/medtest.stagingservers.net\\\/fi\\\/#\\\/schema\\\/logo\\\/image\\\/\",\"url\":\"https:\\\/\\\/medtest.stagingservers.net\\\/wp-content\\\/uploads\\\/2018\\\/11\\\/Original.png\",\"contentUrl\":\"https:\\\/\\\/medtest.stagingservers.net\\\/wp-content\\\/uploads\\\/2018\\\/11\\\/Original.png\",\"width\":1024,\"height\":1024,\"caption\":\"Medtest\"},\"image\":{\"@id\":\"https:\\\/\\\/medtest.stagingservers.net\\\/fi\\\/#\\\/schema\\\/logo\\\/image\\\/\"},\"sameAs\":[\"https:\\\/\\\/www.facebook.com\\\/Medtest-1440779469392476\\\/\"]}]}<\/script>","yoast_head_json":{"title":"Vatsa- ja suolistopaketti - Medtest.shop","description":"Vatsa- ja suolistopaketti - Medtest.shop","robots":{"index":"noindex","follow":"follow","max-snippet":"max-snippet:-1","max-image-preview":"max-image-preview:large","max-video-preview":"max-video-preview:-1"},"og_locale":"fi_FI","og_type":"article","og_title":"Vatsa- ja suolistopaketti - Medtest.shop","og_description":"Vatsa- ja suolistopaketti - Medtest.shop","og_url":"https:\/\/medtest.stagingservers.net\/fi\/produkt\/vatsa-suolistopaketti\/","og_site_name":"Medtest.shop","article_publisher":"https:\/\/www.facebook.com\/Medtest-1440779469392476\/","article_modified_time":"2019-09-16T14:09:56+00:00","og_image":[{"width":951,"height":575,"url":"https:\/\/medtest.stagingservers.net\/wp-content\/uploads\/2019\/08\/Stamoch-Intestine.png","type":"image\/png"}],"twitter_card":"summary_large_image","schema":{"@context":"https:\/\/schema.org","@graph":[{"@type":"WebPage","@id":"https:\/\/medtest.stagingservers.net\/fi\/produkt\/vatsa-suolistopaketti\/","url":"https:\/\/medtest.stagingservers.net\/fi\/produkt\/vatsa-suolistopaketti\/","name":"Vatsa- ja suolistopaketti - Medtest.shop","isPartOf":{"@id":"https:\/\/medtest.stagingservers.net\/fi\/#website"},"primaryImageOfPage":{"@id":"https:\/\/medtest.stagingservers.net\/fi\/produkt\/vatsa-suolistopaketti\/#primaryimage"},"image":{"@id":"https:\/\/medtest.stagingservers.net\/fi\/produkt\/vatsa-suolistopaketti\/#primaryimage"},"thumbnailUrl":"https:\/\/medtest.stagingservers.net\/wp-content\/uploads\/2019\/08\/Stamoch-Intestine.png","datePublished":"2019-08-28T08:53:30+00:00","dateModified":"2019-09-16T14:09:56+00:00","description":"Vatsa- ja suolistopaketti - Medtest.shop","breadcrumb":{"@id":"https:\/\/medtest.stagingservers.net\/fi\/produkt\/vatsa-suolistopaketti\/#breadcrumb"},"inLanguage":"fi-FI","potentialAction":[{"@type":"ReadAction","target":["https:\/\/medtest.stagingservers.net\/fi\/produkt\/vatsa-suolistopaketti\/"]}]},{"@type":"ImageObject","inLanguage":"fi-FI","@id":"https:\/\/medtest.stagingservers.net\/fi\/produkt\/vatsa-suolistopaketti\/#primaryimage","url":"https:\/\/medtest.stagingservers.net\/wp-content\/uploads\/2019\/08\/Stamoch-Intestine.png","contentUrl":"https:\/\/medtest.stagingservers.net\/wp-content\/uploads\/2019\/08\/Stamoch-Intestine.png","width":951,"height":575},{"@type":"BreadcrumbList","@id":"https:\/\/medtest.stagingservers.net\/fi\/produkt\/vatsa-suolistopaketti\/#breadcrumb","itemListElement":[{"@type":"ListItem","position":1,"name":"Home","item":"https:\/\/medtest.stagingservers.net\/fi\/"},{"@type":"ListItem","position":2,"name":"Shop","item":"https:\/\/medtest.stagingservers.net\/fi\/shop\/"},{"@type":"ListItem","position":3,"name":"Vatsa- ja suolistopaketti"}]},{"@type":"WebSite","@id":"https:\/\/medtest.stagingservers.net\/fi\/#website","url":"https:\/\/medtest.stagingservers.net\/fi\/","name":"Medtest.shop","description":"","publisher":{"@id":"https:\/\/medtest.stagingservers.net\/fi\/#organization"},"potentialAction":[{"@type":"SearchAction","target":{"@type":"EntryPoint","urlTemplate":"https:\/\/medtest.stagingservers.net\/fi\/?s={search_term_string}"},"query-input":{"@type":"PropertyValueSpecification","valueRequired":true,"valueName":"search_term_string"}}],"inLanguage":"fi-FI"},{"@type":"Organization","@id":"https:\/\/medtest.stagingservers.net\/fi\/#organization","name":"Medtest","url":"https:\/\/medtest.stagingservers.net\/fi\/","logo":{"@type":"ImageObject","inLanguage":"fi-FI","@id":"https:\/\/medtest.stagingservers.net\/fi\/#\/schema\/logo\/image\/","url":"https:\/\/medtest.stagingservers.net\/wp-content\/uploads\/2018\/11\/Original.png","contentUrl":"https:\/\/medtest.stagingservers.net\/wp-content\/uploads\/2018\/11\/Original.png","width":1024,"height":1024,"caption":"Medtest"},"image":{"@id":"https:\/\/medtest.stagingservers.net\/fi\/#\/schema\/logo\/image\/"},"sameAs":["https:\/\/www.facebook.com\/Medtest-1440779469392476\/"]}]}},"_links":{"self":[{"href":"https:\/\/medtest.stagingservers.net\/fi\/wp-json\/wp\/v2\/product\/72977","targetHints":{"allow":["GET"]}}],"collection":[{"href":"https:\/\/medtest.stagingservers.net\/fi\/wp-json\/wp\/v2\/product"}],"about":[{"href":"https:\/\/medtest.stagingservers.net\/fi\/wp-json\/wp\/v2\/types\/product"}],"replies":[{"embeddable":true,"href":"https:\/\/medtest.stagingservers.net\/fi\/wp-json\/wp\/v2\/comments?post=72977"}],"version-history":[{"count":0,"href":"https:\/\/medtest.stagingservers.net\/fi\/wp-json\/wp\/v2\/product\/72977\/revisions"}],"wp:featuredmedia":[{"embeddable":true,"href":"https:\/\/medtest.stagingservers.net\/fi\/wp-json\/wp\/v2\/media\/73785"}],"wp:attachment":[{"href":"https:\/\/medtest.stagingservers.net\/fi\/wp-json\/wp\/v2\/media?parent=72977"}],"wp:term":[{"taxonomy":"product_brand","embeddable":true,"href":"https:\/\/medtest.stagingservers.net\/fi\/wp-json\/wp\/v2\/product_brand?post=72977"},{"taxonomy":"product_cat","embeddable":true,"href":"https:\/\/medtest.stagingservers.net\/fi\/wp-json\/wp\/v2\/product_cat?post=72977"},{"taxonomy":"product_tag","embeddable":true,"href":"https:\/\/medtest.stagingservers.net\/fi\/wp-json\/wp\/v2\/product_tag?post=72977"}],"curies":[{"name":"wp","href":"https:\/\/api.w.org\/{rel}","templated":true}]}}