{"id":72981,"date":"2019-08-28T08:56:05","date_gmt":"2019-08-28T08:56:05","guid":{"rendered":"https:\/\/medtest.stagingservers.net\/product\/raudanpuute-kilpirauhanen-vatsahaavatesti\/"},"modified":"2019-09-23T17:47:53","modified_gmt":"2019-09-23T15:47:53","slug":"raudanpuute-kilpirauhanen-vatsahaavatesti","status":"publish","type":"product","link":"https:\/\/medtest.stagingservers.net\/fi\/produkt\/raudanpuute-kilpirauhanen-vatsahaavatesti\/","title":{"rendered":"Raudanpuute-, kilpirauhas- ja vatsahaavatesti"},"content":{"rendered":"<h2>Raudanpuute-, kilpirauhas- ja vatsahaavatesti<\/h2>\n<h4>Valikoimamme suosituin terveystestipaketti<\/h4>\n<h3>Kilpirauhastesti<\/h3>\n<p>Onko sinulla oireita kuten v\u00e4symys,\u00a0 masennus, voimattomuus, hermostuneisuus, stressi ja yleinen sairaudentunne? Oireet voivat liitty\u00e4 kilpirauhaseen. Kilpirauhastestill\u00e4 pystyt selvitt\u00e4m\u00e4\u00e4n, miten voit. Kilpirauhanen sijaitsee kurkunp\u00e4\u00e4n alla kaulan etuosassa, ja sill\u00e4 on suuri vaikutus hyvinvointiin ja suorituskykyyn, koska kilpirauhanen s\u00e4\u00e4telee elimist\u00f6n aineenvaihduntaa. Siksi kilpirauhanen on terveydelle t\u00e4rke\u00e4.<\/p>\n<p>Testi voi selitt\u00e4\u00e4, miksi vointisi on sellainen kuin se on.\u00a0 Jos sinulla on kilpirauhasen vajaatoiminta, se vaikuttaa veresi tyreotropiinipitoisuuteen (TSH). Tyreotropiinitason voi mitata itse kilpirauhastestill\u00e4, joka on yksinkertainen ja kivuton pisto sormeen. Testi vie vain 10-15 minuuttia ja antaa nopean ja selke\u00e4n vastauksen kilpirauhasesi tilasta. Kilpirauhastestimme n\u00e4ytt\u00e4\u00e4 positiivista, kun TSH-taso on korkeampi kuin 5 \u03bcIU\/mL.<\/p>\n<p>Kilpirauhastestimme on hyvin turvallinen ja CE-hyv\u00e4ksytty.\u00a0 Lis\u00e4ksi se on 95,5% luotettava.<\/p>\n<h5>Miksi sinun kannattaa tehd\u00e4 testi?<\/h5>\n<p>Kilpirauhassairauden huomaaminen pelk\u00e4st\u00e4\u00e4n oireiden perusteella on vaikeaa, koska yleisimm\u00e4t oireet ovat hyvin tavallisia. Kilpirauhastestill\u00e4 saat selv\u00e4n vastauksen, johtuuko kokemasi painonvaihtelu \/ v\u00e4symys \/ uupumus \/ huimaus kilpirauhasen h\u00e4iri\u00f6st\u00e4 vai ei. Tuloksen perusteella on helpompi hakeutua hoitoon ja saada apua. Se on t\u00e4rke\u00e4\u00e4, koska joillakin kilpirauhassairauksilla voi olla vakavia seurauksia.<\/p>\n<h3>Raudanpuutostesti<\/h3>\n<p>Raudanpuutostestimme on hyvin luotettava ja CE-hyv\u00e4ksytty testi veren ferritiini-proteiinin mittaamiseen. Ferritiinin m\u00e4\u00e4r\u00e4 on suoraan yhteydess\u00e4 rautatasoihin. Ferritiinin avulla elimist\u00f6 pystyy varastoimaan rautaa, koska ferritiini sitoo rautaa itseens\u00e4. Tutkimalla veren ferritiinipitoisuutta saa selville, millaiset kehon rautavarastot ovat.<\/p>\n<p>Vain muutaman minuutin viev\u00e4 testi tehd\u00e4\u00e4n pistolla sormenp\u00e4\u00e4h\u00e4n. Saat tiet\u00e4\u00e4 saman tien, ovatko rautatasosi normaalit vai liian matalat. Raudanpuutostesti tehd\u00e4\u00e4n itse, ja tuloksen saa n\u00e4hd\u00e4 v\u00e4litt\u00f6m\u00e4sti.<\/p>\n<h5>Mik\u00e4 aiheuttaa raudanpuutosta?<\/h5>\n<p>Raudanpuutoksen takana voi olla monta syyt\u00e4, esimerkiksi kuukautiset, vatsahaava, suolistosairaudet, murrosik\u00e4 tai raskaus. Verenvuoto onnettomudessa voi my\u00f6s aiheuttaa raudanpuutosta. Raudanpuute ei yleens\u00e4 ole hengenvaarallista, mutta se heikent\u00e4\u00e4 el\u00e4m\u00e4nlaatua.<\/p>\n<p>Murrosi\u00e4ss\u00e4 kasvu kiihtyy, samalla kun ruokavalio voi olla yksipuolinen ja niukkaravinteinen. Nuorten naisten kohdalla my\u00f6s kuukautiset lis\u00e4\u00e4v\u00e4t riski\u00e4. Tutkimukset viittaavat siihen, ett\u00e4 raudanpuutteesta k\u00e4rsivien koululaisten oppimiskyky voi parantua, kun he saavat rautalis\u00e4\u00e4. Raudan saantisuositus on miehill\u00e4 9 mg p\u00e4iv\u00e4ss\u00e4 ja hedelm\u00e4llisess\u00e4 i\u00e4ss\u00e4 olevilla naisilla 15 mg p\u00e4iv\u00e4ss\u00e4, mik\u00e4 vastaa noin 0,1\u20130,3 mg\/kg.<\/p>\n<p>Raudanpuutos on helppo korjata, kun se on havaittu. Usein riitt\u00e4\u00e4, ett\u00e4 sy\u00f6 jonkin aikaa rautalis\u00e4\u00e4. Jos testi n\u00e4ytt\u00e4\u00e4 raudanpuutosta, kannattaa rautalis\u00e4\u00e4 kysy\u00e4 l\u00e4\u00e4k\u00e4rilt\u00e4 tai neuvolan terveydenhoitajalta. Jos raudanpuutoksen syyn\u00e4 on kuitenkin jokin sairaus, tarvitaan toisenlaista hoitoa. Raudanpuutostestimme n\u00e4ytt\u00e4\u00e4 positiivista, jos rautataso on alle 30 ng\/mL.<\/p>\n<h5>Kilpirauhas- ja raudanpuutostestin ohjeet:<\/h5>\n<p><img loading=\"lazy\" decoding=\"async\" class=\"alignnone size-full wp-image-55553\" src=\"\/wp-content\/uploads\/2019\/03\/PSA-procedur.png\" alt=\"PSA procedur\" width=\"1455\" height=\"467\" srcset=\"https:\/\/medtest.stagingservers.net\/wp-content\/uploads\/2019\/03\/PSA-procedur.png 1455w, https:\/\/medtest.stagingservers.net\/wp-content\/uploads\/2019\/03\/PSA-procedur-720x231.png 720w, https:\/\/medtest.stagingservers.net\/wp-content\/uploads\/2019\/03\/PSA-procedur-1200x385.png 1200w, https:\/\/medtest.stagingservers.net\/wp-content\/uploads\/2019\/03\/PSA-procedur-768x246.png 768w, https:\/\/medtest.stagingservers.net\/wp-content\/uploads\/2019\/03\/PSA-procedur-416x134.png 416w, https:\/\/medtest.stagingservers.net\/wp-content\/uploads\/2019\/03\/PSA-procedur-300x96.png 300w, https:\/\/medtest.stagingservers.net\/wp-content\/uploads\/2019\/03\/PSA-procedur-1024x329.png 1024w\" sizes=\"auto, (max-width: 1455px) 100vw, 1455px\" \/><\/p>\n<ol>\n<li><span class=\"mobile-undersized-upper\">Puhdista sormesi alkoholia sis\u00e4lt\u00e4v\u00e4ll\u00e4 ihonpuhdistuslapulla.<\/span><\/li>\n<li><span class=\"mobile-undersized-upper\">Pist\u00e4 sitten itse\u00e4si lansetilla sormenp\u00e4\u00e4h\u00e4n.<\/span><\/li>\n<li><span class=\"mobile-undersized-upper\">Ime pipettiin 2-3 tippaa verta.<\/span><\/li>\n<li><span class=\"mobile-undersized-upper\">Pudota 1-2 veritippaa testikasetin koloon (S).<\/span><\/li>\n<li><span class=\"mobile-undersized-upper\">Tiputa sen j\u00e4lkeen yksi pisara puskuriliuosta.<\/span><\/li>\n<li><span class=\"mobile-undersized-upper\">Odota viisi minuuttia ja lue sitten testitulos.<\/span><\/li>\n<\/ol>\n<h3><\/h3>\n<h3>Vatsahaavatesti<\/h3>\n<p>Vatsahaavatestimme on CE-hyv\u00e4ksytty pikatesti helikobakteerin mittaamiseksi ulosteesta.<\/p>\n<p>Vatsakipu ja yl\u00e4vatsavaivat ovat melko yleisi\u00e4 harmeja. Joka nelj\u00e4s k\u00e4rsii niist\u00e4 jossain vaiheessa el\u00e4m\u00e4\u00e4ns\u00e4. Tavallinen syy kivuille on vatsahaava, jonka useimmiten aiheuttaa Helicobacter pylori -bakteeri. Ota selville nopeasti ja helposti, onko sinulla H. pylori -bakteereja, jotka ovat yl\u00e4vatsakipujen taustalla 90 prosentissa tapauksista.<\/p>\n<p>Yksinkertainen vatsahaavatesti voi joko helpottaa huoltasi tai antaa aihetta hakeutua l\u00e4\u00e4k\u00e4rille. Positiivinen testi tarkoittaa, ett\u00e4 sinulla on helikobakteeri. Testituloksen kanssa sinun on helpompi hakea ja saada oikeaa hoitoa. Se on t\u00e4rke\u00e4\u00e4, koska vatsahaava voi johtaa vakaviin sairauksiin kuten sy\u00f6p\u00e4\u00e4n.<\/p>\n<p>Testi etsii ulosteesta vasta-aineita, jotka kertovat helikobakteerista elimist\u00f6ss\u00e4.<\/p>\n<h5><\/h5>\n<h5>Ohjeet:<\/h5>\n<p>1. Tee ulosten\u00e4yte ulosteenker\u00e4imeen. K\u00e4yt\u00e4 ulosteenker\u00e4int\u00e4 kaikenlaisten wc-istuinten kanssa, jotta n\u00e4yte ei mene pilalle.<\/p>\n<p>2. Kierr\u00e4 ker\u00e4ysputken kansi auki ja ota asettimella n\u00e4yte putkeen sattumanvaraisesti v\u00e4hint\u00e4\u00e4n kolmesta eri kohdasta. \u00c4l\u00e4 kaavi n\u00e4ytett\u00e4. Ruuvaa ker\u00e4ysputken kansi tiukasti kiinni ja ravista ker\u00e4ysputkea voimakkaasti, jotta n\u00e4yte ja puskuriliuos sekoittuvat.<\/p>\n<p>3. Ota testikasetti ulos foliopussista ja k\u00e4yt\u00e4 kasetti niin pian kuin mahdollista. Parhaan tuloksen saa, kun testikasetti k\u00e4ytet\u00e4\u00e4n v\u00e4litt\u00f6m\u00e4sti foliopussin avaamisen j\u00e4lkeen.<\/p>\n<p>4. Pid\u00e4 ker\u00e4ysputkea pystyss\u00e4 ja katkaise putken k\u00e4rki. K\u00e4\u00e4nn\u00e4 putki yl\u00f6salaisin, tiputa kaksi n\u00e4ytetippaa testikasettiin (S) ja k\u00e4ynnist\u00e4 ajastin.<\/p>\n<p>5. Lue testitulos viiden minuutin j\u00e4lkeen. \u00c4l\u00e4 lue tulosta en\u00e4\u00e4 kymmenen minuutin j\u00e4lkeen.<\/p>\n<p><img loading=\"lazy\" decoding=\"async\" class=\"alignnone size-full wp-image-55185\" src=\"https:\/\/medtest.stagingservers.net\/wp-content\/uploads\/2019\/02\/FOB.png\" alt=\"\" width=\"1198\" height=\"341\" srcset=\"https:\/\/medtest.stagingservers.net\/wp-content\/uploads\/2019\/02\/FOB.png 1198w, https:\/\/medtest.stagingservers.net\/wp-content\/uploads\/2019\/02\/FOB-600x171.png 600w, https:\/\/medtest.stagingservers.net\/wp-content\/uploads\/2019\/02\/FOB-200x57.png 200w, https:\/\/medtest.stagingservers.net\/wp-content\/uploads\/2019\/02\/FOB-720x205.png 720w, https:\/\/medtest.stagingservers.net\/wp-content\/uploads\/2019\/02\/FOB-768x219.png 768w, https:\/\/medtest.stagingservers.net\/wp-content\/uploads\/2019\/02\/FOB-1024x291.png 1024w, https:\/\/medtest.stagingservers.net\/wp-content\/uploads\/2019\/02\/FOB-416x118.png 416w, https:\/\/medtest.stagingservers.net\/wp-content\/uploads\/2019\/02\/FOB-300x85.png 300w\" sizes=\"auto, (max-width: 1198px) 100vw, 1198px\" \/><\/p>\n<h5>Tulosvaihtoehdot<\/h5>\n<p><img loading=\"lazy\" decoding=\"async\" class=\"alignnone wp-image-55186\" src=\"https:\/\/medtest.stagingservers.net\/wp-content\/uploads\/2019\/02\/Test-resultat-300x210.png\" alt=\"\" width=\"231\" height=\"162\" srcset=\"https:\/\/medtest.stagingservers.net\/wp-content\/uploads\/2019\/02\/Test-resultat-300x210.png 300w, https:\/\/medtest.stagingservers.net\/wp-content\/uploads\/2019\/02\/Test-resultat-720x504.png 720w, https:\/\/medtest.stagingservers.net\/wp-content\/uploads\/2019\/02\/Test-resultat-768x538.png 768w, https:\/\/medtest.stagingservers.net\/wp-content\/uploads\/2019\/02\/Test-resultat-416x291.png 416w, https:\/\/medtest.stagingservers.net\/wp-content\/uploads\/2019\/02\/Test-resultat.png 912w\" sizes=\"auto, (max-width: 231px) 100vw, 231px\" \/><\/p>\n<div class=\"row\">\n<div class=\"extra\">\n<div class=\"component\">\n<div class=\"self mobile-leaf text textnormal mobile-undersized-upper\">\n<p>Jos testiss\u00e4 n\u00e4kyy viiva sek\u00e4 C:n ett\u00e4 T:n kohdalla, tulos on positiivinen. Jos vain C:n kohdalla on viiva, tulos on negatiivinen. Kontrolliviivan (C) teht\u00e4v\u00e4 on n\u00e4ytt\u00e4\u00e4, ett\u00e4 testi toimii.<\/p>\n<p>C = Control (Kontrolliviiva)<\/p>\n<p>T = Testi<\/p>\n<\/div>\n<\/div>\n<\/div>\n<\/div>\n<div class=\"row\">\n<div class=\"extra\">\n<div class=\"component\">\n<div class=\"self mobile-leaf text textnormal mobile-undersized-upper\">\n<p>S = Sample (N\u00e4yte)<\/p>\n<p>&nbsp;<\/p>\n<\/div>\n<\/div>\n<\/div>\n<\/div>\n<p>Mukana tulee suomenkieliset k\u00e4ytt\u00f6ohjeet. <a href=\"https:\/\/medtest.stagingservers.net\/kontakta-oss\/\">Ota meihin yhteytt\u00e4<\/a>, jos sinulla on kysytt\u00e4v\u00e4\u00e4.<\/p>\n","protected":false},"excerpt":{"rendered":"<p>Tutki terveytt\u00e4si helpoilla kotitesteill\u00e4. Saat tiet\u00e4\u00e4 tulokset terveydentilastasi heti. CE-hyv\u00e4ksytyt tuotteet.<\/p>\n","protected":false},"featured_media":73777,"comment_status":"closed","ping_status":"closed","template":"","meta":{"_acf_changed":false,"footnotes":""},"product_brand":[],"product_cat":[942,928,936],"product_tag":[],"class_list":{"0":"post-72981","1":"product","2":"type-product","3":"status-publish","4":"has-post-thumbnail","6":"product_cat-kilpirauhanen","7":"product_cat-pakettitarjous","8":"product_cat-raudanpuute-ferritiini","10":"first","11":"instock","12":"taxable","13":"shipping-taxable","14":"purchasable","15":"product-type-simple"},"acf":[],"yoast_head":"<title>Raudanpuute-, kilpirauhas- ja vatsahaavatesti - Medtest.shop<\/title>\n<meta name=\"description\" content=\"Raudanpuute-, kilpirauhas- ja vatsahaavatesti - Medtest.shop\" \/>\n<meta name=\"robots\" content=\"noindex, follow, max-snippet:-1, max-image-preview:large, max-video-preview:-1\" \/>\n<meta property=\"og:locale\" content=\"fi_FI\" \/>\n<meta property=\"og:type\" content=\"article\" \/>\n<meta property=\"og:title\" content=\"Raudanpuute-, kilpirauhas- ja vatsahaavatesti - Medtest.shop\" \/>\n<meta property=\"og:description\" content=\"Raudanpuute-, kilpirauhas- ja vatsahaavatesti - Medtest.shop\" \/>\n<meta property=\"og:url\" content=\"https:\/\/medtest.stagingservers.net\/fi\/produkt\/raudanpuute-kilpirauhanen-vatsahaavatesti\/\" \/>\n<meta property=\"og:site_name\" content=\"Medtest.shop\" \/>\n<meta property=\"article:publisher\" content=\"https:\/\/www.facebook.com\/Medtest-1440779469392476\/\" \/>\n<meta property=\"article:modified_time\" content=\"2019-09-23T15:47:53+00:00\" \/>\n<meta property=\"og:image\" content=\"https:\/\/medtest.stagingservers.net\/wp-content\/uploads\/2019\/08\/Ferritin-TSH-Hpylori-2.png\" \/>\n\t<meta property=\"og:image:width\" content=\"914\" \/>\n\t<meta property=\"og:image:height\" content=\"513\" \/>\n\t<meta property=\"og:image:type\" content=\"image\/png\" \/>\n<meta name=\"twitter:card\" content=\"summary_large_image\" \/>\n<script type=\"application\/ld+json\" class=\"yoast-schema-graph\">{\"@context\":\"https:\\\/\\\/schema.org\",\"@graph\":[{\"@type\":\"WebPage\",\"@id\":\"https:\\\/\\\/medtest.stagingservers.net\\\/fi\\\/produkt\\\/raudanpuute-kilpirauhanen-vatsahaavatesti\\\/\",\"url\":\"https:\\\/\\\/medtest.stagingservers.net\\\/fi\\\/produkt\\\/raudanpuute-kilpirauhanen-vatsahaavatesti\\\/\",\"name\":\"Raudanpuute-, kilpirauhas- ja vatsahaavatesti - Medtest.shop\",\"isPartOf\":{\"@id\":\"https:\\\/\\\/medtest.stagingservers.net\\\/fi\\\/#website\"},\"primaryImageOfPage\":{\"@id\":\"https:\\\/\\\/medtest.stagingservers.net\\\/fi\\\/produkt\\\/raudanpuute-kilpirauhanen-vatsahaavatesti\\\/#primaryimage\"},\"image\":{\"@id\":\"https:\\\/\\\/medtest.stagingservers.net\\\/fi\\\/produkt\\\/raudanpuute-kilpirauhanen-vatsahaavatesti\\\/#primaryimage\"},\"thumbnailUrl\":\"https:\\\/\\\/medtest.stagingservers.net\\\/wp-content\\\/uploads\\\/2019\\\/08\\\/Ferritin-TSH-Hpylori-2.png\",\"datePublished\":\"2019-08-28T08:56:05+00:00\",\"dateModified\":\"2019-09-23T15:47:53+00:00\",\"description\":\"Raudanpuute-, kilpirauhas- ja vatsahaavatesti - Medtest.shop\",\"breadcrumb\":{\"@id\":\"https:\\\/\\\/medtest.stagingservers.net\\\/fi\\\/produkt\\\/raudanpuute-kilpirauhanen-vatsahaavatesti\\\/#breadcrumb\"},\"inLanguage\":\"fi-FI\",\"potentialAction\":[{\"@type\":\"ReadAction\",\"target\":[\"https:\\\/\\\/medtest.stagingservers.net\\\/fi\\\/produkt\\\/raudanpuute-kilpirauhanen-vatsahaavatesti\\\/\"]}]},{\"@type\":\"ImageObject\",\"inLanguage\":\"fi-FI\",\"@id\":\"https:\\\/\\\/medtest.stagingservers.net\\\/fi\\\/produkt\\\/raudanpuute-kilpirauhanen-vatsahaavatesti\\\/#primaryimage\",\"url\":\"https:\\\/\\\/medtest.stagingservers.net\\\/wp-content\\\/uploads\\\/2019\\\/08\\\/Ferritin-TSH-Hpylori-2.png\",\"contentUrl\":\"https:\\\/\\\/medtest.stagingservers.net\\\/wp-content\\\/uploads\\\/2019\\\/08\\\/Ferritin-TSH-Hpylori-2.png\",\"width\":914,\"height\":513},{\"@type\":\"BreadcrumbList\",\"@id\":\"https:\\\/\\\/medtest.stagingservers.net\\\/fi\\\/produkt\\\/raudanpuute-kilpirauhanen-vatsahaavatesti\\\/#breadcrumb\",\"itemListElement\":[{\"@type\":\"ListItem\",\"position\":1,\"name\":\"Home\",\"item\":\"https:\\\/\\\/medtest.stagingservers.net\\\/fi\\\/\"},{\"@type\":\"ListItem\",\"position\":2,\"name\":\"Shop\",\"item\":\"https:\\\/\\\/medtest.stagingservers.net\\\/fi\\\/shop\\\/\"},{\"@type\":\"ListItem\",\"position\":3,\"name\":\"Raudanpuute-, kilpirauhas- ja vatsahaavatesti\"}]},{\"@type\":\"WebSite\",\"@id\":\"https:\\\/\\\/medtest.stagingservers.net\\\/fi\\\/#website\",\"url\":\"https:\\\/\\\/medtest.stagingservers.net\\\/fi\\\/\",\"name\":\"Medtest.shop\",\"description\":\"\",\"publisher\":{\"@id\":\"https:\\\/\\\/medtest.stagingservers.net\\\/fi\\\/#organization\"},\"potentialAction\":[{\"@type\":\"SearchAction\",\"target\":{\"@type\":\"EntryPoint\",\"urlTemplate\":\"https:\\\/\\\/medtest.stagingservers.net\\\/fi\\\/?s={search_term_string}\"},\"query-input\":{\"@type\":\"PropertyValueSpecification\",\"valueRequired\":true,\"valueName\":\"search_term_string\"}}],\"inLanguage\":\"fi-FI\"},{\"@type\":\"Organization\",\"@id\":\"https:\\\/\\\/medtest.stagingservers.net\\\/fi\\\/#organization\",\"name\":\"Medtest\",\"url\":\"https:\\\/\\\/medtest.stagingservers.net\\\/fi\\\/\",\"logo\":{\"@type\":\"ImageObject\",\"inLanguage\":\"fi-FI\",\"@id\":\"https:\\\/\\\/medtest.stagingservers.net\\\/fi\\\/#\\\/schema\\\/logo\\\/image\\\/\",\"url\":\"https:\\\/\\\/medtest.stagingservers.net\\\/wp-content\\\/uploads\\\/2018\\\/11\\\/Original.png\",\"contentUrl\":\"https:\\\/\\\/medtest.stagingservers.net\\\/wp-content\\\/uploads\\\/2018\\\/11\\\/Original.png\",\"width\":1024,\"height\":1024,\"caption\":\"Medtest\"},\"image\":{\"@id\":\"https:\\\/\\\/medtest.stagingservers.net\\\/fi\\\/#\\\/schema\\\/logo\\\/image\\\/\"},\"sameAs\":[\"https:\\\/\\\/www.facebook.com\\\/Medtest-1440779469392476\\\/\"]}]}<\/script>","yoast_head_json":{"title":"Raudanpuute-, kilpirauhas- ja vatsahaavatesti - Medtest.shop","description":"Raudanpuute-, kilpirauhas- ja vatsahaavatesti - Medtest.shop","robots":{"index":"noindex","follow":"follow","max-snippet":"max-snippet:-1","max-image-preview":"max-image-preview:large","max-video-preview":"max-video-preview:-1"},"og_locale":"fi_FI","og_type":"article","og_title":"Raudanpuute-, kilpirauhas- ja vatsahaavatesti - Medtest.shop","og_description":"Raudanpuute-, kilpirauhas- ja vatsahaavatesti - Medtest.shop","og_url":"https:\/\/medtest.stagingservers.net\/fi\/produkt\/raudanpuute-kilpirauhanen-vatsahaavatesti\/","og_site_name":"Medtest.shop","article_publisher":"https:\/\/www.facebook.com\/Medtest-1440779469392476\/","article_modified_time":"2019-09-23T15:47:53+00:00","og_image":[{"width":914,"height":513,"url":"https:\/\/medtest.stagingservers.net\/wp-content\/uploads\/2019\/08\/Ferritin-TSH-Hpylori-2.png","type":"image\/png"}],"twitter_card":"summary_large_image","schema":{"@context":"https:\/\/schema.org","@graph":[{"@type":"WebPage","@id":"https:\/\/medtest.stagingservers.net\/fi\/produkt\/raudanpuute-kilpirauhanen-vatsahaavatesti\/","url":"https:\/\/medtest.stagingservers.net\/fi\/produkt\/raudanpuute-kilpirauhanen-vatsahaavatesti\/","name":"Raudanpuute-, kilpirauhas- ja vatsahaavatesti - Medtest.shop","isPartOf":{"@id":"https:\/\/medtest.stagingservers.net\/fi\/#website"},"primaryImageOfPage":{"@id":"https:\/\/medtest.stagingservers.net\/fi\/produkt\/raudanpuute-kilpirauhanen-vatsahaavatesti\/#primaryimage"},"image":{"@id":"https:\/\/medtest.stagingservers.net\/fi\/produkt\/raudanpuute-kilpirauhanen-vatsahaavatesti\/#primaryimage"},"thumbnailUrl":"https:\/\/medtest.stagingservers.net\/wp-content\/uploads\/2019\/08\/Ferritin-TSH-Hpylori-2.png","datePublished":"2019-08-28T08:56:05+00:00","dateModified":"2019-09-23T15:47:53+00:00","description":"Raudanpuute-, kilpirauhas- ja vatsahaavatesti - Medtest.shop","breadcrumb":{"@id":"https:\/\/medtest.stagingservers.net\/fi\/produkt\/raudanpuute-kilpirauhanen-vatsahaavatesti\/#breadcrumb"},"inLanguage":"fi-FI","potentialAction":[{"@type":"ReadAction","target":["https:\/\/medtest.stagingservers.net\/fi\/produkt\/raudanpuute-kilpirauhanen-vatsahaavatesti\/"]}]},{"@type":"ImageObject","inLanguage":"fi-FI","@id":"https:\/\/medtest.stagingservers.net\/fi\/produkt\/raudanpuute-kilpirauhanen-vatsahaavatesti\/#primaryimage","url":"https:\/\/medtest.stagingservers.net\/wp-content\/uploads\/2019\/08\/Ferritin-TSH-Hpylori-2.png","contentUrl":"https:\/\/medtest.stagingservers.net\/wp-content\/uploads\/2019\/08\/Ferritin-TSH-Hpylori-2.png","width":914,"height":513},{"@type":"BreadcrumbList","@id":"https:\/\/medtest.stagingservers.net\/fi\/produkt\/raudanpuute-kilpirauhanen-vatsahaavatesti\/#breadcrumb","itemListElement":[{"@type":"ListItem","position":1,"name":"Home","item":"https:\/\/medtest.stagingservers.net\/fi\/"},{"@type":"ListItem","position":2,"name":"Shop","item":"https:\/\/medtest.stagingservers.net\/fi\/shop\/"},{"@type":"ListItem","position":3,"name":"Raudanpuute-, kilpirauhas- ja vatsahaavatesti"}]},{"@type":"WebSite","@id":"https:\/\/medtest.stagingservers.net\/fi\/#website","url":"https:\/\/medtest.stagingservers.net\/fi\/","name":"Medtest.shop","description":"","publisher":{"@id":"https:\/\/medtest.stagingservers.net\/fi\/#organization"},"potentialAction":[{"@type":"SearchAction","target":{"@type":"EntryPoint","urlTemplate":"https:\/\/medtest.stagingservers.net\/fi\/?s={search_term_string}"},"query-input":{"@type":"PropertyValueSpecification","valueRequired":true,"valueName":"search_term_string"}}],"inLanguage":"fi-FI"},{"@type":"Organization","@id":"https:\/\/medtest.stagingservers.net\/fi\/#organization","name":"Medtest","url":"https:\/\/medtest.stagingservers.net\/fi\/","logo":{"@type":"ImageObject","inLanguage":"fi-FI","@id":"https:\/\/medtest.stagingservers.net\/fi\/#\/schema\/logo\/image\/","url":"https:\/\/medtest.stagingservers.net\/wp-content\/uploads\/2018\/11\/Original.png","contentUrl":"https:\/\/medtest.stagingservers.net\/wp-content\/uploads\/2018\/11\/Original.png","width":1024,"height":1024,"caption":"Medtest"},"image":{"@id":"https:\/\/medtest.stagingservers.net\/fi\/#\/schema\/logo\/image\/"},"sameAs":["https:\/\/www.facebook.com\/Medtest-1440779469392476\/"]}]}},"_links":{"self":[{"href":"https:\/\/medtest.stagingservers.net\/fi\/wp-json\/wp\/v2\/product\/72981","targetHints":{"allow":["GET"]}}],"collection":[{"href":"https:\/\/medtest.stagingservers.net\/fi\/wp-json\/wp\/v2\/product"}],"about":[{"href":"https:\/\/medtest.stagingservers.net\/fi\/wp-json\/wp\/v2\/types\/product"}],"replies":[{"embeddable":true,"href":"https:\/\/medtest.stagingservers.net\/fi\/wp-json\/wp\/v2\/comments?post=72981"}],"version-history":[{"count":0,"href":"https:\/\/medtest.stagingservers.net\/fi\/wp-json\/wp\/v2\/product\/72981\/revisions"}],"wp:featuredmedia":[{"embeddable":true,"href":"https:\/\/medtest.stagingservers.net\/fi\/wp-json\/wp\/v2\/media\/73777"}],"wp:attachment":[{"href":"https:\/\/medtest.stagingservers.net\/fi\/wp-json\/wp\/v2\/media?parent=72981"}],"wp:term":[{"taxonomy":"product_brand","embeddable":true,"href":"https:\/\/medtest.stagingservers.net\/fi\/wp-json\/wp\/v2\/product_brand?post=72981"},{"taxonomy":"product_cat","embeddable":true,"href":"https:\/\/medtest.stagingservers.net\/fi\/wp-json\/wp\/v2\/product_cat?post=72981"},{"taxonomy":"product_tag","embeddable":true,"href":"https:\/\/medtest.stagingservers.net\/fi\/wp-json\/wp\/v2\/product_tag?post=72981"}],"curies":[{"name":"wp","href":"https:\/\/api.w.org\/{rel}","templated":true}]}}