{"id":72987,"date":"2019-08-28T09:04:15","date_gmt":"2019-08-28T09:04:15","guid":{"rendered":"https:\/\/medtest.stagingservers.net\/product\/ph-kontrolli-5-kpl\/"},"modified":"2019-12-23T14:35:42","modified_gmt":"2019-12-23T12:35:42","slug":"ph-kontrolli-5-kpl","status":"publish","type":"product","link":"https:\/\/medtest.stagingservers.net\/fi\/produkt\/ph-kontrolli-5-kpl\/","title":{"rendered":"pH-testi 5 kpl"},"content":{"rendered":"<h2>pH-testi 5 kpl<\/h2>\n<p>Em\u00e4ttimen maitohappobakteerit yll\u00e4pit\u00e4v\u00e4t em\u00e4ttimen normaalia pH-arvoa, joka on tavallisesti 3,8-4,0. Normaali pH-arvo est\u00e4\u00e4 bakteerien lis\u00e4\u00e4ntymist\u00e4, jolloin riski tulehduksiin v\u00e4henee. Jos ep\u00e4ilet bakteerivaginoosia tai tunnet em\u00e4ttimess\u00e4si kutinaa tai \u00e4rsytyst\u00e4, sinun kannattaa mitata em\u00e4ttimesi pH-arvo. Testin voi tehd\u00e4 kotona helposti ja nopeasti. Tulos on luettavissa noin kahdessa minuutissa.<\/p>\n<p>Paketissa on pakkausseloste, jossa on k\u00e4ytt\u00f6ohje ja v\u00e4rikartta testituloksen vertaamista varten, sek\u00e4 viisi foliopakkausta, joissa jokaisessa on testitikku ja kosteudenpoistajapussi. T\u00e4sm\u00e4lleen samanlainen testi on k\u00e4yt\u00f6ss\u00e4 monissa terveyskeskuksissa. N\u00e4in pH-testi toimii:<\/p>\n<ol start=\"1\">\n<li class=\"mobile-undersized-upper\" data-index=\"681\" data-length=\"49\"><span class=\"mobile-undersized-upper\">Avaa foliopakkaus ja ota testitikku pakkauksesta. <\/span><\/li>\n<li class=\"mobile-undersized-upper\" data-index=\"730\" data-length=\"48\"><span class=\"mobile-undersized-upper\">Ty\u00f6nn\u00e4 testitikku em\u00e4ttimeen kymmeneksi sekunniksi.<\/span><\/li>\n<li class=\"mobile-undersized-upper\" data-index=\"778\" data-length=\"95\"><span class=\"mobile-undersized-upper\">Lue testitulos noin kahden minuutin j\u00e4lkeen vertaamalla tikkua mukana tulevaan v\u00e4riasteikkoon.<\/span><\/li>\n<\/ol>\n","protected":false},"excerpt":{"rendered":"<p>5 kpl pH-testitikkuja<br \/>\nEm\u00e4ttimen maitohappobakteerit yll\u00e4pit\u00e4v\u00e4t em\u00e4ttimen normaalia pH-arvoa, joka on tavallisesti 3,8-4,0. Normaali pH-arvo est\u00e4\u00e4 bakteerien lis\u00e4\u00e4ntymist\u00e4, jolloin riski tulehduksiin v\u00e4henee. Jos ep\u00e4ilet bakteerivaginoosia tai tunnet em\u00e4ttimess\u00e4si kutinaa tai \u00e4rsytyst\u00e4, sinun kannattaa mitata em\u00e4ttimesi pH-arvo. Testin voi tehd\u00e4 kotona helposti ja nopeasti. Tulos on luettavissa noin kahdessa minuutissa.<br \/>\nPaketissa on pakkausseloste, jossa on k\u00e4ytt\u00f6ohje ja v\u00e4rikartta testituloksen vertaamista varten, sek\u00e4 viisi foliopakkausta, joissa jokaisessa on testitikku ja kosteudenpoistajapussi. N\u00e4in pH-testi toimii:<br \/>\nAvaa foliopakkaus ja ota testitikku pakkauksesta.<br \/>\nTy\u00f6nn\u00e4 testitikku em\u00e4ttimeen kymmeneksi sekunniksi.<br \/>\nLue testitulos noin kahden minuutin j\u00e4lkeen vertaamalla tikkua mukana tulevaan v\u00e4riasteikkoon.<br \/>\nVARASTOSSA 1-2 P\u00c4IV\u00c4SS\u00c4<\/p>\n","protected":false},"featured_media":73771,"comment_status":"closed","ping_status":"closed","template":"","meta":{"_acf_changed":false,"footnotes":""},"product_brand":[],"product_cat":[932],"product_tag":[],"class_list":{"0":"post-72987","1":"product","2":"type-product","3":"status-publish","4":"has-post-thumbnail","6":"product_cat-terveystestit","8":"first","9":"instock","10":"taxable","11":"shipping-taxable","12":"purchasable","13":"product-type-simple"},"acf":[],"yoast_head":"<title>pH-testi 5 kpl - Medtest.shop<\/title>\n<meta name=\"description\" content=\"pH-testi 5 kpl - Medtest.shop\" \/>\n<meta name=\"robots\" content=\"noindex, follow, max-snippet:-1, max-image-preview:large, max-video-preview:-1\" \/>\n<meta property=\"og:locale\" content=\"fi_FI\" \/>\n<meta property=\"og:type\" content=\"article\" \/>\n<meta property=\"og:title\" content=\"pH-testi 5 kpl - Medtest.shop\" \/>\n<meta property=\"og:description\" content=\"pH-testi 5 kpl - Medtest.shop\" \/>\n<meta property=\"og:url\" content=\"https:\/\/medtest.stagingservers.net\/fi\/produkt\/ph-kontrolli-5-kpl\/\" \/>\n<meta property=\"og:site_name\" content=\"Medtest.shop\" \/>\n<meta property=\"article:publisher\" content=\"https:\/\/www.facebook.com\/Medtest-1440779469392476\/\" \/>\n<meta property=\"article:modified_time\" content=\"2019-12-23T12:35:42+00:00\" \/>\n<meta property=\"og:image\" content=\"https:\/\/medtest.stagingservers.net\/wp-content\/uploads\/2019\/08\/pH-stripse.png\" \/>\n\t<meta property=\"og:image:width\" content=\"2100\" \/>\n\t<meta property=\"og:image:height\" content=\"1400\" \/>\n\t<meta property=\"og:image:type\" content=\"image\/png\" \/>\n<meta name=\"twitter:card\" content=\"summary_large_image\" \/>\n<script type=\"application\/ld+json\" class=\"yoast-schema-graph\">{\"@context\":\"https:\\\/\\\/schema.org\",\"@graph\":[{\"@type\":\"WebPage\",\"@id\":\"https:\\\/\\\/medtest.stagingservers.net\\\/fi\\\/produkt\\\/ph-kontrolli-5-kpl\\\/\",\"url\":\"https:\\\/\\\/medtest.stagingservers.net\\\/fi\\\/produkt\\\/ph-kontrolli-5-kpl\\\/\",\"name\":\"pH-testi 5 kpl - Medtest.shop\",\"isPartOf\":{\"@id\":\"https:\\\/\\\/medtest.stagingservers.net\\\/fi\\\/#website\"},\"primaryImageOfPage\":{\"@id\":\"https:\\\/\\\/medtest.stagingservers.net\\\/fi\\\/produkt\\\/ph-kontrolli-5-kpl\\\/#primaryimage\"},\"image\":{\"@id\":\"https:\\\/\\\/medtest.stagingservers.net\\\/fi\\\/produkt\\\/ph-kontrolli-5-kpl\\\/#primaryimage\"},\"thumbnailUrl\":\"https:\\\/\\\/medtest.stagingservers.net\\\/wp-content\\\/uploads\\\/2019\\\/08\\\/pH-stripse.png\",\"datePublished\":\"2019-08-28T09:04:15+00:00\",\"dateModified\":\"2019-12-23T12:35:42+00:00\",\"description\":\"pH-testi 5 kpl - Medtest.shop\",\"breadcrumb\":{\"@id\":\"https:\\\/\\\/medtest.stagingservers.net\\\/fi\\\/produkt\\\/ph-kontrolli-5-kpl\\\/#breadcrumb\"},\"inLanguage\":\"fi-FI\",\"potentialAction\":[{\"@type\":\"ReadAction\",\"target\":[\"https:\\\/\\\/medtest.stagingservers.net\\\/fi\\\/produkt\\\/ph-kontrolli-5-kpl\\\/\"]}]},{\"@type\":\"ImageObject\",\"inLanguage\":\"fi-FI\",\"@id\":\"https:\\\/\\\/medtest.stagingservers.net\\\/fi\\\/produkt\\\/ph-kontrolli-5-kpl\\\/#primaryimage\",\"url\":\"https:\\\/\\\/medtest.stagingservers.net\\\/wp-content\\\/uploads\\\/2019\\\/08\\\/pH-stripse.png\",\"contentUrl\":\"https:\\\/\\\/medtest.stagingservers.net\\\/wp-content\\\/uploads\\\/2019\\\/08\\\/pH-stripse.png\",\"width\":2100,\"height\":1400},{\"@type\":\"BreadcrumbList\",\"@id\":\"https:\\\/\\\/medtest.stagingservers.net\\\/fi\\\/produkt\\\/ph-kontrolli-5-kpl\\\/#breadcrumb\",\"itemListElement\":[{\"@type\":\"ListItem\",\"position\":1,\"name\":\"Home\",\"item\":\"https:\\\/\\\/medtest.stagingservers.net\\\/fi\\\/\"},{\"@type\":\"ListItem\",\"position\":2,\"name\":\"Shop\",\"item\":\"https:\\\/\\\/medtest.stagingservers.net\\\/fi\\\/shop\\\/\"},{\"@type\":\"ListItem\",\"position\":3,\"name\":\"pH-testi 5 kpl\"}]},{\"@type\":\"WebSite\",\"@id\":\"https:\\\/\\\/medtest.stagingservers.net\\\/fi\\\/#website\",\"url\":\"https:\\\/\\\/medtest.stagingservers.net\\\/fi\\\/\",\"name\":\"Medtest.shop\",\"description\":\"\",\"publisher\":{\"@id\":\"https:\\\/\\\/medtest.stagingservers.net\\\/fi\\\/#organization\"},\"potentialAction\":[{\"@type\":\"SearchAction\",\"target\":{\"@type\":\"EntryPoint\",\"urlTemplate\":\"https:\\\/\\\/medtest.stagingservers.net\\\/fi\\\/?s={search_term_string}\"},\"query-input\":{\"@type\":\"PropertyValueSpecification\",\"valueRequired\":true,\"valueName\":\"search_term_string\"}}],\"inLanguage\":\"fi-FI\"},{\"@type\":\"Organization\",\"@id\":\"https:\\\/\\\/medtest.stagingservers.net\\\/fi\\\/#organization\",\"name\":\"Medtest\",\"url\":\"https:\\\/\\\/medtest.stagingservers.net\\\/fi\\\/\",\"logo\":{\"@type\":\"ImageObject\",\"inLanguage\":\"fi-FI\",\"@id\":\"https:\\\/\\\/medtest.stagingservers.net\\\/fi\\\/#\\\/schema\\\/logo\\\/image\\\/\",\"url\":\"https:\\\/\\\/medtest.stagingservers.net\\\/wp-content\\\/uploads\\\/2018\\\/11\\\/Original.png\",\"contentUrl\":\"https:\\\/\\\/medtest.stagingservers.net\\\/wp-content\\\/uploads\\\/2018\\\/11\\\/Original.png\",\"width\":1024,\"height\":1024,\"caption\":\"Medtest\"},\"image\":{\"@id\":\"https:\\\/\\\/medtest.stagingservers.net\\\/fi\\\/#\\\/schema\\\/logo\\\/image\\\/\"},\"sameAs\":[\"https:\\\/\\\/www.facebook.com\\\/Medtest-1440779469392476\\\/\"]}]}<\/script>","yoast_head_json":{"title":"pH-testi 5 kpl - Medtest.shop","description":"pH-testi 5 kpl - Medtest.shop","robots":{"index":"noindex","follow":"follow","max-snippet":"max-snippet:-1","max-image-preview":"max-image-preview:large","max-video-preview":"max-video-preview:-1"},"og_locale":"fi_FI","og_type":"article","og_title":"pH-testi 5 kpl - Medtest.shop","og_description":"pH-testi 5 kpl - Medtest.shop","og_url":"https:\/\/medtest.stagingservers.net\/fi\/produkt\/ph-kontrolli-5-kpl\/","og_site_name":"Medtest.shop","article_publisher":"https:\/\/www.facebook.com\/Medtest-1440779469392476\/","article_modified_time":"2019-12-23T12:35:42+00:00","og_image":[{"width":2100,"height":1400,"url":"https:\/\/medtest.stagingservers.net\/wp-content\/uploads\/2019\/08\/pH-stripse.png","type":"image\/png"}],"twitter_card":"summary_large_image","schema":{"@context":"https:\/\/schema.org","@graph":[{"@type":"WebPage","@id":"https:\/\/medtest.stagingservers.net\/fi\/produkt\/ph-kontrolli-5-kpl\/","url":"https:\/\/medtest.stagingservers.net\/fi\/produkt\/ph-kontrolli-5-kpl\/","name":"pH-testi 5 kpl - Medtest.shop","isPartOf":{"@id":"https:\/\/medtest.stagingservers.net\/fi\/#website"},"primaryImageOfPage":{"@id":"https:\/\/medtest.stagingservers.net\/fi\/produkt\/ph-kontrolli-5-kpl\/#primaryimage"},"image":{"@id":"https:\/\/medtest.stagingservers.net\/fi\/produkt\/ph-kontrolli-5-kpl\/#primaryimage"},"thumbnailUrl":"https:\/\/medtest.stagingservers.net\/wp-content\/uploads\/2019\/08\/pH-stripse.png","datePublished":"2019-08-28T09:04:15+00:00","dateModified":"2019-12-23T12:35:42+00:00","description":"pH-testi 5 kpl - Medtest.shop","breadcrumb":{"@id":"https:\/\/medtest.stagingservers.net\/fi\/produkt\/ph-kontrolli-5-kpl\/#breadcrumb"},"inLanguage":"fi-FI","potentialAction":[{"@type":"ReadAction","target":["https:\/\/medtest.stagingservers.net\/fi\/produkt\/ph-kontrolli-5-kpl\/"]}]},{"@type":"ImageObject","inLanguage":"fi-FI","@id":"https:\/\/medtest.stagingservers.net\/fi\/produkt\/ph-kontrolli-5-kpl\/#primaryimage","url":"https:\/\/medtest.stagingservers.net\/wp-content\/uploads\/2019\/08\/pH-stripse.png","contentUrl":"https:\/\/medtest.stagingservers.net\/wp-content\/uploads\/2019\/08\/pH-stripse.png","width":2100,"height":1400},{"@type":"BreadcrumbList","@id":"https:\/\/medtest.stagingservers.net\/fi\/produkt\/ph-kontrolli-5-kpl\/#breadcrumb","itemListElement":[{"@type":"ListItem","position":1,"name":"Home","item":"https:\/\/medtest.stagingservers.net\/fi\/"},{"@type":"ListItem","position":2,"name":"Shop","item":"https:\/\/medtest.stagingservers.net\/fi\/shop\/"},{"@type":"ListItem","position":3,"name":"pH-testi 5 kpl"}]},{"@type":"WebSite","@id":"https:\/\/medtest.stagingservers.net\/fi\/#website","url":"https:\/\/medtest.stagingservers.net\/fi\/","name":"Medtest.shop","description":"","publisher":{"@id":"https:\/\/medtest.stagingservers.net\/fi\/#organization"},"potentialAction":[{"@type":"SearchAction","target":{"@type":"EntryPoint","urlTemplate":"https:\/\/medtest.stagingservers.net\/fi\/?s={search_term_string}"},"query-input":{"@type":"PropertyValueSpecification","valueRequired":true,"valueName":"search_term_string"}}],"inLanguage":"fi-FI"},{"@type":"Organization","@id":"https:\/\/medtest.stagingservers.net\/fi\/#organization","name":"Medtest","url":"https:\/\/medtest.stagingservers.net\/fi\/","logo":{"@type":"ImageObject","inLanguage":"fi-FI","@id":"https:\/\/medtest.stagingservers.net\/fi\/#\/schema\/logo\/image\/","url":"https:\/\/medtest.stagingservers.net\/wp-content\/uploads\/2018\/11\/Original.png","contentUrl":"https:\/\/medtest.stagingservers.net\/wp-content\/uploads\/2018\/11\/Original.png","width":1024,"height":1024,"caption":"Medtest"},"image":{"@id":"https:\/\/medtest.stagingservers.net\/fi\/#\/schema\/logo\/image\/"},"sameAs":["https:\/\/www.facebook.com\/Medtest-1440779469392476\/"]}]}},"_links":{"self":[{"href":"https:\/\/medtest.stagingservers.net\/fi\/wp-json\/wp\/v2\/product\/72987","targetHints":{"allow":["GET"]}}],"collection":[{"href":"https:\/\/medtest.stagingservers.net\/fi\/wp-json\/wp\/v2\/product"}],"about":[{"href":"https:\/\/medtest.stagingservers.net\/fi\/wp-json\/wp\/v2\/types\/product"}],"replies":[{"embeddable":true,"href":"https:\/\/medtest.stagingservers.net\/fi\/wp-json\/wp\/v2\/comments?post=72987"}],"version-history":[{"count":0,"href":"https:\/\/medtest.stagingservers.net\/fi\/wp-json\/wp\/v2\/product\/72987\/revisions"}],"wp:featuredmedia":[{"embeddable":true,"href":"https:\/\/medtest.stagingservers.net\/fi\/wp-json\/wp\/v2\/media\/73771"}],"wp:attachment":[{"href":"https:\/\/medtest.stagingservers.net\/fi\/wp-json\/wp\/v2\/media?parent=72987"}],"wp:term":[{"taxonomy":"product_brand","embeddable":true,"href":"https:\/\/medtest.stagingservers.net\/fi\/wp-json\/wp\/v2\/product_brand?post=72987"},{"taxonomy":"product_cat","embeddable":true,"href":"https:\/\/medtest.stagingservers.net\/fi\/wp-json\/wp\/v2\/product_cat?post=72987"},{"taxonomy":"product_tag","embeddable":true,"href":"https:\/\/medtest.stagingservers.net\/fi\/wp-json\/wp\/v2\/product_tag?post=72987"}],"curies":[{"name":"wp","href":"https:\/\/api.w.org\/{rel}","templated":true}]}}