{"id":85279,"date":"2020-09-04T15:26:46","date_gmt":"2020-09-04T13:26:46","guid":{"rendered":"https:\/\/medtest.stagingservers.net\/product\/hammaskorut-swarovski\/"},"modified":"2021-02-24T11:44:57","modified_gmt":"2021-02-24T09:44:57","slug":"hammaskorut-swarovski","status":"publish","type":"product","link":"https:\/\/medtest.stagingservers.net\/fi\/produkt\/hammaskorut-swarovski\/","title":{"rendered":"Hammaskorut-Swarovski"},"content":{"rendered":"<h1>Hammaskorut Swarovski kristalli<\/h1>\n<p>Hammaskorut ovat hampaan pintaan kiinnitett\u00e4vi\u00e4 pieni\u00e4 koruja. Korun kiinnitt\u00e4minen ei vaadi hampaan poraamista, eik\u00e4 se n\u00e4in ollen ole haitallista hammaskiilteelle. Tarvittaessa hammaskoru voidaan poistaa helposti, mink\u00e4 j\u00e4lkeen hampaan pinta kiillotetaan takaisin entiselleen. Yleens\u00e4 korut pysyv\u00e4t hampaan pinnalla useamman vuoden ajan.<\/p>\n<p>Valmistaja: Saremco AG<\/p>\n<p>Halkaisija \u00f8 1,8 mm<\/p>\n","protected":false},"excerpt":{"rendered":"<ul>\n<li>Swarowski-hammastikku 1,8 mm<\/li>\n<li>Nopea toimitus<\/li>\n<li>CE-hyv\u00e4ksytty tuote<\/li>\n<li>Tilaus postitetaan samana p\u00e4iv\u00e4n\u00e4<\/li>\n<\/ul>\n","protected":false},"featured_media":85280,"comment_status":"closed","ping_status":"closed","template":"","meta":{"_acf_changed":false,"footnotes":""},"product_brand":[],"product_cat":[1020],"product_tag":[],"class_list":{"0":"post-85279","1":"product","2":"type-product","3":"status-publish","4":"has-post-thumbnail","6":"product_cat-hammaskorut","8":"first","9":"instock","10":"taxable","11":"shipping-taxable","12":"purchasable","13":"product-type-simple"},"acf":[],"yoast_head":"<title>Hammaskorut-Swarovski - L\u00e4hetet\u00e4\u00e4n samana p\u00e4iv\u00e4n\u00e4 - Medtest.shop<\/title>\n<meta name=\"description\" content=\"Hammaskorut-Swarovski - CE-hyv\u00e4ksytty tuote. Swarowski-hammastikku 1,8 mm. Nopea toimitus Hammaskorut-Swarovski\" \/>\n<meta name=\"robots\" content=\"noindex, follow, max-snippet:-1, max-image-preview:large, max-video-preview:-1\" \/>\n<meta property=\"og:locale\" content=\"fi_FI\" \/>\n<meta property=\"og:type\" content=\"article\" \/>\n<meta property=\"og:title\" content=\"Hammaskorut-Swarovski - L\u00e4hetet\u00e4\u00e4n samana p\u00e4iv\u00e4n\u00e4 - Medtest.shop\" \/>\n<meta property=\"og:description\" content=\"Hammaskorut-Swarovski - CE-hyv\u00e4ksytty tuote. Swarowski-hammastikku 1,8 mm. Nopea toimitus Hammaskorut-Swarovski\" \/>\n<meta property=\"og:url\" content=\"https:\/\/medtest.stagingservers.net\/fi\/produkt\/hammaskorut-swarovski\/\" \/>\n<meta property=\"og:site_name\" content=\"Medtest.shop\" \/>\n<meta property=\"article:publisher\" content=\"https:\/\/www.facebook.com\/Medtest-1440779469392476\/\" \/>\n<meta property=\"article:modified_time\" content=\"2021-02-24T09:44:57+00:00\" \/>\n<meta property=\"og:image\" content=\"https:\/\/medtest.stagingservers.net\/wp-content\/uploads\/2020\/07\/Tandsmycke.jpg\" \/>\n\t<meta property=\"og:image:width\" content=\"290\" \/>\n\t<meta property=\"og:image:height\" content=\"290\" \/>\n\t<meta property=\"og:image:type\" content=\"image\/jpeg\" \/>\n<meta name=\"twitter:card\" content=\"summary_large_image\" \/>\n<script type=\"application\/ld+json\" class=\"yoast-schema-graph\">{\"@context\":\"https:\\\/\\\/schema.org\",\"@graph\":[{\"@type\":\"WebPage\",\"@id\":\"https:\\\/\\\/medtest.stagingservers.net\\\/fi\\\/produkt\\\/hammaskorut-swarovski\\\/\",\"url\":\"https:\\\/\\\/medtest.stagingservers.net\\\/fi\\\/produkt\\\/hammaskorut-swarovski\\\/\",\"name\":\"Hammaskorut-Swarovski - L\u00e4hetet\u00e4\u00e4n samana p\u00e4iv\u00e4n\u00e4 - Medtest.shop\",\"isPartOf\":{\"@id\":\"https:\\\/\\\/medtest.stagingservers.net\\\/fi\\\/#website\"},\"primaryImageOfPage\":{\"@id\":\"https:\\\/\\\/medtest.stagingservers.net\\\/fi\\\/produkt\\\/hammaskorut-swarovski\\\/#primaryimage\"},\"image\":{\"@id\":\"https:\\\/\\\/medtest.stagingservers.net\\\/fi\\\/produkt\\\/hammaskorut-swarovski\\\/#primaryimage\"},\"thumbnailUrl\":\"https:\\\/\\\/medtest.stagingservers.net\\\/wp-content\\\/uploads\\\/2020\\\/07\\\/Tandsmycke.jpg\",\"datePublished\":\"2020-09-04T13:26:46+00:00\",\"dateModified\":\"2021-02-24T09:44:57+00:00\",\"description\":\"Hammaskorut-Swarovski - CE-hyv\u00e4ksytty tuote. Swarowski-hammastikku 1,8 mm. Nopea toimitus Hammaskorut-Swarovski\",\"breadcrumb\":{\"@id\":\"https:\\\/\\\/medtest.stagingservers.net\\\/fi\\\/produkt\\\/hammaskorut-swarovski\\\/#breadcrumb\"},\"inLanguage\":\"fi-FI\",\"potentialAction\":[{\"@type\":\"ReadAction\",\"target\":[\"https:\\\/\\\/medtest.stagingservers.net\\\/fi\\\/produkt\\\/hammaskorut-swarovski\\\/\"]}]},{\"@type\":\"ImageObject\",\"inLanguage\":\"fi-FI\",\"@id\":\"https:\\\/\\\/medtest.stagingservers.net\\\/fi\\\/produkt\\\/hammaskorut-swarovski\\\/#primaryimage\",\"url\":\"https:\\\/\\\/medtest.stagingservers.net\\\/wp-content\\\/uploads\\\/2020\\\/07\\\/Tandsmycke.jpg\",\"contentUrl\":\"https:\\\/\\\/medtest.stagingservers.net\\\/wp-content\\\/uploads\\\/2020\\\/07\\\/Tandsmycke.jpg\",\"width\":290,\"height\":290},{\"@type\":\"BreadcrumbList\",\"@id\":\"https:\\\/\\\/medtest.stagingservers.net\\\/fi\\\/produkt\\\/hammaskorut-swarovski\\\/#breadcrumb\",\"itemListElement\":[{\"@type\":\"ListItem\",\"position\":1,\"name\":\"Home\",\"item\":\"https:\\\/\\\/medtest.stagingservers.net\\\/fi\\\/\"},{\"@type\":\"ListItem\",\"position\":2,\"name\":\"Shop\",\"item\":\"https:\\\/\\\/medtest.stagingservers.net\\\/fi\\\/shop\\\/\"},{\"@type\":\"ListItem\",\"position\":3,\"name\":\"Hammaskorut-Swarovski\"}]},{\"@type\":\"WebSite\",\"@id\":\"https:\\\/\\\/medtest.stagingservers.net\\\/fi\\\/#website\",\"url\":\"https:\\\/\\\/medtest.stagingservers.net\\\/fi\\\/\",\"name\":\"Medtest.shop\",\"description\":\"\",\"publisher\":{\"@id\":\"https:\\\/\\\/medtest.stagingservers.net\\\/fi\\\/#organization\"},\"potentialAction\":[{\"@type\":\"SearchAction\",\"target\":{\"@type\":\"EntryPoint\",\"urlTemplate\":\"https:\\\/\\\/medtest.stagingservers.net\\\/fi\\\/?s={search_term_string}\"},\"query-input\":{\"@type\":\"PropertyValueSpecification\",\"valueRequired\":true,\"valueName\":\"search_term_string\"}}],\"inLanguage\":\"fi-FI\"},{\"@type\":\"Organization\",\"@id\":\"https:\\\/\\\/medtest.stagingservers.net\\\/fi\\\/#organization\",\"name\":\"Medtest\",\"url\":\"https:\\\/\\\/medtest.stagingservers.net\\\/fi\\\/\",\"logo\":{\"@type\":\"ImageObject\",\"inLanguage\":\"fi-FI\",\"@id\":\"https:\\\/\\\/medtest.stagingservers.net\\\/fi\\\/#\\\/schema\\\/logo\\\/image\\\/\",\"url\":\"https:\\\/\\\/medtest.stagingservers.net\\\/wp-content\\\/uploads\\\/2018\\\/11\\\/Original.png\",\"contentUrl\":\"https:\\\/\\\/medtest.stagingservers.net\\\/wp-content\\\/uploads\\\/2018\\\/11\\\/Original.png\",\"width\":1024,\"height\":1024,\"caption\":\"Medtest\"},\"image\":{\"@id\":\"https:\\\/\\\/medtest.stagingservers.net\\\/fi\\\/#\\\/schema\\\/logo\\\/image\\\/\"},\"sameAs\":[\"https:\\\/\\\/www.facebook.com\\\/Medtest-1440779469392476\\\/\"]}]}<\/script>","yoast_head_json":{"title":"Hammaskorut-Swarovski - L\u00e4hetet\u00e4\u00e4n samana p\u00e4iv\u00e4n\u00e4 - Medtest.shop","description":"Hammaskorut-Swarovski - CE-hyv\u00e4ksytty tuote. Swarowski-hammastikku 1,8 mm. Nopea toimitus Hammaskorut-Swarovski","robots":{"index":"noindex","follow":"follow","max-snippet":"max-snippet:-1","max-image-preview":"max-image-preview:large","max-video-preview":"max-video-preview:-1"},"og_locale":"fi_FI","og_type":"article","og_title":"Hammaskorut-Swarovski - L\u00e4hetet\u00e4\u00e4n samana p\u00e4iv\u00e4n\u00e4 - Medtest.shop","og_description":"Hammaskorut-Swarovski - CE-hyv\u00e4ksytty tuote. Swarowski-hammastikku 1,8 mm. Nopea toimitus Hammaskorut-Swarovski","og_url":"https:\/\/medtest.stagingservers.net\/fi\/produkt\/hammaskorut-swarovski\/","og_site_name":"Medtest.shop","article_publisher":"https:\/\/www.facebook.com\/Medtest-1440779469392476\/","article_modified_time":"2021-02-24T09:44:57+00:00","og_image":[{"width":290,"height":290,"url":"https:\/\/medtest.stagingservers.net\/wp-content\/uploads\/2020\/07\/Tandsmycke.jpg","type":"image\/jpeg"}],"twitter_card":"summary_large_image","schema":{"@context":"https:\/\/schema.org","@graph":[{"@type":"WebPage","@id":"https:\/\/medtest.stagingservers.net\/fi\/produkt\/hammaskorut-swarovski\/","url":"https:\/\/medtest.stagingservers.net\/fi\/produkt\/hammaskorut-swarovski\/","name":"Hammaskorut-Swarovski - L\u00e4hetet\u00e4\u00e4n samana p\u00e4iv\u00e4n\u00e4 - Medtest.shop","isPartOf":{"@id":"https:\/\/medtest.stagingservers.net\/fi\/#website"},"primaryImageOfPage":{"@id":"https:\/\/medtest.stagingservers.net\/fi\/produkt\/hammaskorut-swarovski\/#primaryimage"},"image":{"@id":"https:\/\/medtest.stagingservers.net\/fi\/produkt\/hammaskorut-swarovski\/#primaryimage"},"thumbnailUrl":"https:\/\/medtest.stagingservers.net\/wp-content\/uploads\/2020\/07\/Tandsmycke.jpg","datePublished":"2020-09-04T13:26:46+00:00","dateModified":"2021-02-24T09:44:57+00:00","description":"Hammaskorut-Swarovski - CE-hyv\u00e4ksytty tuote. Swarowski-hammastikku 1,8 mm. Nopea toimitus Hammaskorut-Swarovski","breadcrumb":{"@id":"https:\/\/medtest.stagingservers.net\/fi\/produkt\/hammaskorut-swarovski\/#breadcrumb"},"inLanguage":"fi-FI","potentialAction":[{"@type":"ReadAction","target":["https:\/\/medtest.stagingservers.net\/fi\/produkt\/hammaskorut-swarovski\/"]}]},{"@type":"ImageObject","inLanguage":"fi-FI","@id":"https:\/\/medtest.stagingservers.net\/fi\/produkt\/hammaskorut-swarovski\/#primaryimage","url":"https:\/\/medtest.stagingservers.net\/wp-content\/uploads\/2020\/07\/Tandsmycke.jpg","contentUrl":"https:\/\/medtest.stagingservers.net\/wp-content\/uploads\/2020\/07\/Tandsmycke.jpg","width":290,"height":290},{"@type":"BreadcrumbList","@id":"https:\/\/medtest.stagingservers.net\/fi\/produkt\/hammaskorut-swarovski\/#breadcrumb","itemListElement":[{"@type":"ListItem","position":1,"name":"Home","item":"https:\/\/medtest.stagingservers.net\/fi\/"},{"@type":"ListItem","position":2,"name":"Shop","item":"https:\/\/medtest.stagingservers.net\/fi\/shop\/"},{"@type":"ListItem","position":3,"name":"Hammaskorut-Swarovski"}]},{"@type":"WebSite","@id":"https:\/\/medtest.stagingservers.net\/fi\/#website","url":"https:\/\/medtest.stagingservers.net\/fi\/","name":"Medtest.shop","description":"","publisher":{"@id":"https:\/\/medtest.stagingservers.net\/fi\/#organization"},"potentialAction":[{"@type":"SearchAction","target":{"@type":"EntryPoint","urlTemplate":"https:\/\/medtest.stagingservers.net\/fi\/?s={search_term_string}"},"query-input":{"@type":"PropertyValueSpecification","valueRequired":true,"valueName":"search_term_string"}}],"inLanguage":"fi-FI"},{"@type":"Organization","@id":"https:\/\/medtest.stagingservers.net\/fi\/#organization","name":"Medtest","url":"https:\/\/medtest.stagingservers.net\/fi\/","logo":{"@type":"ImageObject","inLanguage":"fi-FI","@id":"https:\/\/medtest.stagingservers.net\/fi\/#\/schema\/logo\/image\/","url":"https:\/\/medtest.stagingservers.net\/wp-content\/uploads\/2018\/11\/Original.png","contentUrl":"https:\/\/medtest.stagingservers.net\/wp-content\/uploads\/2018\/11\/Original.png","width":1024,"height":1024,"caption":"Medtest"},"image":{"@id":"https:\/\/medtest.stagingservers.net\/fi\/#\/schema\/logo\/image\/"},"sameAs":["https:\/\/www.facebook.com\/Medtest-1440779469392476\/"]}]}},"_links":{"self":[{"href":"https:\/\/medtest.stagingservers.net\/fi\/wp-json\/wp\/v2\/product\/85279","targetHints":{"allow":["GET"]}}],"collection":[{"href":"https:\/\/medtest.stagingservers.net\/fi\/wp-json\/wp\/v2\/product"}],"about":[{"href":"https:\/\/medtest.stagingservers.net\/fi\/wp-json\/wp\/v2\/types\/product"}],"replies":[{"embeddable":true,"href":"https:\/\/medtest.stagingservers.net\/fi\/wp-json\/wp\/v2\/comments?post=85279"}],"version-history":[{"count":3,"href":"https:\/\/medtest.stagingservers.net\/fi\/wp-json\/wp\/v2\/product\/85279\/revisions"}],"predecessor-version":[{"id":90834,"href":"https:\/\/medtest.stagingservers.net\/fi\/wp-json\/wp\/v2\/product\/85279\/revisions\/90834"}],"wp:featuredmedia":[{"embeddable":true,"href":"https:\/\/medtest.stagingservers.net\/fi\/wp-json\/wp\/v2\/media\/85280"}],"wp:attachment":[{"href":"https:\/\/medtest.stagingservers.net\/fi\/wp-json\/wp\/v2\/media?parent=85279"}],"wp:term":[{"taxonomy":"product_brand","embeddable":true,"href":"https:\/\/medtest.stagingservers.net\/fi\/wp-json\/wp\/v2\/product_brand?post=85279"},{"taxonomy":"product_cat","embeddable":true,"href":"https:\/\/medtest.stagingservers.net\/fi\/wp-json\/wp\/v2\/product_cat?post=85279"},{"taxonomy":"product_tag","embeddable":true,"href":"https:\/\/medtest.stagingservers.net\/fi\/wp-json\/wp\/v2\/product_tag?post=85279"}],"curies":[{"name":"wp","href":"https:\/\/api.w.org\/{rel}","templated":true}]}}