{"id":85393,"date":"2020-09-08T10:59:19","date_gmt":"2020-09-08T08:59:19","guid":{"rendered":"https:\/\/medtest.stagingservers.net\/product\/siittioiden-testi\/"},"modified":"2021-02-24T11:50:01","modified_gmt":"2021-02-24T09:50:01","slug":"siittioiden-testi","status":"publish","type":"product","link":"https:\/\/medtest.stagingservers.net\/fi\/produkt\/siittioiden-testi\/","title":{"rendered":"Siitti\u00f6iden testi"},"content":{"rendered":"<h1>Siitti\u00f6iden testi<\/h1>\n<p>T\u00e4m\u00e4 siitti\u00f6testi on yksinkertainen seulontatesti, joka voidaan helposti suorittaa kotona.<\/p>\n<p>Arviolta noin 20 prosentilla kaikista miehist\u00e4 on heikkolaatuista siemennestett\u00e4. Selvit\u00e4, onko pieni siitti\u00f6iden pitoisuus syy siihen, miksi sinulle ei tule raskautta. Testaa itsesi ammattitaitoisen siitti\u00f6testimme avulla.<\/p>\n<p>Siitti\u00f6testi osoittaa, onko miehell\u00e4 riitt\u00e4v\u00e4 m\u00e4\u00e4r\u00e4 siitti\u00f6it\u00e4 millilitraa siemennestett\u00e4 kohti. Pohjimmiltaan t\u00e4m\u00e4 tarkoittaa, ett\u00e4 testi m\u00e4\u00e4ritt\u00e4\u00e4, onko siitti\u00f6iden m\u00e4\u00e4r\u00e4 sopivalla tasolla yhdynn\u00e4n kautta tapahtuvaa lannoitusta varten. Positiivinen tulos osoittaa normaalin laadun; negatiivinen tulos osoittaa heikentyneen laadun.<\/p>\n<p>estin suorittaminen on eritt\u00e4in helppoa<br \/>\nSaat vastauksia nopeasti<br \/>\nToimitetaan huomaamattomassa pakkauksessa, 100% tuntematon.<br \/>\nTestitulos on eritt\u00e4in oikea ja osoitus miehen kyvyst\u00e4 tehd\u00e4 nainen raskaaksi<\/p>\n<p>Testi on helppo suorittaa ja kest\u00e4\u00e4 noin 15 minuuttia. Se antaa vastauksia siihen, onko urospuolisten siitti\u00f6iden pitoisuus alle tai yli WHO: n 15 miljoonan solun \/ millilitra-rajan. Testin tarkkuus on 99,1%<\/p>\n<p>Siitti\u00f6iden pitoisuus voi vaihdella eri testitilanteiden v\u00e4lill\u00e4. Siksi testi sis\u00e4lt\u00e4\u00e4 KAKSI T\u00c4YDELLIST\u00c4 KOTITESTI\u00c4 korkeimman mahdollisen luotettavan testituloksen saavuttamiseksi.<\/p>\n<h2>Testin sis\u00e4lt\u00f6<\/h2>\n<ul>\n<li>Kokoelma kupit<\/li>\n<li>Hedelm\u00e4llisyyskasetit<\/li>\n<li>Neste A ja B<\/li>\n<li>Pipetit<\/li>\n<li>K\u00e4ytt\u00f6ohjeet<\/li>\n<\/ul>\n","protected":false},"excerpt":{"rendered":"<ul>\n<li>Testaa itse\u00e4si kotona t\u00e4ysin nimett\u00f6m\u00e4sti<\/li>\n<li>Mittaa siitti\u00f6iden pitoisuuden<\/li>\n<li>N\u00e4ytt\u00e4\u00e4, jos pitoisuus on alle 5 miljoonaa tai alle \/ yli 15 miljoonaa \/ ml<\/li>\n<li>Vastaa 15 minuutin kuluessa<\/li>\n<li>Testin tarkkuus on 99,1%<\/li>\n<li>Yksinkertaiset k\u00e4ytt\u00f6ohjeet<\/li>\n<li>Huomaamaton toimitus<\/li>\n<li>CE-merkitty tuote kotik\u00e4ytt\u00f6\u00f6n<\/li>\n<\/ul>\n","protected":false},"featured_media":85395,"comment_status":"closed","ping_status":"closed","template":"","meta":{"_acf_changed":false,"footnotes":""},"product_brand":[],"product_cat":[1025],"product_tag":[],"class_list":{"0":"post-85393","1":"product","2":"type-product","3":"status-publish","4":"has-post-thumbnail","6":"product_cat-siittioiden-testi","8":"first","9":"instock","10":"taxable","11":"shipping-taxable","12":"purchasable","13":"product-type-simple"},"acf":[],"yoast_head":"<title>Siitti\u00f6iden testi - Selvit\u00e4 kuinka hedelm\u00e4llinen olet - Medtest.shop<\/title>\n<meta name=\"description\" content=\"Siitti\u00f6iden testi - 50% kaikista hedelm\u00e4llisyysongelmista johtuu miehest\u00e4. Siitti\u00f6testimme avulla voit mitata siitti\u00f6iden pitoisuutesi kotona rauhassa ja hiljaisuudessa. 100% tuntematon\" \/>\n<meta name=\"robots\" content=\"noindex, follow, max-snippet:-1, max-image-preview:large, max-video-preview:-1\" \/>\n<meta property=\"og:locale\" content=\"fi_FI\" \/>\n<meta property=\"og:type\" content=\"article\" \/>\n<meta property=\"og:title\" content=\"Siitti\u00f6iden testi - Selvit\u00e4 kuinka hedelm\u00e4llinen olet - Medtest.shop\" \/>\n<meta property=\"og:description\" content=\"Siitti\u00f6iden testi - 50% kaikista hedelm\u00e4llisyysongelmista johtuu miehest\u00e4. Siitti\u00f6testimme avulla voit mitata siitti\u00f6iden pitoisuutesi kotona rauhassa ja hiljaisuudessa. 100% tuntematon\" \/>\n<meta property=\"og:url\" content=\"https:\/\/medtest.stagingservers.net\/fi\/produkt\/siittioiden-testi\/\" \/>\n<meta property=\"og:site_name\" content=\"Medtest.shop\" \/>\n<meta property=\"article:publisher\" content=\"https:\/\/www.facebook.com\/Medtest-1440779469392476\/\" \/>\n<meta property=\"article:modified_time\" content=\"2021-02-24T09:50:01+00:00\" \/>\n<meta property=\"og:image\" content=\"https:\/\/medtest.stagingservers.net\/wp-content\/uploads\/2020\/09\/Sperm-Bild.png\" \/>\n\t<meta property=\"og:image:width\" content=\"1006\" \/>\n\t<meta property=\"og:image:height\" content=\"1000\" \/>\n\t<meta property=\"og:image:type\" content=\"image\/png\" \/>\n<meta name=\"twitter:card\" content=\"summary_large_image\" \/>\n<script type=\"application\/ld+json\" class=\"yoast-schema-graph\">{\"@context\":\"https:\\\/\\\/schema.org\",\"@graph\":[{\"@type\":\"WebPage\",\"@id\":\"https:\\\/\\\/medtest.stagingservers.net\\\/fi\\\/produkt\\\/siittioiden-testi\\\/\",\"url\":\"https:\\\/\\\/medtest.stagingservers.net\\\/fi\\\/produkt\\\/siittioiden-testi\\\/\",\"name\":\"Siitti\u00f6iden testi - Selvit\u00e4 kuinka hedelm\u00e4llinen olet - Medtest.shop\",\"isPartOf\":{\"@id\":\"https:\\\/\\\/medtest.stagingservers.net\\\/fi\\\/#website\"},\"primaryImageOfPage\":{\"@id\":\"https:\\\/\\\/medtest.stagingservers.net\\\/fi\\\/produkt\\\/siittioiden-testi\\\/#primaryimage\"},\"image\":{\"@id\":\"https:\\\/\\\/medtest.stagingservers.net\\\/fi\\\/produkt\\\/siittioiden-testi\\\/#primaryimage\"},\"thumbnailUrl\":\"https:\\\/\\\/medtest.stagingservers.net\\\/wp-content\\\/uploads\\\/2020\\\/09\\\/Sperm-Bild.png\",\"datePublished\":\"2020-09-08T08:59:19+00:00\",\"dateModified\":\"2021-02-24T09:50:01+00:00\",\"description\":\"Siitti\u00f6iden testi - 50% kaikista hedelm\u00e4llisyysongelmista johtuu miehest\u00e4. Siitti\u00f6testimme avulla voit mitata siitti\u00f6iden pitoisuutesi kotona rauhassa ja hiljaisuudessa. 100% tuntematon\",\"breadcrumb\":{\"@id\":\"https:\\\/\\\/medtest.stagingservers.net\\\/fi\\\/produkt\\\/siittioiden-testi\\\/#breadcrumb\"},\"inLanguage\":\"fi-FI\",\"potentialAction\":[{\"@type\":\"ReadAction\",\"target\":[\"https:\\\/\\\/medtest.stagingservers.net\\\/fi\\\/produkt\\\/siittioiden-testi\\\/\"]}]},{\"@type\":\"ImageObject\",\"inLanguage\":\"fi-FI\",\"@id\":\"https:\\\/\\\/medtest.stagingservers.net\\\/fi\\\/produkt\\\/siittioiden-testi\\\/#primaryimage\",\"url\":\"https:\\\/\\\/medtest.stagingservers.net\\\/wp-content\\\/uploads\\\/2020\\\/09\\\/Sperm-Bild.png\",\"contentUrl\":\"https:\\\/\\\/medtest.stagingservers.net\\\/wp-content\\\/uploads\\\/2020\\\/09\\\/Sperm-Bild.png\",\"width\":1006,\"height\":1000,\"caption\":\"Siitti\u00f6iden testi\"},{\"@type\":\"BreadcrumbList\",\"@id\":\"https:\\\/\\\/medtest.stagingservers.net\\\/fi\\\/produkt\\\/siittioiden-testi\\\/#breadcrumb\",\"itemListElement\":[{\"@type\":\"ListItem\",\"position\":1,\"name\":\"Home\",\"item\":\"https:\\\/\\\/medtest.stagingservers.net\\\/fi\\\/\"},{\"@type\":\"ListItem\",\"position\":2,\"name\":\"Shop\",\"item\":\"https:\\\/\\\/medtest.stagingservers.net\\\/fi\\\/shop\\\/\"},{\"@type\":\"ListItem\",\"position\":3,\"name\":\"Siitti\u00f6iden testi\"}]},{\"@type\":\"WebSite\",\"@id\":\"https:\\\/\\\/medtest.stagingservers.net\\\/fi\\\/#website\",\"url\":\"https:\\\/\\\/medtest.stagingservers.net\\\/fi\\\/\",\"name\":\"Medtest.shop\",\"description\":\"\",\"publisher\":{\"@id\":\"https:\\\/\\\/medtest.stagingservers.net\\\/fi\\\/#organization\"},\"potentialAction\":[{\"@type\":\"SearchAction\",\"target\":{\"@type\":\"EntryPoint\",\"urlTemplate\":\"https:\\\/\\\/medtest.stagingservers.net\\\/fi\\\/?s={search_term_string}\"},\"query-input\":{\"@type\":\"PropertyValueSpecification\",\"valueRequired\":true,\"valueName\":\"search_term_string\"}}],\"inLanguage\":\"fi-FI\"},{\"@type\":\"Organization\",\"@id\":\"https:\\\/\\\/medtest.stagingservers.net\\\/fi\\\/#organization\",\"name\":\"Medtest\",\"url\":\"https:\\\/\\\/medtest.stagingservers.net\\\/fi\\\/\",\"logo\":{\"@type\":\"ImageObject\",\"inLanguage\":\"fi-FI\",\"@id\":\"https:\\\/\\\/medtest.stagingservers.net\\\/fi\\\/#\\\/schema\\\/logo\\\/image\\\/\",\"url\":\"https:\\\/\\\/medtest.stagingservers.net\\\/wp-content\\\/uploads\\\/2018\\\/11\\\/Original.png\",\"contentUrl\":\"https:\\\/\\\/medtest.stagingservers.net\\\/wp-content\\\/uploads\\\/2018\\\/11\\\/Original.png\",\"width\":1024,\"height\":1024,\"caption\":\"Medtest\"},\"image\":{\"@id\":\"https:\\\/\\\/medtest.stagingservers.net\\\/fi\\\/#\\\/schema\\\/logo\\\/image\\\/\"},\"sameAs\":[\"https:\\\/\\\/www.facebook.com\\\/Medtest-1440779469392476\\\/\"]}]}<\/script>","yoast_head_json":{"title":"Siitti\u00f6iden testi - Selvit\u00e4 kuinka hedelm\u00e4llinen olet - Medtest.shop","description":"Siitti\u00f6iden testi - 50% kaikista hedelm\u00e4llisyysongelmista johtuu miehest\u00e4. Siitti\u00f6testimme avulla voit mitata siitti\u00f6iden pitoisuutesi kotona rauhassa ja hiljaisuudessa. 100% tuntematon","robots":{"index":"noindex","follow":"follow","max-snippet":"max-snippet:-1","max-image-preview":"max-image-preview:large","max-video-preview":"max-video-preview:-1"},"og_locale":"fi_FI","og_type":"article","og_title":"Siitti\u00f6iden testi - Selvit\u00e4 kuinka hedelm\u00e4llinen olet - Medtest.shop","og_description":"Siitti\u00f6iden testi - 50% kaikista hedelm\u00e4llisyysongelmista johtuu miehest\u00e4. Siitti\u00f6testimme avulla voit mitata siitti\u00f6iden pitoisuutesi kotona rauhassa ja hiljaisuudessa. 100% tuntematon","og_url":"https:\/\/medtest.stagingservers.net\/fi\/produkt\/siittioiden-testi\/","og_site_name":"Medtest.shop","article_publisher":"https:\/\/www.facebook.com\/Medtest-1440779469392476\/","article_modified_time":"2021-02-24T09:50:01+00:00","og_image":[{"width":1006,"height":1000,"url":"https:\/\/medtest.stagingservers.net\/wp-content\/uploads\/2020\/09\/Sperm-Bild.png","type":"image\/png"}],"twitter_card":"summary_large_image","schema":{"@context":"https:\/\/schema.org","@graph":[{"@type":"WebPage","@id":"https:\/\/medtest.stagingservers.net\/fi\/produkt\/siittioiden-testi\/","url":"https:\/\/medtest.stagingservers.net\/fi\/produkt\/siittioiden-testi\/","name":"Siitti\u00f6iden testi - Selvit\u00e4 kuinka hedelm\u00e4llinen olet - Medtest.shop","isPartOf":{"@id":"https:\/\/medtest.stagingservers.net\/fi\/#website"},"primaryImageOfPage":{"@id":"https:\/\/medtest.stagingservers.net\/fi\/produkt\/siittioiden-testi\/#primaryimage"},"image":{"@id":"https:\/\/medtest.stagingservers.net\/fi\/produkt\/siittioiden-testi\/#primaryimage"},"thumbnailUrl":"https:\/\/medtest.stagingservers.net\/wp-content\/uploads\/2020\/09\/Sperm-Bild.png","datePublished":"2020-09-08T08:59:19+00:00","dateModified":"2021-02-24T09:50:01+00:00","description":"Siitti\u00f6iden testi - 50% kaikista hedelm\u00e4llisyysongelmista johtuu miehest\u00e4. Siitti\u00f6testimme avulla voit mitata siitti\u00f6iden pitoisuutesi kotona rauhassa ja hiljaisuudessa. 100% tuntematon","breadcrumb":{"@id":"https:\/\/medtest.stagingservers.net\/fi\/produkt\/siittioiden-testi\/#breadcrumb"},"inLanguage":"fi-FI","potentialAction":[{"@type":"ReadAction","target":["https:\/\/medtest.stagingservers.net\/fi\/produkt\/siittioiden-testi\/"]}]},{"@type":"ImageObject","inLanguage":"fi-FI","@id":"https:\/\/medtest.stagingservers.net\/fi\/produkt\/siittioiden-testi\/#primaryimage","url":"https:\/\/medtest.stagingservers.net\/wp-content\/uploads\/2020\/09\/Sperm-Bild.png","contentUrl":"https:\/\/medtest.stagingservers.net\/wp-content\/uploads\/2020\/09\/Sperm-Bild.png","width":1006,"height":1000,"caption":"Siitti\u00f6iden testi"},{"@type":"BreadcrumbList","@id":"https:\/\/medtest.stagingservers.net\/fi\/produkt\/siittioiden-testi\/#breadcrumb","itemListElement":[{"@type":"ListItem","position":1,"name":"Home","item":"https:\/\/medtest.stagingservers.net\/fi\/"},{"@type":"ListItem","position":2,"name":"Shop","item":"https:\/\/medtest.stagingservers.net\/fi\/shop\/"},{"@type":"ListItem","position":3,"name":"Siitti\u00f6iden testi"}]},{"@type":"WebSite","@id":"https:\/\/medtest.stagingservers.net\/fi\/#website","url":"https:\/\/medtest.stagingservers.net\/fi\/","name":"Medtest.shop","description":"","publisher":{"@id":"https:\/\/medtest.stagingservers.net\/fi\/#organization"},"potentialAction":[{"@type":"SearchAction","target":{"@type":"EntryPoint","urlTemplate":"https:\/\/medtest.stagingservers.net\/fi\/?s={search_term_string}"},"query-input":{"@type":"PropertyValueSpecification","valueRequired":true,"valueName":"search_term_string"}}],"inLanguage":"fi-FI"},{"@type":"Organization","@id":"https:\/\/medtest.stagingservers.net\/fi\/#organization","name":"Medtest","url":"https:\/\/medtest.stagingservers.net\/fi\/","logo":{"@type":"ImageObject","inLanguage":"fi-FI","@id":"https:\/\/medtest.stagingservers.net\/fi\/#\/schema\/logo\/image\/","url":"https:\/\/medtest.stagingservers.net\/wp-content\/uploads\/2018\/11\/Original.png","contentUrl":"https:\/\/medtest.stagingservers.net\/wp-content\/uploads\/2018\/11\/Original.png","width":1024,"height":1024,"caption":"Medtest"},"image":{"@id":"https:\/\/medtest.stagingservers.net\/fi\/#\/schema\/logo\/image\/"},"sameAs":["https:\/\/www.facebook.com\/Medtest-1440779469392476\/"]}]}},"_links":{"self":[{"href":"https:\/\/medtest.stagingservers.net\/fi\/wp-json\/wp\/v2\/product\/85393","targetHints":{"allow":["GET"]}}],"collection":[{"href":"https:\/\/medtest.stagingservers.net\/fi\/wp-json\/wp\/v2\/product"}],"about":[{"href":"https:\/\/medtest.stagingservers.net\/fi\/wp-json\/wp\/v2\/types\/product"}],"replies":[{"embeddable":true,"href":"https:\/\/medtest.stagingservers.net\/fi\/wp-json\/wp\/v2\/comments?post=85393"}],"version-history":[{"count":1,"href":"https:\/\/medtest.stagingservers.net\/fi\/wp-json\/wp\/v2\/product\/85393\/revisions"}],"predecessor-version":[{"id":90839,"href":"https:\/\/medtest.stagingservers.net\/fi\/wp-json\/wp\/v2\/product\/85393\/revisions\/90839"}],"wp:featuredmedia":[{"embeddable":true,"href":"https:\/\/medtest.stagingservers.net\/fi\/wp-json\/wp\/v2\/media\/85395"}],"wp:attachment":[{"href":"https:\/\/medtest.stagingservers.net\/fi\/wp-json\/wp\/v2\/media?parent=85393"}],"wp:term":[{"taxonomy":"product_brand","embeddable":true,"href":"https:\/\/medtest.stagingservers.net\/fi\/wp-json\/wp\/v2\/product_brand?post=85393"},{"taxonomy":"product_cat","embeddable":true,"href":"https:\/\/medtest.stagingservers.net\/fi\/wp-json\/wp\/v2\/product_cat?post=85393"},{"taxonomy":"product_tag","embeddable":true,"href":"https:\/\/medtest.stagingservers.net\/fi\/wp-json\/wp\/v2\/product_tag?post=85393"}],"curies":[{"name":"wp","href":"https:\/\/api.w.org\/{rel}","templated":true}]}}