{"id":86983,"date":"2020-10-30T12:55:59","date_gmt":"2020-10-30T10:55:59","guid":{"rendered":"https:\/\/medtest.stagingservers.net\/?post_type=product&#038;p=86983"},"modified":"2021-02-24T11:45:48","modified_gmt":"2021-02-24T09:45:48","slug":"hammaskorut-swarovski-shimmershell","status":"publish","type":"product","link":"https:\/\/medtest.stagingservers.net\/fi\/produkt\/hammaskorut-swarovski-shimmershell\/","title":{"rendered":"Hammaskorut-Swarovski-Shimmershell"},"content":{"rendered":"<h1>Hammaskorut Swarovski Shimmershell<\/h1>\n<p>Hammaskorut ovat hampaan pintaan kiinnitett\u00e4vi\u00e4 pieni\u00e4 koruja. Korun kiinnitt\u00e4minen ei vaadi hampaan poraamista, eik\u00e4 se n\u00e4in ollen ole haitallista hammaskiilteelle. Tarvittaessa hammaskoru voidaan poistaa helposti, mink\u00e4 j\u00e4lkeen hampaan pinta kiillotetaan takaisin entiselleen. Yleens\u00e4 korut pysyv\u00e4t hampaan pinnalla useamman vuoden ajan.<\/p>\n<p>Valmistaja: Saremco AG<\/p>\n<p>Halkaisija \u00f8 1,8 mm<\/p>\n","protected":false},"excerpt":{"rendered":"<ul>\n<li>Swarowski-hammastikku 1,8 mm<\/li>\n<li>Nopea toimitus<\/li>\n<li>CE-hyv\u00e4ksytty tuote<\/li>\n<li>Tilaus postitetaan samana p\u00e4iv\u00e4n\u00e4<\/li>\n<\/ul>\n","protected":false},"featured_media":87016,"comment_status":"closed","ping_status":"closed","template":"","meta":{"_acf_changed":false,"footnotes":""},"product_brand":[],"product_cat":[1020],"product_tag":[],"class_list":{"0":"post-86983","1":"product","2":"type-product","3":"status-publish","4":"has-post-thumbnail","6":"product_cat-hammaskorut","8":"first","9":"instock","10":"taxable","11":"shipping-taxable","12":"purchasable","13":"product-type-simple"},"acf":[],"yoast_head":"<title>Hammaskorut-Swarovski-Shimmershell - L\u00e4hetet\u00e4\u00e4n samana p\u00e4iv\u00e4n\u00e4 -<\/title>\n<meta name=\"description\" content=\"Hammaskorut-Swarovski-Shimmershell - Hammaskorut kiinnitet\u00e4\u00e4n hampaan pinnalle, eiv\u00e4tk\u00e4 ne vahingoita hammasta tai kiillett\u00e4.Korun kiinnityksen j\u00e4lkeen hampaiden harjaus onnistuu normaalisti.\" \/>\n<meta name=\"robots\" content=\"noindex, follow, max-snippet:-1, max-image-preview:large, max-video-preview:-1\" \/>\n<meta property=\"og:locale\" content=\"fi_FI\" \/>\n<meta property=\"og:type\" content=\"article\" \/>\n<meta property=\"og:title\" content=\"Hammaskorut-Swarovski-Shimmershell - L\u00e4hetet\u00e4\u00e4n samana p\u00e4iv\u00e4n\u00e4 -\" \/>\n<meta property=\"og:description\" content=\"Hammaskorut-Swarovski-Shimmershell - Hammaskorut kiinnitet\u00e4\u00e4n hampaan pinnalle, eiv\u00e4tk\u00e4 ne vahingoita hammasta tai kiillett\u00e4.Korun kiinnityksen j\u00e4lkeen hampaiden harjaus onnistuu normaalisti.\" \/>\n<meta property=\"og:url\" content=\"https:\/\/medtest.stagingservers.net\/fi\/produkt\/hammaskorut-swarovski-shimmershell\/\" \/>\n<meta property=\"og:site_name\" content=\"Medtest.shop\" \/>\n<meta property=\"article:publisher\" content=\"https:\/\/www.facebook.com\/Medtest-1440779469392476\/\" \/>\n<meta property=\"article:modified_time\" content=\"2021-02-24T09:45:48+00:00\" \/>\n<meta property=\"og:image\" content=\"https:\/\/medtest.stagingservers.net\/wp-content\/uploads\/2020\/10\/Shimmershell-rainbow-3.png\" \/>\n\t<meta property=\"og:image:width\" content=\"663\" \/>\n\t<meta property=\"og:image:height\" content=\"497\" \/>\n\t<meta property=\"og:image:type\" content=\"image\/png\" \/>\n<meta name=\"twitter:card\" content=\"summary_large_image\" \/>\n<script type=\"application\/ld+json\" class=\"yoast-schema-graph\">{\"@context\":\"https:\\\/\\\/schema.org\",\"@graph\":[{\"@type\":\"WebPage\",\"@id\":\"https:\\\/\\\/medtest.stagingservers.net\\\/fi\\\/produkt\\\/hammaskorut-swarovski-shimmershell\\\/\",\"url\":\"https:\\\/\\\/medtest.stagingservers.net\\\/fi\\\/produkt\\\/hammaskorut-swarovski-shimmershell\\\/\",\"name\":\"Hammaskorut-Swarovski-Shimmershell - L\u00e4hetet\u00e4\u00e4n samana p\u00e4iv\u00e4n\u00e4 -\",\"isPartOf\":{\"@id\":\"https:\\\/\\\/medtest.stagingservers.net\\\/fi\\\/#website\"},\"primaryImageOfPage\":{\"@id\":\"https:\\\/\\\/medtest.stagingservers.net\\\/fi\\\/produkt\\\/hammaskorut-swarovski-shimmershell\\\/#primaryimage\"},\"image\":{\"@id\":\"https:\\\/\\\/medtest.stagingservers.net\\\/fi\\\/produkt\\\/hammaskorut-swarovski-shimmershell\\\/#primaryimage\"},\"thumbnailUrl\":\"https:\\\/\\\/medtest.stagingservers.net\\\/wp-content\\\/uploads\\\/2020\\\/10\\\/Shimmershell-rainbow-3.png\",\"datePublished\":\"2020-10-30T10:55:59+00:00\",\"dateModified\":\"2021-02-24T09:45:48+00:00\",\"description\":\"Hammaskorut-Swarovski-Shimmershell - Hammaskorut kiinnitet\u00e4\u00e4n hampaan pinnalle, eiv\u00e4tk\u00e4 ne vahingoita hammasta tai kiillett\u00e4.Korun kiinnityksen j\u00e4lkeen hampaiden harjaus onnistuu normaalisti.\",\"breadcrumb\":{\"@id\":\"https:\\\/\\\/medtest.stagingservers.net\\\/fi\\\/produkt\\\/hammaskorut-swarovski-shimmershell\\\/#breadcrumb\"},\"inLanguage\":\"fi-FI\",\"potentialAction\":[{\"@type\":\"ReadAction\",\"target\":[\"https:\\\/\\\/medtest.stagingservers.net\\\/fi\\\/produkt\\\/hammaskorut-swarovski-shimmershell\\\/\"]}]},{\"@type\":\"ImageObject\",\"inLanguage\":\"fi-FI\",\"@id\":\"https:\\\/\\\/medtest.stagingservers.net\\\/fi\\\/produkt\\\/hammaskorut-swarovski-shimmershell\\\/#primaryimage\",\"url\":\"https:\\\/\\\/medtest.stagingservers.net\\\/wp-content\\\/uploads\\\/2020\\\/10\\\/Shimmershell-rainbow-3.png\",\"contentUrl\":\"https:\\\/\\\/medtest.stagingservers.net\\\/wp-content\\\/uploads\\\/2020\\\/10\\\/Shimmershell-rainbow-3.png\",\"width\":663,\"height\":497},{\"@type\":\"BreadcrumbList\",\"@id\":\"https:\\\/\\\/medtest.stagingservers.net\\\/fi\\\/produkt\\\/hammaskorut-swarovski-shimmershell\\\/#breadcrumb\",\"itemListElement\":[{\"@type\":\"ListItem\",\"position\":1,\"name\":\"Home\",\"item\":\"https:\\\/\\\/medtest.stagingservers.net\\\/fi\\\/\"},{\"@type\":\"ListItem\",\"position\":2,\"name\":\"Shop\",\"item\":\"https:\\\/\\\/medtest.stagingservers.net\\\/fi\\\/shop\\\/\"},{\"@type\":\"ListItem\",\"position\":3,\"name\":\"Hammaskorut-Swarovski-Shimmershell\"}]},{\"@type\":\"WebSite\",\"@id\":\"https:\\\/\\\/medtest.stagingservers.net\\\/fi\\\/#website\",\"url\":\"https:\\\/\\\/medtest.stagingservers.net\\\/fi\\\/\",\"name\":\"Medtest.shop\",\"description\":\"\",\"publisher\":{\"@id\":\"https:\\\/\\\/medtest.stagingservers.net\\\/fi\\\/#organization\"},\"potentialAction\":[{\"@type\":\"SearchAction\",\"target\":{\"@type\":\"EntryPoint\",\"urlTemplate\":\"https:\\\/\\\/medtest.stagingservers.net\\\/fi\\\/?s={search_term_string}\"},\"query-input\":{\"@type\":\"PropertyValueSpecification\",\"valueRequired\":true,\"valueName\":\"search_term_string\"}}],\"inLanguage\":\"fi-FI\"},{\"@type\":\"Organization\",\"@id\":\"https:\\\/\\\/medtest.stagingservers.net\\\/fi\\\/#organization\",\"name\":\"Medtest\",\"url\":\"https:\\\/\\\/medtest.stagingservers.net\\\/fi\\\/\",\"logo\":{\"@type\":\"ImageObject\",\"inLanguage\":\"fi-FI\",\"@id\":\"https:\\\/\\\/medtest.stagingservers.net\\\/fi\\\/#\\\/schema\\\/logo\\\/image\\\/\",\"url\":\"https:\\\/\\\/medtest.stagingservers.net\\\/wp-content\\\/uploads\\\/2018\\\/11\\\/Original.png\",\"contentUrl\":\"https:\\\/\\\/medtest.stagingservers.net\\\/wp-content\\\/uploads\\\/2018\\\/11\\\/Original.png\",\"width\":1024,\"height\":1024,\"caption\":\"Medtest\"},\"image\":{\"@id\":\"https:\\\/\\\/medtest.stagingservers.net\\\/fi\\\/#\\\/schema\\\/logo\\\/image\\\/\"},\"sameAs\":[\"https:\\\/\\\/www.facebook.com\\\/Medtest-1440779469392476\\\/\"]}]}<\/script>","yoast_head_json":{"title":"Hammaskorut-Swarovski-Shimmershell - L\u00e4hetet\u00e4\u00e4n samana p\u00e4iv\u00e4n\u00e4 -","description":"Hammaskorut-Swarovski-Shimmershell - Hammaskorut kiinnitet\u00e4\u00e4n hampaan pinnalle, eiv\u00e4tk\u00e4 ne vahingoita hammasta tai kiillett\u00e4.Korun kiinnityksen j\u00e4lkeen hampaiden harjaus onnistuu normaalisti.","robots":{"index":"noindex","follow":"follow","max-snippet":"max-snippet:-1","max-image-preview":"max-image-preview:large","max-video-preview":"max-video-preview:-1"},"og_locale":"fi_FI","og_type":"article","og_title":"Hammaskorut-Swarovski-Shimmershell - L\u00e4hetet\u00e4\u00e4n samana p\u00e4iv\u00e4n\u00e4 -","og_description":"Hammaskorut-Swarovski-Shimmershell - Hammaskorut kiinnitet\u00e4\u00e4n hampaan pinnalle, eiv\u00e4tk\u00e4 ne vahingoita hammasta tai kiillett\u00e4.Korun kiinnityksen j\u00e4lkeen hampaiden harjaus onnistuu normaalisti.","og_url":"https:\/\/medtest.stagingservers.net\/fi\/produkt\/hammaskorut-swarovski-shimmershell\/","og_site_name":"Medtest.shop","article_publisher":"https:\/\/www.facebook.com\/Medtest-1440779469392476\/","article_modified_time":"2021-02-24T09:45:48+00:00","og_image":[{"width":663,"height":497,"url":"https:\/\/medtest.stagingservers.net\/wp-content\/uploads\/2020\/10\/Shimmershell-rainbow-3.png","type":"image\/png"}],"twitter_card":"summary_large_image","schema":{"@context":"https:\/\/schema.org","@graph":[{"@type":"WebPage","@id":"https:\/\/medtest.stagingservers.net\/fi\/produkt\/hammaskorut-swarovski-shimmershell\/","url":"https:\/\/medtest.stagingservers.net\/fi\/produkt\/hammaskorut-swarovski-shimmershell\/","name":"Hammaskorut-Swarovski-Shimmershell - L\u00e4hetet\u00e4\u00e4n samana p\u00e4iv\u00e4n\u00e4 -","isPartOf":{"@id":"https:\/\/medtest.stagingservers.net\/fi\/#website"},"primaryImageOfPage":{"@id":"https:\/\/medtest.stagingservers.net\/fi\/produkt\/hammaskorut-swarovski-shimmershell\/#primaryimage"},"image":{"@id":"https:\/\/medtest.stagingservers.net\/fi\/produkt\/hammaskorut-swarovski-shimmershell\/#primaryimage"},"thumbnailUrl":"https:\/\/medtest.stagingservers.net\/wp-content\/uploads\/2020\/10\/Shimmershell-rainbow-3.png","datePublished":"2020-10-30T10:55:59+00:00","dateModified":"2021-02-24T09:45:48+00:00","description":"Hammaskorut-Swarovski-Shimmershell - Hammaskorut kiinnitet\u00e4\u00e4n hampaan pinnalle, eiv\u00e4tk\u00e4 ne vahingoita hammasta tai kiillett\u00e4.Korun kiinnityksen j\u00e4lkeen hampaiden harjaus onnistuu normaalisti.","breadcrumb":{"@id":"https:\/\/medtest.stagingservers.net\/fi\/produkt\/hammaskorut-swarovski-shimmershell\/#breadcrumb"},"inLanguage":"fi-FI","potentialAction":[{"@type":"ReadAction","target":["https:\/\/medtest.stagingservers.net\/fi\/produkt\/hammaskorut-swarovski-shimmershell\/"]}]},{"@type":"ImageObject","inLanguage":"fi-FI","@id":"https:\/\/medtest.stagingservers.net\/fi\/produkt\/hammaskorut-swarovski-shimmershell\/#primaryimage","url":"https:\/\/medtest.stagingservers.net\/wp-content\/uploads\/2020\/10\/Shimmershell-rainbow-3.png","contentUrl":"https:\/\/medtest.stagingservers.net\/wp-content\/uploads\/2020\/10\/Shimmershell-rainbow-3.png","width":663,"height":497},{"@type":"BreadcrumbList","@id":"https:\/\/medtest.stagingservers.net\/fi\/produkt\/hammaskorut-swarovski-shimmershell\/#breadcrumb","itemListElement":[{"@type":"ListItem","position":1,"name":"Home","item":"https:\/\/medtest.stagingservers.net\/fi\/"},{"@type":"ListItem","position":2,"name":"Shop","item":"https:\/\/medtest.stagingservers.net\/fi\/shop\/"},{"@type":"ListItem","position":3,"name":"Hammaskorut-Swarovski-Shimmershell"}]},{"@type":"WebSite","@id":"https:\/\/medtest.stagingservers.net\/fi\/#website","url":"https:\/\/medtest.stagingservers.net\/fi\/","name":"Medtest.shop","description":"","publisher":{"@id":"https:\/\/medtest.stagingservers.net\/fi\/#organization"},"potentialAction":[{"@type":"SearchAction","target":{"@type":"EntryPoint","urlTemplate":"https:\/\/medtest.stagingservers.net\/fi\/?s={search_term_string}"},"query-input":{"@type":"PropertyValueSpecification","valueRequired":true,"valueName":"search_term_string"}}],"inLanguage":"fi-FI"},{"@type":"Organization","@id":"https:\/\/medtest.stagingservers.net\/fi\/#organization","name":"Medtest","url":"https:\/\/medtest.stagingservers.net\/fi\/","logo":{"@type":"ImageObject","inLanguage":"fi-FI","@id":"https:\/\/medtest.stagingservers.net\/fi\/#\/schema\/logo\/image\/","url":"https:\/\/medtest.stagingservers.net\/wp-content\/uploads\/2018\/11\/Original.png","contentUrl":"https:\/\/medtest.stagingservers.net\/wp-content\/uploads\/2018\/11\/Original.png","width":1024,"height":1024,"caption":"Medtest"},"image":{"@id":"https:\/\/medtest.stagingservers.net\/fi\/#\/schema\/logo\/image\/"},"sameAs":["https:\/\/www.facebook.com\/Medtest-1440779469392476\/"]}]}},"_links":{"self":[{"href":"https:\/\/medtest.stagingservers.net\/fi\/wp-json\/wp\/v2\/product\/86983","targetHints":{"allow":["GET"]}}],"collection":[{"href":"https:\/\/medtest.stagingservers.net\/fi\/wp-json\/wp\/v2\/product"}],"about":[{"href":"https:\/\/medtest.stagingservers.net\/fi\/wp-json\/wp\/v2\/types\/product"}],"replies":[{"embeddable":true,"href":"https:\/\/medtest.stagingservers.net\/fi\/wp-json\/wp\/v2\/comments?post=86983"}],"version-history":[{"count":2,"href":"https:\/\/medtest.stagingservers.net\/fi\/wp-json\/wp\/v2\/product\/86983\/revisions"}],"predecessor-version":[{"id":90835,"href":"https:\/\/medtest.stagingservers.net\/fi\/wp-json\/wp\/v2\/product\/86983\/revisions\/90835"}],"wp:featuredmedia":[{"embeddable":true,"href":"https:\/\/medtest.stagingservers.net\/fi\/wp-json\/wp\/v2\/media\/87016"}],"wp:attachment":[{"href":"https:\/\/medtest.stagingservers.net\/fi\/wp-json\/wp\/v2\/media?parent=86983"}],"wp:term":[{"taxonomy":"product_brand","embeddable":true,"href":"https:\/\/medtest.stagingservers.net\/fi\/wp-json\/wp\/v2\/product_brand?post=86983"},{"taxonomy":"product_cat","embeddable":true,"href":"https:\/\/medtest.stagingservers.net\/fi\/wp-json\/wp\/v2\/product_cat?post=86983"},{"taxonomy":"product_tag","embeddable":true,"href":"https:\/\/medtest.stagingservers.net\/fi\/wp-json\/wp\/v2\/product_tag?post=86983"}],"curies":[{"name":"wp","href":"https:\/\/api.w.org\/{rel}","templated":true}]}}