{"id":90538,"date":"2021-02-17T15:56:42","date_gmt":"2021-02-17T13:56:42","guid":{"rendered":"https:\/\/medtest.stagingservers.net\/?post_type=product&#038;p=90538"},"modified":"2021-02-24T11:37:27","modified_gmt":"2021-02-24T09:37:27","slug":"d-vitamiinitesti","status":"publish","type":"product","link":"https:\/\/medtest.stagingservers.net\/fi\/produkt\/d-vitamiinitesti\/","title":{"rendered":"D-vitamiinitesti"},"content":{"rendered":"<h1>D-vitamiinitesti<\/h1>\n<p>Onko sinulla D-vitamiininpuutos?<\/p>\n<p>T\u00e4m\u00e4n itsetestin avulla saat selville, k\u00e4rsitk\u00f6 D-vitamiinin puutoksesta. Testi osoittaa, ovatko D-vitamiinitasosi alle 10 tai 30 ng \/ ml. Testi antaa tulokset kolmen tason muodossa:<\/p>\n<ol>\n<li>D-vitamiinin puutos (0-10 ng \/ ml)<\/li>\n<li>Riitt\u00e4m\u00e4t\u00f6n D-vitamiinin m\u00e4\u00e4r\u00e4 (10-30 ng \/ ml)<\/li>\n<li>Riitt\u00e4v\u00e4 m\u00e4\u00e4r\u00e4 D-vitamiinia (30-100 ng \/ ml)<\/li>\n<\/ol>\n<p>Testi tehd\u00e4\u00e4n yksinkertaisella ja nopealla tikulla sormessa, sitten veri pudotetaan testikasettiin. Lis\u00e4\u00e4 mukana toimitettu laimennin ja tulos n\u00e4kyy muutamassa minuutissa. Yksinkertainen ja eritt\u00e4in luotettava. Itsetesti on CE-merkitty.<\/p>\n<h4>D-vitamiinitesti &#8211; tee n\u00e4in:<\/h4>\n<ol>\n<li><span class=\"mobile-undersized-upper\">Puhdista sormesi alkoholia sis\u00e4lt\u00e4v\u00e4ll\u00e4 ihonpuhdistuslapulla.<\/span><\/li>\n<li><span class=\"mobile-undersized-upper\">Pist\u00e4 sitten itse\u00e4si lansetilla sormenp\u00e4\u00e4h\u00e4n.<\/span><\/li>\n<li><span class=\"mobile-undersized-upper\">Ime pipettiin 2-3 tippaa verta.<\/span><\/li>\n<li><span class=\"mobile-undersized-upper\">Pudota 1-2 veritippaa testikasetin koloon (S).<\/span><\/li>\n<li><span class=\"mobile-undersized-upper\">Tiputa sen j\u00e4lkeen yksi pisara puskuriliuosta.<\/span><\/li>\n<li><span class=\"mobile-undersized-upper\">Odota viisi minuuttia ja lue sitten testitulos.<\/span><\/li>\n<\/ol>\n<p><img loading=\"lazy\" decoding=\"async\" class=\"alignnone size-medium wp-image-72927\" src=\"https:\/\/medtest.stagingservers.net\/wp-content\/uploads\/2019\/03\/PSA-procedur-720x231.png\" alt=\"PSA procedur\" width=\"720\" height=\"231\" srcset=\"https:\/\/medtest.stagingservers.net\/wp-content\/uploads\/2019\/03\/PSA-procedur-720x231.png 720w, https:\/\/medtest.stagingservers.net\/wp-content\/uploads\/2019\/03\/PSA-procedur-1200x385.png 1200w, https:\/\/medtest.stagingservers.net\/wp-content\/uploads\/2019\/03\/PSA-procedur-768x246.png 768w, https:\/\/medtest.stagingservers.net\/wp-content\/uploads\/2019\/03\/PSA-procedur-416x134.png 416w, https:\/\/medtest.stagingservers.net\/wp-content\/uploads\/2019\/03\/PSA-procedur-300x96.png 300w, https:\/\/medtest.stagingservers.net\/wp-content\/uploads\/2019\/03\/PSA-procedur-1024x329.png 1024w, https:\/\/medtest.stagingservers.net\/wp-content\/uploads\/2019\/03\/PSA-procedur.png 1455w\" sizes=\"auto, (max-width: 720px) 100vw, 720px\" \/><\/p>\n<p><a href=\"https:\/\/medtest.stagingservers.net\/fi\/yhteydenottolomake\/\">Ota meihin yhteytt\u00e4<\/a>, jos sinulla on kysytt\u00e4v\u00e4\u00e4.<\/p>\n","protected":false},"excerpt":{"rendered":"<ul>\n<li>Tee testi kotona<\/li>\n<li>Tulos kymmeness\u00e4 minuutissa<\/li>\n<li>L\u00e4hetet\u00e4\u00e4n samana p\u00e4iv\u00e4n\u00e4<\/li>\n<li>Postituspakkaus ei paljasta sis\u00e4lt\u00f6\u00e4<\/li>\n<li>Toimitetaan suoraan postilaatikkoon<\/li>\n<li>Tuote on CE-hyv\u00e4ksytty<\/li>\n<\/ul>\n","protected":false},"featured_media":90556,"comment_status":"closed","ping_status":"closed","template":"","meta":{"_acf_changed":false,"footnotes":""},"product_brand":[],"product_cat":[1033],"product_tag":[],"class_list":{"0":"post-90538","1":"product","2":"type-product","3":"status-publish","4":"has-post-thumbnail","6":"product_cat-d-vitamiinitesti","8":"first","9":"instock","10":"taxable","11":"shipping-taxable","12":"purchasable","13":"product-type-simple"},"acf":[],"yoast_head":"<title>D-vitamiinitesti - Tulos kymmeness\u00e4 minuutissaMedtest.shop<\/title>\n<meta name=\"description\" content=\"D-vitamiinitesti - L\u00e4hetet\u00e4\u00e4n samana p\u00e4iv\u00e4n\u00e4. Tuote on CE-hyv\u00e4ksytty. Tulos kymmeness\u00e4 minuutissa -Medtest.shop\" \/>\n<meta name=\"robots\" content=\"noindex, follow, max-snippet:-1, max-image-preview:large, max-video-preview:-1\" \/>\n<meta property=\"og:locale\" content=\"fi_FI\" \/>\n<meta property=\"og:type\" content=\"article\" \/>\n<meta property=\"og:title\" content=\"D-vitamiinitesti - Tulos kymmeness\u00e4 minuutissaMedtest.shop\" \/>\n<meta property=\"og:description\" content=\"D-vitamiinitesti - L\u00e4hetet\u00e4\u00e4n samana p\u00e4iv\u00e4n\u00e4. Tuote on CE-hyv\u00e4ksytty. Tulos kymmeness\u00e4 minuutissa -Medtest.shop\" \/>\n<meta property=\"og:url\" content=\"https:\/\/medtest.stagingservers.net\/fi\/produkt\/d-vitamiinitesti\/\" \/>\n<meta property=\"og:site_name\" content=\"Medtest.shop\" \/>\n<meta property=\"article:publisher\" content=\"https:\/\/www.facebook.com\/Medtest-1440779469392476\/\" \/>\n<meta property=\"article:modified_time\" content=\"2021-02-24T09:37:27+00:00\" \/>\n<meta property=\"og:image\" content=\"https:\/\/medtest.stagingservers.net\/wp-content\/uploads\/2021\/02\/Vitamin-D-FIN-2.jpg\" \/>\n\t<meta property=\"og:image:width\" content=\"768\" \/>\n\t<meta property=\"og:image:height\" content=\"541\" \/>\n\t<meta property=\"og:image:type\" content=\"image\/jpeg\" \/>\n<meta name=\"twitter:card\" content=\"summary_large_image\" \/>\n<script type=\"application\/ld+json\" class=\"yoast-schema-graph\">{\"@context\":\"https:\\\/\\\/schema.org\",\"@graph\":[{\"@type\":\"WebPage\",\"@id\":\"https:\\\/\\\/medtest.stagingservers.net\\\/fi\\\/produkt\\\/d-vitamiinitesti\\\/\",\"url\":\"https:\\\/\\\/medtest.stagingservers.net\\\/fi\\\/produkt\\\/d-vitamiinitesti\\\/\",\"name\":\"D-vitamiinitesti - Tulos kymmeness\u00e4 minuutissaMedtest.shop\",\"isPartOf\":{\"@id\":\"https:\\\/\\\/medtest.stagingservers.net\\\/fi\\\/#website\"},\"primaryImageOfPage\":{\"@id\":\"https:\\\/\\\/medtest.stagingservers.net\\\/fi\\\/produkt\\\/d-vitamiinitesti\\\/#primaryimage\"},\"image\":{\"@id\":\"https:\\\/\\\/medtest.stagingservers.net\\\/fi\\\/produkt\\\/d-vitamiinitesti\\\/#primaryimage\"},\"thumbnailUrl\":\"https:\\\/\\\/medtest.stagingservers.net\\\/wp-content\\\/uploads\\\/2021\\\/02\\\/Vitamin-D-FIN-2.jpg\",\"datePublished\":\"2021-02-17T13:56:42+00:00\",\"dateModified\":\"2021-02-24T09:37:27+00:00\",\"description\":\"D-vitamiinitesti - L\u00e4hetet\u00e4\u00e4n samana p\u00e4iv\u00e4n\u00e4. Tuote on CE-hyv\u00e4ksytty. Tulos kymmeness\u00e4 minuutissa -Medtest.shop\",\"breadcrumb\":{\"@id\":\"https:\\\/\\\/medtest.stagingservers.net\\\/fi\\\/produkt\\\/d-vitamiinitesti\\\/#breadcrumb\"},\"inLanguage\":\"fi-FI\",\"potentialAction\":[{\"@type\":\"ReadAction\",\"target\":[\"https:\\\/\\\/medtest.stagingservers.net\\\/fi\\\/produkt\\\/d-vitamiinitesti\\\/\"]}]},{\"@type\":\"ImageObject\",\"inLanguage\":\"fi-FI\",\"@id\":\"https:\\\/\\\/medtest.stagingservers.net\\\/fi\\\/produkt\\\/d-vitamiinitesti\\\/#primaryimage\",\"url\":\"https:\\\/\\\/medtest.stagingservers.net\\\/wp-content\\\/uploads\\\/2021\\\/02\\\/Vitamin-D-FIN-2.jpg\",\"contentUrl\":\"https:\\\/\\\/medtest.stagingservers.net\\\/wp-content\\\/uploads\\\/2021\\\/02\\\/Vitamin-D-FIN-2.jpg\",\"width\":768,\"height\":541,\"caption\":\"D-vitamiinitesti\"},{\"@type\":\"BreadcrumbList\",\"@id\":\"https:\\\/\\\/medtest.stagingservers.net\\\/fi\\\/produkt\\\/d-vitamiinitesti\\\/#breadcrumb\",\"itemListElement\":[{\"@type\":\"ListItem\",\"position\":1,\"name\":\"Home\",\"item\":\"https:\\\/\\\/medtest.stagingservers.net\\\/fi\\\/\"},{\"@type\":\"ListItem\",\"position\":2,\"name\":\"Shop\",\"item\":\"https:\\\/\\\/medtest.stagingservers.net\\\/fi\\\/shop\\\/\"},{\"@type\":\"ListItem\",\"position\":3,\"name\":\"D-vitamiinitesti\"}]},{\"@type\":\"WebSite\",\"@id\":\"https:\\\/\\\/medtest.stagingservers.net\\\/fi\\\/#website\",\"url\":\"https:\\\/\\\/medtest.stagingservers.net\\\/fi\\\/\",\"name\":\"Medtest.shop\",\"description\":\"\",\"publisher\":{\"@id\":\"https:\\\/\\\/medtest.stagingservers.net\\\/fi\\\/#organization\"},\"potentialAction\":[{\"@type\":\"SearchAction\",\"target\":{\"@type\":\"EntryPoint\",\"urlTemplate\":\"https:\\\/\\\/medtest.stagingservers.net\\\/fi\\\/?s={search_term_string}\"},\"query-input\":{\"@type\":\"PropertyValueSpecification\",\"valueRequired\":true,\"valueName\":\"search_term_string\"}}],\"inLanguage\":\"fi-FI\"},{\"@type\":\"Organization\",\"@id\":\"https:\\\/\\\/medtest.stagingservers.net\\\/fi\\\/#organization\",\"name\":\"Medtest\",\"url\":\"https:\\\/\\\/medtest.stagingservers.net\\\/fi\\\/\",\"logo\":{\"@type\":\"ImageObject\",\"inLanguage\":\"fi-FI\",\"@id\":\"https:\\\/\\\/medtest.stagingservers.net\\\/fi\\\/#\\\/schema\\\/logo\\\/image\\\/\",\"url\":\"https:\\\/\\\/medtest.stagingservers.net\\\/wp-content\\\/uploads\\\/2018\\\/11\\\/Original.png\",\"contentUrl\":\"https:\\\/\\\/medtest.stagingservers.net\\\/wp-content\\\/uploads\\\/2018\\\/11\\\/Original.png\",\"width\":1024,\"height\":1024,\"caption\":\"Medtest\"},\"image\":{\"@id\":\"https:\\\/\\\/medtest.stagingservers.net\\\/fi\\\/#\\\/schema\\\/logo\\\/image\\\/\"},\"sameAs\":[\"https:\\\/\\\/www.facebook.com\\\/Medtest-1440779469392476\\\/\"]}]}<\/script>","yoast_head_json":{"title":"D-vitamiinitesti - Tulos kymmeness\u00e4 minuutissaMedtest.shop","description":"D-vitamiinitesti - L\u00e4hetet\u00e4\u00e4n samana p\u00e4iv\u00e4n\u00e4. Tuote on CE-hyv\u00e4ksytty. Tulos kymmeness\u00e4 minuutissa -Medtest.shop","robots":{"index":"noindex","follow":"follow","max-snippet":"max-snippet:-1","max-image-preview":"max-image-preview:large","max-video-preview":"max-video-preview:-1"},"og_locale":"fi_FI","og_type":"article","og_title":"D-vitamiinitesti - Tulos kymmeness\u00e4 minuutissaMedtest.shop","og_description":"D-vitamiinitesti - L\u00e4hetet\u00e4\u00e4n samana p\u00e4iv\u00e4n\u00e4. Tuote on CE-hyv\u00e4ksytty. Tulos kymmeness\u00e4 minuutissa -Medtest.shop","og_url":"https:\/\/medtest.stagingservers.net\/fi\/produkt\/d-vitamiinitesti\/","og_site_name":"Medtest.shop","article_publisher":"https:\/\/www.facebook.com\/Medtest-1440779469392476\/","article_modified_time":"2021-02-24T09:37:27+00:00","og_image":[{"width":768,"height":541,"url":"https:\/\/medtest.stagingservers.net\/wp-content\/uploads\/2021\/02\/Vitamin-D-FIN-2.jpg","type":"image\/jpeg"}],"twitter_card":"summary_large_image","schema":{"@context":"https:\/\/schema.org","@graph":[{"@type":"WebPage","@id":"https:\/\/medtest.stagingservers.net\/fi\/produkt\/d-vitamiinitesti\/","url":"https:\/\/medtest.stagingservers.net\/fi\/produkt\/d-vitamiinitesti\/","name":"D-vitamiinitesti - Tulos kymmeness\u00e4 minuutissaMedtest.shop","isPartOf":{"@id":"https:\/\/medtest.stagingservers.net\/fi\/#website"},"primaryImageOfPage":{"@id":"https:\/\/medtest.stagingservers.net\/fi\/produkt\/d-vitamiinitesti\/#primaryimage"},"image":{"@id":"https:\/\/medtest.stagingservers.net\/fi\/produkt\/d-vitamiinitesti\/#primaryimage"},"thumbnailUrl":"https:\/\/medtest.stagingservers.net\/wp-content\/uploads\/2021\/02\/Vitamin-D-FIN-2.jpg","datePublished":"2021-02-17T13:56:42+00:00","dateModified":"2021-02-24T09:37:27+00:00","description":"D-vitamiinitesti - L\u00e4hetet\u00e4\u00e4n samana p\u00e4iv\u00e4n\u00e4. Tuote on CE-hyv\u00e4ksytty. Tulos kymmeness\u00e4 minuutissa -Medtest.shop","breadcrumb":{"@id":"https:\/\/medtest.stagingservers.net\/fi\/produkt\/d-vitamiinitesti\/#breadcrumb"},"inLanguage":"fi-FI","potentialAction":[{"@type":"ReadAction","target":["https:\/\/medtest.stagingservers.net\/fi\/produkt\/d-vitamiinitesti\/"]}]},{"@type":"ImageObject","inLanguage":"fi-FI","@id":"https:\/\/medtest.stagingservers.net\/fi\/produkt\/d-vitamiinitesti\/#primaryimage","url":"https:\/\/medtest.stagingservers.net\/wp-content\/uploads\/2021\/02\/Vitamin-D-FIN-2.jpg","contentUrl":"https:\/\/medtest.stagingservers.net\/wp-content\/uploads\/2021\/02\/Vitamin-D-FIN-2.jpg","width":768,"height":541,"caption":"D-vitamiinitesti"},{"@type":"BreadcrumbList","@id":"https:\/\/medtest.stagingservers.net\/fi\/produkt\/d-vitamiinitesti\/#breadcrumb","itemListElement":[{"@type":"ListItem","position":1,"name":"Home","item":"https:\/\/medtest.stagingservers.net\/fi\/"},{"@type":"ListItem","position":2,"name":"Shop","item":"https:\/\/medtest.stagingservers.net\/fi\/shop\/"},{"@type":"ListItem","position":3,"name":"D-vitamiinitesti"}]},{"@type":"WebSite","@id":"https:\/\/medtest.stagingservers.net\/fi\/#website","url":"https:\/\/medtest.stagingservers.net\/fi\/","name":"Medtest.shop","description":"","publisher":{"@id":"https:\/\/medtest.stagingservers.net\/fi\/#organization"},"potentialAction":[{"@type":"SearchAction","target":{"@type":"EntryPoint","urlTemplate":"https:\/\/medtest.stagingservers.net\/fi\/?s={search_term_string}"},"query-input":{"@type":"PropertyValueSpecification","valueRequired":true,"valueName":"search_term_string"}}],"inLanguage":"fi-FI"},{"@type":"Organization","@id":"https:\/\/medtest.stagingservers.net\/fi\/#organization","name":"Medtest","url":"https:\/\/medtest.stagingservers.net\/fi\/","logo":{"@type":"ImageObject","inLanguage":"fi-FI","@id":"https:\/\/medtest.stagingservers.net\/fi\/#\/schema\/logo\/image\/","url":"https:\/\/medtest.stagingservers.net\/wp-content\/uploads\/2018\/11\/Original.png","contentUrl":"https:\/\/medtest.stagingservers.net\/wp-content\/uploads\/2018\/11\/Original.png","width":1024,"height":1024,"caption":"Medtest"},"image":{"@id":"https:\/\/medtest.stagingservers.net\/fi\/#\/schema\/logo\/image\/"},"sameAs":["https:\/\/www.facebook.com\/Medtest-1440779469392476\/"]}]}},"_links":{"self":[{"href":"https:\/\/medtest.stagingservers.net\/fi\/wp-json\/wp\/v2\/product\/90538","targetHints":{"allow":["GET"]}}],"collection":[{"href":"https:\/\/medtest.stagingservers.net\/fi\/wp-json\/wp\/v2\/product"}],"about":[{"href":"https:\/\/medtest.stagingservers.net\/fi\/wp-json\/wp\/v2\/types\/product"}],"replies":[{"embeddable":true,"href":"https:\/\/medtest.stagingservers.net\/fi\/wp-json\/wp\/v2\/comments?post=90538"}],"version-history":[{"count":4,"href":"https:\/\/medtest.stagingservers.net\/fi\/wp-json\/wp\/v2\/product\/90538\/revisions"}],"predecessor-version":[{"id":90832,"href":"https:\/\/medtest.stagingservers.net\/fi\/wp-json\/wp\/v2\/product\/90538\/revisions\/90832"}],"wp:featuredmedia":[{"embeddable":true,"href":"https:\/\/medtest.stagingservers.net\/fi\/wp-json\/wp\/v2\/media\/90556"}],"wp:attachment":[{"href":"https:\/\/medtest.stagingservers.net\/fi\/wp-json\/wp\/v2\/media?parent=90538"}],"wp:term":[{"taxonomy":"product_brand","embeddable":true,"href":"https:\/\/medtest.stagingservers.net\/fi\/wp-json\/wp\/v2\/product_brand?post=90538"},{"taxonomy":"product_cat","embeddable":true,"href":"https:\/\/medtest.stagingservers.net\/fi\/wp-json\/wp\/v2\/product_cat?post=90538"},{"taxonomy":"product_tag","embeddable":true,"href":"https:\/\/medtest.stagingservers.net\/fi\/wp-json\/wp\/v2\/product_tag?post=90538"}],"curies":[{"name":"wp","href":"https:\/\/api.w.org\/{rel}","templated":true}]}}