{"id":12771,"date":"2013-10-30T09:23:07","date_gmt":"2013-10-30T09:23:07","guid":{"rendered":"https:\/\/the7.io\/main\/dummy\/?page_id=12771"},"modified":"2021-03-09T15:01:11","modified_gmt":"2021-03-09T13:01:11","slug":"om-oss","status":"publish","type":"page","link":"https:\/\/medtest.stagingservers.net\/no\/om-oss\/","title":{"rendered":"Om oss"},"content":{"rendered":"\n<h2 class=\"wp-block-heading\">Siden 2016 har vi levert billige tester som du enkelt og trygt utf\u00f8rer hjemme i fred og ro.<\/h2>\n\n\n\n<p>Hvis du har smerter mens du tisser, tilbyr vi testpinner for urinveisinfeksjon.<\/p>\n\n\n\n<p>Hvis du planlegger \u00e5 bli gravid eller vil finne ut om du er gravid, tilbyr vi alt innen eggl\u00f8sningstest og graviditetstest.<\/p>\n\n\n\n<p>Vi har levert til over 10.000 forn\u00f8yde kunder i Norden siden oppstarten.<\/p>\n\n\n\n<p><strong>Firmaets historie<\/strong><\/p>\n\n\n\n<p>Medtest ble grunnlagt i 2015<\/p>\n\n\n\n<p><strong>Specialistkompetens<\/strong><\/p>\n\n\n\n<p>Grunnleggeren av Medtest er utdannet lege i analytisk kjemi i Sverige og har forsket p\u00e5 medisinsk teknologi i 11 \u00e5r. In vitro-analyser og kromatografiske analyser er noe vi har veldig h\u00f8y kompetanse p\u00e5. Hvis du har sp\u00f8rsm\u00e5l om testene v\u00e5re, kan du sende en henvendelse til order@medtest.shop (merk sp\u00f8rsm\u00e5let med &laquo;spesialist&raquo; i tittelen).<\/p>\n\n\n\n<p><strong>Visjonen v\u00e5r<\/strong><\/p>\n\n\n\n<p>V\u00e5r visjon er \u00e5 tilby hjemmetester som p\u00e5 forskjellige m\u00e5ter letter din hverdag. Vi handler direkte fra en grossist og kan dermed holde lave priser p\u00e5 testene v\u00e5re.<\/p>\n\n\n\n<p><strong>Kort leve<\/strong>ringstid<\/p>\n\n\n\n<p>Vi streber etter \u00e5 ha kortest mulig leveringstid. Bestillinger som er lagt f\u00f8r kl. 15.00, blir levert til postkassen dagen etter. Dette er A og O for v\u00e5r virksomhet. Leveransene fraktes av PostNord eller DB Schenker (GLS).<\/p>\n\n\n\n<p><strong>V\u00e5re produkter<\/strong><\/p>\n\n\n\n<p>V\u00e5re produkter er av h\u00f8yeste kvalitet i samsvar med gjeldende myndighetskrav. Alle produktene er CE-godkjent enten som hjemmetest eller til profesjonell bruk (designet for bruk av medisinsk fagpersonell med klare og enkle instruksjoner).  Testene gir enkle positive eller negative resultater og er CE-godkjent for profesjonell bruk, i samsvar med de essensielle kravene i det relevante EF-direktiv 98\/79 \/ EF om in vitro diagnostisk medisinsk utstyr. <\/p>\n\n\n\n<p><\/p>\n","protected":false},"excerpt":{"rendered":"<p>Siden 2016 har vi levert billige tester som du enkelt og trygt utf\u00f8rer hjemme i fred og ro. Hvis du har smerter mens du tisser, tilbyr vi testpinner for urinveisinfeksjon. Hvis du planlegger \u00e5 bli gravid eller vil finne ut om du er gravid, tilbyr vi alt innen eggl\u00f8sningstest og graviditetstest. Vi har levert til [&hellip;]<\/p>\n","protected":false},"author":1,"featured_media":0,"parent":0,"menu_order":10,"comment_status":"closed","ping_status":"closed","template":"","meta":{"_acf_changed":false,"footnotes":""},"class_list":["post-12771","page","type-page","status-publish","hentry"],"acf":[],"yoast_head":"<title>Om oss - V\u00e5rt sortiment dekker de fleste av disse sykdommene - Medtest<\/title>\n<meta name=\"description\" content=\"Om oss - V\u00e5rt sortiment dekker de fleste av disse sykdommene, som overf\u00f8res i seksuell aktivitet som: Chlamydia-, Gonor\u00e9-, Syfilis-, Herpes- og HIV-testing.\" \/>\n<meta name=\"robots\" content=\"noindex, follow, max-snippet:-1, max-image-preview:large, max-video-preview:-1\" \/>\n<meta property=\"og:locale\" content=\"nb_NO\" \/>\n<meta property=\"og:type\" content=\"article\" \/>\n<meta property=\"og:title\" content=\"Om oss - V\u00e5rt sortiment dekker de fleste av disse sykdommene - Medtest\" \/>\n<meta property=\"og:description\" content=\"Om oss - V\u00e5rt sortiment dekker de fleste av disse sykdommene, som overf\u00f8res i seksuell aktivitet som: Chlamydia-, Gonor\u00e9-, Syfilis-, Herpes- og HIV-testing.\" \/>\n<meta property=\"og:url\" content=\"https:\/\/medtest.stagingservers.net\/no\/om-oss\/\" \/>\n<meta property=\"og:site_name\" content=\"Medtest.shop\" \/>\n<meta property=\"article:publisher\" content=\"https:\/\/www.facebook.com\/Medtest-1440779469392476\/\" \/>\n<meta property=\"article:modified_time\" content=\"2021-03-09T13:01:11+00:00\" \/>\n<meta name=\"twitter:card\" content=\"summary_large_image\" \/>\n<script type=\"application\/ld+json\" class=\"yoast-schema-graph\">{\"@context\":\"https:\\\/\\\/schema.org\",\"@graph\":[{\"@type\":\"WebPage\",\"@id\":\"https:\\\/\\\/medtest.stagingservers.net\\\/no\\\/om-oss\\\/\",\"url\":\"https:\\\/\\\/medtest.stagingservers.net\\\/no\\\/om-oss\\\/\",\"name\":\"Om oss - V\u00e5rt sortiment dekker de fleste av disse sykdommene - Medtest\",\"isPartOf\":{\"@id\":\"https:\\\/\\\/medtest.stagingservers.net\\\/no\\\/#website\"},\"datePublished\":\"2013-10-30T09:23:07+00:00\",\"dateModified\":\"2021-03-09T13:01:11+00:00\",\"description\":\"Om oss - V\u00e5rt sortiment dekker de fleste av disse sykdommene, som overf\u00f8res i seksuell aktivitet som: Chlamydia-, Gonor\u00e9-, Syfilis-, Herpes- og HIV-testing.\",\"breadcrumb\":{\"@id\":\"https:\\\/\\\/medtest.stagingservers.net\\\/no\\\/om-oss\\\/#breadcrumb\"},\"inLanguage\":\"nb-NO\",\"potentialAction\":[{\"@type\":\"ReadAction\",\"target\":[\"https:\\\/\\\/medtest.stagingservers.net\\\/no\\\/om-oss\\\/\"]}]},{\"@type\":\"BreadcrumbList\",\"@id\":\"https:\\\/\\\/medtest.stagingservers.net\\\/no\\\/om-oss\\\/#breadcrumb\",\"itemListElement\":[{\"@type\":\"ListItem\",\"position\":1,\"name\":\"Home\",\"item\":\"https:\\\/\\\/medtest.stagingservers.net\\\/no\\\/\"},{\"@type\":\"ListItem\",\"position\":2,\"name\":\"Om oss\"}]},{\"@type\":\"WebSite\",\"@id\":\"https:\\\/\\\/medtest.stagingservers.net\\\/no\\\/#website\",\"url\":\"https:\\\/\\\/medtest.stagingservers.net\\\/no\\\/\",\"name\":\"Medtest.shop\",\"description\":\"\",\"publisher\":{\"@id\":\"https:\\\/\\\/medtest.stagingservers.net\\\/no\\\/#organization\"},\"potentialAction\":[{\"@type\":\"SearchAction\",\"target\":{\"@type\":\"EntryPoint\",\"urlTemplate\":\"https:\\\/\\\/medtest.stagingservers.net\\\/no\\\/?s={search_term_string}\"},\"query-input\":{\"@type\":\"PropertyValueSpecification\",\"valueRequired\":true,\"valueName\":\"search_term_string\"}}],\"inLanguage\":\"nb-NO\"},{\"@type\":\"Organization\",\"@id\":\"https:\\\/\\\/medtest.stagingservers.net\\\/no\\\/#organization\",\"name\":\"Medtest\",\"url\":\"https:\\\/\\\/medtest.stagingservers.net\\\/no\\\/\",\"logo\":{\"@type\":\"ImageObject\",\"inLanguage\":\"nb-NO\",\"@id\":\"https:\\\/\\\/medtest.stagingservers.net\\\/no\\\/#\\\/schema\\\/logo\\\/image\\\/\",\"url\":\"https:\\\/\\\/medtest.stagingservers.net\\\/wp-content\\\/uploads\\\/2018\\\/11\\\/Original.png\",\"contentUrl\":\"https:\\\/\\\/medtest.stagingservers.net\\\/wp-content\\\/uploads\\\/2018\\\/11\\\/Original.png\",\"width\":1024,\"height\":1024,\"caption\":\"Medtest\"},\"image\":{\"@id\":\"https:\\\/\\\/medtest.stagingservers.net\\\/no\\\/#\\\/schema\\\/logo\\\/image\\\/\"},\"sameAs\":[\"https:\\\/\\\/www.facebook.com\\\/Medtest-1440779469392476\\\/\"]}]}<\/script>","yoast_head_json":{"title":"Om oss - V\u00e5rt sortiment dekker de fleste av disse sykdommene - Medtest","description":"Om oss - V\u00e5rt sortiment dekker de fleste av disse sykdommene, som overf\u00f8res i seksuell aktivitet som: Chlamydia-, Gonor\u00e9-, Syfilis-, Herpes- og HIV-testing.","robots":{"index":"noindex","follow":"follow","max-snippet":"max-snippet:-1","max-image-preview":"max-image-preview:large","max-video-preview":"max-video-preview:-1"},"og_locale":"nb_NO","og_type":"article","og_title":"Om oss - V\u00e5rt sortiment dekker de fleste av disse sykdommene - Medtest","og_description":"Om oss - V\u00e5rt sortiment dekker de fleste av disse sykdommene, som overf\u00f8res i seksuell aktivitet som: Chlamydia-, Gonor\u00e9-, Syfilis-, Herpes- og HIV-testing.","og_url":"https:\/\/medtest.stagingservers.net\/no\/om-oss\/","og_site_name":"Medtest.shop","article_publisher":"https:\/\/www.facebook.com\/Medtest-1440779469392476\/","article_modified_time":"2021-03-09T13:01:11+00:00","twitter_card":"summary_large_image","schema":{"@context":"https:\/\/schema.org","@graph":[{"@type":"WebPage","@id":"https:\/\/medtest.stagingservers.net\/no\/om-oss\/","url":"https:\/\/medtest.stagingservers.net\/no\/om-oss\/","name":"Om oss - V\u00e5rt sortiment dekker de fleste av disse sykdommene - Medtest","isPartOf":{"@id":"https:\/\/medtest.stagingservers.net\/no\/#website"},"datePublished":"2013-10-30T09:23:07+00:00","dateModified":"2021-03-09T13:01:11+00:00","description":"Om oss - V\u00e5rt sortiment dekker de fleste av disse sykdommene, som overf\u00f8res i seksuell aktivitet som: Chlamydia-, Gonor\u00e9-, Syfilis-, Herpes- og HIV-testing.","breadcrumb":{"@id":"https:\/\/medtest.stagingservers.net\/no\/om-oss\/#breadcrumb"},"inLanguage":"nb-NO","potentialAction":[{"@type":"ReadAction","target":["https:\/\/medtest.stagingservers.net\/no\/om-oss\/"]}]},{"@type":"BreadcrumbList","@id":"https:\/\/medtest.stagingservers.net\/no\/om-oss\/#breadcrumb","itemListElement":[{"@type":"ListItem","position":1,"name":"Home","item":"https:\/\/medtest.stagingservers.net\/no\/"},{"@type":"ListItem","position":2,"name":"Om oss"}]},{"@type":"WebSite","@id":"https:\/\/medtest.stagingservers.net\/no\/#website","url":"https:\/\/medtest.stagingservers.net\/no\/","name":"Medtest.shop","description":"","publisher":{"@id":"https:\/\/medtest.stagingservers.net\/no\/#organization"},"potentialAction":[{"@type":"SearchAction","target":{"@type":"EntryPoint","urlTemplate":"https:\/\/medtest.stagingservers.net\/no\/?s={search_term_string}"},"query-input":{"@type":"PropertyValueSpecification","valueRequired":true,"valueName":"search_term_string"}}],"inLanguage":"nb-NO"},{"@type":"Organization","@id":"https:\/\/medtest.stagingservers.net\/no\/#organization","name":"Medtest","url":"https:\/\/medtest.stagingservers.net\/no\/","logo":{"@type":"ImageObject","inLanguage":"nb-NO","@id":"https:\/\/medtest.stagingservers.net\/no\/#\/schema\/logo\/image\/","url":"https:\/\/medtest.stagingservers.net\/wp-content\/uploads\/2018\/11\/Original.png","contentUrl":"https:\/\/medtest.stagingservers.net\/wp-content\/uploads\/2018\/11\/Original.png","width":1024,"height":1024,"caption":"Medtest"},"image":{"@id":"https:\/\/medtest.stagingservers.net\/no\/#\/schema\/logo\/image\/"},"sameAs":["https:\/\/www.facebook.com\/Medtest-1440779469392476\/"]}]}},"_links":{"self":[{"href":"https:\/\/medtest.stagingservers.net\/no\/wp-json\/wp\/v2\/pages\/12771","targetHints":{"allow":["GET"]}}],"collection":[{"href":"https:\/\/medtest.stagingservers.net\/no\/wp-json\/wp\/v2\/pages"}],"about":[{"href":"https:\/\/medtest.stagingservers.net\/no\/wp-json\/wp\/v2\/types\/page"}],"author":[{"embeddable":true,"href":"https:\/\/medtest.stagingservers.net\/no\/wp-json\/wp\/v2\/users\/1"}],"replies":[{"embeddable":true,"href":"https:\/\/medtest.stagingservers.net\/no\/wp-json\/wp\/v2\/comments?post=12771"}],"version-history":[{"count":1,"href":"https:\/\/medtest.stagingservers.net\/no\/wp-json\/wp\/v2\/pages\/12771\/revisions"}],"predecessor-version":[{"id":91363,"href":"https:\/\/medtest.stagingservers.net\/no\/wp-json\/wp\/v2\/pages\/12771\/revisions\/91363"}],"wp:attachment":[{"href":"https:\/\/medtest.stagingservers.net\/no\/wp-json\/wp\/v2\/media?parent=12771"}],"curies":[{"name":"wp","href":"https:\/\/api.w.org\/{rel}","templated":true}]}}