{"id":55056,"date":"2019-01-29T10:49:30","date_gmt":"2019-01-29T10:49:30","guid":{"rendered":"http:\/\/104.248.87.71\/?page_id=54755"},"modified":"2021-03-09T15:14:32","modified_gmt":"2021-03-09T13:14:32","slug":"forhold","status":"publish","type":"page","link":"https:\/\/medtest.stagingservers.net\/no\/forhold\/","title":{"rendered":"Forhold"},"content":{"rendered":"\n<p><strong>Priser og betal<\/strong>ing <\/p>\n\n\n\n<p>Hver vare er oppf\u00f8rt med pris inkludert moms. I handlekurven kan du se totalprisen inkludert alle avgifter. Betalingsvilk\u00e5r er angitt i handlekurven, avhengig av valgt betalingsm\u00e5te. Det p\u00e5l\u00f8per ingen fraktkostnader hvis ordren overstiger 500 SEK<\/p>\n\n\n\n<p><strong>Angrerett<\/strong> <\/p>\n\n\n\n<p>Din angrerett (uttaksperiode) er gyldig i 14 dager. I meldingen din til oss m\u00e5 det v\u00e6re klart at du angrer p\u00e5 det. Uttaksperioden begynner den dagen du mottok varen. Du har ingen angrerett hvis: Du har brukt produktet. Hvis produktet er defekt, har du selvf\u00f8lgelig rett til \u00e5 angre p\u00e5 det. N\u00e5r du har benyttet deg av angreretten: Du er forpliktet til \u00e5 holde produktet i like god stand som da du mottok det. Du m\u00e5 ikke bruke den, men selvf\u00f8lgelig unders\u00f8ke den n\u00f8ye. Hvis varen blir skadet eller mistet p\u00e5 grunn av uaktsomhet, mister du angreretten<\/p>\n\n\n\n<p><strong>Privat Policy<\/strong> <\/p>\n\n\n\n<p>N\u00e5r du bestiller hos oss, oppgir du personlig informasjon. I forbindelse med din registrering og bestilling godtar du at vi lagrer og bruker informasjonen din i v\u00e5r virksomhet for \u00e5 oppfylle avtalen med deg. I henhold til personopplysningsloven har du rett til \u00e5 motta informasjonen vi har registrert om deg. Hvis den er feil, ufullstendig eller irrelevant, kan du be om at informasjonen blir rettet eller slettet. I s\u00e5 fall kan du kontakte oss via e-post.<\/p>\n\n\n\n<p><strong>Cookies<\/strong> <\/p>\n\n\n\n<p>Denne nettbutikken bruker informasjonskapsler i samsvar med loven om elektronisk kommunikasjon, 25. juli 2003. En informasjonskapsel er en liten tekstfil som er lagret p\u00e5 datamaskinen din, og som inneholder informasjon som hjelper nettbutikken med \u00e5 identifisere og spore brukere. Informasjonskapsler er tilgjengelige som sesjonskapsler og som informasjonskapsler som lagres permanent p\u00e5 datamaskinen din. Under ditt f\u00f8rste bes\u00f8k i nettbutikken vil nettleseren din bli tildelt en \u00f8kt-informasjonskapsel som er unik og brukes til \u00e5 ikke forvirre deg som bruker med andre brukere. For \u00e5 kunne bruke nettbutikken, b\u00f8r du tillate informasjonskapsler i nettleseren din. Denne typen informasjonskapsler brukes bare for \u00e5 gi deg som bes\u00f8kende en bedre opplevelse og st\u00f8tte og lagrer ikke personlig informasjon om deg. Informasjonskapsler kan slettes. Denne nettbutikken bruker for eksempel informasjonskapsler for \u00e5 holde oversikt over handlekurven din, innstillingene dine og hvilke sider du har bes\u00f8kt for \u00e5 gi deg en bedre kundeopplevelse og support.<\/p>\n\n\n\n<p><strong>Leveranser<\/strong> <\/p>\n\n\n\n<p>Leveringstid er 1-3 dager. Hvis en vare har en annen leveringstid, oppgis den ved siden av den aktuelle varen.<\/p>\n\n\n\n<p><strong>Returer<\/strong> <\/p>\n\n\n\n<p>Retur er laget for egen regning med mindre varen er defekt eller hvis vi har pakket feil &#8211; s\u00e5 er vi ansvarlige for kostnaden. Andre returer m\u00e5 sendes som et anbefalt brev, du m\u00e5 kunne presentere en kvittering med sporingsnummer. Forpliktelse til tilbakebetaling: Hvis du har benyttet deg av angreretten din, vil vi tilbakebetale det du har betalt for varen s\u00e5 snart som mulig eller senest 30 dager fra dagen vi mottok varen. Du m\u00e5 selv betale returkostnadene n\u00e5r du returnerer varen. Din angrerett (uttaksperiode) gjelder i 14 dager. I meldingen din til oss m\u00e5 det v\u00e6re klart at du angrer p\u00e5 det. Uttaksperioden starter den dagen du mottok varen.<\/p>\n\n\n\n<p><strong>Betalningsmetoder<\/strong> <\/p>\n\n\n\n<p><em>Kreditt- \/ debetkort <\/em><\/p>\n\n\n\n<p>Velg kredittkort \/ debetkort du vil betale med i kassen, og fyll ut obligatorisk informasjon. Ingen ekstra kostnader unntatt mulig. frakt vil bli lagt ti. <\/p>\n\n\n\n<p>N\u00e5r blir bel\u00f8pet trukket fra kortet mitt?<br>N\u00e5r du bestiller, vil kortet ditt bli godkjent, og du vil motta en e-post som bekrefter at bestillingen er mottatt. Bel\u00f8pet trekkes imidlertid bare n\u00e5r varene forlater v\u00e5rt lager. Hvis kortet ditt ikke godtas og ingen bel\u00f8p kan trekkes fra, vises en melding p\u00e5 skjermen om at betalingen mislyktes.<\/p>\n\n\n\n<p>Husk at selv om betalingen ikke ble godkjent, forbeholder noen kortutstedere bel\u00f8pet. Dette kan bety at du ikke kan bruke det reserverte bel\u00f8pet p\u00e5 en stund\u00a0<\/p>\n\n\n\n<p>Hvor trygt er det \u00e5 handle med kort p\u00e5 nettet?<br>Alle kortinnehavere m\u00e5 v\u00e6re godkjent av b\u00e5de kortutstederen og oss, for maksimal sikkerhet og for \u00e5 forhindre kriminalitet. Vi tar sikkerhet veldig seri\u00f8st, s\u00e5 vi gir ikke informasjon om deg til andre.<\/p>\n\n\n\n<p><strong>Forretningsdetaljer<\/strong><\/p>\n\n\n\n<p> Camerix AB, Vikingagatan 23, 21618 Limhamn<\/p>\n\n\n\n<p><strong>Kontakt<\/strong>\nOrder@medtest.shop<\/p>\n","protected":false},"excerpt":{"rendered":"<p>Priser og betaling Hver vare er oppf\u00f8rt med pris inkludert moms. I handlekurven kan du se totalprisen inkludert alle avgifter. Betalingsvilk\u00e5r er angitt i handlekurven, avhengig av valgt betalingsm\u00e5te. Det p\u00e5l\u00f8per ingen fraktkostnader hvis ordren overstiger 500 SEK Angrerett Din angrerett (uttaksperiode) er gyldig i 14 dager. I meldingen din til oss m\u00e5 det v\u00e6re [&hellip;]<\/p>\n","protected":false},"author":1,"featured_media":0,"parent":0,"menu_order":0,"comment_status":"closed","ping_status":"closed","template":"","meta":{"_acf_changed":false,"footnotes":""},"class_list":["post-55056","page","type-page","status-publish","hentry"],"acf":[],"yoast_head":"<title>Forhold - Medtest.shop<\/title>\n<meta name=\"description\" content=\"Forhold - Medtest.shop\" \/>\n<meta name=\"robots\" content=\"noindex, follow, max-snippet:-1, max-image-preview:large, max-video-preview:-1\" \/>\n<meta property=\"og:locale\" content=\"nb_NO\" \/>\n<meta property=\"og:type\" content=\"article\" \/>\n<meta property=\"og:title\" content=\"Forhold - Medtest.shop\" \/>\n<meta property=\"og:description\" content=\"Forhold - Medtest.shop\" \/>\n<meta property=\"og:url\" content=\"https:\/\/medtest.stagingservers.net\/no\/forhold\/\" \/>\n<meta property=\"og:site_name\" content=\"Medtest.shop\" \/>\n<meta property=\"article:publisher\" content=\"https:\/\/www.facebook.com\/Medtest-1440779469392476\/\" \/>\n<meta property=\"article:modified_time\" content=\"2021-03-09T13:14:32+00:00\" \/>\n<meta name=\"twitter:card\" content=\"summary_large_image\" \/>\n<script type=\"application\/ld+json\" class=\"yoast-schema-graph\">{\"@context\":\"https:\\\/\\\/schema.org\",\"@graph\":[{\"@type\":\"WebPage\",\"@id\":\"https:\\\/\\\/medtest.stagingservers.net\\\/no\\\/forhold\\\/\",\"url\":\"https:\\\/\\\/medtest.stagingservers.net\\\/no\\\/forhold\\\/\",\"name\":\"Forhold - Medtest.shop\",\"isPartOf\":{\"@id\":\"https:\\\/\\\/medtest.stagingservers.net\\\/no\\\/#website\"},\"datePublished\":\"2019-01-29T10:49:30+00:00\",\"dateModified\":\"2021-03-09T13:14:32+00:00\",\"description\":\"Forhold - Medtest.shop\",\"breadcrumb\":{\"@id\":\"https:\\\/\\\/medtest.stagingservers.net\\\/no\\\/forhold\\\/#breadcrumb\"},\"inLanguage\":\"nb-NO\",\"potentialAction\":[{\"@type\":\"ReadAction\",\"target\":[\"https:\\\/\\\/medtest.stagingservers.net\\\/no\\\/forhold\\\/\"]}]},{\"@type\":\"BreadcrumbList\",\"@id\":\"https:\\\/\\\/medtest.stagingservers.net\\\/no\\\/forhold\\\/#breadcrumb\",\"itemListElement\":[{\"@type\":\"ListItem\",\"position\":1,\"name\":\"Home\",\"item\":\"https:\\\/\\\/medtest.stagingservers.net\\\/no\\\/\"},{\"@type\":\"ListItem\",\"position\":2,\"name\":\"Forhold\"}]},{\"@type\":\"WebSite\",\"@id\":\"https:\\\/\\\/medtest.stagingservers.net\\\/no\\\/#website\",\"url\":\"https:\\\/\\\/medtest.stagingservers.net\\\/no\\\/\",\"name\":\"Medtest.shop\",\"description\":\"\",\"publisher\":{\"@id\":\"https:\\\/\\\/medtest.stagingservers.net\\\/no\\\/#organization\"},\"potentialAction\":[{\"@type\":\"SearchAction\",\"target\":{\"@type\":\"EntryPoint\",\"urlTemplate\":\"https:\\\/\\\/medtest.stagingservers.net\\\/no\\\/?s={search_term_string}\"},\"query-input\":{\"@type\":\"PropertyValueSpecification\",\"valueRequired\":true,\"valueName\":\"search_term_string\"}}],\"inLanguage\":\"nb-NO\"},{\"@type\":\"Organization\",\"@id\":\"https:\\\/\\\/medtest.stagingservers.net\\\/no\\\/#organization\",\"name\":\"Medtest\",\"url\":\"https:\\\/\\\/medtest.stagingservers.net\\\/no\\\/\",\"logo\":{\"@type\":\"ImageObject\",\"inLanguage\":\"nb-NO\",\"@id\":\"https:\\\/\\\/medtest.stagingservers.net\\\/no\\\/#\\\/schema\\\/logo\\\/image\\\/\",\"url\":\"https:\\\/\\\/medtest.stagingservers.net\\\/wp-content\\\/uploads\\\/2018\\\/11\\\/Original.png\",\"contentUrl\":\"https:\\\/\\\/medtest.stagingservers.net\\\/wp-content\\\/uploads\\\/2018\\\/11\\\/Original.png\",\"width\":1024,\"height\":1024,\"caption\":\"Medtest\"},\"image\":{\"@id\":\"https:\\\/\\\/medtest.stagingservers.net\\\/no\\\/#\\\/schema\\\/logo\\\/image\\\/\"},\"sameAs\":[\"https:\\\/\\\/www.facebook.com\\\/Medtest-1440779469392476\\\/\"]}]}<\/script>","yoast_head_json":{"title":"Forhold - Medtest.shop","description":"Forhold - Medtest.shop","robots":{"index":"noindex","follow":"follow","max-snippet":"max-snippet:-1","max-image-preview":"max-image-preview:large","max-video-preview":"max-video-preview:-1"},"og_locale":"nb_NO","og_type":"article","og_title":"Forhold - Medtest.shop","og_description":"Forhold - Medtest.shop","og_url":"https:\/\/medtest.stagingservers.net\/no\/forhold\/","og_site_name":"Medtest.shop","article_publisher":"https:\/\/www.facebook.com\/Medtest-1440779469392476\/","article_modified_time":"2021-03-09T13:14:32+00:00","twitter_card":"summary_large_image","schema":{"@context":"https:\/\/schema.org","@graph":[{"@type":"WebPage","@id":"https:\/\/medtest.stagingservers.net\/no\/forhold\/","url":"https:\/\/medtest.stagingservers.net\/no\/forhold\/","name":"Forhold - Medtest.shop","isPartOf":{"@id":"https:\/\/medtest.stagingservers.net\/no\/#website"},"datePublished":"2019-01-29T10:49:30+00:00","dateModified":"2021-03-09T13:14:32+00:00","description":"Forhold - Medtest.shop","breadcrumb":{"@id":"https:\/\/medtest.stagingservers.net\/no\/forhold\/#breadcrumb"},"inLanguage":"nb-NO","potentialAction":[{"@type":"ReadAction","target":["https:\/\/medtest.stagingservers.net\/no\/forhold\/"]}]},{"@type":"BreadcrumbList","@id":"https:\/\/medtest.stagingservers.net\/no\/forhold\/#breadcrumb","itemListElement":[{"@type":"ListItem","position":1,"name":"Home","item":"https:\/\/medtest.stagingservers.net\/no\/"},{"@type":"ListItem","position":2,"name":"Forhold"}]},{"@type":"WebSite","@id":"https:\/\/medtest.stagingservers.net\/no\/#website","url":"https:\/\/medtest.stagingservers.net\/no\/","name":"Medtest.shop","description":"","publisher":{"@id":"https:\/\/medtest.stagingservers.net\/no\/#organization"},"potentialAction":[{"@type":"SearchAction","target":{"@type":"EntryPoint","urlTemplate":"https:\/\/medtest.stagingservers.net\/no\/?s={search_term_string}"},"query-input":{"@type":"PropertyValueSpecification","valueRequired":true,"valueName":"search_term_string"}}],"inLanguage":"nb-NO"},{"@type":"Organization","@id":"https:\/\/medtest.stagingservers.net\/no\/#organization","name":"Medtest","url":"https:\/\/medtest.stagingservers.net\/no\/","logo":{"@type":"ImageObject","inLanguage":"nb-NO","@id":"https:\/\/medtest.stagingservers.net\/no\/#\/schema\/logo\/image\/","url":"https:\/\/medtest.stagingservers.net\/wp-content\/uploads\/2018\/11\/Original.png","contentUrl":"https:\/\/medtest.stagingservers.net\/wp-content\/uploads\/2018\/11\/Original.png","width":1024,"height":1024,"caption":"Medtest"},"image":{"@id":"https:\/\/medtest.stagingservers.net\/no\/#\/schema\/logo\/image\/"},"sameAs":["https:\/\/www.facebook.com\/Medtest-1440779469392476\/"]}]}},"_links":{"self":[{"href":"https:\/\/medtest.stagingservers.net\/no\/wp-json\/wp\/v2\/pages\/55056","targetHints":{"allow":["GET"]}}],"collection":[{"href":"https:\/\/medtest.stagingservers.net\/no\/wp-json\/wp\/v2\/pages"}],"about":[{"href":"https:\/\/medtest.stagingservers.net\/no\/wp-json\/wp\/v2\/types\/page"}],"author":[{"embeddable":true,"href":"https:\/\/medtest.stagingservers.net\/no\/wp-json\/wp\/v2\/users\/1"}],"replies":[{"embeddable":true,"href":"https:\/\/medtest.stagingservers.net\/no\/wp-json\/wp\/v2\/comments?post=55056"}],"version-history":[{"count":2,"href":"https:\/\/medtest.stagingservers.net\/no\/wp-json\/wp\/v2\/pages\/55056\/revisions"}],"predecessor-version":[{"id":91373,"href":"https:\/\/medtest.stagingservers.net\/no\/wp-json\/wp\/v2\/pages\/55056\/revisions\/91373"}],"wp:attachment":[{"href":"https:\/\/medtest.stagingservers.net\/no\/wp-json\/wp\/v2\/media?parent=55056"}],"curies":[{"name":"wp","href":"https:\/\/api.w.org\/{rel}","templated":true}]}}