{"id":55106,"date":"2014-08-29T17:00:39","date_gmt":"2014-08-29T17:00:39","guid":{"rendered":"https:\/\/the7.io\/main\/?page_id=26095"},"modified":"2019-11-29T17:42:21","modified_gmt":"2019-11-29T15:42:21","slug":"common-sporsmal","status":"publish","type":"page","link":"https:\/\/medtest.stagingservers.net\/no\/common-sporsmal\/","title":{"rendered":"FAQs"},"content":{"rendered":" \n\n\n\n\n<section class=\"medtest-faq \">\n  \n\n          \n         <div class=\"medtest-faq-item\">\n         <div class=\"medtest-faq-question\"><h4>SENDER DERE INTERNASJONALT?<\/h4> <svg viewBox=\"0 0 20 20\" xmlns=\"http:\/\/www.w3.org\/2000\/svg\" width=\"20\" height=\"20\" fill=\"#1a5f93\"><path d=\"M16.7 3.3L10 10 3.3 3.4 0 6.7l10 10v-.1l10-9.9z\"><\/path><\/svg><\/div>\n         <div class=\"medtest-faq-answer\"> Ja, i de nordiske landene (Sverige, Norge, Danmark og Finland).<\/div>         \n         <\/div>\n           \n           \n         <div class=\"medtest-faq-item\">\n         <div class=\"medtest-faq-question\"><h4>HVEM KONTAKTER JEG HVIS JEG HAR SP\u00d8RSM\u00c5L?<\/h4> <svg viewBox=\"0 0 20 20\" xmlns=\"http:\/\/www.w3.org\/2000\/svg\" width=\"20\" height=\"20\" fill=\"#1a5f93\"><path d=\"M16.7 3.3L10 10 3.3 3.4 0 6.7l10 10v-.1l10-9.9z\"><\/path><\/svg><\/div>\n         <div class=\"medtest-faq-answer\"> Hvis du har sp\u00f8rsm\u00e5l, vennligst kontakt v\u00e5rt support team p\u00e5 order@medtest.shop<\/div>         \n         <\/div>\n           \n           \n         <div class=\"medtest-faq-item\">\n         <div class=\"medtest-faq-question\"><h4>HVORDAN ANGRER JEG EN BESTILLING?<\/h4> <svg viewBox=\"0 0 20 20\" xmlns=\"http:\/\/www.w3.org\/2000\/svg\" width=\"20\" height=\"20\" fill=\"#1a5f93\"><path d=\"M16.7 3.3L10 10 3.3 3.4 0 6.7l10 10v-.1l10-9.9z\"><\/path><\/svg><\/div>\n         <div class=\"medtest-faq-answer\"> Hvis du angrer deg etter at du har lagt inn en bestilling s\u00e5 send oss en e-post om dette s\u00e5 snart som mulig. Hvis vi ikke har hatt tid til \u00e5 sende produktet, vil vi fjerne bestillingen s\u00e5 snart vi mottar meldingen din. Hvis vi har sendt bort produktet, er det ikke mulig \u00e5 kancellera ordren og kunden kan fullf\u00f8re kj\u00f8pet.<\/div>         \n         <\/div>\n           \n           \n         <div class=\"medtest-faq-item\">\n         <div class=\"medtest-faq-question\"><h4>KAN JEG RETURNERE EN VARE?<\/h4> <svg viewBox=\"0 0 20 20\" xmlns=\"http:\/\/www.w3.org\/2000\/svg\" width=\"20\" height=\"20\" fill=\"#1a5f93\"><path d=\"M16.7 3.3L10 10 3.3 3.4 0 6.7l10 10v-.1l10-9.9z\"><\/path><\/svg><\/div>\n         <div class=\"medtest-faq-answer\"> Du har et \u00e5pent kj\u00f8p for 14 dager. Kontakt order@medtest.shop hvis du vil returnere en vare.<\/div>         \n         <\/div>\n           \n           \n         <div class=\"medtest-faq-item\">\n         <div class=\"medtest-faq-question\"><h4>HVOR LANG ER LEVERINGS TIDEN?<\/h4> <svg viewBox=\"0 0 20 20\" xmlns=\"http:\/\/www.w3.org\/2000\/svg\" width=\"20\" height=\"20\" fill=\"#1a5f93\"><path d=\"M16.7 3.3L10 10 3.3 3.4 0 6.7l10 10v-.1l10-9.9z\"><\/path><\/svg><\/div>\n         <div class=\"medtest-faq-answer\"> Leveringstiden er 2-3 arbeidsdager. Ordrer som er registrert f\u00f8r kl 15:00, sendes samme dag.<\/div>         \n         <\/div>\n           \n           \n         <div class=\"medtest-faq-item\">\n         <div class=\"medtest-faq-question\"><h4>HVILKE BETALINGSM\u00c5TER AKSEPTERER DERE?<\/h4> <svg viewBox=\"0 0 20 20\" xmlns=\"http:\/\/www.w3.org\/2000\/svg\" width=\"20\" height=\"20\" fill=\"#1a5f93\"><path d=\"M16.7 3.3L10 10 3.3 3.4 0 6.7l10 10v-.1l10-9.9z\"><\/path><\/svg><\/div>\n         <div class=\"medtest-faq-answer\"> VISA, MasterCard, Vipps, Mobilepay swish og PayPal<\/div>         \n         <\/div>\n           \n           \n         <div class=\"medtest-faq-item\">\n         <div class=\"medtest-faq-question\"><h4>HVOR LANG H\u00c5LLBARHET HAR PRODUKTENE?<\/h4> <svg viewBox=\"0 0 20 20\" xmlns=\"http:\/\/www.w3.org\/2000\/svg\" width=\"20\" height=\"20\" fill=\"#1a5f93\"><path d=\"M16.7 3.3L10 10 3.3 3.4 0 6.7l10 10v-.1l10-9.9z\"><\/path><\/svg><\/div>\n         <div class=\"medtest-faq-answer\"> Alle v\u00e5re tester har 2 \u00e5rs holdbarhet n\u00e5r den lagres mellom 2-30 \u00b0C.<\/div>         \n         <\/div>\n           \n           \n         <div class=\"medtest-faq-item\">\n         <div class=\"medtest-faq-question\"><h4>HVORDAN ER PRODUKTET SENDT?<\/h4> <svg viewBox=\"0 0 20 20\" xmlns=\"http:\/\/www.w3.org\/2000\/svg\" width=\"20\" height=\"20\" fill=\"#1a5f93\"><path d=\"M16.7 3.3L10 10 3.3 3.4 0 6.7l10 10v-.1l10-9.9z\"><\/path><\/svg><\/div>\n         <div class=\"medtest-faq-answer\"> Produktet sendes direkte til postkassen i en hvit konvolutt med bobleplast inne for \u00e5 beskytte innholdet. Pakken er diskret, ingen logoer eller avsender informasjon er spesifisert.<br \/>\r\n<\/div>         \n         <\/div>\n           \n           \n         <div class=\"medtest-faq-item\">\n         <div class=\"medtest-faq-question\"><h4>HVORFOR F\u00c5R JEG IKKE MIN BESTILLING?<\/h4> <svg viewBox=\"0 0 20 20\" xmlns=\"http:\/\/www.w3.org\/2000\/svg\" width=\"20\" height=\"20\" fill=\"#1a5f93\"><path d=\"M16.7 3.3L10 10 3.3 3.4 0 6.7l10 10v-.1l10-9.9z\"><\/path><\/svg><\/div>\n         <div class=\"medtest-faq-answer\"> For chlamydia, gonor\u00e9 og syfilis b\u00f8r du vente ca 10 dager fra det tidspunktet du mistenker at du blir smittet.<\/div>         \n         <\/div>\n           \n           \n         <div class=\"medtest-faq-item\">\n         <div class=\"medtest-faq-question\"><h4>VARF\u00d6R F\u00c5R JAG INTE MIN BEST\u00c4LLNING?<\/h4> <svg viewBox=\"0 0 20 20\" xmlns=\"http:\/\/www.w3.org\/2000\/svg\" width=\"20\" height=\"20\" fill=\"#1a5f93\"><path d=\"M16.7 3.3L10 10 3.3 3.4 0 6.7l10 10v-.1l10-9.9z\"><\/path><\/svg><\/div>\n         <div class=\"medtest-faq-answer\"> Den vanligste \u00e5rsaken til manglende levering er at navnet ikke er registrert p\u00e5 den angitte adressen. Et navn m\u00e5 angis for en person som er registrert p\u00e5 adressen. N\u00e5r forsendelse til en ikke-registrert adresse, personen som skal ha ordren m\u00e5 st\u00e5 som C\/O p\u00e5 linjen under den registrerte personen.<br \/>\r\nEksempel: kalle Svensson bestiller noen tester, men er ikke registrert p\u00e5 adressen. Da m\u00e5 Folkbokf\u00f6rde (i eksempelet under Nils) st\u00e5 som den viktigste mottakeren og kalle som skal ha testen som C\/O.<br \/>\r\nEksempel<br \/>\r\nNils Andersson (registrert p\u00e5 adressen)<br \/>\r\nC\/O kalle Svensson (den som bestilte testen)<br \/>\r\nGaten Sparrow 3<br \/>\r\n123 45 Sea Meado<\/div>         \n         <\/div>\n           \n           \n         <div class=\"medtest-faq-item\">\n         <div class=\"medtest-faq-question\"><h4>SKAL DIN SELVTESTER BRUKES FOR INNSTILLING AV DIAGNOSE?<\/h4> <svg viewBox=\"0 0 20 20\" xmlns=\"http:\/\/www.w3.org\/2000\/svg\" width=\"20\" height=\"20\" fill=\"#1a5f93\"><path d=\"M16.7 3.3L10 10 3.3 3.4 0 6.7l10 10v-.1l10-9.9z\"><\/path><\/svg><\/div>\n         <div class=\"medtest-faq-answer\"> V\u00e5re tester er ikke brukt til \u00e5 lage en diagnose, de brukes til \u00e5 gi en indikasjon. Det er alltid en lege som gj\u00f8r en diagnose, dette er ofte gjort etter ulike tester og kliniske unders\u00f8kelser.<\/div>         \n         <\/div>\n           \n                 \n<\/section>\n\n<script>\n(function($) {\n        \n    \/\/var allPanels = $('.medtest-faq-answer');\n    $('.medtest-faq-answer').hide();\n      \n    $('.medtest-faq-question').click(function() {\n\n        if($(this).parent().hasClass('openfaq')){\n            $(this).parent().removeClass('openfaq'); \n            $(this).next().slideUp();\n            return false; \n        }\n\n    \/\/   $(\".medtest-faq-item\").removeClass('openfaq');  \n    \/\/   allPanels.slideUp();     \n      $(this).next().slideDown();\n      $(this).parent().addClass('openfaq');\n      return false;\n\n    });\n  \n  })(jQuery);\n<\/script>\n\n\n<div style=\"height:100px\" aria-hidden=\"true\" class=\"wp-block-spacer\"><\/div>\n\n\n\n<h3 class=\"has-text-align-center wp-block-heading\">Hittade inte svaret?<\/h3>\n\n\n\n<p class=\"has-text-align-center\">Skriv ett meddelande till oss om du inte f\u00e5tt svar p\u00e5 din fr\u00e5ga bland alternativen ovan.<\/p>\n\n\n\n<div class=\"wpcf7 no-js\" id=\"wpcf7-f70551-o1\" lang=\"nb-NO\" dir=\"ltr\" data-wpcf7-id=\"70551\">\n<div class=\"screen-reader-response\"><p role=\"status\" aria-live=\"polite\" aria-atomic=\"true\"><\/p> <ul><\/ul><\/div>\n<form action=\"\/no\/wp-json\/wp\/v2\/pages\/55106#wpcf7-f70551-o1\" method=\"post\" class=\"wpcf7-form init\" aria-label=\"Kontaktskjema\" novalidate=\"novalidate\" data-status=\"init\">\n<fieldset class=\"hidden-fields-container\"><input type=\"hidden\" name=\"_wpcf7\" value=\"70551\" \/><input type=\"hidden\" name=\"_wpcf7_version\" value=\"6.1.5\" \/><input type=\"hidden\" name=\"_wpcf7_locale\" value=\"nb_NO\" \/><input type=\"hidden\" name=\"_wpcf7_unit_tag\" value=\"wpcf7-f70551-o1\" \/><input type=\"hidden\" name=\"_wpcf7_container_post\" value=\"0\" \/><input type=\"hidden\" name=\"_wpcf7_posted_data_hash\" value=\"\" \/>\n<\/fieldset>\n<p><label> Ditt navn (p\u00e5krevd)<br \/>\n<span class=\"wpcf7-form-control-wrap\" data-name=\"your-name\"><input size=\"40\" maxlength=\"400\" class=\"wpcf7-form-control wpcf7-text wpcf7-validates-as-required\" aria-required=\"true\" aria-invalid=\"false\" value=\"\" type=\"text\" name=\"your-name\" \/><\/span> <\/label>\n<\/p>\n<p><label> Din e-postadresse (p\u00e5krevd)<br \/>\n<span class=\"wpcf7-form-control-wrap\" data-name=\"your-email\"><input size=\"40\" maxlength=\"400\" class=\"wpcf7-form-control wpcf7-email wpcf7-validates-as-required wpcf7-text wpcf7-validates-as-email\" aria-required=\"true\" aria-invalid=\"false\" value=\"\" type=\"email\" name=\"your-email\" \/><\/span> <\/label>\n<\/p>\n<p><label> Din melding<br \/>\n<span class=\"wpcf7-form-control-wrap\" data-name=\"your-message\"><textarea cols=\"40\" rows=\"10\" maxlength=\"2000\" class=\"wpcf7-form-control wpcf7-textarea\" aria-invalid=\"false\" name=\"your-message\"><\/textarea><\/span> <\/label>\n<\/p>\n<p><span class=\"wpcf7-form-control-wrap\" data-name=\"acceptance-527\"><span class=\"wpcf7-form-control wpcf7-acceptance\"><span class=\"wpcf7-list-item\"><label><input type=\"checkbox\" name=\"acceptance-527\" value=\"1\" aria-invalid=\"false\" \/><span class=\"wpcf7-list-item-label\">Jeg godtar behandlingen av mine personlige data. Dine data vil ikke bli videresendt til tredjepart.<\/span><\/label><\/span><\/span><\/span>\n<\/p>\n<p><input class=\"wpcf7-form-control wpcf7-submit has-spinner\" type=\"submit\" value=\"Skicka\" \/>\n<\/p><div class=\"wpcf7-response-output\" aria-hidden=\"true\"><\/div>\n<\/form>\n<\/div>\n\n","protected":false},"excerpt":{"rendered":"<p>Hittade inte svaret? Skriv ett meddelande till oss om du inte f\u00e5tt svar p\u00e5 din fr\u00e5ga bland alternativen ovan.<\/p>\n","protected":false},"author":1,"featured_media":0,"parent":0,"menu_order":10,"comment_status":"closed","ping_status":"closed","template":"","meta":{"_acf_changed":false,"footnotes":""},"class_list":["post-55106","page","type-page","status-publish","hentry"],"acf":[],"yoast_head":"<title>FAQs - Medtest.shop<\/title>\n<meta name=\"description\" content=\"FAQs - Medtest.shop\" \/>\n<meta name=\"robots\" content=\"noindex, follow, max-snippet:-1, max-image-preview:large, max-video-preview:-1\" \/>\n<meta property=\"og:locale\" content=\"nb_NO\" \/>\n<meta property=\"og:type\" content=\"article\" \/>\n<meta property=\"og:title\" content=\"FAQs - Medtest.shop\" \/>\n<meta property=\"og:description\" content=\"FAQs - Medtest.shop\" \/>\n<meta property=\"og:url\" content=\"https:\/\/medtest.stagingservers.net\/no\/common-sporsmal\/\" \/>\n<meta property=\"og:site_name\" content=\"Medtest.shop\" \/>\n<meta property=\"article:publisher\" content=\"https:\/\/www.facebook.com\/Medtest-1440779469392476\/\" \/>\n<meta property=\"article:modified_time\" content=\"2019-11-29T15:42:21+00:00\" \/>\n<meta name=\"twitter:card\" content=\"summary_large_image\" \/>\n<script type=\"application\/ld+json\" class=\"yoast-schema-graph\">{\"@context\":\"https:\\\/\\\/schema.org\",\"@graph\":[{\"@type\":\"WebPage\",\"@id\":\"https:\\\/\\\/medtest.stagingservers.net\\\/no\\\/common-sporsmal\\\/\",\"url\":\"https:\\\/\\\/medtest.stagingservers.net\\\/no\\\/common-sporsmal\\\/\",\"name\":\"FAQs - Medtest.shop\",\"isPartOf\":{\"@id\":\"https:\\\/\\\/medtest.stagingservers.net\\\/no\\\/#website\"},\"datePublished\":\"2014-08-29T17:00:39+00:00\",\"dateModified\":\"2019-11-29T15:42:21+00:00\",\"description\":\"FAQs - Medtest.shop\",\"breadcrumb\":{\"@id\":\"https:\\\/\\\/medtest.stagingservers.net\\\/no\\\/common-sporsmal\\\/#breadcrumb\"},\"inLanguage\":\"nb-NO\",\"potentialAction\":[{\"@type\":\"ReadAction\",\"target\":[\"https:\\\/\\\/medtest.stagingservers.net\\\/no\\\/common-sporsmal\\\/\"]}]},{\"@type\":\"BreadcrumbList\",\"@id\":\"https:\\\/\\\/medtest.stagingservers.net\\\/no\\\/common-sporsmal\\\/#breadcrumb\",\"itemListElement\":[{\"@type\":\"ListItem\",\"position\":1,\"name\":\"Home\",\"item\":\"https:\\\/\\\/medtest.stagingservers.net\\\/no\\\/\"},{\"@type\":\"ListItem\",\"position\":2,\"name\":\"FAQs\"}]},{\"@type\":\"WebSite\",\"@id\":\"https:\\\/\\\/medtest.stagingservers.net\\\/no\\\/#website\",\"url\":\"https:\\\/\\\/medtest.stagingservers.net\\\/no\\\/\",\"name\":\"Medtest.shop\",\"description\":\"\",\"publisher\":{\"@id\":\"https:\\\/\\\/medtest.stagingservers.net\\\/no\\\/#organization\"},\"potentialAction\":[{\"@type\":\"SearchAction\",\"target\":{\"@type\":\"EntryPoint\",\"urlTemplate\":\"https:\\\/\\\/medtest.stagingservers.net\\\/no\\\/?s={search_term_string}\"},\"query-input\":{\"@type\":\"PropertyValueSpecification\",\"valueRequired\":true,\"valueName\":\"search_term_string\"}}],\"inLanguage\":\"nb-NO\"},{\"@type\":\"Organization\",\"@id\":\"https:\\\/\\\/medtest.stagingservers.net\\\/no\\\/#organization\",\"name\":\"Medtest\",\"url\":\"https:\\\/\\\/medtest.stagingservers.net\\\/no\\\/\",\"logo\":{\"@type\":\"ImageObject\",\"inLanguage\":\"nb-NO\",\"@id\":\"https:\\\/\\\/medtest.stagingservers.net\\\/no\\\/#\\\/schema\\\/logo\\\/image\\\/\",\"url\":\"https:\\\/\\\/medtest.stagingservers.net\\\/wp-content\\\/uploads\\\/2018\\\/11\\\/Original.png\",\"contentUrl\":\"https:\\\/\\\/medtest.stagingservers.net\\\/wp-content\\\/uploads\\\/2018\\\/11\\\/Original.png\",\"width\":1024,\"height\":1024,\"caption\":\"Medtest\"},\"image\":{\"@id\":\"https:\\\/\\\/medtest.stagingservers.net\\\/no\\\/#\\\/schema\\\/logo\\\/image\\\/\"},\"sameAs\":[\"https:\\\/\\\/www.facebook.com\\\/Medtest-1440779469392476\\\/\"]}]}<\/script>","yoast_head_json":{"title":"FAQs - Medtest.shop","description":"FAQs - Medtest.shop","robots":{"index":"noindex","follow":"follow","max-snippet":"max-snippet:-1","max-image-preview":"max-image-preview:large","max-video-preview":"max-video-preview:-1"},"og_locale":"nb_NO","og_type":"article","og_title":"FAQs - Medtest.shop","og_description":"FAQs - Medtest.shop","og_url":"https:\/\/medtest.stagingservers.net\/no\/common-sporsmal\/","og_site_name":"Medtest.shop","article_publisher":"https:\/\/www.facebook.com\/Medtest-1440779469392476\/","article_modified_time":"2019-11-29T15:42:21+00:00","twitter_card":"summary_large_image","schema":{"@context":"https:\/\/schema.org","@graph":[{"@type":"WebPage","@id":"https:\/\/medtest.stagingservers.net\/no\/common-sporsmal\/","url":"https:\/\/medtest.stagingservers.net\/no\/common-sporsmal\/","name":"FAQs - Medtest.shop","isPartOf":{"@id":"https:\/\/medtest.stagingservers.net\/no\/#website"},"datePublished":"2014-08-29T17:00:39+00:00","dateModified":"2019-11-29T15:42:21+00:00","description":"FAQs - Medtest.shop","breadcrumb":{"@id":"https:\/\/medtest.stagingservers.net\/no\/common-sporsmal\/#breadcrumb"},"inLanguage":"nb-NO","potentialAction":[{"@type":"ReadAction","target":["https:\/\/medtest.stagingservers.net\/no\/common-sporsmal\/"]}]},{"@type":"BreadcrumbList","@id":"https:\/\/medtest.stagingservers.net\/no\/common-sporsmal\/#breadcrumb","itemListElement":[{"@type":"ListItem","position":1,"name":"Home","item":"https:\/\/medtest.stagingservers.net\/no\/"},{"@type":"ListItem","position":2,"name":"FAQs"}]},{"@type":"WebSite","@id":"https:\/\/medtest.stagingservers.net\/no\/#website","url":"https:\/\/medtest.stagingservers.net\/no\/","name":"Medtest.shop","description":"","publisher":{"@id":"https:\/\/medtest.stagingservers.net\/no\/#organization"},"potentialAction":[{"@type":"SearchAction","target":{"@type":"EntryPoint","urlTemplate":"https:\/\/medtest.stagingservers.net\/no\/?s={search_term_string}"},"query-input":{"@type":"PropertyValueSpecification","valueRequired":true,"valueName":"search_term_string"}}],"inLanguage":"nb-NO"},{"@type":"Organization","@id":"https:\/\/medtest.stagingservers.net\/no\/#organization","name":"Medtest","url":"https:\/\/medtest.stagingservers.net\/no\/","logo":{"@type":"ImageObject","inLanguage":"nb-NO","@id":"https:\/\/medtest.stagingservers.net\/no\/#\/schema\/logo\/image\/","url":"https:\/\/medtest.stagingservers.net\/wp-content\/uploads\/2018\/11\/Original.png","contentUrl":"https:\/\/medtest.stagingservers.net\/wp-content\/uploads\/2018\/11\/Original.png","width":1024,"height":1024,"caption":"Medtest"},"image":{"@id":"https:\/\/medtest.stagingservers.net\/no\/#\/schema\/logo\/image\/"},"sameAs":["https:\/\/www.facebook.com\/Medtest-1440779469392476\/"]}]}},"_links":{"self":[{"href":"https:\/\/medtest.stagingservers.net\/no\/wp-json\/wp\/v2\/pages\/55106","targetHints":{"allow":["GET"]}}],"collection":[{"href":"https:\/\/medtest.stagingservers.net\/no\/wp-json\/wp\/v2\/pages"}],"about":[{"href":"https:\/\/medtest.stagingservers.net\/no\/wp-json\/wp\/v2\/types\/page"}],"author":[{"embeddable":true,"href":"https:\/\/medtest.stagingservers.net\/no\/wp-json\/wp\/v2\/users\/1"}],"replies":[{"embeddable":true,"href":"https:\/\/medtest.stagingservers.net\/no\/wp-json\/wp\/v2\/comments?post=55106"}],"version-history":[{"count":0,"href":"https:\/\/medtest.stagingservers.net\/no\/wp-json\/wp\/v2\/pages\/55106\/revisions"}],"wp:attachment":[{"href":"https:\/\/medtest.stagingservers.net\/no\/wp-json\/wp\/v2\/media?parent=55106"}],"curies":[{"name":"wp","href":"https:\/\/api.w.org\/{rel}","templated":true}]}}