{"id":67037,"date":"2019-06-21T13:57:24","date_gmt":"2019-06-21T13:57:24","guid":{"rendered":"https:\/\/medtest.stagingservers.net\/main\/"},"modified":"2019-10-22T13:55:49","modified_gmt":"2019-10-22T11:55:49","slug":"main","status":"publish","type":"page","link":"https:\/\/medtest.stagingservers.net\/no\/","title":{"rendered":"Main"},"content":{"rendered":" \n\n\n\n\n<style>\n        .medtest-info.lazyload {\n            background-image: url('https:\/\/medtest.stagingservers.net\/wp-content\/uploads\/2019\/09\/post_nord-compressor.jpg');\n        }\n\n       #editor .medtest-info.lazyload {\n            background-image: url('https:\/\/medtest.stagingservers.net\/wp-content\/uploads\/2019\/09\/post_nord-compressor.jpg');\n        }\n\n<\/style>\n\n<section class=\"medtest-info lazyload \">\n        \n<div class=\"medtest-info-wrap\">\n<div class=\"medtest-info-title\">Frakt fra 29kr<\/div> \n<div class=\"medtest-info-list\"><ul>\n<li>2-3 dager leveringstid innen Norge<\/li>\n<li>Ordrer registrert f\u00f8r 15:00 sendes samme dag<\/li>\n<li>Leveres direkte til postkassen<\/li>\n<\/ul>\n<\/div>         \n<\/div>     \n       \n<\/section>\n\n","protected":false},"excerpt":{"rendered":"","protected":false},"author":1,"featured_media":0,"parent":0,"menu_order":0,"comment_status":"closed","ping_status":"closed","template":"","meta":{"_acf_changed":false,"footnotes":""},"class_list":["post-67037","page","type-page","status-publish","hentry"],"acf":[],"yoast_head":"<title>Shop - Medtest.shop<\/title>\n<meta name=\"description\" content=\"K\u00f6p ett hemtest och testa dig hemma f\u00f6r k\u00f6nssjukdomar och h\u00e4lsotester. Diabetes, Klamydia, herpes, HIV, Gonorr\u00e9, J\u00e4rnbrist, Klimiakterie, sk\u00f6ldk\u00f6rtel\" \/>\n<meta name=\"robots\" content=\"noindex, follow, max-snippet:-1, max-image-preview:large, max-video-preview:-1\" \/>\n<meta property=\"og:locale\" content=\"nb_NO\" \/>\n<meta property=\"og:type\" content=\"article\" \/>\n<meta property=\"og:title\" content=\"Shop - Medtest.shop\" \/>\n<meta property=\"og:description\" content=\"K\u00f6p ett hemtest och testa dig hemma f\u00f6r k\u00f6nssjukdomar och h\u00e4lsotester. Diabetes, Klamydia, herpes, HIV, Gonorr\u00e9, J\u00e4rnbrist, Klimiakterie, sk\u00f6ldk\u00f6rtel\" \/>\n<meta property=\"og:url\" content=\"https:\/\/medtest.stagingservers.net\/no\/\" \/>\n<meta property=\"og:site_name\" content=\"Medtest.shop\" \/>\n<meta property=\"article:publisher\" content=\"https:\/\/www.facebook.com\/Medtest-1440779469392476\/\" \/>\n<meta property=\"article:modified_time\" content=\"2019-10-22T11:55:49+00:00\" \/>\n<meta name=\"twitter:card\" content=\"summary_large_image\" \/>\n<script type=\"application\/ld+json\" class=\"yoast-schema-graph\">{\"@context\":\"https:\\\/\\\/schema.org\",\"@graph\":[{\"@type\":\"WebPage\",\"@id\":\"https:\\\/\\\/medtest.stagingservers.net\\\/no\\\/\",\"url\":\"https:\\\/\\\/medtest.stagingservers.net\\\/no\\\/\",\"name\":\"Shop - Medtest.shop\",\"isPartOf\":{\"@id\":\"https:\\\/\\\/medtest.stagingservers.net\\\/no\\\/#website\"},\"datePublished\":\"2019-06-21T13:57:24+00:00\",\"dateModified\":\"2019-10-22T11:55:49+00:00\",\"description\":\"K\u00f6p ett hemtest och testa dig hemma f\u00f6r k\u00f6nssjukdomar och h\u00e4lsotester. Diabetes, Klamydia, herpes, HIV, Gonorr\u00e9, J\u00e4rnbrist, Klimiakterie, sk\u00f6ldk\u00f6rtel\",\"breadcrumb\":{\"@id\":\"https:\\\/\\\/medtest.stagingservers.net\\\/no\\\/#breadcrumb\"},\"inLanguage\":\"nb-NO\",\"potentialAction\":[{\"@type\":\"ReadAction\",\"target\":[\"https:\\\/\\\/medtest.stagingservers.net\\\/no\\\/\"]}]},{\"@type\":\"BreadcrumbList\",\"@id\":\"https:\\\/\\\/medtest.stagingservers.net\\\/no\\\/#breadcrumb\",\"itemListElement\":[{\"@type\":\"ListItem\",\"position\":1,\"name\":\"Home\",\"item\":\"https:\\\/\\\/medtest.stagingservers.net\\\/no\\\/\"},{\"@type\":\"ListItem\",\"position\":2,\"name\":\"Main\"}]},{\"@type\":\"WebSite\",\"@id\":\"https:\\\/\\\/medtest.stagingservers.net\\\/no\\\/#website\",\"url\":\"https:\\\/\\\/medtest.stagingservers.net\\\/no\\\/\",\"name\":\"Medtest.shop\",\"description\":\"\",\"publisher\":{\"@id\":\"https:\\\/\\\/medtest.stagingservers.net\\\/no\\\/#organization\"},\"potentialAction\":[{\"@type\":\"SearchAction\",\"target\":{\"@type\":\"EntryPoint\",\"urlTemplate\":\"https:\\\/\\\/medtest.stagingservers.net\\\/no\\\/?s={search_term_string}\"},\"query-input\":{\"@type\":\"PropertyValueSpecification\",\"valueRequired\":true,\"valueName\":\"search_term_string\"}}],\"inLanguage\":\"nb-NO\"},{\"@type\":\"Organization\",\"@id\":\"https:\\\/\\\/medtest.stagingservers.net\\\/no\\\/#organization\",\"name\":\"Medtest\",\"url\":\"https:\\\/\\\/medtest.stagingservers.net\\\/no\\\/\",\"logo\":{\"@type\":\"ImageObject\",\"inLanguage\":\"nb-NO\",\"@id\":\"https:\\\/\\\/medtest.stagingservers.net\\\/no\\\/#\\\/schema\\\/logo\\\/image\\\/\",\"url\":\"https:\\\/\\\/medtest.stagingservers.net\\\/wp-content\\\/uploads\\\/2018\\\/11\\\/Original.png\",\"contentUrl\":\"https:\\\/\\\/medtest.stagingservers.net\\\/wp-content\\\/uploads\\\/2018\\\/11\\\/Original.png\",\"width\":1024,\"height\":1024,\"caption\":\"Medtest\"},\"image\":{\"@id\":\"https:\\\/\\\/medtest.stagingservers.net\\\/no\\\/#\\\/schema\\\/logo\\\/image\\\/\"},\"sameAs\":[\"https:\\\/\\\/www.facebook.com\\\/Medtest-1440779469392476\\\/\"]}]}<\/script>","yoast_head_json":{"title":"Shop - Medtest.shop","description":"K\u00f6p ett hemtest och testa dig hemma f\u00f6r k\u00f6nssjukdomar och h\u00e4lsotester. Diabetes, Klamydia, herpes, HIV, Gonorr\u00e9, J\u00e4rnbrist, Klimiakterie, sk\u00f6ldk\u00f6rtel","robots":{"index":"noindex","follow":"follow","max-snippet":"max-snippet:-1","max-image-preview":"max-image-preview:large","max-video-preview":"max-video-preview:-1"},"og_locale":"nb_NO","og_type":"article","og_title":"Shop - Medtest.shop","og_description":"K\u00f6p ett hemtest och testa dig hemma f\u00f6r k\u00f6nssjukdomar och h\u00e4lsotester. Diabetes, Klamydia, herpes, HIV, Gonorr\u00e9, J\u00e4rnbrist, Klimiakterie, sk\u00f6ldk\u00f6rtel","og_url":"https:\/\/medtest.stagingservers.net\/no\/","og_site_name":"Medtest.shop","article_publisher":"https:\/\/www.facebook.com\/Medtest-1440779469392476\/","article_modified_time":"2019-10-22T11:55:49+00:00","twitter_card":"summary_large_image","schema":{"@context":"https:\/\/schema.org","@graph":[{"@type":"WebPage","@id":"https:\/\/medtest.stagingservers.net\/no\/","url":"https:\/\/medtest.stagingservers.net\/no\/","name":"Shop - Medtest.shop","isPartOf":{"@id":"https:\/\/medtest.stagingservers.net\/no\/#website"},"datePublished":"2019-06-21T13:57:24+00:00","dateModified":"2019-10-22T11:55:49+00:00","description":"K\u00f6p ett hemtest och testa dig hemma f\u00f6r k\u00f6nssjukdomar och h\u00e4lsotester. Diabetes, Klamydia, herpes, HIV, Gonorr\u00e9, J\u00e4rnbrist, Klimiakterie, sk\u00f6ldk\u00f6rtel","breadcrumb":{"@id":"https:\/\/medtest.stagingservers.net\/no\/#breadcrumb"},"inLanguage":"nb-NO","potentialAction":[{"@type":"ReadAction","target":["https:\/\/medtest.stagingservers.net\/no\/"]}]},{"@type":"BreadcrumbList","@id":"https:\/\/medtest.stagingservers.net\/no\/#breadcrumb","itemListElement":[{"@type":"ListItem","position":1,"name":"Home","item":"https:\/\/medtest.stagingservers.net\/no\/"},{"@type":"ListItem","position":2,"name":"Main"}]},{"@type":"WebSite","@id":"https:\/\/medtest.stagingservers.net\/no\/#website","url":"https:\/\/medtest.stagingservers.net\/no\/","name":"Medtest.shop","description":"","publisher":{"@id":"https:\/\/medtest.stagingservers.net\/no\/#organization"},"potentialAction":[{"@type":"SearchAction","target":{"@type":"EntryPoint","urlTemplate":"https:\/\/medtest.stagingservers.net\/no\/?s={search_term_string}"},"query-input":{"@type":"PropertyValueSpecification","valueRequired":true,"valueName":"search_term_string"}}],"inLanguage":"nb-NO"},{"@type":"Organization","@id":"https:\/\/medtest.stagingservers.net\/no\/#organization","name":"Medtest","url":"https:\/\/medtest.stagingservers.net\/no\/","logo":{"@type":"ImageObject","inLanguage":"nb-NO","@id":"https:\/\/medtest.stagingservers.net\/no\/#\/schema\/logo\/image\/","url":"https:\/\/medtest.stagingservers.net\/wp-content\/uploads\/2018\/11\/Original.png","contentUrl":"https:\/\/medtest.stagingservers.net\/wp-content\/uploads\/2018\/11\/Original.png","width":1024,"height":1024,"caption":"Medtest"},"image":{"@id":"https:\/\/medtest.stagingservers.net\/no\/#\/schema\/logo\/image\/"},"sameAs":["https:\/\/www.facebook.com\/Medtest-1440779469392476\/"]}]}},"_links":{"self":[{"href":"https:\/\/medtest.stagingservers.net\/no\/wp-json\/wp\/v2\/pages\/67037","targetHints":{"allow":["GET"]}}],"collection":[{"href":"https:\/\/medtest.stagingservers.net\/no\/wp-json\/wp\/v2\/pages"}],"about":[{"href":"https:\/\/medtest.stagingservers.net\/no\/wp-json\/wp\/v2\/types\/page"}],"author":[{"embeddable":true,"href":"https:\/\/medtest.stagingservers.net\/no\/wp-json\/wp\/v2\/users\/1"}],"replies":[{"embeddable":true,"href":"https:\/\/medtest.stagingservers.net\/no\/wp-json\/wp\/v2\/comments?post=67037"}],"version-history":[{"count":0,"href":"https:\/\/medtest.stagingservers.net\/no\/wp-json\/wp\/v2\/pages\/67037\/revisions"}],"wp:attachment":[{"href":"https:\/\/medtest.stagingservers.net\/no\/wp-json\/wp\/v2\/media?parent=67037"}],"curies":[{"name":"wp","href":"https:\/\/api.w.org\/{rel}","templated":true}]}}