{"id":55146,"date":"2019-03-27T08:36:14","date_gmt":"2019-03-27T08:36:14","guid":{"rendered":"http:\/\/104.248.87.71\/?post_type=product&#038;p=55146"},"modified":"2019-09-23T15:39:34","modified_gmt":"2019-09-23T13:39:34","slug":"diabetes-nyre-og-lever-test","status":"publish","type":"product","link":"https:\/\/medtest.stagingservers.net\/no\/produkt\/diabetes-nyre-og-lever-test\/","title":{"rendered":"Diabetes, nyre og lever test"},"content":{"rendered":"<h2>Diabetes, nyrefunksjon og leverfunksjons test.<\/h2>\n<p>Totalt 6 teststrimler.<\/p>\n<h5>Diabetes test<\/h5>\n<p>Testen er ment \u00e5 brukes til \u00e5 kontrollere glukose og ketoninnhold i urinpr\u00f8ver for \u00e5 hjelpe til med diagnostisering av diabetes. Testen gir resultater gjennom den visuelle sammenligningen med et fargeskjema som skrives ut p\u00e5 produktet. Hver farge representerer et antall konsentrasjoner av glukose og ketoner (se bunn). Kyser du mer enn vanlig, kanskje du f\u00f8ler deg t\u00f8rst som ikke f\u00f8lger med n\u00e5r du drikker? Symptomene er mange og ofte ganske diffuse, mens diabetes er et av v\u00e5re vanligste folkehelsesykdommer. Diabetes for\u00e5rsaker h\u00f8yt blodsukker (glukose) i blodet. Denne tilstanden kalles hyperglykemi (h\u00f8yt blodsukker). N\u00e5r denne balansen ikke virker, oppst\u00e5r symptomer ofte. V\u00e5r enkle hjemtest kan enkelt og raskt oppdage disse ubalansene. Det kan v\u00e6re vanskelig \u00e5 oppdage diabetes bare p\u00e5 grunnlag av symptomene, siden de vanligste symptomene er sv\u00e6rt generelle. En enkel test kan hjelpe deg med \u00e5 lindre din angst eller det gir deg en grunn til \u00e5 s\u00f8ke hjelp fra legen din. En positiv test (du har sannsynligvis diabetes) betyr at du lettere kan s\u00f8ke omsorg og f\u00e5 riktig behandling, noe som er viktig siden diabetes kan for\u00e5rsake alvorlige komplikasjoner. Innhold: 2 forseglede aluminiumsposer med 1 teststrimmel hver og bruksanvisning. Diabetespr\u00f8ven er laget i Europa og er veldig trygg. I tillegg er produktet CE-merket.<\/p>\n<h5>Nyrefunksjon test<\/h5>\n<p>Testen er ment \u00e5 brukes til \u00e5 kontrollere <strong>kreatinin, protein og spesifikk gravitasjon<\/strong> i urinpr\u00f8ver som hjelpemiddel ved diagnostisering av nyresykdom. Testen resulterer ved visuell sammenligning med et fargeskjema som er trykt p\u00e5 pakken (se nedenfor).<\/p>\n<h5>Kreatinin<\/h5>\n<p>Kreatinin er et kjemisk avfallsprodukt i blodet som g\u00e5r gjennom nyrene som filtreres og elimineres i urinen. Dette kjemiske avfallet er et biprodukt av normal muskelfunksjon. Jo flere muskler en person har, desto mer kreatinin produserer de. Niv\u00e5ene av kreatinin i blodet reflekterer b\u00e5de mengden muskel en person har og deres nyrefunksjon. De fleste menn med normal nyrefunksjon har ca. 0,6 til 1,2 milligram \/ deciliter (mg \/ dL) kreatinin. De fleste kvinner med normal nyrefunksjon har mellom 0,5 og 1,1 mg \/ dl kreatinin. Kvinner har en tendens til \u00e5 ha lavere niv\u00e5er av kreatinin enn menn, siden kvinner i gjennomsnitt har mindre muskel enn menn.<\/p>\n<h5>Protein<\/h5>\n<p>Vanligvis b\u00f8r urinen i prinsippet ikke inneholde noe protein. Hvis du har protein i urinen, kan det v\u00e6re et problem med nyrefiltreringsevnen.<\/p>\n<h5>Spesifikk gravitasjon<\/h5>\n<p>Nyrene fjerner u\u00f8nskede stoffer fra kroppen, for eksempel giftstoffer og metabolske slaggprodukter. Nyrernes rolle er \u00e5 fjerne disse stoffene via urinen uten \u00e5 miste for mye v\u00e6ske. Konsentrasjonen av de utskillede molekylene bestemmer urinens spesifikke tyngdekraft. Voksne har generelt en spesifikk tyngdekraft p\u00e5 ca. 1000 til 1030. \u00d8kninger i spesifikk tyngdekraft, dvs. \u00f8kt konsentrasjon av oppl\u00f8sninger i urinen, kan v\u00e6re forbundet med nyresvikt eller nedsatt blodgennemstr\u00f8mning til nyrene.<\/p>\n<h5>Leverfunksjon test<\/h5>\n<p>Testen skal brukes til \u00e5 kontrollere bilirubin og urobilinogen i urinpr\u00f8ver som hjelpemiddel ved diagnose av lever- og gallebl\u00e6reproblemer. Testen resulterer gjennom den visuelle sammenligningen med et fargeskjema som er trykt p\u00e5 pakken.<\/p>\n<h5>Hvorfor trenger du \u00e5 analysere bilirubin?<\/h5>\n<p>Ved mistanke om leversykdom skal blodkarriubinniv\u00e5ene analyseres, samt mistanke om galleveis sykdom. Selv om det er mistanke om \u00f8kt nedbrytning av r\u00f8de blodlegemer i blodet, kontrolleres bilirubinverdien. Et klinisk tegn p\u00e5 at bilirubinniv\u00e5er er forh\u00f8yet i kroppen er tilstedev\u00e6relsen av gulsott, noe som betyr at huden i kroppen og \u00f8yelokkene adopterer en gulaktig tone.<\/p>\n<h5>En forbedret bilirubinverdi &#8211; hva betyr det?<\/h5>\n<p>En \u00f8kt verdi kan ha flere forskjellige grunner. Det ses ofte i forbindelse med leversykdom, f.eks. som f\u00f8lge av langvarig h\u00f8yt alkoholinntak eller infeksjon i leverenvev (ofte hepatitt A og under kusma). Bilirubin kan ogs\u00e5 stige i sykdommer som for\u00e5rsaker obstruksjon i galdeveien, som vanligvis skyldes gallestein eller svulster. Noen typer arvelige enzymmangler kan ogs\u00e5 for\u00e5rsake bilirubinregresjon. P\u00e5 samme m\u00e5te ses forh\u00f8yede bilirubinniv\u00e5er ofte hos personer som er alvorlig syk av ulike grunner som ikke trenger \u00e5 v\u00e6re direkte i leveren, for eksempel i svulstsykdommer, alvorlige infeksjoner og alvorlig hjertesvikt. Et forh\u00f8yet bilirubin kan ogs\u00e5 forekomme i hemolyse, noe som betyr at de r\u00f8de blodcellene nedbrytes raskere enn normalt. Mange forskjellige stoffer, f.eks. \u00f8strogener, androgene anabolske steroider, enkelte blodtrykksmedisiner og antibiotika, antiepileptika, antidepressiva og smertestillende midler, kan noen ganger ogs\u00e5 p\u00e5virke leveren og \u00f8ke blodniv\u00e5et i underenheten.<\/p>\n<h5>Slik fungerer selvtestene<\/h5>\n<ol start=\"1\">\n<li>\u00c5pne foliepakken og fjern teststrimmelen.<\/li>\n<li>Urinere i en kopp \/ beger og dip dipstick.<\/li>\n<li>Les svaret etter ca. 1 minutt. Les resultatene ved \u00e5 sammenligne fargene til reaksjonen p\u00e5 stripen til de i diagrammet. Til sammenligning hold stripen i en horisontal posisjon for \u00e5 unng\u00e5 mulig blanding av farger mellom de to reaksjonsomr\u00e5dene p\u00e5 stripen<\/li>\n<\/ol>\n","protected":false},"excerpt":{"rendered":"<p>I pakken f\u00e5r du urinpr\u00f8vepinner for glukose, ketoner, kreatinin, protein, spesifikk gravitasjon, bilirubin og urobilinogen<\/p>\n","protected":false},"featured_media":55899,"comment_status":"closed","ping_status":"closed","template":"","meta":{"_acf_changed":false,"footnotes":""},"product_brand":[],"product_cat":[764,767,769,758],"product_tag":[],"class_list":{"0":"post-55146","1":"product","2":"type-product","3":"status-publish","4":"has-post-thumbnail","6":"product_cat-diabetes-no","7":"product_cat-leverfunksjon","8":"product_cat-nyrefunksjon","9":"product_cat-pakke-tilbud","11":"first","12":"instock","13":"taxable","14":"shipping-taxable","15":"purchasable","16":"product-type-simple"},"acf":[],"yoast_head":"<title>Diabetes, nyrefunksjon og leverfunksjon test - Medtest<\/title>\n<meta name=\"description\" content=\"Diabetes, nyrefunksjon og leverfunksjon test. Testen er ment \u00e5 brukes til \u00e5 kontrollere glukose og ketoninnhold i urinpr\u00f8ver for \u00e5 hjelpe til med diagnostisering av diabetes.\" \/>\n<meta name=\"robots\" content=\"noindex, follow, max-snippet:-1, max-image-preview:large, max-video-preview:-1\" \/>\n<meta property=\"og:locale\" content=\"nb_NO\" \/>\n<meta property=\"og:type\" content=\"article\" \/>\n<meta property=\"og:title\" content=\"Diabetes, nyrefunksjon og leverfunksjon test - Medtest\" \/>\n<meta property=\"og:description\" content=\"Diabetes, nyrefunksjon og leverfunksjon test. Testen er ment \u00e5 brukes til \u00e5 kontrollere glukose og ketoninnhold i urinpr\u00f8ver for \u00e5 hjelpe til med diagnostisering av diabetes.\" \/>\n<meta property=\"og:url\" content=\"https:\/\/medtest.stagingservers.net\/no\/produkt\/diabetes-nyre-og-lever-test\/\" \/>\n<meta property=\"og:site_name\" content=\"Medtest.shop\" \/>\n<meta property=\"article:publisher\" content=\"https:\/\/www.facebook.com\/Medtest-1440779469392476\/\" \/>\n<meta property=\"article:modified_time\" content=\"2019-09-23T13:39:34+00:00\" \/>\n<meta property=\"og:image\" content=\"https:\/\/medtest.stagingservers.net\/wp-content\/uploads\/2019\/03\/3-nyre-dia-lever-NOe.png\" \/>\n\t<meta property=\"og:image:width\" content=\"1148\" \/>\n\t<meta property=\"og:image:height\" content=\"705\" \/>\n\t<meta property=\"og:image:type\" content=\"image\/png\" \/>\n<meta name=\"twitter:card\" content=\"summary_large_image\" \/>\n<script type=\"application\/ld+json\" class=\"yoast-schema-graph\">{\"@context\":\"https:\\\/\\\/schema.org\",\"@graph\":[{\"@type\":\"WebPage\",\"@id\":\"https:\\\/\\\/medtest.stagingservers.net\\\/no\\\/produkt\\\/diabetes-nyre-og-lever-test\\\/\",\"url\":\"https:\\\/\\\/medtest.stagingservers.net\\\/no\\\/produkt\\\/diabetes-nyre-og-lever-test\\\/\",\"name\":\"Diabetes, nyrefunksjon og leverfunksjon test - Medtest\",\"isPartOf\":{\"@id\":\"https:\\\/\\\/medtest.stagingservers.net\\\/no\\\/#website\"},\"primaryImageOfPage\":{\"@id\":\"https:\\\/\\\/medtest.stagingservers.net\\\/no\\\/produkt\\\/diabetes-nyre-og-lever-test\\\/#primaryimage\"},\"image\":{\"@id\":\"https:\\\/\\\/medtest.stagingservers.net\\\/no\\\/produkt\\\/diabetes-nyre-og-lever-test\\\/#primaryimage\"},\"thumbnailUrl\":\"https:\\\/\\\/medtest.stagingservers.net\\\/wp-content\\\/uploads\\\/2019\\\/03\\\/3-nyre-dia-lever-NOe.png\",\"datePublished\":\"2019-03-27T08:36:14+00:00\",\"dateModified\":\"2019-09-23T13:39:34+00:00\",\"description\":\"Diabetes, nyrefunksjon og leverfunksjon test. Testen er ment \u00e5 brukes til \u00e5 kontrollere glukose og ketoninnhold i urinpr\u00f8ver for \u00e5 hjelpe til med diagnostisering av diabetes.\",\"breadcrumb\":{\"@id\":\"https:\\\/\\\/medtest.stagingservers.net\\\/no\\\/produkt\\\/diabetes-nyre-og-lever-test\\\/#breadcrumb\"},\"inLanguage\":\"nb-NO\",\"potentialAction\":[{\"@type\":\"ReadAction\",\"target\":[\"https:\\\/\\\/medtest.stagingservers.net\\\/no\\\/produkt\\\/diabetes-nyre-og-lever-test\\\/\"]}]},{\"@type\":\"ImageObject\",\"inLanguage\":\"nb-NO\",\"@id\":\"https:\\\/\\\/medtest.stagingservers.net\\\/no\\\/produkt\\\/diabetes-nyre-og-lever-test\\\/#primaryimage\",\"url\":\"https:\\\/\\\/medtest.stagingservers.net\\\/wp-content\\\/uploads\\\/2019\\\/03\\\/3-nyre-dia-lever-NOe.png\",\"contentUrl\":\"https:\\\/\\\/medtest.stagingservers.net\\\/wp-content\\\/uploads\\\/2019\\\/03\\\/3-nyre-dia-lever-NOe.png\",\"width\":1148,\"height\":705},{\"@type\":\"BreadcrumbList\",\"@id\":\"https:\\\/\\\/medtest.stagingservers.net\\\/no\\\/produkt\\\/diabetes-nyre-og-lever-test\\\/#breadcrumb\",\"itemListElement\":[{\"@type\":\"ListItem\",\"position\":1,\"name\":\"Home\",\"item\":\"https:\\\/\\\/medtest.stagingservers.net\\\/no\\\/\"},{\"@type\":\"ListItem\",\"position\":2,\"name\":\"Butikk\",\"item\":\"https:\\\/\\\/medtest.stagingservers.net\\\/no\\\/butikk\\\/\"},{\"@type\":\"ListItem\",\"position\":3,\"name\":\"Diabetes, nyre og lever test\"}]},{\"@type\":\"WebSite\",\"@id\":\"https:\\\/\\\/medtest.stagingservers.net\\\/no\\\/#website\",\"url\":\"https:\\\/\\\/medtest.stagingservers.net\\\/no\\\/\",\"name\":\"Medtest.shop\",\"description\":\"\",\"publisher\":{\"@id\":\"https:\\\/\\\/medtest.stagingservers.net\\\/no\\\/#organization\"},\"potentialAction\":[{\"@type\":\"SearchAction\",\"target\":{\"@type\":\"EntryPoint\",\"urlTemplate\":\"https:\\\/\\\/medtest.stagingservers.net\\\/no\\\/?s={search_term_string}\"},\"query-input\":{\"@type\":\"PropertyValueSpecification\",\"valueRequired\":true,\"valueName\":\"search_term_string\"}}],\"inLanguage\":\"nb-NO\"},{\"@type\":\"Organization\",\"@id\":\"https:\\\/\\\/medtest.stagingservers.net\\\/no\\\/#organization\",\"name\":\"Medtest\",\"url\":\"https:\\\/\\\/medtest.stagingservers.net\\\/no\\\/\",\"logo\":{\"@type\":\"ImageObject\",\"inLanguage\":\"nb-NO\",\"@id\":\"https:\\\/\\\/medtest.stagingservers.net\\\/no\\\/#\\\/schema\\\/logo\\\/image\\\/\",\"url\":\"https:\\\/\\\/medtest.stagingservers.net\\\/wp-content\\\/uploads\\\/2018\\\/11\\\/Original.png\",\"contentUrl\":\"https:\\\/\\\/medtest.stagingservers.net\\\/wp-content\\\/uploads\\\/2018\\\/11\\\/Original.png\",\"width\":1024,\"height\":1024,\"caption\":\"Medtest\"},\"image\":{\"@id\":\"https:\\\/\\\/medtest.stagingservers.net\\\/no\\\/#\\\/schema\\\/logo\\\/image\\\/\"},\"sameAs\":[\"https:\\\/\\\/www.facebook.com\\\/Medtest-1440779469392476\\\/\"]}]}<\/script>","yoast_head_json":{"title":"Diabetes, nyrefunksjon og leverfunksjon test - Medtest","description":"Diabetes, nyrefunksjon og leverfunksjon test. Testen er ment \u00e5 brukes til \u00e5 kontrollere glukose og ketoninnhold i urinpr\u00f8ver for \u00e5 hjelpe til med diagnostisering av diabetes.","robots":{"index":"noindex","follow":"follow","max-snippet":"max-snippet:-1","max-image-preview":"max-image-preview:large","max-video-preview":"max-video-preview:-1"},"og_locale":"nb_NO","og_type":"article","og_title":"Diabetes, nyrefunksjon og leverfunksjon test - Medtest","og_description":"Diabetes, nyrefunksjon og leverfunksjon test. Testen er ment \u00e5 brukes til \u00e5 kontrollere glukose og ketoninnhold i urinpr\u00f8ver for \u00e5 hjelpe til med diagnostisering av diabetes.","og_url":"https:\/\/medtest.stagingservers.net\/no\/produkt\/diabetes-nyre-og-lever-test\/","og_site_name":"Medtest.shop","article_publisher":"https:\/\/www.facebook.com\/Medtest-1440779469392476\/","article_modified_time":"2019-09-23T13:39:34+00:00","og_image":[{"width":1148,"height":705,"url":"https:\/\/medtest.stagingservers.net\/wp-content\/uploads\/2019\/03\/3-nyre-dia-lever-NOe.png","type":"image\/png"}],"twitter_card":"summary_large_image","schema":{"@context":"https:\/\/schema.org","@graph":[{"@type":"WebPage","@id":"https:\/\/medtest.stagingservers.net\/no\/produkt\/diabetes-nyre-og-lever-test\/","url":"https:\/\/medtest.stagingservers.net\/no\/produkt\/diabetes-nyre-og-lever-test\/","name":"Diabetes, nyrefunksjon og leverfunksjon test - Medtest","isPartOf":{"@id":"https:\/\/medtest.stagingservers.net\/no\/#website"},"primaryImageOfPage":{"@id":"https:\/\/medtest.stagingservers.net\/no\/produkt\/diabetes-nyre-og-lever-test\/#primaryimage"},"image":{"@id":"https:\/\/medtest.stagingservers.net\/no\/produkt\/diabetes-nyre-og-lever-test\/#primaryimage"},"thumbnailUrl":"https:\/\/medtest.stagingservers.net\/wp-content\/uploads\/2019\/03\/3-nyre-dia-lever-NOe.png","datePublished":"2019-03-27T08:36:14+00:00","dateModified":"2019-09-23T13:39:34+00:00","description":"Diabetes, nyrefunksjon og leverfunksjon test. Testen er ment \u00e5 brukes til \u00e5 kontrollere glukose og ketoninnhold i urinpr\u00f8ver for \u00e5 hjelpe til med diagnostisering av diabetes.","breadcrumb":{"@id":"https:\/\/medtest.stagingservers.net\/no\/produkt\/diabetes-nyre-og-lever-test\/#breadcrumb"},"inLanguage":"nb-NO","potentialAction":[{"@type":"ReadAction","target":["https:\/\/medtest.stagingservers.net\/no\/produkt\/diabetes-nyre-og-lever-test\/"]}]},{"@type":"ImageObject","inLanguage":"nb-NO","@id":"https:\/\/medtest.stagingservers.net\/no\/produkt\/diabetes-nyre-og-lever-test\/#primaryimage","url":"https:\/\/medtest.stagingservers.net\/wp-content\/uploads\/2019\/03\/3-nyre-dia-lever-NOe.png","contentUrl":"https:\/\/medtest.stagingservers.net\/wp-content\/uploads\/2019\/03\/3-nyre-dia-lever-NOe.png","width":1148,"height":705},{"@type":"BreadcrumbList","@id":"https:\/\/medtest.stagingservers.net\/no\/produkt\/diabetes-nyre-og-lever-test\/#breadcrumb","itemListElement":[{"@type":"ListItem","position":1,"name":"Home","item":"https:\/\/medtest.stagingservers.net\/no\/"},{"@type":"ListItem","position":2,"name":"Butikk","item":"https:\/\/medtest.stagingservers.net\/no\/butikk\/"},{"@type":"ListItem","position":3,"name":"Diabetes, nyre og lever test"}]},{"@type":"WebSite","@id":"https:\/\/medtest.stagingservers.net\/no\/#website","url":"https:\/\/medtest.stagingservers.net\/no\/","name":"Medtest.shop","description":"","publisher":{"@id":"https:\/\/medtest.stagingservers.net\/no\/#organization"},"potentialAction":[{"@type":"SearchAction","target":{"@type":"EntryPoint","urlTemplate":"https:\/\/medtest.stagingservers.net\/no\/?s={search_term_string}"},"query-input":{"@type":"PropertyValueSpecification","valueRequired":true,"valueName":"search_term_string"}}],"inLanguage":"nb-NO"},{"@type":"Organization","@id":"https:\/\/medtest.stagingservers.net\/no\/#organization","name":"Medtest","url":"https:\/\/medtest.stagingservers.net\/no\/","logo":{"@type":"ImageObject","inLanguage":"nb-NO","@id":"https:\/\/medtest.stagingservers.net\/no\/#\/schema\/logo\/image\/","url":"https:\/\/medtest.stagingservers.net\/wp-content\/uploads\/2018\/11\/Original.png","contentUrl":"https:\/\/medtest.stagingservers.net\/wp-content\/uploads\/2018\/11\/Original.png","width":1024,"height":1024,"caption":"Medtest"},"image":{"@id":"https:\/\/medtest.stagingservers.net\/no\/#\/schema\/logo\/image\/"},"sameAs":["https:\/\/www.facebook.com\/Medtest-1440779469392476\/"]}]}},"_links":{"self":[{"href":"https:\/\/medtest.stagingservers.net\/no\/wp-json\/wp\/v2\/product\/55146","targetHints":{"allow":["GET"]}}],"collection":[{"href":"https:\/\/medtest.stagingservers.net\/no\/wp-json\/wp\/v2\/product"}],"about":[{"href":"https:\/\/medtest.stagingservers.net\/no\/wp-json\/wp\/v2\/types\/product"}],"replies":[{"embeddable":true,"href":"https:\/\/medtest.stagingservers.net\/no\/wp-json\/wp\/v2\/comments?post=55146"}],"version-history":[{"count":0,"href":"https:\/\/medtest.stagingservers.net\/no\/wp-json\/wp\/v2\/product\/55146\/revisions"}],"wp:featuredmedia":[{"embeddable":true,"href":"https:\/\/medtest.stagingservers.net\/no\/wp-json\/wp\/v2\/media\/55899"}],"wp:attachment":[{"href":"https:\/\/medtest.stagingservers.net\/no\/wp-json\/wp\/v2\/media?parent=55146"}],"wp:term":[{"taxonomy":"product_brand","embeddable":true,"href":"https:\/\/medtest.stagingservers.net\/no\/wp-json\/wp\/v2\/product_brand?post=55146"},{"taxonomy":"product_cat","embeddable":true,"href":"https:\/\/medtest.stagingservers.net\/no\/wp-json\/wp\/v2\/product_cat?post=55146"},{"taxonomy":"product_tag","embeddable":true,"href":"https:\/\/medtest.stagingservers.net\/no\/wp-json\/wp\/v2\/product_tag?post=55146"}],"curies":[{"name":"wp","href":"https:\/\/api.w.org\/{rel}","templated":true}]}}