{"id":55157,"date":"2019-03-03T19:13:50","date_gmt":"2019-03-03T19:13:50","guid":{"rendered":"http:\/\/104.248.87.71\/?post_type=product&#038;p=54848"},"modified":"2019-09-23T15:41:53","modified_gmt":"2019-09-23T13:41:53","slug":"lever-test","status":"publish","type":"product","link":"https:\/\/medtest.stagingservers.net\/no\/produkt\/lever-test\/","title":{"rendered":"Lever test"},"content":{"rendered":"<h2>Lever test<\/h2>\n<p>Testen bruker du til \u00e5 kontrollere bilirubin og urobilinogen i urinpr\u00f8ver som hjelpemiddel ved diagnose av lever- og gallebl\u00e6reproblemer. Testen resulterer gjennom den visuelle sammenligningen med et fargeskjema som er trykt p\u00e5 pakken.<\/p>\n<h5>Hvorfor trenger du \u00e5 analysere Bilirubin?<\/h5>\n<p>Hvis det er mistanke om leversykdom, b\u00f8r du ha bilirubin niv\u00e5er analysert i blodet, samt mistanke om galleveis sykdom. Selv om det er mistanke om \u00f8kt nedbrytning av r\u00f8de blodlegemer i blodet, kontrolleres bilirubin verdien. Et klinisk tegn p\u00e5 at bilirubinniv\u00e5er er forh\u00f8yet i kroppen er tilstedev\u00e6relsen av gulsott, noe som betyr at huden i kroppen og \u00f8yelokkene adopterer en gulaktig tone.<\/p>\n<h5>En forh\u00f8yet bilirubin verdi &#8211; hva betyr det?<\/h5>\n<p>En \u00f8kt verdi kan ha flere forskjellige grunner. Det ses ofte i forbindelse med leversykdom, f.eks. som f\u00f8lge av langvarig h\u00f8yt alkoholinntak eller infeksjon i leverens vev (ofte hepatitt A og under kusma). Bilirubin kan ogs\u00e5 stige i sykdommer som for\u00e5rsaker obstruksjon i galdekanaler, gallestein eller svulster som ofte for\u00e5rsaker dette. Noen typer arvelige enzym mangler kan ogs\u00e5 for\u00e5rsake bilirubin regresjon. P\u00e5 samme m\u00e5te ses forh\u00f8yede bilirubinniv\u00e5er ofte hos personer som er alvorlig syk av ulike grunner som ikke trenger \u00e5 v\u00e6re direkte i leveren, for eksempel i svulstsykdommer, alvorlige infeksjoner og alvorlig hjertesvikt.<\/p>\n<p>Et forh\u00f8yet bilirubin kan ogs\u00e5 forekomme i hemolyse. Dette betyr at de r\u00f8de blodcellene bryter ned i raskere takt enn normalt. Mange forskjellige stoffer, f.eks. \u00f8strogener, androgene anabolske steroider, enkelte blodtrykksmedisiner og antibiotika, antiepileptika, antidepressiva og smertestillende midler, kan noen ganger ogs\u00e5 p\u00e5virke leveren og \u00f8ke blodniv\u00e5et i underenheten.<\/p>\n<h5>Slik fungerer selvtesten<\/h5>\n<ol start=\"1\">\n<li>\u00c5pne foliepakken og fjern teststrimmelen.<\/li>\n<li>Uriner i en kopp \/ beger og dypp strimmelen.<\/li>\n<li>Les svaret etter ca. 1 minutt. Les resultatene ved \u00e5 sammenligne fargene til reaksjonen til stripen til de i diagrammet. Til sammenligning hold stripen i en horisontal posisjon for \u00e5 unng\u00e5 mulig blanding av farger mellom de to reaksjonsomr\u00e5dene p\u00e5 stripen<\/li>\n<\/ol>\n<p><img loading=\"lazy\" decoding=\"async\" class=\"wp-image-55162 aligncenter\" src=\"\/wp-content\/uploads\/2019\/03\/Lever-resultat.png\" alt=\"\" width=\"825\" height=\"172\" \/><\/p>\n","protected":false},"excerpt":{"rendered":"<p>Leverfunksjon test som skal brukes til \u00e5 kontrollere bilirubin og urobilinogen i urinpr\u00f8ver som hjelpemiddel ved diagnose av lever- og gallebl\u00e6reproblemer. Testen resulterer gjennom den visuelle sammenligningen med et fargeskjema som er trykt p\u00e5 pakken.<\/p>\n","protected":false},"featured_media":55898,"comment_status":"closed","ping_status":"closed","template":"","meta":{"_acf_changed":false,"footnotes":""},"product_brand":[],"product_cat":[767],"product_tag":[],"class_list":{"0":"post-55157","1":"product","2":"type-product","3":"status-publish","4":"has-post-thumbnail","6":"product_cat-leverfunksjon","8":"first","9":"instock","10":"taxable","11":"shipping-taxable","12":"purchasable","13":"product-type-simple"},"acf":[],"yoast_head":"<title>Lever test - Diagnostisering av lever- og gallebl\u00e6reproblemer - Medtest<\/title>\n<meta name=\"description\" content=\"Lever test - Diagnostisering av lever- og gallebl\u00e6reproblemer. Testen b\u00f8r brukes til \u00e5 kontrollere bilirubin og urobilinogen i urinpr\u00f8ver for \u00e5 hjelpe til med diagnostisering av lever- og gallebl\u00e6reproblemer\" \/>\n<meta name=\"robots\" content=\"noindex, follow, max-snippet:-1, max-image-preview:large, max-video-preview:-1\" \/>\n<meta property=\"og:locale\" content=\"nb_NO\" \/>\n<meta property=\"og:type\" content=\"article\" \/>\n<meta property=\"og:title\" content=\"Lever test - Diagnostisering av lever- og gallebl\u00e6reproblemer - Medtest\" \/>\n<meta property=\"og:description\" content=\"Lever test - Diagnostisering av lever- og gallebl\u00e6reproblemer. Testen b\u00f8r brukes til \u00e5 kontrollere bilirubin og urobilinogen i urinpr\u00f8ver for \u00e5 hjelpe til med diagnostisering av lever- og gallebl\u00e6reproblemer\" \/>\n<meta property=\"og:url\" content=\"https:\/\/medtest.stagingservers.net\/no\/produkt\/lever-test\/\" \/>\n<meta property=\"og:site_name\" content=\"Medtest.shop\" \/>\n<meta property=\"article:publisher\" content=\"https:\/\/www.facebook.com\/Medtest-1440779469392476\/\" \/>\n<meta property=\"article:modified_time\" content=\"2019-09-23T13:41:53+00:00\" \/>\n<meta property=\"og:image\" content=\"https:\/\/medtest.stagingservers.net\/wp-content\/uploads\/2019\/03\/Lever-NOimage.jpg\" \/>\n\t<meta property=\"og:image:width\" content=\"2400\" \/>\n\t<meta property=\"og:image:height\" content=\"1600\" \/>\n\t<meta property=\"og:image:type\" content=\"image\/jpeg\" \/>\n<meta name=\"twitter:card\" content=\"summary_large_image\" \/>\n<script type=\"application\/ld+json\" class=\"yoast-schema-graph\">{\"@context\":\"https:\\\/\\\/schema.org\",\"@graph\":[{\"@type\":\"WebPage\",\"@id\":\"https:\\\/\\\/medtest.stagingservers.net\\\/no\\\/produkt\\\/lever-test\\\/\",\"url\":\"https:\\\/\\\/medtest.stagingservers.net\\\/no\\\/produkt\\\/lever-test\\\/\",\"name\":\"Lever test - Diagnostisering av lever- og gallebl\u00e6reproblemer - Medtest\",\"isPartOf\":{\"@id\":\"https:\\\/\\\/medtest.stagingservers.net\\\/no\\\/#website\"},\"primaryImageOfPage\":{\"@id\":\"https:\\\/\\\/medtest.stagingservers.net\\\/no\\\/produkt\\\/lever-test\\\/#primaryimage\"},\"image\":{\"@id\":\"https:\\\/\\\/medtest.stagingservers.net\\\/no\\\/produkt\\\/lever-test\\\/#primaryimage\"},\"thumbnailUrl\":\"https:\\\/\\\/medtest.stagingservers.net\\\/wp-content\\\/uploads\\\/2019\\\/03\\\/Lever-NOimage.jpg\",\"datePublished\":\"2019-03-03T19:13:50+00:00\",\"dateModified\":\"2019-09-23T13:41:53+00:00\",\"description\":\"Lever test - Diagnostisering av lever- og gallebl\u00e6reproblemer. Testen b\u00f8r brukes til \u00e5 kontrollere bilirubin og urobilinogen i urinpr\u00f8ver for \u00e5 hjelpe til med diagnostisering av lever- og gallebl\u00e6reproblemer\",\"breadcrumb\":{\"@id\":\"https:\\\/\\\/medtest.stagingservers.net\\\/no\\\/produkt\\\/lever-test\\\/#breadcrumb\"},\"inLanguage\":\"nb-NO\",\"potentialAction\":[{\"@type\":\"ReadAction\",\"target\":[\"https:\\\/\\\/medtest.stagingservers.net\\\/no\\\/produkt\\\/lever-test\\\/\"]}]},{\"@type\":\"ImageObject\",\"inLanguage\":\"nb-NO\",\"@id\":\"https:\\\/\\\/medtest.stagingservers.net\\\/no\\\/produkt\\\/lever-test\\\/#primaryimage\",\"url\":\"https:\\\/\\\/medtest.stagingservers.net\\\/wp-content\\\/uploads\\\/2019\\\/03\\\/Lever-NOimage.jpg\",\"contentUrl\":\"https:\\\/\\\/medtest.stagingservers.net\\\/wp-content\\\/uploads\\\/2019\\\/03\\\/Lever-NOimage.jpg\",\"width\":2400,\"height\":1600,\"caption\":\"Lever test\"},{\"@type\":\"BreadcrumbList\",\"@id\":\"https:\\\/\\\/medtest.stagingservers.net\\\/no\\\/produkt\\\/lever-test\\\/#breadcrumb\",\"itemListElement\":[{\"@type\":\"ListItem\",\"position\":1,\"name\":\"Home\",\"item\":\"https:\\\/\\\/medtest.stagingservers.net\\\/no\\\/\"},{\"@type\":\"ListItem\",\"position\":2,\"name\":\"Butikk\",\"item\":\"https:\\\/\\\/medtest.stagingservers.net\\\/no\\\/butikk\\\/\"},{\"@type\":\"ListItem\",\"position\":3,\"name\":\"Lever test\"}]},{\"@type\":\"WebSite\",\"@id\":\"https:\\\/\\\/medtest.stagingservers.net\\\/no\\\/#website\",\"url\":\"https:\\\/\\\/medtest.stagingservers.net\\\/no\\\/\",\"name\":\"Medtest.shop\",\"description\":\"\",\"publisher\":{\"@id\":\"https:\\\/\\\/medtest.stagingservers.net\\\/no\\\/#organization\"},\"potentialAction\":[{\"@type\":\"SearchAction\",\"target\":{\"@type\":\"EntryPoint\",\"urlTemplate\":\"https:\\\/\\\/medtest.stagingservers.net\\\/no\\\/?s={search_term_string}\"},\"query-input\":{\"@type\":\"PropertyValueSpecification\",\"valueRequired\":true,\"valueName\":\"search_term_string\"}}],\"inLanguage\":\"nb-NO\"},{\"@type\":\"Organization\",\"@id\":\"https:\\\/\\\/medtest.stagingservers.net\\\/no\\\/#organization\",\"name\":\"Medtest\",\"url\":\"https:\\\/\\\/medtest.stagingservers.net\\\/no\\\/\",\"logo\":{\"@type\":\"ImageObject\",\"inLanguage\":\"nb-NO\",\"@id\":\"https:\\\/\\\/medtest.stagingservers.net\\\/no\\\/#\\\/schema\\\/logo\\\/image\\\/\",\"url\":\"https:\\\/\\\/medtest.stagingservers.net\\\/wp-content\\\/uploads\\\/2018\\\/11\\\/Original.png\",\"contentUrl\":\"https:\\\/\\\/medtest.stagingservers.net\\\/wp-content\\\/uploads\\\/2018\\\/11\\\/Original.png\",\"width\":1024,\"height\":1024,\"caption\":\"Medtest\"},\"image\":{\"@id\":\"https:\\\/\\\/medtest.stagingservers.net\\\/no\\\/#\\\/schema\\\/logo\\\/image\\\/\"},\"sameAs\":[\"https:\\\/\\\/www.facebook.com\\\/Medtest-1440779469392476\\\/\"]}]}<\/script>","yoast_head_json":{"title":"Lever test - Diagnostisering av lever- og gallebl\u00e6reproblemer - Medtest","description":"Lever test - Diagnostisering av lever- og gallebl\u00e6reproblemer. Testen b\u00f8r brukes til \u00e5 kontrollere bilirubin og urobilinogen i urinpr\u00f8ver for \u00e5 hjelpe til med diagnostisering av lever- og gallebl\u00e6reproblemer","robots":{"index":"noindex","follow":"follow","max-snippet":"max-snippet:-1","max-image-preview":"max-image-preview:large","max-video-preview":"max-video-preview:-1"},"og_locale":"nb_NO","og_type":"article","og_title":"Lever test - Diagnostisering av lever- og gallebl\u00e6reproblemer - Medtest","og_description":"Lever test - Diagnostisering av lever- og gallebl\u00e6reproblemer. Testen b\u00f8r brukes til \u00e5 kontrollere bilirubin og urobilinogen i urinpr\u00f8ver for \u00e5 hjelpe til med diagnostisering av lever- og gallebl\u00e6reproblemer","og_url":"https:\/\/medtest.stagingservers.net\/no\/produkt\/lever-test\/","og_site_name":"Medtest.shop","article_publisher":"https:\/\/www.facebook.com\/Medtest-1440779469392476\/","article_modified_time":"2019-09-23T13:41:53+00:00","og_image":[{"width":2400,"height":1600,"url":"https:\/\/medtest.stagingservers.net\/wp-content\/uploads\/2019\/03\/Lever-NOimage.jpg","type":"image\/jpeg"}],"twitter_card":"summary_large_image","schema":{"@context":"https:\/\/schema.org","@graph":[{"@type":"WebPage","@id":"https:\/\/medtest.stagingservers.net\/no\/produkt\/lever-test\/","url":"https:\/\/medtest.stagingservers.net\/no\/produkt\/lever-test\/","name":"Lever test - Diagnostisering av lever- og gallebl\u00e6reproblemer - Medtest","isPartOf":{"@id":"https:\/\/medtest.stagingservers.net\/no\/#website"},"primaryImageOfPage":{"@id":"https:\/\/medtest.stagingservers.net\/no\/produkt\/lever-test\/#primaryimage"},"image":{"@id":"https:\/\/medtest.stagingservers.net\/no\/produkt\/lever-test\/#primaryimage"},"thumbnailUrl":"https:\/\/medtest.stagingservers.net\/wp-content\/uploads\/2019\/03\/Lever-NOimage.jpg","datePublished":"2019-03-03T19:13:50+00:00","dateModified":"2019-09-23T13:41:53+00:00","description":"Lever test - Diagnostisering av lever- og gallebl\u00e6reproblemer. Testen b\u00f8r brukes til \u00e5 kontrollere bilirubin og urobilinogen i urinpr\u00f8ver for \u00e5 hjelpe til med diagnostisering av lever- og gallebl\u00e6reproblemer","breadcrumb":{"@id":"https:\/\/medtest.stagingservers.net\/no\/produkt\/lever-test\/#breadcrumb"},"inLanguage":"nb-NO","potentialAction":[{"@type":"ReadAction","target":["https:\/\/medtest.stagingservers.net\/no\/produkt\/lever-test\/"]}]},{"@type":"ImageObject","inLanguage":"nb-NO","@id":"https:\/\/medtest.stagingservers.net\/no\/produkt\/lever-test\/#primaryimage","url":"https:\/\/medtest.stagingservers.net\/wp-content\/uploads\/2019\/03\/Lever-NOimage.jpg","contentUrl":"https:\/\/medtest.stagingservers.net\/wp-content\/uploads\/2019\/03\/Lever-NOimage.jpg","width":2400,"height":1600,"caption":"Lever test"},{"@type":"BreadcrumbList","@id":"https:\/\/medtest.stagingservers.net\/no\/produkt\/lever-test\/#breadcrumb","itemListElement":[{"@type":"ListItem","position":1,"name":"Home","item":"https:\/\/medtest.stagingservers.net\/no\/"},{"@type":"ListItem","position":2,"name":"Butikk","item":"https:\/\/medtest.stagingservers.net\/no\/butikk\/"},{"@type":"ListItem","position":3,"name":"Lever test"}]},{"@type":"WebSite","@id":"https:\/\/medtest.stagingservers.net\/no\/#website","url":"https:\/\/medtest.stagingservers.net\/no\/","name":"Medtest.shop","description":"","publisher":{"@id":"https:\/\/medtest.stagingservers.net\/no\/#organization"},"potentialAction":[{"@type":"SearchAction","target":{"@type":"EntryPoint","urlTemplate":"https:\/\/medtest.stagingservers.net\/no\/?s={search_term_string}"},"query-input":{"@type":"PropertyValueSpecification","valueRequired":true,"valueName":"search_term_string"}}],"inLanguage":"nb-NO"},{"@type":"Organization","@id":"https:\/\/medtest.stagingservers.net\/no\/#organization","name":"Medtest","url":"https:\/\/medtest.stagingservers.net\/no\/","logo":{"@type":"ImageObject","inLanguage":"nb-NO","@id":"https:\/\/medtest.stagingservers.net\/no\/#\/schema\/logo\/image\/","url":"https:\/\/medtest.stagingservers.net\/wp-content\/uploads\/2018\/11\/Original.png","contentUrl":"https:\/\/medtest.stagingservers.net\/wp-content\/uploads\/2018\/11\/Original.png","width":1024,"height":1024,"caption":"Medtest"},"image":{"@id":"https:\/\/medtest.stagingservers.net\/no\/#\/schema\/logo\/image\/"},"sameAs":["https:\/\/www.facebook.com\/Medtest-1440779469392476\/"]}]}},"_links":{"self":[{"href":"https:\/\/medtest.stagingservers.net\/no\/wp-json\/wp\/v2\/product\/55157","targetHints":{"allow":["GET"]}}],"collection":[{"href":"https:\/\/medtest.stagingservers.net\/no\/wp-json\/wp\/v2\/product"}],"about":[{"href":"https:\/\/medtest.stagingservers.net\/no\/wp-json\/wp\/v2\/types\/product"}],"replies":[{"embeddable":true,"href":"https:\/\/medtest.stagingservers.net\/no\/wp-json\/wp\/v2\/comments?post=55157"}],"version-history":[{"count":0,"href":"https:\/\/medtest.stagingservers.net\/no\/wp-json\/wp\/v2\/product\/55157\/revisions"}],"wp:featuredmedia":[{"embeddable":true,"href":"https:\/\/medtest.stagingservers.net\/no\/wp-json\/wp\/v2\/media\/55898"}],"wp:attachment":[{"href":"https:\/\/medtest.stagingservers.net\/no\/wp-json\/wp\/v2\/media?parent=55157"}],"wp:term":[{"taxonomy":"product_brand","embeddable":true,"href":"https:\/\/medtest.stagingservers.net\/no\/wp-json\/wp\/v2\/product_brand?post=55157"},{"taxonomy":"product_cat","embeddable":true,"href":"https:\/\/medtest.stagingservers.net\/no\/wp-json\/wp\/v2\/product_cat?post=55157"},{"taxonomy":"product_tag","embeddable":true,"href":"https:\/\/medtest.stagingservers.net\/no\/wp-json\/wp\/v2\/product_tag?post=55157"}],"curies":[{"name":"wp","href":"https:\/\/api.w.org\/{rel}","templated":true}]}}