{"id":55168,"date":"2019-03-03T16:05:28","date_gmt":"2019-03-03T16:05:28","guid":{"rendered":"http:\/\/104.248.87.71\/?post_type=product&#038;p=54845"},"modified":"2019-09-23T15:33:31","modified_gmt":"2019-09-23T13:33:31","slug":"nyre-test","status":"publish","type":"product","link":"https:\/\/medtest.stagingservers.net\/no\/produkt\/nyre-test\/","title":{"rendered":"Nyre test"},"content":{"rendered":"<h2>Nyre test<\/h2>\n<p>Som et verkt\u00f8y for \u00e5 diagnostisere nyresykdommer, m\u00e5ler v\u00e5r test <strong>kreatinin, protein og spesifikk\u00a0gravitasjon<\/strong>\u00a0i urinpr\u00f8ver. Testen resulterer ved visuell sammenligning med et fargeskjema som er trykt p\u00e5 pakken (se nedenfor).<\/p>\n<h5>Kreatinin<\/h5>\n<p>Kreatinin er et kjemisk avfallsprodukt som finnes i blodet. Nyrene filtrerer og eliminerer kreatinin i urinen. Dette kjemiske avfallet er et biprodukt av normal muskelfunksjon. Jo flere muskler en person har, desto mer kreatinin produserer de. Niv\u00e5ene av kreatinin i blodet reflekterer b\u00e5de mengden muskel en person har og deres nyrefunksjon. De fleste menn med normal nyrefunksjon har ca. 0,6 til 1,2 milligram \/ deciliter (mg \/ dL) kreatinin. Kvinner har mindre muskel enn menn og mindre kreatin. De fleste kvinner med normal nyrefunksjon har mellom 0,5 og 1,1 mg \/ dl kreatinin.<\/p>\n<h5>Protein<\/h5>\n<p>Vanligvis b\u00f8r urinen i prinsippet ikke inneholde noe protein. Hvis du har protein i urinen, kan det v\u00e6re et problem med nyrefiltrerings evnen.<\/p>\n<h5>Spesifikt\u00a0gravitasjon<\/h5>\n<p>Nyrene rydder ut giftstoffer og metabolske slagg produkter. Nyrenes rolle er \u00e5 fjerne disse stoffene via urinen uten \u00e5 miste for mye v\u00e6ske. Konsentrasjonen av de utskillede molekylene bestemmer urinens spesifikke tyngdekraft. Voksne har generelt en spesifikk graviditet p\u00e5 ca. 1000 til 1030. \u00d8kninger i spesifikk tyngdekraft, dvs. \u00f8kt konsentrasjon av oppl\u00f8sninger i urinen, kan v\u00e6re forbundet med nyresvikt eller nedsatt blodgass til nyrene.<\/p>\n<h5>Slik fungerer nyretesten<\/h5>\n<ol start=\"1\">\n<li>\u00c5pne foliepakken og fjern teststrimmelen.<\/li>\n<li>Urinere i en kopp \/ beger og dypp strimmelen.<\/li>\n<li>Etter ca. 1 minutt leses svaret.<\/li>\n<\/ol>\n<p><img loading=\"lazy\" decoding=\"async\" class=\"alignnone size-full wp-image-55173\" src=\"\/wp-content\/uploads\/2019\/03\/Njur-resultat.png\" alt=\"\" width=\"1098\" height=\"306\" srcset=\"https:\/\/medtest.stagingservers.net\/wp-content\/uploads\/2019\/03\/Njur-resultat.png 1098w, https:\/\/medtest.stagingservers.net\/wp-content\/uploads\/2019\/03\/Njur-resultat-600x167.png 600w, https:\/\/medtest.stagingservers.net\/wp-content\/uploads\/2019\/03\/Njur-resultat-200x56.png 200w, https:\/\/medtest.stagingservers.net\/wp-content\/uploads\/2019\/03\/Njur-resultat-720x201.png 720w, https:\/\/medtest.stagingservers.net\/wp-content\/uploads\/2019\/03\/Njur-resultat-768x214.png 768w, https:\/\/medtest.stagingservers.net\/wp-content\/uploads\/2019\/03\/Njur-resultat-1024x285.png 1024w, https:\/\/medtest.stagingservers.net\/wp-content\/uploads\/2019\/03\/Njur-resultat-416x116.png 416w, https:\/\/medtest.stagingservers.net\/wp-content\/uploads\/2019\/03\/Njur-resultat-300x84.png 300w\" sizes=\"auto, (max-width: 1098px) 100vw, 1098px\" \/> Utf\u00f6randebeskrivning p\u00e5 svenska medf\u00f6ljer produkten.<\/p>\n","protected":false},"excerpt":{"rendered":"<p>Som et verkt\u00f8y for \u00e5 diagnostisere nyresykdommer, m\u00e5ler v\u00e5r test kreatinin, protein og spesifikk gravitasjon i urinpr\u00f8ver. Testen resulterer ved visuell sammenligning med et fargeskjema som er trykt p\u00e5 pakken<\/p>\n","protected":false},"featured_media":70207,"comment_status":"closed","ping_status":"closed","template":"","meta":{"_acf_changed":false,"footnotes":""},"product_brand":[],"product_cat":[769],"product_tag":[],"class_list":{"0":"post-55168","1":"product","2":"type-product","3":"status-publish","4":"has-post-thumbnail","6":"product_cat-nyrefunksjon","8":"first","9":"instock","10":"taxable","11":"shipping-taxable","12":"purchasable","13":"product-type-simple"},"acf":[],"yoast_head":"<title>Nyre test - Hjem test for \u00e5 m\u00e5le nyrefunksjonen - Medtest<\/title>\n<meta name=\"description\" content=\"Nyre test - Hjem test for \u00e5 kontrollere kreatinin, protein og spesifikk tyngdekraft i urinpr\u00f8ver som hjelpemiddel ved diagnostisering av nyresykdommer - Medtest\" \/>\n<meta name=\"robots\" content=\"noindex, follow, max-snippet:-1, max-image-preview:large, max-video-preview:-1\" \/>\n<meta property=\"og:locale\" content=\"nb_NO\" \/>\n<meta property=\"og:type\" content=\"article\" \/>\n<meta property=\"og:title\" content=\"Nyre test - Hjem test for \u00e5 m\u00e5le nyrefunksjonen - Medtest\" \/>\n<meta property=\"og:description\" content=\"Nyre test - Hjem test for \u00e5 kontrollere kreatinin, protein og spesifikk tyngdekraft i urinpr\u00f8ver som hjelpemiddel ved diagnostisering av nyresykdommer - Medtest\" \/>\n<meta property=\"og:url\" content=\"https:\/\/medtest.stagingservers.net\/no\/produkt\/nyre-test\/\" \/>\n<meta property=\"og:site_name\" content=\"Medtest.shop\" \/>\n<meta property=\"article:publisher\" content=\"https:\/\/www.facebook.com\/Medtest-1440779469392476\/\" \/>\n<meta property=\"article:modified_time\" content=\"2019-09-23T13:33:31+00:00\" \/>\n<meta property=\"og:image\" content=\"https:\/\/medtest.stagingservers.net\/wp-content\/uploads\/2019\/03\/Nyre_image.jpg\" \/>\n\t<meta property=\"og:image:width\" content=\"2400\" \/>\n\t<meta property=\"og:image:height\" content=\"1600\" \/>\n\t<meta property=\"og:image:type\" content=\"image\/jpeg\" \/>\n<meta name=\"twitter:card\" content=\"summary_large_image\" \/>\n<script type=\"application\/ld+json\" class=\"yoast-schema-graph\">{\"@context\":\"https:\\\/\\\/schema.org\",\"@graph\":[{\"@type\":\"WebPage\",\"@id\":\"https:\\\/\\\/medtest.stagingservers.net\\\/no\\\/produkt\\\/nyre-test\\\/\",\"url\":\"https:\\\/\\\/medtest.stagingservers.net\\\/no\\\/produkt\\\/nyre-test\\\/\",\"name\":\"Nyre test - Hjem test for \u00e5 m\u00e5le nyrefunksjonen - Medtest\",\"isPartOf\":{\"@id\":\"https:\\\/\\\/medtest.stagingservers.net\\\/no\\\/#website\"},\"primaryImageOfPage\":{\"@id\":\"https:\\\/\\\/medtest.stagingservers.net\\\/no\\\/produkt\\\/nyre-test\\\/#primaryimage\"},\"image\":{\"@id\":\"https:\\\/\\\/medtest.stagingservers.net\\\/no\\\/produkt\\\/nyre-test\\\/#primaryimage\"},\"thumbnailUrl\":\"https:\\\/\\\/medtest.stagingservers.net\\\/wp-content\\\/uploads\\\/2019\\\/03\\\/Nyre_image.jpg\",\"datePublished\":\"2019-03-03T16:05:28+00:00\",\"dateModified\":\"2019-09-23T13:33:31+00:00\",\"description\":\"Nyre test - Hjem test for \u00e5 kontrollere kreatinin, protein og spesifikk tyngdekraft i urinpr\u00f8ver som hjelpemiddel ved diagnostisering av nyresykdommer - Medtest\",\"breadcrumb\":{\"@id\":\"https:\\\/\\\/medtest.stagingservers.net\\\/no\\\/produkt\\\/nyre-test\\\/#breadcrumb\"},\"inLanguage\":\"nb-NO\",\"potentialAction\":[{\"@type\":\"ReadAction\",\"target\":[\"https:\\\/\\\/medtest.stagingservers.net\\\/no\\\/produkt\\\/nyre-test\\\/\"]}]},{\"@type\":\"ImageObject\",\"inLanguage\":\"nb-NO\",\"@id\":\"https:\\\/\\\/medtest.stagingservers.net\\\/no\\\/produkt\\\/nyre-test\\\/#primaryimage\",\"url\":\"https:\\\/\\\/medtest.stagingservers.net\\\/wp-content\\\/uploads\\\/2019\\\/03\\\/Nyre_image.jpg\",\"contentUrl\":\"https:\\\/\\\/medtest.stagingservers.net\\\/wp-content\\\/uploads\\\/2019\\\/03\\\/Nyre_image.jpg\",\"width\":2400,\"height\":1600},{\"@type\":\"BreadcrumbList\",\"@id\":\"https:\\\/\\\/medtest.stagingservers.net\\\/no\\\/produkt\\\/nyre-test\\\/#breadcrumb\",\"itemListElement\":[{\"@type\":\"ListItem\",\"position\":1,\"name\":\"Home\",\"item\":\"https:\\\/\\\/medtest.stagingservers.net\\\/no\\\/\"},{\"@type\":\"ListItem\",\"position\":2,\"name\":\"Butikk\",\"item\":\"https:\\\/\\\/medtest.stagingservers.net\\\/no\\\/butikk\\\/\"},{\"@type\":\"ListItem\",\"position\":3,\"name\":\"Nyre test\"}]},{\"@type\":\"WebSite\",\"@id\":\"https:\\\/\\\/medtest.stagingservers.net\\\/no\\\/#website\",\"url\":\"https:\\\/\\\/medtest.stagingservers.net\\\/no\\\/\",\"name\":\"Medtest.shop\",\"description\":\"\",\"publisher\":{\"@id\":\"https:\\\/\\\/medtest.stagingservers.net\\\/no\\\/#organization\"},\"potentialAction\":[{\"@type\":\"SearchAction\",\"target\":{\"@type\":\"EntryPoint\",\"urlTemplate\":\"https:\\\/\\\/medtest.stagingservers.net\\\/no\\\/?s={search_term_string}\"},\"query-input\":{\"@type\":\"PropertyValueSpecification\",\"valueRequired\":true,\"valueName\":\"search_term_string\"}}],\"inLanguage\":\"nb-NO\"},{\"@type\":\"Organization\",\"@id\":\"https:\\\/\\\/medtest.stagingservers.net\\\/no\\\/#organization\",\"name\":\"Medtest\",\"url\":\"https:\\\/\\\/medtest.stagingservers.net\\\/no\\\/\",\"logo\":{\"@type\":\"ImageObject\",\"inLanguage\":\"nb-NO\",\"@id\":\"https:\\\/\\\/medtest.stagingservers.net\\\/no\\\/#\\\/schema\\\/logo\\\/image\\\/\",\"url\":\"https:\\\/\\\/medtest.stagingservers.net\\\/wp-content\\\/uploads\\\/2018\\\/11\\\/Original.png\",\"contentUrl\":\"https:\\\/\\\/medtest.stagingservers.net\\\/wp-content\\\/uploads\\\/2018\\\/11\\\/Original.png\",\"width\":1024,\"height\":1024,\"caption\":\"Medtest\"},\"image\":{\"@id\":\"https:\\\/\\\/medtest.stagingservers.net\\\/no\\\/#\\\/schema\\\/logo\\\/image\\\/\"},\"sameAs\":[\"https:\\\/\\\/www.facebook.com\\\/Medtest-1440779469392476\\\/\"]}]}<\/script>","yoast_head_json":{"title":"Nyre test - Hjem test for \u00e5 m\u00e5le nyrefunksjonen - Medtest","description":"Nyre test - Hjem test for \u00e5 kontrollere kreatinin, protein og spesifikk tyngdekraft i urinpr\u00f8ver som hjelpemiddel ved diagnostisering av nyresykdommer - Medtest","robots":{"index":"noindex","follow":"follow","max-snippet":"max-snippet:-1","max-image-preview":"max-image-preview:large","max-video-preview":"max-video-preview:-1"},"og_locale":"nb_NO","og_type":"article","og_title":"Nyre test - Hjem test for \u00e5 m\u00e5le nyrefunksjonen - Medtest","og_description":"Nyre test - Hjem test for \u00e5 kontrollere kreatinin, protein og spesifikk tyngdekraft i urinpr\u00f8ver som hjelpemiddel ved diagnostisering av nyresykdommer - Medtest","og_url":"https:\/\/medtest.stagingservers.net\/no\/produkt\/nyre-test\/","og_site_name":"Medtest.shop","article_publisher":"https:\/\/www.facebook.com\/Medtest-1440779469392476\/","article_modified_time":"2019-09-23T13:33:31+00:00","og_image":[{"width":2400,"height":1600,"url":"https:\/\/medtest.stagingservers.net\/wp-content\/uploads\/2019\/03\/Nyre_image.jpg","type":"image\/jpeg"}],"twitter_card":"summary_large_image","schema":{"@context":"https:\/\/schema.org","@graph":[{"@type":"WebPage","@id":"https:\/\/medtest.stagingservers.net\/no\/produkt\/nyre-test\/","url":"https:\/\/medtest.stagingservers.net\/no\/produkt\/nyre-test\/","name":"Nyre test - Hjem test for \u00e5 m\u00e5le nyrefunksjonen - Medtest","isPartOf":{"@id":"https:\/\/medtest.stagingservers.net\/no\/#website"},"primaryImageOfPage":{"@id":"https:\/\/medtest.stagingservers.net\/no\/produkt\/nyre-test\/#primaryimage"},"image":{"@id":"https:\/\/medtest.stagingservers.net\/no\/produkt\/nyre-test\/#primaryimage"},"thumbnailUrl":"https:\/\/medtest.stagingservers.net\/wp-content\/uploads\/2019\/03\/Nyre_image.jpg","datePublished":"2019-03-03T16:05:28+00:00","dateModified":"2019-09-23T13:33:31+00:00","description":"Nyre test - Hjem test for \u00e5 kontrollere kreatinin, protein og spesifikk tyngdekraft i urinpr\u00f8ver som hjelpemiddel ved diagnostisering av nyresykdommer - Medtest","breadcrumb":{"@id":"https:\/\/medtest.stagingservers.net\/no\/produkt\/nyre-test\/#breadcrumb"},"inLanguage":"nb-NO","potentialAction":[{"@type":"ReadAction","target":["https:\/\/medtest.stagingservers.net\/no\/produkt\/nyre-test\/"]}]},{"@type":"ImageObject","inLanguage":"nb-NO","@id":"https:\/\/medtest.stagingservers.net\/no\/produkt\/nyre-test\/#primaryimage","url":"https:\/\/medtest.stagingservers.net\/wp-content\/uploads\/2019\/03\/Nyre_image.jpg","contentUrl":"https:\/\/medtest.stagingservers.net\/wp-content\/uploads\/2019\/03\/Nyre_image.jpg","width":2400,"height":1600},{"@type":"BreadcrumbList","@id":"https:\/\/medtest.stagingservers.net\/no\/produkt\/nyre-test\/#breadcrumb","itemListElement":[{"@type":"ListItem","position":1,"name":"Home","item":"https:\/\/medtest.stagingservers.net\/no\/"},{"@type":"ListItem","position":2,"name":"Butikk","item":"https:\/\/medtest.stagingservers.net\/no\/butikk\/"},{"@type":"ListItem","position":3,"name":"Nyre test"}]},{"@type":"WebSite","@id":"https:\/\/medtest.stagingservers.net\/no\/#website","url":"https:\/\/medtest.stagingservers.net\/no\/","name":"Medtest.shop","description":"","publisher":{"@id":"https:\/\/medtest.stagingservers.net\/no\/#organization"},"potentialAction":[{"@type":"SearchAction","target":{"@type":"EntryPoint","urlTemplate":"https:\/\/medtest.stagingservers.net\/no\/?s={search_term_string}"},"query-input":{"@type":"PropertyValueSpecification","valueRequired":true,"valueName":"search_term_string"}}],"inLanguage":"nb-NO"},{"@type":"Organization","@id":"https:\/\/medtest.stagingservers.net\/no\/#organization","name":"Medtest","url":"https:\/\/medtest.stagingservers.net\/no\/","logo":{"@type":"ImageObject","inLanguage":"nb-NO","@id":"https:\/\/medtest.stagingservers.net\/no\/#\/schema\/logo\/image\/","url":"https:\/\/medtest.stagingservers.net\/wp-content\/uploads\/2018\/11\/Original.png","contentUrl":"https:\/\/medtest.stagingservers.net\/wp-content\/uploads\/2018\/11\/Original.png","width":1024,"height":1024,"caption":"Medtest"},"image":{"@id":"https:\/\/medtest.stagingservers.net\/no\/#\/schema\/logo\/image\/"},"sameAs":["https:\/\/www.facebook.com\/Medtest-1440779469392476\/"]}]}},"_links":{"self":[{"href":"https:\/\/medtest.stagingservers.net\/no\/wp-json\/wp\/v2\/product\/55168","targetHints":{"allow":["GET"]}}],"collection":[{"href":"https:\/\/medtest.stagingservers.net\/no\/wp-json\/wp\/v2\/product"}],"about":[{"href":"https:\/\/medtest.stagingservers.net\/no\/wp-json\/wp\/v2\/types\/product"}],"replies":[{"embeddable":true,"href":"https:\/\/medtest.stagingservers.net\/no\/wp-json\/wp\/v2\/comments?post=55168"}],"version-history":[{"count":0,"href":"https:\/\/medtest.stagingservers.net\/no\/wp-json\/wp\/v2\/product\/55168\/revisions"}],"wp:featuredmedia":[{"embeddable":true,"href":"https:\/\/medtest.stagingservers.net\/no\/wp-json\/wp\/v2\/media\/70207"}],"wp:attachment":[{"href":"https:\/\/medtest.stagingservers.net\/no\/wp-json\/wp\/v2\/media?parent=55168"}],"wp:term":[{"taxonomy":"product_brand","embeddable":true,"href":"https:\/\/medtest.stagingservers.net\/no\/wp-json\/wp\/v2\/product_brand?post=55168"},{"taxonomy":"product_cat","embeddable":true,"href":"https:\/\/medtest.stagingservers.net\/no\/wp-json\/wp\/v2\/product_cat?post=55168"},{"taxonomy":"product_tag","embeddable":true,"href":"https:\/\/medtest.stagingservers.net\/no\/wp-json\/wp\/v2\/product_tag?post=55168"}],"curies":[{"name":"wp","href":"https:\/\/api.w.org\/{rel}","templated":true}]}}