{"id":55174,"date":"2019-03-03T15:11:55","date_gmt":"2019-03-03T15:11:55","guid":{"rendered":"http:\/\/104.248.87.71\/?post_type=product&#038;p=54839"},"modified":"2019-09-23T15:27:32","modified_gmt":"2019-09-23T13:27:32","slug":"diabetes-test","status":"publish","type":"product","link":"https:\/\/medtest.stagingservers.net\/no\/produkt\/diabetes-test\/","title":{"rendered":"Diabetes test"},"content":{"rendered":"<h2>Diabetes test<\/h2>\n<p>Testen er ment \u00e5 brukes til \u00e5 kontrollere glukose og ketoninnhold i urinpr\u00f8ver for \u00e5 hjelpe til med diagnostisering av diabetes. Testen gir resultater gjennom den visuelle sammenligningen med et fargeskjema som skrives ut p\u00e5 produktet. Hver farge representerer et antall konsentrasjoner av glukose og ketoner (se bunn). Urinerer du mer enn vanlig, kanskje du f\u00f8ler deg t\u00f8rst som ikke f\u00f8lger med n\u00e5r du drikker? Symptomene er mange og ofte ganske diffuse, mens diabetes er et av v\u00e5re vanligste folkehelsesykdommer. Diabetes for\u00e5rsaker h\u00f8yt blodsukker (glukose) i blodet. Denne tilstanden kalles hyperglykemi (h\u00f8yt blodsukker). N\u00e5r denne balansen ikke virker, oppst\u00e5r symptomer ofte. V\u00e5r enkle hjemmetest kan enkelt og raskt oppdage disse ubalansene. Det kan v\u00e6re vanskelig \u00e5 oppdage diabetes bare p\u00e5 grunnlag av symptomene, siden de vanligste symptomene er sv\u00e6rt generelle. En enkel test kan hjelpe deg med \u00e5 lindre din angst eller det gir deg en grunn til \u00e5 s\u00f8ke hjelp fra legen din. En positiv test (du har sannsynligvis diabetes) betyr at du lettere kan s\u00f8ke omsorg og f\u00e5 riktig behandling, noe som er viktig siden diabetes kan for\u00e5rsake alvorlige komplikasjoner. Innhold: 2 forseglede aluminiumsposer med 1 teststrimmel hver og bruksanvisning. Diabetespr\u00f8ven er laget i Europa og er veldig trygg. I tillegg er produktet CE-merket.<\/p>\n<h5>Slik fungerer selvtesten<\/h5>\n<ol start=\"1\">\n<li>\u00c5pne foliepakken og fjern teststrimmelen.<\/li>\n<li>Uriner i en kopp \/ beger og dypp strimmelen.<\/li>\n<li>Les svaret etter ca. 1 minutt.<\/li>\n<\/ol>\n<p><img loading=\"lazy\" decoding=\"async\" class=\"alignnone wp-image-55179\" src=\"https:\/\/medtest.stagingservers.net\/wp-content\/uploads\/2019\/03\/Diabetes-Resultat.png\" alt=\"\" width=\"541\" height=\"219\" \/><\/p>\n","protected":false},"excerpt":{"rendered":"<p>Testen er ment \u00e5 brukes til \u00e5 kontrollere glukose og ketoninnhold i urinpr\u00f8ver for \u00e5 hjelpe til med diagnostisering av diabetes. Testen gir resultater gjennom den visuelle sammenligningen med et fargeskjema som skrives ut p\u00e5 produktet. Hver farge representerer et antall konsentrasjoner av glukose og ketoner<\/p>\n","protected":false},"featured_media":70221,"comment_status":"closed","ping_status":"closed","template":"","meta":{"_acf_changed":false,"footnotes":""},"product_brand":[],"product_cat":[764,761,758],"product_tag":[],"class_list":{"0":"post-55174","1":"product","2":"type-product","3":"status-publish","4":"has-post-thumbnail","6":"product_cat-diabetes-no","7":"product_cat-helsetester","8":"product_cat-pakke-tilbud","10":"first","11":"instock","12":"taxable","13":"shipping-taxable","14":"purchasable","15":"product-type-simple"},"acf":[],"yoast_head":"<title>Diabetes test - kontrollere glukose og ketoninnhold i urinpr\u00f8ver - Medtest<\/title>\n<meta name=\"description\" content=\"Diabetes test - Testen er ment \u00e5 brukes til \u00e5 kontrollere glukose og ketoninnhold i urinpr\u00f8ver for \u00e5 hjelpe til med diagnostisering av diabetes.\" \/>\n<meta name=\"robots\" content=\"noindex, follow, max-snippet:-1, max-image-preview:large, max-video-preview:-1\" \/>\n<meta property=\"og:locale\" content=\"nb_NO\" \/>\n<meta property=\"og:type\" content=\"article\" \/>\n<meta property=\"og:title\" content=\"Diabetes test - kontrollere glukose og ketoninnhold i urinpr\u00f8ver - Medtest\" \/>\n<meta property=\"og:description\" content=\"Diabetes test - Testen er ment \u00e5 brukes til \u00e5 kontrollere glukose og ketoninnhold i urinpr\u00f8ver for \u00e5 hjelpe til med diagnostisering av diabetes.\" \/>\n<meta property=\"og:url\" content=\"https:\/\/medtest.stagingservers.net\/no\/produkt\/diabetes-test\/\" \/>\n<meta property=\"og:site_name\" content=\"Medtest.shop\" \/>\n<meta property=\"article:publisher\" content=\"https:\/\/www.facebook.com\/Medtest-1440779469392476\/\" \/>\n<meta property=\"article:modified_time\" content=\"2019-09-23T13:27:32+00:00\" \/>\n<meta property=\"og:image\" content=\"https:\/\/medtest.stagingservers.net\/wp-content\/uploads\/2019\/03\/Diabetesr_image.jpg\" \/>\n\t<meta property=\"og:image:width\" content=\"2400\" \/>\n\t<meta property=\"og:image:height\" content=\"1600\" \/>\n\t<meta property=\"og:image:type\" content=\"image\/jpeg\" \/>\n<meta name=\"twitter:card\" content=\"summary_large_image\" \/>\n<script type=\"application\/ld+json\" class=\"yoast-schema-graph\">{\"@context\":\"https:\\\/\\\/schema.org\",\"@graph\":[{\"@type\":\"WebPage\",\"@id\":\"https:\\\/\\\/medtest.stagingservers.net\\\/no\\\/produkt\\\/diabetes-test\\\/\",\"url\":\"https:\\\/\\\/medtest.stagingservers.net\\\/no\\\/produkt\\\/diabetes-test\\\/\",\"name\":\"Diabetes test - kontrollere glukose og ketoninnhold i urinpr\u00f8ver - Medtest\",\"isPartOf\":{\"@id\":\"https:\\\/\\\/medtest.stagingservers.net\\\/no\\\/#website\"},\"primaryImageOfPage\":{\"@id\":\"https:\\\/\\\/medtest.stagingservers.net\\\/no\\\/produkt\\\/diabetes-test\\\/#primaryimage\"},\"image\":{\"@id\":\"https:\\\/\\\/medtest.stagingservers.net\\\/no\\\/produkt\\\/diabetes-test\\\/#primaryimage\"},\"thumbnailUrl\":\"https:\\\/\\\/medtest.stagingservers.net\\\/wp-content\\\/uploads\\\/2019\\\/03\\\/Diabetesr_image.jpg\",\"datePublished\":\"2019-03-03T15:11:55+00:00\",\"dateModified\":\"2019-09-23T13:27:32+00:00\",\"description\":\"Diabetes test - Testen er ment \u00e5 brukes til \u00e5 kontrollere glukose og ketoninnhold i urinpr\u00f8ver for \u00e5 hjelpe til med diagnostisering av diabetes.\",\"breadcrumb\":{\"@id\":\"https:\\\/\\\/medtest.stagingservers.net\\\/no\\\/produkt\\\/diabetes-test\\\/#breadcrumb\"},\"inLanguage\":\"nb-NO\",\"potentialAction\":[{\"@type\":\"ReadAction\",\"target\":[\"https:\\\/\\\/medtest.stagingservers.net\\\/no\\\/produkt\\\/diabetes-test\\\/\"]}]},{\"@type\":\"ImageObject\",\"inLanguage\":\"nb-NO\",\"@id\":\"https:\\\/\\\/medtest.stagingservers.net\\\/no\\\/produkt\\\/diabetes-test\\\/#primaryimage\",\"url\":\"https:\\\/\\\/medtest.stagingservers.net\\\/wp-content\\\/uploads\\\/2019\\\/03\\\/Diabetesr_image.jpg\",\"contentUrl\":\"https:\\\/\\\/medtest.stagingservers.net\\\/wp-content\\\/uploads\\\/2019\\\/03\\\/Diabetesr_image.jpg\",\"width\":2400,\"height\":1600},{\"@type\":\"BreadcrumbList\",\"@id\":\"https:\\\/\\\/medtest.stagingservers.net\\\/no\\\/produkt\\\/diabetes-test\\\/#breadcrumb\",\"itemListElement\":[{\"@type\":\"ListItem\",\"position\":1,\"name\":\"Home\",\"item\":\"https:\\\/\\\/medtest.stagingservers.net\\\/no\\\/\"},{\"@type\":\"ListItem\",\"position\":2,\"name\":\"Butikk\",\"item\":\"https:\\\/\\\/medtest.stagingservers.net\\\/no\\\/butikk\\\/\"},{\"@type\":\"ListItem\",\"position\":3,\"name\":\"Diabetes test\"}]},{\"@type\":\"WebSite\",\"@id\":\"https:\\\/\\\/medtest.stagingservers.net\\\/no\\\/#website\",\"url\":\"https:\\\/\\\/medtest.stagingservers.net\\\/no\\\/\",\"name\":\"Medtest.shop\",\"description\":\"\",\"publisher\":{\"@id\":\"https:\\\/\\\/medtest.stagingservers.net\\\/no\\\/#organization\"},\"potentialAction\":[{\"@type\":\"SearchAction\",\"target\":{\"@type\":\"EntryPoint\",\"urlTemplate\":\"https:\\\/\\\/medtest.stagingservers.net\\\/no\\\/?s={search_term_string}\"},\"query-input\":{\"@type\":\"PropertyValueSpecification\",\"valueRequired\":true,\"valueName\":\"search_term_string\"}}],\"inLanguage\":\"nb-NO\"},{\"@type\":\"Organization\",\"@id\":\"https:\\\/\\\/medtest.stagingservers.net\\\/no\\\/#organization\",\"name\":\"Medtest\",\"url\":\"https:\\\/\\\/medtest.stagingservers.net\\\/no\\\/\",\"logo\":{\"@type\":\"ImageObject\",\"inLanguage\":\"nb-NO\",\"@id\":\"https:\\\/\\\/medtest.stagingservers.net\\\/no\\\/#\\\/schema\\\/logo\\\/image\\\/\",\"url\":\"https:\\\/\\\/medtest.stagingservers.net\\\/wp-content\\\/uploads\\\/2018\\\/11\\\/Original.png\",\"contentUrl\":\"https:\\\/\\\/medtest.stagingservers.net\\\/wp-content\\\/uploads\\\/2018\\\/11\\\/Original.png\",\"width\":1024,\"height\":1024,\"caption\":\"Medtest\"},\"image\":{\"@id\":\"https:\\\/\\\/medtest.stagingservers.net\\\/no\\\/#\\\/schema\\\/logo\\\/image\\\/\"},\"sameAs\":[\"https:\\\/\\\/www.facebook.com\\\/Medtest-1440779469392476\\\/\"]}]}<\/script>","yoast_head_json":{"title":"Diabetes test - kontrollere glukose og ketoninnhold i urinpr\u00f8ver - Medtest","description":"Diabetes test - Testen er ment \u00e5 brukes til \u00e5 kontrollere glukose og ketoninnhold i urinpr\u00f8ver for \u00e5 hjelpe til med diagnostisering av diabetes.","robots":{"index":"noindex","follow":"follow","max-snippet":"max-snippet:-1","max-image-preview":"max-image-preview:large","max-video-preview":"max-video-preview:-1"},"og_locale":"nb_NO","og_type":"article","og_title":"Diabetes test - kontrollere glukose og ketoninnhold i urinpr\u00f8ver - Medtest","og_description":"Diabetes test - Testen er ment \u00e5 brukes til \u00e5 kontrollere glukose og ketoninnhold i urinpr\u00f8ver for \u00e5 hjelpe til med diagnostisering av diabetes.","og_url":"https:\/\/medtest.stagingservers.net\/no\/produkt\/diabetes-test\/","og_site_name":"Medtest.shop","article_publisher":"https:\/\/www.facebook.com\/Medtest-1440779469392476\/","article_modified_time":"2019-09-23T13:27:32+00:00","og_image":[{"width":2400,"height":1600,"url":"https:\/\/medtest.stagingservers.net\/wp-content\/uploads\/2019\/03\/Diabetesr_image.jpg","type":"image\/jpeg"}],"twitter_card":"summary_large_image","schema":{"@context":"https:\/\/schema.org","@graph":[{"@type":"WebPage","@id":"https:\/\/medtest.stagingservers.net\/no\/produkt\/diabetes-test\/","url":"https:\/\/medtest.stagingservers.net\/no\/produkt\/diabetes-test\/","name":"Diabetes test - kontrollere glukose og ketoninnhold i urinpr\u00f8ver - Medtest","isPartOf":{"@id":"https:\/\/medtest.stagingservers.net\/no\/#website"},"primaryImageOfPage":{"@id":"https:\/\/medtest.stagingservers.net\/no\/produkt\/diabetes-test\/#primaryimage"},"image":{"@id":"https:\/\/medtest.stagingservers.net\/no\/produkt\/diabetes-test\/#primaryimage"},"thumbnailUrl":"https:\/\/medtest.stagingservers.net\/wp-content\/uploads\/2019\/03\/Diabetesr_image.jpg","datePublished":"2019-03-03T15:11:55+00:00","dateModified":"2019-09-23T13:27:32+00:00","description":"Diabetes test - Testen er ment \u00e5 brukes til \u00e5 kontrollere glukose og ketoninnhold i urinpr\u00f8ver for \u00e5 hjelpe til med diagnostisering av diabetes.","breadcrumb":{"@id":"https:\/\/medtest.stagingservers.net\/no\/produkt\/diabetes-test\/#breadcrumb"},"inLanguage":"nb-NO","potentialAction":[{"@type":"ReadAction","target":["https:\/\/medtest.stagingservers.net\/no\/produkt\/diabetes-test\/"]}]},{"@type":"ImageObject","inLanguage":"nb-NO","@id":"https:\/\/medtest.stagingservers.net\/no\/produkt\/diabetes-test\/#primaryimage","url":"https:\/\/medtest.stagingservers.net\/wp-content\/uploads\/2019\/03\/Diabetesr_image.jpg","contentUrl":"https:\/\/medtest.stagingservers.net\/wp-content\/uploads\/2019\/03\/Diabetesr_image.jpg","width":2400,"height":1600},{"@type":"BreadcrumbList","@id":"https:\/\/medtest.stagingservers.net\/no\/produkt\/diabetes-test\/#breadcrumb","itemListElement":[{"@type":"ListItem","position":1,"name":"Home","item":"https:\/\/medtest.stagingservers.net\/no\/"},{"@type":"ListItem","position":2,"name":"Butikk","item":"https:\/\/medtest.stagingservers.net\/no\/butikk\/"},{"@type":"ListItem","position":3,"name":"Diabetes test"}]},{"@type":"WebSite","@id":"https:\/\/medtest.stagingservers.net\/no\/#website","url":"https:\/\/medtest.stagingservers.net\/no\/","name":"Medtest.shop","description":"","publisher":{"@id":"https:\/\/medtest.stagingservers.net\/no\/#organization"},"potentialAction":[{"@type":"SearchAction","target":{"@type":"EntryPoint","urlTemplate":"https:\/\/medtest.stagingservers.net\/no\/?s={search_term_string}"},"query-input":{"@type":"PropertyValueSpecification","valueRequired":true,"valueName":"search_term_string"}}],"inLanguage":"nb-NO"},{"@type":"Organization","@id":"https:\/\/medtest.stagingservers.net\/no\/#organization","name":"Medtest","url":"https:\/\/medtest.stagingservers.net\/no\/","logo":{"@type":"ImageObject","inLanguage":"nb-NO","@id":"https:\/\/medtest.stagingservers.net\/no\/#\/schema\/logo\/image\/","url":"https:\/\/medtest.stagingservers.net\/wp-content\/uploads\/2018\/11\/Original.png","contentUrl":"https:\/\/medtest.stagingservers.net\/wp-content\/uploads\/2018\/11\/Original.png","width":1024,"height":1024,"caption":"Medtest"},"image":{"@id":"https:\/\/medtest.stagingservers.net\/no\/#\/schema\/logo\/image\/"},"sameAs":["https:\/\/www.facebook.com\/Medtest-1440779469392476\/"]}]}},"_links":{"self":[{"href":"https:\/\/medtest.stagingservers.net\/no\/wp-json\/wp\/v2\/product\/55174","targetHints":{"allow":["GET"]}}],"collection":[{"href":"https:\/\/medtest.stagingservers.net\/no\/wp-json\/wp\/v2\/product"}],"about":[{"href":"https:\/\/medtest.stagingservers.net\/no\/wp-json\/wp\/v2\/types\/product"}],"replies":[{"embeddable":true,"href":"https:\/\/medtest.stagingservers.net\/no\/wp-json\/wp\/v2\/comments?post=55174"}],"version-history":[{"count":0,"href":"https:\/\/medtest.stagingservers.net\/no\/wp-json\/wp\/v2\/product\/55174\/revisions"}],"wp:featuredmedia":[{"embeddable":true,"href":"https:\/\/medtest.stagingservers.net\/no\/wp-json\/wp\/v2\/media\/70221"}],"wp:attachment":[{"href":"https:\/\/medtest.stagingservers.net\/no\/wp-json\/wp\/v2\/media?parent=55174"}],"wp:term":[{"taxonomy":"product_brand","embeddable":true,"href":"https:\/\/medtest.stagingservers.net\/no\/wp-json\/wp\/v2\/product_brand?post=55174"},{"taxonomy":"product_cat","embeddable":true,"href":"https:\/\/medtest.stagingservers.net\/no\/wp-json\/wp\/v2\/product_cat?post=55174"},{"taxonomy":"product_tag","embeddable":true,"href":"https:\/\/medtest.stagingservers.net\/no\/wp-json\/wp\/v2\/product_tag?post=55174"}],"curies":[{"name":"wp","href":"https:\/\/api.w.org\/{rel}","templated":true}]}}