{"id":55180,"date":"2019-02-26T12:37:15","date_gmt":"2019-02-26T12:37:15","guid":{"rendered":"http:\/\/104.248.87.71\/?post_type=product&#038;p=54832"},"modified":"2020-09-10T15:59:41","modified_gmt":"2020-09-10T13:59:41","slug":"magesarstest-no","status":"publish","type":"product","link":"https:\/\/medtest.stagingservers.net\/no\/produkt\/magesarstest-no\/","title":{"rendered":"Mages\u00e5rtest"},"content":{"rendered":"<h2>Mages\u00e5rtest<\/h2>\n<p>V\u00e5r mages\u00e5rtest er en CE-merket rask test for p\u00e5visning av Helicobacter Pylori (H.Pylori) i avf\u00f8ring.<\/p>\n<p>Smerte og ubehag i overlivet er en relativt vanlig bekymring. Hver fjerde person er noen ganger p\u00e5virket av slike problemer, og en vanlig forklaring p\u00e5 dette er s\u00e5r. Den vanligste \u00e5rsaken til mages\u00e5r er bakterien H. Pylori. Ca 90% av de som har mages\u00e5r b\u00e6rer de eksakte bakteriene H. Pylori. V\u00e5r enkle mages\u00e5r test kan enkelt og raskt oppdage denne bakterien, som kan gi deg svar p\u00e5 hvorfor du f\u00f8ler som du gj\u00f8r.<\/p>\n<p>En enkel hjemtest kan hjelpe deg med \u00e5 lindre din angst eller det gir deg en grunn til \u00e5 s\u00f8ke hjelp fra legen din. Med andre ord, hvis en test viser positiv (du b\u00e6rer H. pylori), betyr det at du lettere kan s\u00f8ke omsorg og f\u00e5 riktig behandling, noe som er viktig da denne typen mages\u00e5r kan f\u00f8re til alvorlige sykdommer som kreft.<\/p>\n<p>Testen oppdager spesifikke antigener i avf\u00f8ring for \u00e5 bestemme tilstedev\u00e6relsen av bakterien, som tar 10 minutter.<\/p>\n<h4>Slik gj\u00f8r du det:<\/h4>\n<ol>\n<li>Samle avf\u00f8ringspr\u00f8ve av fecal kollektoren. Bruk avf\u00f8ringen i alle typer toaletter for \u00e5 unng\u00e5 forurensning av pr\u00f8ven.<\/li>\n<li>Skru av lokket p\u00e5 pr\u00f8veoppsamlingsr\u00f8ret og sett tilfeldig pr\u00f8veinnsamlingsapplikatoren inn i avf\u00f8ringen p\u00e5 minst tre forskjellige steder. Ikke skytt avf\u00f8ringspr\u00f8ven. Skru og stram lokket p\u00e5 pr\u00f8veoppsamlingsr\u00f8ret og rist pr\u00f8veoppsamlingsr\u00f8ret kraftig for \u00e5 blande pr\u00f8ven og ekstraksjonsbufferen.<\/li>\n<li>Fjern testkassetten fra folieposen og bruk den s\u00e5 snart som mulig. De beste resultatene vil bli oppn\u00e5dd dersom testen utf\u00f8res umiddelbart etter \u00e5pning av folieposen.<\/li>\n<li>Hold pr\u00f8veoppsamlingsr\u00f8ret oppreist og \u00e5pne lokket p\u00e5 pr\u00f8veoppsamlingsr\u00f8ret. Vri r\u00f8ret opp og ned og overf\u00f8r 2 hele dr\u00e5per til testpatronen (S) og start deretter timeren. Se illustrasjonen nedenfor.<\/li>\n<li>Les resultatene etter 5 minutter. Ikke les resultatene etter 10 minutter.<\/li>\n<\/ol>\n<p><img loading=\"lazy\" decoding=\"async\" class=\"alignnone size-full wp-image-55185\" src=\"https:\/\/medtest.stagingservers.net\/wp-content\/uploads\/2019\/02\/FOB.png\" alt=\"\" width=\"1198\" height=\"341\" srcset=\"https:\/\/medtest.stagingservers.net\/wp-content\/uploads\/2019\/02\/FOB.png 1198w, https:\/\/medtest.stagingservers.net\/wp-content\/uploads\/2019\/02\/FOB-600x171.png 600w, https:\/\/medtest.stagingservers.net\/wp-content\/uploads\/2019\/02\/FOB-200x57.png 200w, https:\/\/medtest.stagingservers.net\/wp-content\/uploads\/2019\/02\/FOB-720x205.png 720w, https:\/\/medtest.stagingservers.net\/wp-content\/uploads\/2019\/02\/FOB-768x219.png 768w, https:\/\/medtest.stagingservers.net\/wp-content\/uploads\/2019\/02\/FOB-1024x291.png 1024w, https:\/\/medtest.stagingservers.net\/wp-content\/uploads\/2019\/02\/FOB-416x118.png 416w, https:\/\/medtest.stagingservers.net\/wp-content\/uploads\/2019\/02\/FOB-300x85.png 300w\" sizes=\"auto, (max-width: 1198px) 100vw, 1198px\" \/><\/p>\n<h4>Resultat<\/h4>\n<p><img loading=\"lazy\" decoding=\"async\" class=\"alignnone wp-image-55186\" src=\"https:\/\/medtest.stagingservers.net\/wp-content\/uploads\/2019\/02\/Test-resultat.png\" alt=\"\" width=\"231\" height=\"162\" srcset=\"https:\/\/medtest.stagingservers.net\/wp-content\/uploads\/2019\/02\/Test-resultat.png 912w, https:\/\/medtest.stagingservers.net\/wp-content\/uploads\/2019\/02\/Test-resultat-720x504.png 720w, https:\/\/medtest.stagingservers.net\/wp-content\/uploads\/2019\/02\/Test-resultat-768x538.png 768w, https:\/\/medtest.stagingservers.net\/wp-content\/uploads\/2019\/02\/Test-resultat-416x291.png 416w, https:\/\/medtest.stagingservers.net\/wp-content\/uploads\/2019\/02\/Test-resultat-300x210.png 300w\" sizes=\"auto, (max-width: 231px) 100vw, 231px\" \/><\/p>\n<p>Hvis linjer ved C og T vises, er resultatet positivt. Hvis linjen vises kun ved C, er resultatet negativt. Kontroll linjen (C) fungerer som en kvalitetskontroll som sikrer at patronen er i orden.<\/p>\n<p>C = Control (Kontroll)<br \/>\nT = Test<br \/>\nS = Sample (Pr\u00f8ve)<\/p>\n<p>Instruksjoner p\u00e5 norsk er inkludert.<\/p>\n","protected":false},"excerpt":{"rendered":"<ul>\n<li>Test hjemme<\/li>\n<li>Svar p\u00e5 10 minutter<\/li>\n<li>Sendt samme dag<\/li>\n<li>Diskret levering<\/li>\n<li>Direkte i postkassen<\/li>\n<li>CE-merkede produkter<\/li>\n<\/ul>\n","protected":false},"featured_media":70338,"comment_status":"closed","ping_status":"closed","template":"","meta":{"_acf_changed":false,"footnotes":""},"product_brand":[],"product_cat":[768],"product_tag":[],"class_list":{"0":"post-55180","1":"product","2":"type-product","3":"status-publish","4":"has-post-thumbnail","6":"product_cat-magesar","8":"first","9":"instock","10":"taxable","11":"shipping-taxable","12":"purchasable","13":"product-type-simple"},"acf":[],"yoast_head":"<title>Mages\u00e5rtest - Hjemmetest for mages\u00e5r (H.Pylori) - Medtest<\/title>\n<meta name=\"description\" content=\"Mages\u00e5rtest - Med v\u00e5r hjemme test, finn du ut om du har mages\u00e5r for\u00e5rsaket av bakterien H.Pylori. Svar innen 10 minutter\" \/>\n<meta name=\"robots\" content=\"noindex, follow, max-snippet:-1, max-image-preview:large, max-video-preview:-1\" \/>\n<meta property=\"og:locale\" content=\"nb_NO\" \/>\n<meta property=\"og:type\" content=\"article\" \/>\n<meta property=\"og:title\" content=\"Mages\u00e5rtest - Hjemmetest for mages\u00e5r (H.Pylori) - Medtest\" \/>\n<meta property=\"og:description\" content=\"Mages\u00e5rtest - Med v\u00e5r hjemme test, finn du ut om du har mages\u00e5r for\u00e5rsaket av bakterien H.Pylori. Svar innen 10 minutter\" \/>\n<meta property=\"og:url\" content=\"https:\/\/medtest.stagingservers.net\/no\/produkt\/magesarstest-no\/\" \/>\n<meta property=\"og:site_name\" content=\"Medtest.shop\" \/>\n<meta property=\"article:publisher\" content=\"https:\/\/www.facebook.com\/Medtest-1440779469392476\/\" \/>\n<meta property=\"article:modified_time\" content=\"2020-09-10T13:59:41+00:00\" \/>\n<meta property=\"og:image\" content=\"https:\/\/medtest.stagingservers.net\/wp-content\/uploads\/2019\/02\/Mages\u00e5r.jpg\" \/>\n\t<meta property=\"og:image:width\" content=\"2100\" \/>\n\t<meta property=\"og:image:height\" content=\"1400\" \/>\n\t<meta property=\"og:image:type\" content=\"image\/jpeg\" \/>\n<meta name=\"twitter:card\" content=\"summary_large_image\" \/>\n<script type=\"application\/ld+json\" class=\"yoast-schema-graph\">{\"@context\":\"https:\\\/\\\/schema.org\",\"@graph\":[{\"@type\":\"WebPage\",\"@id\":\"https:\\\/\\\/medtest.stagingservers.net\\\/no\\\/produkt\\\/magesarstest-no\\\/\",\"url\":\"https:\\\/\\\/medtest.stagingservers.net\\\/no\\\/produkt\\\/magesarstest-no\\\/\",\"name\":\"Mages\u00e5rtest - Hjemmetest for mages\u00e5r (H.Pylori) - Medtest\",\"isPartOf\":{\"@id\":\"https:\\\/\\\/medtest.stagingservers.net\\\/no\\\/#website\"},\"primaryImageOfPage\":{\"@id\":\"https:\\\/\\\/medtest.stagingservers.net\\\/no\\\/produkt\\\/magesarstest-no\\\/#primaryimage\"},\"image\":{\"@id\":\"https:\\\/\\\/medtest.stagingservers.net\\\/no\\\/produkt\\\/magesarstest-no\\\/#primaryimage\"},\"thumbnailUrl\":\"https:\\\/\\\/medtest.stagingservers.net\\\/wp-content\\\/uploads\\\/2019\\\/02\\\/Mages\u00e5r.jpg\",\"datePublished\":\"2019-02-26T12:37:15+00:00\",\"dateModified\":\"2020-09-10T13:59:41+00:00\",\"description\":\"Mages\u00e5rtest - Med v\u00e5r hjemme test, finn du ut om du har mages\u00e5r for\u00e5rsaket av bakterien H.Pylori. Svar innen 10 minutter\",\"breadcrumb\":{\"@id\":\"https:\\\/\\\/medtest.stagingservers.net\\\/no\\\/produkt\\\/magesarstest-no\\\/#breadcrumb\"},\"inLanguage\":\"nb-NO\",\"potentialAction\":[{\"@type\":\"ReadAction\",\"target\":[\"https:\\\/\\\/medtest.stagingservers.net\\\/no\\\/produkt\\\/magesarstest-no\\\/\"]}]},{\"@type\":\"ImageObject\",\"inLanguage\":\"nb-NO\",\"@id\":\"https:\\\/\\\/medtest.stagingservers.net\\\/no\\\/produkt\\\/magesarstest-no\\\/#primaryimage\",\"url\":\"https:\\\/\\\/medtest.stagingservers.net\\\/wp-content\\\/uploads\\\/2019\\\/02\\\/Mages\u00e5r.jpg\",\"contentUrl\":\"https:\\\/\\\/medtest.stagingservers.net\\\/wp-content\\\/uploads\\\/2019\\\/02\\\/Mages\u00e5r.jpg\",\"width\":2100,\"height\":1400,\"caption\":\"Mages\u00e5rstest No\"},{\"@type\":\"BreadcrumbList\",\"@id\":\"https:\\\/\\\/medtest.stagingservers.net\\\/no\\\/produkt\\\/magesarstest-no\\\/#breadcrumb\",\"itemListElement\":[{\"@type\":\"ListItem\",\"position\":1,\"name\":\"Home\",\"item\":\"https:\\\/\\\/medtest.stagingservers.net\\\/no\\\/\"},{\"@type\":\"ListItem\",\"position\":2,\"name\":\"Butikk\",\"item\":\"https:\\\/\\\/medtest.stagingservers.net\\\/no\\\/butikk\\\/\"},{\"@type\":\"ListItem\",\"position\":3,\"name\":\"Mages\u00e5rtest\"}]},{\"@type\":\"WebSite\",\"@id\":\"https:\\\/\\\/medtest.stagingservers.net\\\/no\\\/#website\",\"url\":\"https:\\\/\\\/medtest.stagingservers.net\\\/no\\\/\",\"name\":\"Medtest.shop\",\"description\":\"\",\"publisher\":{\"@id\":\"https:\\\/\\\/medtest.stagingservers.net\\\/no\\\/#organization\"},\"potentialAction\":[{\"@type\":\"SearchAction\",\"target\":{\"@type\":\"EntryPoint\",\"urlTemplate\":\"https:\\\/\\\/medtest.stagingservers.net\\\/no\\\/?s={search_term_string}\"},\"query-input\":{\"@type\":\"PropertyValueSpecification\",\"valueRequired\":true,\"valueName\":\"search_term_string\"}}],\"inLanguage\":\"nb-NO\"},{\"@type\":\"Organization\",\"@id\":\"https:\\\/\\\/medtest.stagingservers.net\\\/no\\\/#organization\",\"name\":\"Medtest\",\"url\":\"https:\\\/\\\/medtest.stagingservers.net\\\/no\\\/\",\"logo\":{\"@type\":\"ImageObject\",\"inLanguage\":\"nb-NO\",\"@id\":\"https:\\\/\\\/medtest.stagingservers.net\\\/no\\\/#\\\/schema\\\/logo\\\/image\\\/\",\"url\":\"https:\\\/\\\/medtest.stagingservers.net\\\/wp-content\\\/uploads\\\/2018\\\/11\\\/Original.png\",\"contentUrl\":\"https:\\\/\\\/medtest.stagingservers.net\\\/wp-content\\\/uploads\\\/2018\\\/11\\\/Original.png\",\"width\":1024,\"height\":1024,\"caption\":\"Medtest\"},\"image\":{\"@id\":\"https:\\\/\\\/medtest.stagingservers.net\\\/no\\\/#\\\/schema\\\/logo\\\/image\\\/\"},\"sameAs\":[\"https:\\\/\\\/www.facebook.com\\\/Medtest-1440779469392476\\\/\"]}]}<\/script>","yoast_head_json":{"title":"Mages\u00e5rtest - Hjemmetest for mages\u00e5r (H.Pylori) - Medtest","description":"Mages\u00e5rtest - Med v\u00e5r hjemme test, finn du ut om du har mages\u00e5r for\u00e5rsaket av bakterien H.Pylori. Svar innen 10 minutter","robots":{"index":"noindex","follow":"follow","max-snippet":"max-snippet:-1","max-image-preview":"max-image-preview:large","max-video-preview":"max-video-preview:-1"},"og_locale":"nb_NO","og_type":"article","og_title":"Mages\u00e5rtest - Hjemmetest for mages\u00e5r (H.Pylori) - Medtest","og_description":"Mages\u00e5rtest - Med v\u00e5r hjemme test, finn du ut om du har mages\u00e5r for\u00e5rsaket av bakterien H.Pylori. Svar innen 10 minutter","og_url":"https:\/\/medtest.stagingservers.net\/no\/produkt\/magesarstest-no\/","og_site_name":"Medtest.shop","article_publisher":"https:\/\/www.facebook.com\/Medtest-1440779469392476\/","article_modified_time":"2020-09-10T13:59:41+00:00","og_image":[{"width":2100,"height":1400,"url":"https:\/\/medtest.stagingservers.net\/wp-content\/uploads\/2019\/02\/Mages\u00e5r.jpg","type":"image\/jpeg"}],"twitter_card":"summary_large_image","schema":{"@context":"https:\/\/schema.org","@graph":[{"@type":"WebPage","@id":"https:\/\/medtest.stagingservers.net\/no\/produkt\/magesarstest-no\/","url":"https:\/\/medtest.stagingservers.net\/no\/produkt\/magesarstest-no\/","name":"Mages\u00e5rtest - Hjemmetest for mages\u00e5r (H.Pylori) - Medtest","isPartOf":{"@id":"https:\/\/medtest.stagingservers.net\/no\/#website"},"primaryImageOfPage":{"@id":"https:\/\/medtest.stagingservers.net\/no\/produkt\/magesarstest-no\/#primaryimage"},"image":{"@id":"https:\/\/medtest.stagingservers.net\/no\/produkt\/magesarstest-no\/#primaryimage"},"thumbnailUrl":"https:\/\/medtest.stagingservers.net\/wp-content\/uploads\/2019\/02\/Mages\u00e5r.jpg","datePublished":"2019-02-26T12:37:15+00:00","dateModified":"2020-09-10T13:59:41+00:00","description":"Mages\u00e5rtest - Med v\u00e5r hjemme test, finn du ut om du har mages\u00e5r for\u00e5rsaket av bakterien H.Pylori. Svar innen 10 minutter","breadcrumb":{"@id":"https:\/\/medtest.stagingservers.net\/no\/produkt\/magesarstest-no\/#breadcrumb"},"inLanguage":"nb-NO","potentialAction":[{"@type":"ReadAction","target":["https:\/\/medtest.stagingservers.net\/no\/produkt\/magesarstest-no\/"]}]},{"@type":"ImageObject","inLanguage":"nb-NO","@id":"https:\/\/medtest.stagingservers.net\/no\/produkt\/magesarstest-no\/#primaryimage","url":"https:\/\/medtest.stagingservers.net\/wp-content\/uploads\/2019\/02\/Mages\u00e5r.jpg","contentUrl":"https:\/\/medtest.stagingservers.net\/wp-content\/uploads\/2019\/02\/Mages\u00e5r.jpg","width":2100,"height":1400,"caption":"Mages\u00e5rstest No"},{"@type":"BreadcrumbList","@id":"https:\/\/medtest.stagingservers.net\/no\/produkt\/magesarstest-no\/#breadcrumb","itemListElement":[{"@type":"ListItem","position":1,"name":"Home","item":"https:\/\/medtest.stagingservers.net\/no\/"},{"@type":"ListItem","position":2,"name":"Butikk","item":"https:\/\/medtest.stagingservers.net\/no\/butikk\/"},{"@type":"ListItem","position":3,"name":"Mages\u00e5rtest"}]},{"@type":"WebSite","@id":"https:\/\/medtest.stagingservers.net\/no\/#website","url":"https:\/\/medtest.stagingservers.net\/no\/","name":"Medtest.shop","description":"","publisher":{"@id":"https:\/\/medtest.stagingservers.net\/no\/#organization"},"potentialAction":[{"@type":"SearchAction","target":{"@type":"EntryPoint","urlTemplate":"https:\/\/medtest.stagingservers.net\/no\/?s={search_term_string}"},"query-input":{"@type":"PropertyValueSpecification","valueRequired":true,"valueName":"search_term_string"}}],"inLanguage":"nb-NO"},{"@type":"Organization","@id":"https:\/\/medtest.stagingservers.net\/no\/#organization","name":"Medtest","url":"https:\/\/medtest.stagingservers.net\/no\/","logo":{"@type":"ImageObject","inLanguage":"nb-NO","@id":"https:\/\/medtest.stagingservers.net\/no\/#\/schema\/logo\/image\/","url":"https:\/\/medtest.stagingservers.net\/wp-content\/uploads\/2018\/11\/Original.png","contentUrl":"https:\/\/medtest.stagingservers.net\/wp-content\/uploads\/2018\/11\/Original.png","width":1024,"height":1024,"caption":"Medtest"},"image":{"@id":"https:\/\/medtest.stagingservers.net\/no\/#\/schema\/logo\/image\/"},"sameAs":["https:\/\/www.facebook.com\/Medtest-1440779469392476\/"]}]}},"_links":{"self":[{"href":"https:\/\/medtest.stagingservers.net\/no\/wp-json\/wp\/v2\/product\/55180","targetHints":{"allow":["GET"]}}],"collection":[{"href":"https:\/\/medtest.stagingservers.net\/no\/wp-json\/wp\/v2\/product"}],"about":[{"href":"https:\/\/medtest.stagingservers.net\/no\/wp-json\/wp\/v2\/types\/product"}],"replies":[{"embeddable":true,"href":"https:\/\/medtest.stagingservers.net\/no\/wp-json\/wp\/v2\/comments?post=55180"}],"version-history":[{"count":3,"href":"https:\/\/medtest.stagingservers.net\/no\/wp-json\/wp\/v2\/product\/55180\/revisions"}],"predecessor-version":[{"id":85496,"href":"https:\/\/medtest.stagingservers.net\/no\/wp-json\/wp\/v2\/product\/55180\/revisions\/85496"}],"wp:featuredmedia":[{"embeddable":true,"href":"https:\/\/medtest.stagingservers.net\/no\/wp-json\/wp\/v2\/media\/70338"}],"wp:attachment":[{"href":"https:\/\/medtest.stagingservers.net\/no\/wp-json\/wp\/v2\/media?parent=55180"}],"wp:term":[{"taxonomy":"product_brand","embeddable":true,"href":"https:\/\/medtest.stagingservers.net\/no\/wp-json\/wp\/v2\/product_brand?post=55180"},{"taxonomy":"product_cat","embeddable":true,"href":"https:\/\/medtest.stagingservers.net\/no\/wp-json\/wp\/v2\/product_cat?post=55180"},{"taxonomy":"product_tag","embeddable":true,"href":"https:\/\/medtest.stagingservers.net\/no\/wp-json\/wp\/v2\/product_tag?post=55180"}],"curies":[{"name":"wp","href":"https:\/\/api.w.org\/{rel}","templated":true}]}}