{"id":55187,"date":"2019-02-19T10:04:57","date_gmt":"2019-02-19T10:04:57","guid":{"rendered":"http:\/\/104.248.87.71\/?post_type=product&#038;p=54823"},"modified":"2021-02-18T15:33:21","modified_gmt":"2021-02-18T13:33:21","slug":"blod-i-avforings-test-no","status":"publish","type":"product","link":"https:\/\/medtest.stagingservers.net\/no\/produkt\/blod-i-avforings-test-no\/","title":{"rendered":"Blod i avf\u00f8ringen"},"content":{"rendered":"<h2>Blod i avf\u00f8ringen<\/h2>\n<p>V\u00e5r FOB tarmtest er en CE-merket rask test for p\u00e5visning av skjult blod i avf\u00f8ringen som gir en tidlig varsel. Mange sykdommer kan for\u00e5rsake skjult blod i avf\u00f8ring, kjent som Fecal Occult Blood (FOB). I tidlige stadier kan gastrointestinale problemer som tarmkreft, s\u00e5r, polypper, kolitt, divertikulitt og brudd ikke vise noen synlige symptomer, men bare blod. V\u00e5r test er en rask test for \u00e5 kvalitativt oppdage lave blodniv\u00e5er i avf\u00f8ringen. Testen bruker et dobbelt antistoffanalyse for \u00e5 selektivt detektere blod ved 50 ng \/ ml eller h\u00f8yere eller 6 \u03bcg \/ g avf\u00f8ring. I tillegg, i motsetning til andre analyser, er n\u00f8yaktigheten av testen ikke p\u00e5virket av kostholdet spist.<\/p>\n<h4>Slik gj\u00f8r du det:<\/h4>\n<ol>\n<li>Samle avf\u00f8ringspr\u00f8ve av fecal kollektoren. Bruk avf\u00f8ringen i alle typer toaletter for \u00e5 unng\u00e5 forurensning av pr\u00f8ven.<\/li>\n<li>Skru av lokket p\u00e5 pr\u00f8veoppsamlingsr\u00f8ret og sett tilfeldig pr\u00f8veinnsamlingsapplikatoren inn i avf\u00f8ringen p\u00e5 minst tre forskjellige steder. Ikke skytt avf\u00f8ringspr\u00f8ven. Skru og stram lokket p\u00e5 pr\u00f8veoppsamlingsr\u00f8ret og rist pr\u00f8veoppsamlingsr\u00f8ret kraftig for \u00e5 blande pr\u00f8ven og ekstraksjonsbufferen.<\/li>\n<li>Fjern testkassetten fra folieposen og bruk den s\u00e5 snart som mulig. De beste resultatene vil bli oppn\u00e5dd dersom testen utf\u00f8res umiddelbart etter \u00e5pning av folieposen.<\/li>\n<li>Hold pr\u00f8veoppsamlingsr\u00f8ret oppreist og \u00e5pne lokket p\u00e5 pr\u00f8veoppsamlingsr\u00f8ret. Vri r\u00f8ret opp og ned og overf\u00f8r 2 hele dr\u00e5per til testpatronen (S) og start deretter timeren. Se illustrasjonen nedenfor.<\/li>\n<li>Les resultatene etter 5 minutter. Ikke les resultatene etter 10 minutter.<\/li>\n<\/ol>\n<p><img loading=\"lazy\" decoding=\"async\" class=\"alignnone size-full wp-image-55192\" src=\"https:\/\/medtest.stagingservers.net\/wp-content\/uploads\/2019\/02\/FOB.png\" alt=\"\" width=\"1198\" height=\"341\" srcset=\"https:\/\/medtest.stagingservers.net\/wp-content\/uploads\/2019\/02\/FOB.png 1198w, https:\/\/medtest.stagingservers.net\/wp-content\/uploads\/2019\/02\/FOB-720x205.png 720w, https:\/\/medtest.stagingservers.net\/wp-content\/uploads\/2019\/02\/FOB-768x219.png 768w, https:\/\/medtest.stagingservers.net\/wp-content\/uploads\/2019\/02\/FOB-1024x291.png 1024w, https:\/\/medtest.stagingservers.net\/wp-content\/uploads\/2019\/02\/FOB-416x118.png 416w, https:\/\/medtest.stagingservers.net\/wp-content\/uploads\/2019\/02\/FOB-300x85.png 300w\" sizes=\"auto, (max-width: 1198px) 100vw, 1198px\" \/><\/p>\n<h4>Resultat<\/h4>\n<p><img loading=\"lazy\" decoding=\"async\" class=\"alignnone wp-image-55193\" src=\"https:\/\/medtest.stagingservers.net\/wp-content\/uploads\/2019\/02\/Test-resultat.png\" alt=\"\" width=\"231\" height=\"162\" srcset=\"https:\/\/medtest.stagingservers.net\/wp-content\/uploads\/2019\/02\/Test-resultat.png 912w, https:\/\/medtest.stagingservers.net\/wp-content\/uploads\/2019\/02\/Test-resultat-720x504.png 720w, https:\/\/medtest.stagingservers.net\/wp-content\/uploads\/2019\/02\/Test-resultat-768x538.png 768w, https:\/\/medtest.stagingservers.net\/wp-content\/uploads\/2019\/02\/Test-resultat-416x291.png 416w, https:\/\/medtest.stagingservers.net\/wp-content\/uploads\/2019\/02\/Test-resultat-300x210.png 300w\" sizes=\"auto, (max-width: 231px) 100vw, 231px\" \/><\/p>\n<p>Hvis linjer ved C og T vises, er resultatet positivt. Hvis linjen vises kun ved C, er resultatet negativt. Kontroll linjen (C) fungerer som en kvalitetskontroll som sikrer at patronen er i orden. C = Control (Kontroll) T = Test S = Sample (Pr\u00f8ve) Instruksjoner p\u00e5 norsk er inkludert.<\/p>\n","protected":false},"excerpt":{"rendered":"<p>V\u00e5r FOB tarmtest er en CE-merket rask test for p\u00e5visning av skjult blod i avf\u00f8ring som gir en tidlig varsel.<\/p>\n<p>Mange sykdommer kan for\u00e5rsake skjult blod i avf\u00f8ring, kjent som Fecal Occult Blood (FOB). I tidlige stadier kan gastrointestinale problemer som tarmkreft, s\u00e5r, polypper, kolitt, divertikulitt og brudd ikke vise noen synlige symptomer, men bare blod. V\u00e5r test er en rask test for \u00e5 kvalitativt oppdage lave blodniv\u00e5er i avf\u00f8ringen. Testen bruker et dobbelt antistoffanalyse for \u00e5 selektivt detektere blod ved 50 ng \/ ml eller h\u00f8yere eller 6 \u03bcg \/ g avf\u00f8ring. I tillegg, i motsetning til andre analyser, er n\u00f8yaktigheten av testen ikke p\u00e5virket av kostholdet spist.<\/p>\n","protected":false},"featured_media":70363,"comment_status":"closed","ping_status":"closed","template":"","meta":{"_acf_changed":false,"footnotes":""},"product_brand":[],"product_cat":[763],"product_tag":[],"class_list":{"0":"post-55187","1":"product","2":"type-product","3":"status-publish","4":"has-post-thumbnail","6":"product_cat-blod-i-avforing","8":"first","9":"instock","10":"taxable","11":"shipping-taxable","12":"purchasable","13":"product-type-simple"},"acf":[],"yoast_head":"<title>Blod i avf\u00f8ringen - Hjemmetest for \u00e5 m\u00e5le skjult blod i avf\u00f8ringen - Medtest<\/title>\n<meta name=\"description\" content=\"Blod i avf\u00f8ringen test - V\u00e5r FOB tarmtest er en CE-merket rask test for p\u00e5visning av skjult blod i avf\u00f8ring som gir en tidlig varsel.\" \/>\n<meta name=\"robots\" content=\"noindex, follow, max-snippet:-1, max-image-preview:large, max-video-preview:-1\" \/>\n<meta property=\"og:locale\" content=\"nb_NO\" \/>\n<meta property=\"og:type\" content=\"article\" \/>\n<meta property=\"og:title\" content=\"Blod i avf\u00f8ringen - Hjemmetest for \u00e5 m\u00e5le skjult blod i avf\u00f8ringen - Medtest\" \/>\n<meta property=\"og:description\" content=\"Blod i avf\u00f8ringen test - V\u00e5r FOB tarmtest er en CE-merket rask test for p\u00e5visning av skjult blod i avf\u00f8ring som gir en tidlig varsel.\" \/>\n<meta property=\"og:url\" content=\"https:\/\/medtest.stagingservers.net\/no\/produkt\/blod-i-avforings-test-no\/\" \/>\n<meta property=\"og:site_name\" content=\"Medtest.shop\" \/>\n<meta property=\"article:publisher\" content=\"https:\/\/www.facebook.com\/Medtest-1440779469392476\/\" \/>\n<meta property=\"article:modified_time\" content=\"2021-02-18T13:33:21+00:00\" \/>\n<meta property=\"og:image\" content=\"https:\/\/medtest.stagingservers.net\/wp-content\/uploads\/2019\/02\/FOB-image.jpg\" \/>\n\t<meta property=\"og:image:width\" content=\"2100\" \/>\n\t<meta property=\"og:image:height\" content=\"1400\" \/>\n\t<meta property=\"og:image:type\" content=\"image\/jpeg\" \/>\n<meta name=\"twitter:card\" content=\"summary_large_image\" \/>\n<script type=\"application\/ld+json\" class=\"yoast-schema-graph\">{\"@context\":\"https:\\\/\\\/schema.org\",\"@graph\":[{\"@type\":\"WebPage\",\"@id\":\"https:\\\/\\\/medtest.stagingservers.net\\\/no\\\/produkt\\\/blod-i-avforings-test-no\\\/\",\"url\":\"https:\\\/\\\/medtest.stagingservers.net\\\/no\\\/produkt\\\/blod-i-avforings-test-no\\\/\",\"name\":\"Blod i avf\u00f8ringen - Hjemmetest for \u00e5 m\u00e5le skjult blod i avf\u00f8ringen - Medtest\",\"isPartOf\":{\"@id\":\"https:\\\/\\\/medtest.stagingservers.net\\\/no\\\/#website\"},\"primaryImageOfPage\":{\"@id\":\"https:\\\/\\\/medtest.stagingservers.net\\\/no\\\/produkt\\\/blod-i-avforings-test-no\\\/#primaryimage\"},\"image\":{\"@id\":\"https:\\\/\\\/medtest.stagingservers.net\\\/no\\\/produkt\\\/blod-i-avforings-test-no\\\/#primaryimage\"},\"thumbnailUrl\":\"https:\\\/\\\/medtest.stagingservers.net\\\/wp-content\\\/uploads\\\/2019\\\/02\\\/FOB-image.jpg\",\"datePublished\":\"2019-02-19T10:04:57+00:00\",\"dateModified\":\"2021-02-18T13:33:21+00:00\",\"description\":\"Blod i avf\u00f8ringen test - V\u00e5r FOB tarmtest er en CE-merket rask test for p\u00e5visning av skjult blod i avf\u00f8ring som gir en tidlig varsel.\",\"breadcrumb\":{\"@id\":\"https:\\\/\\\/medtest.stagingservers.net\\\/no\\\/produkt\\\/blod-i-avforings-test-no\\\/#breadcrumb\"},\"inLanguage\":\"nb-NO\",\"potentialAction\":[{\"@type\":\"ReadAction\",\"target\":[\"https:\\\/\\\/medtest.stagingservers.net\\\/no\\\/produkt\\\/blod-i-avforings-test-no\\\/\"]}]},{\"@type\":\"ImageObject\",\"inLanguage\":\"nb-NO\",\"@id\":\"https:\\\/\\\/medtest.stagingservers.net\\\/no\\\/produkt\\\/blod-i-avforings-test-no\\\/#primaryimage\",\"url\":\"https:\\\/\\\/medtest.stagingservers.net\\\/wp-content\\\/uploads\\\/2019\\\/02\\\/FOB-image.jpg\",\"contentUrl\":\"https:\\\/\\\/medtest.stagingservers.net\\\/wp-content\\\/uploads\\\/2019\\\/02\\\/FOB-image.jpg\",\"width\":2100,\"height\":1400},{\"@type\":\"BreadcrumbList\",\"@id\":\"https:\\\/\\\/medtest.stagingservers.net\\\/no\\\/produkt\\\/blod-i-avforings-test-no\\\/#breadcrumb\",\"itemListElement\":[{\"@type\":\"ListItem\",\"position\":1,\"name\":\"Home\",\"item\":\"https:\\\/\\\/medtest.stagingservers.net\\\/no\\\/\"},{\"@type\":\"ListItem\",\"position\":2,\"name\":\"Butikk\",\"item\":\"https:\\\/\\\/medtest.stagingservers.net\\\/no\\\/butikk\\\/\"},{\"@type\":\"ListItem\",\"position\":3,\"name\":\"Blod i avf\u00f8ringen\"}]},{\"@type\":\"WebSite\",\"@id\":\"https:\\\/\\\/medtest.stagingservers.net\\\/no\\\/#website\",\"url\":\"https:\\\/\\\/medtest.stagingservers.net\\\/no\\\/\",\"name\":\"Medtest.shop\",\"description\":\"\",\"publisher\":{\"@id\":\"https:\\\/\\\/medtest.stagingservers.net\\\/no\\\/#organization\"},\"potentialAction\":[{\"@type\":\"SearchAction\",\"target\":{\"@type\":\"EntryPoint\",\"urlTemplate\":\"https:\\\/\\\/medtest.stagingservers.net\\\/no\\\/?s={search_term_string}\"},\"query-input\":{\"@type\":\"PropertyValueSpecification\",\"valueRequired\":true,\"valueName\":\"search_term_string\"}}],\"inLanguage\":\"nb-NO\"},{\"@type\":\"Organization\",\"@id\":\"https:\\\/\\\/medtest.stagingservers.net\\\/no\\\/#organization\",\"name\":\"Medtest\",\"url\":\"https:\\\/\\\/medtest.stagingservers.net\\\/no\\\/\",\"logo\":{\"@type\":\"ImageObject\",\"inLanguage\":\"nb-NO\",\"@id\":\"https:\\\/\\\/medtest.stagingservers.net\\\/no\\\/#\\\/schema\\\/logo\\\/image\\\/\",\"url\":\"https:\\\/\\\/medtest.stagingservers.net\\\/wp-content\\\/uploads\\\/2018\\\/11\\\/Original.png\",\"contentUrl\":\"https:\\\/\\\/medtest.stagingservers.net\\\/wp-content\\\/uploads\\\/2018\\\/11\\\/Original.png\",\"width\":1024,\"height\":1024,\"caption\":\"Medtest\"},\"image\":{\"@id\":\"https:\\\/\\\/medtest.stagingservers.net\\\/no\\\/#\\\/schema\\\/logo\\\/image\\\/\"},\"sameAs\":[\"https:\\\/\\\/www.facebook.com\\\/Medtest-1440779469392476\\\/\"]}]}<\/script>","yoast_head_json":{"title":"Blod i avf\u00f8ringen - Hjemmetest for \u00e5 m\u00e5le skjult blod i avf\u00f8ringen - Medtest","description":"Blod i avf\u00f8ringen test - V\u00e5r FOB tarmtest er en CE-merket rask test for p\u00e5visning av skjult blod i avf\u00f8ring som gir en tidlig varsel.","robots":{"index":"noindex","follow":"follow","max-snippet":"max-snippet:-1","max-image-preview":"max-image-preview:large","max-video-preview":"max-video-preview:-1"},"og_locale":"nb_NO","og_type":"article","og_title":"Blod i avf\u00f8ringen - Hjemmetest for \u00e5 m\u00e5le skjult blod i avf\u00f8ringen - Medtest","og_description":"Blod i avf\u00f8ringen test - V\u00e5r FOB tarmtest er en CE-merket rask test for p\u00e5visning av skjult blod i avf\u00f8ring som gir en tidlig varsel.","og_url":"https:\/\/medtest.stagingservers.net\/no\/produkt\/blod-i-avforings-test-no\/","og_site_name":"Medtest.shop","article_publisher":"https:\/\/www.facebook.com\/Medtest-1440779469392476\/","article_modified_time":"2021-02-18T13:33:21+00:00","og_image":[{"width":2100,"height":1400,"url":"https:\/\/medtest.stagingservers.net\/wp-content\/uploads\/2019\/02\/FOB-image.jpg","type":"image\/jpeg"}],"twitter_card":"summary_large_image","schema":{"@context":"https:\/\/schema.org","@graph":[{"@type":"WebPage","@id":"https:\/\/medtest.stagingservers.net\/no\/produkt\/blod-i-avforings-test-no\/","url":"https:\/\/medtest.stagingservers.net\/no\/produkt\/blod-i-avforings-test-no\/","name":"Blod i avf\u00f8ringen - Hjemmetest for \u00e5 m\u00e5le skjult blod i avf\u00f8ringen - Medtest","isPartOf":{"@id":"https:\/\/medtest.stagingservers.net\/no\/#website"},"primaryImageOfPage":{"@id":"https:\/\/medtest.stagingservers.net\/no\/produkt\/blod-i-avforings-test-no\/#primaryimage"},"image":{"@id":"https:\/\/medtest.stagingservers.net\/no\/produkt\/blod-i-avforings-test-no\/#primaryimage"},"thumbnailUrl":"https:\/\/medtest.stagingservers.net\/wp-content\/uploads\/2019\/02\/FOB-image.jpg","datePublished":"2019-02-19T10:04:57+00:00","dateModified":"2021-02-18T13:33:21+00:00","description":"Blod i avf\u00f8ringen test - V\u00e5r FOB tarmtest er en CE-merket rask test for p\u00e5visning av skjult blod i avf\u00f8ring som gir en tidlig varsel.","breadcrumb":{"@id":"https:\/\/medtest.stagingservers.net\/no\/produkt\/blod-i-avforings-test-no\/#breadcrumb"},"inLanguage":"nb-NO","potentialAction":[{"@type":"ReadAction","target":["https:\/\/medtest.stagingservers.net\/no\/produkt\/blod-i-avforings-test-no\/"]}]},{"@type":"ImageObject","inLanguage":"nb-NO","@id":"https:\/\/medtest.stagingservers.net\/no\/produkt\/blod-i-avforings-test-no\/#primaryimage","url":"https:\/\/medtest.stagingservers.net\/wp-content\/uploads\/2019\/02\/FOB-image.jpg","contentUrl":"https:\/\/medtest.stagingservers.net\/wp-content\/uploads\/2019\/02\/FOB-image.jpg","width":2100,"height":1400},{"@type":"BreadcrumbList","@id":"https:\/\/medtest.stagingservers.net\/no\/produkt\/blod-i-avforings-test-no\/#breadcrumb","itemListElement":[{"@type":"ListItem","position":1,"name":"Home","item":"https:\/\/medtest.stagingservers.net\/no\/"},{"@type":"ListItem","position":2,"name":"Butikk","item":"https:\/\/medtest.stagingservers.net\/no\/butikk\/"},{"@type":"ListItem","position":3,"name":"Blod i avf\u00f8ringen"}]},{"@type":"WebSite","@id":"https:\/\/medtest.stagingservers.net\/no\/#website","url":"https:\/\/medtest.stagingservers.net\/no\/","name":"Medtest.shop","description":"","publisher":{"@id":"https:\/\/medtest.stagingservers.net\/no\/#organization"},"potentialAction":[{"@type":"SearchAction","target":{"@type":"EntryPoint","urlTemplate":"https:\/\/medtest.stagingservers.net\/no\/?s={search_term_string}"},"query-input":{"@type":"PropertyValueSpecification","valueRequired":true,"valueName":"search_term_string"}}],"inLanguage":"nb-NO"},{"@type":"Organization","@id":"https:\/\/medtest.stagingservers.net\/no\/#organization","name":"Medtest","url":"https:\/\/medtest.stagingservers.net\/no\/","logo":{"@type":"ImageObject","inLanguage":"nb-NO","@id":"https:\/\/medtest.stagingservers.net\/no\/#\/schema\/logo\/image\/","url":"https:\/\/medtest.stagingservers.net\/wp-content\/uploads\/2018\/11\/Original.png","contentUrl":"https:\/\/medtest.stagingservers.net\/wp-content\/uploads\/2018\/11\/Original.png","width":1024,"height":1024,"caption":"Medtest"},"image":{"@id":"https:\/\/medtest.stagingservers.net\/no\/#\/schema\/logo\/image\/"},"sameAs":["https:\/\/www.facebook.com\/Medtest-1440779469392476\/"]}]}},"_links":{"self":[{"href":"https:\/\/medtest.stagingservers.net\/no\/wp-json\/wp\/v2\/product\/55187","targetHints":{"allow":["GET"]}}],"collection":[{"href":"https:\/\/medtest.stagingservers.net\/no\/wp-json\/wp\/v2\/product"}],"about":[{"href":"https:\/\/medtest.stagingservers.net\/no\/wp-json\/wp\/v2\/types\/product"}],"replies":[{"embeddable":true,"href":"https:\/\/medtest.stagingservers.net\/no\/wp-json\/wp\/v2\/comments?post=55187"}],"version-history":[{"count":2,"href":"https:\/\/medtest.stagingservers.net\/no\/wp-json\/wp\/v2\/product\/55187\/revisions"}],"predecessor-version":[{"id":90630,"href":"https:\/\/medtest.stagingservers.net\/no\/wp-json\/wp\/v2\/product\/55187\/revisions\/90630"}],"wp:featuredmedia":[{"embeddable":true,"href":"https:\/\/medtest.stagingservers.net\/no\/wp-json\/wp\/v2\/media\/70363"}],"wp:attachment":[{"href":"https:\/\/medtest.stagingservers.net\/no\/wp-json\/wp\/v2\/media?parent=55187"}],"wp:term":[{"taxonomy":"product_brand","embeddable":true,"href":"https:\/\/medtest.stagingservers.net\/no\/wp-json\/wp\/v2\/product_brand?post=55187"},{"taxonomy":"product_cat","embeddable":true,"href":"https:\/\/medtest.stagingservers.net\/no\/wp-json\/wp\/v2\/product_cat?post=55187"},{"taxonomy":"product_tag","embeddable":true,"href":"https:\/\/medtest.stagingservers.net\/no\/wp-json\/wp\/v2\/product_tag?post=55187"}],"curies":[{"name":"wp","href":"https:\/\/api.w.org\/{rel}","templated":true}]}}