{"id":55194,"date":"2019-02-13T12:49:15","date_gmt":"2019-02-13T12:49:15","guid":{"rendered":"http:\/\/104.248.87.71\/?post_type=product&#038;p=54816"},"modified":"2020-09-10T15:49:17","modified_gmt":"2020-09-10T13:49:17","slug":"menopause-test-no","status":"publish","type":"product","link":"https:\/\/medtest.stagingservers.net\/no\/produkt\/menopause-test-no\/","title":{"rendered":"Klimakterie test"},"content":{"rendered":"<h1>Klimakterie test<\/h1>\n<h5>Svar innen 5 minutter<\/h5>\n<p>Med klimakterie test fra Medtest, tar du selv en urinpr\u00f8ve (uriner p\u00e5 teststrimmelen) som raskt og trygt viser om du har n\u00e5dd den siste fasen av overgangsalderen, post-menopausen, eller ikke. Klimakterie eller overgangsalder n\u00e6rmer seg rundt 45 \u00e5r for de fleste kvinner. Vanlige symptomer inkluderer hum\u00f8rsvingninger, hetetokter, svette, vanskeligheter med \u00e5 sove, abdominal bl\u00e5merker og obstruksjon i urinveiene. Dette skyldes at kj\u00f8nnshormonet \u00f8strogen i kroppen gradvis reduseres. Til slutt slutter menstruasjon helt &#8211; som kalles overgangsalder &#8211; og s\u00e5 forsvinner sjansen for \u00e5 bli gravid helt. Overgangsalderen klimatiske fasen kalles post-menopausen. Klimakterie test fra oss er veldig trygt og er CE-merket. Tiltak Follikelstimulerende hormon (FSH) i urin i konsentrasjoner fra 25 mIU \/ ml eller h\u00f8yere. P\u00e5litelighet 92,8%. Norsk pakningsvedlegg.<\/p>\n<h5>Hvorfor skal du teste deg selv?<\/h5>\n<p>Uregelmessig menstruasjon er vanlig n\u00e5r du n\u00e6rmer deg overgangsalderen, og derfor kan det v\u00e6re vanskelig \u00e5 vite om du har n\u00e5dd overgangsalderen eller er fortsatt fruktbar. Testen verifiserer forh\u00f8yede niv\u00e5er av hormonet FSH, som \u00f8ker i kroppen med overgangsalderen og deretter \u00f8kes i tre til fem \u00e5r. Ved \u00e5 teste deg selv, vil du finne ut om du er i post-menopausen. Til slutt er testen ogs\u00e5 rettet mot de som vil vite om du har passert overgangsalderen og dermed unng\u00e5r un\u00f8dvendig medisinering (som skal gj\u00f8res i samr\u00e5d med lege).<\/p>\n<h5>Slik gj\u00f8r du det:<\/h5>\n<ol>\n<li>Senk teststrimmelen i en kopp urin i 10-15 sekunder.<\/li>\n<li>Legg en teststrimmel p\u00e5 en ikke-absorberende flat overflate, start timeren og vent til de viser de fargede linjene.<\/li>\n<li>Vent 3 minutter for \u00e5 lese resultatet. Ikke vent 10 minutter for \u00e5 lese svaret. Instruksjoner p\u00e5 norsk er inkludert i produktet.<\/li>\n<\/ol>\n","protected":false},"excerpt":{"rendered":"<ul>\n<li>Test hjemme<\/li>\n<li>Svar p\u00e5 10 minutter<\/li>\n<li>Sendt samme dag<\/li>\n<li>Diskret levering<\/li>\n<li>Direkte i postkassen<\/li>\n<li>CE-merkede produkter<\/li>\n<\/ul>\n","protected":false},"featured_media":55902,"comment_status":"closed","ping_status":"closed","template":"","meta":{"_acf_changed":false,"footnotes":""},"product_brand":[],"product_cat":[766],"product_tag":[],"class_list":{"0":"post-55194","1":"product","2":"type-product","3":"status-publish","4":"has-post-thumbnail","6":"product_cat-klimakterietest-no","8":"first","9":"instock","10":"taxable","11":"shipping-taxable","12":"purchasable","13":"product-type-simple"},"acf":[],"yoast_head":"<title>Klimakterie test - viser om du har n\u00e5dde den siste fasen - Medtest.shop<\/title>\n<meta name=\"description\" content=\"Klimakterie test som sikkert viser om du har n\u00e5dde den siste fasen av overgangsalderen, post-menopausal, eller ikke. Medtest.shop\" \/>\n<meta name=\"robots\" content=\"noindex, follow, max-snippet:-1, max-image-preview:large, max-video-preview:-1\" \/>\n<meta property=\"og:locale\" content=\"nb_NO\" \/>\n<meta property=\"og:type\" content=\"article\" \/>\n<meta property=\"og:title\" content=\"Klimakterie test - viser om du har n\u00e5dde den siste fasen - Medtest.shop\" \/>\n<meta property=\"og:description\" content=\"Klimakterie test som sikkert viser om du har n\u00e5dde den siste fasen av overgangsalderen, post-menopausal, eller ikke. Medtest.shop\" \/>\n<meta property=\"og:url\" content=\"https:\/\/medtest.stagingservers.net\/no\/produkt\/menopause-test-no\/\" \/>\n<meta property=\"og:site_name\" content=\"Medtest.shop\" \/>\n<meta property=\"article:publisher\" content=\"https:\/\/www.facebook.com\/Medtest-1440779469392476\/\" \/>\n<meta property=\"article:modified_time\" content=\"2020-09-10T13:49:17+00:00\" \/>\n<meta property=\"og:image\" content=\"https:\/\/medtest.stagingservers.net\/wp-content\/uploads\/2019\/02\/Klim.jpg\" \/>\n\t<meta property=\"og:image:width\" content=\"2100\" \/>\n\t<meta property=\"og:image:height\" content=\"1400\" \/>\n\t<meta property=\"og:image:type\" content=\"image\/jpeg\" \/>\n<meta name=\"twitter:card\" content=\"summary_large_image\" \/>\n<script type=\"application\/ld+json\" class=\"yoast-schema-graph\">{\"@context\":\"https:\\\/\\\/schema.org\",\"@graph\":[{\"@type\":\"WebPage\",\"@id\":\"https:\\\/\\\/medtest.stagingservers.net\\\/no\\\/produkt\\\/menopause-test-no\\\/\",\"url\":\"https:\\\/\\\/medtest.stagingservers.net\\\/no\\\/produkt\\\/menopause-test-no\\\/\",\"name\":\"Klimakterie test - viser om du har n\u00e5dde den siste fasen - Medtest.shop\",\"isPartOf\":{\"@id\":\"https:\\\/\\\/medtest.stagingservers.net\\\/no\\\/#website\"},\"primaryImageOfPage\":{\"@id\":\"https:\\\/\\\/medtest.stagingservers.net\\\/no\\\/produkt\\\/menopause-test-no\\\/#primaryimage\"},\"image\":{\"@id\":\"https:\\\/\\\/medtest.stagingservers.net\\\/no\\\/produkt\\\/menopause-test-no\\\/#primaryimage\"},\"thumbnailUrl\":\"https:\\\/\\\/medtest.stagingservers.net\\\/wp-content\\\/uploads\\\/2019\\\/02\\\/Klim.jpg\",\"datePublished\":\"2019-02-13T12:49:15+00:00\",\"dateModified\":\"2020-09-10T13:49:17+00:00\",\"description\":\"Klimakterie test som sikkert viser om du har n\u00e5dde den siste fasen av overgangsalderen, post-menopausal, eller ikke. Medtest.shop\",\"breadcrumb\":{\"@id\":\"https:\\\/\\\/medtest.stagingservers.net\\\/no\\\/produkt\\\/menopause-test-no\\\/#breadcrumb\"},\"inLanguage\":\"nb-NO\",\"potentialAction\":[{\"@type\":\"ReadAction\",\"target\":[\"https:\\\/\\\/medtest.stagingservers.net\\\/no\\\/produkt\\\/menopause-test-no\\\/\"]}]},{\"@type\":\"ImageObject\",\"inLanguage\":\"nb-NO\",\"@id\":\"https:\\\/\\\/medtest.stagingservers.net\\\/no\\\/produkt\\\/menopause-test-no\\\/#primaryimage\",\"url\":\"https:\\\/\\\/medtest.stagingservers.net\\\/wp-content\\\/uploads\\\/2019\\\/02\\\/Klim.jpg\",\"contentUrl\":\"https:\\\/\\\/medtest.stagingservers.net\\\/wp-content\\\/uploads\\\/2019\\\/02\\\/Klim.jpg\",\"width\":2100,\"height\":1400,\"caption\":\"Test for klimakterie\"},{\"@type\":\"BreadcrumbList\",\"@id\":\"https:\\\/\\\/medtest.stagingservers.net\\\/no\\\/produkt\\\/menopause-test-no\\\/#breadcrumb\",\"itemListElement\":[{\"@type\":\"ListItem\",\"position\":1,\"name\":\"Home\",\"item\":\"https:\\\/\\\/medtest.stagingservers.net\\\/no\\\/\"},{\"@type\":\"ListItem\",\"position\":2,\"name\":\"Butikk\",\"item\":\"https:\\\/\\\/medtest.stagingservers.net\\\/no\\\/butikk\\\/\"},{\"@type\":\"ListItem\",\"position\":3,\"name\":\"Klimakterie test\"}]},{\"@type\":\"WebSite\",\"@id\":\"https:\\\/\\\/medtest.stagingservers.net\\\/no\\\/#website\",\"url\":\"https:\\\/\\\/medtest.stagingservers.net\\\/no\\\/\",\"name\":\"Medtest.shop\",\"description\":\"\",\"publisher\":{\"@id\":\"https:\\\/\\\/medtest.stagingservers.net\\\/no\\\/#organization\"},\"potentialAction\":[{\"@type\":\"SearchAction\",\"target\":{\"@type\":\"EntryPoint\",\"urlTemplate\":\"https:\\\/\\\/medtest.stagingservers.net\\\/no\\\/?s={search_term_string}\"},\"query-input\":{\"@type\":\"PropertyValueSpecification\",\"valueRequired\":true,\"valueName\":\"search_term_string\"}}],\"inLanguage\":\"nb-NO\"},{\"@type\":\"Organization\",\"@id\":\"https:\\\/\\\/medtest.stagingservers.net\\\/no\\\/#organization\",\"name\":\"Medtest\",\"url\":\"https:\\\/\\\/medtest.stagingservers.net\\\/no\\\/\",\"logo\":{\"@type\":\"ImageObject\",\"inLanguage\":\"nb-NO\",\"@id\":\"https:\\\/\\\/medtest.stagingservers.net\\\/no\\\/#\\\/schema\\\/logo\\\/image\\\/\",\"url\":\"https:\\\/\\\/medtest.stagingservers.net\\\/wp-content\\\/uploads\\\/2018\\\/11\\\/Original.png\",\"contentUrl\":\"https:\\\/\\\/medtest.stagingservers.net\\\/wp-content\\\/uploads\\\/2018\\\/11\\\/Original.png\",\"width\":1024,\"height\":1024,\"caption\":\"Medtest\"},\"image\":{\"@id\":\"https:\\\/\\\/medtest.stagingservers.net\\\/no\\\/#\\\/schema\\\/logo\\\/image\\\/\"},\"sameAs\":[\"https:\\\/\\\/www.facebook.com\\\/Medtest-1440779469392476\\\/\"]}]}<\/script>","yoast_head_json":{"title":"Klimakterie test - viser om du har n\u00e5dde den siste fasen - Medtest.shop","description":"Klimakterie test som sikkert viser om du har n\u00e5dde den siste fasen av overgangsalderen, post-menopausal, eller ikke. Medtest.shop","robots":{"index":"noindex","follow":"follow","max-snippet":"max-snippet:-1","max-image-preview":"max-image-preview:large","max-video-preview":"max-video-preview:-1"},"og_locale":"nb_NO","og_type":"article","og_title":"Klimakterie test - viser om du har n\u00e5dde den siste fasen - Medtest.shop","og_description":"Klimakterie test som sikkert viser om du har n\u00e5dde den siste fasen av overgangsalderen, post-menopausal, eller ikke. Medtest.shop","og_url":"https:\/\/medtest.stagingservers.net\/no\/produkt\/menopause-test-no\/","og_site_name":"Medtest.shop","article_publisher":"https:\/\/www.facebook.com\/Medtest-1440779469392476\/","article_modified_time":"2020-09-10T13:49:17+00:00","og_image":[{"width":2100,"height":1400,"url":"https:\/\/medtest.stagingservers.net\/wp-content\/uploads\/2019\/02\/Klim.jpg","type":"image\/jpeg"}],"twitter_card":"summary_large_image","schema":{"@context":"https:\/\/schema.org","@graph":[{"@type":"WebPage","@id":"https:\/\/medtest.stagingservers.net\/no\/produkt\/menopause-test-no\/","url":"https:\/\/medtest.stagingservers.net\/no\/produkt\/menopause-test-no\/","name":"Klimakterie test - viser om du har n\u00e5dde den siste fasen - Medtest.shop","isPartOf":{"@id":"https:\/\/medtest.stagingservers.net\/no\/#website"},"primaryImageOfPage":{"@id":"https:\/\/medtest.stagingservers.net\/no\/produkt\/menopause-test-no\/#primaryimage"},"image":{"@id":"https:\/\/medtest.stagingservers.net\/no\/produkt\/menopause-test-no\/#primaryimage"},"thumbnailUrl":"https:\/\/medtest.stagingservers.net\/wp-content\/uploads\/2019\/02\/Klim.jpg","datePublished":"2019-02-13T12:49:15+00:00","dateModified":"2020-09-10T13:49:17+00:00","description":"Klimakterie test som sikkert viser om du har n\u00e5dde den siste fasen av overgangsalderen, post-menopausal, eller ikke. Medtest.shop","breadcrumb":{"@id":"https:\/\/medtest.stagingservers.net\/no\/produkt\/menopause-test-no\/#breadcrumb"},"inLanguage":"nb-NO","potentialAction":[{"@type":"ReadAction","target":["https:\/\/medtest.stagingservers.net\/no\/produkt\/menopause-test-no\/"]}]},{"@type":"ImageObject","inLanguage":"nb-NO","@id":"https:\/\/medtest.stagingservers.net\/no\/produkt\/menopause-test-no\/#primaryimage","url":"https:\/\/medtest.stagingservers.net\/wp-content\/uploads\/2019\/02\/Klim.jpg","contentUrl":"https:\/\/medtest.stagingservers.net\/wp-content\/uploads\/2019\/02\/Klim.jpg","width":2100,"height":1400,"caption":"Test for klimakterie"},{"@type":"BreadcrumbList","@id":"https:\/\/medtest.stagingservers.net\/no\/produkt\/menopause-test-no\/#breadcrumb","itemListElement":[{"@type":"ListItem","position":1,"name":"Home","item":"https:\/\/medtest.stagingservers.net\/no\/"},{"@type":"ListItem","position":2,"name":"Butikk","item":"https:\/\/medtest.stagingservers.net\/no\/butikk\/"},{"@type":"ListItem","position":3,"name":"Klimakterie test"}]},{"@type":"WebSite","@id":"https:\/\/medtest.stagingservers.net\/no\/#website","url":"https:\/\/medtest.stagingservers.net\/no\/","name":"Medtest.shop","description":"","publisher":{"@id":"https:\/\/medtest.stagingservers.net\/no\/#organization"},"potentialAction":[{"@type":"SearchAction","target":{"@type":"EntryPoint","urlTemplate":"https:\/\/medtest.stagingservers.net\/no\/?s={search_term_string}"},"query-input":{"@type":"PropertyValueSpecification","valueRequired":true,"valueName":"search_term_string"}}],"inLanguage":"nb-NO"},{"@type":"Organization","@id":"https:\/\/medtest.stagingservers.net\/no\/#organization","name":"Medtest","url":"https:\/\/medtest.stagingservers.net\/no\/","logo":{"@type":"ImageObject","inLanguage":"nb-NO","@id":"https:\/\/medtest.stagingservers.net\/no\/#\/schema\/logo\/image\/","url":"https:\/\/medtest.stagingservers.net\/wp-content\/uploads\/2018\/11\/Original.png","contentUrl":"https:\/\/medtest.stagingservers.net\/wp-content\/uploads\/2018\/11\/Original.png","width":1024,"height":1024,"caption":"Medtest"},"image":{"@id":"https:\/\/medtest.stagingservers.net\/no\/#\/schema\/logo\/image\/"},"sameAs":["https:\/\/www.facebook.com\/Medtest-1440779469392476\/"]}]}},"_links":{"self":[{"href":"https:\/\/medtest.stagingservers.net\/no\/wp-json\/wp\/v2\/product\/55194","targetHints":{"allow":["GET"]}}],"collection":[{"href":"https:\/\/medtest.stagingservers.net\/no\/wp-json\/wp\/v2\/product"}],"about":[{"href":"https:\/\/medtest.stagingservers.net\/no\/wp-json\/wp\/v2\/types\/product"}],"replies":[{"embeddable":true,"href":"https:\/\/medtest.stagingservers.net\/no\/wp-json\/wp\/v2\/comments?post=55194"}],"version-history":[{"count":2,"href":"https:\/\/medtest.stagingservers.net\/no\/wp-json\/wp\/v2\/product\/55194\/revisions"}],"predecessor-version":[{"id":85492,"href":"https:\/\/medtest.stagingservers.net\/no\/wp-json\/wp\/v2\/product\/55194\/revisions\/85492"}],"wp:featuredmedia":[{"embeddable":true,"href":"https:\/\/medtest.stagingservers.net\/no\/wp-json\/wp\/v2\/media\/55902"}],"wp:attachment":[{"href":"https:\/\/medtest.stagingservers.net\/no\/wp-json\/wp\/v2\/media?parent=55194"}],"wp:term":[{"taxonomy":"product_brand","embeddable":true,"href":"https:\/\/medtest.stagingservers.net\/no\/wp-json\/wp\/v2\/product_brand?post=55194"},{"taxonomy":"product_cat","embeddable":true,"href":"https:\/\/medtest.stagingservers.net\/no\/wp-json\/wp\/v2\/product_cat?post=55194"},{"taxonomy":"product_tag","embeddable":true,"href":"https:\/\/medtest.stagingservers.net\/no\/wp-json\/wp\/v2\/product_tag?post=55194"}],"curies":[{"name":"wp","href":"https:\/\/api.w.org\/{rel}","templated":true}]}}