{"id":55199,"date":"2019-02-13T12:31:40","date_gmt":"2019-02-13T12:31:40","guid":{"rendered":"http:\/\/104.248.87.71\/?post_type=product&#038;p=54813"},"modified":"2019-11-09T13:21:52","modified_gmt":"2019-11-09T11:21:52","slug":"skjoldbruskkjertel-test-no","status":"publish","type":"product","link":"https:\/\/medtest.stagingservers.net\/no\/produkt\/skjoldbruskkjertel-test-no\/","title":{"rendered":"Skjoldbruskkjertel test"},"content":{"rendered":"<h2>Skjoldbruskkjertel test<\/h2>\n<h5>Svar innen 15 minutter<\/h5>\n<p>Opplever du symptomer som tretthet, depresjon og energitap, angst, indre stress og generell f\u00f8lelse av sykdom? Da kan dette skyldes skjoldbruskkjertelen. Med skjoldbrusk testen kan du finne ut hvordan du f\u00f8ler. Skjoldbruskkjertelen sitter under strupehodet p\u00e5 forsiden av halsen, og har stor innflytelse p\u00e5 v\u00e5r velv\u00e6re og p\u00e5 v\u00e5r fysiske evne, da skjoldbruskkjertelen kontrollerer kroppens stoffskifte. Derfor spiller den en viktig rolle for \u00e5 f\u00e5 oss til \u00e5 f\u00f8le seg bra. V\u00e5r test kan gi deg svar p\u00e5 hvorfor du f\u00f8ler som du gj\u00f8r. Hvis skjoldbruskkjertelen din er underaktiv, p\u00e5virker det niv\u00e5et av skjoldbrusk stimulerende hormon (TSH) i blodet ditt. Dette hormon niv\u00e5et lar deg m\u00e5le deg selv med v\u00e5r skjoldbrusk test som er gjort med en enkel og smertefri pinne i fingeren. Testen tar bare 10-15 minutter og gir deg en rask og enkel melding om din skjoldbrusk tilstand. V\u00e5r skjoldbrusk test markerer positivt n\u00e5r TSH niv\u00e5et er h\u00f8yere enn 5 \u03bcIU \/ ml. Skjoldbruskstesten fra oss er veldig trygg og er CE-merket. I tillegg har testen en p\u00e5litelighet p\u00e5 95,5%.<\/p>\n<h5>Hvorfor skal du teste deg selv?<\/h5>\n<p>Det kan v\u00e6re vanskelig \u00e5 oppdage en skjoldbrusk sykdom utelukkende p\u00e5 grunnlag av symptomene, siden de vanligste symptomene er sv\u00e6rt generelle. Men med en skjoldbrusk test f\u00e5r du en klar beskjed om hvorvidt din vekt pendling \/ tretthet \/ sl\u00f8vhet \/ svimmelhet skyldes en sykdom i skjoldbruskkjertelen eller ikke. Som et resultat betyr det at du lettere kan s\u00f8ke omsorg og f\u00e5 riktig behandling. Med andre ord er dette viktig siden enkelte skjoldbruskkjertel sykdommer kan for\u00e5rsake alvorlige komplikasjoner.<\/p>\n<h5>Slik gj\u00f8r du det:<\/h5>\n<p><img loading=\"lazy\" decoding=\"async\" class=\"alignnone size-full wp-image-70261\" src=\"\/wp-content\/uploads\/2019\/03\/PSA-procedur.png\" alt=\"PSA procedur\" width=\"1455\" height=\"467\" srcset=\"https:\/\/medtest.stagingservers.net\/wp-content\/uploads\/2019\/03\/PSA-procedur.png 1455w, https:\/\/medtest.stagingservers.net\/wp-content\/uploads\/2019\/03\/PSA-procedur-600x193.png 600w, https:\/\/medtest.stagingservers.net\/wp-content\/uploads\/2019\/03\/PSA-procedur-200x64.png 200w, https:\/\/medtest.stagingservers.net\/wp-content\/uploads\/2019\/03\/PSA-procedur-720x231.png 720w, https:\/\/medtest.stagingservers.net\/wp-content\/uploads\/2019\/03\/PSA-procedur-768x246.png 768w, https:\/\/medtest.stagingservers.net\/wp-content\/uploads\/2019\/03\/PSA-procedur-1200x385.png 1200w, https:\/\/medtest.stagingservers.net\/wp-content\/uploads\/2019\/03\/PSA-procedur-416x134.png 416w, https:\/\/medtest.stagingservers.net\/wp-content\/uploads\/2019\/03\/PSA-procedur-300x96.png 300w, https:\/\/medtest.stagingservers.net\/wp-content\/uploads\/2019\/03\/PSA-procedur-1024x329.png 1024w\" sizes=\"auto, (max-width: 1455px) 100vw, 1455px\" \/><\/p>\n<ol>\n<li>Rengj\u00f8r fingeren med alkoholrenseren.<\/li>\n<li>Deretter stikker du fingertuppen med lansetten<\/li>\n<li>Sug deretter 2-3 dr\u00e5per blod med pipetten.<\/li>\n<li>Drypp 1-2 dr\u00e5per i blod testkasettens br\u00f8nnen (e).<\/li>\n<li>Drypp deretter en dr\u00e5pe av buffer.<\/li>\n<li>Vent 5 minutter for \u00e5 lese resultatet.<\/li>\n<\/ol>\n<h5>Resultat<\/h5>\n<p><img loading=\"lazy\" decoding=\"async\" class=\"alignnone wp-image-66783\" src=\"https:\/\/medtest.stagingservers.net\/wp-content\/uploads\/2019\/02\/Test-resultat.png\" alt=\"\" width=\"231\" height=\"162\" srcset=\"https:\/\/medtest.stagingservers.net\/wp-content\/uploads\/2019\/02\/Test-resultat.png 912w, https:\/\/medtest.stagingservers.net\/wp-content\/uploads\/2019\/02\/Test-resultat-416x291.png 416w, https:\/\/medtest.stagingservers.net\/wp-content\/uploads\/2019\/02\/Test-resultat-300x210.png 300w, https:\/\/medtest.stagingservers.net\/wp-content\/uploads\/2019\/02\/Test-resultat-768x538.png 768w\" sizes=\"auto, (max-width: 231px) 100vw, 231px\" \/><\/p>\n<p>Hvis linjer ved C og T vises, er resultatet positivt. Hvis linjen vises kun ved C, er resultatet negativt. Kontroll linjen (C) fungerer som en kvalitetskontroll som sikrer at patronen er i orden. C = Control (Kontroll) T = Test S = Sample (Pr\u00f8ve) Instruksjoner p\u00e5 norsk er inkludert.<\/p>\n<p><a href=\"https:\/\/medtest.stagingservers.net\/no\/kontakt-oss\/\">Kontakt oss<\/a> dersom du har noen sp\u00f8rsm\u00e5l.<\/p>\n","protected":false},"excerpt":{"rendered":"<p>Opplever du symptomer som tretthet, depresjon og energitap, angst, indre stress og generell f\u00f8lelse av sykdom? Da kan dette skyldes skjoldbruskkjertelen. Med skjoldbrusk testen kan du finne ut hvordan du f\u00f8ler. Skjoldbruskkjertelen sitter under strupehodet p\u00e5 forsiden av halsen, og har stor innflytelse p\u00e5 v\u00e5r velv\u00e6re og p\u00e5 v\u00e5r fysiske evne, da skjoldbruskkjertelen kontrollerer kroppens stoffskifte. Derfor spiller den en viktig rolle for \u00e5 f\u00e5 oss til \u00e5 f\u00f8le seg bra.<\/p>\n<p>V\u00e5r test kan gi deg svar p\u00e5 hvorfor du f\u00f8ler som du gj\u00f8r. Hvis skjoldbruskkjertelen din er underaktiv, p\u00e5virker det niv\u00e5et av skjoldbrusk stimulerende hormon (TSH) i blodet ditt. Dette hormon niv\u00e5et lar deg m\u00e5le deg selv med v\u00e5r skjoldbrusk test som er gjort med en enkel og smertefri pinne i fingeren. Testen tar bare 10-15 minutter og gir deg en rask og enkel melding om din skjoldbrusk tilstand. V\u00e5r skjoldbrusk test markerer positivt n\u00e5r TSH niv\u00e5et er h\u00f8yere enn 5 \u03bcIU \/ ml.<\/p>\n<p>Skjoldbruskstesten fra oss er veldig trygg og er CE-merket. I tillegg har testen en p\u00e5litelighet p\u00e5 95,5%.<\/p>\n","protected":false},"featured_media":76918,"comment_status":"closed","ping_status":"closed","template":"","meta":{"_acf_changed":false,"footnotes":""},"product_brand":[],"product_cat":[761,758,770],"product_tag":[],"class_list":{"0":"post-55199","1":"product","2":"type-product","3":"status-publish","4":"has-post-thumbnail","6":"product_cat-helsetester","7":"product_cat-pakke-tilbud","8":"product_cat-skjoldbruskkjerteltest","10":"first","11":"instock","12":"taxable","13":"shipping-taxable","14":"purchasable","15":"product-type-simple"},"acf":[],"yoast_head":"<title>Skjoldbruskkjertel test, Test hjemme Bestill i dag for \u00e5 f\u00e5 raskt svar Medtest<\/title>\n<meta name=\"description\" content=\"Skjoldbruskkjertel testen - Test deg selv med v\u00e5r skjoldbrusk testen gjennom en enkel og smertefri pinne i fingeren. Testen tar bare 10 minutter.\" \/>\n<meta name=\"robots\" content=\"noindex, follow, max-snippet:-1, max-image-preview:large, max-video-preview:-1\" \/>\n<meta property=\"og:locale\" content=\"nb_NO\" \/>\n<meta property=\"og:type\" content=\"article\" \/>\n<meta property=\"og:title\" content=\"Skjoldbruskkjertel test, Test hjemme Bestill i dag for \u00e5 f\u00e5 raskt svar Medtest\" \/>\n<meta property=\"og:description\" content=\"Skjoldbruskkjertel testen - Test deg selv med v\u00e5r skjoldbrusk testen gjennom en enkel og smertefri pinne i fingeren. Testen tar bare 10 minutter.\" \/>\n<meta property=\"og:url\" content=\"https:\/\/medtest.stagingservers.net\/no\/produkt\/skjoldbruskkjertel-test-no\/\" \/>\n<meta property=\"og:site_name\" content=\"Medtest.shop\" \/>\n<meta property=\"article:publisher\" content=\"https:\/\/www.facebook.com\/Medtest-1440779469392476\/\" \/>\n<meta property=\"article:modified_time\" content=\"2019-11-09T11:21:52+00:00\" \/>\n<meta property=\"og:image\" content=\"https:\/\/medtest.stagingservers.net\/wp-content\/uploads\/2019\/02\/TSH-Norge-2019-11-09.png\" \/>\n\t<meta property=\"og:image:width\" content=\"2100\" \/>\n\t<meta property=\"og:image:height\" content=\"1400\" \/>\n\t<meta property=\"og:image:type\" content=\"image\/png\" \/>\n<meta name=\"twitter:card\" content=\"summary_large_image\" \/>\n<script type=\"application\/ld+json\" class=\"yoast-schema-graph\">{\"@context\":\"https:\\\/\\\/schema.org\",\"@graph\":[{\"@type\":\"WebPage\",\"@id\":\"https:\\\/\\\/medtest.stagingservers.net\\\/no\\\/produkt\\\/skjoldbruskkjertel-test-no\\\/\",\"url\":\"https:\\\/\\\/medtest.stagingservers.net\\\/no\\\/produkt\\\/skjoldbruskkjertel-test-no\\\/\",\"name\":\"Skjoldbruskkjertel test, Test hjemme Bestill i dag for \u00e5 f\u00e5 raskt svar Medtest\",\"isPartOf\":{\"@id\":\"https:\\\/\\\/medtest.stagingservers.net\\\/no\\\/#website\"},\"primaryImageOfPage\":{\"@id\":\"https:\\\/\\\/medtest.stagingservers.net\\\/no\\\/produkt\\\/skjoldbruskkjertel-test-no\\\/#primaryimage\"},\"image\":{\"@id\":\"https:\\\/\\\/medtest.stagingservers.net\\\/no\\\/produkt\\\/skjoldbruskkjertel-test-no\\\/#primaryimage\"},\"thumbnailUrl\":\"https:\\\/\\\/medtest.stagingservers.net\\\/wp-content\\\/uploads\\\/2019\\\/02\\\/TSH-Norge-2019-11-09.png\",\"datePublished\":\"2019-02-13T12:31:40+00:00\",\"dateModified\":\"2019-11-09T11:21:52+00:00\",\"description\":\"Skjoldbruskkjertel testen - Test deg selv med v\u00e5r skjoldbrusk testen gjennom en enkel og smertefri pinne i fingeren. Testen tar bare 10 minutter.\",\"breadcrumb\":{\"@id\":\"https:\\\/\\\/medtest.stagingservers.net\\\/no\\\/produkt\\\/skjoldbruskkjertel-test-no\\\/#breadcrumb\"},\"inLanguage\":\"nb-NO\",\"potentialAction\":[{\"@type\":\"ReadAction\",\"target\":[\"https:\\\/\\\/medtest.stagingservers.net\\\/no\\\/produkt\\\/skjoldbruskkjertel-test-no\\\/\"]}]},{\"@type\":\"ImageObject\",\"inLanguage\":\"nb-NO\",\"@id\":\"https:\\\/\\\/medtest.stagingservers.net\\\/no\\\/produkt\\\/skjoldbruskkjertel-test-no\\\/#primaryimage\",\"url\":\"https:\\\/\\\/medtest.stagingservers.net\\\/wp-content\\\/uploads\\\/2019\\\/02\\\/TSH-Norge-2019-11-09.png\",\"contentUrl\":\"https:\\\/\\\/medtest.stagingservers.net\\\/wp-content\\\/uploads\\\/2019\\\/02\\\/TSH-Norge-2019-11-09.png\",\"width\":2100,\"height\":1400},{\"@type\":\"BreadcrumbList\",\"@id\":\"https:\\\/\\\/medtest.stagingservers.net\\\/no\\\/produkt\\\/skjoldbruskkjertel-test-no\\\/#breadcrumb\",\"itemListElement\":[{\"@type\":\"ListItem\",\"position\":1,\"name\":\"Home\",\"item\":\"https:\\\/\\\/medtest.stagingservers.net\\\/no\\\/\"},{\"@type\":\"ListItem\",\"position\":2,\"name\":\"Butikk\",\"item\":\"https:\\\/\\\/medtest.stagingservers.net\\\/no\\\/butikk\\\/\"},{\"@type\":\"ListItem\",\"position\":3,\"name\":\"Skjoldbruskkjertel test\"}]},{\"@type\":\"WebSite\",\"@id\":\"https:\\\/\\\/medtest.stagingservers.net\\\/no\\\/#website\",\"url\":\"https:\\\/\\\/medtest.stagingservers.net\\\/no\\\/\",\"name\":\"Medtest.shop\",\"description\":\"\",\"publisher\":{\"@id\":\"https:\\\/\\\/medtest.stagingservers.net\\\/no\\\/#organization\"},\"potentialAction\":[{\"@type\":\"SearchAction\",\"target\":{\"@type\":\"EntryPoint\",\"urlTemplate\":\"https:\\\/\\\/medtest.stagingservers.net\\\/no\\\/?s={search_term_string}\"},\"query-input\":{\"@type\":\"PropertyValueSpecification\",\"valueRequired\":true,\"valueName\":\"search_term_string\"}}],\"inLanguage\":\"nb-NO\"},{\"@type\":\"Organization\",\"@id\":\"https:\\\/\\\/medtest.stagingservers.net\\\/no\\\/#organization\",\"name\":\"Medtest\",\"url\":\"https:\\\/\\\/medtest.stagingservers.net\\\/no\\\/\",\"logo\":{\"@type\":\"ImageObject\",\"inLanguage\":\"nb-NO\",\"@id\":\"https:\\\/\\\/medtest.stagingservers.net\\\/no\\\/#\\\/schema\\\/logo\\\/image\\\/\",\"url\":\"https:\\\/\\\/medtest.stagingservers.net\\\/wp-content\\\/uploads\\\/2018\\\/11\\\/Original.png\",\"contentUrl\":\"https:\\\/\\\/medtest.stagingservers.net\\\/wp-content\\\/uploads\\\/2018\\\/11\\\/Original.png\",\"width\":1024,\"height\":1024,\"caption\":\"Medtest\"},\"image\":{\"@id\":\"https:\\\/\\\/medtest.stagingservers.net\\\/no\\\/#\\\/schema\\\/logo\\\/image\\\/\"},\"sameAs\":[\"https:\\\/\\\/www.facebook.com\\\/Medtest-1440779469392476\\\/\"]}]}<\/script>","yoast_head_json":{"title":"Skjoldbruskkjertel test, Test hjemme Bestill i dag for \u00e5 f\u00e5 raskt svar Medtest","description":"Skjoldbruskkjertel testen - Test deg selv med v\u00e5r skjoldbrusk testen gjennom en enkel og smertefri pinne i fingeren. Testen tar bare 10 minutter.","robots":{"index":"noindex","follow":"follow","max-snippet":"max-snippet:-1","max-image-preview":"max-image-preview:large","max-video-preview":"max-video-preview:-1"},"og_locale":"nb_NO","og_type":"article","og_title":"Skjoldbruskkjertel test, Test hjemme Bestill i dag for \u00e5 f\u00e5 raskt svar Medtest","og_description":"Skjoldbruskkjertel testen - Test deg selv med v\u00e5r skjoldbrusk testen gjennom en enkel og smertefri pinne i fingeren. Testen tar bare 10 minutter.","og_url":"https:\/\/medtest.stagingservers.net\/no\/produkt\/skjoldbruskkjertel-test-no\/","og_site_name":"Medtest.shop","article_publisher":"https:\/\/www.facebook.com\/Medtest-1440779469392476\/","article_modified_time":"2019-11-09T11:21:52+00:00","og_image":[{"width":2100,"height":1400,"url":"https:\/\/medtest.stagingservers.net\/wp-content\/uploads\/2019\/02\/TSH-Norge-2019-11-09.png","type":"image\/png"}],"twitter_card":"summary_large_image","schema":{"@context":"https:\/\/schema.org","@graph":[{"@type":"WebPage","@id":"https:\/\/medtest.stagingservers.net\/no\/produkt\/skjoldbruskkjertel-test-no\/","url":"https:\/\/medtest.stagingservers.net\/no\/produkt\/skjoldbruskkjertel-test-no\/","name":"Skjoldbruskkjertel test, Test hjemme Bestill i dag for \u00e5 f\u00e5 raskt svar Medtest","isPartOf":{"@id":"https:\/\/medtest.stagingservers.net\/no\/#website"},"primaryImageOfPage":{"@id":"https:\/\/medtest.stagingservers.net\/no\/produkt\/skjoldbruskkjertel-test-no\/#primaryimage"},"image":{"@id":"https:\/\/medtest.stagingservers.net\/no\/produkt\/skjoldbruskkjertel-test-no\/#primaryimage"},"thumbnailUrl":"https:\/\/medtest.stagingservers.net\/wp-content\/uploads\/2019\/02\/TSH-Norge-2019-11-09.png","datePublished":"2019-02-13T12:31:40+00:00","dateModified":"2019-11-09T11:21:52+00:00","description":"Skjoldbruskkjertel testen - Test deg selv med v\u00e5r skjoldbrusk testen gjennom en enkel og smertefri pinne i fingeren. Testen tar bare 10 minutter.","breadcrumb":{"@id":"https:\/\/medtest.stagingservers.net\/no\/produkt\/skjoldbruskkjertel-test-no\/#breadcrumb"},"inLanguage":"nb-NO","potentialAction":[{"@type":"ReadAction","target":["https:\/\/medtest.stagingservers.net\/no\/produkt\/skjoldbruskkjertel-test-no\/"]}]},{"@type":"ImageObject","inLanguage":"nb-NO","@id":"https:\/\/medtest.stagingservers.net\/no\/produkt\/skjoldbruskkjertel-test-no\/#primaryimage","url":"https:\/\/medtest.stagingservers.net\/wp-content\/uploads\/2019\/02\/TSH-Norge-2019-11-09.png","contentUrl":"https:\/\/medtest.stagingservers.net\/wp-content\/uploads\/2019\/02\/TSH-Norge-2019-11-09.png","width":2100,"height":1400},{"@type":"BreadcrumbList","@id":"https:\/\/medtest.stagingservers.net\/no\/produkt\/skjoldbruskkjertel-test-no\/#breadcrumb","itemListElement":[{"@type":"ListItem","position":1,"name":"Home","item":"https:\/\/medtest.stagingservers.net\/no\/"},{"@type":"ListItem","position":2,"name":"Butikk","item":"https:\/\/medtest.stagingservers.net\/no\/butikk\/"},{"@type":"ListItem","position":3,"name":"Skjoldbruskkjertel test"}]},{"@type":"WebSite","@id":"https:\/\/medtest.stagingservers.net\/no\/#website","url":"https:\/\/medtest.stagingservers.net\/no\/","name":"Medtest.shop","description":"","publisher":{"@id":"https:\/\/medtest.stagingservers.net\/no\/#organization"},"potentialAction":[{"@type":"SearchAction","target":{"@type":"EntryPoint","urlTemplate":"https:\/\/medtest.stagingservers.net\/no\/?s={search_term_string}"},"query-input":{"@type":"PropertyValueSpecification","valueRequired":true,"valueName":"search_term_string"}}],"inLanguage":"nb-NO"},{"@type":"Organization","@id":"https:\/\/medtest.stagingservers.net\/no\/#organization","name":"Medtest","url":"https:\/\/medtest.stagingservers.net\/no\/","logo":{"@type":"ImageObject","inLanguage":"nb-NO","@id":"https:\/\/medtest.stagingservers.net\/no\/#\/schema\/logo\/image\/","url":"https:\/\/medtest.stagingservers.net\/wp-content\/uploads\/2018\/11\/Original.png","contentUrl":"https:\/\/medtest.stagingservers.net\/wp-content\/uploads\/2018\/11\/Original.png","width":1024,"height":1024,"caption":"Medtest"},"image":{"@id":"https:\/\/medtest.stagingservers.net\/no\/#\/schema\/logo\/image\/"},"sameAs":["https:\/\/www.facebook.com\/Medtest-1440779469392476\/"]}]}},"_links":{"self":[{"href":"https:\/\/medtest.stagingservers.net\/no\/wp-json\/wp\/v2\/product\/55199","targetHints":{"allow":["GET"]}}],"collection":[{"href":"https:\/\/medtest.stagingservers.net\/no\/wp-json\/wp\/v2\/product"}],"about":[{"href":"https:\/\/medtest.stagingservers.net\/no\/wp-json\/wp\/v2\/types\/product"}],"replies":[{"embeddable":true,"href":"https:\/\/medtest.stagingservers.net\/no\/wp-json\/wp\/v2\/comments?post=55199"}],"version-history":[{"count":0,"href":"https:\/\/medtest.stagingservers.net\/no\/wp-json\/wp\/v2\/product\/55199\/revisions"}],"wp:featuredmedia":[{"embeddable":true,"href":"https:\/\/medtest.stagingservers.net\/no\/wp-json\/wp\/v2\/media\/76918"}],"wp:attachment":[{"href":"https:\/\/medtest.stagingservers.net\/no\/wp-json\/wp\/v2\/media?parent=55199"}],"wp:term":[{"taxonomy":"product_brand","embeddable":true,"href":"https:\/\/medtest.stagingservers.net\/no\/wp-json\/wp\/v2\/product_brand?post=55199"},{"taxonomy":"product_cat","embeddable":true,"href":"https:\/\/medtest.stagingservers.net\/no\/wp-json\/wp\/v2\/product_cat?post=55199"},{"taxonomy":"product_tag","embeddable":true,"href":"https:\/\/medtest.stagingservers.net\/no\/wp-json\/wp\/v2\/product_tag?post=55199"}],"curies":[{"name":"wp","href":"https:\/\/api.w.org\/{rel}","templated":true}]}}