{"id":55206,"date":"2019-02-13T10:12:04","date_gmt":"2019-02-13T10:12:04","guid":{"rendered":"http:\/\/104.248.87.71\/?post_type=product&#038;p=54803"},"modified":"2020-09-10T15:54:20","modified_gmt":"2020-09-10T13:54:20","slug":"jernmangel-test-no","status":"publish","type":"product","link":"https:\/\/medtest.stagingservers.net\/no\/produkt\/jernmangel-test-no\/","title":{"rendered":"Jernmangel test"},"content":{"rendered":"<h2>Jernmangel test<\/h2>\n<h5>Svar innen 5 minutter<\/h5>\n<p>Jernmangel testen er en CE-godkjent test som m\u00e5ler niv\u00e5et av protein ferritin i blodet, som er direkte proporsjonal med jern niv\u00e5er, og er veldig trygt. Det er gjennom dette proteinet at kroppen kan lagre jern n\u00e5r ferritin binder seg til jernet. Ved \u00e5 unders\u00f8ke ferritinverdien i blodet, kan man finne ut hvordan kroppens jernforekomster ser ut. Testen gj\u00f8res gjennom en pinne i fingertuppen og tar bare noen f\u00e5 minutter. Du vil bli varslet omg\u00e5ende om jernniv\u00e5et ditt er normalt eller for lavt. Jernmangelstesten du gj\u00f8r selv og resultatet du ser direkte.<\/p>\n<h5>Hva er \u00e5rsaken til jernmangel?<\/h5>\n<p>Jernmangel kan skyldes mange ting, for eksempel alvorlig menstruasjon, mages\u00e5r, tarmsykdommer eller andre forhold. Hvis du har mistet mye blod i en ulykke, kan det ogs\u00e5 gi deg mangel p\u00e5 jern. Vanligvis er jernmangel ikke livstruende, men det forringer livskvaliteten din. Jernmangel er lett \u00e5 fikse n\u00e5r det er blitt etablert. I mange tilfeller er et ekstra tilskudd av jern tilstrekkelig for en kortere eller lengre periode. Men hvis det er en underliggende sykdom, er det n\u00f8dvendig med en annen behandling. V\u00e5r jernmangel test markerer positivt n\u00e5r jernniv\u00e5et er under 30 ng \/ ml.<\/p>\n<h5>Slik gj\u00f8r du det:<\/h5>\n<p><img loading=\"lazy\" decoding=\"async\" class=\"alignnone size-full wp-image-55553\" src=\"\/wp-content\/uploads\/2019\/03\/PSA-procedur.png\" alt=\"PSA procedur\" width=\"1455\" height=\"467\" srcset=\"https:\/\/medtest.stagingservers.net\/wp-content\/uploads\/2019\/03\/PSA-procedur.png 1455w, https:\/\/medtest.stagingservers.net\/wp-content\/uploads\/2019\/03\/PSA-procedur-720x231.png 720w, https:\/\/medtest.stagingservers.net\/wp-content\/uploads\/2019\/03\/PSA-procedur-1200x385.png 1200w, https:\/\/medtest.stagingservers.net\/wp-content\/uploads\/2019\/03\/PSA-procedur-768x246.png 768w, https:\/\/medtest.stagingservers.net\/wp-content\/uploads\/2019\/03\/PSA-procedur-416x134.png 416w, https:\/\/medtest.stagingservers.net\/wp-content\/uploads\/2019\/03\/PSA-procedur-300x96.png 300w, https:\/\/medtest.stagingservers.net\/wp-content\/uploads\/2019\/03\/PSA-procedur-1024x329.png 1024w\" sizes=\"auto, (max-width: 1455px) 100vw, 1455px\" \/><\/p>\n<ol>\n<li>Rengj\u00f8r fingeren med alkoholrenseren.<\/li>\n<li>Deretter stikker du fingertuppen med lansetten<\/li>\n<li>Sug deretter 2-3 dr\u00e5per blod med pipetten.<\/li>\n<li>Drypp 1-2 dr\u00e5per i blod testkasettens br\u00f8nnen (e).<\/li>\n<li>Drypp deretter en dr\u00e5pe av buffer.<\/li>\n<li>Vent 5 minutter for \u00e5 lese resultatet.<\/li>\n<\/ol>\n<p>Instruksjoner p\u00e5 norsk er inkludert.<\/p>\n","protected":false},"excerpt":{"rendered":"<p>Jernmangel testen er en CE-godkjent test som m\u00e5ler niv\u00e5et av protein ferritin i blodet, som er direkte proporsjonal med jern niv\u00e5er, og er veldig trygt. Det er gjennom dette proteinet at kroppen kan lagre jern n\u00e5r ferritin binder seg til jernet. Ved \u00e5 unders\u00f8ke ferritinverdien i blodet, kan man finne ut hvordan kroppens jernforekomster ser ut.<\/p>\n<p>Testen gj\u00f8res gjennom en pinne i fingertuppen og tar bare noen f\u00e5 minutter. Du vil bli varslet omg\u00e5ende om jernniv\u00e5et ditt er normalt eller for lavt. Jernmangelstesten du gj\u00f8r selv og resultatet du ser direkte.<\/p>\n","protected":false},"featured_media":70231,"comment_status":"closed","ping_status":"closed","template":"","meta":{"_acf_changed":false,"footnotes":""},"product_brand":[],"product_cat":[765,758],"product_tag":[],"class_list":{"0":"post-55206","1":"product","2":"type-product","3":"status-publish","4":"has-post-thumbnail","6":"product_cat-jernmangel-ferritin","7":"product_cat-pakke-tilbud","9":"first","10":"instock","11":"taxable","12":"shipping-taxable","13":"purchasable","14":"product-type-simple"},"acf":[],"yoast_head":"<title>Jernmangel test - som m\u00e5ler niv\u00e5et av ferritin i blodet - Medtest<\/title>\n<meta name=\"description\" content=\"Jernmangel test CE-godkjent test som m\u00e5ler niv\u00e5et av ferritin i blodet, som er direkte proporsjonal med jern niv\u00e5er, og er veldig trygt.\" \/>\n<meta name=\"robots\" content=\"noindex, follow, max-snippet:-1, max-image-preview:large, max-video-preview:-1\" \/>\n<meta property=\"og:locale\" content=\"nb_NO\" \/>\n<meta property=\"og:type\" content=\"article\" \/>\n<meta property=\"og:title\" content=\"Jernmangel test - som m\u00e5ler niv\u00e5et av ferritin i blodet - Medtest\" \/>\n<meta property=\"og:description\" content=\"Jernmangel test CE-godkjent test som m\u00e5ler niv\u00e5et av ferritin i blodet, som er direkte proporsjonal med jern niv\u00e5er, og er veldig trygt.\" \/>\n<meta property=\"og:url\" content=\"https:\/\/medtest.stagingservers.net\/no\/produkt\/jernmangel-test-no\/\" \/>\n<meta property=\"og:site_name\" content=\"Medtest.shop\" \/>\n<meta property=\"article:publisher\" content=\"https:\/\/www.facebook.com\/Medtest-1440779469392476\/\" \/>\n<meta property=\"article:modified_time\" content=\"2020-09-10T13:54:20+00:00\" \/>\n<meta property=\"og:image\" content=\"https:\/\/medtest.stagingservers.net\/wp-content\/uploads\/2019\/02\/Jern.jpg\" \/>\n\t<meta property=\"og:image:width\" content=\"2100\" \/>\n\t<meta property=\"og:image:height\" content=\"1400\" \/>\n\t<meta property=\"og:image:type\" content=\"image\/jpeg\" \/>\n<meta name=\"twitter:card\" content=\"summary_large_image\" \/>\n<script type=\"application\/ld+json\" class=\"yoast-schema-graph\">{\"@context\":\"https:\\\/\\\/schema.org\",\"@graph\":[{\"@type\":\"WebPage\",\"@id\":\"https:\\\/\\\/medtest.stagingservers.net\\\/no\\\/produkt\\\/jernmangel-test-no\\\/\",\"url\":\"https:\\\/\\\/medtest.stagingservers.net\\\/no\\\/produkt\\\/jernmangel-test-no\\\/\",\"name\":\"Jernmangel test - som m\u00e5ler niv\u00e5et av ferritin i blodet - Medtest\",\"isPartOf\":{\"@id\":\"https:\\\/\\\/medtest.stagingservers.net\\\/no\\\/#website\"},\"primaryImageOfPage\":{\"@id\":\"https:\\\/\\\/medtest.stagingservers.net\\\/no\\\/produkt\\\/jernmangel-test-no\\\/#primaryimage\"},\"image\":{\"@id\":\"https:\\\/\\\/medtest.stagingservers.net\\\/no\\\/produkt\\\/jernmangel-test-no\\\/#primaryimage\"},\"thumbnailUrl\":\"https:\\\/\\\/medtest.stagingservers.net\\\/wp-content\\\/uploads\\\/2019\\\/02\\\/Jern.jpg\",\"datePublished\":\"2019-02-13T10:12:04+00:00\",\"dateModified\":\"2020-09-10T13:54:20+00:00\",\"description\":\"Jernmangel test CE-godkjent test som m\u00e5ler niv\u00e5et av ferritin i blodet, som er direkte proporsjonal med jern niv\u00e5er, og er veldig trygt.\",\"breadcrumb\":{\"@id\":\"https:\\\/\\\/medtest.stagingservers.net\\\/no\\\/produkt\\\/jernmangel-test-no\\\/#breadcrumb\"},\"inLanguage\":\"nb-NO\",\"potentialAction\":[{\"@type\":\"ReadAction\",\"target\":[\"https:\\\/\\\/medtest.stagingservers.net\\\/no\\\/produkt\\\/jernmangel-test-no\\\/\"]}]},{\"@type\":\"ImageObject\",\"inLanguage\":\"nb-NO\",\"@id\":\"https:\\\/\\\/medtest.stagingservers.net\\\/no\\\/produkt\\\/jernmangel-test-no\\\/#primaryimage\",\"url\":\"https:\\\/\\\/medtest.stagingservers.net\\\/wp-content\\\/uploads\\\/2019\\\/02\\\/Jern.jpg\",\"contentUrl\":\"https:\\\/\\\/medtest.stagingservers.net\\\/wp-content\\\/uploads\\\/2019\\\/02\\\/Jern.jpg\",\"width\":2100,\"height\":1400},{\"@type\":\"BreadcrumbList\",\"@id\":\"https:\\\/\\\/medtest.stagingservers.net\\\/no\\\/produkt\\\/jernmangel-test-no\\\/#breadcrumb\",\"itemListElement\":[{\"@type\":\"ListItem\",\"position\":1,\"name\":\"Home\",\"item\":\"https:\\\/\\\/medtest.stagingservers.net\\\/no\\\/\"},{\"@type\":\"ListItem\",\"position\":2,\"name\":\"Butikk\",\"item\":\"https:\\\/\\\/medtest.stagingservers.net\\\/no\\\/butikk\\\/\"},{\"@type\":\"ListItem\",\"position\":3,\"name\":\"Jernmangel test\"}]},{\"@type\":\"WebSite\",\"@id\":\"https:\\\/\\\/medtest.stagingservers.net\\\/no\\\/#website\",\"url\":\"https:\\\/\\\/medtest.stagingservers.net\\\/no\\\/\",\"name\":\"Medtest.shop\",\"description\":\"\",\"publisher\":{\"@id\":\"https:\\\/\\\/medtest.stagingservers.net\\\/no\\\/#organization\"},\"potentialAction\":[{\"@type\":\"SearchAction\",\"target\":{\"@type\":\"EntryPoint\",\"urlTemplate\":\"https:\\\/\\\/medtest.stagingservers.net\\\/no\\\/?s={search_term_string}\"},\"query-input\":{\"@type\":\"PropertyValueSpecification\",\"valueRequired\":true,\"valueName\":\"search_term_string\"}}],\"inLanguage\":\"nb-NO\"},{\"@type\":\"Organization\",\"@id\":\"https:\\\/\\\/medtest.stagingservers.net\\\/no\\\/#organization\",\"name\":\"Medtest\",\"url\":\"https:\\\/\\\/medtest.stagingservers.net\\\/no\\\/\",\"logo\":{\"@type\":\"ImageObject\",\"inLanguage\":\"nb-NO\",\"@id\":\"https:\\\/\\\/medtest.stagingservers.net\\\/no\\\/#\\\/schema\\\/logo\\\/image\\\/\",\"url\":\"https:\\\/\\\/medtest.stagingservers.net\\\/wp-content\\\/uploads\\\/2018\\\/11\\\/Original.png\",\"contentUrl\":\"https:\\\/\\\/medtest.stagingservers.net\\\/wp-content\\\/uploads\\\/2018\\\/11\\\/Original.png\",\"width\":1024,\"height\":1024,\"caption\":\"Medtest\"},\"image\":{\"@id\":\"https:\\\/\\\/medtest.stagingservers.net\\\/no\\\/#\\\/schema\\\/logo\\\/image\\\/\"},\"sameAs\":[\"https:\\\/\\\/www.facebook.com\\\/Medtest-1440779469392476\\\/\"]}]}<\/script>","yoast_head_json":{"title":"Jernmangel test - som m\u00e5ler niv\u00e5et av ferritin i blodet - Medtest","description":"Jernmangel test CE-godkjent test som m\u00e5ler niv\u00e5et av ferritin i blodet, som er direkte proporsjonal med jern niv\u00e5er, og er veldig trygt.","robots":{"index":"noindex","follow":"follow","max-snippet":"max-snippet:-1","max-image-preview":"max-image-preview:large","max-video-preview":"max-video-preview:-1"},"og_locale":"nb_NO","og_type":"article","og_title":"Jernmangel test - som m\u00e5ler niv\u00e5et av ferritin i blodet - Medtest","og_description":"Jernmangel test CE-godkjent test som m\u00e5ler niv\u00e5et av ferritin i blodet, som er direkte proporsjonal med jern niv\u00e5er, og er veldig trygt.","og_url":"https:\/\/medtest.stagingservers.net\/no\/produkt\/jernmangel-test-no\/","og_site_name":"Medtest.shop","article_publisher":"https:\/\/www.facebook.com\/Medtest-1440779469392476\/","article_modified_time":"2020-09-10T13:54:20+00:00","og_image":[{"width":2100,"height":1400,"url":"https:\/\/medtest.stagingservers.net\/wp-content\/uploads\/2019\/02\/Jern.jpg","type":"image\/jpeg"}],"twitter_card":"summary_large_image","schema":{"@context":"https:\/\/schema.org","@graph":[{"@type":"WebPage","@id":"https:\/\/medtest.stagingservers.net\/no\/produkt\/jernmangel-test-no\/","url":"https:\/\/medtest.stagingservers.net\/no\/produkt\/jernmangel-test-no\/","name":"Jernmangel test - som m\u00e5ler niv\u00e5et av ferritin i blodet - Medtest","isPartOf":{"@id":"https:\/\/medtest.stagingservers.net\/no\/#website"},"primaryImageOfPage":{"@id":"https:\/\/medtest.stagingservers.net\/no\/produkt\/jernmangel-test-no\/#primaryimage"},"image":{"@id":"https:\/\/medtest.stagingservers.net\/no\/produkt\/jernmangel-test-no\/#primaryimage"},"thumbnailUrl":"https:\/\/medtest.stagingservers.net\/wp-content\/uploads\/2019\/02\/Jern.jpg","datePublished":"2019-02-13T10:12:04+00:00","dateModified":"2020-09-10T13:54:20+00:00","description":"Jernmangel test CE-godkjent test som m\u00e5ler niv\u00e5et av ferritin i blodet, som er direkte proporsjonal med jern niv\u00e5er, og er veldig trygt.","breadcrumb":{"@id":"https:\/\/medtest.stagingservers.net\/no\/produkt\/jernmangel-test-no\/#breadcrumb"},"inLanguage":"nb-NO","potentialAction":[{"@type":"ReadAction","target":["https:\/\/medtest.stagingservers.net\/no\/produkt\/jernmangel-test-no\/"]}]},{"@type":"ImageObject","inLanguage":"nb-NO","@id":"https:\/\/medtest.stagingservers.net\/no\/produkt\/jernmangel-test-no\/#primaryimage","url":"https:\/\/medtest.stagingservers.net\/wp-content\/uploads\/2019\/02\/Jern.jpg","contentUrl":"https:\/\/medtest.stagingservers.net\/wp-content\/uploads\/2019\/02\/Jern.jpg","width":2100,"height":1400},{"@type":"BreadcrumbList","@id":"https:\/\/medtest.stagingservers.net\/no\/produkt\/jernmangel-test-no\/#breadcrumb","itemListElement":[{"@type":"ListItem","position":1,"name":"Home","item":"https:\/\/medtest.stagingservers.net\/no\/"},{"@type":"ListItem","position":2,"name":"Butikk","item":"https:\/\/medtest.stagingservers.net\/no\/butikk\/"},{"@type":"ListItem","position":3,"name":"Jernmangel test"}]},{"@type":"WebSite","@id":"https:\/\/medtest.stagingservers.net\/no\/#website","url":"https:\/\/medtest.stagingservers.net\/no\/","name":"Medtest.shop","description":"","publisher":{"@id":"https:\/\/medtest.stagingservers.net\/no\/#organization"},"potentialAction":[{"@type":"SearchAction","target":{"@type":"EntryPoint","urlTemplate":"https:\/\/medtest.stagingservers.net\/no\/?s={search_term_string}"},"query-input":{"@type":"PropertyValueSpecification","valueRequired":true,"valueName":"search_term_string"}}],"inLanguage":"nb-NO"},{"@type":"Organization","@id":"https:\/\/medtest.stagingservers.net\/no\/#organization","name":"Medtest","url":"https:\/\/medtest.stagingservers.net\/no\/","logo":{"@type":"ImageObject","inLanguage":"nb-NO","@id":"https:\/\/medtest.stagingservers.net\/no\/#\/schema\/logo\/image\/","url":"https:\/\/medtest.stagingservers.net\/wp-content\/uploads\/2018\/11\/Original.png","contentUrl":"https:\/\/medtest.stagingservers.net\/wp-content\/uploads\/2018\/11\/Original.png","width":1024,"height":1024,"caption":"Medtest"},"image":{"@id":"https:\/\/medtest.stagingservers.net\/no\/#\/schema\/logo\/image\/"},"sameAs":["https:\/\/www.facebook.com\/Medtest-1440779469392476\/"]}]}},"_links":{"self":[{"href":"https:\/\/medtest.stagingservers.net\/no\/wp-json\/wp\/v2\/product\/55206","targetHints":{"allow":["GET"]}}],"collection":[{"href":"https:\/\/medtest.stagingservers.net\/no\/wp-json\/wp\/v2\/product"}],"about":[{"href":"https:\/\/medtest.stagingservers.net\/no\/wp-json\/wp\/v2\/types\/product"}],"replies":[{"embeddable":true,"href":"https:\/\/medtest.stagingservers.net\/no\/wp-json\/wp\/v2\/comments?post=55206"}],"version-history":[{"count":2,"href":"https:\/\/medtest.stagingservers.net\/no\/wp-json\/wp\/v2\/product\/55206\/revisions"}],"predecessor-version":[{"id":85495,"href":"https:\/\/medtest.stagingservers.net\/no\/wp-json\/wp\/v2\/product\/55206\/revisions\/85495"}],"wp:featuredmedia":[{"embeddable":true,"href":"https:\/\/medtest.stagingservers.net\/no\/wp-json\/wp\/v2\/media\/70231"}],"wp:attachment":[{"href":"https:\/\/medtest.stagingservers.net\/no\/wp-json\/wp\/v2\/media?parent=55206"}],"wp:term":[{"taxonomy":"product_brand","embeddable":true,"href":"https:\/\/medtest.stagingservers.net\/no\/wp-json\/wp\/v2\/product_brand?post=55206"},{"taxonomy":"product_cat","embeddable":true,"href":"https:\/\/medtest.stagingservers.net\/no\/wp-json\/wp\/v2\/product_cat?post=55206"},{"taxonomy":"product_tag","embeddable":true,"href":"https:\/\/medtest.stagingservers.net\/no\/wp-json\/wp\/v2\/product_tag?post=55206"}],"curies":[{"name":"wp","href":"https:\/\/api.w.org\/{rel}","templated":true}]}}