{"id":55222,"date":"2018-12-04T07:44:16","date_gmt":"2018-12-04T07:44:16","guid":{"rendered":"http:\/\/104.248.87.71\/?post_type=product&#038;p=54617"},"modified":"2019-12-04T14:11:46","modified_gmt":"2019-12-04T12:11:46","slug":"kombinasjons-pakke-no","status":"publish","type":"product","link":"https:\/\/medtest.stagingservers.net\/no\/produkt\/kombinasjons-pakke-no\/","title":{"rendered":"Kombinasjons pakke"},"content":{"rendered":"<h2>Testing for seksuelt overf\u00f8rbare sykdommer (kj\u00f8nnssykdommer) klamydia, gonor\u00e9 og syfilis<\/h2>\n<p>Pakken inneholder tester for 3 forskjellige seksuelt overf\u00f8rte sykdommer (kj\u00f8nnssykdommer).<\/p>\n<h4>Slik fungerer testene<\/h4>\n<p>Et antistoff som er spesifikt for STD, Chlamydia, Gonorrhea og Syphilis, er belagt p\u00e5 membranene i testsettene. N\u00e5r pr\u00f8veoppl\u00f8sningen faller p\u00e5 testkassetten, migrerer pr\u00f8ven oppover i membranen, som deretter reagerer med antistoffet, genererer en farget linje i testlinjeplassen. Tilstedev\u00e6relsen av den fargede linjen i testlinjeplassen indikerer et positivt resultat, mens frav\u00e6ret indikerer et negativt resultat.<\/p>\n<p><strong>Klamydia<\/strong> rask test for \u00e5 kvalitativt detektere chlamydia antigenet plassert i livmorhalsen (kvinnelig) eller urinr\u00f8ret (hann), noe som resulterer i resultater etter 5-10 minutter. Testen bruker et antistoff spesifikt for Chlamydia (chlamydia trachomatis).<\/p>\n<p><strong>Gonor\u00e9<\/strong> rask test for \u00e5 kvalitativt detektere gonor\u00e9 antigenet plassert i livmorhalsen (kvinnelig) eller urinr\u00f8ret (hann), noe som resulterer i resultater etter 5-10 minutter. Testen bruker et antistoff som er spesifikt for gonor\u00e9 (neisseria gonorrhoeae).<\/p>\n<p><strong>Syfilis<\/strong> hurtig test for \u00e5 kvalitativt oppdage syilisantigenet i blodet, noe som gir deg respons etter 10 minutter. Testen bruker et antistoff spesifikt for syfilis (treponema pallidum).<\/p>\n<h5>Bruksanvisning (klamydia og gonor\u00e9)<\/h5>\n<h4><strong>Uriner ikke p\u00e5 minst en time f\u00f8r du utf\u00f8rer testen!<\/strong><\/h4>\n<p><strong>1. A) VAGINA (KVINNE).<\/strong> Sett vatt pinnen inn i vaginal kanalen til det meste av spissen ikke lenger er synlig. Vri toppen 360 grader i en retning (med klokken eller mot klokken), og la den bli i 15 sekunder. Trekk stiften ut av vaginaen. Pr\u00f8v \u00e5 unng\u00e5 forurensning fra vaginale celler eller fra utsides slim \/ sekresjoner.<\/p>\n<p><strong>1. B) URINR\u00d8R (MANN).<\/strong> Sett vatt pinnen inn i r\u00f8ret i urinr\u00f8ret ca 2-4 cm. Vri pinnen 360 grader i en retning (med klokken eller mot urviseren), la den bli i 15 sekunder, og trekk deretter pinnen ut av urinr\u00f8ret.<\/p>\n<p>2. Sett inn vatt pinnen i reagensr\u00f8ret og tilsett 5 dr\u00e5per reagens A. Klem toppen ved \u00e5 trykke p\u00e5 utsiden av r\u00f8ret i bunnen av r\u00f8ret og rotere i vannet 15 ganger. La i 2 minutter.<\/p>\n<p>3. Tilsett 4 dr\u00e5per reagens B til reagensr\u00f8ret. L\u00f8sningen blir overskyet. Roter i vannet 15 ganger til l\u00f8sningen endres til en klar farge med en liten gr\u00f8nn eller bl\u00e5 nyanse. Hvis vannet er blodig, blir fargen gul eller brun. La i 1 minutt.<\/p>\n<p>4. L\u00f8ft vatt pinnen og klem ut v\u00e6sken i testr\u00f8ret. Kast pinnen. Hold s\u00e5 mye v\u00e6ske i r\u00f8ret som mulig.<\/p>\n<p>5. Installer dr\u00e5pedysen p\u00e5 pr\u00f8velederen. 6. Klem ut 3 fulle dr\u00e5per av den ekstraherte l\u00f8sningen i pr\u00f8vebr\u00f8nnen (S) p\u00e5 test kassetten og les svaret etter 5-10 min.<\/p>\n<p><img loading=\"lazy\" decoding=\"async\" class=\"alignnone wp-image-55354\" src=\"\/wp-content\/uploads\/2018\/11\/Klam-gon-Bild.png\" alt=\"\" width=\"957\" height=\"434\" \/><\/p>\n<h4><strong>Syfilis<\/strong><\/h4>\n<p>Syfilis er en vanlig kj\u00f8nnssykdom i Sverige som skulle forsvinne, men har n\u00e5 kommet sterkt tilbake. Testen bruker to antistoffer spesifikt for syfilis (Treponema Pallidium) som er forkortet TP. Hvis testen viser positive resultater, har du syfilis i blodet og du b\u00f8r s\u00f8ke lege. V\u00e5r hurtige test m\u00e5ler niv\u00e5et av TP i blodet direkte slik at du holder et lite hull i fingeren hvor en liten mengde blod blir tatt. Blodet blir deretter p\u00e5f\u00f8rt p\u00e5 et testsett med en membran som inneholder to antistoffer som binder til syfilisantigenet (TP) hvis det finnes i blodet. Spesifisitet: 98,5%. F\u00f8lsomhet: 98,6%.<\/p>\n<h4>Bruksanvisningen (syfilis)<\/h4>\n<h4>Slik gj\u00f8r du det:<\/h4>\n<ol start=\"1\">\n<li>Rengj\u00f8r fingeren med alkoholrenseren.<\/li>\n<li>Ta av den runde beskyttelseshetten p\u00e5 n\u00e5len og hold fingeren og klem litt blod.<\/li>\n<li>Sug opp 2-3 dr\u00e5per blod med pipetten ved \u00e5 flytte pipette spissen til blod overflaten. Kapill\u00e6re krefter vil f\u00f8re til at blodet suges opp i pipetten automatisk.<\/li>\n<li>Dryppe 2 dr\u00e5per blod i testkasettens br\u00f8nn (S).<\/li>\n<li>Dryppe deretter 2 dr\u00e5per buffer.<\/li>\n<li>Vent 5-10 minutter for \u00e5 lese resultatet. Ikke vent mer enn 10 minutter for \u00e5 lese svaret.<\/li>\n<\/ol>\n<p><img loading=\"lazy\" decoding=\"async\" class=\"alignnone size-full wp-image-70261\" src=\"\/wp-content\/uploads\/2019\/03\/PSA-procedur.png\" alt=\"PSA procedur\" width=\"1455\" height=\"467\" srcset=\"https:\/\/medtest.stagingservers.net\/wp-content\/uploads\/2019\/03\/PSA-procedur.png 1455w, https:\/\/medtest.stagingservers.net\/wp-content\/uploads\/2019\/03\/PSA-procedur-600x193.png 600w, https:\/\/medtest.stagingservers.net\/wp-content\/uploads\/2019\/03\/PSA-procedur-200x64.png 200w, https:\/\/medtest.stagingservers.net\/wp-content\/uploads\/2019\/03\/PSA-procedur-720x231.png 720w, https:\/\/medtest.stagingservers.net\/wp-content\/uploads\/2019\/03\/PSA-procedur-768x246.png 768w, https:\/\/medtest.stagingservers.net\/wp-content\/uploads\/2019\/03\/PSA-procedur-1200x385.png 1200w, https:\/\/medtest.stagingservers.net\/wp-content\/uploads\/2019\/03\/PSA-procedur-416x134.png 416w, https:\/\/medtest.stagingservers.net\/wp-content\/uploads\/2019\/03\/PSA-procedur-300x96.png 300w, https:\/\/medtest.stagingservers.net\/wp-content\/uploads\/2019\/03\/PSA-procedur-1024x329.png 1024w\" sizes=\"auto, (max-width: 1455px) 100vw, 1455px\" \/><\/p>\n<h4><strong> Resultat (Klamydia, Gonor\u00e9 &amp; Syfilis)<\/strong><\/h4>\n<p><img loading=\"lazy\" decoding=\"async\" class=\" wp-image-66617 alignleft\" src=\"https:\/\/medtest.stagingservers.net\/wp-content\/uploads\/2018\/11\/Test-resultat.png\" alt=\"\" width=\"255\" height=\"179\" srcset=\"https:\/\/medtest.stagingservers.net\/wp-content\/uploads\/2018\/11\/Test-resultat.png 351w, https:\/\/medtest.stagingservers.net\/wp-content\/uploads\/2018\/11\/Test-resultat-300x210.png 300w\" sizes=\"auto, (max-width: 255px) 100vw, 255px\" \/><\/p>\n<p>&nbsp;<\/p>\n<p>&nbsp;<\/p>\n<p>&nbsp;<\/p>\n<p>&nbsp;<\/p>\n<p>Hvis testen viser et positivt resultat, anbefaler vi at du konsulterer en lege for videre utredning.<\/p>\n<p>Testene er CE-godkjent og er til profesjonell bruk. Instruksjoner for bruk p\u00e5 norsk inkludert.<\/p>\n<p><a href=\"https:\/\/medtest.stagingservers.net\/no\/kontakt-oss\/\">Kontakt oss<\/a> hvis du har sp\u00f8rsm\u00e5l om testene.<\/p>\n","protected":false},"excerpt":{"rendered":"<p>Klamydia rask test for \u00e5 kvalitativt detektere chlamydia antigenet plassert i livmorhalsen (kvinnelig) eller urinr\u00f8ret (hann), noe som resulterer i resultater etter 5-10 minutter. Testen bruker et antistoff spesifikt for Chlamydia (chlamydia trachomatis).<\/p>\n<p>Gonor\u00e9 rask test for \u00e5 kvalitativt detektere gonor\u00e9 antigenet plassert i livmorhalsen (kvinnelig) eller urinr\u00f8ret (hann), noe som resulterer i resultater etter 5-10 minutter. Testen bruker et antistoff som er spesifikt for gonor\u00e9 (neisseria gonorrhoeae).<\/p>\n<p>Syfilis hurtig test for \u00e5 kvalitativt oppdage syilisantigenet i blodet, noe som gir deg respons etter 10 minutter. Testen bruker et antistoff spesifikt for syfilis (treponema pallidum).<\/p>\n","protected":false},"featured_media":77774,"comment_status":"closed","ping_status":"closed","template":"","meta":{"_acf_changed":false,"footnotes":""},"product_brand":[],"product_cat":[774,777,758,778],"product_tag":[],"class_list":{"0":"post-55222","1":"product","2":"type-product","3":"status-publish","4":"has-post-thumbnail","6":"product_cat-gonore","7":"product_cat-klamydia-no","8":"product_cat-pakke-tilbud","9":"product_cat-syfilis-no","11":"first","12":"instock","13":"taxable","14":"shipping-taxable","15":"purchasable","16":"product-type-simple"},"acf":[],"yoast_head":"<title>Kombinasjons pakke - Test mot Klaymdia,Gonor\u00e9 og Syfilis - Medtest<\/title>\n<meta name=\"description\" content=\"Kombinasjons pakke - Test deg selv mot seksuelle sykdommer som klamydia, gonor\u00e9 og syfilis. Sikre hjemme tester levert direkte hjemme i diskrete pakker.\" \/>\n<meta name=\"robots\" content=\"noindex, follow, max-snippet:-1, max-image-preview:large, max-video-preview:-1\" \/>\n<meta property=\"og:locale\" content=\"nb_NO\" \/>\n<meta property=\"og:type\" content=\"article\" \/>\n<meta property=\"og:title\" content=\"Kombinasjons pakke - Test mot Klaymdia,Gonor\u00e9 og Syfilis - Medtest\" \/>\n<meta property=\"og:description\" content=\"Kombinasjons pakke - Test deg selv mot seksuelle sykdommer som klamydia, gonor\u00e9 og syfilis. Sikre hjemme tester levert direkte hjemme i diskrete pakker.\" \/>\n<meta property=\"og:url\" content=\"https:\/\/medtest.stagingservers.net\/no\/produkt\/kombinasjons-pakke-no\/\" \/>\n<meta property=\"og:site_name\" content=\"Medtest.shop\" \/>\n<meta property=\"article:publisher\" content=\"https:\/\/www.facebook.com\/Medtest-1440779469392476\/\" \/>\n<meta property=\"article:modified_time\" content=\"2019-12-04T12:11:46+00:00\" \/>\n<meta property=\"og:image\" content=\"https:\/\/medtest.stagingservers.net\/wp-content\/uploads\/2018\/12\/Kombopaket-1.png\" \/>\n\t<meta property=\"og:image:width\" content=\"1200\" \/>\n\t<meta property=\"og:image:height\" content=\"910\" \/>\n\t<meta property=\"og:image:type\" content=\"image\/png\" \/>\n<meta name=\"twitter:card\" content=\"summary_large_image\" \/>\n<script type=\"application\/ld+json\" class=\"yoast-schema-graph\">{\"@context\":\"https:\\\/\\\/schema.org\",\"@graph\":[{\"@type\":\"WebPage\",\"@id\":\"https:\\\/\\\/medtest.stagingservers.net\\\/no\\\/produkt\\\/kombinasjons-pakke-no\\\/\",\"url\":\"https:\\\/\\\/medtest.stagingservers.net\\\/no\\\/produkt\\\/kombinasjons-pakke-no\\\/\",\"name\":\"Kombinasjons pakke - Test mot Klaymdia,Gonor\u00e9 og Syfilis - Medtest\",\"isPartOf\":{\"@id\":\"https:\\\/\\\/medtest.stagingservers.net\\\/no\\\/#website\"},\"primaryImageOfPage\":{\"@id\":\"https:\\\/\\\/medtest.stagingservers.net\\\/no\\\/produkt\\\/kombinasjons-pakke-no\\\/#primaryimage\"},\"image\":{\"@id\":\"https:\\\/\\\/medtest.stagingservers.net\\\/no\\\/produkt\\\/kombinasjons-pakke-no\\\/#primaryimage\"},\"thumbnailUrl\":\"https:\\\/\\\/medtest.stagingservers.net\\\/wp-content\\\/uploads\\\/2018\\\/12\\\/Kombopaket-1.png\",\"datePublished\":\"2018-12-04T07:44:16+00:00\",\"dateModified\":\"2019-12-04T12:11:46+00:00\",\"description\":\"Kombinasjons pakke - Test deg selv mot seksuelle sykdommer som klamydia, gonor\u00e9 og syfilis. Sikre hjemme tester levert direkte hjemme i diskrete pakker.\",\"breadcrumb\":{\"@id\":\"https:\\\/\\\/medtest.stagingservers.net\\\/no\\\/produkt\\\/kombinasjons-pakke-no\\\/#breadcrumb\"},\"inLanguage\":\"nb-NO\",\"potentialAction\":[{\"@type\":\"ReadAction\",\"target\":[\"https:\\\/\\\/medtest.stagingservers.net\\\/no\\\/produkt\\\/kombinasjons-pakke-no\\\/\"]}]},{\"@type\":\"ImageObject\",\"inLanguage\":\"nb-NO\",\"@id\":\"https:\\\/\\\/medtest.stagingservers.net\\\/no\\\/produkt\\\/kombinasjons-pakke-no\\\/#primaryimage\",\"url\":\"https:\\\/\\\/medtest.stagingservers.net\\\/wp-content\\\/uploads\\\/2018\\\/12\\\/Kombopaket-1.png\",\"contentUrl\":\"https:\\\/\\\/medtest.stagingservers.net\\\/wp-content\\\/uploads\\\/2018\\\/12\\\/Kombopaket-1.png\",\"width\":1200,\"height\":910,\"caption\":\"Klamydia Gonor\u00e9 Syfilis\"},{\"@type\":\"BreadcrumbList\",\"@id\":\"https:\\\/\\\/medtest.stagingservers.net\\\/no\\\/produkt\\\/kombinasjons-pakke-no\\\/#breadcrumb\",\"itemListElement\":[{\"@type\":\"ListItem\",\"position\":1,\"name\":\"Home\",\"item\":\"https:\\\/\\\/medtest.stagingservers.net\\\/no\\\/\"},{\"@type\":\"ListItem\",\"position\":2,\"name\":\"Butikk\",\"item\":\"https:\\\/\\\/medtest.stagingservers.net\\\/no\\\/butikk\\\/\"},{\"@type\":\"ListItem\",\"position\":3,\"name\":\"Kombinasjons pakke\"}]},{\"@type\":\"WebSite\",\"@id\":\"https:\\\/\\\/medtest.stagingservers.net\\\/no\\\/#website\",\"url\":\"https:\\\/\\\/medtest.stagingservers.net\\\/no\\\/\",\"name\":\"Medtest.shop\",\"description\":\"\",\"publisher\":{\"@id\":\"https:\\\/\\\/medtest.stagingservers.net\\\/no\\\/#organization\"},\"potentialAction\":[{\"@type\":\"SearchAction\",\"target\":{\"@type\":\"EntryPoint\",\"urlTemplate\":\"https:\\\/\\\/medtest.stagingservers.net\\\/no\\\/?s={search_term_string}\"},\"query-input\":{\"@type\":\"PropertyValueSpecification\",\"valueRequired\":true,\"valueName\":\"search_term_string\"}}],\"inLanguage\":\"nb-NO\"},{\"@type\":\"Organization\",\"@id\":\"https:\\\/\\\/medtest.stagingservers.net\\\/no\\\/#organization\",\"name\":\"Medtest\",\"url\":\"https:\\\/\\\/medtest.stagingservers.net\\\/no\\\/\",\"logo\":{\"@type\":\"ImageObject\",\"inLanguage\":\"nb-NO\",\"@id\":\"https:\\\/\\\/medtest.stagingservers.net\\\/no\\\/#\\\/schema\\\/logo\\\/image\\\/\",\"url\":\"https:\\\/\\\/medtest.stagingservers.net\\\/wp-content\\\/uploads\\\/2018\\\/11\\\/Original.png\",\"contentUrl\":\"https:\\\/\\\/medtest.stagingservers.net\\\/wp-content\\\/uploads\\\/2018\\\/11\\\/Original.png\",\"width\":1024,\"height\":1024,\"caption\":\"Medtest\"},\"image\":{\"@id\":\"https:\\\/\\\/medtest.stagingservers.net\\\/no\\\/#\\\/schema\\\/logo\\\/image\\\/\"},\"sameAs\":[\"https:\\\/\\\/www.facebook.com\\\/Medtest-1440779469392476\\\/\"]}]}<\/script>","yoast_head_json":{"title":"Kombinasjons pakke - Test mot Klaymdia,Gonor\u00e9 og Syfilis - Medtest","description":"Kombinasjons pakke - Test deg selv mot seksuelle sykdommer som klamydia, gonor\u00e9 og syfilis. Sikre hjemme tester levert direkte hjemme i diskrete pakker.","robots":{"index":"noindex","follow":"follow","max-snippet":"max-snippet:-1","max-image-preview":"max-image-preview:large","max-video-preview":"max-video-preview:-1"},"og_locale":"nb_NO","og_type":"article","og_title":"Kombinasjons pakke - Test mot Klaymdia,Gonor\u00e9 og Syfilis - Medtest","og_description":"Kombinasjons pakke - Test deg selv mot seksuelle sykdommer som klamydia, gonor\u00e9 og syfilis. Sikre hjemme tester levert direkte hjemme i diskrete pakker.","og_url":"https:\/\/medtest.stagingservers.net\/no\/produkt\/kombinasjons-pakke-no\/","og_site_name":"Medtest.shop","article_publisher":"https:\/\/www.facebook.com\/Medtest-1440779469392476\/","article_modified_time":"2019-12-04T12:11:46+00:00","og_image":[{"width":1200,"height":910,"url":"https:\/\/medtest.stagingservers.net\/wp-content\/uploads\/2018\/12\/Kombopaket-1.png","type":"image\/png"}],"twitter_card":"summary_large_image","schema":{"@context":"https:\/\/schema.org","@graph":[{"@type":"WebPage","@id":"https:\/\/medtest.stagingservers.net\/no\/produkt\/kombinasjons-pakke-no\/","url":"https:\/\/medtest.stagingservers.net\/no\/produkt\/kombinasjons-pakke-no\/","name":"Kombinasjons pakke - Test mot Klaymdia,Gonor\u00e9 og Syfilis - Medtest","isPartOf":{"@id":"https:\/\/medtest.stagingservers.net\/no\/#website"},"primaryImageOfPage":{"@id":"https:\/\/medtest.stagingservers.net\/no\/produkt\/kombinasjons-pakke-no\/#primaryimage"},"image":{"@id":"https:\/\/medtest.stagingservers.net\/no\/produkt\/kombinasjons-pakke-no\/#primaryimage"},"thumbnailUrl":"https:\/\/medtest.stagingservers.net\/wp-content\/uploads\/2018\/12\/Kombopaket-1.png","datePublished":"2018-12-04T07:44:16+00:00","dateModified":"2019-12-04T12:11:46+00:00","description":"Kombinasjons pakke - Test deg selv mot seksuelle sykdommer som klamydia, gonor\u00e9 og syfilis. Sikre hjemme tester levert direkte hjemme i diskrete pakker.","breadcrumb":{"@id":"https:\/\/medtest.stagingservers.net\/no\/produkt\/kombinasjons-pakke-no\/#breadcrumb"},"inLanguage":"nb-NO","potentialAction":[{"@type":"ReadAction","target":["https:\/\/medtest.stagingservers.net\/no\/produkt\/kombinasjons-pakke-no\/"]}]},{"@type":"ImageObject","inLanguage":"nb-NO","@id":"https:\/\/medtest.stagingservers.net\/no\/produkt\/kombinasjons-pakke-no\/#primaryimage","url":"https:\/\/medtest.stagingservers.net\/wp-content\/uploads\/2018\/12\/Kombopaket-1.png","contentUrl":"https:\/\/medtest.stagingservers.net\/wp-content\/uploads\/2018\/12\/Kombopaket-1.png","width":1200,"height":910,"caption":"Klamydia Gonor\u00e9 Syfilis"},{"@type":"BreadcrumbList","@id":"https:\/\/medtest.stagingservers.net\/no\/produkt\/kombinasjons-pakke-no\/#breadcrumb","itemListElement":[{"@type":"ListItem","position":1,"name":"Home","item":"https:\/\/medtest.stagingservers.net\/no\/"},{"@type":"ListItem","position":2,"name":"Butikk","item":"https:\/\/medtest.stagingservers.net\/no\/butikk\/"},{"@type":"ListItem","position":3,"name":"Kombinasjons pakke"}]},{"@type":"WebSite","@id":"https:\/\/medtest.stagingservers.net\/no\/#website","url":"https:\/\/medtest.stagingservers.net\/no\/","name":"Medtest.shop","description":"","publisher":{"@id":"https:\/\/medtest.stagingservers.net\/no\/#organization"},"potentialAction":[{"@type":"SearchAction","target":{"@type":"EntryPoint","urlTemplate":"https:\/\/medtest.stagingservers.net\/no\/?s={search_term_string}"},"query-input":{"@type":"PropertyValueSpecification","valueRequired":true,"valueName":"search_term_string"}}],"inLanguage":"nb-NO"},{"@type":"Organization","@id":"https:\/\/medtest.stagingservers.net\/no\/#organization","name":"Medtest","url":"https:\/\/medtest.stagingservers.net\/no\/","logo":{"@type":"ImageObject","inLanguage":"nb-NO","@id":"https:\/\/medtest.stagingservers.net\/no\/#\/schema\/logo\/image\/","url":"https:\/\/medtest.stagingservers.net\/wp-content\/uploads\/2018\/11\/Original.png","contentUrl":"https:\/\/medtest.stagingservers.net\/wp-content\/uploads\/2018\/11\/Original.png","width":1024,"height":1024,"caption":"Medtest"},"image":{"@id":"https:\/\/medtest.stagingservers.net\/no\/#\/schema\/logo\/image\/"},"sameAs":["https:\/\/www.facebook.com\/Medtest-1440779469392476\/"]}]}},"_links":{"self":[{"href":"https:\/\/medtest.stagingservers.net\/no\/wp-json\/wp\/v2\/product\/55222","targetHints":{"allow":["GET"]}}],"collection":[{"href":"https:\/\/medtest.stagingservers.net\/no\/wp-json\/wp\/v2\/product"}],"about":[{"href":"https:\/\/medtest.stagingservers.net\/no\/wp-json\/wp\/v2\/types\/product"}],"replies":[{"embeddable":true,"href":"https:\/\/medtest.stagingservers.net\/no\/wp-json\/wp\/v2\/comments?post=55222"}],"version-history":[{"count":0,"href":"https:\/\/medtest.stagingservers.net\/no\/wp-json\/wp\/v2\/product\/55222\/revisions"}],"wp:featuredmedia":[{"embeddable":true,"href":"https:\/\/medtest.stagingservers.net\/no\/wp-json\/wp\/v2\/media\/77774"}],"wp:attachment":[{"href":"https:\/\/medtest.stagingservers.net\/no\/wp-json\/wp\/v2\/media?parent=55222"}],"wp:term":[{"taxonomy":"product_brand","embeddable":true,"href":"https:\/\/medtest.stagingservers.net\/no\/wp-json\/wp\/v2\/product_brand?post=55222"},{"taxonomy":"product_cat","embeddable":true,"href":"https:\/\/medtest.stagingservers.net\/no\/wp-json\/wp\/v2\/product_cat?post=55222"},{"taxonomy":"product_tag","embeddable":true,"href":"https:\/\/medtest.stagingservers.net\/no\/wp-json\/wp\/v2\/product_tag?post=55222"}],"curies":[{"name":"wp","href":"https:\/\/api.w.org\/{rel}","templated":true}]}}