{"id":55301,"date":"2018-11-28T14:33:34","date_gmt":"2018-11-28T14:33:34","guid":{"rendered":"http:\/\/104.248.87.71\/?post_type=product&#038;p=54500"},"modified":"2020-10-08T16:22:18","modified_gmt":"2020-10-08T14:22:18","slug":"ph-kontroll-5-stk","status":"publish","type":"product","link":"https:\/\/medtest.stagingservers.net\/no\/produkt\/ph-kontroll-5-stk\/","title":{"rendered":"pH kontroll 5 stk"},"content":{"rendered":"<h2>pH kontroll test<\/h2>\n<p>Vaginale laktobaciller bidrar til \u00e5 etablere og opprettholde en pH-verdi som i de fleste tilfeller er mellom 3,8-4,0. En normal pH i underlivet hindrer bakterier i \u00e5 multiplisere, noe som igjen reduserer risikoen for infeksjoner. Hvis du mistenker bakteriell vaginose eller opplever abdominal irritasjon, b\u00f8r du m\u00e5le pH-verdien din. Testen gj\u00f8res raskt og enkelt hjemme. Resultatet leses etter ca 2 minutter. Pakningen inneholder en pakningsvedlegg med bruksanvisning og fargediagram for vurdering av testresultatet, 5 foliepakker hver med en teststrimmel og avfukterpose. Testen er n\u00f8yaktig det samme som mange helsesenter bruker. Testene er CE-godkjent.<\/p>\n<h4><strong>Slik fungerer selvtesten<\/strong><\/h4>\n<ol start=\"1\">\n<li>\u00c5pne foliepakken og fjern teststrimmelen.<\/li>\n<li>Sett strimmelen i underlivet i ti sekunder.<\/li>\n<li>Les resultatet etter ca 2 minutter ved \u00e5 sammenligne staven med en medf\u00f8lgende fargeskala.<\/li>\n<\/ol>\n","protected":false},"excerpt":{"rendered":"<p>Vaginale laktobaciller bidrar til \u00e5 etablere og opprettholde en pH-verdi som i de fleste tilfeller er mellom 3,8-4,0. En normal pH i underlivet hindrer bakterier i \u00e5 multiplisere, noe som igjen reduserer risikoen for infeksjoner. Hvis du mistenker bakteriell vaginose eller opplever abdominal irritasjon, b\u00f8r du m\u00e5le pH-verdien din. Testen gj\u00f8res raskt og enkelt hjemme. Resultatet leses etter ca 2 minutter.Pakningen inneholder en pakningsvedlegg med bruksanvisning og fargediagram for vurdering av testresultatet, 5 foliepakker hver med en teststrimmel og avfukterpose. Testen er n\u00f8yaktig det samme som mange helsesenter bruker.<\/p>\n","protected":false},"featured_media":70201,"comment_status":"closed","ping_status":"closed","template":"","meta":{"_acf_changed":false,"footnotes":""},"product_brand":[],"product_cat":[761,1028],"product_tag":[],"class_list":{"0":"post-55301","1":"product","2":"type-product","3":"status-publish","4":"has-post-thumbnail","6":"product_cat-helsetester","7":"product_cat-ph-test-no","9":"first","10":"instock","11":"taxable","12":"shipping-taxable","13":"purchasable","14":"product-type-simple"},"acf":[],"yoast_head":"<title>pH kontroll - Test pH i kj\u00f8nnsomr\u00e5det, forhindrer bakterier - Medtest<\/title>\n<meta name=\"description\" content=\"pH kontroll - Test pH i kj\u00f8nnsomr\u00e5det. En normal pH-verdi forhindrer bakterier i \u00e5 multiplisere, noe som igjen reduserer risikoen for infeksjoner.\" \/>\n<meta name=\"robots\" content=\"noindex, follow, max-snippet:-1, max-image-preview:large, max-video-preview:-1\" \/>\n<meta property=\"og:locale\" content=\"nb_NO\" \/>\n<meta property=\"og:type\" content=\"article\" \/>\n<meta property=\"og:title\" content=\"pH kontroll - Test pH i kj\u00f8nnsomr\u00e5det, forhindrer bakterier - Medtest\" \/>\n<meta property=\"og:description\" content=\"pH kontroll - Test pH i kj\u00f8nnsomr\u00e5det. En normal pH-verdi forhindrer bakterier i \u00e5 multiplisere, noe som igjen reduserer risikoen for infeksjoner.\" \/>\n<meta property=\"og:url\" content=\"https:\/\/medtest.stagingservers.net\/no\/produkt\/ph-kontroll-5-stk\/\" \/>\n<meta property=\"og:site_name\" content=\"Medtest.shop\" \/>\n<meta property=\"article:publisher\" content=\"https:\/\/www.facebook.com\/Medtest-1440779469392476\/\" \/>\n<meta property=\"article:modified_time\" content=\"2020-10-08T14:22:18+00:00\" \/>\n<meta property=\"og:image\" content=\"https:\/\/medtest.stagingservers.net\/wp-content\/uploads\/2018\/11\/pH-kontrol_image.jpg\" \/>\n\t<meta property=\"og:image:width\" content=\"2100\" \/>\n\t<meta property=\"og:image:height\" content=\"1400\" \/>\n\t<meta property=\"og:image:type\" content=\"image\/jpeg\" \/>\n<meta name=\"twitter:card\" content=\"summary_large_image\" \/>\n<script type=\"application\/ld+json\" class=\"yoast-schema-graph\">{\"@context\":\"https:\\\/\\\/schema.org\",\"@graph\":[{\"@type\":\"WebPage\",\"@id\":\"https:\\\/\\\/medtest.stagingservers.net\\\/no\\\/produkt\\\/ph-kontroll-5-stk\\\/\",\"url\":\"https:\\\/\\\/medtest.stagingservers.net\\\/no\\\/produkt\\\/ph-kontroll-5-stk\\\/\",\"name\":\"pH kontroll - Test pH i kj\u00f8nnsomr\u00e5det, forhindrer bakterier - Medtest\",\"isPartOf\":{\"@id\":\"https:\\\/\\\/medtest.stagingservers.net\\\/no\\\/#website\"},\"primaryImageOfPage\":{\"@id\":\"https:\\\/\\\/medtest.stagingservers.net\\\/no\\\/produkt\\\/ph-kontroll-5-stk\\\/#primaryimage\"},\"image\":{\"@id\":\"https:\\\/\\\/medtest.stagingservers.net\\\/no\\\/produkt\\\/ph-kontroll-5-stk\\\/#primaryimage\"},\"thumbnailUrl\":\"https:\\\/\\\/medtest.stagingservers.net\\\/wp-content\\\/uploads\\\/2018\\\/11\\\/pH-kontrol_image.jpg\",\"datePublished\":\"2018-11-28T14:33:34+00:00\",\"dateModified\":\"2020-10-08T14:22:18+00:00\",\"description\":\"pH kontroll - Test pH i kj\u00f8nnsomr\u00e5det. En normal pH-verdi forhindrer bakterier i \u00e5 multiplisere, noe som igjen reduserer risikoen for infeksjoner.\",\"breadcrumb\":{\"@id\":\"https:\\\/\\\/medtest.stagingservers.net\\\/no\\\/produkt\\\/ph-kontroll-5-stk\\\/#breadcrumb\"},\"inLanguage\":\"nb-NO\",\"potentialAction\":[{\"@type\":\"ReadAction\",\"target\":[\"https:\\\/\\\/medtest.stagingservers.net\\\/no\\\/produkt\\\/ph-kontroll-5-stk\\\/\"]}]},{\"@type\":\"ImageObject\",\"inLanguage\":\"nb-NO\",\"@id\":\"https:\\\/\\\/medtest.stagingservers.net\\\/no\\\/produkt\\\/ph-kontroll-5-stk\\\/#primaryimage\",\"url\":\"https:\\\/\\\/medtest.stagingservers.net\\\/wp-content\\\/uploads\\\/2018\\\/11\\\/pH-kontrol_image.jpg\",\"contentUrl\":\"https:\\\/\\\/medtest.stagingservers.net\\\/wp-content\\\/uploads\\\/2018\\\/11\\\/pH-kontrol_image.jpg\",\"width\":2100,\"height\":1400},{\"@type\":\"BreadcrumbList\",\"@id\":\"https:\\\/\\\/medtest.stagingservers.net\\\/no\\\/produkt\\\/ph-kontroll-5-stk\\\/#breadcrumb\",\"itemListElement\":[{\"@type\":\"ListItem\",\"position\":1,\"name\":\"Home\",\"item\":\"https:\\\/\\\/medtest.stagingservers.net\\\/no\\\/\"},{\"@type\":\"ListItem\",\"position\":2,\"name\":\"Butikk\",\"item\":\"https:\\\/\\\/medtest.stagingservers.net\\\/no\\\/butikk\\\/\"},{\"@type\":\"ListItem\",\"position\":3,\"name\":\"pH kontroll 5 stk\"}]},{\"@type\":\"WebSite\",\"@id\":\"https:\\\/\\\/medtest.stagingservers.net\\\/no\\\/#website\",\"url\":\"https:\\\/\\\/medtest.stagingservers.net\\\/no\\\/\",\"name\":\"Medtest.shop\",\"description\":\"\",\"publisher\":{\"@id\":\"https:\\\/\\\/medtest.stagingservers.net\\\/no\\\/#organization\"},\"potentialAction\":[{\"@type\":\"SearchAction\",\"target\":{\"@type\":\"EntryPoint\",\"urlTemplate\":\"https:\\\/\\\/medtest.stagingservers.net\\\/no\\\/?s={search_term_string}\"},\"query-input\":{\"@type\":\"PropertyValueSpecification\",\"valueRequired\":true,\"valueName\":\"search_term_string\"}}],\"inLanguage\":\"nb-NO\"},{\"@type\":\"Organization\",\"@id\":\"https:\\\/\\\/medtest.stagingservers.net\\\/no\\\/#organization\",\"name\":\"Medtest\",\"url\":\"https:\\\/\\\/medtest.stagingservers.net\\\/no\\\/\",\"logo\":{\"@type\":\"ImageObject\",\"inLanguage\":\"nb-NO\",\"@id\":\"https:\\\/\\\/medtest.stagingservers.net\\\/no\\\/#\\\/schema\\\/logo\\\/image\\\/\",\"url\":\"https:\\\/\\\/medtest.stagingservers.net\\\/wp-content\\\/uploads\\\/2018\\\/11\\\/Original.png\",\"contentUrl\":\"https:\\\/\\\/medtest.stagingservers.net\\\/wp-content\\\/uploads\\\/2018\\\/11\\\/Original.png\",\"width\":1024,\"height\":1024,\"caption\":\"Medtest\"},\"image\":{\"@id\":\"https:\\\/\\\/medtest.stagingservers.net\\\/no\\\/#\\\/schema\\\/logo\\\/image\\\/\"},\"sameAs\":[\"https:\\\/\\\/www.facebook.com\\\/Medtest-1440779469392476\\\/\"]}]}<\/script>","yoast_head_json":{"title":"pH kontroll - Test pH i kj\u00f8nnsomr\u00e5det, forhindrer bakterier - Medtest","description":"pH kontroll - Test pH i kj\u00f8nnsomr\u00e5det. En normal pH-verdi forhindrer bakterier i \u00e5 multiplisere, noe som igjen reduserer risikoen for infeksjoner.","robots":{"index":"noindex","follow":"follow","max-snippet":"max-snippet:-1","max-image-preview":"max-image-preview:large","max-video-preview":"max-video-preview:-1"},"og_locale":"nb_NO","og_type":"article","og_title":"pH kontroll - Test pH i kj\u00f8nnsomr\u00e5det, forhindrer bakterier - Medtest","og_description":"pH kontroll - Test pH i kj\u00f8nnsomr\u00e5det. En normal pH-verdi forhindrer bakterier i \u00e5 multiplisere, noe som igjen reduserer risikoen for infeksjoner.","og_url":"https:\/\/medtest.stagingservers.net\/no\/produkt\/ph-kontroll-5-stk\/","og_site_name":"Medtest.shop","article_publisher":"https:\/\/www.facebook.com\/Medtest-1440779469392476\/","article_modified_time":"2020-10-08T14:22:18+00:00","og_image":[{"width":2100,"height":1400,"url":"https:\/\/medtest.stagingservers.net\/wp-content\/uploads\/2018\/11\/pH-kontrol_image.jpg","type":"image\/jpeg"}],"twitter_card":"summary_large_image","schema":{"@context":"https:\/\/schema.org","@graph":[{"@type":"WebPage","@id":"https:\/\/medtest.stagingservers.net\/no\/produkt\/ph-kontroll-5-stk\/","url":"https:\/\/medtest.stagingservers.net\/no\/produkt\/ph-kontroll-5-stk\/","name":"pH kontroll - Test pH i kj\u00f8nnsomr\u00e5det, forhindrer bakterier - Medtest","isPartOf":{"@id":"https:\/\/medtest.stagingservers.net\/no\/#website"},"primaryImageOfPage":{"@id":"https:\/\/medtest.stagingservers.net\/no\/produkt\/ph-kontroll-5-stk\/#primaryimage"},"image":{"@id":"https:\/\/medtest.stagingservers.net\/no\/produkt\/ph-kontroll-5-stk\/#primaryimage"},"thumbnailUrl":"https:\/\/medtest.stagingservers.net\/wp-content\/uploads\/2018\/11\/pH-kontrol_image.jpg","datePublished":"2018-11-28T14:33:34+00:00","dateModified":"2020-10-08T14:22:18+00:00","description":"pH kontroll - Test pH i kj\u00f8nnsomr\u00e5det. En normal pH-verdi forhindrer bakterier i \u00e5 multiplisere, noe som igjen reduserer risikoen for infeksjoner.","breadcrumb":{"@id":"https:\/\/medtest.stagingservers.net\/no\/produkt\/ph-kontroll-5-stk\/#breadcrumb"},"inLanguage":"nb-NO","potentialAction":[{"@type":"ReadAction","target":["https:\/\/medtest.stagingservers.net\/no\/produkt\/ph-kontroll-5-stk\/"]}]},{"@type":"ImageObject","inLanguage":"nb-NO","@id":"https:\/\/medtest.stagingservers.net\/no\/produkt\/ph-kontroll-5-stk\/#primaryimage","url":"https:\/\/medtest.stagingservers.net\/wp-content\/uploads\/2018\/11\/pH-kontrol_image.jpg","contentUrl":"https:\/\/medtest.stagingservers.net\/wp-content\/uploads\/2018\/11\/pH-kontrol_image.jpg","width":2100,"height":1400},{"@type":"BreadcrumbList","@id":"https:\/\/medtest.stagingservers.net\/no\/produkt\/ph-kontroll-5-stk\/#breadcrumb","itemListElement":[{"@type":"ListItem","position":1,"name":"Home","item":"https:\/\/medtest.stagingservers.net\/no\/"},{"@type":"ListItem","position":2,"name":"Butikk","item":"https:\/\/medtest.stagingservers.net\/no\/butikk\/"},{"@type":"ListItem","position":3,"name":"pH kontroll 5 stk"}]},{"@type":"WebSite","@id":"https:\/\/medtest.stagingservers.net\/no\/#website","url":"https:\/\/medtest.stagingservers.net\/no\/","name":"Medtest.shop","description":"","publisher":{"@id":"https:\/\/medtest.stagingservers.net\/no\/#organization"},"potentialAction":[{"@type":"SearchAction","target":{"@type":"EntryPoint","urlTemplate":"https:\/\/medtest.stagingservers.net\/no\/?s={search_term_string}"},"query-input":{"@type":"PropertyValueSpecification","valueRequired":true,"valueName":"search_term_string"}}],"inLanguage":"nb-NO"},{"@type":"Organization","@id":"https:\/\/medtest.stagingservers.net\/no\/#organization","name":"Medtest","url":"https:\/\/medtest.stagingservers.net\/no\/","logo":{"@type":"ImageObject","inLanguage":"nb-NO","@id":"https:\/\/medtest.stagingservers.net\/no\/#\/schema\/logo\/image\/","url":"https:\/\/medtest.stagingservers.net\/wp-content\/uploads\/2018\/11\/Original.png","contentUrl":"https:\/\/medtest.stagingservers.net\/wp-content\/uploads\/2018\/11\/Original.png","width":1024,"height":1024,"caption":"Medtest"},"image":{"@id":"https:\/\/medtest.stagingservers.net\/no\/#\/schema\/logo\/image\/"},"sameAs":["https:\/\/www.facebook.com\/Medtest-1440779469392476\/"]}]}},"_links":{"self":[{"href":"https:\/\/medtest.stagingservers.net\/no\/wp-json\/wp\/v2\/product\/55301","targetHints":{"allow":["GET"]}}],"collection":[{"href":"https:\/\/medtest.stagingservers.net\/no\/wp-json\/wp\/v2\/product"}],"about":[{"href":"https:\/\/medtest.stagingservers.net\/no\/wp-json\/wp\/v2\/types\/product"}],"replies":[{"embeddable":true,"href":"https:\/\/medtest.stagingservers.net\/no\/wp-json\/wp\/v2\/comments?post=55301"}],"version-history":[{"count":1,"href":"https:\/\/medtest.stagingservers.net\/no\/wp-json\/wp\/v2\/product\/55301\/revisions"}],"predecessor-version":[{"id":86314,"href":"https:\/\/medtest.stagingservers.net\/no\/wp-json\/wp\/v2\/product\/55301\/revisions\/86314"}],"wp:featuredmedia":[{"embeddable":true,"href":"https:\/\/medtest.stagingservers.net\/no\/wp-json\/wp\/v2\/media\/70201"}],"wp:attachment":[{"href":"https:\/\/medtest.stagingservers.net\/no\/wp-json\/wp\/v2\/media?parent=55301"}],"wp:term":[{"taxonomy":"product_brand","embeddable":true,"href":"https:\/\/medtest.stagingservers.net\/no\/wp-json\/wp\/v2\/product_brand?post=55301"},{"taxonomy":"product_cat","embeddable":true,"href":"https:\/\/medtest.stagingservers.net\/no\/wp-json\/wp\/v2\/product_cat?post=55301"},{"taxonomy":"product_tag","embeddable":true,"href":"https:\/\/medtest.stagingservers.net\/no\/wp-json\/wp\/v2\/product_tag?post=55301"}],"curies":[{"name":"wp","href":"https:\/\/api.w.org\/{rel}","templated":true}]}}