{"id":55306,"date":"2018-11-28T14:22:04","date_gmt":"2018-11-28T14:22:04","guid":{"rendered":"http:\/\/104.248.87.71\/?post_type=product&#038;p=54496"},"modified":"2019-11-29T16:45:27","modified_gmt":"2019-11-29T14:45:27","slug":"vagina-katarpakke","status":"publish","type":"product","link":"https:\/\/medtest.stagingservers.net\/no\/produkt\/vagina-katarpakke\/","title":{"rendered":"Vagina katarpakke"},"content":{"rendered":"<h2>Vagina katarpakke<\/h2>\n<p><strong>1. Laktobaciller (H2O2 )<\/strong><\/p>\n<p>Hos friske kvinner i reproduktiv alder danner laktobaciller en nesten kontinuerlig &laquo;biofilm&raquo; i skjeden. Disse spiller en avgj\u00f8rende rolle i forsvaret av andre bakterier som kan resultere i ulike sykdommer. Lactobacilli produserer hydrogenperoksid, H2O2, som er giftig (toxiskt) til forskjellige bakterier og dermed virker som et forsvar. V\u00e5r test gir deg status som H2O2.<\/p>\n<p style=\"text-align: left;\"><strong>2. Bakteriell vaginose (SA)<\/strong><\/p>\n<p>Bakteriell vaginose er en ubalanse i bakteriefloraen i vagina. Symptomene p\u00e5 bakteriell vaginose er gr\u00e5gul, tynnstr\u00f8mmende og noen ganger skummende v\u00e6sker med ubehagelige lukt som ofte er sterkere hos menn. Men i noen tilfeller gir bakteriell vaginose ingen symptomer. Testen m\u00e5ler sialidaseaktivitet (SA), et enzym som utskilles fra bakterier som forbedrer bakteriens evne til \u00e5 invadere og \u00f8delegge vev. Bakteriell vaginose du m\u00e5 behandle med antibiotika.<\/p>\n<p><strong>3. Vaginal betennelse (LE)<\/strong><\/p>\n<p>Infeksjon av bakterier eller sopp i underlivet kan for\u00e5rsake vaginal betennelse. Symptomer kan v\u00e6re utflod, kl\u00f8e og smerte. V\u00e5r test m\u00e5ler tilstedev\u00e6relsen av hvite blodlegemer, leukocyt esterase (LE), som er forbundet med infeksjon. Ved vaginal betennelse konsultere lege eller gynekolog.<\/p>\n<p><strong>4. Soppinfeksjon \/ Candida (CV)<\/strong><\/p>\n<p style=\"text-align: left;\">Vaginal soppinfeksjon, ogs\u00e5 kjent som candida vaginitt (CV), er den overdrevne veksten av soppen i skjeden som resulterer i irritasjon. Symptomene er gr\u00e5gul, tynnflytende og noen ganger skummende v\u00e6ske, med ubehagelige lukt som ofte er sterkere hos menn. Sopp \/ candida blir behandlet med en ikke-reseptbelagte krem som er tilgjengelig p\u00e5 apotek.<\/p>\n<p><strong>5. Trichomonas infeksjon (TV)<\/strong><\/p>\n<p>Trichomonas vaginalis (TV) er en parasitt som kan for\u00e5rsake en seksuelt overf\u00f8rbar infeksjon. Parasitten er funnet i smittede kvinner i skjeden og smittet av samleie og andre ubeskyttede seksuelle kontakter. Omtrent halvparten av kvinnene som er smittet f\u00e5r symptomer. Symptomene p\u00e5 infeksjon brenner \/ kl\u00f8r i kj\u00f8nnsomr\u00e5det og ekssudater som kan v\u00e6re gulgr\u00f8nn og noen ganger stinkende. Inkubasjonsperioden kan v\u00e6re fra noen f\u00e5 dager til noen uker. Trichomonas kan overf\u00f8res fra gravid kvinne til barnet ved f\u00f8dselen. Tricomonas infeksjon du m\u00e5 behandle med antibiotika<\/p>\n<p><strong>6. pH<\/strong><\/p>\n<p>Vaginale laktobaciller bidrar til \u00e5 etablere og opprettholde en pH-verdi som i de fleste tilfeller er mellom 3,8-4,0. En normal pH i underlivet hindrer bakterier i \u00e5 multiplisere, noe som igjen reduserer risikoen for infeksjoner. Ved unormale resultater, kontakt lege eller gynekolog. Sampling kits og instruksjoner er gitt i pakken. Det gj\u00f8r ikke vondt for \u00e5 ta pr\u00f8ven.<\/p>\n<p><strong>Bruksanvisning<\/strong><\/p>\n<p><strong>Slik gj\u00f8r du det:<\/strong><\/p>\n<ol start=\"1\">\n<li>Ta en vaginal unders\u00f8kelse ved \u00e5 svinge lett med pinnen \u00e5 holde seg til skjedeveggen et stykke inn i skjeden.<\/li>\n<li>Ber\u00f8r pH-br\u00f8nnen med toppen 2-3 ganger. Les resultatet.<\/li>\n<li>Sett toppen i pr\u00f8ver\u00f8ret og legg til 12-14 dr\u00e5per &laquo;BV-ekstraksjonsl\u00f8sning&raquo;. R\u00f8r og klem toppen gjennom utsiden av reagensr\u00f8ret slik at sekresjonen p\u00e5 toppen blandes rundt og ender opp i pr\u00f8veoppl\u00f8sningen.<\/li>\n<li>Pippeter 2 dr\u00e5per til hver br\u00f8nn (ikke pH).<\/li>\n<li>Legg til en dr\u00e5pe &laquo;Kromogent reagens&raquo; til H2O2 br\u00f8nnen.<\/li>\n<li>La reagere i ovn 42-45\u00b0 C i 5 minutter. Les resultatet innen 15 minutter.<\/li>\n<\/ol>\n<p><img loading=\"lazy\" decoding=\"async\" class=\"size-full wp-image-70113 aligncenter\" src=\"https:\/\/medtest.stagingservers.net\/wp-content\/uploads\/2018\/11\/Ska\u0308rmavbild-2018-05-01-kl.-20.16.24.png\" alt=\"\" width=\"996\" height=\"264\" srcset=\"https:\/\/medtest.stagingservers.net\/wp-content\/uploads\/2018\/11\/Ska\u0308rmavbild-2018-05-01-kl.-20.16.24.png 996w, https:\/\/medtest.stagingservers.net\/wp-content\/uploads\/2018\/11\/Ska\u0308rmavbild-2018-05-01-kl.-20.16.24-416x110.png 416w, https:\/\/medtest.stagingservers.net\/wp-content\/uploads\/2018\/11\/Ska\u0308rmavbild-2018-05-01-kl.-20.16.24-300x80.png 300w, https:\/\/medtest.stagingservers.net\/wp-content\/uploads\/2018\/11\/Ska\u0308rmavbild-2018-05-01-kl.-20.16.24-768x204.png 768w\" sizes=\"auto, (max-width: 996px) 100vw, 996px\" \/> <strong>Resultat<\/strong> <img loading=\"lazy\" decoding=\"async\" class=\"alignnone size-full wp-image-55312\" src=\"https:\/\/medtest.stagingservers.net\/wp-content\/uploads\/2018\/11\/BV-Resultat.png\" alt=\"\" width=\"857\" height=\"264\" srcset=\"https:\/\/medtest.stagingservers.net\/wp-content\/uploads\/2018\/11\/BV-Resultat.png 857w, https:\/\/medtest.stagingservers.net\/wp-content\/uploads\/2018\/11\/BV-Resultat-720x222.png 720w, https:\/\/medtest.stagingservers.net\/wp-content\/uploads\/2018\/11\/BV-Resultat-768x237.png 768w, https:\/\/medtest.stagingservers.net\/wp-content\/uploads\/2018\/11\/BV-Resultat-416x128.png 416w, https:\/\/medtest.stagingservers.net\/wp-content\/uploads\/2018\/11\/BV-Resultat-300x92.png 300w\" sizes=\"auto, (max-width: 857px) 100vw, 857px\" \/><\/p>\n<p>pH &#8211; En unormal verdi indikerer infeksjon av noe slag H2O2 &#8211; Et unormalt resultat indikerer infeksjon. SA &#8211; Et positivt resultat indikerer bakteriell vaginose. LE &#8211; Et positivt resultat indikerer vaginal betennelse. CV &#8211; Et positivt resultat indikerer soppinfeksjon. TV Et positivt resultat indikerer trichomonas infeksjon. Analytisk f\u00f8lsomhet<br \/>\nH2O2: \u22652\u03bcmol\/L SA: \u22657 units\/ml LE: \u22659 units\/ml CV: \u2265 1&#215;103 cfu\/ml TV: \u22651&#215;103 cfu\/ml<\/p>\n<p>Testen er CE-godkjent og er til profesjonell bruk.<\/p>\n","protected":false},"excerpt":{"rendered":"<p>Test deg selv raskt hjemme hvis du har kl\u00f8e eller stinkende utslipp.<br \/>\nTesten m\u00e5ler 6 parametere:<\/p>\n<p>Laktobaciller (H2O2)<br \/>\nBakteriell vaginose<br \/>\nVaginal betennelse<br \/>\nSoppinfeksjon (candida)<br \/>\nTrichomoniasis<br \/>\npH.<\/p>\n","protected":false},"featured_media":70256,"comment_status":"closed","ping_status":"closed","template":"","meta":{"_acf_changed":false,"footnotes":""},"product_brand":[],"product_cat":[762,761],"product_tag":[],"class_list":{"0":"post-55306","1":"product","2":"type-product","3":"status-publish","4":"has-post-thumbnail","6":"product_cat-bakteriell-vaginose","7":"product_cat-helsetester","9":"first","10":"instock","11":"taxable","12":"shipping-taxable","13":"purchasable","14":"product-type-simple"},"acf":[],"yoast_head":"<title>Vagina katarpakke - Ta en pr\u00f8ve hjemme enkelt og greit - Medtest<\/title>\n<meta name=\"description\" content=\"Vagina katarpakke-Ta pr\u00f8ven hjemme enkelt og greit - Pakken inneholder 6 stk ulike tester for \u00e5 sjekke at underlivet har en balanser pH eller andre verdier\" \/>\n<meta name=\"robots\" content=\"noindex, follow, max-snippet:-1, max-image-preview:large, max-video-preview:-1\" \/>\n<meta property=\"og:locale\" content=\"nb_NO\" \/>\n<meta property=\"og:type\" content=\"article\" \/>\n<meta property=\"og:title\" content=\"Vagina katarpakke - Ta en pr\u00f8ve hjemme enkelt og greit - Medtest\" \/>\n<meta property=\"og:description\" content=\"Vagina katarpakke-Ta pr\u00f8ven hjemme enkelt og greit - Pakken inneholder 6 stk ulike tester for \u00e5 sjekke at underlivet har en balanser pH eller andre verdier\" \/>\n<meta property=\"og:url\" content=\"https:\/\/medtest.stagingservers.net\/no\/produkt\/vagina-katarpakke\/\" \/>\n<meta property=\"og:site_name\" content=\"Medtest.shop\" \/>\n<meta property=\"article:publisher\" content=\"https:\/\/www.facebook.com\/Medtest-1440779469392476\/\" \/>\n<meta property=\"article:modified_time\" content=\"2019-11-29T14:45:27+00:00\" \/>\n<meta property=\"og:image\" content=\"https:\/\/medtest.stagingservers.net\/wp-content\/uploads\/2018\/11\/Bakteriell-vaginose-NO.jpeg\" \/>\n\t<meta property=\"og:image:width\" content=\"2100\" \/>\n\t<meta property=\"og:image:height\" content=\"1400\" \/>\n\t<meta property=\"og:image:type\" content=\"image\/jpeg\" \/>\n<meta name=\"twitter:card\" content=\"summary_large_image\" \/>\n<script type=\"application\/ld+json\" class=\"yoast-schema-graph\">{\"@context\":\"https:\\\/\\\/schema.org\",\"@graph\":[{\"@type\":\"WebPage\",\"@id\":\"https:\\\/\\\/medtest.stagingservers.net\\\/no\\\/produkt\\\/vagina-katarpakke\\\/\",\"url\":\"https:\\\/\\\/medtest.stagingservers.net\\\/no\\\/produkt\\\/vagina-katarpakke\\\/\",\"name\":\"Vagina katarpakke - Ta en pr\u00f8ve hjemme enkelt og greit - Medtest\",\"isPartOf\":{\"@id\":\"https:\\\/\\\/medtest.stagingservers.net\\\/no\\\/#website\"},\"primaryImageOfPage\":{\"@id\":\"https:\\\/\\\/medtest.stagingservers.net\\\/no\\\/produkt\\\/vagina-katarpakke\\\/#primaryimage\"},\"image\":{\"@id\":\"https:\\\/\\\/medtest.stagingservers.net\\\/no\\\/produkt\\\/vagina-katarpakke\\\/#primaryimage\"},\"thumbnailUrl\":\"https:\\\/\\\/medtest.stagingservers.net\\\/wp-content\\\/uploads\\\/2018\\\/11\\\/Bakteriell-vaginose-NO.jpeg\",\"datePublished\":\"2018-11-28T14:22:04+00:00\",\"dateModified\":\"2019-11-29T14:45:27+00:00\",\"description\":\"Vagina katarpakke-Ta pr\u00f8ven hjemme enkelt og greit - Pakken inneholder 6 stk ulike tester for \u00e5 sjekke at underlivet har en balanser pH eller andre verdier\",\"breadcrumb\":{\"@id\":\"https:\\\/\\\/medtest.stagingservers.net\\\/no\\\/produkt\\\/vagina-katarpakke\\\/#breadcrumb\"},\"inLanguage\":\"nb-NO\",\"potentialAction\":[{\"@type\":\"ReadAction\",\"target\":[\"https:\\\/\\\/medtest.stagingservers.net\\\/no\\\/produkt\\\/vagina-katarpakke\\\/\"]}]},{\"@type\":\"ImageObject\",\"inLanguage\":\"nb-NO\",\"@id\":\"https:\\\/\\\/medtest.stagingservers.net\\\/no\\\/produkt\\\/vagina-katarpakke\\\/#primaryimage\",\"url\":\"https:\\\/\\\/medtest.stagingservers.net\\\/wp-content\\\/uploads\\\/2018\\\/11\\\/Bakteriell-vaginose-NO.jpeg\",\"contentUrl\":\"https:\\\/\\\/medtest.stagingservers.net\\\/wp-content\\\/uploads\\\/2018\\\/11\\\/Bakteriell-vaginose-NO.jpeg\",\"width\":2100,\"height\":1400,\"caption\":\"Bakteriell vaginose\"},{\"@type\":\"BreadcrumbList\",\"@id\":\"https:\\\/\\\/medtest.stagingservers.net\\\/no\\\/produkt\\\/vagina-katarpakke\\\/#breadcrumb\",\"itemListElement\":[{\"@type\":\"ListItem\",\"position\":1,\"name\":\"Home\",\"item\":\"https:\\\/\\\/medtest.stagingservers.net\\\/no\\\/\"},{\"@type\":\"ListItem\",\"position\":2,\"name\":\"Butikk\",\"item\":\"https:\\\/\\\/medtest.stagingservers.net\\\/no\\\/butikk\\\/\"},{\"@type\":\"ListItem\",\"position\":3,\"name\":\"Vagina katarpakke\"}]},{\"@type\":\"WebSite\",\"@id\":\"https:\\\/\\\/medtest.stagingservers.net\\\/no\\\/#website\",\"url\":\"https:\\\/\\\/medtest.stagingservers.net\\\/no\\\/\",\"name\":\"Medtest.shop\",\"description\":\"\",\"publisher\":{\"@id\":\"https:\\\/\\\/medtest.stagingservers.net\\\/no\\\/#organization\"},\"potentialAction\":[{\"@type\":\"SearchAction\",\"target\":{\"@type\":\"EntryPoint\",\"urlTemplate\":\"https:\\\/\\\/medtest.stagingservers.net\\\/no\\\/?s={search_term_string}\"},\"query-input\":{\"@type\":\"PropertyValueSpecification\",\"valueRequired\":true,\"valueName\":\"search_term_string\"}}],\"inLanguage\":\"nb-NO\"},{\"@type\":\"Organization\",\"@id\":\"https:\\\/\\\/medtest.stagingservers.net\\\/no\\\/#organization\",\"name\":\"Medtest\",\"url\":\"https:\\\/\\\/medtest.stagingservers.net\\\/no\\\/\",\"logo\":{\"@type\":\"ImageObject\",\"inLanguage\":\"nb-NO\",\"@id\":\"https:\\\/\\\/medtest.stagingservers.net\\\/no\\\/#\\\/schema\\\/logo\\\/image\\\/\",\"url\":\"https:\\\/\\\/medtest.stagingservers.net\\\/wp-content\\\/uploads\\\/2018\\\/11\\\/Original.png\",\"contentUrl\":\"https:\\\/\\\/medtest.stagingservers.net\\\/wp-content\\\/uploads\\\/2018\\\/11\\\/Original.png\",\"width\":1024,\"height\":1024,\"caption\":\"Medtest\"},\"image\":{\"@id\":\"https:\\\/\\\/medtest.stagingservers.net\\\/no\\\/#\\\/schema\\\/logo\\\/image\\\/\"},\"sameAs\":[\"https:\\\/\\\/www.facebook.com\\\/Medtest-1440779469392476\\\/\"]}]}<\/script>","yoast_head_json":{"title":"Vagina katarpakke - Ta en pr\u00f8ve hjemme enkelt og greit - Medtest","description":"Vagina katarpakke-Ta pr\u00f8ven hjemme enkelt og greit - Pakken inneholder 6 stk ulike tester for \u00e5 sjekke at underlivet har en balanser pH eller andre verdier","robots":{"index":"noindex","follow":"follow","max-snippet":"max-snippet:-1","max-image-preview":"max-image-preview:large","max-video-preview":"max-video-preview:-1"},"og_locale":"nb_NO","og_type":"article","og_title":"Vagina katarpakke - Ta en pr\u00f8ve hjemme enkelt og greit - Medtest","og_description":"Vagina katarpakke-Ta pr\u00f8ven hjemme enkelt og greit - Pakken inneholder 6 stk ulike tester for \u00e5 sjekke at underlivet har en balanser pH eller andre verdier","og_url":"https:\/\/medtest.stagingservers.net\/no\/produkt\/vagina-katarpakke\/","og_site_name":"Medtest.shop","article_publisher":"https:\/\/www.facebook.com\/Medtest-1440779469392476\/","article_modified_time":"2019-11-29T14:45:27+00:00","og_image":[{"width":2100,"height":1400,"url":"https:\/\/medtest.stagingservers.net\/wp-content\/uploads\/2018\/11\/Bakteriell-vaginose-NO.jpeg","type":"image\/jpeg"}],"twitter_card":"summary_large_image","schema":{"@context":"https:\/\/schema.org","@graph":[{"@type":"WebPage","@id":"https:\/\/medtest.stagingservers.net\/no\/produkt\/vagina-katarpakke\/","url":"https:\/\/medtest.stagingservers.net\/no\/produkt\/vagina-katarpakke\/","name":"Vagina katarpakke - Ta en pr\u00f8ve hjemme enkelt og greit - Medtest","isPartOf":{"@id":"https:\/\/medtest.stagingservers.net\/no\/#website"},"primaryImageOfPage":{"@id":"https:\/\/medtest.stagingservers.net\/no\/produkt\/vagina-katarpakke\/#primaryimage"},"image":{"@id":"https:\/\/medtest.stagingservers.net\/no\/produkt\/vagina-katarpakke\/#primaryimage"},"thumbnailUrl":"https:\/\/medtest.stagingservers.net\/wp-content\/uploads\/2018\/11\/Bakteriell-vaginose-NO.jpeg","datePublished":"2018-11-28T14:22:04+00:00","dateModified":"2019-11-29T14:45:27+00:00","description":"Vagina katarpakke-Ta pr\u00f8ven hjemme enkelt og greit - Pakken inneholder 6 stk ulike tester for \u00e5 sjekke at underlivet har en balanser pH eller andre verdier","breadcrumb":{"@id":"https:\/\/medtest.stagingservers.net\/no\/produkt\/vagina-katarpakke\/#breadcrumb"},"inLanguage":"nb-NO","potentialAction":[{"@type":"ReadAction","target":["https:\/\/medtest.stagingservers.net\/no\/produkt\/vagina-katarpakke\/"]}]},{"@type":"ImageObject","inLanguage":"nb-NO","@id":"https:\/\/medtest.stagingservers.net\/no\/produkt\/vagina-katarpakke\/#primaryimage","url":"https:\/\/medtest.stagingservers.net\/wp-content\/uploads\/2018\/11\/Bakteriell-vaginose-NO.jpeg","contentUrl":"https:\/\/medtest.stagingservers.net\/wp-content\/uploads\/2018\/11\/Bakteriell-vaginose-NO.jpeg","width":2100,"height":1400,"caption":"Bakteriell vaginose"},{"@type":"BreadcrumbList","@id":"https:\/\/medtest.stagingservers.net\/no\/produkt\/vagina-katarpakke\/#breadcrumb","itemListElement":[{"@type":"ListItem","position":1,"name":"Home","item":"https:\/\/medtest.stagingservers.net\/no\/"},{"@type":"ListItem","position":2,"name":"Butikk","item":"https:\/\/medtest.stagingservers.net\/no\/butikk\/"},{"@type":"ListItem","position":3,"name":"Vagina katarpakke"}]},{"@type":"WebSite","@id":"https:\/\/medtest.stagingservers.net\/no\/#website","url":"https:\/\/medtest.stagingservers.net\/no\/","name":"Medtest.shop","description":"","publisher":{"@id":"https:\/\/medtest.stagingservers.net\/no\/#organization"},"potentialAction":[{"@type":"SearchAction","target":{"@type":"EntryPoint","urlTemplate":"https:\/\/medtest.stagingservers.net\/no\/?s={search_term_string}"},"query-input":{"@type":"PropertyValueSpecification","valueRequired":true,"valueName":"search_term_string"}}],"inLanguage":"nb-NO"},{"@type":"Organization","@id":"https:\/\/medtest.stagingservers.net\/no\/#organization","name":"Medtest","url":"https:\/\/medtest.stagingservers.net\/no\/","logo":{"@type":"ImageObject","inLanguage":"nb-NO","@id":"https:\/\/medtest.stagingservers.net\/no\/#\/schema\/logo\/image\/","url":"https:\/\/medtest.stagingservers.net\/wp-content\/uploads\/2018\/11\/Original.png","contentUrl":"https:\/\/medtest.stagingservers.net\/wp-content\/uploads\/2018\/11\/Original.png","width":1024,"height":1024,"caption":"Medtest"},"image":{"@id":"https:\/\/medtest.stagingservers.net\/no\/#\/schema\/logo\/image\/"},"sameAs":["https:\/\/www.facebook.com\/Medtest-1440779469392476\/"]}]}},"_links":{"self":[{"href":"https:\/\/medtest.stagingservers.net\/no\/wp-json\/wp\/v2\/product\/55306","targetHints":{"allow":["GET"]}}],"collection":[{"href":"https:\/\/medtest.stagingservers.net\/no\/wp-json\/wp\/v2\/product"}],"about":[{"href":"https:\/\/medtest.stagingservers.net\/no\/wp-json\/wp\/v2\/types\/product"}],"replies":[{"embeddable":true,"href":"https:\/\/medtest.stagingservers.net\/no\/wp-json\/wp\/v2\/comments?post=55306"}],"version-history":[{"count":0,"href":"https:\/\/medtest.stagingservers.net\/no\/wp-json\/wp\/v2\/product\/55306\/revisions"}],"wp:featuredmedia":[{"embeddable":true,"href":"https:\/\/medtest.stagingservers.net\/no\/wp-json\/wp\/v2\/media\/70256"}],"wp:attachment":[{"href":"https:\/\/medtest.stagingservers.net\/no\/wp-json\/wp\/v2\/media?parent=55306"}],"wp:term":[{"taxonomy":"product_brand","embeddable":true,"href":"https:\/\/medtest.stagingservers.net\/no\/wp-json\/wp\/v2\/product_brand?post=55306"},{"taxonomy":"product_cat","embeddable":true,"href":"https:\/\/medtest.stagingservers.net\/no\/wp-json\/wp\/v2\/product_cat?post=55306"},{"taxonomy":"product_tag","embeddable":true,"href":"https:\/\/medtest.stagingservers.net\/no\/wp-json\/wp\/v2\/product_tag?post=55306"}],"curies":[{"name":"wp","href":"https:\/\/api.w.org\/{rel}","templated":true}]}}