{"id":55342,"date":"2018-11-28T13:17:44","date_gmt":"2018-11-28T13:17:44","guid":{"rendered":"http:\/\/104.248.87.71\/?post_type=product&#038;p=54483"},"modified":"2021-03-27T15:43:37","modified_gmt":"2021-03-27T13:43:37","slug":"syfilis-test","status":"publish","type":"product","link":"https:\/\/medtest.stagingservers.net\/no\/produkt\/syfilis-test\/","title":{"rendered":"Syfilis test"},"content":{"rendered":"<h2>Syfilis test<\/h2>\n<p>Syfilis er en vanlig kj\u00f8nnssykdom i Norge som skulle forsvinne, men har n\u00e5 kommet sterkt tilbake. Testen bruker to antistoffer spesifikt for syfilis (Treponema Pallidium) som er forkortet TP. Hvis testen viser positive resultater, har du syfilis i blodet og du b\u00f8r s\u00f8ke omsorg. V\u00e5r hurtige test m\u00e5ler niv\u00e5et av TP i blodet direkte slik at du holder et lite hull i fingeren hvor en liten mengde blod blir tatt. Blodet blir deretter p\u00e5f\u00f8rt p\u00e5 et testsett med en membran som inneholder to antistoffer som binder til syfilis antigenet (TP) hvis det finnes i blodet. Spesifisitet: 98,5%. F\u00f8lsomhet: 98,6%. Dette produktet er CE-merket for profesjonell bruk av helsepersonell. Det er ikke ment eller testet for hjemmebruk.<\/p>\n<div>\n<h4><strong>Bruksanvisning<\/strong><\/h4>\n<\/div>\n<ol start=\"1\">\n<li>Rengj\u00f8r fingeren med alkoholrenseren.<\/li>\n<li>Ta av den runde beskyttelses hetten p\u00e5 n\u00e5len og stikk deg p\u00e5 fingertuppen og klem ut litt blod.<\/li>\n<li>Sug opp 2-3 dr\u00e5per blod med pipetten ved \u00e5 flytte pipette spissen til blodoverflaten. Kapill\u00e6re krefter vil f\u00f8re til at blodet suger opp i pipetten automatisk.<\/li>\n<li>Drypp 2 dr\u00e5per blod i testkasettens br\u00f8nn (S).<\/li>\n<li>Drypp deretter 2 dr\u00e5per buffer. Vent 5-10 minutter for \u00e5 lese resultatet.<\/li>\n<li>Ikke vent mer enn 10 minutter for \u00e5 lese svaret.<\/li>\n<\/ol>\n<p><img loading=\"lazy\" decoding=\"async\" class=\"alignnone size-full wp-image-70261\" src=\"\/wp-content\/uploads\/2019\/03\/PSA-procedur.png\" alt=\"PSA procedur\" width=\"1455\" height=\"467\" srcset=\"https:\/\/medtest.stagingservers.net\/wp-content\/uploads\/2019\/03\/PSA-procedur.png 1455w, https:\/\/medtest.stagingservers.net\/wp-content\/uploads\/2019\/03\/PSA-procedur-600x193.png 600w, https:\/\/medtest.stagingservers.net\/wp-content\/uploads\/2019\/03\/PSA-procedur-200x64.png 200w, https:\/\/medtest.stagingservers.net\/wp-content\/uploads\/2019\/03\/PSA-procedur-720x231.png 720w, https:\/\/medtest.stagingservers.net\/wp-content\/uploads\/2019\/03\/PSA-procedur-768x246.png 768w, https:\/\/medtest.stagingservers.net\/wp-content\/uploads\/2019\/03\/PSA-procedur-1200x385.png 1200w, https:\/\/medtest.stagingservers.net\/wp-content\/uploads\/2019\/03\/PSA-procedur-416x134.png 416w, https:\/\/medtest.stagingservers.net\/wp-content\/uploads\/2019\/03\/PSA-procedur-300x96.png 300w, https:\/\/medtest.stagingservers.net\/wp-content\/uploads\/2019\/03\/PSA-procedur-1024x329.png 1024w\" sizes=\"auto, (max-width: 1455px) 100vw, 1455px\" \/><\/p>\n<h4><strong>Resultat<\/strong><\/h4>\n<p><img loading=\"lazy\" decoding=\"async\" class=\"size-full wp-image-55348 alignleft\" src=\"https:\/\/medtest.stagingservers.net\/wp-content\/uploads\/2018\/11\/Test-resultat.png\" alt=\"\" width=\"351\" height=\"246\" srcset=\"https:\/\/medtest.stagingservers.net\/wp-content\/uploads\/2018\/11\/Test-resultat.png 351w, https:\/\/medtest.stagingservers.net\/wp-content\/uploads\/2018\/11\/Test-resultat-300x210.png 300w\" sizes=\"auto, (max-width: 351px) 100vw, 351px\" \/><\/p>\n","protected":false},"excerpt":{"rendered":"<p>Syfilis er en vanlig kj\u00f8nnssykdom i Norge som skulle forsvinne, men har n\u00e5 kommet sterkt tilbake. Testen bruker to antistoffer spesifikt for syfilis (Treponema Pallidium) som er forkortet TP. Hvis testen viser positive resultater, har du syfilis i blodet og du b\u00f8r s\u00f8ke omsorg.<\/p>\n<p>V\u00e5r hurtige test m\u00e5ler niv\u00e5et av TP i blodet direkte slik at du holder et lite hull i fingeren hvor en liten mengde blod blir tatt. Blodet blir deretter p\u00e5f\u00f8rt p\u00e5 et testsett med en membran som inneholder to antistoffer som binder til syfilis antigenet (TP) hvis det finnes i blodet.<\/p>\n<p>Spesifisitet: 98,5%. F\u00f8lsomhet: 98,6%. Svar innen 10 minutter<\/p>\n","protected":false},"featured_media":77784,"comment_status":"closed","ping_status":"closed","template":"","meta":{"_acf_changed":false,"footnotes":""},"product_brand":[],"product_cat":[778],"product_tag":[],"class_list":{"0":"post-55342","1":"product","2":"type-product","3":"status-publish","4":"has-post-thumbnail","6":"product_cat-syfilis-no","8":"first","9":"instock","10":"taxable","11":"shipping-taxable","12":"purchasable","13":"product-type-simple"},"acf":[],"yoast_head":"<title>Syfilis test - hjemme test for \u00e5 kvalitativt oppdage syilis antigenet i blodet<\/title>\n<meta name=\"description\" content=\"Syfilis hjemme test for \u00e5 kvalitativt oppdage syilis antigenet i blodet. Testen bruker et antistoff spesifikt for syfilis (treponema pallidum).\" \/>\n<meta name=\"robots\" content=\"noindex, follow, max-snippet:-1, max-image-preview:large, max-video-preview:-1\" \/>\n<meta property=\"og:locale\" content=\"nb_NO\" \/>\n<meta property=\"og:type\" content=\"article\" \/>\n<meta property=\"og:title\" content=\"Syfilis test - hjemme test for \u00e5 kvalitativt oppdage syilis antigenet i blodet\" \/>\n<meta property=\"og:description\" content=\"Syfilis hjemme test for \u00e5 kvalitativt oppdage syilis antigenet i blodet. Testen bruker et antistoff spesifikt for syfilis (treponema pallidum).\" \/>\n<meta property=\"og:url\" content=\"https:\/\/medtest.stagingservers.net\/no\/produkt\/syfilis-test\/\" \/>\n<meta property=\"og:site_name\" content=\"Medtest.shop\" \/>\n<meta property=\"article:publisher\" content=\"https:\/\/www.facebook.com\/Medtest-1440779469392476\/\" \/>\n<meta property=\"article:modified_time\" content=\"2021-03-27T13:43:37+00:00\" \/>\n<meta property=\"og:image\" content=\"https:\/\/medtest.stagingservers.net\/wp-content\/uploads\/2018\/11\/Syf-1.png\" \/>\n\t<meta property=\"og:image:width\" content=\"1200\" \/>\n\t<meta property=\"og:image:height\" content=\"959\" \/>\n\t<meta property=\"og:image:type\" content=\"image\/png\" \/>\n<meta name=\"twitter:card\" content=\"summary_large_image\" \/>\n<script type=\"application\/ld+json\" class=\"yoast-schema-graph\">{\"@context\":\"https:\\\/\\\/schema.org\",\"@graph\":[{\"@type\":\"WebPage\",\"@id\":\"https:\\\/\\\/medtest.stagingservers.net\\\/no\\\/produkt\\\/syfilis-test\\\/\",\"url\":\"https:\\\/\\\/medtest.stagingservers.net\\\/no\\\/produkt\\\/syfilis-test\\\/\",\"name\":\"Syfilis test - hjemme test for \u00e5 kvalitativt oppdage syilis antigenet i blodet\",\"isPartOf\":{\"@id\":\"https:\\\/\\\/medtest.stagingservers.net\\\/no\\\/#website\"},\"primaryImageOfPage\":{\"@id\":\"https:\\\/\\\/medtest.stagingservers.net\\\/no\\\/produkt\\\/syfilis-test\\\/#primaryimage\"},\"image\":{\"@id\":\"https:\\\/\\\/medtest.stagingservers.net\\\/no\\\/produkt\\\/syfilis-test\\\/#primaryimage\"},\"thumbnailUrl\":\"https:\\\/\\\/medtest.stagingservers.net\\\/wp-content\\\/uploads\\\/2018\\\/11\\\/Syf-1.png\",\"datePublished\":\"2018-11-28T13:17:44+00:00\",\"dateModified\":\"2021-03-27T13:43:37+00:00\",\"description\":\"Syfilis hjemme test for \u00e5 kvalitativt oppdage syilis antigenet i blodet. Testen bruker et antistoff spesifikt for syfilis (treponema pallidum).\",\"breadcrumb\":{\"@id\":\"https:\\\/\\\/medtest.stagingservers.net\\\/no\\\/produkt\\\/syfilis-test\\\/#breadcrumb\"},\"inLanguage\":\"nb-NO\",\"potentialAction\":[{\"@type\":\"ReadAction\",\"target\":[\"https:\\\/\\\/medtest.stagingservers.net\\\/no\\\/produkt\\\/syfilis-test\\\/\"]}]},{\"@type\":\"ImageObject\",\"inLanguage\":\"nb-NO\",\"@id\":\"https:\\\/\\\/medtest.stagingservers.net\\\/no\\\/produkt\\\/syfilis-test\\\/#primaryimage\",\"url\":\"https:\\\/\\\/medtest.stagingservers.net\\\/wp-content\\\/uploads\\\/2018\\\/11\\\/Syf-1.png\",\"contentUrl\":\"https:\\\/\\\/medtest.stagingservers.net\\\/wp-content\\\/uploads\\\/2018\\\/11\\\/Syf-1.png\",\"width\":1200,\"height\":959,\"caption\":\"Syfilis hjemme test\"},{\"@type\":\"BreadcrumbList\",\"@id\":\"https:\\\/\\\/medtest.stagingservers.net\\\/no\\\/produkt\\\/syfilis-test\\\/#breadcrumb\",\"itemListElement\":[{\"@type\":\"ListItem\",\"position\":1,\"name\":\"Home\",\"item\":\"https:\\\/\\\/medtest.stagingservers.net\\\/no\\\/\"},{\"@type\":\"ListItem\",\"position\":2,\"name\":\"Butikk\",\"item\":\"https:\\\/\\\/medtest.stagingservers.net\\\/no\\\/butikk\\\/\"},{\"@type\":\"ListItem\",\"position\":3,\"name\":\"Syfilis test\"}]},{\"@type\":\"WebSite\",\"@id\":\"https:\\\/\\\/medtest.stagingservers.net\\\/no\\\/#website\",\"url\":\"https:\\\/\\\/medtest.stagingservers.net\\\/no\\\/\",\"name\":\"Medtest.shop\",\"description\":\"\",\"publisher\":{\"@id\":\"https:\\\/\\\/medtest.stagingservers.net\\\/no\\\/#organization\"},\"potentialAction\":[{\"@type\":\"SearchAction\",\"target\":{\"@type\":\"EntryPoint\",\"urlTemplate\":\"https:\\\/\\\/medtest.stagingservers.net\\\/no\\\/?s={search_term_string}\"},\"query-input\":{\"@type\":\"PropertyValueSpecification\",\"valueRequired\":true,\"valueName\":\"search_term_string\"}}],\"inLanguage\":\"nb-NO\"},{\"@type\":\"Organization\",\"@id\":\"https:\\\/\\\/medtest.stagingservers.net\\\/no\\\/#organization\",\"name\":\"Medtest\",\"url\":\"https:\\\/\\\/medtest.stagingservers.net\\\/no\\\/\",\"logo\":{\"@type\":\"ImageObject\",\"inLanguage\":\"nb-NO\",\"@id\":\"https:\\\/\\\/medtest.stagingservers.net\\\/no\\\/#\\\/schema\\\/logo\\\/image\\\/\",\"url\":\"https:\\\/\\\/medtest.stagingservers.net\\\/wp-content\\\/uploads\\\/2018\\\/11\\\/Original.png\",\"contentUrl\":\"https:\\\/\\\/medtest.stagingservers.net\\\/wp-content\\\/uploads\\\/2018\\\/11\\\/Original.png\",\"width\":1024,\"height\":1024,\"caption\":\"Medtest\"},\"image\":{\"@id\":\"https:\\\/\\\/medtest.stagingservers.net\\\/no\\\/#\\\/schema\\\/logo\\\/image\\\/\"},\"sameAs\":[\"https:\\\/\\\/www.facebook.com\\\/Medtest-1440779469392476\\\/\"]}]}<\/script>","yoast_head_json":{"title":"Syfilis test - hjemme test for \u00e5 kvalitativt oppdage syilis antigenet i blodet","description":"Syfilis hjemme test for \u00e5 kvalitativt oppdage syilis antigenet i blodet. Testen bruker et antistoff spesifikt for syfilis (treponema pallidum).","robots":{"index":"noindex","follow":"follow","max-snippet":"max-snippet:-1","max-image-preview":"max-image-preview:large","max-video-preview":"max-video-preview:-1"},"og_locale":"nb_NO","og_type":"article","og_title":"Syfilis test - hjemme test for \u00e5 kvalitativt oppdage syilis antigenet i blodet","og_description":"Syfilis hjemme test for \u00e5 kvalitativt oppdage syilis antigenet i blodet. Testen bruker et antistoff spesifikt for syfilis (treponema pallidum).","og_url":"https:\/\/medtest.stagingservers.net\/no\/produkt\/syfilis-test\/","og_site_name":"Medtest.shop","article_publisher":"https:\/\/www.facebook.com\/Medtest-1440779469392476\/","article_modified_time":"2021-03-27T13:43:37+00:00","og_image":[{"width":1200,"height":959,"url":"https:\/\/medtest.stagingservers.net\/wp-content\/uploads\/2018\/11\/Syf-1.png","type":"image\/png"}],"twitter_card":"summary_large_image","schema":{"@context":"https:\/\/schema.org","@graph":[{"@type":"WebPage","@id":"https:\/\/medtest.stagingservers.net\/no\/produkt\/syfilis-test\/","url":"https:\/\/medtest.stagingservers.net\/no\/produkt\/syfilis-test\/","name":"Syfilis test - hjemme test for \u00e5 kvalitativt oppdage syilis antigenet i blodet","isPartOf":{"@id":"https:\/\/medtest.stagingservers.net\/no\/#website"},"primaryImageOfPage":{"@id":"https:\/\/medtest.stagingservers.net\/no\/produkt\/syfilis-test\/#primaryimage"},"image":{"@id":"https:\/\/medtest.stagingservers.net\/no\/produkt\/syfilis-test\/#primaryimage"},"thumbnailUrl":"https:\/\/medtest.stagingservers.net\/wp-content\/uploads\/2018\/11\/Syf-1.png","datePublished":"2018-11-28T13:17:44+00:00","dateModified":"2021-03-27T13:43:37+00:00","description":"Syfilis hjemme test for \u00e5 kvalitativt oppdage syilis antigenet i blodet. Testen bruker et antistoff spesifikt for syfilis (treponema pallidum).","breadcrumb":{"@id":"https:\/\/medtest.stagingservers.net\/no\/produkt\/syfilis-test\/#breadcrumb"},"inLanguage":"nb-NO","potentialAction":[{"@type":"ReadAction","target":["https:\/\/medtest.stagingservers.net\/no\/produkt\/syfilis-test\/"]}]},{"@type":"ImageObject","inLanguage":"nb-NO","@id":"https:\/\/medtest.stagingservers.net\/no\/produkt\/syfilis-test\/#primaryimage","url":"https:\/\/medtest.stagingservers.net\/wp-content\/uploads\/2018\/11\/Syf-1.png","contentUrl":"https:\/\/medtest.stagingservers.net\/wp-content\/uploads\/2018\/11\/Syf-1.png","width":1200,"height":959,"caption":"Syfilis hjemme test"},{"@type":"BreadcrumbList","@id":"https:\/\/medtest.stagingservers.net\/no\/produkt\/syfilis-test\/#breadcrumb","itemListElement":[{"@type":"ListItem","position":1,"name":"Home","item":"https:\/\/medtest.stagingservers.net\/no\/"},{"@type":"ListItem","position":2,"name":"Butikk","item":"https:\/\/medtest.stagingservers.net\/no\/butikk\/"},{"@type":"ListItem","position":3,"name":"Syfilis test"}]},{"@type":"WebSite","@id":"https:\/\/medtest.stagingservers.net\/no\/#website","url":"https:\/\/medtest.stagingservers.net\/no\/","name":"Medtest.shop","description":"","publisher":{"@id":"https:\/\/medtest.stagingservers.net\/no\/#organization"},"potentialAction":[{"@type":"SearchAction","target":{"@type":"EntryPoint","urlTemplate":"https:\/\/medtest.stagingservers.net\/no\/?s={search_term_string}"},"query-input":{"@type":"PropertyValueSpecification","valueRequired":true,"valueName":"search_term_string"}}],"inLanguage":"nb-NO"},{"@type":"Organization","@id":"https:\/\/medtest.stagingservers.net\/no\/#organization","name":"Medtest","url":"https:\/\/medtest.stagingservers.net\/no\/","logo":{"@type":"ImageObject","inLanguage":"nb-NO","@id":"https:\/\/medtest.stagingservers.net\/no\/#\/schema\/logo\/image\/","url":"https:\/\/medtest.stagingservers.net\/wp-content\/uploads\/2018\/11\/Original.png","contentUrl":"https:\/\/medtest.stagingservers.net\/wp-content\/uploads\/2018\/11\/Original.png","width":1024,"height":1024,"caption":"Medtest"},"image":{"@id":"https:\/\/medtest.stagingservers.net\/no\/#\/schema\/logo\/image\/"},"sameAs":["https:\/\/www.facebook.com\/Medtest-1440779469392476\/"]}]}},"_links":{"self":[{"href":"https:\/\/medtest.stagingservers.net\/no\/wp-json\/wp\/v2\/product\/55342","targetHints":{"allow":["GET"]}}],"collection":[{"href":"https:\/\/medtest.stagingservers.net\/no\/wp-json\/wp\/v2\/product"}],"about":[{"href":"https:\/\/medtest.stagingservers.net\/no\/wp-json\/wp\/v2\/types\/product"}],"replies":[{"embeddable":true,"href":"https:\/\/medtest.stagingservers.net\/no\/wp-json\/wp\/v2\/comments?post=55342"}],"version-history":[{"count":2,"href":"https:\/\/medtest.stagingservers.net\/no\/wp-json\/wp\/v2\/product\/55342\/revisions"}],"predecessor-version":[{"id":91960,"href":"https:\/\/medtest.stagingservers.net\/no\/wp-json\/wp\/v2\/product\/55342\/revisions\/91960"}],"wp:featuredmedia":[{"embeddable":true,"href":"https:\/\/medtest.stagingservers.net\/no\/wp-json\/wp\/v2\/media\/77784"}],"wp:attachment":[{"href":"https:\/\/medtest.stagingservers.net\/no\/wp-json\/wp\/v2\/media?parent=55342"}],"wp:term":[{"taxonomy":"product_brand","embeddable":true,"href":"https:\/\/medtest.stagingservers.net\/no\/wp-json\/wp\/v2\/product_brand?post=55342"},{"taxonomy":"product_cat","embeddable":true,"href":"https:\/\/medtest.stagingservers.net\/no\/wp-json\/wp\/v2\/product_cat?post=55342"},{"taxonomy":"product_tag","embeddable":true,"href":"https:\/\/medtest.stagingservers.net\/no\/wp-json\/wp\/v2\/product_tag?post=55342"}],"curies":[{"name":"wp","href":"https:\/\/api.w.org\/{rel}","templated":true}]}}