{"id":55423,"date":"2019-03-30T13:59:47","date_gmt":"2019-03-30T13:59:47","guid":{"rendered":"http:\/\/104.248.87.71\/?post_type=product&#038;p=55423"},"modified":"2020-05-29T15:42:12","modified_gmt":"2020-05-29T13:42:12","slug":"jern-skjoldbruskkjerteltest","status":"publish","type":"product","link":"https:\/\/medtest.stagingservers.net\/no\/produkt\/jern-skjoldbruskkjerteltest\/","title":{"rendered":"Jern og skjoldbruskkjerteltest"},"content":{"rendered":"<h2>Jern og skjoldbruskkjerteltest<\/h2>\n<h4>V\u00e5r mest popul\u00e6re pakke<\/h4>\n<p>&nbsp;<\/p>\n<h5>Skjoldbrusktest<\/h5>\n<p>Hvis du opplever symptomer som tretthet, deprimert hum\u00f8r og energitap eller angst, indre stress og generell f\u00f8lelse av sykdom, kan det skyldes skjoldbruskkjertelen. Skjoldbruskkjertelen sitter under strupehodet p\u00e5 forsiden av nakken, og har stor innflytelse p\u00e5 v\u00e5rt velv\u00e6re og v\u00e5r fysiske evne. Skjoldbruskkjertelen regulerer kroppens stoffskifte, og er derfor viktig for oss for \u00e5 f\u00f8le seg godt.<\/p>\n<p>V\u00e5r test kan gi deg svar p\u00e5 hvorfor du f\u00f8ler som du gj\u00f8r. Hvis skjoldbruskkjertelen din er underaktiv, p\u00e5virker det niv\u00e5et av skjoldbruskstimulerende hormon (TSH) i blodet ditt. Dette hormonniv\u00e5et lar deg m\u00e5le deg selv med v\u00e5r skjoldbruskstest som er gjort med en enkel og smertefri pinne i fingeren. Testen tar bare 10-15 minutter og gir deg en rask og enkel melding om din skjoldbrusk tilstand. V\u00e5r skjoldbrusk test markerer positivt n\u00e5r TSH niv\u00e5et er h\u00f8yere enn 5 \u03bcIU \/ ml.<\/p>\n<p>Skjoldbruskstesten fra oss er veldig trygg og er CE-merket.<\/p>\n<p>P\u00e5litelighet 95,5%.<\/p>\n<p>&nbsp;<\/p>\n<h5>Jerntest<\/h5>\n<p>Jernmangelstesten er en CE-godkjent test som m\u00e5ler niv\u00e5et av protein ferritin i blodet, som er direkte proporsjonalt med jernniv\u00e5et, og er veldig trygt. Det er gjennom dette proteinet at kroppen kan lagre jern n\u00e5r ferritin binder seg til jernet. Ved \u00e5 unders\u00f8ke ferritinverdien i blodet, kan man finne ut hvordan kroppens jernforekomster ser ut.<\/p>\n<p>Testen gj\u00f8res gjennom en pinne i fingertuppen og tar bare noen f\u00e5 minutter. Du vil bli varslet omg\u00e5ende om jernniv\u00e5et ditt er normalt eller for lavt. Jernmangelstesten du gj\u00f8r selv og resultatet du ser direkte.<\/p>\n<p>V\u00e5r jernmangel test markerer positivt n\u00e5r jernniv\u00e5et er under 30 ng \/ ml.<\/p>\n<h5>Slik gj\u00f8r du det:<\/h5>\n<p><img loading=\"lazy\" decoding=\"async\" class=\"\" src=\"https:\/\/medtest.stagingservers.net\/wp-content\/uploads\/2019\/03\/PSA-procedur.png\" alt=\"PSA procedur\" width=\"959\" height=\"308\" \/><\/p>\n<ol>\n<li>Rengj\u00f8r fingeren med alkoholrenseren.<\/li>\n<li>Deretter stikker du fingertuppen med lansetten<\/li>\n<li>Sug deretter 2-3 dr\u00e5per blod med pipetten.<\/li>\n<li>Drypp 1-2 dr\u00e5per i blod testkasettens br\u00f8nnen (e).<\/li>\n<li>Drypp deretter en dr\u00e5pe av buffer.<\/li>\n<li>Vent 5 minutter for \u00e5 lese resultatet.<\/li>\n<\/ol>\n<h5>Resultat<\/h5>\n<p><img loading=\"lazy\" decoding=\"async\" class=\"alignnone wp-image-55186\" src=\"https:\/\/medtest.stagingservers.net\/wp-content\/uploads\/2019\/02\/Test-resultat-300x210.png\" alt=\"\" width=\"231\" height=\"162\" srcset=\"https:\/\/medtest.stagingservers.net\/wp-content\/uploads\/2019\/02\/Test-resultat-300x210.png 300w, https:\/\/medtest.stagingservers.net\/wp-content\/uploads\/2019\/02\/Test-resultat-720x504.png 720w, https:\/\/medtest.stagingservers.net\/wp-content\/uploads\/2019\/02\/Test-resultat-768x538.png 768w, https:\/\/medtest.stagingservers.net\/wp-content\/uploads\/2019\/02\/Test-resultat-416x291.png 416w, https:\/\/medtest.stagingservers.net\/wp-content\/uploads\/2019\/02\/Test-resultat.png 912w\" sizes=\"auto, (max-width: 231px) 100vw, 231px\" \/><\/p>\n<p>Hvis linjer ved C og T vises, er resultatet positivt. Hvis linjen vises kun ved C, er resultatet negativt. Kontroll linjen (C) fungerer som en kvalitetskontroll som sikrer at patronen er i orden.<\/p>\n<p>C = Control (Kontroll)<br \/>\nT = Test<br \/>\nS = Sample (Pr\u00f8ve)<\/p>\n<p>Instruksjoner p\u00e5 norsk er inkludert.<\/p>\n","protected":false},"excerpt":{"rendered":"<p>Hvis skjoldbruskkjertelen din er underaktiv, p\u00e5virker det niv\u00e5et av skjoldbruskstimulerende hormon (TSH) i blodet ditt. V\u00e5r skjoldbrusk test er en CE-godkjent test som markerer positivt n\u00e5r TSH niv\u00e5et er h\u00f8yere enn 5 \u03bcIU \/ ml. Jernmangelstesten er en CE-godkjent test som m\u00e5ler niv\u00e5et av protein ferritin i blodet, som er direkte proporsjonalt med jernniv\u00e5et. V\u00e5r test for mages\u00e5r er en CE-merket rask test for p\u00e5visning av H.Pylori i avf\u00f8ring<\/p>\n","protected":false},"featured_media":83376,"comment_status":"closed","ping_status":"closed","template":"","meta":{"_acf_changed":false,"footnotes":""},"product_brand":[],"product_cat":[765,758,770],"product_tag":[],"class_list":{"0":"post-55423","1":"product","2":"type-product","3":"status-publish","4":"has-post-thumbnail","6":"product_cat-jernmangel-ferritin","7":"product_cat-pakke-tilbud","8":"product_cat-skjoldbruskkjerteltest","10":"first","11":"instock","12":"taxable","13":"shipping-taxable","14":"purchasable","15":"product-type-simple"},"acf":[],"yoast_head":"<title>Jern og skjoldbruskkjerteltest % - V\u00e5r mest popul\u00e6re pakke Medtest.shop<\/title>\n<meta name=\"description\" content=\"Jern, skjoldbrusk og mages\u00e5rstest - V\u00e5r mest popul\u00e6re pakke. Bestil idag. Hurtig levereing. Jern og skjoldbruskkjerteltest Medtest.shop\" \/>\n<meta name=\"robots\" content=\"noindex, follow, max-snippet:-1, max-image-preview:large, max-video-preview:-1\" \/>\n<meta property=\"og:locale\" content=\"nb_NO\" \/>\n<meta property=\"og:type\" content=\"article\" \/>\n<meta property=\"og:title\" content=\"Jern og skjoldbruskkjerteltest % - V\u00e5r mest popul\u00e6re pakke Medtest.shop\" \/>\n<meta property=\"og:description\" content=\"Jern, skjoldbrusk og mages\u00e5rstest - V\u00e5r mest popul\u00e6re pakke. Bestil idag. Hurtig levereing. Jern og skjoldbruskkjerteltest Medtest.shop\" \/>\n<meta property=\"og:url\" content=\"https:\/\/medtest.stagingservers.net\/no\/produkt\/jern-skjoldbruskkjerteltest\/\" \/>\n<meta property=\"og:site_name\" content=\"Medtest.shop\" \/>\n<meta property=\"article:publisher\" content=\"https:\/\/www.facebook.com\/Medtest-1440779469392476\/\" \/>\n<meta property=\"article:modified_time\" content=\"2020-05-29T13:42:12+00:00\" \/>\n<meta property=\"og:image\" content=\"https:\/\/medtest.stagingservers.net\/wp-content\/uploads\/2019\/03\/Sk-ldk-rtel-J-rnbrist-NORGE-1.png\" \/>\n\t<meta property=\"og:image:width\" content=\"1354\" \/>\n\t<meta property=\"og:image:height\" content=\"689\" \/>\n\t<meta property=\"og:image:type\" content=\"image\/png\" \/>\n<meta name=\"twitter:card\" content=\"summary_large_image\" \/>\n<script type=\"application\/ld+json\" class=\"yoast-schema-graph\">{\"@context\":\"https:\\\/\\\/schema.org\",\"@graph\":[{\"@type\":\"WebPage\",\"@id\":\"https:\\\/\\\/medtest.stagingservers.net\\\/no\\\/produkt\\\/jern-skjoldbruskkjerteltest\\\/\",\"url\":\"https:\\\/\\\/medtest.stagingservers.net\\\/no\\\/produkt\\\/jern-skjoldbruskkjerteltest\\\/\",\"name\":\"Jern og skjoldbruskkjerteltest % - V\u00e5r mest popul\u00e6re pakke Medtest.shop\",\"isPartOf\":{\"@id\":\"https:\\\/\\\/medtest.stagingservers.net\\\/no\\\/#website\"},\"primaryImageOfPage\":{\"@id\":\"https:\\\/\\\/medtest.stagingservers.net\\\/no\\\/produkt\\\/jern-skjoldbruskkjerteltest\\\/#primaryimage\"},\"image\":{\"@id\":\"https:\\\/\\\/medtest.stagingservers.net\\\/no\\\/produkt\\\/jern-skjoldbruskkjerteltest\\\/#primaryimage\"},\"thumbnailUrl\":\"https:\\\/\\\/medtest.stagingservers.net\\\/wp-content\\\/uploads\\\/2019\\\/03\\\/Sk-ldk-rtel-J-rnbrist-NORGE-1.png\",\"datePublished\":\"2019-03-30T13:59:47+00:00\",\"dateModified\":\"2020-05-29T13:42:12+00:00\",\"description\":\"Jern, skjoldbrusk og mages\u00e5rstest - V\u00e5r mest popul\u00e6re pakke. Bestil idag. Hurtig levereing. Jern og skjoldbruskkjerteltest Medtest.shop\",\"breadcrumb\":{\"@id\":\"https:\\\/\\\/medtest.stagingservers.net\\\/no\\\/produkt\\\/jern-skjoldbruskkjerteltest\\\/#breadcrumb\"},\"inLanguage\":\"nb-NO\",\"potentialAction\":[{\"@type\":\"ReadAction\",\"target\":[\"https:\\\/\\\/medtest.stagingservers.net\\\/no\\\/produkt\\\/jern-skjoldbruskkjerteltest\\\/\"]}]},{\"@type\":\"ImageObject\",\"inLanguage\":\"nb-NO\",\"@id\":\"https:\\\/\\\/medtest.stagingservers.net\\\/no\\\/produkt\\\/jern-skjoldbruskkjerteltest\\\/#primaryimage\",\"url\":\"https:\\\/\\\/medtest.stagingservers.net\\\/wp-content\\\/uploads\\\/2019\\\/03\\\/Sk-ldk-rtel-J-rnbrist-NORGE-1.png\",\"contentUrl\":\"https:\\\/\\\/medtest.stagingservers.net\\\/wp-content\\\/uploads\\\/2019\\\/03\\\/Sk-ldk-rtel-J-rnbrist-NORGE-1.png\",\"width\":1354,\"height\":689},{\"@type\":\"BreadcrumbList\",\"@id\":\"https:\\\/\\\/medtest.stagingservers.net\\\/no\\\/produkt\\\/jern-skjoldbruskkjerteltest\\\/#breadcrumb\",\"itemListElement\":[{\"@type\":\"ListItem\",\"position\":1,\"name\":\"Home\",\"item\":\"https:\\\/\\\/medtest.stagingservers.net\\\/no\\\/\"},{\"@type\":\"ListItem\",\"position\":2,\"name\":\"Butikk\",\"item\":\"https:\\\/\\\/medtest.stagingservers.net\\\/no\\\/butikk\\\/\"},{\"@type\":\"ListItem\",\"position\":3,\"name\":\"Jern og skjoldbruskkjerteltest\"}]},{\"@type\":\"WebSite\",\"@id\":\"https:\\\/\\\/medtest.stagingservers.net\\\/no\\\/#website\",\"url\":\"https:\\\/\\\/medtest.stagingservers.net\\\/no\\\/\",\"name\":\"Medtest.shop\",\"description\":\"\",\"publisher\":{\"@id\":\"https:\\\/\\\/medtest.stagingservers.net\\\/no\\\/#organization\"},\"potentialAction\":[{\"@type\":\"SearchAction\",\"target\":{\"@type\":\"EntryPoint\",\"urlTemplate\":\"https:\\\/\\\/medtest.stagingservers.net\\\/no\\\/?s={search_term_string}\"},\"query-input\":{\"@type\":\"PropertyValueSpecification\",\"valueRequired\":true,\"valueName\":\"search_term_string\"}}],\"inLanguage\":\"nb-NO\"},{\"@type\":\"Organization\",\"@id\":\"https:\\\/\\\/medtest.stagingservers.net\\\/no\\\/#organization\",\"name\":\"Medtest\",\"url\":\"https:\\\/\\\/medtest.stagingservers.net\\\/no\\\/\",\"logo\":{\"@type\":\"ImageObject\",\"inLanguage\":\"nb-NO\",\"@id\":\"https:\\\/\\\/medtest.stagingservers.net\\\/no\\\/#\\\/schema\\\/logo\\\/image\\\/\",\"url\":\"https:\\\/\\\/medtest.stagingservers.net\\\/wp-content\\\/uploads\\\/2018\\\/11\\\/Original.png\",\"contentUrl\":\"https:\\\/\\\/medtest.stagingservers.net\\\/wp-content\\\/uploads\\\/2018\\\/11\\\/Original.png\",\"width\":1024,\"height\":1024,\"caption\":\"Medtest\"},\"image\":{\"@id\":\"https:\\\/\\\/medtest.stagingservers.net\\\/no\\\/#\\\/schema\\\/logo\\\/image\\\/\"},\"sameAs\":[\"https:\\\/\\\/www.facebook.com\\\/Medtest-1440779469392476\\\/\"]}]}<\/script>","yoast_head_json":{"title":"Jern og skjoldbruskkjerteltest % - V\u00e5r mest popul\u00e6re pakke Medtest.shop","description":"Jern, skjoldbrusk og mages\u00e5rstest - V\u00e5r mest popul\u00e6re pakke. Bestil idag. Hurtig levereing. Jern og skjoldbruskkjerteltest Medtest.shop","robots":{"index":"noindex","follow":"follow","max-snippet":"max-snippet:-1","max-image-preview":"max-image-preview:large","max-video-preview":"max-video-preview:-1"},"og_locale":"nb_NO","og_type":"article","og_title":"Jern og skjoldbruskkjerteltest % - V\u00e5r mest popul\u00e6re pakke Medtest.shop","og_description":"Jern, skjoldbrusk og mages\u00e5rstest - V\u00e5r mest popul\u00e6re pakke. Bestil idag. Hurtig levereing. Jern og skjoldbruskkjerteltest Medtest.shop","og_url":"https:\/\/medtest.stagingservers.net\/no\/produkt\/jern-skjoldbruskkjerteltest\/","og_site_name":"Medtest.shop","article_publisher":"https:\/\/www.facebook.com\/Medtest-1440779469392476\/","article_modified_time":"2020-05-29T13:42:12+00:00","og_image":[{"width":1354,"height":689,"url":"https:\/\/medtest.stagingservers.net\/wp-content\/uploads\/2019\/03\/Sk-ldk-rtel-J-rnbrist-NORGE-1.png","type":"image\/png"}],"twitter_card":"summary_large_image","schema":{"@context":"https:\/\/schema.org","@graph":[{"@type":"WebPage","@id":"https:\/\/medtest.stagingservers.net\/no\/produkt\/jern-skjoldbruskkjerteltest\/","url":"https:\/\/medtest.stagingservers.net\/no\/produkt\/jern-skjoldbruskkjerteltest\/","name":"Jern og skjoldbruskkjerteltest % - V\u00e5r mest popul\u00e6re pakke Medtest.shop","isPartOf":{"@id":"https:\/\/medtest.stagingservers.net\/no\/#website"},"primaryImageOfPage":{"@id":"https:\/\/medtest.stagingservers.net\/no\/produkt\/jern-skjoldbruskkjerteltest\/#primaryimage"},"image":{"@id":"https:\/\/medtest.stagingservers.net\/no\/produkt\/jern-skjoldbruskkjerteltest\/#primaryimage"},"thumbnailUrl":"https:\/\/medtest.stagingservers.net\/wp-content\/uploads\/2019\/03\/Sk-ldk-rtel-J-rnbrist-NORGE-1.png","datePublished":"2019-03-30T13:59:47+00:00","dateModified":"2020-05-29T13:42:12+00:00","description":"Jern, skjoldbrusk og mages\u00e5rstest - V\u00e5r mest popul\u00e6re pakke. Bestil idag. Hurtig levereing. Jern og skjoldbruskkjerteltest Medtest.shop","breadcrumb":{"@id":"https:\/\/medtest.stagingservers.net\/no\/produkt\/jern-skjoldbruskkjerteltest\/#breadcrumb"},"inLanguage":"nb-NO","potentialAction":[{"@type":"ReadAction","target":["https:\/\/medtest.stagingservers.net\/no\/produkt\/jern-skjoldbruskkjerteltest\/"]}]},{"@type":"ImageObject","inLanguage":"nb-NO","@id":"https:\/\/medtest.stagingservers.net\/no\/produkt\/jern-skjoldbruskkjerteltest\/#primaryimage","url":"https:\/\/medtest.stagingservers.net\/wp-content\/uploads\/2019\/03\/Sk-ldk-rtel-J-rnbrist-NORGE-1.png","contentUrl":"https:\/\/medtest.stagingservers.net\/wp-content\/uploads\/2019\/03\/Sk-ldk-rtel-J-rnbrist-NORGE-1.png","width":1354,"height":689},{"@type":"BreadcrumbList","@id":"https:\/\/medtest.stagingservers.net\/no\/produkt\/jern-skjoldbruskkjerteltest\/#breadcrumb","itemListElement":[{"@type":"ListItem","position":1,"name":"Home","item":"https:\/\/medtest.stagingservers.net\/no\/"},{"@type":"ListItem","position":2,"name":"Butikk","item":"https:\/\/medtest.stagingservers.net\/no\/butikk\/"},{"@type":"ListItem","position":3,"name":"Jern og skjoldbruskkjerteltest"}]},{"@type":"WebSite","@id":"https:\/\/medtest.stagingservers.net\/no\/#website","url":"https:\/\/medtest.stagingservers.net\/no\/","name":"Medtest.shop","description":"","publisher":{"@id":"https:\/\/medtest.stagingservers.net\/no\/#organization"},"potentialAction":[{"@type":"SearchAction","target":{"@type":"EntryPoint","urlTemplate":"https:\/\/medtest.stagingservers.net\/no\/?s={search_term_string}"},"query-input":{"@type":"PropertyValueSpecification","valueRequired":true,"valueName":"search_term_string"}}],"inLanguage":"nb-NO"},{"@type":"Organization","@id":"https:\/\/medtest.stagingservers.net\/no\/#organization","name":"Medtest","url":"https:\/\/medtest.stagingservers.net\/no\/","logo":{"@type":"ImageObject","inLanguage":"nb-NO","@id":"https:\/\/medtest.stagingservers.net\/no\/#\/schema\/logo\/image\/","url":"https:\/\/medtest.stagingservers.net\/wp-content\/uploads\/2018\/11\/Original.png","contentUrl":"https:\/\/medtest.stagingservers.net\/wp-content\/uploads\/2018\/11\/Original.png","width":1024,"height":1024,"caption":"Medtest"},"image":{"@id":"https:\/\/medtest.stagingservers.net\/no\/#\/schema\/logo\/image\/"},"sameAs":["https:\/\/www.facebook.com\/Medtest-1440779469392476\/"]}]}},"_links":{"self":[{"href":"https:\/\/medtest.stagingservers.net\/no\/wp-json\/wp\/v2\/product\/55423","targetHints":{"allow":["GET"]}}],"collection":[{"href":"https:\/\/medtest.stagingservers.net\/no\/wp-json\/wp\/v2\/product"}],"about":[{"href":"https:\/\/medtest.stagingservers.net\/no\/wp-json\/wp\/v2\/types\/product"}],"replies":[{"embeddable":true,"href":"https:\/\/medtest.stagingservers.net\/no\/wp-json\/wp\/v2\/comments?post=55423"}],"version-history":[{"count":0,"href":"https:\/\/medtest.stagingservers.net\/no\/wp-json\/wp\/v2\/product\/55423\/revisions"}],"wp:featuredmedia":[{"embeddable":true,"href":"https:\/\/medtest.stagingservers.net\/no\/wp-json\/wp\/v2\/media\/83376"}],"wp:attachment":[{"href":"https:\/\/medtest.stagingservers.net\/no\/wp-json\/wp\/v2\/media?parent=55423"}],"wp:term":[{"taxonomy":"product_brand","embeddable":true,"href":"https:\/\/medtest.stagingservers.net\/no\/wp-json\/wp\/v2\/product_brand?post=55423"},{"taxonomy":"product_cat","embeddable":true,"href":"https:\/\/medtest.stagingservers.net\/no\/wp-json\/wp\/v2\/product_cat?post=55423"},{"taxonomy":"product_tag","embeddable":true,"href":"https:\/\/medtest.stagingservers.net\/no\/wp-json\/wp\/v2\/product_tag?post=55423"}],"curies":[{"name":"wp","href":"https:\/\/api.w.org\/{rel}","templated":true}]}}