{"id":55425,"date":"2019-03-30T14:01:15","date_gmt":"2019-03-30T14:01:15","guid":{"rendered":"http:\/\/104.248.87.71\/?post_type=product&#038;p=55425"},"modified":"2020-09-10T16:02:30","modified_gmt":"2020-09-10T14:02:30","slug":"mage-og-tarmpakke","status":"publish","type":"product","link":"https:\/\/medtest.stagingservers.net\/no\/produkt\/mage-og-tarmpakke\/","title":{"rendered":"Mage og tarmpakke"},"content":{"rendered":"<h1>Test for blod i avf\u00f8ring og mages\u00e5r<\/h1>\n<h5>Mages\u00e5rtest<\/h5>\n<p>V\u00e5r test for mages\u00e5r er en CE-merket rask hjemmetest for deteksjon av H. Pylori i avf\u00f8ring.<\/p>\n<p>Smerte og ubehag i overlivet er en relativt vanlig bekymring. Hver fjerde person er noen ganger p\u00e5virket av slike problemer. En vanlig forklaring p\u00e5 dette er maves\u00e5r. Den vanligste \u00e5rsaken til mages\u00e5r er bakterien Helicobacter pylori. Ca 90% av de som har mages\u00e5r b\u00e6rer bakterien Helicobacter pylori. V\u00e5r enkle hjemtest kan enkelt og raskt oppdage denne bakterien.<\/p>\n<p>En enkel hjemtest kan hjelpe deg med \u00e5 lindre din angst eller det gir deg en grunn til \u00e5 s\u00f8ke hjelp fra legen din. En positiv test (du b\u00e6rer H. pylori) betyr at du lettere kan s\u00f8ke omsorg og f\u00e5 riktig behandling, noe som er viktig da denne typen mages\u00e5r kan f\u00f8re til alvorlige sykdommer som kreft.<\/p>\n<p>Testen oppdager spesifikke antigener i avf\u00f8ring for \u00e5 bestemme tilstedev\u00e6relsen av bakterien.<\/p>\n<p>&nbsp;<\/p>\n<h5>Test for skjult blod i avf\u00f8ringen (FOB)<\/h5>\n<p>V\u00e5r FOB tarmtest er en CE-merket rask test for p\u00e5visning av skjult blod i avf\u00f8ring som gir en tidlig varsel.<\/p>\n<p>Mange sykdommer kan for\u00e5rsake skjult blod i avf\u00f8ring, kjent som Fecal Occult Blood (FOB). I tidlige stadier kan gastrointestinale problemer som tarmkreft, s\u00e5r, polypper, kolitt, divertikulitt og brudd ikke vise noen synlige symptomer, men bare blod. V\u00e5r test er en rask test for \u00e5 kvalitativt oppdage lave blodniv\u00e5er i avf\u00f8ringen. Testen bruker et dobbelt antistoffanalyse for \u00e5 selektivt detektere blod ved 50 ng \/ ml eller h\u00f8yere eller 6 \u03bcg \/ g avf\u00f8ring. I tillegg, i motsetning til andre analyser, er n\u00f8yaktigheten av testen ikke p\u00e5virket av kostholdet spist.<\/p>\n<h5>Slik gj\u00f8r du det:<\/h5>\n<p>1. Samle avf\u00f8ringspr\u00f8ve av fecal kollektoren. Bruk avf\u00f8ringen i alle typer toaletter for \u00e5 unng\u00e5 forurensning av pr\u00f8ven.<\/p>\n<p>2. Skru av lokket p\u00e5 pr\u00f8veoppsamlingsr\u00f8ret og sett tilfeldig pr\u00f8veinnsamlingsapplikatoren inn i avf\u00f8ringen p\u00e5 minst tre forskjellige steder. Ikke skytt avf\u00f8ringspr\u00f8ven. Skru og stram lokket p\u00e5 pr\u00f8veoppsamlingsr\u00f8ret og rist pr\u00f8veoppsamlingsr\u00f8ret kraftig for \u00e5 blande pr\u00f8ven og ekstraksjonsbufferen.<\/p>\n<p>3. Fjern testkassetten fra folieposen og bruk den s\u00e5 snart som mulig. De beste resultatene vil bli oppn\u00e5dd dersom testen utf\u00f8res umiddelbart etter \u00e5pning av folieposen.<\/p>\n<p>4. Hold pr\u00f8veoppsamlingsr\u00f8ret oppreist og \u00e5pne lokket p\u00e5 pr\u00f8veoppsamlingsr\u00f8ret. Vri r\u00f8ret opp og ned og overf\u00f8r 2 hele dr\u00e5per til testpatronen (S) og start deretter timeren. Se illustrasjonen nedenfor.<\/p>\n<p>5. Les resultatene etter 5 minutter. Ikke les resultatene etter 10 minutter.<\/p>\n<p><img loading=\"lazy\" decoding=\"async\" class=\"alignnone size-full wp-image-55185\" src=\"https:\/\/medtest.stagingservers.net\/wp-content\/uploads\/2019\/02\/FOB.png\" alt=\"\" width=\"1198\" height=\"341\" srcset=\"https:\/\/medtest.stagingservers.net\/wp-content\/uploads\/2019\/02\/FOB.png 1198w, https:\/\/medtest.stagingservers.net\/wp-content\/uploads\/2019\/02\/FOB-600x171.png 600w, https:\/\/medtest.stagingservers.net\/wp-content\/uploads\/2019\/02\/FOB-200x57.png 200w, https:\/\/medtest.stagingservers.net\/wp-content\/uploads\/2019\/02\/FOB-720x205.png 720w, https:\/\/medtest.stagingservers.net\/wp-content\/uploads\/2019\/02\/FOB-768x219.png 768w, https:\/\/medtest.stagingservers.net\/wp-content\/uploads\/2019\/02\/FOB-1024x291.png 1024w, https:\/\/medtest.stagingservers.net\/wp-content\/uploads\/2019\/02\/FOB-416x118.png 416w, https:\/\/medtest.stagingservers.net\/wp-content\/uploads\/2019\/02\/FOB-300x85.png 300w\" sizes=\"auto, (max-width: 1198px) 100vw, 1198px\" \/><\/p>\n<h5>Resultat<\/h5>\n<p><img loading=\"lazy\" decoding=\"async\" class=\"alignnone wp-image-55186\" src=\"https:\/\/medtest.stagingservers.net\/wp-content\/uploads\/2019\/02\/Test-resultat-300x210.png\" alt=\"\" width=\"231\" height=\"162\" srcset=\"https:\/\/medtest.stagingservers.net\/wp-content\/uploads\/2019\/02\/Test-resultat-300x210.png 300w, https:\/\/medtest.stagingservers.net\/wp-content\/uploads\/2019\/02\/Test-resultat-720x504.png 720w, https:\/\/medtest.stagingservers.net\/wp-content\/uploads\/2019\/02\/Test-resultat-768x538.png 768w, https:\/\/medtest.stagingservers.net\/wp-content\/uploads\/2019\/02\/Test-resultat-416x291.png 416w, https:\/\/medtest.stagingservers.net\/wp-content\/uploads\/2019\/02\/Test-resultat.png 912w\" sizes=\"auto, (max-width: 231px) 100vw, 231px\" \/><\/p>\n<p>Hvis linjer ved C og T vises, er resultatet positivt. Hvis linjen vises kun ved C, er resultatet negativt. Kontroll linjen (C) fungerer som en kvalitetskontroll som sikrer at patronen er i orden.<\/p>\n<p>C = Control (Kontroll)<br \/>\nT = Test<br \/>\nS = Sample (Pr\u00f8ve)<\/p>\n<p>Instruksjoner p\u00e5 norsk er inkludert.<\/p>\n","protected":false},"excerpt":{"rendered":"<p>V\u00e5r test for mages\u00e5r er en CE-merket rask test for deteksjon av H. Pylori i avf\u00f8ring. V\u00e5r FOB tarmtest er en CE-merket rask test for p\u00e5visning av skjult blod i avf\u00f8ring som gir en tidlig varsel.<\/p>\n","protected":false},"featured_media":55893,"comment_status":"closed","ping_status":"closed","template":"","meta":{"_acf_changed":false,"footnotes":""},"product_brand":[],"product_cat":[763,768,758],"product_tag":[],"class_list":{"0":"post-55425","1":"product","2":"type-product","3":"status-publish","4":"has-post-thumbnail","6":"product_cat-blod-i-avforing","7":"product_cat-magesar","8":"product_cat-pakke-tilbud","10":"first","11":"instock","12":"taxable","13":"shipping-taxable","14":"purchasable","15":"product-type-simple"},"acf":[],"yoast_head":"<title>Mage og tarmpakke - Test for blod i avf\u00f8ring og mages\u00e5r<\/title>\n<meta name=\"description\" content=\"Mage og tarmpakke -V\u00e5r test for mages\u00e5r er en CE-merket rask test for deteksjon av H.\u00a0Pylori i avf\u00f8ring. Medtest.shop\" \/>\n<meta name=\"robots\" content=\"noindex, follow, max-snippet:-1, max-image-preview:large, max-video-preview:-1\" \/>\n<meta property=\"og:locale\" content=\"nb_NO\" \/>\n<meta property=\"og:type\" content=\"article\" \/>\n<meta property=\"og:title\" content=\"Mage og tarmpakke - Test for blod i avf\u00f8ring og mages\u00e5r\" \/>\n<meta property=\"og:description\" content=\"Mage og tarmpakke -V\u00e5r test for mages\u00e5r er en CE-merket rask test for deteksjon av H.\u00a0Pylori i avf\u00f8ring. Medtest.shop\" \/>\n<meta property=\"og:url\" content=\"https:\/\/medtest.stagingservers.net\/no\/produkt\/mage-og-tarmpakke\/\" \/>\n<meta property=\"og:site_name\" content=\"Medtest.shop\" \/>\n<meta property=\"article:publisher\" content=\"https:\/\/www.facebook.com\/Medtest-1440779469392476\/\" \/>\n<meta property=\"article:modified_time\" content=\"2020-09-10T14:02:30+00:00\" \/>\n<meta property=\"og:image\" content=\"https:\/\/medtest.stagingservers.net\/wp-content\/uploads\/2019\/03\/MAge-tarm-pakke.png\" \/>\n\t<meta property=\"og:image:width\" content=\"840\" \/>\n\t<meta property=\"og:image:height\" content=\"502\" \/>\n\t<meta property=\"og:image:type\" content=\"image\/png\" \/>\n<meta name=\"twitter:card\" content=\"summary_large_image\" \/>\n<script type=\"application\/ld+json\" class=\"yoast-schema-graph\">{\"@context\":\"https:\\\/\\\/schema.org\",\"@graph\":[{\"@type\":\"WebPage\",\"@id\":\"https:\\\/\\\/medtest.stagingservers.net\\\/no\\\/produkt\\\/mage-og-tarmpakke\\\/\",\"url\":\"https:\\\/\\\/medtest.stagingservers.net\\\/no\\\/produkt\\\/mage-og-tarmpakke\\\/\",\"name\":\"Mage og tarmpakke - Test for blod i avf\u00f8ring og mages\u00e5r\",\"isPartOf\":{\"@id\":\"https:\\\/\\\/medtest.stagingservers.net\\\/no\\\/#website\"},\"primaryImageOfPage\":{\"@id\":\"https:\\\/\\\/medtest.stagingservers.net\\\/no\\\/produkt\\\/mage-og-tarmpakke\\\/#primaryimage\"},\"image\":{\"@id\":\"https:\\\/\\\/medtest.stagingservers.net\\\/no\\\/produkt\\\/mage-og-tarmpakke\\\/#primaryimage\"},\"thumbnailUrl\":\"https:\\\/\\\/medtest.stagingservers.net\\\/wp-content\\\/uploads\\\/2019\\\/03\\\/MAge-tarm-pakke.png\",\"datePublished\":\"2019-03-30T14:01:15+00:00\",\"dateModified\":\"2020-09-10T14:02:30+00:00\",\"description\":\"Mage og tarmpakke -V\u00e5r test for mages\u00e5r er en CE-merket rask test for deteksjon av H.\u00a0Pylori i avf\u00f8ring. Medtest.shop\",\"breadcrumb\":{\"@id\":\"https:\\\/\\\/medtest.stagingservers.net\\\/no\\\/produkt\\\/mage-og-tarmpakke\\\/#breadcrumb\"},\"inLanguage\":\"nb-NO\",\"potentialAction\":[{\"@type\":\"ReadAction\",\"target\":[\"https:\\\/\\\/medtest.stagingservers.net\\\/no\\\/produkt\\\/mage-og-tarmpakke\\\/\"]}]},{\"@type\":\"ImageObject\",\"inLanguage\":\"nb-NO\",\"@id\":\"https:\\\/\\\/medtest.stagingservers.net\\\/no\\\/produkt\\\/mage-og-tarmpakke\\\/#primaryimage\",\"url\":\"https:\\\/\\\/medtest.stagingservers.net\\\/wp-content\\\/uploads\\\/2019\\\/03\\\/MAge-tarm-pakke.png\",\"contentUrl\":\"https:\\\/\\\/medtest.stagingservers.net\\\/wp-content\\\/uploads\\\/2019\\\/03\\\/MAge-tarm-pakke.png\",\"width\":840,\"height\":502,\"caption\":\"FOB og Mages\u00e5r\"},{\"@type\":\"BreadcrumbList\",\"@id\":\"https:\\\/\\\/medtest.stagingservers.net\\\/no\\\/produkt\\\/mage-og-tarmpakke\\\/#breadcrumb\",\"itemListElement\":[{\"@type\":\"ListItem\",\"position\":1,\"name\":\"Home\",\"item\":\"https:\\\/\\\/medtest.stagingservers.net\\\/no\\\/\"},{\"@type\":\"ListItem\",\"position\":2,\"name\":\"Butikk\",\"item\":\"https:\\\/\\\/medtest.stagingservers.net\\\/no\\\/butikk\\\/\"},{\"@type\":\"ListItem\",\"position\":3,\"name\":\"Mage og tarmpakke\"}]},{\"@type\":\"WebSite\",\"@id\":\"https:\\\/\\\/medtest.stagingservers.net\\\/no\\\/#website\",\"url\":\"https:\\\/\\\/medtest.stagingservers.net\\\/no\\\/\",\"name\":\"Medtest.shop\",\"description\":\"\",\"publisher\":{\"@id\":\"https:\\\/\\\/medtest.stagingservers.net\\\/no\\\/#organization\"},\"potentialAction\":[{\"@type\":\"SearchAction\",\"target\":{\"@type\":\"EntryPoint\",\"urlTemplate\":\"https:\\\/\\\/medtest.stagingservers.net\\\/no\\\/?s={search_term_string}\"},\"query-input\":{\"@type\":\"PropertyValueSpecification\",\"valueRequired\":true,\"valueName\":\"search_term_string\"}}],\"inLanguage\":\"nb-NO\"},{\"@type\":\"Organization\",\"@id\":\"https:\\\/\\\/medtest.stagingservers.net\\\/no\\\/#organization\",\"name\":\"Medtest\",\"url\":\"https:\\\/\\\/medtest.stagingservers.net\\\/no\\\/\",\"logo\":{\"@type\":\"ImageObject\",\"inLanguage\":\"nb-NO\",\"@id\":\"https:\\\/\\\/medtest.stagingservers.net\\\/no\\\/#\\\/schema\\\/logo\\\/image\\\/\",\"url\":\"https:\\\/\\\/medtest.stagingservers.net\\\/wp-content\\\/uploads\\\/2018\\\/11\\\/Original.png\",\"contentUrl\":\"https:\\\/\\\/medtest.stagingservers.net\\\/wp-content\\\/uploads\\\/2018\\\/11\\\/Original.png\",\"width\":1024,\"height\":1024,\"caption\":\"Medtest\"},\"image\":{\"@id\":\"https:\\\/\\\/medtest.stagingservers.net\\\/no\\\/#\\\/schema\\\/logo\\\/image\\\/\"},\"sameAs\":[\"https:\\\/\\\/www.facebook.com\\\/Medtest-1440779469392476\\\/\"]}]}<\/script>","yoast_head_json":{"title":"Mage og tarmpakke - Test for blod i avf\u00f8ring og mages\u00e5r","description":"Mage og tarmpakke -V\u00e5r test for mages\u00e5r er en CE-merket rask test for deteksjon av H.\u00a0Pylori i avf\u00f8ring. Medtest.shop","robots":{"index":"noindex","follow":"follow","max-snippet":"max-snippet:-1","max-image-preview":"max-image-preview:large","max-video-preview":"max-video-preview:-1"},"og_locale":"nb_NO","og_type":"article","og_title":"Mage og tarmpakke - Test for blod i avf\u00f8ring og mages\u00e5r","og_description":"Mage og tarmpakke -V\u00e5r test for mages\u00e5r er en CE-merket rask test for deteksjon av H.\u00a0Pylori i avf\u00f8ring. Medtest.shop","og_url":"https:\/\/medtest.stagingservers.net\/no\/produkt\/mage-og-tarmpakke\/","og_site_name":"Medtest.shop","article_publisher":"https:\/\/www.facebook.com\/Medtest-1440779469392476\/","article_modified_time":"2020-09-10T14:02:30+00:00","og_image":[{"width":840,"height":502,"url":"https:\/\/medtest.stagingservers.net\/wp-content\/uploads\/2019\/03\/MAge-tarm-pakke.png","type":"image\/png"}],"twitter_card":"summary_large_image","schema":{"@context":"https:\/\/schema.org","@graph":[{"@type":"WebPage","@id":"https:\/\/medtest.stagingservers.net\/no\/produkt\/mage-og-tarmpakke\/","url":"https:\/\/medtest.stagingservers.net\/no\/produkt\/mage-og-tarmpakke\/","name":"Mage og tarmpakke - Test for blod i avf\u00f8ring og mages\u00e5r","isPartOf":{"@id":"https:\/\/medtest.stagingservers.net\/no\/#website"},"primaryImageOfPage":{"@id":"https:\/\/medtest.stagingservers.net\/no\/produkt\/mage-og-tarmpakke\/#primaryimage"},"image":{"@id":"https:\/\/medtest.stagingservers.net\/no\/produkt\/mage-og-tarmpakke\/#primaryimage"},"thumbnailUrl":"https:\/\/medtest.stagingservers.net\/wp-content\/uploads\/2019\/03\/MAge-tarm-pakke.png","datePublished":"2019-03-30T14:01:15+00:00","dateModified":"2020-09-10T14:02:30+00:00","description":"Mage og tarmpakke -V\u00e5r test for mages\u00e5r er en CE-merket rask test for deteksjon av H.\u00a0Pylori i avf\u00f8ring. Medtest.shop","breadcrumb":{"@id":"https:\/\/medtest.stagingservers.net\/no\/produkt\/mage-og-tarmpakke\/#breadcrumb"},"inLanguage":"nb-NO","potentialAction":[{"@type":"ReadAction","target":["https:\/\/medtest.stagingservers.net\/no\/produkt\/mage-og-tarmpakke\/"]}]},{"@type":"ImageObject","inLanguage":"nb-NO","@id":"https:\/\/medtest.stagingservers.net\/no\/produkt\/mage-og-tarmpakke\/#primaryimage","url":"https:\/\/medtest.stagingservers.net\/wp-content\/uploads\/2019\/03\/MAge-tarm-pakke.png","contentUrl":"https:\/\/medtest.stagingservers.net\/wp-content\/uploads\/2019\/03\/MAge-tarm-pakke.png","width":840,"height":502,"caption":"FOB og Mages\u00e5r"},{"@type":"BreadcrumbList","@id":"https:\/\/medtest.stagingservers.net\/no\/produkt\/mage-og-tarmpakke\/#breadcrumb","itemListElement":[{"@type":"ListItem","position":1,"name":"Home","item":"https:\/\/medtest.stagingservers.net\/no\/"},{"@type":"ListItem","position":2,"name":"Butikk","item":"https:\/\/medtest.stagingservers.net\/no\/butikk\/"},{"@type":"ListItem","position":3,"name":"Mage og tarmpakke"}]},{"@type":"WebSite","@id":"https:\/\/medtest.stagingservers.net\/no\/#website","url":"https:\/\/medtest.stagingservers.net\/no\/","name":"Medtest.shop","description":"","publisher":{"@id":"https:\/\/medtest.stagingservers.net\/no\/#organization"},"potentialAction":[{"@type":"SearchAction","target":{"@type":"EntryPoint","urlTemplate":"https:\/\/medtest.stagingservers.net\/no\/?s={search_term_string}"},"query-input":{"@type":"PropertyValueSpecification","valueRequired":true,"valueName":"search_term_string"}}],"inLanguage":"nb-NO"},{"@type":"Organization","@id":"https:\/\/medtest.stagingservers.net\/no\/#organization","name":"Medtest","url":"https:\/\/medtest.stagingservers.net\/no\/","logo":{"@type":"ImageObject","inLanguage":"nb-NO","@id":"https:\/\/medtest.stagingservers.net\/no\/#\/schema\/logo\/image\/","url":"https:\/\/medtest.stagingservers.net\/wp-content\/uploads\/2018\/11\/Original.png","contentUrl":"https:\/\/medtest.stagingservers.net\/wp-content\/uploads\/2018\/11\/Original.png","width":1024,"height":1024,"caption":"Medtest"},"image":{"@id":"https:\/\/medtest.stagingservers.net\/no\/#\/schema\/logo\/image\/"},"sameAs":["https:\/\/www.facebook.com\/Medtest-1440779469392476\/"]}]}},"_links":{"self":[{"href":"https:\/\/medtest.stagingservers.net\/no\/wp-json\/wp\/v2\/product\/55425","targetHints":{"allow":["GET"]}}],"collection":[{"href":"https:\/\/medtest.stagingservers.net\/no\/wp-json\/wp\/v2\/product"}],"about":[{"href":"https:\/\/medtest.stagingservers.net\/no\/wp-json\/wp\/v2\/types\/product"}],"replies":[{"embeddable":true,"href":"https:\/\/medtest.stagingservers.net\/no\/wp-json\/wp\/v2\/comments?post=55425"}],"version-history":[{"count":3,"href":"https:\/\/medtest.stagingservers.net\/no\/wp-json\/wp\/v2\/product\/55425\/revisions"}],"predecessor-version":[{"id":85498,"href":"https:\/\/medtest.stagingservers.net\/no\/wp-json\/wp\/v2\/product\/55425\/revisions\/85498"}],"wp:featuredmedia":[{"embeddable":true,"href":"https:\/\/medtest.stagingservers.net\/no\/wp-json\/wp\/v2\/media\/55893"}],"wp:attachment":[{"href":"https:\/\/medtest.stagingservers.net\/no\/wp-json\/wp\/v2\/media?parent=55425"}],"wp:term":[{"taxonomy":"product_brand","embeddable":true,"href":"https:\/\/medtest.stagingservers.net\/no\/wp-json\/wp\/v2\/product_brand?post=55425"},{"taxonomy":"product_cat","embeddable":true,"href":"https:\/\/medtest.stagingservers.net\/no\/wp-json\/wp\/v2\/product_cat?post=55425"},{"taxonomy":"product_tag","embeddable":true,"href":"https:\/\/medtest.stagingservers.net\/no\/wp-json\/wp\/v2\/product_tag?post=55425"}],"curies":[{"name":"wp","href":"https:\/\/api.w.org\/{rel}","templated":true}]}}