{"id":70023,"date":"2019-07-05T09:48:08","date_gmt":"2019-07-05T09:48:08","guid":{"rendered":"https:\/\/medtest.stagingservers.net\/product\/prostatatest-psa\/"},"modified":"2021-03-09T14:54:44","modified_gmt":"2021-03-09T12:54:44","slug":"prostatatest-psa","status":"publish","type":"product","link":"https:\/\/medtest.stagingservers.net\/no\/produkt\/prostatatest-psa\/","title":{"rendered":"Prostatatest (PSA)"},"content":{"rendered":"<h2><strong>Prostatatest (PSA)<\/strong><\/h2>\n<p>Dette produktet er CE-merket for profesjonell bruk av helsepersonell.<\/p>\n<h4>Om PSA test<\/h4>\n<p>PSA er en forkortelse for prostata-spesifikk antigen og er den vanligste formen for kreft hos norske menn. I prostatakreft \u00f8ker PSA i blodet. Det er derfor ikke et &laquo;kreft stoff&raquo; som kommer fra en svulst, men et protein (enzym) som er naturlig tilstede i kroppen ogs\u00e5 hos friske menn. Videre b\u00f8r menn under 50 \u00e5r ikke ha en verdi over 3,0 \u03bcg \/ L.<br \/>\nPSA er produsert i s\u00e5kalte kjertel celler i prostata og har h\u00f8y konsentrasjon i s\u00e6d. Noen av den produserte PSA kommer ut i blodet. Ogs\u00e5 en sunn mann har sm\u00e5 mengder PSA i blodet. N\u00f8yaktighet: 99,1%. F\u00f8lsomhet: 99,2%. Testen er CE-godkjent og for profesjonell bruk.<\/p>\n<h4>Slik fungerer rask testen<\/h4>\n<p>PSA niv\u00e5et i blodet m\u00e5les ved \u00e5 analysere blodet. V\u00e5r prostata test m\u00e5ler PSA-niv\u00e5et i blodet direkte ved \u00e5 stikke et lite hull i fingeren hvor en liten mengde blod samles inn. Blodet blir s\u00e5 p\u00e5f\u00f8rt p\u00e5 et testsett med en membran som inneholder et antistoff som spesifikt binder seg til PSA-molekylene i blodet. <strong>Hvis testen viser positiv, betyr dette at PSA er over 4,0 \u03bcg \/ L.<\/strong> Ved tegn p\u00e5 forh\u00f8yet PSA, b\u00f8r en unders\u00f8kelse alltid p\u00e5begynnes. Forh\u00f8yet PSA-verdi trenger ikke \u00e5 v\u00e6re forbundet med en farlig diagnose. \u00c5 teste deres PSA-niv\u00e5 regelmessig er en m\u00e5te \u00e5 f\u00e5 en indikasjon p\u00e5 tidlig at noe er galt.<\/p>\n<p>MERK: Uansett hvilken sykdom du har i prostata, kan niv\u00e5et p\u00e5 PSA \u00f8ke. S\u00e5 hvis du f\u00e5r et positivt svar p\u00e5 en PSA-test, betyr det ikke at du har kreft.<\/p>\n<h4>Prostatakjertelen<\/h4>\n<p>Den prostata kjertelen (bl\u00e6re kjertel) er en valn\u00f8tt st\u00f8rrelse kjertel som omslutter den \u00f8vre delen av urinr\u00f8ret. I prostata kjertelen dannes en tynn v\u00e6ske som blandes med s\u00e6den under utl\u00f8sning.<\/p>\n<h4>Symptomer<\/h4>\n<p>I begynnelsen oppst\u00e5r ingen symptomer. Prostata kreft er forr\u00e6deri i det tidligste det gir ingen symptomer i det hele tatt, men gj\u00f8r seg kjent bare n\u00e5r den har spredt seg i kroppen. Symptomene er vanligvis for eksempel ryggsmerter, problemer med oppkast eller blod i urinen. Som med alle kreftformer er det viktig at sykdommen oppdages i tide for \u00e5 bli kurert eller holdt i sjakk. \u00c5rsakene til prostatakreft er ikke klare, men ca 10 prosent av tilfellene i prostata kreft anses \u00e5 v\u00e6re arvelige.<\/p>\n<h4>Hvem b\u00f8r teste seg?<\/h4>\n<p>Alle menn over 45 \u00e5r b\u00f8r sjekke PSA for \u00e5 finne ut hvordan det er med prostata. Menn over 70 \u00e5r med godartet hyperplasi kan ha verdier opptil 6,5 \u03bcg \/ L. Det er i &laquo;grenseomr\u00e5det&raquo; fra 4 &#8211; 10 \u03bcg \/ L at risikoen for malignitet blir sett med \u00f8kte verdier.<\/p>\n<h4>Bruksanvisning<\/h4>\n<h5>Slik gj\u00f8r du det:<\/h5>\n<ol start=\"1\">\n<li>Rengj\u00f8r fingeren med alkoholrenseren eller med s\u00e5pe og vann.<\/li>\n<li>Stikk fingertuppen med lansetten<\/li>\n<li>Sug deretter 2-3 dr\u00e5per blod med pipetten.<\/li>\n<li>Drypp 2 dr\u00e5per blod i testkasettens br\u00f8nn (S).<\/li>\n<li>Drypp deretter en dr\u00e5pe PSA-buffer.<\/li>\n<li>Vent 5 minutter for \u00e5 lese resultatet.<\/li>\n<\/ol>\n<p><img loading=\"lazy\" decoding=\"async\" class=\"alignnone size-full wp-image-70261\" src=\"\/wp-content\/uploads\/2019\/03\/PSA-procedur.png\" alt=\"PSA procedur\" width=\"1455\" height=\"467\" srcset=\"https:\/\/medtest.stagingservers.net\/wp-content\/uploads\/2019\/03\/PSA-procedur.png 1455w, https:\/\/medtest.stagingservers.net\/wp-content\/uploads\/2019\/03\/PSA-procedur-600x193.png 600w, https:\/\/medtest.stagingservers.net\/wp-content\/uploads\/2019\/03\/PSA-procedur-200x64.png 200w, https:\/\/medtest.stagingservers.net\/wp-content\/uploads\/2019\/03\/PSA-procedur-720x231.png 720w, https:\/\/medtest.stagingservers.net\/wp-content\/uploads\/2019\/03\/PSA-procedur-768x246.png 768w, https:\/\/medtest.stagingservers.net\/wp-content\/uploads\/2019\/03\/PSA-procedur-1200x385.png 1200w, https:\/\/medtest.stagingservers.net\/wp-content\/uploads\/2019\/03\/PSA-procedur-416x134.png 416w, https:\/\/medtest.stagingservers.net\/wp-content\/uploads\/2019\/03\/PSA-procedur-300x96.png 300w, https:\/\/medtest.stagingservers.net\/wp-content\/uploads\/2019\/03\/PSA-procedur-1024x329.png 1024w\" sizes=\"auto, (max-width: 1455px) 100vw, 1455px\" \/><\/p>\n<p>&nbsp;<\/p>\n<p><strong>Resultat<\/strong><\/p>\n<p><img loading=\"lazy\" decoding=\"async\" class=\"size-full wp-image-55245 alignleft\" src=\"https:\/\/medtest.stagingservers.net\/wp-content\/uploads\/2018\/11\/Test-resultat.png\" alt=\"\" width=\"351\" height=\"246\" srcset=\"https:\/\/medtest.stagingservers.net\/wp-content\/uploads\/2018\/11\/Test-resultat.png 351w, https:\/\/medtest.stagingservers.net\/wp-content\/uploads\/2018\/11\/Test-resultat-300x210.png 300w\" sizes=\"auto, (max-width: 351px) 100vw, 351px\" \/><\/p>\n<div>\n<p>Punktet for testen er 4 \u03bcg \/ L. Hvis det er positivt, betyr det at du har PSA-niv\u00e5er st\u00f8rre enn 4 \u03bcg \/ L.<\/p>\n<p>MERK: Et positivt resultat trenger ikke \u00e5 v\u00e6re forbundet med en farlig diagnose.<\/p>\n<\/div>\n<p>&nbsp;<\/p>\n<p>&nbsp;<\/p>\n<p>&nbsp;<\/p>\n<p>&nbsp;<\/p>\n<p>&nbsp;<\/p>\n","protected":false},"excerpt":{"rendered":"<p>V\u00e5r prostata test m\u00e5ler PSA-niv\u00e5et i blodet direkte ved \u00e5 stikke et lite hull i fingeren hvor en liten mengde blod samles inn. Blodet blir s\u00e5 p\u00e5f\u00f8rt p\u00e5 et testsett med en membran som inneholder et antistoff som spesifikt binder seg til PSA-molekylene i blodet. Hvis testen viser positiv, betyr dette at PSA er over 4,0 \u03bcg \/ L.Ved tegn p\u00e5 forh\u00f8yet PSA, b\u00f8r en unders\u00f8kelse alltid p\u00e5begynnes. Forh\u00f8yet PSA-verdi trenger ikke \u00e5 v\u00e6re forbundet med en farlig diagnose. \u00c5 teste deres PSA-niv\u00e5 regelmessig er en m\u00e5te \u00e5 f\u00e5 en indikasjon p\u00e5 tidlig at noe er galt. Svar innen 10 minutter.<\/p>\n","protected":false},"featured_media":90949,"comment_status":"closed","ping_status":"closed","template":"","meta":{"_acf_changed":false,"footnotes":""},"product_brand":[],"product_cat":[761,783],"product_tag":[],"class_list":{"0":"post-70023","1":"product","2":"type-product","3":"status-publish","4":"has-post-thumbnail","6":"product_cat-helsetester","7":"product_cat-prostata-psa-no","9":"first","10":"instock","11":"taxable","12":"shipping-taxable","13":"purchasable","14":"product-type-variable"},"acf":[],"yoast_head":"<title>Prostatatest - Rask test for p\u00e5visning av forh\u00f8yet PSA verdi - Medtest<\/title>\n<meta name=\"description\" content=\"Prostatatest - Test din PSA-verdi raskt. Enkel \u00e5 bruke. Oppdag prostata kreft i god tid. Diskret levering direkte til postkassen.\" \/>\n<meta name=\"robots\" content=\"noindex, follow, max-snippet:-1, max-image-preview:large, max-video-preview:-1\" \/>\n<meta property=\"og:locale\" content=\"nb_NO\" \/>\n<meta property=\"og:type\" content=\"article\" \/>\n<meta property=\"og:title\" content=\"Prostatatest - Rask test for p\u00e5visning av forh\u00f8yet PSA verdi - Medtest\" \/>\n<meta property=\"og:description\" content=\"Prostatatest - Test din PSA-verdi raskt. Enkel \u00e5 bruke. Oppdag prostata kreft i god tid. Diskret levering direkte til postkassen.\" \/>\n<meta property=\"og:url\" content=\"https:\/\/medtest.stagingservers.net\/no\/produkt\/prostatatest-psa\/\" \/>\n<meta property=\"og:site_name\" content=\"Medtest.shop\" \/>\n<meta property=\"article:publisher\" content=\"https:\/\/www.facebook.com\/Medtest-1440779469392476\/\" \/>\n<meta property=\"article:modified_time\" content=\"2021-03-09T12:54:44+00:00\" \/>\n<meta property=\"og:image\" content=\"https:\/\/medtest.stagingservers.net\/wp-content\/uploads\/2019\/07\/PSA-NO-hs.jpg\" \/>\n\t<meta property=\"og:image:width\" content=\"760\" \/>\n\t<meta property=\"og:image:height\" content=\"537\" \/>\n\t<meta property=\"og:image:type\" content=\"image\/jpeg\" \/>\n<meta name=\"twitter:card\" content=\"summary_large_image\" \/>\n<script type=\"application\/ld+json\" class=\"yoast-schema-graph\">{\"@context\":\"https:\\\/\\\/schema.org\",\"@graph\":[{\"@type\":\"WebPage\",\"@id\":\"https:\\\/\\\/medtest.stagingservers.net\\\/no\\\/produkt\\\/prostatatest-psa\\\/\",\"url\":\"https:\\\/\\\/medtest.stagingservers.net\\\/no\\\/produkt\\\/prostatatest-psa\\\/\",\"name\":\"Prostatatest - Rask test for p\u00e5visning av forh\u00f8yet PSA verdi - Medtest\",\"isPartOf\":{\"@id\":\"https:\\\/\\\/medtest.stagingservers.net\\\/no\\\/#website\"},\"primaryImageOfPage\":{\"@id\":\"https:\\\/\\\/medtest.stagingservers.net\\\/no\\\/produkt\\\/prostatatest-psa\\\/#primaryimage\"},\"image\":{\"@id\":\"https:\\\/\\\/medtest.stagingservers.net\\\/no\\\/produkt\\\/prostatatest-psa\\\/#primaryimage\"},\"thumbnailUrl\":\"https:\\\/\\\/medtest.stagingservers.net\\\/wp-content\\\/uploads\\\/2019\\\/07\\\/PSA-NO-hs.jpg\",\"datePublished\":\"2019-07-05T09:48:08+00:00\",\"dateModified\":\"2021-03-09T12:54:44+00:00\",\"description\":\"Prostatatest - Test din PSA-verdi raskt. Enkel \u00e5 bruke. Oppdag prostata kreft i god tid. Diskret levering direkte til postkassen.\",\"breadcrumb\":{\"@id\":\"https:\\\/\\\/medtest.stagingservers.net\\\/no\\\/produkt\\\/prostatatest-psa\\\/#breadcrumb\"},\"inLanguage\":\"nb-NO\",\"potentialAction\":[{\"@type\":\"ReadAction\",\"target\":[\"https:\\\/\\\/medtest.stagingservers.net\\\/no\\\/produkt\\\/prostatatest-psa\\\/\"]}]},{\"@type\":\"ImageObject\",\"inLanguage\":\"nb-NO\",\"@id\":\"https:\\\/\\\/medtest.stagingservers.net\\\/no\\\/produkt\\\/prostatatest-psa\\\/#primaryimage\",\"url\":\"https:\\\/\\\/medtest.stagingservers.net\\\/wp-content\\\/uploads\\\/2019\\\/07\\\/PSA-NO-hs.jpg\",\"contentUrl\":\"https:\\\/\\\/medtest.stagingservers.net\\\/wp-content\\\/uploads\\\/2019\\\/07\\\/PSA-NO-hs.jpg\",\"width\":760,\"height\":537},{\"@type\":\"BreadcrumbList\",\"@id\":\"https:\\\/\\\/medtest.stagingservers.net\\\/no\\\/produkt\\\/prostatatest-psa\\\/#breadcrumb\",\"itemListElement\":[{\"@type\":\"ListItem\",\"position\":1,\"name\":\"Home\",\"item\":\"https:\\\/\\\/medtest.stagingservers.net\\\/no\\\/\"},{\"@type\":\"ListItem\",\"position\":2,\"name\":\"Butikk\",\"item\":\"https:\\\/\\\/medtest.stagingservers.net\\\/no\\\/butikk\\\/\"},{\"@type\":\"ListItem\",\"position\":3,\"name\":\"Prostatatest (PSA)\"}]},{\"@type\":\"WebSite\",\"@id\":\"https:\\\/\\\/medtest.stagingservers.net\\\/no\\\/#website\",\"url\":\"https:\\\/\\\/medtest.stagingservers.net\\\/no\\\/\",\"name\":\"Medtest.shop\",\"description\":\"\",\"publisher\":{\"@id\":\"https:\\\/\\\/medtest.stagingservers.net\\\/no\\\/#organization\"},\"potentialAction\":[{\"@type\":\"SearchAction\",\"target\":{\"@type\":\"EntryPoint\",\"urlTemplate\":\"https:\\\/\\\/medtest.stagingservers.net\\\/no\\\/?s={search_term_string}\"},\"query-input\":{\"@type\":\"PropertyValueSpecification\",\"valueRequired\":true,\"valueName\":\"search_term_string\"}}],\"inLanguage\":\"nb-NO\"},{\"@type\":\"Organization\",\"@id\":\"https:\\\/\\\/medtest.stagingservers.net\\\/no\\\/#organization\",\"name\":\"Medtest\",\"url\":\"https:\\\/\\\/medtest.stagingservers.net\\\/no\\\/\",\"logo\":{\"@type\":\"ImageObject\",\"inLanguage\":\"nb-NO\",\"@id\":\"https:\\\/\\\/medtest.stagingservers.net\\\/no\\\/#\\\/schema\\\/logo\\\/image\\\/\",\"url\":\"https:\\\/\\\/medtest.stagingservers.net\\\/wp-content\\\/uploads\\\/2018\\\/11\\\/Original.png\",\"contentUrl\":\"https:\\\/\\\/medtest.stagingservers.net\\\/wp-content\\\/uploads\\\/2018\\\/11\\\/Original.png\",\"width\":1024,\"height\":1024,\"caption\":\"Medtest\"},\"image\":{\"@id\":\"https:\\\/\\\/medtest.stagingservers.net\\\/no\\\/#\\\/schema\\\/logo\\\/image\\\/\"},\"sameAs\":[\"https:\\\/\\\/www.facebook.com\\\/Medtest-1440779469392476\\\/\"]}]}<\/script>","yoast_head_json":{"title":"Prostatatest - Rask test for p\u00e5visning av forh\u00f8yet PSA verdi - Medtest","description":"Prostatatest - Test din PSA-verdi raskt. Enkel \u00e5 bruke. Oppdag prostata kreft i god tid. Diskret levering direkte til postkassen.","robots":{"index":"noindex","follow":"follow","max-snippet":"max-snippet:-1","max-image-preview":"max-image-preview:large","max-video-preview":"max-video-preview:-1"},"og_locale":"nb_NO","og_type":"article","og_title":"Prostatatest - Rask test for p\u00e5visning av forh\u00f8yet PSA verdi - Medtest","og_description":"Prostatatest - Test din PSA-verdi raskt. Enkel \u00e5 bruke. Oppdag prostata kreft i god tid. Diskret levering direkte til postkassen.","og_url":"https:\/\/medtest.stagingservers.net\/no\/produkt\/prostatatest-psa\/","og_site_name":"Medtest.shop","article_publisher":"https:\/\/www.facebook.com\/Medtest-1440779469392476\/","article_modified_time":"2021-03-09T12:54:44+00:00","og_image":[{"width":760,"height":537,"url":"https:\/\/medtest.stagingservers.net\/wp-content\/uploads\/2019\/07\/PSA-NO-hs.jpg","type":"image\/jpeg"}],"twitter_card":"summary_large_image","schema":{"@context":"https:\/\/schema.org","@graph":[{"@type":"WebPage","@id":"https:\/\/medtest.stagingservers.net\/no\/produkt\/prostatatest-psa\/","url":"https:\/\/medtest.stagingservers.net\/no\/produkt\/prostatatest-psa\/","name":"Prostatatest - Rask test for p\u00e5visning av forh\u00f8yet PSA verdi - Medtest","isPartOf":{"@id":"https:\/\/medtest.stagingservers.net\/no\/#website"},"primaryImageOfPage":{"@id":"https:\/\/medtest.stagingservers.net\/no\/produkt\/prostatatest-psa\/#primaryimage"},"image":{"@id":"https:\/\/medtest.stagingservers.net\/no\/produkt\/prostatatest-psa\/#primaryimage"},"thumbnailUrl":"https:\/\/medtest.stagingservers.net\/wp-content\/uploads\/2019\/07\/PSA-NO-hs.jpg","datePublished":"2019-07-05T09:48:08+00:00","dateModified":"2021-03-09T12:54:44+00:00","description":"Prostatatest - Test din PSA-verdi raskt. Enkel \u00e5 bruke. Oppdag prostata kreft i god tid. Diskret levering direkte til postkassen.","breadcrumb":{"@id":"https:\/\/medtest.stagingservers.net\/no\/produkt\/prostatatest-psa\/#breadcrumb"},"inLanguage":"nb-NO","potentialAction":[{"@type":"ReadAction","target":["https:\/\/medtest.stagingservers.net\/no\/produkt\/prostatatest-psa\/"]}]},{"@type":"ImageObject","inLanguage":"nb-NO","@id":"https:\/\/medtest.stagingservers.net\/no\/produkt\/prostatatest-psa\/#primaryimage","url":"https:\/\/medtest.stagingservers.net\/wp-content\/uploads\/2019\/07\/PSA-NO-hs.jpg","contentUrl":"https:\/\/medtest.stagingservers.net\/wp-content\/uploads\/2019\/07\/PSA-NO-hs.jpg","width":760,"height":537},{"@type":"BreadcrumbList","@id":"https:\/\/medtest.stagingservers.net\/no\/produkt\/prostatatest-psa\/#breadcrumb","itemListElement":[{"@type":"ListItem","position":1,"name":"Home","item":"https:\/\/medtest.stagingservers.net\/no\/"},{"@type":"ListItem","position":2,"name":"Butikk","item":"https:\/\/medtest.stagingservers.net\/no\/butikk\/"},{"@type":"ListItem","position":3,"name":"Prostatatest (PSA)"}]},{"@type":"WebSite","@id":"https:\/\/medtest.stagingservers.net\/no\/#website","url":"https:\/\/medtest.stagingservers.net\/no\/","name":"Medtest.shop","description":"","publisher":{"@id":"https:\/\/medtest.stagingservers.net\/no\/#organization"},"potentialAction":[{"@type":"SearchAction","target":{"@type":"EntryPoint","urlTemplate":"https:\/\/medtest.stagingservers.net\/no\/?s={search_term_string}"},"query-input":{"@type":"PropertyValueSpecification","valueRequired":true,"valueName":"search_term_string"}}],"inLanguage":"nb-NO"},{"@type":"Organization","@id":"https:\/\/medtest.stagingservers.net\/no\/#organization","name":"Medtest","url":"https:\/\/medtest.stagingservers.net\/no\/","logo":{"@type":"ImageObject","inLanguage":"nb-NO","@id":"https:\/\/medtest.stagingservers.net\/no\/#\/schema\/logo\/image\/","url":"https:\/\/medtest.stagingservers.net\/wp-content\/uploads\/2018\/11\/Original.png","contentUrl":"https:\/\/medtest.stagingservers.net\/wp-content\/uploads\/2018\/11\/Original.png","width":1024,"height":1024,"caption":"Medtest"},"image":{"@id":"https:\/\/medtest.stagingservers.net\/no\/#\/schema\/logo\/image\/"},"sameAs":["https:\/\/www.facebook.com\/Medtest-1440779469392476\/"]}]}},"_links":{"self":[{"href":"https:\/\/medtest.stagingservers.net\/no\/wp-json\/wp\/v2\/product\/70023","targetHints":{"allow":["GET"]}}],"collection":[{"href":"https:\/\/medtest.stagingservers.net\/no\/wp-json\/wp\/v2\/product"}],"about":[{"href":"https:\/\/medtest.stagingservers.net\/no\/wp-json\/wp\/v2\/types\/product"}],"replies":[{"embeddable":true,"href":"https:\/\/medtest.stagingservers.net\/no\/wp-json\/wp\/v2\/comments?post=70023"}],"version-history":[{"count":6,"href":"https:\/\/medtest.stagingservers.net\/no\/wp-json\/wp\/v2\/product\/70023\/revisions"}],"predecessor-version":[{"id":91355,"href":"https:\/\/medtest.stagingservers.net\/no\/wp-json\/wp\/v2\/product\/70023\/revisions\/91355"}],"wp:featuredmedia":[{"embeddable":true,"href":"https:\/\/medtest.stagingservers.net\/no\/wp-json\/wp\/v2\/media\/90949"}],"wp:attachment":[{"href":"https:\/\/medtest.stagingservers.net\/no\/wp-json\/wp\/v2\/media?parent=70023"}],"wp:term":[{"taxonomy":"product_brand","embeddable":true,"href":"https:\/\/medtest.stagingservers.net\/no\/wp-json\/wp\/v2\/product_brand?post=70023"},{"taxonomy":"product_cat","embeddable":true,"href":"https:\/\/medtest.stagingservers.net\/no\/wp-json\/wp\/v2\/product_cat?post=70023"},{"taxonomy":"product_tag","embeddable":true,"href":"https:\/\/medtest.stagingservers.net\/no\/wp-json\/wp\/v2\/product_tag?post=70023"}],"curies":[{"name":"wp","href":"https:\/\/api.w.org\/{rel}","templated":true}]}}