{"id":70033,"date":"2019-07-05T09:59:42","date_gmt":"2019-07-05T09:59:42","guid":{"rendered":"https:\/\/medtest.stagingservers.net\/product\/formstopte-orepropper\/"},"modified":"2019-09-23T15:54:36","modified_gmt":"2019-09-23T13:54:36","slug":"formstopte-orepropper","status":"publish","type":"product","link":"https:\/\/medtest.stagingservers.net\/no\/produkt\/formstopte-orepropper\/","title":{"rendered":"Formst\u00f8pte \u00d8repropper"},"content":{"rendered":"<h2>Formst\u00f8pte \u00d8repropper<\/h2>\n<p>Form dine personlige \u00f8replugger til dine egne \u00f8rer p\u00e5 en enkel, rask og smidig m\u00e5te. \u00d8reproppene beskytter mot b\u00e5de lydb\u00f8lger og v\u00e5thet. Fordi pluggene beholder sin form, kan de brukes flere ganger. Du kan for eksempel ogs\u00e5 vaske \u00f8reproppene i oppvaskmaskinen. De forhindrer at vann kommer inn i \u00f8ret n\u00e5r du sv\u00f8mmer. De lukker ogs\u00e5 lyd n\u00e5r de flyr eller sover. De kan ogs\u00e5 gjenbrukes i lang tid, 10 \u00e5r er ikke en uvanlig holdbarhet. Men fremfor alt er de komfortable \u00e5 bruke fordi de har blitt st\u00f8pt.<img loading=\"lazy\" decoding=\"async\" class=\"alignleft size-full wp-image-70360\" src=\"\/wp-content\/uploads\/2019\/03\/F\u00f6rdelar.png\" alt=\"\" width=\"673\" height=\"174\" srcset=\"https:\/\/medtest.stagingservers.net\/wp-content\/uploads\/2019\/03\/F\u00f6rdelar.png 673w, https:\/\/medtest.stagingservers.net\/wp-content\/uploads\/2019\/03\/F\u00f6rdelar-600x155.png 600w, https:\/\/medtest.stagingservers.net\/wp-content\/uploads\/2019\/03\/F\u00f6rdelar-200x52.png 200w, https:\/\/medtest.stagingservers.net\/wp-content\/uploads\/2019\/03\/F\u00f6rdelar-300x78.png 300w, https:\/\/medtest.stagingservers.net\/wp-content\/uploads\/2019\/03\/F\u00f6rdelar-416x108.png 416w\" sizes=\"auto, (max-width: 673px) 100vw, 673px\" \/><\/p>\n<h3>Fordeler med v\u00e5re unike \u00f8repropper:<\/h3>\n<ul>\n<li>St\u00f8pt etter dine egne \u00f8rer<\/li>\n<li>Formbestandige<\/li>\n<li>Lydisolering 24 dB<\/li>\n<li>Vann isolasjon<\/li>\n<li>Kompresjonsdeformasjon&lt;1%<\/li>\n<li>Komfortabel<\/li>\n<li>Gjenbrukbare<\/li>\n<li>God kliniskbevist<\/li>\n<li>Ikke giftig<\/li>\n<li>Sendt idag<\/li>\n<li>100% kundetilfredshetgaranti<\/li>\n<\/ul>\n<h3>Slik gj\u00f8r du det<\/h3>\n<p>Tilpass \u00f8replugger for \u00f8rene dine. Beskytter deg komfortabelt ved f.eks. sove, flyturer og konserter. Bland bl\u00e5 og hvit masse f\u00f8r ingen hvitmasse er sett. Del massen i to like deler og form i baller. Trykk en ball inn i hver \u00f8regang med en finger. Stivner i \u00f8ret om 10 minutter. Deretter sitter de forsvarlig og demper betydelig mot ubehagelige lyder. I tillegger de vaskbareoggjenbrukbare.<\/p>\n<h3>Materialet<\/h3>\n<p>Massen best\u00e5r av polyvinylsiloksaner (PVS) som har lav molekylvekt. PVS inneholder silangrupper som knytter sammen for \u00e5 danne et nettverk av kjeder som gir materialet en unik karakter. Dette minner om \u201dgummi\u201d. Selv PVS er en elastomer som forblir i stabil tilstand selv etter at massen har st\u00f8rknet. S\u00e5 n\u00e5r moldingen av \u00f8rene er klar og massen har st\u00f8rknet, skjer dette med et forsiktig sluttresultat.<\/p>\n<p>I over 30 \u00e5r har PVC blitt brukt i kliniske sammenhenger.\u00a0Materialet er sikre og ikke s\u00e6rlig f\u00f8lsomme pasienter.<\/p>\n<p>&nbsp;<\/p>\n<p><img loading=\"lazy\" decoding=\"async\" class=\"size-full wp-image-70357 aligncenter\" src=\"\/wp-content\/uploads\/2019\/07\/Duschning-NO-1.png\" alt=\"\" width=\"1060\" height=\"538\" srcset=\"https:\/\/medtest.stagingservers.net\/wp-content\/uploads\/2019\/07\/Duschning-NO-1.png 1060w, https:\/\/medtest.stagingservers.net\/wp-content\/uploads\/2019\/07\/Duschning-NO-1-600x305.png 600w, https:\/\/medtest.stagingservers.net\/wp-content\/uploads\/2019\/07\/Duschning-NO-1-200x102.png 200w, https:\/\/medtest.stagingservers.net\/wp-content\/uploads\/2019\/07\/Duschning-NO-1-720x365.png 720w, https:\/\/medtest.stagingservers.net\/wp-content\/uploads\/2019\/07\/Duschning-NO-1-768x390.png 768w, https:\/\/medtest.stagingservers.net\/wp-content\/uploads\/2019\/07\/Duschning-NO-1-416x211.png 416w\" sizes=\"auto, (max-width: 1060px) 100vw, 1060px\" \/><\/p>\n<p>&nbsp;<\/p>\n<p>Har du sp\u00f8rsm\u00e5l om v\u00e5re \u00f8repropper, vennligst\u00a0<a href=\"https:\/\/medtest.stagingservers.net\/no\/kontakt-oss\/\">kontakt oss her<\/a>. Vi pr\u00f8ver \u00e5 holde s\u00e5 god service som mulig ved \u00e5 svare p\u00e5 alle sp\u00f8rsm\u00e5l innen 24 timer.<\/p>\n","protected":false},"excerpt":{"rendered":"<p>Form dine personlige \u00f8replugger til dine egne \u00f8rer p\u00e5 en enkel, rask og smidig m\u00e5te. \u00d8reproppene beskytter mot b\u00e5de lydb\u00f8lger og v\u00e5thet. Fordi pluggene beholder sin form, kan de brukes flere ganger. Du kan for eksempel ogs\u00e5 vaske \u00f8reproppene i oppvaskmaskinen. De forhindrer at vann kommer inn i \u00f8ret n\u00e5r du sv\u00f8mmer. De lukker ogs\u00e5 lyd n\u00e5r de flyr eller sover. De kan ogs\u00e5 gjenbrukes i lang tid, 10 \u00e5r er ikke en uvanlig holdbarhet. Men fremfor alt er de komfortable \u00e5 bruke fordi de har blitt st\u00f8pt.<\/p>\n","protected":false},"featured_media":65891,"comment_status":"closed","ping_status":"closed","template":"","meta":{"_acf_changed":false,"footnotes":""},"product_brand":[],"product_cat":[757],"product_tag":[],"class_list":{"0":"post-70033","1":"product","2":"type-product","3":"status-publish","4":"has-post-thumbnail","6":"product_cat-formstopte-orepropper","8":"first","9":"instock","10":"taxable","11":"shipping-taxable","12":"purchasable","13":"product-type-variable"},"acf":[],"yoast_head":"<title>\u00d8repropper - Form dine personlige \u00f8replugger - Medtest<\/title>\n<meta name=\"description\" content=\"\u00d8repropper - Form dine personlige \u00f8replugger - \u00d8replugger som du skreddersyr til \u00f8rene dine. Vannisolerende og formfast. Lukk lyden n\u00e5r du flyr eller sover\" \/>\n<meta name=\"robots\" content=\"noindex, follow, max-snippet:-1, max-image-preview:large, max-video-preview:-1\" \/>\n<meta property=\"og:locale\" content=\"nb_NO\" \/>\n<meta property=\"og:type\" content=\"article\" \/>\n<meta property=\"og:title\" content=\"\u00d8repropper - Form dine personlige \u00f8replugger - Medtest\" \/>\n<meta property=\"og:description\" content=\"\u00d8repropper - Form dine personlige \u00f8replugger - \u00d8replugger som du skreddersyr til \u00f8rene dine. Vannisolerende og formfast. Lukk lyden n\u00e5r du flyr eller sover\" \/>\n<meta property=\"og:url\" content=\"https:\/\/medtest.stagingservers.net\/no\/produkt\/formstopte-orepropper\/\" \/>\n<meta property=\"og:site_name\" content=\"Medtest.shop\" \/>\n<meta property=\"article:publisher\" content=\"https:\/\/www.facebook.com\/Medtest-1440779469392476\/\" \/>\n<meta property=\"article:modified_time\" content=\"2019-09-23T13:54:36+00:00\" \/>\n<meta property=\"og:image\" content=\"https:\/\/medtest.stagingservers.net\/wp-content\/uploads\/2019\/05\/Ear-plug-HS.jpeg\" \/>\n\t<meta property=\"og:image:width\" content=\"2100\" \/>\n\t<meta property=\"og:image:height\" content=\"1400\" \/>\n\t<meta property=\"og:image:type\" content=\"image\/jpeg\" \/>\n<meta name=\"twitter:card\" content=\"summary_large_image\" \/>\n<script type=\"application\/ld+json\" class=\"yoast-schema-graph\">{\"@context\":\"https:\\\/\\\/schema.org\",\"@graph\":[{\"@type\":\"WebPage\",\"@id\":\"https:\\\/\\\/medtest.stagingservers.net\\\/no\\\/produkt\\\/formstopte-orepropper\\\/\",\"url\":\"https:\\\/\\\/medtest.stagingservers.net\\\/no\\\/produkt\\\/formstopte-orepropper\\\/\",\"name\":\"\u00d8repropper - Form dine personlige \u00f8replugger - Medtest\",\"isPartOf\":{\"@id\":\"https:\\\/\\\/medtest.stagingservers.net\\\/no\\\/#website\"},\"primaryImageOfPage\":{\"@id\":\"https:\\\/\\\/medtest.stagingservers.net\\\/no\\\/produkt\\\/formstopte-orepropper\\\/#primaryimage\"},\"image\":{\"@id\":\"https:\\\/\\\/medtest.stagingservers.net\\\/no\\\/produkt\\\/formstopte-orepropper\\\/#primaryimage\"},\"thumbnailUrl\":\"https:\\\/\\\/medtest.stagingservers.net\\\/wp-content\\\/uploads\\\/2019\\\/05\\\/Ear-plug-HS.jpeg\",\"datePublished\":\"2019-07-05T09:59:42+00:00\",\"dateModified\":\"2019-09-23T13:54:36+00:00\",\"description\":\"\u00d8repropper - Form dine personlige \u00f8replugger - \u00d8replugger som du skreddersyr til \u00f8rene dine. Vannisolerende og formfast. Lukk lyden n\u00e5r du flyr eller sover\",\"breadcrumb\":{\"@id\":\"https:\\\/\\\/medtest.stagingservers.net\\\/no\\\/produkt\\\/formstopte-orepropper\\\/#breadcrumb\"},\"inLanguage\":\"nb-NO\",\"potentialAction\":[{\"@type\":\"ReadAction\",\"target\":[\"https:\\\/\\\/medtest.stagingservers.net\\\/no\\\/produkt\\\/formstopte-orepropper\\\/\"]}]},{\"@type\":\"ImageObject\",\"inLanguage\":\"nb-NO\",\"@id\":\"https:\\\/\\\/medtest.stagingservers.net\\\/no\\\/produkt\\\/formstopte-orepropper\\\/#primaryimage\",\"url\":\"https:\\\/\\\/medtest.stagingservers.net\\\/wp-content\\\/uploads\\\/2019\\\/05\\\/Ear-plug-HS.jpeg\",\"contentUrl\":\"https:\\\/\\\/medtest.stagingservers.net\\\/wp-content\\\/uploads\\\/2019\\\/05\\\/Ear-plug-HS.jpeg\",\"width\":2100,\"height\":1400,\"caption\":\"Formgjut dina egna \u00f6ronproppar\"},{\"@type\":\"BreadcrumbList\",\"@id\":\"https:\\\/\\\/medtest.stagingservers.net\\\/no\\\/produkt\\\/formstopte-orepropper\\\/#breadcrumb\",\"itemListElement\":[{\"@type\":\"ListItem\",\"position\":1,\"name\":\"Home\",\"item\":\"https:\\\/\\\/medtest.stagingservers.net\\\/no\\\/\"},{\"@type\":\"ListItem\",\"position\":2,\"name\":\"Butikk\",\"item\":\"https:\\\/\\\/medtest.stagingservers.net\\\/no\\\/butikk\\\/\"},{\"@type\":\"ListItem\",\"position\":3,\"name\":\"Formst\u00f8pte \u00d8repropper\"}]},{\"@type\":\"WebSite\",\"@id\":\"https:\\\/\\\/medtest.stagingservers.net\\\/no\\\/#website\",\"url\":\"https:\\\/\\\/medtest.stagingservers.net\\\/no\\\/\",\"name\":\"Medtest.shop\",\"description\":\"\",\"publisher\":{\"@id\":\"https:\\\/\\\/medtest.stagingservers.net\\\/no\\\/#organization\"},\"potentialAction\":[{\"@type\":\"SearchAction\",\"target\":{\"@type\":\"EntryPoint\",\"urlTemplate\":\"https:\\\/\\\/medtest.stagingservers.net\\\/no\\\/?s={search_term_string}\"},\"query-input\":{\"@type\":\"PropertyValueSpecification\",\"valueRequired\":true,\"valueName\":\"search_term_string\"}}],\"inLanguage\":\"nb-NO\"},{\"@type\":\"Organization\",\"@id\":\"https:\\\/\\\/medtest.stagingservers.net\\\/no\\\/#organization\",\"name\":\"Medtest\",\"url\":\"https:\\\/\\\/medtest.stagingservers.net\\\/no\\\/\",\"logo\":{\"@type\":\"ImageObject\",\"inLanguage\":\"nb-NO\",\"@id\":\"https:\\\/\\\/medtest.stagingservers.net\\\/no\\\/#\\\/schema\\\/logo\\\/image\\\/\",\"url\":\"https:\\\/\\\/medtest.stagingservers.net\\\/wp-content\\\/uploads\\\/2018\\\/11\\\/Original.png\",\"contentUrl\":\"https:\\\/\\\/medtest.stagingservers.net\\\/wp-content\\\/uploads\\\/2018\\\/11\\\/Original.png\",\"width\":1024,\"height\":1024,\"caption\":\"Medtest\"},\"image\":{\"@id\":\"https:\\\/\\\/medtest.stagingservers.net\\\/no\\\/#\\\/schema\\\/logo\\\/image\\\/\"},\"sameAs\":[\"https:\\\/\\\/www.facebook.com\\\/Medtest-1440779469392476\\\/\"]}]}<\/script>","yoast_head_json":{"title":"\u00d8repropper - Form dine personlige \u00f8replugger - Medtest","description":"\u00d8repropper - Form dine personlige \u00f8replugger - \u00d8replugger som du skreddersyr til \u00f8rene dine. Vannisolerende og formfast. Lukk lyden n\u00e5r du flyr eller sover","robots":{"index":"noindex","follow":"follow","max-snippet":"max-snippet:-1","max-image-preview":"max-image-preview:large","max-video-preview":"max-video-preview:-1"},"og_locale":"nb_NO","og_type":"article","og_title":"\u00d8repropper - Form dine personlige \u00f8replugger - Medtest","og_description":"\u00d8repropper - Form dine personlige \u00f8replugger - \u00d8replugger som du skreddersyr til \u00f8rene dine. Vannisolerende og formfast. Lukk lyden n\u00e5r du flyr eller sover","og_url":"https:\/\/medtest.stagingservers.net\/no\/produkt\/formstopte-orepropper\/","og_site_name":"Medtest.shop","article_publisher":"https:\/\/www.facebook.com\/Medtest-1440779469392476\/","article_modified_time":"2019-09-23T13:54:36+00:00","og_image":[{"width":2100,"height":1400,"url":"https:\/\/medtest.stagingservers.net\/wp-content\/uploads\/2019\/05\/Ear-plug-HS.jpeg","type":"image\/jpeg"}],"twitter_card":"summary_large_image","schema":{"@context":"https:\/\/schema.org","@graph":[{"@type":"WebPage","@id":"https:\/\/medtest.stagingservers.net\/no\/produkt\/formstopte-orepropper\/","url":"https:\/\/medtest.stagingservers.net\/no\/produkt\/formstopte-orepropper\/","name":"\u00d8repropper - Form dine personlige \u00f8replugger - Medtest","isPartOf":{"@id":"https:\/\/medtest.stagingservers.net\/no\/#website"},"primaryImageOfPage":{"@id":"https:\/\/medtest.stagingservers.net\/no\/produkt\/formstopte-orepropper\/#primaryimage"},"image":{"@id":"https:\/\/medtest.stagingservers.net\/no\/produkt\/formstopte-orepropper\/#primaryimage"},"thumbnailUrl":"https:\/\/medtest.stagingservers.net\/wp-content\/uploads\/2019\/05\/Ear-plug-HS.jpeg","datePublished":"2019-07-05T09:59:42+00:00","dateModified":"2019-09-23T13:54:36+00:00","description":"\u00d8repropper - Form dine personlige \u00f8replugger - \u00d8replugger som du skreddersyr til \u00f8rene dine. Vannisolerende og formfast. Lukk lyden n\u00e5r du flyr eller sover","breadcrumb":{"@id":"https:\/\/medtest.stagingservers.net\/no\/produkt\/formstopte-orepropper\/#breadcrumb"},"inLanguage":"nb-NO","potentialAction":[{"@type":"ReadAction","target":["https:\/\/medtest.stagingservers.net\/no\/produkt\/formstopte-orepropper\/"]}]},{"@type":"ImageObject","inLanguage":"nb-NO","@id":"https:\/\/medtest.stagingservers.net\/no\/produkt\/formstopte-orepropper\/#primaryimage","url":"https:\/\/medtest.stagingservers.net\/wp-content\/uploads\/2019\/05\/Ear-plug-HS.jpeg","contentUrl":"https:\/\/medtest.stagingservers.net\/wp-content\/uploads\/2019\/05\/Ear-plug-HS.jpeg","width":2100,"height":1400,"caption":"Formgjut dina egna \u00f6ronproppar"},{"@type":"BreadcrumbList","@id":"https:\/\/medtest.stagingservers.net\/no\/produkt\/formstopte-orepropper\/#breadcrumb","itemListElement":[{"@type":"ListItem","position":1,"name":"Home","item":"https:\/\/medtest.stagingservers.net\/no\/"},{"@type":"ListItem","position":2,"name":"Butikk","item":"https:\/\/medtest.stagingservers.net\/no\/butikk\/"},{"@type":"ListItem","position":3,"name":"Formst\u00f8pte \u00d8repropper"}]},{"@type":"WebSite","@id":"https:\/\/medtest.stagingservers.net\/no\/#website","url":"https:\/\/medtest.stagingservers.net\/no\/","name":"Medtest.shop","description":"","publisher":{"@id":"https:\/\/medtest.stagingservers.net\/no\/#organization"},"potentialAction":[{"@type":"SearchAction","target":{"@type":"EntryPoint","urlTemplate":"https:\/\/medtest.stagingservers.net\/no\/?s={search_term_string}"},"query-input":{"@type":"PropertyValueSpecification","valueRequired":true,"valueName":"search_term_string"}}],"inLanguage":"nb-NO"},{"@type":"Organization","@id":"https:\/\/medtest.stagingservers.net\/no\/#organization","name":"Medtest","url":"https:\/\/medtest.stagingservers.net\/no\/","logo":{"@type":"ImageObject","inLanguage":"nb-NO","@id":"https:\/\/medtest.stagingservers.net\/no\/#\/schema\/logo\/image\/","url":"https:\/\/medtest.stagingservers.net\/wp-content\/uploads\/2018\/11\/Original.png","contentUrl":"https:\/\/medtest.stagingservers.net\/wp-content\/uploads\/2018\/11\/Original.png","width":1024,"height":1024,"caption":"Medtest"},"image":{"@id":"https:\/\/medtest.stagingservers.net\/no\/#\/schema\/logo\/image\/"},"sameAs":["https:\/\/www.facebook.com\/Medtest-1440779469392476\/"]}]}},"_links":{"self":[{"href":"https:\/\/medtest.stagingservers.net\/no\/wp-json\/wp\/v2\/product\/70033","targetHints":{"allow":["GET"]}}],"collection":[{"href":"https:\/\/medtest.stagingservers.net\/no\/wp-json\/wp\/v2\/product"}],"about":[{"href":"https:\/\/medtest.stagingservers.net\/no\/wp-json\/wp\/v2\/types\/product"}],"replies":[{"embeddable":true,"href":"https:\/\/medtest.stagingservers.net\/no\/wp-json\/wp\/v2\/comments?post=70033"}],"version-history":[{"count":0,"href":"https:\/\/medtest.stagingservers.net\/no\/wp-json\/wp\/v2\/product\/70033\/revisions"}],"wp:featuredmedia":[{"embeddable":true,"href":"https:\/\/medtest.stagingservers.net\/no\/wp-json\/wp\/v2\/media\/65891"}],"wp:attachment":[{"href":"https:\/\/medtest.stagingservers.net\/no\/wp-json\/wp\/v2\/media?parent=70033"}],"wp:term":[{"taxonomy":"product_brand","embeddable":true,"href":"https:\/\/medtest.stagingservers.net\/no\/wp-json\/wp\/v2\/product_brand?post=70033"},{"taxonomy":"product_cat","embeddable":true,"href":"https:\/\/medtest.stagingservers.net\/no\/wp-json\/wp\/v2\/product_cat?post=70033"},{"taxonomy":"product_tag","embeddable":true,"href":"https:\/\/medtest.stagingservers.net\/no\/wp-json\/wp\/v2\/product_tag?post=70033"}],"curies":[{"name":"wp","href":"https:\/\/api.w.org\/{rel}","templated":true}]}}