{"id":70039,"date":"2019-07-05T10:24:51","date_gmt":"2019-07-05T10:24:51","guid":{"rendered":"https:\/\/medtest.stagingservers.net\/product\/klamydia-test-2\/"},"modified":"2021-03-27T15:50:22","modified_gmt":"2021-03-27T13:50:22","slug":"klamydia-test","status":"publish","type":"product","link":"https:\/\/medtest.stagingservers.net\/no\/produkt\/klamydia-test\/","title":{"rendered":"Klamydia test"},"content":{"rendered":"<h2>Klamydia test<\/h2>\n<h4>Slik fungerer testen<\/h4>\n<p>V\u00e5rt klamydia test er en rask test for \u00e5 kvalitativt oppdage klamydia antigenet plassert i livmorhalsen (kvinnelig) eller urinr\u00f8ret (mannlig), noe som resulterer i resultater etter 5-10 minutter. Et antistoff spesifikt for klamydia er belagt p\u00e5 membranen i testkassetten. N\u00e5r pr\u00f8ve oppl\u00f8sningen slippes p\u00e5 test kassetten, migrerer pr\u00f8ven oppover i membranen, som deretter reagerer med klamydia antistoffet, genererer en farget linje i testlinjegruppen. Tilstedev\u00e6relsen av den fargede linjen i testlinjeplassen indikerer et positivt resultat, mens frav\u00e6ret indikerer et negativt resultat. Dette produktet er CE-merket for profesjonell bruk av helsepersonell. Det er ikke ment eller testet for hjemmebruk.<\/p>\n<h4><span class=\"textheading2\">Fakta om Klamydia<\/span><\/h4>\n<p>Klamydia er en av de vanligste og raskest spredte seksuelt overf\u00f8rbare sykdommene blant unge mennesker, og mange er ber\u00f8rt uten \u00e5 vite det. Uten behandling kan klamydia f\u00f8re til sterilitet hos b\u00e5de menn og kvinner. Det er derfor viktig \u00e5 teste om du har hatt ubeskyttet sex.<\/p>\n<h4>Hvordan blir du smittet?<\/h4>\n<p>Gjennom samleie uten kondom n\u00e5r slimhinner kommer i kontakt med hverandre. Dette gjelder ogs\u00e5 analsex og oralsex. Chlamydia smitter ikke ved h\u00e5ndtrykk, badstuksjokk, kl\u00e6r, h\u00e5ndkl\u00e6r eller toaletter. Ved f\u00f8dsel kan barnet ogs\u00e5 bli smittet av moren hvis hun har chlamydia med komplikasjoner som f\u00f8lge av dette.<\/p>\n<h4>Symptomer<\/h4>\n<p>De fleste, b\u00e5de menn og kvinner, som er smittet med klamydia, har ingen symptomer, men kan fortsatt overf\u00f8re infeksjonen. Symptomer, hvis tilstede, vil oppst\u00e5 en til tre uker etter infeksjon. Det vanligste symptomet hos b\u00e5de menn og kvinner er at det kveles n\u00e5r man urinerer. Bevegelser fra urinr\u00f8ret, smerte eller hevelse i skrotet, bl\u00f8dning (hos kvinner), smerter i underlivet og smerte under samleie er andre symptomer.<\/p>\n<p>Detekteringsverdien av chlamydia trachomatis b\u00f8r v\u00e6re st\u00f8rre enn 2 x 10 3 IFU \/ ml. N\u00f8yaktigheten er 97,2% forutsatt at testen utf\u00f8res i henhold til bruksanvisningen.<\/p>\n<div>\n<h4><strong>Bruksanvisning<\/strong><\/h4>\n<h5>Uriner ikke minst en time f\u00f8r du utf\u00f8rer testen!<\/h5>\n<p>1. <strong>A) VAGINA (KVINNE).<\/strong> Sett vatt pinnen inn i vaginal kanalen til det meste av spissen ikke lenger er synlig. Vri toppen 360 grader i en retning (med klokken eller mot klokken), og la den st\u00e5 i ro 15 sekunder. Trekk pinnen ut av vagina. Pr\u00f8v \u00e5 unng\u00e5 forurensning fra vaginale celler eller fra utsides slim \/ sekresjoner.<br \/>\n1. <strong>B) URINR\u00d8R (MANN).<\/strong> Sett vatt pinnen inn i urinr\u00f8ret ca 2-4 cm. Vri pinnen 360 grader i en retning (med klokken eller mot urviseren), la st\u00e5 i ro 15 sekunder, og trekk deretter pinnen ut av urinr\u00f8ret.<br \/>\n2. Sett inn vatt pinnen i reagensr\u00f8ret og tilsett 5 dr\u00e5per reagens A. Klem toppen ved \u00e5 trykke p\u00e5 utsiden av r\u00f8ret i bunnen av r\u00f8ret og rotere i vannet 15 ganger. La i 2 minutter.<br \/>\n3. Tilsett 4 dr\u00e5per reagens B til reagensr\u00f8ret. L\u00f8sningen blir overskyet. Roter i vannet 15 ganger til l\u00f8sningen endres til en klar farge med en liten gr\u00f8nn eller bl\u00e5 nyanse. Hvis vannet er blodig, blir fargen gul eller brun. La i 1 minutt.<br \/>\n4. L\u00f8ft vatt pinnen og klem ut v\u00e6sken i testr\u00f8ret. Kast pinnen. Hold s\u00e5 mye v\u00e6ske i r\u00f8ret som mulig.<br \/>\n5. Installer dr\u00e5pedysen p\u00e5 pr\u00f8velederen.<br \/>\n6. Klem ut 3 fulle dr\u00e5per av den ekstraherte l\u00f8sningen i pr\u00f8vebr\u00f8nnen (S) p\u00e5 testkassetten og les svaret etter 5-10 min.<\/p>\n<p><img loading=\"lazy\" decoding=\"async\" class=\"alignnone wp-image-55354\" src=\"\/wp-content\/uploads\/2018\/11\/Klam-gon-Bild.png\" alt=\"\" width=\"957\" height=\"434\" \/><\/p>\n<h5><strong>Tolkning av resultat<\/strong><\/h5>\n<p><img loading=\"lazy\" decoding=\"async\" class=\" wp-image-55364 alignnone\" src=\"\/wp-content\/uploads\/2018\/11\/Test-resultat.png\" alt=\"\" width=\"248\" height=\"174\" srcset=\"https:\/\/medtest.stagingservers.net\/wp-content\/uploads\/2018\/11\/Test-resultat.png 351w, https:\/\/medtest.stagingservers.net\/wp-content\/uploads\/2018\/11\/Test-resultat-300x210.png 300w\" sizes=\"auto, (max-width: 248px) 100vw, 248px\" \/><\/p>\n<\/div>\n<p><strong>Positiv<\/strong>: To linjer (rosa-lilla) vises i b\u00e5de kontrollomr\u00e5det og testomr\u00e5det<\/p>\n<p><strong>Negativ<\/strong>: Bare en farge (rosa-lilla) linje vises i kontrollomr\u00e5det.<\/p>\n<p><strong>Ugyldig<\/strong>: Hvis det ikke er noe klart rosa-lilla fargeb\u00e5nd synlig b\u00e5de i TEST og KONTROLL-omr\u00e5det, er testen ugyldig. Det anbefales at testen i dette tilfellet gjentas.<\/p>\n<h4><strong>Oppbevaring<\/strong><\/h4>\n<p>Oppbevar testen i lukket emballasje, enten ved romtemperatur eller avkj\u00f8lt (2-30\u00b0 C). Test kassetten er stabil selv om utl\u00f8psdato er angitt p\u00e5 pakken. Test enheten skal forbli i den forseglede posen til bruk. M\u00e5 ikke fryses.<\/p>\n","protected":false},"excerpt":{"rendered":"<p>V\u00e5rt klamydia test er en rask test for \u00e5 kvalitativt oppdage klamydia antigenet plassert i livmorhalsen (kvinnelig) eller urinr\u00f8ret (mannlig), noe som resulterer i resultater etter 5-10 minutter. Et antistoff spesifikt for klamydia er belagt p\u00e5 membranen i testkassetten. N\u00e5r pr\u00f8ve oppl\u00f8sningen slippes p\u00e5 test kassetten, migrerer pr\u00f8ven oppover i membranen, som deretter reagerer med klamydia antistoffet, genererer en farget linje i testlinjegruppen. Tilstedev\u00e6relsen av den fargede linjen i testlinjeplassen indikerer et positivt resultat, mens frav\u00e6ret indikerer et negativt resultat.<\/p>\n","protected":false},"featured_media":77762,"comment_status":"closed","ping_status":"closed","template":"","meta":{"_acf_changed":false,"footnotes":""},"product_brand":[],"product_cat":[777],"product_tag":[],"class_list":{"0":"post-70039","1":"product","2":"type-product","3":"status-publish","4":"has-post-thumbnail","6":"product_cat-klamydia-no","8":"first","9":"instock","10":"taxable","11":"shipping-taxable","12":"purchasable","13":"product-type-variable","14":"has-default-attributes"},"acf":[],"yoast_head":"<title>Klamydia test - Medtest.shop - Klamydia hemtest med svar inom 10 minuter<\/title>\n<meta name=\"description\" content=\"Klamydia test - Medtest.shop Klamydiatest som detekterar bakterien Chlamydia Trachomatis. Hemtestet som ger resultat inom 10 minuter.\" \/>\n<meta name=\"robots\" content=\"noindex, follow, max-snippet:-1, max-image-preview:large, max-video-preview:-1\" \/>\n<meta property=\"og:locale\" content=\"nb_NO\" \/>\n<meta property=\"og:type\" content=\"article\" \/>\n<meta property=\"og:title\" content=\"Klamydia test - Medtest.shop - Klamydia hemtest med svar inom 10 minuter\" \/>\n<meta property=\"og:description\" content=\"Klamydia test - Medtest.shop Klamydiatest som detekterar bakterien Chlamydia Trachomatis. Hemtestet som ger resultat inom 10 minuter.\" \/>\n<meta property=\"og:url\" content=\"https:\/\/medtest.stagingservers.net\/no\/produkt\/klamydia-test\/\" \/>\n<meta property=\"og:site_name\" content=\"Medtest.shop\" \/>\n<meta property=\"article:publisher\" content=\"https:\/\/www.facebook.com\/Medtest-1440779469392476\/\" \/>\n<meta property=\"article:modified_time\" content=\"2021-03-27T13:50:22+00:00\" \/>\n<meta property=\"og:image\" content=\"https:\/\/medtest.stagingservers.net\/wp-content\/uploads\/2019\/07\/Klam-Gon.png\" \/>\n\t<meta property=\"og:image:width\" content=\"1200\" \/>\n\t<meta property=\"og:image:height\" content=\"897\" \/>\n\t<meta property=\"og:image:type\" content=\"image\/png\" \/>\n<meta name=\"twitter:card\" content=\"summary_large_image\" \/>\n<script type=\"application\/ld+json\" class=\"yoast-schema-graph\">{\"@context\":\"https:\\\/\\\/schema.org\",\"@graph\":[{\"@type\":\"WebPage\",\"@id\":\"https:\\\/\\\/medtest.stagingservers.net\\\/no\\\/produkt\\\/klamydia-test\\\/\",\"url\":\"https:\\\/\\\/medtest.stagingservers.net\\\/no\\\/produkt\\\/klamydia-test\\\/\",\"name\":\"Klamydia test - Medtest.shop - Klamydia hemtest med svar inom 10 minuter\",\"isPartOf\":{\"@id\":\"https:\\\/\\\/medtest.stagingservers.net\\\/no\\\/#website\"},\"primaryImageOfPage\":{\"@id\":\"https:\\\/\\\/medtest.stagingservers.net\\\/no\\\/produkt\\\/klamydia-test\\\/#primaryimage\"},\"image\":{\"@id\":\"https:\\\/\\\/medtest.stagingservers.net\\\/no\\\/produkt\\\/klamydia-test\\\/#primaryimage\"},\"thumbnailUrl\":\"https:\\\/\\\/medtest.stagingservers.net\\\/wp-content\\\/uploads\\\/2019\\\/07\\\/Klam-Gon.png\",\"datePublished\":\"2019-07-05T10:24:51+00:00\",\"dateModified\":\"2021-03-27T13:50:22+00:00\",\"description\":\"Klamydia test - Medtest.shop Klamydiatest som detekterar bakterien Chlamydia Trachomatis. Hemtestet som ger resultat inom 10 minuter.\",\"breadcrumb\":{\"@id\":\"https:\\\/\\\/medtest.stagingservers.net\\\/no\\\/produkt\\\/klamydia-test\\\/#breadcrumb\"},\"inLanguage\":\"nb-NO\",\"potentialAction\":[{\"@type\":\"ReadAction\",\"target\":[\"https:\\\/\\\/medtest.stagingservers.net\\\/no\\\/produkt\\\/klamydia-test\\\/\"]}]},{\"@type\":\"ImageObject\",\"inLanguage\":\"nb-NO\",\"@id\":\"https:\\\/\\\/medtest.stagingservers.net\\\/no\\\/produkt\\\/klamydia-test\\\/#primaryimage\",\"url\":\"https:\\\/\\\/medtest.stagingservers.net\\\/wp-content\\\/uploads\\\/2019\\\/07\\\/Klam-Gon.png\",\"contentUrl\":\"https:\\\/\\\/medtest.stagingservers.net\\\/wp-content\\\/uploads\\\/2019\\\/07\\\/Klam-Gon.png\",\"width\":1200,\"height\":897},{\"@type\":\"BreadcrumbList\",\"@id\":\"https:\\\/\\\/medtest.stagingservers.net\\\/no\\\/produkt\\\/klamydia-test\\\/#breadcrumb\",\"itemListElement\":[{\"@type\":\"ListItem\",\"position\":1,\"name\":\"Home\",\"item\":\"https:\\\/\\\/medtest.stagingservers.net\\\/no\\\/\"},{\"@type\":\"ListItem\",\"position\":2,\"name\":\"Butikk\",\"item\":\"https:\\\/\\\/medtest.stagingservers.net\\\/no\\\/butikk\\\/\"},{\"@type\":\"ListItem\",\"position\":3,\"name\":\"Klamydia test\"}]},{\"@type\":\"WebSite\",\"@id\":\"https:\\\/\\\/medtest.stagingservers.net\\\/no\\\/#website\",\"url\":\"https:\\\/\\\/medtest.stagingservers.net\\\/no\\\/\",\"name\":\"Medtest.shop\",\"description\":\"\",\"publisher\":{\"@id\":\"https:\\\/\\\/medtest.stagingservers.net\\\/no\\\/#organization\"},\"potentialAction\":[{\"@type\":\"SearchAction\",\"target\":{\"@type\":\"EntryPoint\",\"urlTemplate\":\"https:\\\/\\\/medtest.stagingservers.net\\\/no\\\/?s={search_term_string}\"},\"query-input\":{\"@type\":\"PropertyValueSpecification\",\"valueRequired\":true,\"valueName\":\"search_term_string\"}}],\"inLanguage\":\"nb-NO\"},{\"@type\":\"Organization\",\"@id\":\"https:\\\/\\\/medtest.stagingservers.net\\\/no\\\/#organization\",\"name\":\"Medtest\",\"url\":\"https:\\\/\\\/medtest.stagingservers.net\\\/no\\\/\",\"logo\":{\"@type\":\"ImageObject\",\"inLanguage\":\"nb-NO\",\"@id\":\"https:\\\/\\\/medtest.stagingservers.net\\\/no\\\/#\\\/schema\\\/logo\\\/image\\\/\",\"url\":\"https:\\\/\\\/medtest.stagingservers.net\\\/wp-content\\\/uploads\\\/2018\\\/11\\\/Original.png\",\"contentUrl\":\"https:\\\/\\\/medtest.stagingservers.net\\\/wp-content\\\/uploads\\\/2018\\\/11\\\/Original.png\",\"width\":1024,\"height\":1024,\"caption\":\"Medtest\"},\"image\":{\"@id\":\"https:\\\/\\\/medtest.stagingservers.net\\\/no\\\/#\\\/schema\\\/logo\\\/image\\\/\"},\"sameAs\":[\"https:\\\/\\\/www.facebook.com\\\/Medtest-1440779469392476\\\/\"]}]}<\/script>","yoast_head_json":{"title":"Klamydia test - Medtest.shop - Klamydia hemtest med svar inom 10 minuter","description":"Klamydia test - Medtest.shop Klamydiatest som detekterar bakterien Chlamydia Trachomatis. Hemtestet som ger resultat inom 10 minuter.","robots":{"index":"noindex","follow":"follow","max-snippet":"max-snippet:-1","max-image-preview":"max-image-preview:large","max-video-preview":"max-video-preview:-1"},"og_locale":"nb_NO","og_type":"article","og_title":"Klamydia test - Medtest.shop - Klamydia hemtest med svar inom 10 minuter","og_description":"Klamydia test - Medtest.shop Klamydiatest som detekterar bakterien Chlamydia Trachomatis. Hemtestet som ger resultat inom 10 minuter.","og_url":"https:\/\/medtest.stagingservers.net\/no\/produkt\/klamydia-test\/","og_site_name":"Medtest.shop","article_publisher":"https:\/\/www.facebook.com\/Medtest-1440779469392476\/","article_modified_time":"2021-03-27T13:50:22+00:00","og_image":[{"width":1200,"height":897,"url":"https:\/\/medtest.stagingservers.net\/wp-content\/uploads\/2019\/07\/Klam-Gon.png","type":"image\/png"}],"twitter_card":"summary_large_image","schema":{"@context":"https:\/\/schema.org","@graph":[{"@type":"WebPage","@id":"https:\/\/medtest.stagingservers.net\/no\/produkt\/klamydia-test\/","url":"https:\/\/medtest.stagingservers.net\/no\/produkt\/klamydia-test\/","name":"Klamydia test - Medtest.shop - Klamydia hemtest med svar inom 10 minuter","isPartOf":{"@id":"https:\/\/medtest.stagingservers.net\/no\/#website"},"primaryImageOfPage":{"@id":"https:\/\/medtest.stagingservers.net\/no\/produkt\/klamydia-test\/#primaryimage"},"image":{"@id":"https:\/\/medtest.stagingservers.net\/no\/produkt\/klamydia-test\/#primaryimage"},"thumbnailUrl":"https:\/\/medtest.stagingservers.net\/wp-content\/uploads\/2019\/07\/Klam-Gon.png","datePublished":"2019-07-05T10:24:51+00:00","dateModified":"2021-03-27T13:50:22+00:00","description":"Klamydia test - Medtest.shop Klamydiatest som detekterar bakterien Chlamydia Trachomatis. Hemtestet som ger resultat inom 10 minuter.","breadcrumb":{"@id":"https:\/\/medtest.stagingservers.net\/no\/produkt\/klamydia-test\/#breadcrumb"},"inLanguage":"nb-NO","potentialAction":[{"@type":"ReadAction","target":["https:\/\/medtest.stagingservers.net\/no\/produkt\/klamydia-test\/"]}]},{"@type":"ImageObject","inLanguage":"nb-NO","@id":"https:\/\/medtest.stagingservers.net\/no\/produkt\/klamydia-test\/#primaryimage","url":"https:\/\/medtest.stagingservers.net\/wp-content\/uploads\/2019\/07\/Klam-Gon.png","contentUrl":"https:\/\/medtest.stagingservers.net\/wp-content\/uploads\/2019\/07\/Klam-Gon.png","width":1200,"height":897},{"@type":"BreadcrumbList","@id":"https:\/\/medtest.stagingservers.net\/no\/produkt\/klamydia-test\/#breadcrumb","itemListElement":[{"@type":"ListItem","position":1,"name":"Home","item":"https:\/\/medtest.stagingservers.net\/no\/"},{"@type":"ListItem","position":2,"name":"Butikk","item":"https:\/\/medtest.stagingservers.net\/no\/butikk\/"},{"@type":"ListItem","position":3,"name":"Klamydia test"}]},{"@type":"WebSite","@id":"https:\/\/medtest.stagingservers.net\/no\/#website","url":"https:\/\/medtest.stagingservers.net\/no\/","name":"Medtest.shop","description":"","publisher":{"@id":"https:\/\/medtest.stagingservers.net\/no\/#organization"},"potentialAction":[{"@type":"SearchAction","target":{"@type":"EntryPoint","urlTemplate":"https:\/\/medtest.stagingservers.net\/no\/?s={search_term_string}"},"query-input":{"@type":"PropertyValueSpecification","valueRequired":true,"valueName":"search_term_string"}}],"inLanguage":"nb-NO"},{"@type":"Organization","@id":"https:\/\/medtest.stagingservers.net\/no\/#organization","name":"Medtest","url":"https:\/\/medtest.stagingservers.net\/no\/","logo":{"@type":"ImageObject","inLanguage":"nb-NO","@id":"https:\/\/medtest.stagingservers.net\/no\/#\/schema\/logo\/image\/","url":"https:\/\/medtest.stagingservers.net\/wp-content\/uploads\/2018\/11\/Original.png","contentUrl":"https:\/\/medtest.stagingservers.net\/wp-content\/uploads\/2018\/11\/Original.png","width":1024,"height":1024,"caption":"Medtest"},"image":{"@id":"https:\/\/medtest.stagingservers.net\/no\/#\/schema\/logo\/image\/"},"sameAs":["https:\/\/www.facebook.com\/Medtest-1440779469392476\/"]}]}},"_links":{"self":[{"href":"https:\/\/medtest.stagingservers.net\/no\/wp-json\/wp\/v2\/product\/70039","targetHints":{"allow":["GET"]}}],"collection":[{"href":"https:\/\/medtest.stagingservers.net\/no\/wp-json\/wp\/v2\/product"}],"about":[{"href":"https:\/\/medtest.stagingservers.net\/no\/wp-json\/wp\/v2\/types\/product"}],"replies":[{"embeddable":true,"href":"https:\/\/medtest.stagingservers.net\/no\/wp-json\/wp\/v2\/comments?post=70039"}],"version-history":[{"count":3,"href":"https:\/\/medtest.stagingservers.net\/no\/wp-json\/wp\/v2\/product\/70039\/revisions"}],"predecessor-version":[{"id":91967,"href":"https:\/\/medtest.stagingservers.net\/no\/wp-json\/wp\/v2\/product\/70039\/revisions\/91967"}],"wp:featuredmedia":[{"embeddable":true,"href":"https:\/\/medtest.stagingservers.net\/no\/wp-json\/wp\/v2\/media\/77762"}],"wp:attachment":[{"href":"https:\/\/medtest.stagingservers.net\/no\/wp-json\/wp\/v2\/media?parent=70039"}],"wp:term":[{"taxonomy":"product_brand","embeddable":true,"href":"https:\/\/medtest.stagingservers.net\/no\/wp-json\/wp\/v2\/product_brand?post=70039"},{"taxonomy":"product_cat","embeddable":true,"href":"https:\/\/medtest.stagingservers.net\/no\/wp-json\/wp\/v2\/product_cat?post=70039"},{"taxonomy":"product_tag","embeddable":true,"href":"https:\/\/medtest.stagingservers.net\/no\/wp-json\/wp\/v2\/product_tag?post=70039"}],"curies":[{"name":"wp","href":"https:\/\/api.w.org\/{rel}","templated":true}]}}