{"id":70048,"date":"2019-07-05T10:47:13","date_gmt":"2019-07-05T10:47:13","guid":{"rendered":"https:\/\/medtest.stagingservers.net\/product\/graviditetstest-strips\/"},"modified":"2019-09-28T13:32:16","modified_gmt":"2019-09-28T11:32:16","slug":"graviditetstest-strips","status":"publish","type":"product","link":"https:\/\/medtest.stagingservers.net\/no\/produkt\/graviditetstest-strips\/","title":{"rendered":"Graviditetstest strips"},"content":{"rendered":"<h2>Graviditetstest &#8211; Strips<\/h2>\n<p>En rask test beregnet for tidlig diagnose av graviditet, ingen spesiell trening kreves. Testen er p\u00e5litelig p\u00e5 99,5% og tar mindre enn 5 minutter \u00e5 fullf\u00f8re.<\/p>\n<p>Kort tid etter at befruktningen har begynt, begynner produksjonen av graviditets hormonet hCG (som er en forkortelse for Human Chorionic Gonadotropin). hCG antistoffer p\u00e5f\u00f8rt p\u00e5 strips binder til hCG hormonet (som er et protein) hvis det er tilgjengelig i urinen. P\u00e5 denne m\u00e5ten oppn\u00e5s en indikasjon p\u00e5 graviditet.<\/p>\n<p>Hver pakke inneholder et stykke teststrimmel som er pakket i en fukt absorberende foliepakke og holder CE-merkingen i henhold til IVD-direktivet. Graviditetsklokken er kun til engangsbruk.<\/p>\n<p>Materiale: Kartong St\u00f8rrelse: ca. 10 x 0,5 cm<\/p>\n<h4>Bruksanvisning<\/h4>\n<p>Graviditetstesten er for bruk av friske urinpr\u00f8ver.<\/p>\n<p><img loading=\"lazy\" decoding=\"async\" class=\"size-full wp-image-55237 alignleft\" src=\"\/wp-content\/uploads\/2018\/11\/Pregnancy-test-strip-product-multiple.jpg\" alt=\"\" width=\"261\" height=\"261\" srcset=\"https:\/\/medtest.stagingservers.net\/wp-content\/uploads\/2018\/11\/Pregnancy-test-strip-product-multiple.jpg 261w, https:\/\/medtest.stagingservers.net\/wp-content\/uploads\/2018\/11\/Pregnancy-test-strip-product-multiple-150x150.jpg 150w, https:\/\/medtest.stagingservers.net\/wp-content\/uploads\/2018\/11\/Pregnancy-test-strip-product-multiple-100x100.jpg 100w\" sizes=\"auto, (max-width: 261px) 100vw, 261px\" \/><\/p>\n<p>Slik gj\u00f8r du det:<\/p>\n<ol>\n<li>\u00c5pne folieposen og fjern produktet.<\/li>\n<li>Dypp enden av stripsen i en beholder med urin i 3 sekunder. Dypp ikke stripsen forbi merke linjen (MAX).<\/li>\n<li>Innen 30 sekunder f\u00e5r du et testresultat.<\/li>\n<li>Kast staven i s\u00f8ppelkassen etter bruk.<\/li>\n<\/ol>\n<h4>Tolkning av resultat<\/h4>\n<p><img loading=\"lazy\" decoding=\"async\" class=\"size-full wp-image-71829 alignleft\" src=\"https:\/\/medtest.stagingservers.net\/wp-content\/uploads\/2019\/08\/Ska-rmavbild-2018-03-13-kl.-23.39.28.png\" alt=\"\" width=\"400\" height=\"232\" srcset=\"https:\/\/medtest.stagingservers.net\/wp-content\/uploads\/2019\/08\/Ska-rmavbild-2018-03-13-kl.-23.39.28.png 400w, https:\/\/medtest.stagingservers.net\/wp-content\/uploads\/2019\/08\/Ska-rmavbild-2018-03-13-kl.-23.39.28-200x116.png 200w\" sizes=\"auto, (max-width: 400px) 100vw, 400px\" \/><\/p>\n<p><strong>Negativt<\/strong>: Hvis bare \u00e9n linje vises i kontrollomr\u00e5det, kan du anta at du ikke er gravid.<\/p>\n<p><strong>Positiv<\/strong>: Hvis to linjer vises b\u00e5de i kontrollomr\u00e5det og testomr\u00e5det, kan du anta at du er gravid.<\/p>\n<p><strong>Ugyldig<\/strong>: Hvis det ikke er noe klart rosa-lilla fargeb\u00e5nd synlig b\u00e5de i TEST og CONTROL-omr\u00e5det, er testen ugyldig. Det anbefales at testen i dette tilfellet gjentas.<\/p>\n<h4>Oppbevaring<\/h4>\n<p>Sammendrag, testen skal lagres i lukket emballasje, enten ved romtemperatur eller avkj\u00f8lt (2-30\u00b0 C). Utl\u00f8psdato, som angitt p\u00e5 pakken. Oppsummert b\u00f8r produktet forbli i den forseglede posen til bruk. M\u00e5 ikke fryses.<\/p>\n","protected":false},"excerpt":{"rendered":"<p>En rask test beregnet for tidlig diagnose av graviditet, ingen spesiell trening kreves. Testen er p\u00e5litelig p\u00e5 99,5% og tar mindre enn 5 minutter \u00e5 fullf\u00f8re.<\/p>\n","protected":false},"featured_media":66583,"comment_status":"closed","ping_status":"closed","template":"","meta":{"_acf_changed":false,"footnotes":""},"product_brand":[],"product_cat":[759],"product_tag":[],"class_list":{"0":"post-70048","1":"product","2":"type-product","3":"status-publish","4":"has-post-thumbnail","6":"product_cat-graviditetstest-no","8":"first","9":"outofstock","10":"taxable","11":"shipping-taxable","12":"product-type-variable"},"acf":[],"yoast_head":"<title>Graviditetstest strips - En rask og enkel graviditetstest - Medtest<\/title>\n<meta name=\"description\" content=\"Graviditetstest strips - En rask og enkel graviditetstest for \u00e5 finne ut om du er gravid. Diskret levering direkte til postkassen\" \/>\n<meta name=\"robots\" content=\"noindex, follow, max-snippet:-1, max-image-preview:large, max-video-preview:-1\" \/>\n<meta property=\"og:locale\" content=\"nb_NO\" \/>\n<meta property=\"og:type\" content=\"article\" \/>\n<meta property=\"og:title\" content=\"Graviditetstest strips - En rask og enkel graviditetstest - Medtest\" \/>\n<meta property=\"og:description\" content=\"Graviditetstest strips - En rask og enkel graviditetstest for \u00e5 finne ut om du er gravid. Diskret levering direkte til postkassen\" \/>\n<meta property=\"og:url\" content=\"https:\/\/medtest.stagingservers.net\/no\/produkt\/graviditetstest-strips\/\" \/>\n<meta property=\"og:site_name\" content=\"Medtest.shop\" \/>\n<meta property=\"article:publisher\" content=\"https:\/\/www.facebook.com\/Medtest-1440779469392476\/\" \/>\n<meta property=\"article:modified_time\" content=\"2019-09-28T11:32:16+00:00\" \/>\n<meta property=\"og:image\" content=\"https:\/\/medtest.stagingservers.net\/wp-content\/uploads\/2018\/12\/Gravtest-sticka-B.png\" \/>\n\t<meta property=\"og:image:width\" content=\"596\" \/>\n\t<meta property=\"og:image:height\" content=\"460\" \/>\n\t<meta property=\"og:image:type\" content=\"image\/png\" \/>\n<meta name=\"twitter:card\" content=\"summary_large_image\" \/>\n<script type=\"application\/ld+json\" class=\"yoast-schema-graph\">{\"@context\":\"https:\\\/\\\/schema.org\",\"@graph\":[{\"@type\":\"WebPage\",\"@id\":\"https:\\\/\\\/medtest.stagingservers.net\\\/no\\\/produkt\\\/graviditetstest-strips\\\/\",\"url\":\"https:\\\/\\\/medtest.stagingservers.net\\\/no\\\/produkt\\\/graviditetstest-strips\\\/\",\"name\":\"Graviditetstest strips - En rask og enkel graviditetstest - Medtest\",\"isPartOf\":{\"@id\":\"https:\\\/\\\/medtest.stagingservers.net\\\/no\\\/#website\"},\"primaryImageOfPage\":{\"@id\":\"https:\\\/\\\/medtest.stagingservers.net\\\/no\\\/produkt\\\/graviditetstest-strips\\\/#primaryimage\"},\"image\":{\"@id\":\"https:\\\/\\\/medtest.stagingservers.net\\\/no\\\/produkt\\\/graviditetstest-strips\\\/#primaryimage\"},\"thumbnailUrl\":\"https:\\\/\\\/medtest.stagingservers.net\\\/wp-content\\\/uploads\\\/2018\\\/12\\\/Gravtest-sticka-B.png\",\"datePublished\":\"2019-07-05T10:47:13+00:00\",\"dateModified\":\"2019-09-28T11:32:16+00:00\",\"description\":\"Graviditetstest strips - En rask og enkel graviditetstest for \u00e5 finne ut om du er gravid. Diskret levering direkte til postkassen\",\"breadcrumb\":{\"@id\":\"https:\\\/\\\/medtest.stagingservers.net\\\/no\\\/produkt\\\/graviditetstest-strips\\\/#breadcrumb\"},\"inLanguage\":\"nb-NO\",\"potentialAction\":[{\"@type\":\"ReadAction\",\"target\":[\"https:\\\/\\\/medtest.stagingservers.net\\\/no\\\/produkt\\\/graviditetstest-strips\\\/\"]}]},{\"@type\":\"ImageObject\",\"inLanguage\":\"nb-NO\",\"@id\":\"https:\\\/\\\/medtest.stagingservers.net\\\/no\\\/produkt\\\/graviditetstest-strips\\\/#primaryimage\",\"url\":\"https:\\\/\\\/medtest.stagingservers.net\\\/wp-content\\\/uploads\\\/2018\\\/12\\\/Gravtest-sticka-B.png\",\"contentUrl\":\"https:\\\/\\\/medtest.stagingservers.net\\\/wp-content\\\/uploads\\\/2018\\\/12\\\/Gravtest-sticka-B.png\",\"width\":596,\"height\":460},{\"@type\":\"BreadcrumbList\",\"@id\":\"https:\\\/\\\/medtest.stagingservers.net\\\/no\\\/produkt\\\/graviditetstest-strips\\\/#breadcrumb\",\"itemListElement\":[{\"@type\":\"ListItem\",\"position\":1,\"name\":\"Home\",\"item\":\"https:\\\/\\\/medtest.stagingservers.net\\\/no\\\/\"},{\"@type\":\"ListItem\",\"position\":2,\"name\":\"Butikk\",\"item\":\"https:\\\/\\\/medtest.stagingservers.net\\\/no\\\/butikk\\\/\"},{\"@type\":\"ListItem\",\"position\":3,\"name\":\"Graviditetstest strips\"}]},{\"@type\":\"WebSite\",\"@id\":\"https:\\\/\\\/medtest.stagingservers.net\\\/no\\\/#website\",\"url\":\"https:\\\/\\\/medtest.stagingservers.net\\\/no\\\/\",\"name\":\"Medtest.shop\",\"description\":\"\",\"publisher\":{\"@id\":\"https:\\\/\\\/medtest.stagingservers.net\\\/no\\\/#organization\"},\"potentialAction\":[{\"@type\":\"SearchAction\",\"target\":{\"@type\":\"EntryPoint\",\"urlTemplate\":\"https:\\\/\\\/medtest.stagingservers.net\\\/no\\\/?s={search_term_string}\"},\"query-input\":{\"@type\":\"PropertyValueSpecification\",\"valueRequired\":true,\"valueName\":\"search_term_string\"}}],\"inLanguage\":\"nb-NO\"},{\"@type\":\"Organization\",\"@id\":\"https:\\\/\\\/medtest.stagingservers.net\\\/no\\\/#organization\",\"name\":\"Medtest\",\"url\":\"https:\\\/\\\/medtest.stagingservers.net\\\/no\\\/\",\"logo\":{\"@type\":\"ImageObject\",\"inLanguage\":\"nb-NO\",\"@id\":\"https:\\\/\\\/medtest.stagingservers.net\\\/no\\\/#\\\/schema\\\/logo\\\/image\\\/\",\"url\":\"https:\\\/\\\/medtest.stagingservers.net\\\/wp-content\\\/uploads\\\/2018\\\/11\\\/Original.png\",\"contentUrl\":\"https:\\\/\\\/medtest.stagingservers.net\\\/wp-content\\\/uploads\\\/2018\\\/11\\\/Original.png\",\"width\":1024,\"height\":1024,\"caption\":\"Medtest\"},\"image\":{\"@id\":\"https:\\\/\\\/medtest.stagingservers.net\\\/no\\\/#\\\/schema\\\/logo\\\/image\\\/\"},\"sameAs\":[\"https:\\\/\\\/www.facebook.com\\\/Medtest-1440779469392476\\\/\"]}]}<\/script>","yoast_head_json":{"title":"Graviditetstest strips - En rask og enkel graviditetstest - Medtest","description":"Graviditetstest strips - En rask og enkel graviditetstest for \u00e5 finne ut om du er gravid. Diskret levering direkte til postkassen","robots":{"index":"noindex","follow":"follow","max-snippet":"max-snippet:-1","max-image-preview":"max-image-preview:large","max-video-preview":"max-video-preview:-1"},"og_locale":"nb_NO","og_type":"article","og_title":"Graviditetstest strips - En rask og enkel graviditetstest - Medtest","og_description":"Graviditetstest strips - En rask og enkel graviditetstest for \u00e5 finne ut om du er gravid. Diskret levering direkte til postkassen","og_url":"https:\/\/medtest.stagingservers.net\/no\/produkt\/graviditetstest-strips\/","og_site_name":"Medtest.shop","article_publisher":"https:\/\/www.facebook.com\/Medtest-1440779469392476\/","article_modified_time":"2019-09-28T11:32:16+00:00","og_image":[{"width":596,"height":460,"url":"https:\/\/medtest.stagingservers.net\/wp-content\/uploads\/2018\/12\/Gravtest-sticka-B.png","type":"image\/png"}],"twitter_card":"summary_large_image","schema":{"@context":"https:\/\/schema.org","@graph":[{"@type":"WebPage","@id":"https:\/\/medtest.stagingservers.net\/no\/produkt\/graviditetstest-strips\/","url":"https:\/\/medtest.stagingservers.net\/no\/produkt\/graviditetstest-strips\/","name":"Graviditetstest strips - En rask og enkel graviditetstest - Medtest","isPartOf":{"@id":"https:\/\/medtest.stagingservers.net\/no\/#website"},"primaryImageOfPage":{"@id":"https:\/\/medtest.stagingservers.net\/no\/produkt\/graviditetstest-strips\/#primaryimage"},"image":{"@id":"https:\/\/medtest.stagingservers.net\/no\/produkt\/graviditetstest-strips\/#primaryimage"},"thumbnailUrl":"https:\/\/medtest.stagingservers.net\/wp-content\/uploads\/2018\/12\/Gravtest-sticka-B.png","datePublished":"2019-07-05T10:47:13+00:00","dateModified":"2019-09-28T11:32:16+00:00","description":"Graviditetstest strips - En rask og enkel graviditetstest for \u00e5 finne ut om du er gravid. Diskret levering direkte til postkassen","breadcrumb":{"@id":"https:\/\/medtest.stagingservers.net\/no\/produkt\/graviditetstest-strips\/#breadcrumb"},"inLanguage":"nb-NO","potentialAction":[{"@type":"ReadAction","target":["https:\/\/medtest.stagingservers.net\/no\/produkt\/graviditetstest-strips\/"]}]},{"@type":"ImageObject","inLanguage":"nb-NO","@id":"https:\/\/medtest.stagingservers.net\/no\/produkt\/graviditetstest-strips\/#primaryimage","url":"https:\/\/medtest.stagingservers.net\/wp-content\/uploads\/2018\/12\/Gravtest-sticka-B.png","contentUrl":"https:\/\/medtest.stagingservers.net\/wp-content\/uploads\/2018\/12\/Gravtest-sticka-B.png","width":596,"height":460},{"@type":"BreadcrumbList","@id":"https:\/\/medtest.stagingservers.net\/no\/produkt\/graviditetstest-strips\/#breadcrumb","itemListElement":[{"@type":"ListItem","position":1,"name":"Home","item":"https:\/\/medtest.stagingservers.net\/no\/"},{"@type":"ListItem","position":2,"name":"Butikk","item":"https:\/\/medtest.stagingservers.net\/no\/butikk\/"},{"@type":"ListItem","position":3,"name":"Graviditetstest strips"}]},{"@type":"WebSite","@id":"https:\/\/medtest.stagingservers.net\/no\/#website","url":"https:\/\/medtest.stagingservers.net\/no\/","name":"Medtest.shop","description":"","publisher":{"@id":"https:\/\/medtest.stagingservers.net\/no\/#organization"},"potentialAction":[{"@type":"SearchAction","target":{"@type":"EntryPoint","urlTemplate":"https:\/\/medtest.stagingservers.net\/no\/?s={search_term_string}"},"query-input":{"@type":"PropertyValueSpecification","valueRequired":true,"valueName":"search_term_string"}}],"inLanguage":"nb-NO"},{"@type":"Organization","@id":"https:\/\/medtest.stagingservers.net\/no\/#organization","name":"Medtest","url":"https:\/\/medtest.stagingservers.net\/no\/","logo":{"@type":"ImageObject","inLanguage":"nb-NO","@id":"https:\/\/medtest.stagingservers.net\/no\/#\/schema\/logo\/image\/","url":"https:\/\/medtest.stagingservers.net\/wp-content\/uploads\/2018\/11\/Original.png","contentUrl":"https:\/\/medtest.stagingservers.net\/wp-content\/uploads\/2018\/11\/Original.png","width":1024,"height":1024,"caption":"Medtest"},"image":{"@id":"https:\/\/medtest.stagingservers.net\/no\/#\/schema\/logo\/image\/"},"sameAs":["https:\/\/www.facebook.com\/Medtest-1440779469392476\/"]}]}},"_links":{"self":[{"href":"https:\/\/medtest.stagingservers.net\/no\/wp-json\/wp\/v2\/product\/70048","targetHints":{"allow":["GET"]}}],"collection":[{"href":"https:\/\/medtest.stagingservers.net\/no\/wp-json\/wp\/v2\/product"}],"about":[{"href":"https:\/\/medtest.stagingservers.net\/no\/wp-json\/wp\/v2\/types\/product"}],"replies":[{"embeddable":true,"href":"https:\/\/medtest.stagingservers.net\/no\/wp-json\/wp\/v2\/comments?post=70048"}],"version-history":[{"count":0,"href":"https:\/\/medtest.stagingservers.net\/no\/wp-json\/wp\/v2\/product\/70048\/revisions"}],"wp:featuredmedia":[{"embeddable":true,"href":"https:\/\/medtest.stagingservers.net\/no\/wp-json\/wp\/v2\/media\/66583"}],"wp:attachment":[{"href":"https:\/\/medtest.stagingservers.net\/no\/wp-json\/wp\/v2\/media?parent=70048"}],"wp:term":[{"taxonomy":"product_brand","embeddable":true,"href":"https:\/\/medtest.stagingservers.net\/no\/wp-json\/wp\/v2\/product_brand?post=70048"},{"taxonomy":"product_cat","embeddable":true,"href":"https:\/\/medtest.stagingservers.net\/no\/wp-json\/wp\/v2\/product_cat?post=70048"},{"taxonomy":"product_tag","embeddable":true,"href":"https:\/\/medtest.stagingservers.net\/no\/wp-json\/wp\/v2\/product_tag?post=70048"}],"curies":[{"name":"wp","href":"https:\/\/api.w.org\/{rel}","templated":true}]}}