{"id":70057,"date":"2019-07-05T10:57:59","date_gmt":"2019-07-05T10:57:59","guid":{"rendered":"https:\/\/medtest.stagingservers.net\/product\/graviditetsteste-stang\/"},"modified":"2019-09-28T13:37:02","modified_gmt":"2019-09-28T11:37:02","slug":"graviditetsteste-stang","status":"publish","type":"product","link":"https:\/\/medtest.stagingservers.net\/no\/produkt\/graviditetsteste-stang\/","title":{"rendered":"Graviditetsteste stang"},"content":{"rendered":"<h2>Graviditetsteste &#8211; stang<\/h2>\n<p>En rask test beregnet for tidlig diagnose av graviditet, ingen spesiell trening kreves. Testen er p\u00e5litelig p\u00e5 99,5% og tar mindre enn 5 minutter \u00e5 fullf\u00f8re.<\/p>\n<p>Kort tid etter at befruktningen har begynt, begynner produksjonen av graviditetshormonet hCG (som er en forkortelse for Human Chorionic Gonadotropin). hCG-antistoffer som er plassert i absorberingspuden binder til hCG-hormonet (som er et protein) hvis det er tilgjengelig i urinen. P\u00e5 denne m\u00e5ten oppn\u00e5s en indikasjon p\u00e5 graviditet.<\/p>\n<p>Hver pakke inneholder et stykke teststang som er pakket i en fuktighetsabsorberende foliepakke og holder CE-merkingen i henhold til IVD-direktivet. Graviditetsstangen er kun til engangsbruk.<\/p>\n<p>Materiale: Plast St\u00f8rrelse: ca. 14,5 x 1 cm<\/p>\n<h4><img loading=\"lazy\" decoding=\"async\" class=\"size-full wp-image-55267 alignleft\" src=\"https:\/\/medtest.stagingservers.net\/wp-content\/uploads\/2018\/11\/Pregnancy-test-Midstream-product-1pack-cap.jpg\" alt=\"\" width=\"261\" height=\"261\" srcset=\"https:\/\/medtest.stagingservers.net\/wp-content\/uploads\/2018\/11\/Pregnancy-test-Midstream-product-1pack-cap.jpg 261w, https:\/\/medtest.stagingservers.net\/wp-content\/uploads\/2018\/11\/Pregnancy-test-Midstream-product-1pack-cap-150x150.jpg 150w, https:\/\/medtest.stagingservers.net\/wp-content\/uploads\/2018\/11\/Pregnancy-test-Midstream-product-1pack-cap-100x100.jpg 100w\" sizes=\"auto, (max-width: 261px) 100vw, 261px\" \/><br \/>\nBruksanvisning<\/h4>\n<p>Graviditetstesten er for bruk av friske urinpr\u00f8ver<\/p>\n<p>Slik gj\u00f8r du det:<\/p>\n<p>\u00c5pne folieposen og fjern produktet.<\/p>\n<p>Uriner p\u00e5 enden av stangen (2 dr\u00e5per er tilstrekkelig, omtrent 100 uL) eller dypp det i en beholder med urin. Overfyll ikke absorberingsplaten.<\/p>\n<p>Innen 30 sekunder f\u00e5r du et test resultat.<\/p>\n<p>Kast stangen i esken etter bruk.<\/p>\n<p>&nbsp;<\/p>\n<p>&nbsp;<\/p>\n<h4>Tolkning av resultat<\/h4>\n<p><img loading=\"lazy\" decoding=\"async\" class=\"size-full wp-image-70602 alignleft\" src=\"https:\/\/medtest.stagingservers.net\/wp-content\/uploads\/2019\/07\/A-gglossningstest-Stav-Tolka.png\" alt=\"\" width=\"460\" height=\"151\" srcset=\"https:\/\/medtest.stagingservers.net\/wp-content\/uploads\/2019\/07\/A-gglossningstest-Stav-Tolka.png 460w, https:\/\/medtest.stagingservers.net\/wp-content\/uploads\/2019\/07\/A-gglossningstest-Stav-Tolka-200x66.png 200w, https:\/\/medtest.stagingservers.net\/wp-content\/uploads\/2019\/07\/A-gglossningstest-Stav-Tolka-416x137.png 416w\" sizes=\"auto, (max-width: 460px) 100vw, 460px\" \/><br \/>\nC = Control (Kontroll)<\/p>\n<p>T = Test<\/p>\n<p>Negativ: Hvis bare en rosa linje vises i kontrollomr\u00e5det, kan du anta at du ikke er gravid.<br \/>\nPositiv: Hvis to rosa linjer vises i b\u00e5de kontrollomr\u00e5det og testomr\u00e5det, kan du anta at du er gravid.<br \/>\nUgyldig: Hvis det ikke er noe klart rosa-lilla fargeb\u00e5nd synlig b\u00e5de i TEST og KONTROLL-omr\u00e5det, er testen ugyldig. Det anbefales at testen i dette tilfellet gjentas.<\/p>\n<h4>Oppbevaring<\/h4>\n<p>Oppbevar testen i lukket emballasje, enten ved romtemperatur eller avkj\u00f8lt (2-30\u00b0 C). Produktet er stabilt selv om utl\u00f8psdato som er angitt p\u00e5 pakningen og skal forbli i den forseglede posen til bruk. M\u00e5 ikke fryses.<\/p>\n","protected":false},"excerpt":{"rendered":"<p>En rask test beregnet for tidlig diagnose av graviditet, ingen spesiell trening kreves. Testen er p\u00e5litelig p\u00e5 99,5% og tar mindre enn 5 minutter \u00e5 fullf\u00f8re.<\/p>\n","protected":false},"featured_media":63916,"comment_status":"closed","ping_status":"closed","template":"","meta":{"_acf_changed":false,"footnotes":""},"product_brand":[],"product_cat":[759],"product_tag":[],"class_list":{"0":"post-70057","1":"product","2":"type-product","3":"status-publish","4":"has-post-thumbnail","6":"product_cat-graviditetstest-no","8":"first","9":"outofstock","10":"taxable","11":"shipping-taxable","12":"product-type-variable"},"acf":[],"yoast_head":"<title>Graviditetsteste stang - Rask test beregnet for tidlig diagnose av graviditet<\/title>\n<meta name=\"description\" content=\"Graviditetsteste stang - En rask test beregnet for tidlig diagnose av graviditet, ingen spesiell trening kreves. Testen er p\u00e5litelig\" \/>\n<meta name=\"robots\" content=\"noindex, follow, max-snippet:-1, max-image-preview:large, max-video-preview:-1\" \/>\n<meta property=\"og:locale\" content=\"nb_NO\" \/>\n<meta property=\"og:type\" content=\"article\" \/>\n<meta property=\"og:title\" content=\"Graviditetsteste stang - Rask test beregnet for tidlig diagnose av graviditet\" \/>\n<meta property=\"og:description\" content=\"Graviditetsteste stang - En rask test beregnet for tidlig diagnose av graviditet, ingen spesiell trening kreves. Testen er p\u00e5litelig\" \/>\n<meta property=\"og:url\" content=\"https:\/\/medtest.stagingservers.net\/no\/produkt\/graviditetsteste-stang\/\" \/>\n<meta property=\"og:site_name\" content=\"Medtest.shop\" \/>\n<meta property=\"article:publisher\" content=\"https:\/\/www.facebook.com\/Medtest-1440779469392476\/\" \/>\n<meta property=\"article:modified_time\" content=\"2019-09-28T11:37:02+00:00\" \/>\n<meta property=\"og:image\" content=\"https:\/\/medtest.stagingservers.net\/wp-content\/uploads\/2018\/11\/Graviditetstest-stav-33-1523918302432.png\" \/>\n\t<meta property=\"og:image:width\" content=\"480\" \/>\n\t<meta property=\"og:image:height\" content=\"480\" \/>\n\t<meta property=\"og:image:type\" content=\"image\/png\" \/>\n<meta name=\"twitter:card\" content=\"summary_large_image\" \/>\n<script type=\"application\/ld+json\" class=\"yoast-schema-graph\">{\"@context\":\"https:\\\/\\\/schema.org\",\"@graph\":[{\"@type\":\"WebPage\",\"@id\":\"https:\\\/\\\/medtest.stagingservers.net\\\/no\\\/produkt\\\/graviditetsteste-stang\\\/\",\"url\":\"https:\\\/\\\/medtest.stagingservers.net\\\/no\\\/produkt\\\/graviditetsteste-stang\\\/\",\"name\":\"Graviditetsteste stang - Rask test beregnet for tidlig diagnose av graviditet\",\"isPartOf\":{\"@id\":\"https:\\\/\\\/medtest.stagingservers.net\\\/no\\\/#website\"},\"primaryImageOfPage\":{\"@id\":\"https:\\\/\\\/medtest.stagingservers.net\\\/no\\\/produkt\\\/graviditetsteste-stang\\\/#primaryimage\"},\"image\":{\"@id\":\"https:\\\/\\\/medtest.stagingservers.net\\\/no\\\/produkt\\\/graviditetsteste-stang\\\/#primaryimage\"},\"thumbnailUrl\":\"https:\\\/\\\/medtest.stagingservers.net\\\/wp-content\\\/uploads\\\/2018\\\/11\\\/Graviditetstest-stav-33-1523918302432.png\",\"datePublished\":\"2019-07-05T10:57:59+00:00\",\"dateModified\":\"2019-09-28T11:37:02+00:00\",\"description\":\"Graviditetsteste stang - En rask test beregnet for tidlig diagnose av graviditet, ingen spesiell trening kreves. Testen er p\u00e5litelig\",\"breadcrumb\":{\"@id\":\"https:\\\/\\\/medtest.stagingservers.net\\\/no\\\/produkt\\\/graviditetsteste-stang\\\/#breadcrumb\"},\"inLanguage\":\"nb-NO\",\"potentialAction\":[{\"@type\":\"ReadAction\",\"target\":[\"https:\\\/\\\/medtest.stagingservers.net\\\/no\\\/produkt\\\/graviditetsteste-stang\\\/\"]}]},{\"@type\":\"ImageObject\",\"inLanguage\":\"nb-NO\",\"@id\":\"https:\\\/\\\/medtest.stagingservers.net\\\/no\\\/produkt\\\/graviditetsteste-stang\\\/#primaryimage\",\"url\":\"https:\\\/\\\/medtest.stagingservers.net\\\/wp-content\\\/uploads\\\/2018\\\/11\\\/Graviditetstest-stav-33-1523918302432.png\",\"contentUrl\":\"https:\\\/\\\/medtest.stagingservers.net\\\/wp-content\\\/uploads\\\/2018\\\/11\\\/Graviditetstest-stav-33-1523918302432.png\",\"width\":480,\"height\":480},{\"@type\":\"BreadcrumbList\",\"@id\":\"https:\\\/\\\/medtest.stagingservers.net\\\/no\\\/produkt\\\/graviditetsteste-stang\\\/#breadcrumb\",\"itemListElement\":[{\"@type\":\"ListItem\",\"position\":1,\"name\":\"Home\",\"item\":\"https:\\\/\\\/medtest.stagingservers.net\\\/no\\\/\"},{\"@type\":\"ListItem\",\"position\":2,\"name\":\"Butikk\",\"item\":\"https:\\\/\\\/medtest.stagingservers.net\\\/no\\\/butikk\\\/\"},{\"@type\":\"ListItem\",\"position\":3,\"name\":\"Graviditetsteste stang\"}]},{\"@type\":\"WebSite\",\"@id\":\"https:\\\/\\\/medtest.stagingservers.net\\\/no\\\/#website\",\"url\":\"https:\\\/\\\/medtest.stagingservers.net\\\/no\\\/\",\"name\":\"Medtest.shop\",\"description\":\"\",\"publisher\":{\"@id\":\"https:\\\/\\\/medtest.stagingservers.net\\\/no\\\/#organization\"},\"potentialAction\":[{\"@type\":\"SearchAction\",\"target\":{\"@type\":\"EntryPoint\",\"urlTemplate\":\"https:\\\/\\\/medtest.stagingservers.net\\\/no\\\/?s={search_term_string}\"},\"query-input\":{\"@type\":\"PropertyValueSpecification\",\"valueRequired\":true,\"valueName\":\"search_term_string\"}}],\"inLanguage\":\"nb-NO\"},{\"@type\":\"Organization\",\"@id\":\"https:\\\/\\\/medtest.stagingservers.net\\\/no\\\/#organization\",\"name\":\"Medtest\",\"url\":\"https:\\\/\\\/medtest.stagingservers.net\\\/no\\\/\",\"logo\":{\"@type\":\"ImageObject\",\"inLanguage\":\"nb-NO\",\"@id\":\"https:\\\/\\\/medtest.stagingservers.net\\\/no\\\/#\\\/schema\\\/logo\\\/image\\\/\",\"url\":\"https:\\\/\\\/medtest.stagingservers.net\\\/wp-content\\\/uploads\\\/2018\\\/11\\\/Original.png\",\"contentUrl\":\"https:\\\/\\\/medtest.stagingservers.net\\\/wp-content\\\/uploads\\\/2018\\\/11\\\/Original.png\",\"width\":1024,\"height\":1024,\"caption\":\"Medtest\"},\"image\":{\"@id\":\"https:\\\/\\\/medtest.stagingservers.net\\\/no\\\/#\\\/schema\\\/logo\\\/image\\\/\"},\"sameAs\":[\"https:\\\/\\\/www.facebook.com\\\/Medtest-1440779469392476\\\/\"]}]}<\/script>","yoast_head_json":{"title":"Graviditetsteste stang - Rask test beregnet for tidlig diagnose av graviditet","description":"Graviditetsteste stang - En rask test beregnet for tidlig diagnose av graviditet, ingen spesiell trening kreves. Testen er p\u00e5litelig","robots":{"index":"noindex","follow":"follow","max-snippet":"max-snippet:-1","max-image-preview":"max-image-preview:large","max-video-preview":"max-video-preview:-1"},"og_locale":"nb_NO","og_type":"article","og_title":"Graviditetsteste stang - Rask test beregnet for tidlig diagnose av graviditet","og_description":"Graviditetsteste stang - En rask test beregnet for tidlig diagnose av graviditet, ingen spesiell trening kreves. Testen er p\u00e5litelig","og_url":"https:\/\/medtest.stagingservers.net\/no\/produkt\/graviditetsteste-stang\/","og_site_name":"Medtest.shop","article_publisher":"https:\/\/www.facebook.com\/Medtest-1440779469392476\/","article_modified_time":"2019-09-28T11:37:02+00:00","og_image":[{"width":480,"height":480,"url":"https:\/\/medtest.stagingservers.net\/wp-content\/uploads\/2018\/11\/Graviditetstest-stav-33-1523918302432.png","type":"image\/png"}],"twitter_card":"summary_large_image","schema":{"@context":"https:\/\/schema.org","@graph":[{"@type":"WebPage","@id":"https:\/\/medtest.stagingservers.net\/no\/produkt\/graviditetsteste-stang\/","url":"https:\/\/medtest.stagingservers.net\/no\/produkt\/graviditetsteste-stang\/","name":"Graviditetsteste stang - Rask test beregnet for tidlig diagnose av graviditet","isPartOf":{"@id":"https:\/\/medtest.stagingservers.net\/no\/#website"},"primaryImageOfPage":{"@id":"https:\/\/medtest.stagingservers.net\/no\/produkt\/graviditetsteste-stang\/#primaryimage"},"image":{"@id":"https:\/\/medtest.stagingservers.net\/no\/produkt\/graviditetsteste-stang\/#primaryimage"},"thumbnailUrl":"https:\/\/medtest.stagingservers.net\/wp-content\/uploads\/2018\/11\/Graviditetstest-stav-33-1523918302432.png","datePublished":"2019-07-05T10:57:59+00:00","dateModified":"2019-09-28T11:37:02+00:00","description":"Graviditetsteste stang - En rask test beregnet for tidlig diagnose av graviditet, ingen spesiell trening kreves. Testen er p\u00e5litelig","breadcrumb":{"@id":"https:\/\/medtest.stagingservers.net\/no\/produkt\/graviditetsteste-stang\/#breadcrumb"},"inLanguage":"nb-NO","potentialAction":[{"@type":"ReadAction","target":["https:\/\/medtest.stagingservers.net\/no\/produkt\/graviditetsteste-stang\/"]}]},{"@type":"ImageObject","inLanguage":"nb-NO","@id":"https:\/\/medtest.stagingservers.net\/no\/produkt\/graviditetsteste-stang\/#primaryimage","url":"https:\/\/medtest.stagingservers.net\/wp-content\/uploads\/2018\/11\/Graviditetstest-stav-33-1523918302432.png","contentUrl":"https:\/\/medtest.stagingservers.net\/wp-content\/uploads\/2018\/11\/Graviditetstest-stav-33-1523918302432.png","width":480,"height":480},{"@type":"BreadcrumbList","@id":"https:\/\/medtest.stagingservers.net\/no\/produkt\/graviditetsteste-stang\/#breadcrumb","itemListElement":[{"@type":"ListItem","position":1,"name":"Home","item":"https:\/\/medtest.stagingservers.net\/no\/"},{"@type":"ListItem","position":2,"name":"Butikk","item":"https:\/\/medtest.stagingservers.net\/no\/butikk\/"},{"@type":"ListItem","position":3,"name":"Graviditetsteste stang"}]},{"@type":"WebSite","@id":"https:\/\/medtest.stagingservers.net\/no\/#website","url":"https:\/\/medtest.stagingservers.net\/no\/","name":"Medtest.shop","description":"","publisher":{"@id":"https:\/\/medtest.stagingservers.net\/no\/#organization"},"potentialAction":[{"@type":"SearchAction","target":{"@type":"EntryPoint","urlTemplate":"https:\/\/medtest.stagingservers.net\/no\/?s={search_term_string}"},"query-input":{"@type":"PropertyValueSpecification","valueRequired":true,"valueName":"search_term_string"}}],"inLanguage":"nb-NO"},{"@type":"Organization","@id":"https:\/\/medtest.stagingservers.net\/no\/#organization","name":"Medtest","url":"https:\/\/medtest.stagingservers.net\/no\/","logo":{"@type":"ImageObject","inLanguage":"nb-NO","@id":"https:\/\/medtest.stagingservers.net\/no\/#\/schema\/logo\/image\/","url":"https:\/\/medtest.stagingservers.net\/wp-content\/uploads\/2018\/11\/Original.png","contentUrl":"https:\/\/medtest.stagingservers.net\/wp-content\/uploads\/2018\/11\/Original.png","width":1024,"height":1024,"caption":"Medtest"},"image":{"@id":"https:\/\/medtest.stagingservers.net\/no\/#\/schema\/logo\/image\/"},"sameAs":["https:\/\/www.facebook.com\/Medtest-1440779469392476\/"]}]}},"_links":{"self":[{"href":"https:\/\/medtest.stagingservers.net\/no\/wp-json\/wp\/v2\/product\/70057","targetHints":{"allow":["GET"]}}],"collection":[{"href":"https:\/\/medtest.stagingservers.net\/no\/wp-json\/wp\/v2\/product"}],"about":[{"href":"https:\/\/medtest.stagingservers.net\/no\/wp-json\/wp\/v2\/types\/product"}],"replies":[{"embeddable":true,"href":"https:\/\/medtest.stagingservers.net\/no\/wp-json\/wp\/v2\/comments?post=70057"}],"version-history":[{"count":0,"href":"https:\/\/medtest.stagingservers.net\/no\/wp-json\/wp\/v2\/product\/70057\/revisions"}],"wp:featuredmedia":[{"embeddable":true,"href":"https:\/\/medtest.stagingservers.net\/no\/wp-json\/wp\/v2\/media\/63916"}],"wp:attachment":[{"href":"https:\/\/medtest.stagingservers.net\/no\/wp-json\/wp\/v2\/media?parent=70057"}],"wp:term":[{"taxonomy":"product_brand","embeddable":true,"href":"https:\/\/medtest.stagingservers.net\/no\/wp-json\/wp\/v2\/product_brand?post=70057"},{"taxonomy":"product_cat","embeddable":true,"href":"https:\/\/medtest.stagingservers.net\/no\/wp-json\/wp\/v2\/product_cat?post=70057"},{"taxonomy":"product_tag","embeddable":true,"href":"https:\/\/medtest.stagingservers.net\/no\/wp-json\/wp\/v2\/product_tag?post=70057"}],"curies":[{"name":"wp","href":"https:\/\/api.w.org\/{rel}","templated":true}]}}