{"id":70073,"date":"2019-07-05T11:28:58","date_gmt":"2019-07-05T11:28:58","guid":{"rendered":"https:\/\/medtest.stagingservers.net\/product\/egglosningstest-strips\/"},"modified":"2020-03-11T13:32:32","modified_gmt":"2020-03-11T11:32:32","slug":"egglosningstest-strips","status":"publish","type":"product","link":"https:\/\/medtest.stagingservers.net\/no\/produkt\/egglosningstest-strips\/","title":{"rendered":"Eggl\u00f8sningstest strips"},"content":{"rendered":"<h2>Eggl\u00f8sningstest &#8211; Strips<\/h2>\n<p>Eggl\u00f8sning er prosessen som f\u00f8rer til frigj\u00f8ring av ett eller flere egg fra eggstokken. Hver m\u00e5ned g\u00e5r mellom tre og 30 egg i en av eggstokkene dine. Den st\u00f8rste er presset inn i bekkenhulen og feid inn i egglederen. Egget ditt overlever bare mellom 12 timer og 24 timer hvis det ikke befruktes. S\u00e5 det er bare ett lite vindu hver m\u00e5ned der du kan bli gravid, vanligvis ikke lenger enn omtrent seks dager.<\/p>\n<p>Denne raske testen er utformet for \u00e5 bestemme dine fruktbare dager, slik at du kan maksimere innsatsen din n\u00e5r du pr\u00f8ver \u00e5 bli gravid. Eggl\u00f8snings testen oppdager en \u00f8kning i luteiniserende hormon (LH), som oppst\u00e5r en dag eller to f\u00f8r eggl\u00f8sning. Dette er nyttig n\u00e5r du bestemmer deg for den beste tiden \u00e5 ha samleie.<\/p>\n<p>Hver pakke inneholder et stykke teststrimmel som er pakket i en fuktabsorberende foliepakke og holder CE-merkingen i henhold til IVD-direktivet. Kun til engangsbruk.<\/p>\n<h4>Materiale:<\/h4>\n<p>Kartong<\/p>\n<p>St\u00f8rrelse: ca. 10 x 0,5 cm<\/p>\n<h4>Bruksanvisning<\/h4>\n<ul>\n<li>Eggl\u00f8snings testen er for bruk av friske urinpr\u00f8ver<\/li>\n<li>Slik gj\u00f8r du det:<\/li>\n<li>\u00c5pne folieposen og fjern produktet.<\/li>\n<li>Dypp enden av pinnen i en beholder med urin i 3 sekunder. Dypp ikke pinnen forbi merkelinjen (MAX).<\/li>\n<li>Innen 30 sekunder f\u00e5r du et test resultat.<\/li>\n<li>Kast staven i s\u00f8ppelkassen etter bruk.<\/li>\n<\/ul>\n<h4>Tolkning av resultater<\/h4>\n<p><img loading=\"lazy\" decoding=\"async\" class=\"size-full wp-image-71829 alignleft\" src=\"https:\/\/medtest.stagingservers.net\/wp-content\/uploads\/2019\/08\/Ska-rmavbild-2018-03-13-kl.-23.39.28.png\" alt=\"\" width=\"400\" height=\"232\" srcset=\"https:\/\/medtest.stagingservers.net\/wp-content\/uploads\/2019\/08\/Ska-rmavbild-2018-03-13-kl.-23.39.28.png 400w, https:\/\/medtest.stagingservers.net\/wp-content\/uploads\/2019\/08\/Ska-rmavbild-2018-03-13-kl.-23.39.28-200x116.png 200w\" sizes=\"auto, (max-width: 400px) 100vw, 400px\" \/><\/p>\n<p><strong>Negativ<\/strong>: Hvis bare en rosa linje vises i kontrollomr\u00e5det, kan du anta at du ikke har eggl\u00f8sning.<\/p>\n<p><strong>Positiv<\/strong>: Hvis to rosa linjer vises b\u00e5de i kontrollomr\u00e5det og testomr\u00e5det, kan du anta at du har eggl\u00f8sning.<\/p>\n<p><strong>Ugyldig<\/strong>: Hvis det ikke er noe klart rosa-lilla fargeb\u00e5nd synlig b\u00e5de i TEST og KONTROLL-omr\u00e5det, er testen ugyldig. Det anbefales at testen i dette tilfellet gjentas.<\/p>\n<p><strong>Oppbevaring<\/strong><\/p>\n<p>Oppbevar testen i lukket emballasje, enten ved romtemperatur eller avkj\u00f8lt (2-30\u00b0 C). Produktet er stabilt selv om utl\u00f8psdato som er angitt p\u00e5 pakningen og skal forbli i den forseglede posen til bruk. M\u00e5 ikke fryses.<\/p>\n","protected":false},"excerpt":{"rendered":"<p>Denne raske testen er utformet for \u00e5 bestemme dine fruktbare dager, slik at du kan maksimere innsatsen din n\u00e5r du pr\u00f8ver \u00e5 bli gravid. Eggl\u00f8snings testen oppdager en \u00f8kning i luteiniserende hormon (LH), som oppst\u00e5r en dag eller to f\u00f8r eggl\u00f8sning. Dette er nyttig n\u00e5r du bestemmer deg for den beste tiden \u00e5 ha samleie.Hver pakke inneholder et stykke teststrimmel som er pakket i en fuktabsorberende foliepakke og holder CE-merkingen i henhold til IVD-direktivet. Kun til engangsbruk.<\/p>\n","protected":false},"featured_media":70074,"comment_status":"closed","ping_status":"closed","template":"","meta":{"_acf_changed":false,"footnotes":""},"product_brand":[],"product_cat":[760],"product_tag":[],"class_list":{"0":"post-70073","1":"product","2":"type-product","3":"status-publish","4":"has-post-thumbnail","6":"product_cat-egglosningstest","8":"first","9":"instock","10":"taxable","11":"shipping-taxable","12":"purchasable","13":"product-type-variable","14":"has-default-attributes"},"acf":[],"yoast_head":"<title>Eggl\u00f8sningstest stang - test for \u00e5 bestemme dine fruktbare dager - Medtest<\/title>\n<meta name=\"description\" content=\"Eggl\u00f8sningstest stang - Denne raske testen er utformet for \u00e5 bestemme dine fruktbare dager, kan maksimere innsatsen din n\u00e5r du pr\u00f8ver \u00e5 bli gravid.\" \/>\n<meta name=\"robots\" content=\"noindex, follow, max-snippet:-1, max-image-preview:large, max-video-preview:-1\" \/>\n<meta property=\"og:locale\" content=\"nb_NO\" \/>\n<meta property=\"og:type\" content=\"article\" \/>\n<meta property=\"og:title\" content=\"Eggl\u00f8sningstest stang - test for \u00e5 bestemme dine fruktbare dager - Medtest\" \/>\n<meta property=\"og:description\" content=\"Eggl\u00f8sningstest stang - Denne raske testen er utformet for \u00e5 bestemme dine fruktbare dager, kan maksimere innsatsen din n\u00e5r du pr\u00f8ver \u00e5 bli gravid.\" \/>\n<meta property=\"og:url\" content=\"https:\/\/medtest.stagingservers.net\/no\/produkt\/egglosningstest-strips\/\" \/>\n<meta property=\"og:site_name\" content=\"Medtest.shop\" \/>\n<meta property=\"article:publisher\" content=\"https:\/\/www.facebook.com\/Medtest-1440779469392476\/\" \/>\n<meta property=\"article:modified_time\" content=\"2020-03-11T11:32:32+00:00\" \/>\n<meta property=\"og:image\" content=\"https:\/\/medtest.stagingservers.net\/wp-content\/uploads\/2018\/11\/A\u0308gg-444-1524388875980.png\" \/>\n\t<meta property=\"og:image:width\" content=\"480\" \/>\n\t<meta property=\"og:image:height\" content=\"480\" \/>\n\t<meta property=\"og:image:type\" content=\"image\/png\" \/>\n<meta name=\"twitter:card\" content=\"summary_large_image\" \/>\n<script type=\"application\/ld+json\" class=\"yoast-schema-graph\">{\"@context\":\"https:\\\/\\\/schema.org\",\"@graph\":[{\"@type\":\"WebPage\",\"@id\":\"https:\\\/\\\/medtest.stagingservers.net\\\/no\\\/produkt\\\/egglosningstest-strips\\\/\",\"url\":\"https:\\\/\\\/medtest.stagingservers.net\\\/no\\\/produkt\\\/egglosningstest-strips\\\/\",\"name\":\"Eggl\u00f8sningstest stang - test for \u00e5 bestemme dine fruktbare dager - Medtest\",\"isPartOf\":{\"@id\":\"https:\\\/\\\/medtest.stagingservers.net\\\/no\\\/#website\"},\"primaryImageOfPage\":{\"@id\":\"https:\\\/\\\/medtest.stagingservers.net\\\/no\\\/produkt\\\/egglosningstest-strips\\\/#primaryimage\"},\"image\":{\"@id\":\"https:\\\/\\\/medtest.stagingservers.net\\\/no\\\/produkt\\\/egglosningstest-strips\\\/#primaryimage\"},\"thumbnailUrl\":\"https:\\\/\\\/medtest.stagingservers.net\\\/wp-content\\\/uploads\\\/2018\\\/11\\\/A\u0308gg-444-1524388875980.png\",\"datePublished\":\"2019-07-05T11:28:58+00:00\",\"dateModified\":\"2020-03-11T11:32:32+00:00\",\"description\":\"Eggl\u00f8sningstest stang - Denne raske testen er utformet for \u00e5 bestemme dine fruktbare dager, kan maksimere innsatsen din n\u00e5r du pr\u00f8ver \u00e5 bli gravid.\",\"breadcrumb\":{\"@id\":\"https:\\\/\\\/medtest.stagingservers.net\\\/no\\\/produkt\\\/egglosningstest-strips\\\/#breadcrumb\"},\"inLanguage\":\"nb-NO\",\"potentialAction\":[{\"@type\":\"ReadAction\",\"target\":[\"https:\\\/\\\/medtest.stagingservers.net\\\/no\\\/produkt\\\/egglosningstest-strips\\\/\"]}]},{\"@type\":\"ImageObject\",\"inLanguage\":\"nb-NO\",\"@id\":\"https:\\\/\\\/medtest.stagingservers.net\\\/no\\\/produkt\\\/egglosningstest-strips\\\/#primaryimage\",\"url\":\"https:\\\/\\\/medtest.stagingservers.net\\\/wp-content\\\/uploads\\\/2018\\\/11\\\/A\u0308gg-444-1524388875980.png\",\"contentUrl\":\"https:\\\/\\\/medtest.stagingservers.net\\\/wp-content\\\/uploads\\\/2018\\\/11\\\/A\u0308gg-444-1524388875980.png\",\"width\":480,\"height\":480},{\"@type\":\"BreadcrumbList\",\"@id\":\"https:\\\/\\\/medtest.stagingservers.net\\\/no\\\/produkt\\\/egglosningstest-strips\\\/#breadcrumb\",\"itemListElement\":[{\"@type\":\"ListItem\",\"position\":1,\"name\":\"Home\",\"item\":\"https:\\\/\\\/medtest.stagingservers.net\\\/no\\\/\"},{\"@type\":\"ListItem\",\"position\":2,\"name\":\"Butikk\",\"item\":\"https:\\\/\\\/medtest.stagingservers.net\\\/no\\\/butikk\\\/\"},{\"@type\":\"ListItem\",\"position\":3,\"name\":\"Eggl\u00f8sningstest strips\"}]},{\"@type\":\"WebSite\",\"@id\":\"https:\\\/\\\/medtest.stagingservers.net\\\/no\\\/#website\",\"url\":\"https:\\\/\\\/medtest.stagingservers.net\\\/no\\\/\",\"name\":\"Medtest.shop\",\"description\":\"\",\"publisher\":{\"@id\":\"https:\\\/\\\/medtest.stagingservers.net\\\/no\\\/#organization\"},\"potentialAction\":[{\"@type\":\"SearchAction\",\"target\":{\"@type\":\"EntryPoint\",\"urlTemplate\":\"https:\\\/\\\/medtest.stagingservers.net\\\/no\\\/?s={search_term_string}\"},\"query-input\":{\"@type\":\"PropertyValueSpecification\",\"valueRequired\":true,\"valueName\":\"search_term_string\"}}],\"inLanguage\":\"nb-NO\"},{\"@type\":\"Organization\",\"@id\":\"https:\\\/\\\/medtest.stagingservers.net\\\/no\\\/#organization\",\"name\":\"Medtest\",\"url\":\"https:\\\/\\\/medtest.stagingservers.net\\\/no\\\/\",\"logo\":{\"@type\":\"ImageObject\",\"inLanguage\":\"nb-NO\",\"@id\":\"https:\\\/\\\/medtest.stagingservers.net\\\/no\\\/#\\\/schema\\\/logo\\\/image\\\/\",\"url\":\"https:\\\/\\\/medtest.stagingservers.net\\\/wp-content\\\/uploads\\\/2018\\\/11\\\/Original.png\",\"contentUrl\":\"https:\\\/\\\/medtest.stagingservers.net\\\/wp-content\\\/uploads\\\/2018\\\/11\\\/Original.png\",\"width\":1024,\"height\":1024,\"caption\":\"Medtest\"},\"image\":{\"@id\":\"https:\\\/\\\/medtest.stagingservers.net\\\/no\\\/#\\\/schema\\\/logo\\\/image\\\/\"},\"sameAs\":[\"https:\\\/\\\/www.facebook.com\\\/Medtest-1440779469392476\\\/\"]}]}<\/script>","yoast_head_json":{"title":"Eggl\u00f8sningstest stang - test for \u00e5 bestemme dine fruktbare dager - Medtest","description":"Eggl\u00f8sningstest stang - Denne raske testen er utformet for \u00e5 bestemme dine fruktbare dager, kan maksimere innsatsen din n\u00e5r du pr\u00f8ver \u00e5 bli gravid.","robots":{"index":"noindex","follow":"follow","max-snippet":"max-snippet:-1","max-image-preview":"max-image-preview:large","max-video-preview":"max-video-preview:-1"},"og_locale":"nb_NO","og_type":"article","og_title":"Eggl\u00f8sningstest stang - test for \u00e5 bestemme dine fruktbare dager - Medtest","og_description":"Eggl\u00f8sningstest stang - Denne raske testen er utformet for \u00e5 bestemme dine fruktbare dager, kan maksimere innsatsen din n\u00e5r du pr\u00f8ver \u00e5 bli gravid.","og_url":"https:\/\/medtest.stagingservers.net\/no\/produkt\/egglosningstest-strips\/","og_site_name":"Medtest.shop","article_publisher":"https:\/\/www.facebook.com\/Medtest-1440779469392476\/","article_modified_time":"2020-03-11T11:32:32+00:00","og_image":[{"width":480,"height":480,"url":"https:\/\/medtest.stagingservers.net\/wp-content\/uploads\/2018\/11\/A\u0308gg-444-1524388875980.png","type":"image\/png"}],"twitter_card":"summary_large_image","schema":{"@context":"https:\/\/schema.org","@graph":[{"@type":"WebPage","@id":"https:\/\/medtest.stagingservers.net\/no\/produkt\/egglosningstest-strips\/","url":"https:\/\/medtest.stagingservers.net\/no\/produkt\/egglosningstest-strips\/","name":"Eggl\u00f8sningstest stang - test for \u00e5 bestemme dine fruktbare dager - Medtest","isPartOf":{"@id":"https:\/\/medtest.stagingservers.net\/no\/#website"},"primaryImageOfPage":{"@id":"https:\/\/medtest.stagingservers.net\/no\/produkt\/egglosningstest-strips\/#primaryimage"},"image":{"@id":"https:\/\/medtest.stagingservers.net\/no\/produkt\/egglosningstest-strips\/#primaryimage"},"thumbnailUrl":"https:\/\/medtest.stagingservers.net\/wp-content\/uploads\/2018\/11\/A\u0308gg-444-1524388875980.png","datePublished":"2019-07-05T11:28:58+00:00","dateModified":"2020-03-11T11:32:32+00:00","description":"Eggl\u00f8sningstest stang - Denne raske testen er utformet for \u00e5 bestemme dine fruktbare dager, kan maksimere innsatsen din n\u00e5r du pr\u00f8ver \u00e5 bli gravid.","breadcrumb":{"@id":"https:\/\/medtest.stagingservers.net\/no\/produkt\/egglosningstest-strips\/#breadcrumb"},"inLanguage":"nb-NO","potentialAction":[{"@type":"ReadAction","target":["https:\/\/medtest.stagingservers.net\/no\/produkt\/egglosningstest-strips\/"]}]},{"@type":"ImageObject","inLanguage":"nb-NO","@id":"https:\/\/medtest.stagingservers.net\/no\/produkt\/egglosningstest-strips\/#primaryimage","url":"https:\/\/medtest.stagingservers.net\/wp-content\/uploads\/2018\/11\/A\u0308gg-444-1524388875980.png","contentUrl":"https:\/\/medtest.stagingservers.net\/wp-content\/uploads\/2018\/11\/A\u0308gg-444-1524388875980.png","width":480,"height":480},{"@type":"BreadcrumbList","@id":"https:\/\/medtest.stagingservers.net\/no\/produkt\/egglosningstest-strips\/#breadcrumb","itemListElement":[{"@type":"ListItem","position":1,"name":"Home","item":"https:\/\/medtest.stagingservers.net\/no\/"},{"@type":"ListItem","position":2,"name":"Butikk","item":"https:\/\/medtest.stagingservers.net\/no\/butikk\/"},{"@type":"ListItem","position":3,"name":"Eggl\u00f8sningstest strips"}]},{"@type":"WebSite","@id":"https:\/\/medtest.stagingservers.net\/no\/#website","url":"https:\/\/medtest.stagingservers.net\/no\/","name":"Medtest.shop","description":"","publisher":{"@id":"https:\/\/medtest.stagingservers.net\/no\/#organization"},"potentialAction":[{"@type":"SearchAction","target":{"@type":"EntryPoint","urlTemplate":"https:\/\/medtest.stagingservers.net\/no\/?s={search_term_string}"},"query-input":{"@type":"PropertyValueSpecification","valueRequired":true,"valueName":"search_term_string"}}],"inLanguage":"nb-NO"},{"@type":"Organization","@id":"https:\/\/medtest.stagingservers.net\/no\/#organization","name":"Medtest","url":"https:\/\/medtest.stagingservers.net\/no\/","logo":{"@type":"ImageObject","inLanguage":"nb-NO","@id":"https:\/\/medtest.stagingservers.net\/no\/#\/schema\/logo\/image\/","url":"https:\/\/medtest.stagingservers.net\/wp-content\/uploads\/2018\/11\/Original.png","contentUrl":"https:\/\/medtest.stagingservers.net\/wp-content\/uploads\/2018\/11\/Original.png","width":1024,"height":1024,"caption":"Medtest"},"image":{"@id":"https:\/\/medtest.stagingservers.net\/no\/#\/schema\/logo\/image\/"},"sameAs":["https:\/\/www.facebook.com\/Medtest-1440779469392476\/"]}]}},"_links":{"self":[{"href":"https:\/\/medtest.stagingservers.net\/no\/wp-json\/wp\/v2\/product\/70073","targetHints":{"allow":["GET"]}}],"collection":[{"href":"https:\/\/medtest.stagingservers.net\/no\/wp-json\/wp\/v2\/product"}],"about":[{"href":"https:\/\/medtest.stagingservers.net\/no\/wp-json\/wp\/v2\/types\/product"}],"replies":[{"embeddable":true,"href":"https:\/\/medtest.stagingservers.net\/no\/wp-json\/wp\/v2\/comments?post=70073"}],"version-history":[{"count":0,"href":"https:\/\/medtest.stagingservers.net\/no\/wp-json\/wp\/v2\/product\/70073\/revisions"}],"wp:featuredmedia":[{"embeddable":true,"href":"https:\/\/medtest.stagingservers.net\/no\/wp-json\/wp\/v2\/media\/70074"}],"wp:attachment":[{"href":"https:\/\/medtest.stagingservers.net\/no\/wp-json\/wp\/v2\/media?parent=70073"}],"wp:term":[{"taxonomy":"product_brand","embeddable":true,"href":"https:\/\/medtest.stagingservers.net\/no\/wp-json\/wp\/v2\/product_brand?post=70073"},{"taxonomy":"product_cat","embeddable":true,"href":"https:\/\/medtest.stagingservers.net\/no\/wp-json\/wp\/v2\/product_cat?post=70073"},{"taxonomy":"product_tag","embeddable":true,"href":"https:\/\/medtest.stagingservers.net\/no\/wp-json\/wp\/v2\/product_tag?post=70073"}],"curies":[{"name":"wp","href":"https:\/\/api.w.org\/{rel}","templated":true}]}}