{"id":70087,"date":"2019-07-05T11:37:27","date_gmt":"2019-07-05T11:37:27","guid":{"rendered":"https:\/\/medtest.stagingservers.net\/product\/strep-a-tonsillitt\/"},"modified":"2019-11-13T20:39:28","modified_gmt":"2019-11-13T18:39:28","slug":"strep-a-tonsillitt","status":"publish","type":"product","link":"https:\/\/medtest.stagingservers.net\/no\/produkt\/strep-a-tonsillitt\/","title":{"rendered":"Mandelbetennelse test"},"content":{"rendered":"<h2>Mandelbetennelse test<\/h2>\n<p>Strep A hurtigtest p\u00e5viser Streptococcus A i hals pr\u00f8ver for \u00e5 lette diagnosen av gruppe A streptokokkinfeksjon (tonsillitt). Er dine mandler hovne og du har feber, s\u00e5 finn ut om hevelsen skyldes bakterier. Hvis testen er negativ, vil antibiotika ikke hjelpe, men hevelsen er trolig for\u00e5rsaket av virus og kroppen din vil helbrede seg etter en stund. Spesifisitet: 97%. F\u00f8lsomhet: 94%.<\/p>\n<div>\n<h5>Bruksanvisning<\/h5>\n<p>La testenhet, reagens og halspr\u00f8ve n\u00e5 romtemperatur (15-30\u00b0 C) f\u00f8r testing.<\/p>\n<h5>Slik gj\u00f8r du det:<\/h5>\n<\/div>\n<ol start=\"1\">\n<li>\u00c5pne folieposen med test kasetten (best resultat oppn\u00e5s hvis testen utf\u00f8res umiddelbart etter \u00e5pning av folieposen) og fjerne den drypp munnstykket fra pr\u00f8ver\u00f8ret.<\/li>\n<li>Tilsett 4 full dr\u00e5per reagens A til reagensr\u00f8ret.<\/li>\n<li>Tilsett 4 full dr\u00e5per reagens B til reagensr\u00f8ret.<\/li>\n<li>Bland oppl\u00f8sningen av reagensene A og B ved forsiktig \u00e5 riste testr\u00f8ret.<\/li>\n<li>Ta halsen ut av pakken og r\u00f8r med bomullspinnen p\u00e5 de hovne toniklene (nakke mandler) i en nese som ligner en 8a. Pass p\u00e5 at begge tonic cellene ber\u00f8res. Forsink straks nakke pinnen til testr\u00f8ret med reagensene A og B.<\/li>\n<li>R\u00f8r pinnen 10 ganger rundt i r\u00f8ret. Legg staven i r\u00f8ret i 1 minutt.<\/li>\n<li>Deretter skyver du fingrene p\u00e5 bomulls pinnen mot utsiden av r\u00f8ret og trykker p\u00e5 bunnen av r\u00f8ret slik at tappen trekkes tilbake. Kast pinnen.<\/li>\n<li>Sett p\u00e5 dr\u00e5pe dysen p\u00e5 reagensr\u00f8ret og drypp l\u00f8sningen p\u00e5 testkassetten og start tidtakingen.<\/li>\n<li>Vent til den fargede linjen vises og les resultatet etter ca. 5 minutter.<\/li>\n<\/ol>\n<p><img loading=\"lazy\" decoding=\"async\" class=\"size-full wp-image-55299 aligncenter\" src=\"\/wp-content\/uploads\/2018\/11\/Procedure.png\" alt=\"\" width=\"874\" height=\"410\" srcset=\"https:\/\/medtest.stagingservers.net\/wp-content\/uploads\/2018\/11\/Procedure.png 874w, https:\/\/medtest.stagingservers.net\/wp-content\/uploads\/2018\/11\/Procedure-720x338.png 720w, https:\/\/medtest.stagingservers.net\/wp-content\/uploads\/2018\/11\/Procedure-768x360.png 768w, https:\/\/medtest.stagingservers.net\/wp-content\/uploads\/2018\/11\/Procedure-416x195.png 416w, https:\/\/medtest.stagingservers.net\/wp-content\/uploads\/2018\/11\/Procedure-300x141.png 300w\" sizes=\"auto, (max-width: 874px) 100vw, 874px\" \/><\/p>\n<h5><strong>Tolkning av resultat<\/strong><\/h5>\n<p><img loading=\"lazy\" decoding=\"async\" class=\"size-full wp-image-55300 alignleft\" src=\"\/wp-content\/uploads\/2018\/11\/Test-resultat.png\" alt=\"\" width=\"351\" height=\"246\" srcset=\"https:\/\/medtest.stagingservers.net\/wp-content\/uploads\/2018\/11\/Test-resultat.png 351w, https:\/\/medtest.stagingservers.net\/wp-content\/uploads\/2018\/11\/Test-resultat-300x210.png 300w\" sizes=\"auto, (max-width: 351px) 100vw, 351px\" \/><\/p>\n<p>Hvis linjer ved C og T vises, er resultatet positivt. Hvis linjen vises kun ved C, er resultatet negativt. Kontroll linjen (C) fungerer som en kvalitetskontroll som sikrer at patronen er i orden.<\/p>\n<p>C = Control (Kontroll)<\/p>\n<p>T = Test<\/p>\n<p>S = Sample (Pr\u00f8ve)<\/p>\n<h5><strong>Positivt utslag<\/strong><\/h5>\n<p>Hvis testen er positiv for halsflux, kan du for eksempel kontakte en nettdoktor. Fordelen med \u00e5 ha gjort en streptokokk A test hjemme er at legen kan gj\u00f8re riktig diagnose og antibiotika skrives ikke ut un\u00f8dvendig. Du trenger ikke \u00e5 g\u00e5 til et helsesenter og bruke un\u00f8dvendig ventetid, noe som tydeligvis er et annet alternativ hvis du ikke vil kontakte en lege via nettet.<\/p>\n<h5><strong>Negativt utslag<\/strong><\/h5>\n<p>Hvis testen derimot er negativ, hjelper ikke antibiotika, men hevelsen er da trolig for\u00e5rsaket av virus som kroppen selv helbreder etter noen dager. I dette tilfellet kan du og \/ eller barnet ditt unng\u00e5 \u00e5 kontakte legen og unng\u00e5 \u00e5 bruke un\u00f8dvendig tid p\u00e5 \u00e5 ta deg til et helsesenter med lange ventetider.<\/p>\n<h5><strong>Oppbevaring<\/strong><\/h5>\n<p>Oppbevar test kassetten i lukket emballasje, enten ved romtemperatur eller avkj\u00f8lt (2-30\u00b0 C). Test kassetten er stabil selv om Utl\u00f8psdato angitt p\u00e5 pakken. Testenheten skal forbli i den forseglede posen til bruk. M\u00e5 ikke fryses.<\/p>\n","protected":false},"excerpt":{"rendered":"<p>Strep A hurtigtest p\u00e5viser Streptococcus A i hals pr\u00f8ver for \u00e5 lette diagnosen av gruppe A streptokokkinfeksjon (tonsillitt). Er dine mandler hovne og du har feber, s\u00e5 finn ut om hevelsen skyldes bakterier. Hvis testen er negativ, vil antibiotika ikke hjelpe, men hevelsen er trolig for\u00e5rsaket av virus og kroppen din vil helbrede seg etter en stund. Spesifisitet: 97%. F\u00f8lsomhet: 94%.<\/p>\n","protected":false},"featured_media":70852,"comment_status":"closed","ping_status":"closed","template":"","meta":{"_acf_changed":false,"footnotes":""},"product_brand":[],"product_cat":[772],"product_tag":[],"class_list":{"0":"post-70087","1":"product","2":"type-product","3":"status-publish","4":"has-post-thumbnail","6":"product_cat-strep-a-tonsillitt","8":"first","9":"instock","10":"taxable","11":"shipping-taxable","12":"purchasable","13":"product-type-variable"},"acf":[],"yoast_head":"<title>Mandelbetennelse test - Test deg selv hjemme i fred og ro, enkel halspr\u00f8ve<\/title>\n<meta name=\"description\" content=\"Mandelbetennelse test - Tonsillitt gj\u00f8r en test ved \u00e5 ta en enkel halspr\u00f8ve hjemme i fred og ro. F\u00e5 svar med en gang hvis du har streptokokk A-infeksjon.\" \/>\n<meta name=\"robots\" content=\"noindex, follow, max-snippet:-1, max-image-preview:large, max-video-preview:-1\" \/>\n<meta property=\"og:locale\" content=\"nb_NO\" \/>\n<meta property=\"og:type\" content=\"article\" \/>\n<meta property=\"og:title\" content=\"Mandelbetennelse test - Test deg selv hjemme i fred og ro, enkel halspr\u00f8ve\" \/>\n<meta property=\"og:description\" content=\"Mandelbetennelse test - Tonsillitt gj\u00f8r en test ved \u00e5 ta en enkel halspr\u00f8ve hjemme i fred og ro. F\u00e5 svar med en gang hvis du har streptokokk A-infeksjon.\" \/>\n<meta property=\"og:url\" content=\"https:\/\/medtest.stagingservers.net\/no\/produkt\/strep-a-tonsillitt\/\" \/>\n<meta property=\"og:site_name\" content=\"Medtest.shop\" \/>\n<meta property=\"article:publisher\" content=\"https:\/\/www.facebook.com\/Medtest-1440779469392476\/\" \/>\n<meta property=\"article:modified_time\" content=\"2019-11-13T18:39:28+00:00\" \/>\n<meta property=\"og:image\" content=\"https:\/\/medtest.stagingservers.net\/wp-content\/uploads\/2018\/11\/Halsfluss-Se.jpg\" \/>\n\t<meta property=\"og:image:width\" content=\"2100\" \/>\n\t<meta property=\"og:image:height\" content=\"1400\" \/>\n\t<meta property=\"og:image:type\" content=\"image\/jpeg\" \/>\n<meta name=\"twitter:card\" content=\"summary_large_image\" \/>\n<script type=\"application\/ld+json\" class=\"yoast-schema-graph\">{\"@context\":\"https:\\\/\\\/schema.org\",\"@graph\":[{\"@type\":\"WebPage\",\"@id\":\"https:\\\/\\\/medtest.stagingservers.net\\\/no\\\/produkt\\\/strep-a-tonsillitt\\\/\",\"url\":\"https:\\\/\\\/medtest.stagingservers.net\\\/no\\\/produkt\\\/strep-a-tonsillitt\\\/\",\"name\":\"Mandelbetennelse test - Test deg selv hjemme i fred og ro, enkel halspr\u00f8ve\",\"isPartOf\":{\"@id\":\"https:\\\/\\\/medtest.stagingservers.net\\\/no\\\/#website\"},\"primaryImageOfPage\":{\"@id\":\"https:\\\/\\\/medtest.stagingservers.net\\\/no\\\/produkt\\\/strep-a-tonsillitt\\\/#primaryimage\"},\"image\":{\"@id\":\"https:\\\/\\\/medtest.stagingservers.net\\\/no\\\/produkt\\\/strep-a-tonsillitt\\\/#primaryimage\"},\"thumbnailUrl\":\"https:\\\/\\\/medtest.stagingservers.net\\\/wp-content\\\/uploads\\\/2018\\\/11\\\/Halsfluss-Se.jpg\",\"datePublished\":\"2019-07-05T11:37:27+00:00\",\"dateModified\":\"2019-11-13T18:39:28+00:00\",\"description\":\"Mandelbetennelse test - Tonsillitt gj\u00f8r en test ved \u00e5 ta en enkel halspr\u00f8ve hjemme i fred og ro. F\u00e5 svar med en gang hvis du har streptokokk A-infeksjon.\",\"breadcrumb\":{\"@id\":\"https:\\\/\\\/medtest.stagingservers.net\\\/no\\\/produkt\\\/strep-a-tonsillitt\\\/#breadcrumb\"},\"inLanguage\":\"nb-NO\",\"potentialAction\":[{\"@type\":\"ReadAction\",\"target\":[\"https:\\\/\\\/medtest.stagingservers.net\\\/no\\\/produkt\\\/strep-a-tonsillitt\\\/\"]}]},{\"@type\":\"ImageObject\",\"inLanguage\":\"nb-NO\",\"@id\":\"https:\\\/\\\/medtest.stagingservers.net\\\/no\\\/produkt\\\/strep-a-tonsillitt\\\/#primaryimage\",\"url\":\"https:\\\/\\\/medtest.stagingservers.net\\\/wp-content\\\/uploads\\\/2018\\\/11\\\/Halsfluss-Se.jpg\",\"contentUrl\":\"https:\\\/\\\/medtest.stagingservers.net\\\/wp-content\\\/uploads\\\/2018\\\/11\\\/Halsfluss-Se.jpg\",\"width\":2100,\"height\":1400},{\"@type\":\"BreadcrumbList\",\"@id\":\"https:\\\/\\\/medtest.stagingservers.net\\\/no\\\/produkt\\\/strep-a-tonsillitt\\\/#breadcrumb\",\"itemListElement\":[{\"@type\":\"ListItem\",\"position\":1,\"name\":\"Home\",\"item\":\"https:\\\/\\\/medtest.stagingservers.net\\\/no\\\/\"},{\"@type\":\"ListItem\",\"position\":2,\"name\":\"Butikk\",\"item\":\"https:\\\/\\\/medtest.stagingservers.net\\\/no\\\/butikk\\\/\"},{\"@type\":\"ListItem\",\"position\":3,\"name\":\"Mandelbetennelse test\"}]},{\"@type\":\"WebSite\",\"@id\":\"https:\\\/\\\/medtest.stagingservers.net\\\/no\\\/#website\",\"url\":\"https:\\\/\\\/medtest.stagingservers.net\\\/no\\\/\",\"name\":\"Medtest.shop\",\"description\":\"\",\"publisher\":{\"@id\":\"https:\\\/\\\/medtest.stagingservers.net\\\/no\\\/#organization\"},\"potentialAction\":[{\"@type\":\"SearchAction\",\"target\":{\"@type\":\"EntryPoint\",\"urlTemplate\":\"https:\\\/\\\/medtest.stagingservers.net\\\/no\\\/?s={search_term_string}\"},\"query-input\":{\"@type\":\"PropertyValueSpecification\",\"valueRequired\":true,\"valueName\":\"search_term_string\"}}],\"inLanguage\":\"nb-NO\"},{\"@type\":\"Organization\",\"@id\":\"https:\\\/\\\/medtest.stagingservers.net\\\/no\\\/#organization\",\"name\":\"Medtest\",\"url\":\"https:\\\/\\\/medtest.stagingservers.net\\\/no\\\/\",\"logo\":{\"@type\":\"ImageObject\",\"inLanguage\":\"nb-NO\",\"@id\":\"https:\\\/\\\/medtest.stagingservers.net\\\/no\\\/#\\\/schema\\\/logo\\\/image\\\/\",\"url\":\"https:\\\/\\\/medtest.stagingservers.net\\\/wp-content\\\/uploads\\\/2018\\\/11\\\/Original.png\",\"contentUrl\":\"https:\\\/\\\/medtest.stagingservers.net\\\/wp-content\\\/uploads\\\/2018\\\/11\\\/Original.png\",\"width\":1024,\"height\":1024,\"caption\":\"Medtest\"},\"image\":{\"@id\":\"https:\\\/\\\/medtest.stagingservers.net\\\/no\\\/#\\\/schema\\\/logo\\\/image\\\/\"},\"sameAs\":[\"https:\\\/\\\/www.facebook.com\\\/Medtest-1440779469392476\\\/\"]}]}<\/script>","yoast_head_json":{"title":"Mandelbetennelse test - Test deg selv hjemme i fred og ro, enkel halspr\u00f8ve","description":"Mandelbetennelse test - Tonsillitt gj\u00f8r en test ved \u00e5 ta en enkel halspr\u00f8ve hjemme i fred og ro. F\u00e5 svar med en gang hvis du har streptokokk A-infeksjon.","robots":{"index":"noindex","follow":"follow","max-snippet":"max-snippet:-1","max-image-preview":"max-image-preview:large","max-video-preview":"max-video-preview:-1"},"og_locale":"nb_NO","og_type":"article","og_title":"Mandelbetennelse test - Test deg selv hjemme i fred og ro, enkel halspr\u00f8ve","og_description":"Mandelbetennelse test - Tonsillitt gj\u00f8r en test ved \u00e5 ta en enkel halspr\u00f8ve hjemme i fred og ro. F\u00e5 svar med en gang hvis du har streptokokk A-infeksjon.","og_url":"https:\/\/medtest.stagingservers.net\/no\/produkt\/strep-a-tonsillitt\/","og_site_name":"Medtest.shop","article_publisher":"https:\/\/www.facebook.com\/Medtest-1440779469392476\/","article_modified_time":"2019-11-13T18:39:28+00:00","og_image":[{"width":2100,"height":1400,"url":"https:\/\/medtest.stagingservers.net\/wp-content\/uploads\/2018\/11\/Halsfluss-Se.jpg","type":"image\/jpeg"}],"twitter_card":"summary_large_image","schema":{"@context":"https:\/\/schema.org","@graph":[{"@type":"WebPage","@id":"https:\/\/medtest.stagingservers.net\/no\/produkt\/strep-a-tonsillitt\/","url":"https:\/\/medtest.stagingservers.net\/no\/produkt\/strep-a-tonsillitt\/","name":"Mandelbetennelse test - Test deg selv hjemme i fred og ro, enkel halspr\u00f8ve","isPartOf":{"@id":"https:\/\/medtest.stagingservers.net\/no\/#website"},"primaryImageOfPage":{"@id":"https:\/\/medtest.stagingservers.net\/no\/produkt\/strep-a-tonsillitt\/#primaryimage"},"image":{"@id":"https:\/\/medtest.stagingservers.net\/no\/produkt\/strep-a-tonsillitt\/#primaryimage"},"thumbnailUrl":"https:\/\/medtest.stagingservers.net\/wp-content\/uploads\/2018\/11\/Halsfluss-Se.jpg","datePublished":"2019-07-05T11:37:27+00:00","dateModified":"2019-11-13T18:39:28+00:00","description":"Mandelbetennelse test - Tonsillitt gj\u00f8r en test ved \u00e5 ta en enkel halspr\u00f8ve hjemme i fred og ro. F\u00e5 svar med en gang hvis du har streptokokk A-infeksjon.","breadcrumb":{"@id":"https:\/\/medtest.stagingservers.net\/no\/produkt\/strep-a-tonsillitt\/#breadcrumb"},"inLanguage":"nb-NO","potentialAction":[{"@type":"ReadAction","target":["https:\/\/medtest.stagingservers.net\/no\/produkt\/strep-a-tonsillitt\/"]}]},{"@type":"ImageObject","inLanguage":"nb-NO","@id":"https:\/\/medtest.stagingservers.net\/no\/produkt\/strep-a-tonsillitt\/#primaryimage","url":"https:\/\/medtest.stagingservers.net\/wp-content\/uploads\/2018\/11\/Halsfluss-Se.jpg","contentUrl":"https:\/\/medtest.stagingservers.net\/wp-content\/uploads\/2018\/11\/Halsfluss-Se.jpg","width":2100,"height":1400},{"@type":"BreadcrumbList","@id":"https:\/\/medtest.stagingservers.net\/no\/produkt\/strep-a-tonsillitt\/#breadcrumb","itemListElement":[{"@type":"ListItem","position":1,"name":"Home","item":"https:\/\/medtest.stagingservers.net\/no\/"},{"@type":"ListItem","position":2,"name":"Butikk","item":"https:\/\/medtest.stagingservers.net\/no\/butikk\/"},{"@type":"ListItem","position":3,"name":"Mandelbetennelse test"}]},{"@type":"WebSite","@id":"https:\/\/medtest.stagingservers.net\/no\/#website","url":"https:\/\/medtest.stagingservers.net\/no\/","name":"Medtest.shop","description":"","publisher":{"@id":"https:\/\/medtest.stagingservers.net\/no\/#organization"},"potentialAction":[{"@type":"SearchAction","target":{"@type":"EntryPoint","urlTemplate":"https:\/\/medtest.stagingservers.net\/no\/?s={search_term_string}"},"query-input":{"@type":"PropertyValueSpecification","valueRequired":true,"valueName":"search_term_string"}}],"inLanguage":"nb-NO"},{"@type":"Organization","@id":"https:\/\/medtest.stagingservers.net\/no\/#organization","name":"Medtest","url":"https:\/\/medtest.stagingservers.net\/no\/","logo":{"@type":"ImageObject","inLanguage":"nb-NO","@id":"https:\/\/medtest.stagingservers.net\/no\/#\/schema\/logo\/image\/","url":"https:\/\/medtest.stagingservers.net\/wp-content\/uploads\/2018\/11\/Original.png","contentUrl":"https:\/\/medtest.stagingservers.net\/wp-content\/uploads\/2018\/11\/Original.png","width":1024,"height":1024,"caption":"Medtest"},"image":{"@id":"https:\/\/medtest.stagingservers.net\/no\/#\/schema\/logo\/image\/"},"sameAs":["https:\/\/www.facebook.com\/Medtest-1440779469392476\/"]}]}},"_links":{"self":[{"href":"https:\/\/medtest.stagingservers.net\/no\/wp-json\/wp\/v2\/product\/70087","targetHints":{"allow":["GET"]}}],"collection":[{"href":"https:\/\/medtest.stagingservers.net\/no\/wp-json\/wp\/v2\/product"}],"about":[{"href":"https:\/\/medtest.stagingservers.net\/no\/wp-json\/wp\/v2\/types\/product"}],"replies":[{"embeddable":true,"href":"https:\/\/medtest.stagingservers.net\/no\/wp-json\/wp\/v2\/comments?post=70087"}],"version-history":[{"count":0,"href":"https:\/\/medtest.stagingservers.net\/no\/wp-json\/wp\/v2\/product\/70087\/revisions"}],"wp:featuredmedia":[{"embeddable":true,"href":"https:\/\/medtest.stagingservers.net\/no\/wp-json\/wp\/v2\/media\/70852"}],"wp:attachment":[{"href":"https:\/\/medtest.stagingservers.net\/no\/wp-json\/wp\/v2\/media?parent=70087"}],"wp:term":[{"taxonomy":"product_brand","embeddable":true,"href":"https:\/\/medtest.stagingservers.net\/no\/wp-json\/wp\/v2\/product_brand?post=70087"},{"taxonomy":"product_cat","embeddable":true,"href":"https:\/\/medtest.stagingservers.net\/no\/wp-json\/wp\/v2\/product_cat?post=70087"},{"taxonomy":"product_tag","embeddable":true,"href":"https:\/\/medtest.stagingservers.net\/no\/wp-json\/wp\/v2\/product_tag?post=70087"}],"curies":[{"name":"wp","href":"https:\/\/api.w.org\/{rel}","templated":true}]}}