{"id":70131,"date":"2019-07-05T13:13:07","date_gmt":"2019-07-05T13:13:07","guid":{"rendered":"https:\/\/medtest.stagingservers.net\/product\/hepatit-b-hepatit-c-levertest\/"},"modified":"2019-11-29T16:34:07","modified_gmt":"2019-11-29T14:34:07","slug":"hepatit-b-hepatit-c-levertest","status":"publish","type":"product","link":"https:\/\/medtest.stagingservers.net\/no\/produkt\/hepatit-b-hepatit-c-levertest\/","title":{"rendered":"Hepatit B, Hepatit C, Levertest"},"content":{"rendered":"<h2>Hepatit B, hepatit C och levertest<\/h2>\n<p>Hepatit B och hepatit C \u00e4r en leverinflammation som orsakas av ett virus. Sjukdomen \u00f6verf\u00f6rs framf\u00f6r allt genom blod. Det vanligaste s\u00e4ttet att f\u00e5 infektionen \u00e4r om du tar narkotika med sprutor som \u00e4ven anv\u00e4nds av andra. Men du kan \u00e4ven bli smittad om du har haft oskyddat sex. Infektionen finns ofta kvar hela livet, men med l\u00e4kemedel finns m\u00f6jligheten att bli helt frisk. Hepatit B &amp; C sprids genom blod och oskyddat sex. Exempelvis vid:<\/p>\n<ul>\n<li>Delning av n\u00e5lar<\/li>\n<li>Mottagande av infekterade blodprodukter<\/li>\n<li>Oskyddat sex<\/li>\n<li>Perinatal smitta fr\u00e5n mor till barn.<\/li>\n<\/ul>\n<h4><strong>Om testerna<\/strong><\/h4>\n<p><strong>Hepatit B<\/strong><\/p>\n<p>Testet m\u00e4ter yt-antigenet HBsAg i blodet med en specificitet p\u00e5 hela 100%. Den analytiska k\u00e4nsligheten \u00e4r 300-500 CFU\/ml vilket \u00e4r v\u00e4ldigt l\u00e5gt. Testen er CE-godkjent og er til profesjonell bruk.<\/p>\n<p><strong>Hepatit C<\/strong><\/p>\n<p>Testet m\u00e4ter kroppens producerade antikroppar mot HCV i blodet med en specificitet och k\u00e4nslighet p\u00e5 hela 99,9%. Testen er CE-godkjent og er til profesjonell bruk.<\/p>\n<p><strong>Levertest<\/strong> Testet kontrollerar din leverfunktion genom att m\u00e4ta bilirubin och urobilinogen i urinprover (2 st urinstickor medf\u00f6ljer).<\/p>\n<h4><strong>N\u00e4r ska man testa sig?<\/strong><\/h4>\n<p>Regelbunden testning \u00e4r viktig f\u00f6r alla som \u00e4r sexuellt aktiva, oavsett \u00e5lder, sexualitet eller f\u00f6rh\u00e5llande status. Det \u00e4r alltid bra att testa dig om du har haft oskyddat sex. Fr\u00e5n det att du har blivit smittad med hepatit tar det vanligtvis ungef\u00e4r \u00e5tta veckor till det att du f\u00e5r sjukdomen, men tiden kan variera fr\u00e5n tv\u00e5 veckor upp till ett halv\u00e5r.<\/p>\n<h4>Symptom<\/h4>\n<p>De flesta som f\u00e5r akut hepatit B eller C f\u00e5r inga symtom och m\u00e4rker inte att de har f\u00e5tt infektionen. Sjukdomen delas in i akut och kronisk hepatit. Den f\u00f6rsta fasen av infektionen kallas akut och den andra fasen kallas kronisk. Vid kronisk finns viruset kvar i kroppen i mer \u00e4n sex m\u00e5nader, ofta hela livet.<\/p>\n<p><strong>Med dessa test g\u00e5r det att kontrollera om infektionen har f\u00f6rsvunnit eller om den verkar g\u00e5 \u00f6ver i kronisk hepatit.<\/strong><\/p>\n<h5>Symptom f\u00f6r hepatit B:<\/h5>\n<ul>\n<li>illam\u00e5ende<\/li>\n<li>minskad aptit<\/li>\n<li>tr\u00f6tthet<\/li>\n<li>huden kliar<\/li>\n<li>huden och \u00f6gonvitorna gulf\u00e4rgas (\u201dgulsot\u201d)<\/li>\n<\/ul>\n<h5 style=\"text-align: left;\">Symptom f\u00f6r hepatit C:<\/h5>\n<ul>\n<li>Kisset blir m\u00f6rkt<\/li>\n<li>Avf\u00f6ringen blir ljus<\/li>\n<li>Huden och \u00f6gonvitorna gulf\u00e4rgas (&laquo;gulsot&raquo;)<\/li>\n<\/ul>\n<h4><strong>Hur blir jag av med hepatit?<\/strong><\/h4>\n<p>Du kan leva n\u00e4stan som vanligt om du har kronisk Hepatit, men t\u00e4nk p\u00e5 att du kan smitta andra. Du kan g\u00e5 l\u00e4nge med viruset i kroppen utan att direkt k\u00e4nna det. Men sjukdomen orsakar \u00e4nd\u00e5 en inflammation i levern som l\u00e5ngsamt kan bli skadad. Det kan leda till levercirros efter 20-30 \u00e5r. D\u00e4rf\u00f6r \u00e4r det bra att \u00e4ven kontrollera din leverfunktion om du har symptom f\u00f6r hepatit.<\/p>\n<h5>B\u00f6rja med ett snabbtest &#8211; Enkelt och billigt med en h\u00f6g noggrannhet<\/h5>\n<div>\n<h4><strong>Anv\u00e4ndarinstruktioner hepatit B, C<\/strong><\/h4>\n<h5><strong>G\u00f6r s\u00e5 h\u00e4r:<\/strong><\/h5>\n<\/div>\n<ol start=\"1\">\n<li>Reng\u00f6r ditt finger med alkohol reng\u00f6ringsservetten.<\/li>\n<li>Ta bort den runda skyddshatten p\u00e5 n\u00e5len och stick dig i fingertoppen och pressa fram lite blod.<\/li>\n<li>Sug upp 2-3 droppar blod med pipetten genom att f\u00f6ra pipettspetsen till blodytan. Kapill\u00e4rkrafter kommer g\u00f6ra att blodet sugs upp i pipetten med automatik.<\/li>\n<li>Droppa 2 droppar blod i testkasettens brunn (S).<\/li>\n<li>Droppa d\u00e4refter 1 droppe buffert.<\/li>\n<li>V\u00e4nta 10 minuter f\u00f6r att avl\u00e4sa resultatet. V\u00e4nta aldrig l\u00e4ngre \u00e4n 20 minuter f\u00f6r att avl\u00e4sa svaret.<\/li>\n<\/ol>\n<p><img loading=\"lazy\" decoding=\"async\" class=\"alignnone size-full wp-image-70261\" src=\"\/wp-content\/uploads\/2019\/03\/PSA-procedur.png\" alt=\"PSA procedur\" width=\"1455\" height=\"467\" srcset=\"https:\/\/medtest.stagingservers.net\/wp-content\/uploads\/2019\/03\/PSA-procedur.png 1455w, https:\/\/medtest.stagingservers.net\/wp-content\/uploads\/2019\/03\/PSA-procedur-600x193.png 600w, https:\/\/medtest.stagingservers.net\/wp-content\/uploads\/2019\/03\/PSA-procedur-200x64.png 200w, https:\/\/medtest.stagingservers.net\/wp-content\/uploads\/2019\/03\/PSA-procedur-720x231.png 720w, https:\/\/medtest.stagingservers.net\/wp-content\/uploads\/2019\/03\/PSA-procedur-768x246.png 768w, https:\/\/medtest.stagingservers.net\/wp-content\/uploads\/2019\/03\/PSA-procedur-1200x385.png 1200w, https:\/\/medtest.stagingservers.net\/wp-content\/uploads\/2019\/03\/PSA-procedur-416x134.png 416w, https:\/\/medtest.stagingservers.net\/wp-content\/uploads\/2019\/03\/PSA-procedur-300x96.png 300w, https:\/\/medtest.stagingservers.net\/wp-content\/uploads\/2019\/03\/PSA-procedur-1024x329.png 1024w\" sizes=\"auto, (max-width: 1455px) 100vw, 1455px\" \/><\/p>\n<h4><strong>Resultat hepatit B, C<\/strong><\/h4>\n<p><img loading=\"lazy\" decoding=\"async\" class=\"alignnone wp-image-67004 \" src=\"https:\/\/medtest.stagingservers.net\/wp-content\/uploads\/2019\/05\/Test-resultat.png\" alt=\"\" width=\"247\" height=\"173\" srcset=\"https:\/\/medtest.stagingservers.net\/wp-content\/uploads\/2019\/05\/Test-resultat.png 351w, https:\/\/medtest.stagingservers.net\/wp-content\/uploads\/2019\/05\/Test-resultat-300x210.png 300w\" sizes=\"auto, (max-width: 247px) 100vw, 247px\" \/><\/p>\n<h4><strong>Anv\u00e4ndarinstruktioner levertest<\/strong><\/h4>\n<ol start=\"1\">\n<li>\u00d6ppna folief\u00f6rpackningen och ta ut teststickan.<\/li>\n<li>Urinera i en kopp\/b\u00e4gare och doppa teststickan.<\/li>\n<li>L\u00e4ser av svaret efter cirka 1 minut. L\u00e4ser resultaten genom att j\u00e4mf\u00f6ra f\u00e4rgerna p\u00e5 reaktionen p\u00e5 remsan till de i diagrammet. Under j\u00e4mf\u00f6relse beh\u00e5ll remsan i ett horisontellt l\u00e4ge f\u00f6r att undvika m\u00f6jlig blandning av f\u00e4rger mellan de tv\u00e5 reaktionsomr\u00e5dena p\u00e5 remsan<\/li>\n<\/ol>\n<p><img loading=\"lazy\" decoding=\"async\" class=\"alignnone size-full wp-image-56020\" src=\"\/wp-content\/uploads\/2019\/05\/Lever-resultat-2.png\" alt=\"\" width=\"1086\" height=\"226\" \/> \u00a0 \u00a0 Visar ditt test positivt utslag rekommenderar vi att du upps\u00f6ker l\u00e4kare f\u00f6r vidare utredning eller bes\u00f6ker n\u00e4rmsta apotek f\u00f6r r\u00e5dgivning. \u00a0 Om du har fr\u00e5gor kan du <a href=\"https:\/\/medtest.stagingservers.net\/no\/kontakt-oss\/\">kontakta oss h\u00e4r<\/a>. I detta paket f\u00e5r du levertestet gratis.<\/p>\n","protected":false},"excerpt":{"rendered":"<p>Hepatitt B og hepatitt C er en leverbetennelse for\u00e5rsaket av et virus. Sykdommen overf\u00f8res hovedsakelig gjennom blod. Den vanligste m\u00e5ten \u00e5 f\u00e5 infeksjonen p\u00e5 er hvis du tar medisiner med spr\u00f8yter som ogs\u00e5 brukes av andre. Men du kan ogs\u00e5 bli smittet hvis du har hatt ubeskyttet sex. Infeksjonen vedvarer ofte gjennom livet, men med medisiner er muligheten for \u00e5 v\u00e6re helt sunn.<\/p>\n","protected":false},"featured_media":67013,"comment_status":"closed","ping_status":"closed","template":"","meta":{"_acf_changed":false,"footnotes":""},"product_brand":[],"product_cat":[779,780,767,758],"product_tag":[],"class_list":{"0":"post-70131","1":"product","2":"type-product","3":"status-publish","4":"has-post-thumbnail","6":"product_cat-hepatit-b-no","7":"product_cat-hepatit-c-no","8":"product_cat-leverfunksjon","9":"product_cat-pakke-tilbud","11":"first","12":"instock","13":"taxable","14":"shipping-taxable","15":"purchasable","16":"product-type-simple"},"acf":[],"yoast_head":"<title>Hepatit B, Hepatit C, Levertest - Hemtester f\u00f6r m\u00e4n och kvinnor- Medtest.shop<\/title>\n<meta name=\"description\" content=\"Hepatit B, Hepatit C, Levertest - Hemtest f\u00f6r m\u00e4n och kvinnor. Skickas samma dag i diskret f\u00f6rpackning. Direkt hem i brevl\u00e5dan - Medtest.shop\" \/>\n<meta name=\"robots\" content=\"noindex, follow, max-snippet:-1, max-image-preview:large, max-video-preview:-1\" \/>\n<meta property=\"og:locale\" content=\"nb_NO\" \/>\n<meta property=\"og:type\" content=\"article\" \/>\n<meta property=\"og:title\" content=\"Hepatit B, Hepatit C, Levertest - Hemtester f\u00f6r m\u00e4n och kvinnor- Medtest.shop\" \/>\n<meta property=\"og:description\" content=\"Hepatit B, Hepatit C, Levertest - Hemtest f\u00f6r m\u00e4n och kvinnor. Skickas samma dag i diskret f\u00f6rpackning. Direkt hem i brevl\u00e5dan - Medtest.shop\" \/>\n<meta property=\"og:url\" content=\"https:\/\/medtest.stagingservers.net\/no\/produkt\/hepatit-b-hepatit-c-levertest\/\" \/>\n<meta property=\"og:site_name\" content=\"Medtest.shop\" \/>\n<meta property=\"article:publisher\" content=\"https:\/\/www.facebook.com\/Medtest-1440779469392476\/\" \/>\n<meta property=\"article:modified_time\" content=\"2019-11-29T14:34:07+00:00\" \/>\n<meta property=\"og:image\" content=\"https:\/\/medtest.stagingservers.net\/wp-content\/uploads\/2019\/05\/Hepatit-paket-4-EJ-CE-1-3.png\" \/>\n\t<meta property=\"og:image:width\" content=\"1042\" \/>\n\t<meta property=\"og:image:height\" content=\"663\" \/>\n\t<meta property=\"og:image:type\" content=\"image\/png\" \/>\n<meta name=\"twitter:card\" content=\"summary_large_image\" \/>\n<script type=\"application\/ld+json\" class=\"yoast-schema-graph\">{\"@context\":\"https:\\\/\\\/schema.org\",\"@graph\":[{\"@type\":\"WebPage\",\"@id\":\"https:\\\/\\\/medtest.stagingservers.net\\\/no\\\/produkt\\\/hepatit-b-hepatit-c-levertest\\\/\",\"url\":\"https:\\\/\\\/medtest.stagingservers.net\\\/no\\\/produkt\\\/hepatit-b-hepatit-c-levertest\\\/\",\"name\":\"Hepatit B, Hepatit C, Levertest - Hemtester f\u00f6r m\u00e4n och kvinnor- Medtest.shop\",\"isPartOf\":{\"@id\":\"https:\\\/\\\/medtest.stagingservers.net\\\/no\\\/#website\"},\"primaryImageOfPage\":{\"@id\":\"https:\\\/\\\/medtest.stagingservers.net\\\/no\\\/produkt\\\/hepatit-b-hepatit-c-levertest\\\/#primaryimage\"},\"image\":{\"@id\":\"https:\\\/\\\/medtest.stagingservers.net\\\/no\\\/produkt\\\/hepatit-b-hepatit-c-levertest\\\/#primaryimage\"},\"thumbnailUrl\":\"https:\\\/\\\/medtest.stagingservers.net\\\/wp-content\\\/uploads\\\/2019\\\/05\\\/Hepatit-paket-4-EJ-CE-1-3.png\",\"datePublished\":\"2019-07-05T13:13:07+00:00\",\"dateModified\":\"2019-11-29T14:34:07+00:00\",\"description\":\"Hepatit B, Hepatit C, Levertest - Hemtest f\u00f6r m\u00e4n och kvinnor. Skickas samma dag i diskret f\u00f6rpackning. Direkt hem i brevl\u00e5dan - Medtest.shop\",\"breadcrumb\":{\"@id\":\"https:\\\/\\\/medtest.stagingservers.net\\\/no\\\/produkt\\\/hepatit-b-hepatit-c-levertest\\\/#breadcrumb\"},\"inLanguage\":\"nb-NO\",\"potentialAction\":[{\"@type\":\"ReadAction\",\"target\":[\"https:\\\/\\\/medtest.stagingservers.net\\\/no\\\/produkt\\\/hepatit-b-hepatit-c-levertest\\\/\"]}]},{\"@type\":\"ImageObject\",\"inLanguage\":\"nb-NO\",\"@id\":\"https:\\\/\\\/medtest.stagingservers.net\\\/no\\\/produkt\\\/hepatit-b-hepatit-c-levertest\\\/#primaryimage\",\"url\":\"https:\\\/\\\/medtest.stagingservers.net\\\/wp-content\\\/uploads\\\/2019\\\/05\\\/Hepatit-paket-4-EJ-CE-1-3.png\",\"contentUrl\":\"https:\\\/\\\/medtest.stagingservers.net\\\/wp-content\\\/uploads\\\/2019\\\/05\\\/Hepatit-paket-4-EJ-CE-1-3.png\",\"width\":1042,\"height\":663,\"caption\":\"Hepatit\"},{\"@type\":\"BreadcrumbList\",\"@id\":\"https:\\\/\\\/medtest.stagingservers.net\\\/no\\\/produkt\\\/hepatit-b-hepatit-c-levertest\\\/#breadcrumb\",\"itemListElement\":[{\"@type\":\"ListItem\",\"position\":1,\"name\":\"Home\",\"item\":\"https:\\\/\\\/medtest.stagingservers.net\\\/no\\\/\"},{\"@type\":\"ListItem\",\"position\":2,\"name\":\"Butikk\",\"item\":\"https:\\\/\\\/medtest.stagingservers.net\\\/no\\\/butikk\\\/\"},{\"@type\":\"ListItem\",\"position\":3,\"name\":\"Hepatit B, Hepatit C, Levertest\"}]},{\"@type\":\"WebSite\",\"@id\":\"https:\\\/\\\/medtest.stagingservers.net\\\/no\\\/#website\",\"url\":\"https:\\\/\\\/medtest.stagingservers.net\\\/no\\\/\",\"name\":\"Medtest.shop\",\"description\":\"\",\"publisher\":{\"@id\":\"https:\\\/\\\/medtest.stagingservers.net\\\/no\\\/#organization\"},\"potentialAction\":[{\"@type\":\"SearchAction\",\"target\":{\"@type\":\"EntryPoint\",\"urlTemplate\":\"https:\\\/\\\/medtest.stagingservers.net\\\/no\\\/?s={search_term_string}\"},\"query-input\":{\"@type\":\"PropertyValueSpecification\",\"valueRequired\":true,\"valueName\":\"search_term_string\"}}],\"inLanguage\":\"nb-NO\"},{\"@type\":\"Organization\",\"@id\":\"https:\\\/\\\/medtest.stagingservers.net\\\/no\\\/#organization\",\"name\":\"Medtest\",\"url\":\"https:\\\/\\\/medtest.stagingservers.net\\\/no\\\/\",\"logo\":{\"@type\":\"ImageObject\",\"inLanguage\":\"nb-NO\",\"@id\":\"https:\\\/\\\/medtest.stagingservers.net\\\/no\\\/#\\\/schema\\\/logo\\\/image\\\/\",\"url\":\"https:\\\/\\\/medtest.stagingservers.net\\\/wp-content\\\/uploads\\\/2018\\\/11\\\/Original.png\",\"contentUrl\":\"https:\\\/\\\/medtest.stagingservers.net\\\/wp-content\\\/uploads\\\/2018\\\/11\\\/Original.png\",\"width\":1024,\"height\":1024,\"caption\":\"Medtest\"},\"image\":{\"@id\":\"https:\\\/\\\/medtest.stagingservers.net\\\/no\\\/#\\\/schema\\\/logo\\\/image\\\/\"},\"sameAs\":[\"https:\\\/\\\/www.facebook.com\\\/Medtest-1440779469392476\\\/\"]}]}<\/script>","yoast_head_json":{"title":"Hepatit B, Hepatit C, Levertest - Hemtester f\u00f6r m\u00e4n och kvinnor- Medtest.shop","description":"Hepatit B, Hepatit C, Levertest - Hemtest f\u00f6r m\u00e4n och kvinnor. Skickas samma dag i diskret f\u00f6rpackning. Direkt hem i brevl\u00e5dan - Medtest.shop","robots":{"index":"noindex","follow":"follow","max-snippet":"max-snippet:-1","max-image-preview":"max-image-preview:large","max-video-preview":"max-video-preview:-1"},"og_locale":"nb_NO","og_type":"article","og_title":"Hepatit B, Hepatit C, Levertest - Hemtester f\u00f6r m\u00e4n och kvinnor- Medtest.shop","og_description":"Hepatit B, Hepatit C, Levertest - Hemtest f\u00f6r m\u00e4n och kvinnor. Skickas samma dag i diskret f\u00f6rpackning. Direkt hem i brevl\u00e5dan - Medtest.shop","og_url":"https:\/\/medtest.stagingservers.net\/no\/produkt\/hepatit-b-hepatit-c-levertest\/","og_site_name":"Medtest.shop","article_publisher":"https:\/\/www.facebook.com\/Medtest-1440779469392476\/","article_modified_time":"2019-11-29T14:34:07+00:00","og_image":[{"width":1042,"height":663,"url":"https:\/\/medtest.stagingservers.net\/wp-content\/uploads\/2019\/05\/Hepatit-paket-4-EJ-CE-1-3.png","type":"image\/png"}],"twitter_card":"summary_large_image","schema":{"@context":"https:\/\/schema.org","@graph":[{"@type":"WebPage","@id":"https:\/\/medtest.stagingservers.net\/no\/produkt\/hepatit-b-hepatit-c-levertest\/","url":"https:\/\/medtest.stagingservers.net\/no\/produkt\/hepatit-b-hepatit-c-levertest\/","name":"Hepatit B, Hepatit C, Levertest - Hemtester f\u00f6r m\u00e4n och kvinnor- Medtest.shop","isPartOf":{"@id":"https:\/\/medtest.stagingservers.net\/no\/#website"},"primaryImageOfPage":{"@id":"https:\/\/medtest.stagingservers.net\/no\/produkt\/hepatit-b-hepatit-c-levertest\/#primaryimage"},"image":{"@id":"https:\/\/medtest.stagingservers.net\/no\/produkt\/hepatit-b-hepatit-c-levertest\/#primaryimage"},"thumbnailUrl":"https:\/\/medtest.stagingservers.net\/wp-content\/uploads\/2019\/05\/Hepatit-paket-4-EJ-CE-1-3.png","datePublished":"2019-07-05T13:13:07+00:00","dateModified":"2019-11-29T14:34:07+00:00","description":"Hepatit B, Hepatit C, Levertest - Hemtest f\u00f6r m\u00e4n och kvinnor. Skickas samma dag i diskret f\u00f6rpackning. Direkt hem i brevl\u00e5dan - Medtest.shop","breadcrumb":{"@id":"https:\/\/medtest.stagingservers.net\/no\/produkt\/hepatit-b-hepatit-c-levertest\/#breadcrumb"},"inLanguage":"nb-NO","potentialAction":[{"@type":"ReadAction","target":["https:\/\/medtest.stagingservers.net\/no\/produkt\/hepatit-b-hepatit-c-levertest\/"]}]},{"@type":"ImageObject","inLanguage":"nb-NO","@id":"https:\/\/medtest.stagingservers.net\/no\/produkt\/hepatit-b-hepatit-c-levertest\/#primaryimage","url":"https:\/\/medtest.stagingservers.net\/wp-content\/uploads\/2019\/05\/Hepatit-paket-4-EJ-CE-1-3.png","contentUrl":"https:\/\/medtest.stagingservers.net\/wp-content\/uploads\/2019\/05\/Hepatit-paket-4-EJ-CE-1-3.png","width":1042,"height":663,"caption":"Hepatit"},{"@type":"BreadcrumbList","@id":"https:\/\/medtest.stagingservers.net\/no\/produkt\/hepatit-b-hepatit-c-levertest\/#breadcrumb","itemListElement":[{"@type":"ListItem","position":1,"name":"Home","item":"https:\/\/medtest.stagingservers.net\/no\/"},{"@type":"ListItem","position":2,"name":"Butikk","item":"https:\/\/medtest.stagingservers.net\/no\/butikk\/"},{"@type":"ListItem","position":3,"name":"Hepatit B, Hepatit C, Levertest"}]},{"@type":"WebSite","@id":"https:\/\/medtest.stagingservers.net\/no\/#website","url":"https:\/\/medtest.stagingservers.net\/no\/","name":"Medtest.shop","description":"","publisher":{"@id":"https:\/\/medtest.stagingservers.net\/no\/#organization"},"potentialAction":[{"@type":"SearchAction","target":{"@type":"EntryPoint","urlTemplate":"https:\/\/medtest.stagingservers.net\/no\/?s={search_term_string}"},"query-input":{"@type":"PropertyValueSpecification","valueRequired":true,"valueName":"search_term_string"}}],"inLanguage":"nb-NO"},{"@type":"Organization","@id":"https:\/\/medtest.stagingservers.net\/no\/#organization","name":"Medtest","url":"https:\/\/medtest.stagingservers.net\/no\/","logo":{"@type":"ImageObject","inLanguage":"nb-NO","@id":"https:\/\/medtest.stagingservers.net\/no\/#\/schema\/logo\/image\/","url":"https:\/\/medtest.stagingservers.net\/wp-content\/uploads\/2018\/11\/Original.png","contentUrl":"https:\/\/medtest.stagingservers.net\/wp-content\/uploads\/2018\/11\/Original.png","width":1024,"height":1024,"caption":"Medtest"},"image":{"@id":"https:\/\/medtest.stagingservers.net\/no\/#\/schema\/logo\/image\/"},"sameAs":["https:\/\/www.facebook.com\/Medtest-1440779469392476\/"]}]}},"_links":{"self":[{"href":"https:\/\/medtest.stagingservers.net\/no\/wp-json\/wp\/v2\/product\/70131","targetHints":{"allow":["GET"]}}],"collection":[{"href":"https:\/\/medtest.stagingservers.net\/no\/wp-json\/wp\/v2\/product"}],"about":[{"href":"https:\/\/medtest.stagingservers.net\/no\/wp-json\/wp\/v2\/types\/product"}],"replies":[{"embeddable":true,"href":"https:\/\/medtest.stagingservers.net\/no\/wp-json\/wp\/v2\/comments?post=70131"}],"version-history":[{"count":0,"href":"https:\/\/medtest.stagingservers.net\/no\/wp-json\/wp\/v2\/product\/70131\/revisions"}],"wp:featuredmedia":[{"embeddable":true,"href":"https:\/\/medtest.stagingservers.net\/no\/wp-json\/wp\/v2\/media\/67013"}],"wp:attachment":[{"href":"https:\/\/medtest.stagingservers.net\/no\/wp-json\/wp\/v2\/media?parent=70131"}],"wp:term":[{"taxonomy":"product_brand","embeddable":true,"href":"https:\/\/medtest.stagingservers.net\/no\/wp-json\/wp\/v2\/product_brand?post=70131"},{"taxonomy":"product_cat","embeddable":true,"href":"https:\/\/medtest.stagingservers.net\/no\/wp-json\/wp\/v2\/product_cat?post=70131"},{"taxonomy":"product_tag","embeddable":true,"href":"https:\/\/medtest.stagingservers.net\/no\/wp-json\/wp\/v2\/product_tag?post=70131"}],"curies":[{"name":"wp","href":"https:\/\/api.w.org\/{rel}","templated":true}]}}