{"id":85390,"date":"2020-09-08T10:49:05","date_gmt":"2020-09-08T08:49:05","guid":{"rendered":"https:\/\/medtest.stagingservers.net\/product\/saedprove\/"},"modified":"2020-09-12T16:51:03","modified_gmt":"2020-09-12T14:51:03","slug":"saedprove","status":"publish","type":"product","link":"https:\/\/medtest.stagingservers.net\/no\/produkt\/saedprove\/","title":{"rendered":"S\u00e6dpr\u00f8ve"},"content":{"rendered":"<h1>S\u00e6dpr\u00f8ve<\/h1>\n<p>Denne s\u00e6dpr\u00f8ve er en enkel screeningtest som enkelt kan utf\u00f8res hjemme.<\/p>\n<p>Det ansl\u00e5s at rundt 20% av alle menn har s\u00e6d av lav kvalitet. Finn ut om lav s\u00e6dkonsentrasjon er grunnen til at det ikke blir graviditet for deg. Test deg selv ved hjelp av v\u00e5r profesjonelle s\u00e6dpr\u00f8ve.<\/p>\n<p>S\u00e6dpr\u00f8ven viser om mannen har tilstrekkelig mengde s\u00e6d per ml s\u00e6d. I hovedsak betyr dette at testen vil avgj\u00f8re om antall s\u00e6dceller er p\u00e5 et passende niv\u00e5 for befruktning via samleie. Et positivt resultat indikerer normal s\u00e6dkvalitet; et negativt resultat indikerer redusert s\u00e6dkvalitet.<\/p>\n<h2>Fordeler med en s\u00e6dpr\u00f8ve<\/h2>\n<p>Det er mange viktige fordeler med s\u00e6dpr\u00f8ven. En av de viktigste er at du med denne testen raskt kan f\u00e5 svar p\u00e5 om problemet ligger hos mannen, hvorp\u00e5 du kan unng\u00e5 andre un\u00f8dvendige tester. Andre viktige fordeler med denne s\u00e6dpr\u00f8ven for hjemmebruk er:<\/p>\n<ul>\n<li>Det er veldig enkelt \u00e5 utf\u00f8re testen<\/li>\n<li>Du f\u00e5r svar raskt<\/li>\n<li>Leveres i en diskret emballasje, 100% anonym<\/li>\n<li>Testresultatet er veldig riktig og en god indikasjon p\u00e5 mannens evne til \u00e5 gj\u00f8re en kvinne gravid<\/li>\n<\/ul>\n<p>I stedet for \u00e5 bestill en tid p\u00e5 en fruktbarhetsklinikk med lange ventetider, kan du test hjemme. Du vil da finne ut om s\u00e6den opprettholder kvaliteten som kreves for at det skal f\u00e5 barn. Testen er enkel \u00e5 utf\u00f8re og tar omtrent 15 minutter. Det gir svar p\u00e5 om den mannlige s\u00e6dkonsentrasjonen er under eller over WHO-grensen p\u00e5 15 millioner celler per milliliter. Testen har en n\u00f8yaktighet p\u00e5 99,1%<\/p>\n<p>S\u00e6dkonsentrasjonen kan variere mellom forskjellige testmuligheter. Derfor inneholder testen TO KOMPLETTE HJEMMETESTER for \u00e5 oppn\u00e5 h\u00f8yest mulig p\u00e5litelige testresultater.<\/p>\n<h2>Innholdet i testen<\/h2>\n<ul>\n<li>Samlingskopper<\/li>\n<li>Fertilitetskassetter<\/li>\n<li>V\u00e6ske A &amp; B<\/li>\n<li>Pipetter<\/li>\n<li>Instruksjoner<\/li>\n<\/ul>\n<p>S\u00e6dpr\u00f8ven er p\u00e5 lager, og hvis du bestiller f\u00f8r kl. 15.00, blir den sendt samme dag.<\/p>\n<p>Hvis du vil legge til fertilitetstester for henne, har vi ogs\u00e5 <a href=\"https:\/\/medtest.stagingservers.net\/no\/produkt\/egglosningstest-strips\/\">eggl\u00f8sningstester<\/a> og <a href=\"https:\/\/medtest.stagingservers.net\/no\/produkt\/graviditetstest-strips\/\">graviditetstester<\/a>.<\/p>\n","protected":false},"excerpt":{"rendered":"<ul>\n<li>2 st hjemmetester<\/li>\n<li>Test deg selv hjemme helt anonymt<\/li>\n<li>M\u00e5ler s\u00e6dkonsentrasjon<\/li>\n<li>Viser om konsentrasjonen er under 5 millioner eller under \/ over 15 millioner \/ ml<\/li>\n<li>Svar innen 15 minutter<\/li>\n<li>Testen har en n\u00f8yaktighet p\u00e5 99,1%<\/li>\n<\/ul>\n","protected":false},"featured_media":85392,"comment_status":"closed","ping_status":"closed","template":"","meta":{"_acf_changed":false,"footnotes":""},"product_brand":[],"product_cat":[1024],"product_tag":[],"class_list":{"0":"post-85390","1":"product","2":"type-product","3":"status-publish","4":"has-post-thumbnail","6":"product_cat-saedprove","8":"first","9":"instock","10":"taxable","11":"shipping-taxable","12":"purchasable","13":"product-type-simple"},"acf":[],"yoast_head":"<title>S\u00e6dpr\u00f8ve - Finn ut hvor fruktbar du er - M\u00e5l antall s\u00e6dceller - Medtest.shop<\/title>\n<meta name=\"description\" content=\"S\u00e6dpr\u00f8ve - 50% av alle fruktbarhetsproblemer skyldes mannen. Med v\u00e5r s\u00e6dpr\u00f8ve kan du m\u00e5le s\u00e6dkonsentrasjonen hjemme i fred og ro. 100% anonym\" \/>\n<meta name=\"robots\" content=\"noindex, follow, max-snippet:-1, max-image-preview:large, max-video-preview:-1\" \/>\n<meta property=\"og:locale\" content=\"nb_NO\" \/>\n<meta property=\"og:type\" content=\"article\" \/>\n<meta property=\"og:title\" content=\"S\u00e6dpr\u00f8ve - Finn ut hvor fruktbar du er - M\u00e5l antall s\u00e6dceller - Medtest.shop\" \/>\n<meta property=\"og:description\" content=\"S\u00e6dpr\u00f8ve - 50% av alle fruktbarhetsproblemer skyldes mannen. Med v\u00e5r s\u00e6dpr\u00f8ve kan du m\u00e5le s\u00e6dkonsentrasjonen hjemme i fred og ro. 100% anonym\" \/>\n<meta property=\"og:url\" content=\"https:\/\/medtest.stagingservers.net\/no\/produkt\/saedprove\/\" \/>\n<meta property=\"og:site_name\" content=\"Medtest.shop\" \/>\n<meta property=\"article:publisher\" content=\"https:\/\/www.facebook.com\/Medtest-1440779469392476\/\" \/>\n<meta property=\"article:modified_time\" content=\"2020-09-12T14:51:03+00:00\" \/>\n<meta property=\"og:image\" content=\"https:\/\/medtest.stagingservers.net\/wp-content\/uploads\/2020\/09\/Sperm-Bild.png\" \/>\n\t<meta property=\"og:image:width\" content=\"1006\" \/>\n\t<meta property=\"og:image:height\" content=\"1000\" \/>\n\t<meta property=\"og:image:type\" content=\"image\/png\" \/>\n<meta name=\"twitter:card\" content=\"summary_large_image\" \/>\n<script type=\"application\/ld+json\" class=\"yoast-schema-graph\">{\"@context\":\"https:\\\/\\\/schema.org\",\"@graph\":[{\"@type\":\"WebPage\",\"@id\":\"https:\\\/\\\/medtest.stagingservers.net\\\/no\\\/produkt\\\/saedprove\\\/\",\"url\":\"https:\\\/\\\/medtest.stagingservers.net\\\/no\\\/produkt\\\/saedprove\\\/\",\"name\":\"S\u00e6dpr\u00f8ve - Finn ut hvor fruktbar du er - M\u00e5l antall s\u00e6dceller - Medtest.shop\",\"isPartOf\":{\"@id\":\"https:\\\/\\\/medtest.stagingservers.net\\\/no\\\/#website\"},\"primaryImageOfPage\":{\"@id\":\"https:\\\/\\\/medtest.stagingservers.net\\\/no\\\/produkt\\\/saedprove\\\/#primaryimage\"},\"image\":{\"@id\":\"https:\\\/\\\/medtest.stagingservers.net\\\/no\\\/produkt\\\/saedprove\\\/#primaryimage\"},\"thumbnailUrl\":\"https:\\\/\\\/medtest.stagingservers.net\\\/wp-content\\\/uploads\\\/2020\\\/09\\\/Sperm-Bild.png\",\"datePublished\":\"2020-09-08T08:49:05+00:00\",\"dateModified\":\"2020-09-12T14:51:03+00:00\",\"description\":\"S\u00e6dpr\u00f8ve - 50% av alle fruktbarhetsproblemer skyldes mannen. Med v\u00e5r s\u00e6dpr\u00f8ve kan du m\u00e5le s\u00e6dkonsentrasjonen hjemme i fred og ro. 100% anonym\",\"breadcrumb\":{\"@id\":\"https:\\\/\\\/medtest.stagingservers.net\\\/no\\\/produkt\\\/saedprove\\\/#breadcrumb\"},\"inLanguage\":\"nb-NO\",\"potentialAction\":[{\"@type\":\"ReadAction\",\"target\":[\"https:\\\/\\\/medtest.stagingservers.net\\\/no\\\/produkt\\\/saedprove\\\/\"]}]},{\"@type\":\"ImageObject\",\"inLanguage\":\"nb-NO\",\"@id\":\"https:\\\/\\\/medtest.stagingservers.net\\\/no\\\/produkt\\\/saedprove\\\/#primaryimage\",\"url\":\"https:\\\/\\\/medtest.stagingservers.net\\\/wp-content\\\/uploads\\\/2020\\\/09\\\/Sperm-Bild.png\",\"contentUrl\":\"https:\\\/\\\/medtest.stagingservers.net\\\/wp-content\\\/uploads\\\/2020\\\/09\\\/Sperm-Bild.png\",\"width\":1006,\"height\":1000,\"caption\":\"S\u00e6dpr\u00f8ve\"},{\"@type\":\"BreadcrumbList\",\"@id\":\"https:\\\/\\\/medtest.stagingservers.net\\\/no\\\/produkt\\\/saedprove\\\/#breadcrumb\",\"itemListElement\":[{\"@type\":\"ListItem\",\"position\":1,\"name\":\"Home\",\"item\":\"https:\\\/\\\/medtest.stagingservers.net\\\/no\\\/\"},{\"@type\":\"ListItem\",\"position\":2,\"name\":\"Butikk\",\"item\":\"https:\\\/\\\/medtest.stagingservers.net\\\/no\\\/butikk\\\/\"},{\"@type\":\"ListItem\",\"position\":3,\"name\":\"S\u00e6dpr\u00f8ve\"}]},{\"@type\":\"WebSite\",\"@id\":\"https:\\\/\\\/medtest.stagingservers.net\\\/no\\\/#website\",\"url\":\"https:\\\/\\\/medtest.stagingservers.net\\\/no\\\/\",\"name\":\"Medtest.shop\",\"description\":\"\",\"publisher\":{\"@id\":\"https:\\\/\\\/medtest.stagingservers.net\\\/no\\\/#organization\"},\"potentialAction\":[{\"@type\":\"SearchAction\",\"target\":{\"@type\":\"EntryPoint\",\"urlTemplate\":\"https:\\\/\\\/medtest.stagingservers.net\\\/no\\\/?s={search_term_string}\"},\"query-input\":{\"@type\":\"PropertyValueSpecification\",\"valueRequired\":true,\"valueName\":\"search_term_string\"}}],\"inLanguage\":\"nb-NO\"},{\"@type\":\"Organization\",\"@id\":\"https:\\\/\\\/medtest.stagingservers.net\\\/no\\\/#organization\",\"name\":\"Medtest\",\"url\":\"https:\\\/\\\/medtest.stagingservers.net\\\/no\\\/\",\"logo\":{\"@type\":\"ImageObject\",\"inLanguage\":\"nb-NO\",\"@id\":\"https:\\\/\\\/medtest.stagingservers.net\\\/no\\\/#\\\/schema\\\/logo\\\/image\\\/\",\"url\":\"https:\\\/\\\/medtest.stagingservers.net\\\/wp-content\\\/uploads\\\/2018\\\/11\\\/Original.png\",\"contentUrl\":\"https:\\\/\\\/medtest.stagingservers.net\\\/wp-content\\\/uploads\\\/2018\\\/11\\\/Original.png\",\"width\":1024,\"height\":1024,\"caption\":\"Medtest\"},\"image\":{\"@id\":\"https:\\\/\\\/medtest.stagingservers.net\\\/no\\\/#\\\/schema\\\/logo\\\/image\\\/\"},\"sameAs\":[\"https:\\\/\\\/www.facebook.com\\\/Medtest-1440779469392476\\\/\"]}]}<\/script>","yoast_head_json":{"title":"S\u00e6dpr\u00f8ve - Finn ut hvor fruktbar du er - M\u00e5l antall s\u00e6dceller - Medtest.shop","description":"S\u00e6dpr\u00f8ve - 50% av alle fruktbarhetsproblemer skyldes mannen. Med v\u00e5r s\u00e6dpr\u00f8ve kan du m\u00e5le s\u00e6dkonsentrasjonen hjemme i fred og ro. 100% anonym","robots":{"index":"noindex","follow":"follow","max-snippet":"max-snippet:-1","max-image-preview":"max-image-preview:large","max-video-preview":"max-video-preview:-1"},"og_locale":"nb_NO","og_type":"article","og_title":"S\u00e6dpr\u00f8ve - Finn ut hvor fruktbar du er - M\u00e5l antall s\u00e6dceller - Medtest.shop","og_description":"S\u00e6dpr\u00f8ve - 50% av alle fruktbarhetsproblemer skyldes mannen. Med v\u00e5r s\u00e6dpr\u00f8ve kan du m\u00e5le s\u00e6dkonsentrasjonen hjemme i fred og ro. 100% anonym","og_url":"https:\/\/medtest.stagingservers.net\/no\/produkt\/saedprove\/","og_site_name":"Medtest.shop","article_publisher":"https:\/\/www.facebook.com\/Medtest-1440779469392476\/","article_modified_time":"2020-09-12T14:51:03+00:00","og_image":[{"width":1006,"height":1000,"url":"https:\/\/medtest.stagingservers.net\/wp-content\/uploads\/2020\/09\/Sperm-Bild.png","type":"image\/png"}],"twitter_card":"summary_large_image","schema":{"@context":"https:\/\/schema.org","@graph":[{"@type":"WebPage","@id":"https:\/\/medtest.stagingservers.net\/no\/produkt\/saedprove\/","url":"https:\/\/medtest.stagingservers.net\/no\/produkt\/saedprove\/","name":"S\u00e6dpr\u00f8ve - Finn ut hvor fruktbar du er - M\u00e5l antall s\u00e6dceller - Medtest.shop","isPartOf":{"@id":"https:\/\/medtest.stagingservers.net\/no\/#website"},"primaryImageOfPage":{"@id":"https:\/\/medtest.stagingservers.net\/no\/produkt\/saedprove\/#primaryimage"},"image":{"@id":"https:\/\/medtest.stagingservers.net\/no\/produkt\/saedprove\/#primaryimage"},"thumbnailUrl":"https:\/\/medtest.stagingservers.net\/wp-content\/uploads\/2020\/09\/Sperm-Bild.png","datePublished":"2020-09-08T08:49:05+00:00","dateModified":"2020-09-12T14:51:03+00:00","description":"S\u00e6dpr\u00f8ve - 50% av alle fruktbarhetsproblemer skyldes mannen. Med v\u00e5r s\u00e6dpr\u00f8ve kan du m\u00e5le s\u00e6dkonsentrasjonen hjemme i fred og ro. 100% anonym","breadcrumb":{"@id":"https:\/\/medtest.stagingservers.net\/no\/produkt\/saedprove\/#breadcrumb"},"inLanguage":"nb-NO","potentialAction":[{"@type":"ReadAction","target":["https:\/\/medtest.stagingservers.net\/no\/produkt\/saedprove\/"]}]},{"@type":"ImageObject","inLanguage":"nb-NO","@id":"https:\/\/medtest.stagingservers.net\/no\/produkt\/saedprove\/#primaryimage","url":"https:\/\/medtest.stagingservers.net\/wp-content\/uploads\/2020\/09\/Sperm-Bild.png","contentUrl":"https:\/\/medtest.stagingservers.net\/wp-content\/uploads\/2020\/09\/Sperm-Bild.png","width":1006,"height":1000,"caption":"S\u00e6dpr\u00f8ve"},{"@type":"BreadcrumbList","@id":"https:\/\/medtest.stagingservers.net\/no\/produkt\/saedprove\/#breadcrumb","itemListElement":[{"@type":"ListItem","position":1,"name":"Home","item":"https:\/\/medtest.stagingservers.net\/no\/"},{"@type":"ListItem","position":2,"name":"Butikk","item":"https:\/\/medtest.stagingservers.net\/no\/butikk\/"},{"@type":"ListItem","position":3,"name":"S\u00e6dpr\u00f8ve"}]},{"@type":"WebSite","@id":"https:\/\/medtest.stagingservers.net\/no\/#website","url":"https:\/\/medtest.stagingservers.net\/no\/","name":"Medtest.shop","description":"","publisher":{"@id":"https:\/\/medtest.stagingservers.net\/no\/#organization"},"potentialAction":[{"@type":"SearchAction","target":{"@type":"EntryPoint","urlTemplate":"https:\/\/medtest.stagingservers.net\/no\/?s={search_term_string}"},"query-input":{"@type":"PropertyValueSpecification","valueRequired":true,"valueName":"search_term_string"}}],"inLanguage":"nb-NO"},{"@type":"Organization","@id":"https:\/\/medtest.stagingservers.net\/no\/#organization","name":"Medtest","url":"https:\/\/medtest.stagingservers.net\/no\/","logo":{"@type":"ImageObject","inLanguage":"nb-NO","@id":"https:\/\/medtest.stagingservers.net\/no\/#\/schema\/logo\/image\/","url":"https:\/\/medtest.stagingservers.net\/wp-content\/uploads\/2018\/11\/Original.png","contentUrl":"https:\/\/medtest.stagingservers.net\/wp-content\/uploads\/2018\/11\/Original.png","width":1024,"height":1024,"caption":"Medtest"},"image":{"@id":"https:\/\/medtest.stagingservers.net\/no\/#\/schema\/logo\/image\/"},"sameAs":["https:\/\/www.facebook.com\/Medtest-1440779469392476\/"]}]}},"_links":{"self":[{"href":"https:\/\/medtest.stagingservers.net\/no\/wp-json\/wp\/v2\/product\/85390","targetHints":{"allow":["GET"]}}],"collection":[{"href":"https:\/\/medtest.stagingservers.net\/no\/wp-json\/wp\/v2\/product"}],"about":[{"href":"https:\/\/medtest.stagingservers.net\/no\/wp-json\/wp\/v2\/types\/product"}],"replies":[{"embeddable":true,"href":"https:\/\/medtest.stagingservers.net\/no\/wp-json\/wp\/v2\/comments?post=85390"}],"version-history":[{"count":3,"href":"https:\/\/medtest.stagingservers.net\/no\/wp-json\/wp\/v2\/product\/85390\/revisions"}],"predecessor-version":[{"id":85546,"href":"https:\/\/medtest.stagingservers.net\/no\/wp-json\/wp\/v2\/product\/85390\/revisions\/85546"}],"wp:featuredmedia":[{"embeddable":true,"href":"https:\/\/medtest.stagingservers.net\/no\/wp-json\/wp\/v2\/media\/85392"}],"wp:attachment":[{"href":"https:\/\/medtest.stagingservers.net\/no\/wp-json\/wp\/v2\/media?parent=85390"}],"wp:term":[{"taxonomy":"product_brand","embeddable":true,"href":"https:\/\/medtest.stagingservers.net\/no\/wp-json\/wp\/v2\/product_brand?post=85390"},{"taxonomy":"product_cat","embeddable":true,"href":"https:\/\/medtest.stagingservers.net\/no\/wp-json\/wp\/v2\/product_cat?post=85390"},{"taxonomy":"product_tag","embeddable":true,"href":"https:\/\/medtest.stagingservers.net\/no\/wp-json\/wp\/v2\/product_tag?post=85390"}],"curies":[{"name":"wp","href":"https:\/\/api.w.org\/{rel}","templated":true}]}}