{"id":86978,"date":"2020-10-30T12:46:47","date_gmt":"2020-10-30T10:46:47","guid":{"rendered":"https:\/\/medtest.stagingservers.net\/?post_type=product&#038;p=86978"},"modified":"2020-10-30T13:49:51","modified_gmt":"2020-10-30T11:49:51","slug":"tannsmykke-swarovski-ruby","status":"publish","type":"product","link":"https:\/\/medtest.stagingservers.net\/no\/produkt\/tannsmykke-swarovski-ruby\/","title":{"rendered":"Tannsmykke-Swarovski-Ruby"},"content":{"rendered":"<h1>Tannsmykke Swarowski Ruby<\/h1>\n<p>Tannsmykke fra Swarowski er sm\u00e5 krystaller (1,8 mm i diameter) som er festet til tannen. Swarovski er kjent for \u00e5 kunne male glass s\u00e5 presist at krystallene glitrer som diamanter. Du bestemmer n\u00f8yaktig hvor du vil ha disse krystallene p\u00e5 tannen.<\/p>\n<p>F\u00f8r tannlegen fester Swarovski-krystallet p\u00e5 tannen, er tannen lett polert. Deretter p\u00e5f\u00f8res et gjennomsiktig lim p\u00e5 tannen som fester krystallet til tannen. Tannemaljen blir ikke skadet med denne metoden, og du vil ikke f\u00f8le smerte. Hvis du vil fjerne krystallet etter hvert, kan det gj\u00f8res uten problemer.<\/p>\n<p>En tannsmykke er med andre ord en enkel m\u00e5te \u00e5 f\u00e5 et mer personlig og glitrende smil p\u00e5. Du tar smykket til tannlegen din og ber dem feste den til tannen du vil ha.<\/p>\n<p>Tannsmykket krever ingen spesiell pleie og verken mer eller mindre tannpleie enn vanlige rutiner. Krystallet varer vanligvis til du vil fjerne det, av en eller annen grunn, og i forbindelse med fjerningen trenger du aldri \u00e5 bekymre deg for at smykkene etterlater spor p\u00e5 tannemaljen. Tvert imot, tannen vil da se ut som f\u00f8r krystallet ble limt p\u00e5.<\/p>\n<ul>\n<li>De er sikkert festet til tannen din av en tannlege som bruker tannkompositt i et kontrollert milj\u00f8 uten forurensning.<\/li>\n<li>De skader ikke tennene.<\/li>\n<li>Vi bruker kun produkter som er trygge for deg og munnen din.<\/li>\n<li>De kan vare s\u00e5 lenge en vanlig tannfylling ville gjort.<\/li>\n<li>Farge: Ruby<\/li>\n<\/ul>\n<p>Krystallet er laget i Tyskland og er av h\u00f8yeste kvalitet.<\/p>\n<p>Produsent: Saremco AG<\/p>\n<p>Diameter \u00f8 1,8 mm<\/p>\n","protected":false},"excerpt":{"rendered":"<ul>\n<li>Swarovski tannsmykke 1,8 mm<\/li>\n<li>CE-merket<\/li>\n<li>Laget i Tyskland<\/li>\n<li>Hurtig levering<\/li>\n<li>P\u00e5 lager<\/li>\n<\/ul>\n","protected":false},"featured_media":87005,"comment_status":"closed","ping_status":"closed","template":"","meta":{"_acf_changed":false,"footnotes":""},"product_brand":[],"product_cat":[1017],"product_tag":[],"class_list":{"0":"post-86978","1":"product","2":"type-product","3":"status-publish","4":"has-post-thumbnail","6":"product_cat-tannsmykker","8":"first","9":"instock","10":"taxable","11":"shipping-taxable","12":"purchasable","13":"product-type-simple"},"acf":[],"yoast_head":"<title>Tannsmykke-Swarovski-Ruby - H\u00f8y kvalitet og rask levering -<\/title>\n<meta name=\"description\" content=\"Tannsmykke-Swarovski-Ruby - Medtest.shop Lag et personlig smil med en Swarovski-krystall og smil med ekstra glitter og glans. Medtest.shop\" \/>\n<meta name=\"robots\" content=\"noindex, follow, max-snippet:-1, max-image-preview:large, max-video-preview:-1\" \/>\n<meta property=\"og:locale\" content=\"nb_NO\" \/>\n<meta property=\"og:type\" content=\"article\" \/>\n<meta property=\"og:title\" content=\"Tannsmykke-Swarovski-Ruby - H\u00f8y kvalitet og rask levering -\" \/>\n<meta property=\"og:description\" content=\"Tannsmykke-Swarovski-Ruby - Medtest.shop Lag et personlig smil med en Swarovski-krystall og smil med ekstra glitter og glans. Medtest.shop\" \/>\n<meta property=\"og:url\" content=\"https:\/\/medtest.stagingservers.net\/no\/produkt\/tannsmykke-swarovski-ruby\/\" \/>\n<meta property=\"og:site_name\" content=\"Medtest.shop\" \/>\n<meta property=\"article:publisher\" content=\"https:\/\/www.facebook.com\/Medtest-1440779469392476\/\" \/>\n<meta property=\"article:modified_time\" content=\"2020-10-30T11:49:51+00:00\" \/>\n<meta property=\"og:image\" content=\"https:\/\/medtest.stagingservers.net\/wp-content\/uploads\/2020\/10\/swarovski-ag-rose-crystal-pink-ag_p8VzfFxQZN-2.png\" \/>\n\t<meta property=\"og:image:width\" content=\"800\" \/>\n\t<meta property=\"og:image:height\" content=\"800\" \/>\n\t<meta property=\"og:image:type\" content=\"image\/png\" \/>\n<meta name=\"twitter:card\" content=\"summary_large_image\" \/>\n<script type=\"application\/ld+json\" class=\"yoast-schema-graph\">{\"@context\":\"https:\\\/\\\/schema.org\",\"@graph\":[{\"@type\":\"WebPage\",\"@id\":\"https:\\\/\\\/medtest.stagingservers.net\\\/no\\\/produkt\\\/tannsmykke-swarovski-ruby\\\/\",\"url\":\"https:\\\/\\\/medtest.stagingservers.net\\\/no\\\/produkt\\\/tannsmykke-swarovski-ruby\\\/\",\"name\":\"Tannsmykke-Swarovski-Ruby - H\u00f8y kvalitet og rask levering -\",\"isPartOf\":{\"@id\":\"https:\\\/\\\/medtest.stagingservers.net\\\/no\\\/#website\"},\"primaryImageOfPage\":{\"@id\":\"https:\\\/\\\/medtest.stagingservers.net\\\/no\\\/produkt\\\/tannsmykke-swarovski-ruby\\\/#primaryimage\"},\"image\":{\"@id\":\"https:\\\/\\\/medtest.stagingservers.net\\\/no\\\/produkt\\\/tannsmykke-swarovski-ruby\\\/#primaryimage\"},\"thumbnailUrl\":\"https:\\\/\\\/medtest.stagingservers.net\\\/wp-content\\\/uploads\\\/2020\\\/10\\\/swarovski-ag-rose-crystal-pink-ag_p8VzfFxQZN-2.png\",\"datePublished\":\"2020-10-30T10:46:47+00:00\",\"dateModified\":\"2020-10-30T11:49:51+00:00\",\"description\":\"Tannsmykke-Swarovski-Ruby - Medtest.shop Lag et personlig smil med en Swarovski-krystall og smil med ekstra glitter og glans. Medtest.shop\",\"breadcrumb\":{\"@id\":\"https:\\\/\\\/medtest.stagingservers.net\\\/no\\\/produkt\\\/tannsmykke-swarovski-ruby\\\/#breadcrumb\"},\"inLanguage\":\"nb-NO\",\"potentialAction\":[{\"@type\":\"ReadAction\",\"target\":[\"https:\\\/\\\/medtest.stagingservers.net\\\/no\\\/produkt\\\/tannsmykke-swarovski-ruby\\\/\"]}]},{\"@type\":\"ImageObject\",\"inLanguage\":\"nb-NO\",\"@id\":\"https:\\\/\\\/medtest.stagingservers.net\\\/no\\\/produkt\\\/tannsmykke-swarovski-ruby\\\/#primaryimage\",\"url\":\"https:\\\/\\\/medtest.stagingservers.net\\\/wp-content\\\/uploads\\\/2020\\\/10\\\/swarovski-ag-rose-crystal-pink-ag_p8VzfFxQZN-2.png\",\"contentUrl\":\"https:\\\/\\\/medtest.stagingservers.net\\\/wp-content\\\/uploads\\\/2020\\\/10\\\/swarovski-ag-rose-crystal-pink-ag_p8VzfFxQZN-2.png\",\"width\":800,\"height\":800,\"caption\":\"Swarovski Ruby\"},{\"@type\":\"BreadcrumbList\",\"@id\":\"https:\\\/\\\/medtest.stagingservers.net\\\/no\\\/produkt\\\/tannsmykke-swarovski-ruby\\\/#breadcrumb\",\"itemListElement\":[{\"@type\":\"ListItem\",\"position\":1,\"name\":\"Home\",\"item\":\"https:\\\/\\\/medtest.stagingservers.net\\\/no\\\/\"},{\"@type\":\"ListItem\",\"position\":2,\"name\":\"Butikk\",\"item\":\"https:\\\/\\\/medtest.stagingservers.net\\\/no\\\/butikk\\\/\"},{\"@type\":\"ListItem\",\"position\":3,\"name\":\"Tannsmykke-Swarovski-Ruby\"}]},{\"@type\":\"WebSite\",\"@id\":\"https:\\\/\\\/medtest.stagingservers.net\\\/no\\\/#website\",\"url\":\"https:\\\/\\\/medtest.stagingservers.net\\\/no\\\/\",\"name\":\"Medtest.shop\",\"description\":\"\",\"publisher\":{\"@id\":\"https:\\\/\\\/medtest.stagingservers.net\\\/no\\\/#organization\"},\"potentialAction\":[{\"@type\":\"SearchAction\",\"target\":{\"@type\":\"EntryPoint\",\"urlTemplate\":\"https:\\\/\\\/medtest.stagingservers.net\\\/no\\\/?s={search_term_string}\"},\"query-input\":{\"@type\":\"PropertyValueSpecification\",\"valueRequired\":true,\"valueName\":\"search_term_string\"}}],\"inLanguage\":\"nb-NO\"},{\"@type\":\"Organization\",\"@id\":\"https:\\\/\\\/medtest.stagingservers.net\\\/no\\\/#organization\",\"name\":\"Medtest\",\"url\":\"https:\\\/\\\/medtest.stagingservers.net\\\/no\\\/\",\"logo\":{\"@type\":\"ImageObject\",\"inLanguage\":\"nb-NO\",\"@id\":\"https:\\\/\\\/medtest.stagingservers.net\\\/no\\\/#\\\/schema\\\/logo\\\/image\\\/\",\"url\":\"https:\\\/\\\/medtest.stagingservers.net\\\/wp-content\\\/uploads\\\/2018\\\/11\\\/Original.png\",\"contentUrl\":\"https:\\\/\\\/medtest.stagingservers.net\\\/wp-content\\\/uploads\\\/2018\\\/11\\\/Original.png\",\"width\":1024,\"height\":1024,\"caption\":\"Medtest\"},\"image\":{\"@id\":\"https:\\\/\\\/medtest.stagingservers.net\\\/no\\\/#\\\/schema\\\/logo\\\/image\\\/\"},\"sameAs\":[\"https:\\\/\\\/www.facebook.com\\\/Medtest-1440779469392476\\\/\"]}]}<\/script>","yoast_head_json":{"title":"Tannsmykke-Swarovski-Ruby - H\u00f8y kvalitet og rask levering -","description":"Tannsmykke-Swarovski-Ruby - Medtest.shop Lag et personlig smil med en Swarovski-krystall og smil med ekstra glitter og glans. Medtest.shop","robots":{"index":"noindex","follow":"follow","max-snippet":"max-snippet:-1","max-image-preview":"max-image-preview:large","max-video-preview":"max-video-preview:-1"},"og_locale":"nb_NO","og_type":"article","og_title":"Tannsmykke-Swarovski-Ruby - H\u00f8y kvalitet og rask levering -","og_description":"Tannsmykke-Swarovski-Ruby - Medtest.shop Lag et personlig smil med en Swarovski-krystall og smil med ekstra glitter og glans. Medtest.shop","og_url":"https:\/\/medtest.stagingservers.net\/no\/produkt\/tannsmykke-swarovski-ruby\/","og_site_name":"Medtest.shop","article_publisher":"https:\/\/www.facebook.com\/Medtest-1440779469392476\/","article_modified_time":"2020-10-30T11:49:51+00:00","og_image":[{"width":800,"height":800,"url":"https:\/\/medtest.stagingservers.net\/wp-content\/uploads\/2020\/10\/swarovski-ag-rose-crystal-pink-ag_p8VzfFxQZN-2.png","type":"image\/png"}],"twitter_card":"summary_large_image","schema":{"@context":"https:\/\/schema.org","@graph":[{"@type":"WebPage","@id":"https:\/\/medtest.stagingservers.net\/no\/produkt\/tannsmykke-swarovski-ruby\/","url":"https:\/\/medtest.stagingservers.net\/no\/produkt\/tannsmykke-swarovski-ruby\/","name":"Tannsmykke-Swarovski-Ruby - H\u00f8y kvalitet og rask levering -","isPartOf":{"@id":"https:\/\/medtest.stagingservers.net\/no\/#website"},"primaryImageOfPage":{"@id":"https:\/\/medtest.stagingservers.net\/no\/produkt\/tannsmykke-swarovski-ruby\/#primaryimage"},"image":{"@id":"https:\/\/medtest.stagingservers.net\/no\/produkt\/tannsmykke-swarovski-ruby\/#primaryimage"},"thumbnailUrl":"https:\/\/medtest.stagingservers.net\/wp-content\/uploads\/2020\/10\/swarovski-ag-rose-crystal-pink-ag_p8VzfFxQZN-2.png","datePublished":"2020-10-30T10:46:47+00:00","dateModified":"2020-10-30T11:49:51+00:00","description":"Tannsmykke-Swarovski-Ruby - Medtest.shop Lag et personlig smil med en Swarovski-krystall og smil med ekstra glitter og glans. Medtest.shop","breadcrumb":{"@id":"https:\/\/medtest.stagingservers.net\/no\/produkt\/tannsmykke-swarovski-ruby\/#breadcrumb"},"inLanguage":"nb-NO","potentialAction":[{"@type":"ReadAction","target":["https:\/\/medtest.stagingservers.net\/no\/produkt\/tannsmykke-swarovski-ruby\/"]}]},{"@type":"ImageObject","inLanguage":"nb-NO","@id":"https:\/\/medtest.stagingservers.net\/no\/produkt\/tannsmykke-swarovski-ruby\/#primaryimage","url":"https:\/\/medtest.stagingservers.net\/wp-content\/uploads\/2020\/10\/swarovski-ag-rose-crystal-pink-ag_p8VzfFxQZN-2.png","contentUrl":"https:\/\/medtest.stagingservers.net\/wp-content\/uploads\/2020\/10\/swarovski-ag-rose-crystal-pink-ag_p8VzfFxQZN-2.png","width":800,"height":800,"caption":"Swarovski Ruby"},{"@type":"BreadcrumbList","@id":"https:\/\/medtest.stagingservers.net\/no\/produkt\/tannsmykke-swarovski-ruby\/#breadcrumb","itemListElement":[{"@type":"ListItem","position":1,"name":"Home","item":"https:\/\/medtest.stagingservers.net\/no\/"},{"@type":"ListItem","position":2,"name":"Butikk","item":"https:\/\/medtest.stagingservers.net\/no\/butikk\/"},{"@type":"ListItem","position":3,"name":"Tannsmykke-Swarovski-Ruby"}]},{"@type":"WebSite","@id":"https:\/\/medtest.stagingservers.net\/no\/#website","url":"https:\/\/medtest.stagingservers.net\/no\/","name":"Medtest.shop","description":"","publisher":{"@id":"https:\/\/medtest.stagingservers.net\/no\/#organization"},"potentialAction":[{"@type":"SearchAction","target":{"@type":"EntryPoint","urlTemplate":"https:\/\/medtest.stagingservers.net\/no\/?s={search_term_string}"},"query-input":{"@type":"PropertyValueSpecification","valueRequired":true,"valueName":"search_term_string"}}],"inLanguage":"nb-NO"},{"@type":"Organization","@id":"https:\/\/medtest.stagingservers.net\/no\/#organization","name":"Medtest","url":"https:\/\/medtest.stagingservers.net\/no\/","logo":{"@type":"ImageObject","inLanguage":"nb-NO","@id":"https:\/\/medtest.stagingservers.net\/no\/#\/schema\/logo\/image\/","url":"https:\/\/medtest.stagingservers.net\/wp-content\/uploads\/2018\/11\/Original.png","contentUrl":"https:\/\/medtest.stagingservers.net\/wp-content\/uploads\/2018\/11\/Original.png","width":1024,"height":1024,"caption":"Medtest"},"image":{"@id":"https:\/\/medtest.stagingservers.net\/no\/#\/schema\/logo\/image\/"},"sameAs":["https:\/\/www.facebook.com\/Medtest-1440779469392476\/"]}]}},"_links":{"self":[{"href":"https:\/\/medtest.stagingservers.net\/no\/wp-json\/wp\/v2\/product\/86978","targetHints":{"allow":["GET"]}}],"collection":[{"href":"https:\/\/medtest.stagingservers.net\/no\/wp-json\/wp\/v2\/product"}],"about":[{"href":"https:\/\/medtest.stagingservers.net\/no\/wp-json\/wp\/v2\/types\/product"}],"replies":[{"embeddable":true,"href":"https:\/\/medtest.stagingservers.net\/no\/wp-json\/wp\/v2\/comments?post=86978"}],"version-history":[{"count":1,"href":"https:\/\/medtest.stagingservers.net\/no\/wp-json\/wp\/v2\/product\/86978\/revisions"}],"predecessor-version":[{"id":87006,"href":"https:\/\/medtest.stagingservers.net\/no\/wp-json\/wp\/v2\/product\/86978\/revisions\/87006"}],"wp:featuredmedia":[{"embeddable":true,"href":"https:\/\/medtest.stagingservers.net\/no\/wp-json\/wp\/v2\/media\/87005"}],"wp:attachment":[{"href":"https:\/\/medtest.stagingservers.net\/no\/wp-json\/wp\/v2\/media?parent=86978"}],"wp:term":[{"taxonomy":"product_brand","embeddable":true,"href":"https:\/\/medtest.stagingservers.net\/no\/wp-json\/wp\/v2\/product_brand?post=86978"},{"taxonomy":"product_cat","embeddable":true,"href":"https:\/\/medtest.stagingservers.net\/no\/wp-json\/wp\/v2\/product_cat?post=86978"},{"taxonomy":"product_tag","embeddable":true,"href":"https:\/\/medtest.stagingservers.net\/no\/wp-json\/wp\/v2\/product_tag?post=86978"}],"curies":[{"name":"wp","href":"https:\/\/api.w.org\/{rel}","templated":true}]}}