{"id":90539,"date":"2021-02-17T15:40:25","date_gmt":"2021-02-17T13:40:25","guid":{"rendered":"https:\/\/medtest.stagingservers.net\/?post_type=product&#038;p=90539"},"modified":"2021-02-24T11:13:08","modified_gmt":"2021-02-24T09:13:08","slug":"d-vitamin-test","status":"publish","type":"product","link":"https:\/\/medtest.stagingservers.net\/no\/produkt\/d-vitamin-test\/","title":{"rendered":"D-vitamin test"},"content":{"rendered":"<h1>D-vitamin test<\/h1>\n<p>Har du vitamin D-mangel? V\u00e5r D-vitamin test m\u00e5ler niv\u00e5et av vitamin D i blodet.<\/p>\n<p>Med denne selvtesten vil du finne ut om du lider av vitamin D-vitamin mangel. Testen indikerer om vitamin D-niv\u00e5ene er under 10 eller 30 ng \/ ml. Testen gir resultater i form av tre niv\u00e5er:<\/p>\n<ol>\n<li>Mangel p\u00e5 vitamin D (0-10 ng \/ ml)<\/li>\n<li>Utilstrekkelige niv\u00e5er av vitamin D (10-30 ng \/ ml)<\/li>\n<li>Tilstrekkelige niv\u00e5er av vitamin D (30-100 ng \/ ml)<\/li>\n<\/ol>\n<p>Testen utf\u00f8res med en enkel og rask stikk i fingeren, deretter slippes blodet ned i en testkassett. Tilsett fortynningsmiddel som f\u00f8lger med, og resultatet vises i l\u00f8pet av f\u00e5 minutter. Enkelt og veldig p\u00e5litelig. Selvtesten er CE-merket.<\/p>\n<h4>Slik gj\u00f8r du det:<\/h4>\n<p><img loading=\"lazy\" decoding=\"async\" class=\"alignnone size-medium wp-image-70261\" src=\"https:\/\/medtest.stagingservers.net\/wp-content\/uploads\/2019\/03\/PSA-procedur-720x231.png\" alt=\"PSA procedur\" width=\"720\" height=\"231\" srcset=\"https:\/\/medtest.stagingservers.net\/wp-content\/uploads\/2019\/03\/PSA-procedur-720x231.png 720w, https:\/\/medtest.stagingservers.net\/wp-content\/uploads\/2019\/03\/PSA-procedur-600x193.png 600w, https:\/\/medtest.stagingservers.net\/wp-content\/uploads\/2019\/03\/PSA-procedur-200x64.png 200w, https:\/\/medtest.stagingservers.net\/wp-content\/uploads\/2019\/03\/PSA-procedur-768x246.png 768w, https:\/\/medtest.stagingservers.net\/wp-content\/uploads\/2019\/03\/PSA-procedur-1200x385.png 1200w, https:\/\/medtest.stagingservers.net\/wp-content\/uploads\/2019\/03\/PSA-procedur-416x134.png 416w, https:\/\/medtest.stagingservers.net\/wp-content\/uploads\/2019\/03\/PSA-procedur-300x96.png 300w, https:\/\/medtest.stagingservers.net\/wp-content\/uploads\/2019\/03\/PSA-procedur-1024x329.png 1024w, https:\/\/medtest.stagingservers.net\/wp-content\/uploads\/2019\/03\/PSA-procedur.png 1455w\" sizes=\"auto, (max-width: 720px) 100vw, 720px\" \/><\/p>\n<ol>\n<li>Rengj\u00f8r fingeren med alkoholrenseren.<\/li>\n<li>Deretter stikker du fingertuppen med lansetten<\/li>\n<li>Sug deretter 2-3 dr\u00e5per blod med pipetten.<\/li>\n<li>Drypp 1-2 dr\u00e5per i blod testkasettens br\u00f8nnen (e).<\/li>\n<li>Drypp deretter en dr\u00e5pe av buffer.<\/li>\n<li>Vent 5 minutter for \u00e5 lese resultatet.<\/li>\n<\/ol>\n<p><a href=\"https:\/\/medtest.stagingservers.net\/no\/kontakt-oss\/\">Kontakt oss<\/a> dersom du har noen sp\u00f8rsm\u00e5l om v\u00e5ret d-vitamin test.<\/p>\n","protected":false},"excerpt":{"rendered":"<ul>\n<li>Test hjemme<\/li>\n<li>Svar p\u00e5 10 minutter<\/li>\n<li>Sendt samme dag<\/li>\n<li>Diskret levering<\/li>\n<li>Direkte i postkassen<\/li>\n<li>CE-merket produkt<\/li>\n<\/ul>\n","protected":false},"featured_media":90582,"comment_status":"closed","ping_status":"closed","template":"","meta":{"_acf_changed":false,"footnotes":""},"product_brand":[],"product_cat":[1032],"product_tag":[],"class_list":{"0":"post-90539","1":"product","2":"type-product","3":"status-publish","4":"has-post-thumbnail","6":"product_cat-d-vitamin-test-no","8":"first","9":"instock","10":"taxable","11":"shipping-taxable","12":"purchasable","13":"product-type-simple"},"acf":[],"yoast_head":"<title>D-vitamin test - Medtest.shop selvtest for vitamin d<\/title>\n<meta name=\"description\" content=\"D-vitamin test - M\u00e5ler niv\u00e5et av vitamin D i blodet. CE-merket produkt. For menn og kvinner. F\u00e5 svar med en gang - Medtest.shop\" \/>\n<meta name=\"robots\" content=\"noindex, follow, max-snippet:-1, max-image-preview:large, max-video-preview:-1\" \/>\n<meta property=\"og:locale\" content=\"nb_NO\" \/>\n<meta property=\"og:type\" content=\"article\" \/>\n<meta property=\"og:title\" content=\"D-vitamin test - Medtest.shop selvtest for vitamin d\" \/>\n<meta property=\"og:description\" content=\"D-vitamin test - M\u00e5ler niv\u00e5et av vitamin D i blodet. CE-merket produkt. For menn og kvinner. F\u00e5 svar med en gang - Medtest.shop\" \/>\n<meta property=\"og:url\" content=\"https:\/\/medtest.stagingservers.net\/no\/produkt\/d-vitamin-test\/\" \/>\n<meta property=\"og:site_name\" content=\"Medtest.shop\" \/>\n<meta property=\"article:publisher\" content=\"https:\/\/www.facebook.com\/Medtest-1440779469392476\/\" \/>\n<meta property=\"article:modified_time\" content=\"2021-02-24T09:13:08+00:00\" \/>\n<meta property=\"og:image\" content=\"https:\/\/medtest.stagingservers.net\/wp-content\/uploads\/2021\/02\/Vitamin-D-NO-2-1.jpg\" \/>\n\t<meta property=\"og:image:width\" content=\"767\" \/>\n\t<meta property=\"og:image:height\" content=\"542\" \/>\n\t<meta property=\"og:image:type\" content=\"image\/jpeg\" \/>\n<meta name=\"twitter:card\" content=\"summary_large_image\" \/>\n<script type=\"application\/ld+json\" class=\"yoast-schema-graph\">{\"@context\":\"https:\\\/\\\/schema.org\",\"@graph\":[{\"@type\":\"WebPage\",\"@id\":\"https:\\\/\\\/medtest.stagingservers.net\\\/no\\\/produkt\\\/d-vitamin-test\\\/\",\"url\":\"https:\\\/\\\/medtest.stagingservers.net\\\/no\\\/produkt\\\/d-vitamin-test\\\/\",\"name\":\"D-vitamin test - Medtest.shop selvtest for vitamin d\",\"isPartOf\":{\"@id\":\"https:\\\/\\\/medtest.stagingservers.net\\\/no\\\/#website\"},\"primaryImageOfPage\":{\"@id\":\"https:\\\/\\\/medtest.stagingservers.net\\\/no\\\/produkt\\\/d-vitamin-test\\\/#primaryimage\"},\"image\":{\"@id\":\"https:\\\/\\\/medtest.stagingservers.net\\\/no\\\/produkt\\\/d-vitamin-test\\\/#primaryimage\"},\"thumbnailUrl\":\"https:\\\/\\\/medtest.stagingservers.net\\\/wp-content\\\/uploads\\\/2021\\\/02\\\/Vitamin-D-NO-2-1.jpg\",\"datePublished\":\"2021-02-17T13:40:25+00:00\",\"dateModified\":\"2021-02-24T09:13:08+00:00\",\"description\":\"D-vitamin test - M\u00e5ler niv\u00e5et av vitamin D i blodet. CE-merket produkt. For menn og kvinner. F\u00e5 svar med en gang - Medtest.shop\",\"breadcrumb\":{\"@id\":\"https:\\\/\\\/medtest.stagingservers.net\\\/no\\\/produkt\\\/d-vitamin-test\\\/#breadcrumb\"},\"inLanguage\":\"nb-NO\",\"potentialAction\":[{\"@type\":\"ReadAction\",\"target\":[\"https:\\\/\\\/medtest.stagingservers.net\\\/no\\\/produkt\\\/d-vitamin-test\\\/\"]}]},{\"@type\":\"ImageObject\",\"inLanguage\":\"nb-NO\",\"@id\":\"https:\\\/\\\/medtest.stagingservers.net\\\/no\\\/produkt\\\/d-vitamin-test\\\/#primaryimage\",\"url\":\"https:\\\/\\\/medtest.stagingservers.net\\\/wp-content\\\/uploads\\\/2021\\\/02\\\/Vitamin-D-NO-2-1.jpg\",\"contentUrl\":\"https:\\\/\\\/medtest.stagingservers.net\\\/wp-content\\\/uploads\\\/2021\\\/02\\\/Vitamin-D-NO-2-1.jpg\",\"width\":767,\"height\":542,\"caption\":\"D-vitamin test. hjemmetest som m\u00e5ler D-vitamin i blodet\"},{\"@type\":\"BreadcrumbList\",\"@id\":\"https:\\\/\\\/medtest.stagingservers.net\\\/no\\\/produkt\\\/d-vitamin-test\\\/#breadcrumb\",\"itemListElement\":[{\"@type\":\"ListItem\",\"position\":1,\"name\":\"Home\",\"item\":\"https:\\\/\\\/medtest.stagingservers.net\\\/no\\\/\"},{\"@type\":\"ListItem\",\"position\":2,\"name\":\"Butikk\",\"item\":\"https:\\\/\\\/medtest.stagingservers.net\\\/no\\\/butikk\\\/\"},{\"@type\":\"ListItem\",\"position\":3,\"name\":\"D-vitamin test\"}]},{\"@type\":\"WebSite\",\"@id\":\"https:\\\/\\\/medtest.stagingservers.net\\\/no\\\/#website\",\"url\":\"https:\\\/\\\/medtest.stagingservers.net\\\/no\\\/\",\"name\":\"Medtest.shop\",\"description\":\"\",\"publisher\":{\"@id\":\"https:\\\/\\\/medtest.stagingservers.net\\\/no\\\/#organization\"},\"potentialAction\":[{\"@type\":\"SearchAction\",\"target\":{\"@type\":\"EntryPoint\",\"urlTemplate\":\"https:\\\/\\\/medtest.stagingservers.net\\\/no\\\/?s={search_term_string}\"},\"query-input\":{\"@type\":\"PropertyValueSpecification\",\"valueRequired\":true,\"valueName\":\"search_term_string\"}}],\"inLanguage\":\"nb-NO\"},{\"@type\":\"Organization\",\"@id\":\"https:\\\/\\\/medtest.stagingservers.net\\\/no\\\/#organization\",\"name\":\"Medtest\",\"url\":\"https:\\\/\\\/medtest.stagingservers.net\\\/no\\\/\",\"logo\":{\"@type\":\"ImageObject\",\"inLanguage\":\"nb-NO\",\"@id\":\"https:\\\/\\\/medtest.stagingservers.net\\\/no\\\/#\\\/schema\\\/logo\\\/image\\\/\",\"url\":\"https:\\\/\\\/medtest.stagingservers.net\\\/wp-content\\\/uploads\\\/2018\\\/11\\\/Original.png\",\"contentUrl\":\"https:\\\/\\\/medtest.stagingservers.net\\\/wp-content\\\/uploads\\\/2018\\\/11\\\/Original.png\",\"width\":1024,\"height\":1024,\"caption\":\"Medtest\"},\"image\":{\"@id\":\"https:\\\/\\\/medtest.stagingservers.net\\\/no\\\/#\\\/schema\\\/logo\\\/image\\\/\"},\"sameAs\":[\"https:\\\/\\\/www.facebook.com\\\/Medtest-1440779469392476\\\/\"]}]}<\/script>","yoast_head_json":{"title":"D-vitamin test - Medtest.shop selvtest for vitamin d","description":"D-vitamin test - M\u00e5ler niv\u00e5et av vitamin D i blodet. CE-merket produkt. For menn og kvinner. F\u00e5 svar med en gang - Medtest.shop","robots":{"index":"noindex","follow":"follow","max-snippet":"max-snippet:-1","max-image-preview":"max-image-preview:large","max-video-preview":"max-video-preview:-1"},"og_locale":"nb_NO","og_type":"article","og_title":"D-vitamin test - Medtest.shop selvtest for vitamin d","og_description":"D-vitamin test - M\u00e5ler niv\u00e5et av vitamin D i blodet. CE-merket produkt. For menn og kvinner. F\u00e5 svar med en gang - Medtest.shop","og_url":"https:\/\/medtest.stagingservers.net\/no\/produkt\/d-vitamin-test\/","og_site_name":"Medtest.shop","article_publisher":"https:\/\/www.facebook.com\/Medtest-1440779469392476\/","article_modified_time":"2021-02-24T09:13:08+00:00","og_image":[{"width":767,"height":542,"url":"https:\/\/medtest.stagingservers.net\/wp-content\/uploads\/2021\/02\/Vitamin-D-NO-2-1.jpg","type":"image\/jpeg"}],"twitter_card":"summary_large_image","schema":{"@context":"https:\/\/schema.org","@graph":[{"@type":"WebPage","@id":"https:\/\/medtest.stagingservers.net\/no\/produkt\/d-vitamin-test\/","url":"https:\/\/medtest.stagingservers.net\/no\/produkt\/d-vitamin-test\/","name":"D-vitamin test - Medtest.shop selvtest for vitamin d","isPartOf":{"@id":"https:\/\/medtest.stagingservers.net\/no\/#website"},"primaryImageOfPage":{"@id":"https:\/\/medtest.stagingservers.net\/no\/produkt\/d-vitamin-test\/#primaryimage"},"image":{"@id":"https:\/\/medtest.stagingservers.net\/no\/produkt\/d-vitamin-test\/#primaryimage"},"thumbnailUrl":"https:\/\/medtest.stagingservers.net\/wp-content\/uploads\/2021\/02\/Vitamin-D-NO-2-1.jpg","datePublished":"2021-02-17T13:40:25+00:00","dateModified":"2021-02-24T09:13:08+00:00","description":"D-vitamin test - M\u00e5ler niv\u00e5et av vitamin D i blodet. CE-merket produkt. For menn og kvinner. F\u00e5 svar med en gang - Medtest.shop","breadcrumb":{"@id":"https:\/\/medtest.stagingservers.net\/no\/produkt\/d-vitamin-test\/#breadcrumb"},"inLanguage":"nb-NO","potentialAction":[{"@type":"ReadAction","target":["https:\/\/medtest.stagingservers.net\/no\/produkt\/d-vitamin-test\/"]}]},{"@type":"ImageObject","inLanguage":"nb-NO","@id":"https:\/\/medtest.stagingservers.net\/no\/produkt\/d-vitamin-test\/#primaryimage","url":"https:\/\/medtest.stagingservers.net\/wp-content\/uploads\/2021\/02\/Vitamin-D-NO-2-1.jpg","contentUrl":"https:\/\/medtest.stagingservers.net\/wp-content\/uploads\/2021\/02\/Vitamin-D-NO-2-1.jpg","width":767,"height":542,"caption":"D-vitamin test. hjemmetest som m\u00e5ler D-vitamin i blodet"},{"@type":"BreadcrumbList","@id":"https:\/\/medtest.stagingservers.net\/no\/produkt\/d-vitamin-test\/#breadcrumb","itemListElement":[{"@type":"ListItem","position":1,"name":"Home","item":"https:\/\/medtest.stagingservers.net\/no\/"},{"@type":"ListItem","position":2,"name":"Butikk","item":"https:\/\/medtest.stagingservers.net\/no\/butikk\/"},{"@type":"ListItem","position":3,"name":"D-vitamin test"}]},{"@type":"WebSite","@id":"https:\/\/medtest.stagingservers.net\/no\/#website","url":"https:\/\/medtest.stagingservers.net\/no\/","name":"Medtest.shop","description":"","publisher":{"@id":"https:\/\/medtest.stagingservers.net\/no\/#organization"},"potentialAction":[{"@type":"SearchAction","target":{"@type":"EntryPoint","urlTemplate":"https:\/\/medtest.stagingservers.net\/no\/?s={search_term_string}"},"query-input":{"@type":"PropertyValueSpecification","valueRequired":true,"valueName":"search_term_string"}}],"inLanguage":"nb-NO"},{"@type":"Organization","@id":"https:\/\/medtest.stagingservers.net\/no\/#organization","name":"Medtest","url":"https:\/\/medtest.stagingservers.net\/no\/","logo":{"@type":"ImageObject","inLanguage":"nb-NO","@id":"https:\/\/medtest.stagingservers.net\/no\/#\/schema\/logo\/image\/","url":"https:\/\/medtest.stagingservers.net\/wp-content\/uploads\/2018\/11\/Original.png","contentUrl":"https:\/\/medtest.stagingservers.net\/wp-content\/uploads\/2018\/11\/Original.png","width":1024,"height":1024,"caption":"Medtest"},"image":{"@id":"https:\/\/medtest.stagingservers.net\/no\/#\/schema\/logo\/image\/"},"sameAs":["https:\/\/www.facebook.com\/Medtest-1440779469392476\/"]}]}},"_links":{"self":[{"href":"https:\/\/medtest.stagingservers.net\/no\/wp-json\/wp\/v2\/product\/90539","targetHints":{"allow":["GET"]}}],"collection":[{"href":"https:\/\/medtest.stagingservers.net\/no\/wp-json\/wp\/v2\/product"}],"about":[{"href":"https:\/\/medtest.stagingservers.net\/no\/wp-json\/wp\/v2\/types\/product"}],"replies":[{"embeddable":true,"href":"https:\/\/medtest.stagingservers.net\/no\/wp-json\/wp\/v2\/comments?post=90539"}],"version-history":[{"count":5,"href":"https:\/\/medtest.stagingservers.net\/no\/wp-json\/wp\/v2\/product\/90539\/revisions"}],"predecessor-version":[{"id":90830,"href":"https:\/\/medtest.stagingservers.net\/no\/wp-json\/wp\/v2\/product\/90539\/revisions\/90830"}],"wp:featuredmedia":[{"embeddable":true,"href":"https:\/\/medtest.stagingservers.net\/no\/wp-json\/wp\/v2\/media\/90582"}],"wp:attachment":[{"href":"https:\/\/medtest.stagingservers.net\/no\/wp-json\/wp\/v2\/media?parent=90539"}],"wp:term":[{"taxonomy":"product_brand","embeddable":true,"href":"https:\/\/medtest.stagingservers.net\/no\/wp-json\/wp\/v2\/product_brand?post=90539"},{"taxonomy":"product_cat","embeddable":true,"href":"https:\/\/medtest.stagingservers.net\/no\/wp-json\/wp\/v2\/product_cat?post=90539"},{"taxonomy":"product_tag","embeddable":true,"href":"https:\/\/medtest.stagingservers.net\/no\/wp-json\/wp\/v2\/product_tag?post=90539"}],"curies":[{"name":"wp","href":"https:\/\/api.w.org\/{rel}","templated":true}]}}