{"id":73098,"date":"2019-08-29T13:23:48","date_gmt":"2019-08-29T13:23:48","guid":{"rendered":"https:\/\/medtest.stagingservers.net\/o-nas\/"},"modified":"2019-09-10T17:50:28","modified_gmt":"2019-09-10T17:50:28","slug":"o-nas","status":"publish","type":"page","link":"https:\/\/medtest.stagingservers.net\/pl\/o-nas\/","title":{"rendered":"O nas"},"content":{"rendered":"\n<p><strong>Historia firmy<\/strong><\/p>\n\n\n\n<p>Sp\u00f3\u0142ka medtest.shop powsta\u0142a w 2015 r.<\/p>\n\n\n\n<p><strong>Specjalistyczna wiedza<\/strong><\/p>\n\n\n\n<p>Za\u0142o\u017cyciel sp\u00f3\u0142ki Medtest.shop jest z wykszta\u0142cenia doktorem chemii analitycznej i prowadzi badania naukowe w zakresie technologii medycznych od 11 lat. Testy in vitro i analizy chromatograficzne to obszar, w kt\u00f3rym posiadamy szczeg\u00f3lnie wysokie kompetencje. W przypadku pyta\u0144 dotycz\u0105cych naszych test\u00f3w prosimy o przes\u0142anie zapytania na adres order@medtest.shop (prosz\u0119 oznaczy\u0107 zapytanie wyrazem &#8222;specialist&#8221; w tytule).<\/p>\n\n\n\n<p><strong>Nasza misja<\/strong><\/p>\n\n\n\n<p>Nasz\u0105 misj\u0105 jest dostarczanie test\u00f3w do wykonania w warunkach domowych, u\u0142atwiaj\u0105cych u\u017cytkownikom ich codzienne \u017cycie. Nasze produkty nabywamy bezpo\u015brednio od hurtownik\u00f3w i dzi\u0119ki temu mo\u017cemy zaoferowa\u0107 naszym klientom testy w niskich cenach.<\/p>\n\n\n\n<p><strong>Kr\u00f3tki termin dostawy<\/strong><\/p>\n\n\n\n<p>D\u0105\u017cymy do realizacji zam\u00f3wie\u0144 w mo\u017cliwie najkr\u00f3tszym terminie. Kr\u00f3tki termin dostawy to podstawa naszej dzia\u0142alno\u015bci.<\/p>\n\n\n\n<p><strong>Nasze produkty<\/strong><\/p>\n\n\n\n<p>Wszystkie oferowane przez nas produkty charakteryzuj\u0105 si\u0119 najwy\u017csz\u0105 jako\u015bci\u0105. Ponadto nasze produkty posiadaj\u0105 certyfikat ISO 9001 (system zapewniania jako\u015bci).<\/p>\n","protected":false},"excerpt":{"rendered":"<p>Historia firmy Sp\u00f3\u0142ka medtest.shop powsta\u0142a w 2015 r. Specjalistyczna wiedza Za\u0142o\u017cyciel sp\u00f3\u0142ki Medtest.shop jest z wykszta\u0142cenia doktorem chemii analitycznej i prowadzi badania naukowe w zakresie technologii medycznych od 11 lat. Testy in vitro i analizy chromatograficzne to obszar, w kt\u00f3rym posiadamy szczeg\u00f3lnie wysokie kompetencje. W przypadku pyta\u0144 dotycz\u0105cych naszych test\u00f3w prosimy o przes\u0142anie zapytania na [&hellip;]<\/p>\n","protected":false},"author":1,"featured_media":0,"parent":0,"menu_order":10,"comment_status":"closed","ping_status":"closed","template":"","meta":{"_acf_changed":false,"footnotes":""},"class_list":["post-73098","page","type-page","status-publish","hentry"],"acf":[],"yoast_head":"<title>Om oss - V\u00e5rt sortiment dekker de fleste av disse sykdommene - Medtest<\/title>\n<meta name=\"description\" content=\"Om oss - V\u00e5rt sortiment dekker de fleste av disse sykdommene, som overf\u00f8res i seksuell aktivitet som: Chlamydia-, Gonor\u00e9-, Syfilis-, Herpes- og HIV-testing.\" \/>\n<meta name=\"robots\" content=\"noindex, follow, max-snippet:-1, max-image-preview:large, max-video-preview:-1\" \/>\n<meta property=\"og:locale\" content=\"pl_PL\" \/>\n<meta property=\"og:type\" content=\"article\" \/>\n<meta property=\"og:title\" content=\"Om oss - V\u00e5rt sortiment dekker de fleste av disse sykdommene - Medtest\" \/>\n<meta property=\"og:description\" content=\"Om oss - V\u00e5rt sortiment dekker de fleste av disse sykdommene, som overf\u00f8res i seksuell aktivitet som: Chlamydia-, Gonor\u00e9-, Syfilis-, Herpes- og HIV-testing.\" \/>\n<meta property=\"og:url\" content=\"https:\/\/medtest.stagingservers.net\/pl\/o-nas\/\" \/>\n<meta property=\"og:site_name\" content=\"Medtest.shop\" \/>\n<meta property=\"article:publisher\" content=\"https:\/\/www.facebook.com\/Medtest-1440779469392476\/\" \/>\n<meta property=\"article:modified_time\" content=\"2019-09-10T17:50:28+00:00\" \/>\n<meta name=\"twitter:card\" content=\"summary_large_image\" \/>\n<script type=\"application\/ld+json\" class=\"yoast-schema-graph\">{\"@context\":\"https:\\\/\\\/schema.org\",\"@graph\":[{\"@type\":\"WebPage\",\"@id\":\"https:\\\/\\\/medtest.stagingservers.net\\\/pl\\\/o-nas\\\/\",\"url\":\"https:\\\/\\\/medtest.stagingservers.net\\\/pl\\\/o-nas\\\/\",\"name\":\"Om oss - V\u00e5rt sortiment dekker de fleste av disse sykdommene - Medtest\",\"isPartOf\":{\"@id\":\"https:\\\/\\\/medtest.stagingservers.net\\\/pl\\\/#website\"},\"datePublished\":\"2019-08-29T13:23:48+00:00\",\"dateModified\":\"2019-09-10T17:50:28+00:00\",\"description\":\"Om oss - V\u00e5rt sortiment dekker de fleste av disse sykdommene, som overf\u00f8res i seksuell aktivitet som: Chlamydia-, Gonor\u00e9-, Syfilis-, Herpes- og HIV-testing.\",\"breadcrumb\":{\"@id\":\"https:\\\/\\\/medtest.stagingservers.net\\\/pl\\\/o-nas\\\/#breadcrumb\"},\"inLanguage\":\"pl-PL\",\"potentialAction\":[{\"@type\":\"ReadAction\",\"target\":[\"https:\\\/\\\/medtest.stagingservers.net\\\/pl\\\/o-nas\\\/\"]}]},{\"@type\":\"BreadcrumbList\",\"@id\":\"https:\\\/\\\/medtest.stagingservers.net\\\/pl\\\/o-nas\\\/#breadcrumb\",\"itemListElement\":[{\"@type\":\"ListItem\",\"position\":1,\"name\":\"Home\",\"item\":\"https:\\\/\\\/medtest.stagingservers.net\\\/pl\\\/\"},{\"@type\":\"ListItem\",\"position\":2,\"name\":\"O nas\"}]},{\"@type\":\"WebSite\",\"@id\":\"https:\\\/\\\/medtest.stagingservers.net\\\/pl\\\/#website\",\"url\":\"https:\\\/\\\/medtest.stagingservers.net\\\/pl\\\/\",\"name\":\"Medtest.shop\",\"description\":\"\",\"publisher\":{\"@id\":\"https:\\\/\\\/medtest.stagingservers.net\\\/pl\\\/#organization\"},\"potentialAction\":[{\"@type\":\"SearchAction\",\"target\":{\"@type\":\"EntryPoint\",\"urlTemplate\":\"https:\\\/\\\/medtest.stagingservers.net\\\/pl\\\/?s={search_term_string}\"},\"query-input\":{\"@type\":\"PropertyValueSpecification\",\"valueRequired\":true,\"valueName\":\"search_term_string\"}}],\"inLanguage\":\"pl-PL\"},{\"@type\":\"Organization\",\"@id\":\"https:\\\/\\\/medtest.stagingservers.net\\\/pl\\\/#organization\",\"name\":\"Medtest\",\"url\":\"https:\\\/\\\/medtest.stagingservers.net\\\/pl\\\/\",\"logo\":{\"@type\":\"ImageObject\",\"inLanguage\":\"pl-PL\",\"@id\":\"https:\\\/\\\/medtest.stagingservers.net\\\/pl\\\/#\\\/schema\\\/logo\\\/image\\\/\",\"url\":\"https:\\\/\\\/medtest.stagingservers.net\\\/wp-content\\\/uploads\\\/2018\\\/11\\\/Original.png\",\"contentUrl\":\"https:\\\/\\\/medtest.stagingservers.net\\\/wp-content\\\/uploads\\\/2018\\\/11\\\/Original.png\",\"width\":1024,\"height\":1024,\"caption\":\"Medtest\"},\"image\":{\"@id\":\"https:\\\/\\\/medtest.stagingservers.net\\\/pl\\\/#\\\/schema\\\/logo\\\/image\\\/\"},\"sameAs\":[\"https:\\\/\\\/www.facebook.com\\\/Medtest-1440779469392476\\\/\"]}]}<\/script>","yoast_head_json":{"title":"Om oss - V\u00e5rt sortiment dekker de fleste av disse sykdommene - Medtest","description":"Om oss - V\u00e5rt sortiment dekker de fleste av disse sykdommene, som overf\u00f8res i seksuell aktivitet som: Chlamydia-, Gonor\u00e9-, Syfilis-, Herpes- og HIV-testing.","robots":{"index":"noindex","follow":"follow","max-snippet":"max-snippet:-1","max-image-preview":"max-image-preview:large","max-video-preview":"max-video-preview:-1"},"og_locale":"pl_PL","og_type":"article","og_title":"Om oss - V\u00e5rt sortiment dekker de fleste av disse sykdommene - Medtest","og_description":"Om oss - V\u00e5rt sortiment dekker de fleste av disse sykdommene, som overf\u00f8res i seksuell aktivitet som: Chlamydia-, Gonor\u00e9-, Syfilis-, Herpes- og HIV-testing.","og_url":"https:\/\/medtest.stagingservers.net\/pl\/o-nas\/","og_site_name":"Medtest.shop","article_publisher":"https:\/\/www.facebook.com\/Medtest-1440779469392476\/","article_modified_time":"2019-09-10T17:50:28+00:00","twitter_card":"summary_large_image","schema":{"@context":"https:\/\/schema.org","@graph":[{"@type":"WebPage","@id":"https:\/\/medtest.stagingservers.net\/pl\/o-nas\/","url":"https:\/\/medtest.stagingservers.net\/pl\/o-nas\/","name":"Om oss - V\u00e5rt sortiment dekker de fleste av disse sykdommene - Medtest","isPartOf":{"@id":"https:\/\/medtest.stagingservers.net\/pl\/#website"},"datePublished":"2019-08-29T13:23:48+00:00","dateModified":"2019-09-10T17:50:28+00:00","description":"Om oss - V\u00e5rt sortiment dekker de fleste av disse sykdommene, som overf\u00f8res i seksuell aktivitet som: Chlamydia-, Gonor\u00e9-, Syfilis-, Herpes- og HIV-testing.","breadcrumb":{"@id":"https:\/\/medtest.stagingservers.net\/pl\/o-nas\/#breadcrumb"},"inLanguage":"pl-PL","potentialAction":[{"@type":"ReadAction","target":["https:\/\/medtest.stagingservers.net\/pl\/o-nas\/"]}]},{"@type":"BreadcrumbList","@id":"https:\/\/medtest.stagingservers.net\/pl\/o-nas\/#breadcrumb","itemListElement":[{"@type":"ListItem","position":1,"name":"Home","item":"https:\/\/medtest.stagingservers.net\/pl\/"},{"@type":"ListItem","position":2,"name":"O nas"}]},{"@type":"WebSite","@id":"https:\/\/medtest.stagingservers.net\/pl\/#website","url":"https:\/\/medtest.stagingservers.net\/pl\/","name":"Medtest.shop","description":"","publisher":{"@id":"https:\/\/medtest.stagingservers.net\/pl\/#organization"},"potentialAction":[{"@type":"SearchAction","target":{"@type":"EntryPoint","urlTemplate":"https:\/\/medtest.stagingservers.net\/pl\/?s={search_term_string}"},"query-input":{"@type":"PropertyValueSpecification","valueRequired":true,"valueName":"search_term_string"}}],"inLanguage":"pl-PL"},{"@type":"Organization","@id":"https:\/\/medtest.stagingservers.net\/pl\/#organization","name":"Medtest","url":"https:\/\/medtest.stagingservers.net\/pl\/","logo":{"@type":"ImageObject","inLanguage":"pl-PL","@id":"https:\/\/medtest.stagingservers.net\/pl\/#\/schema\/logo\/image\/","url":"https:\/\/medtest.stagingservers.net\/wp-content\/uploads\/2018\/11\/Original.png","contentUrl":"https:\/\/medtest.stagingservers.net\/wp-content\/uploads\/2018\/11\/Original.png","width":1024,"height":1024,"caption":"Medtest"},"image":{"@id":"https:\/\/medtest.stagingservers.net\/pl\/#\/schema\/logo\/image\/"},"sameAs":["https:\/\/www.facebook.com\/Medtest-1440779469392476\/"]}]}},"_links":{"self":[{"href":"https:\/\/medtest.stagingservers.net\/pl\/wp-json\/wp\/v2\/pages\/73098","targetHints":{"allow":["GET"]}}],"collection":[{"href":"https:\/\/medtest.stagingservers.net\/pl\/wp-json\/wp\/v2\/pages"}],"about":[{"href":"https:\/\/medtest.stagingservers.net\/pl\/wp-json\/wp\/v2\/types\/page"}],"author":[{"embeddable":true,"href":"https:\/\/medtest.stagingservers.net\/pl\/wp-json\/wp\/v2\/users\/1"}],"replies":[{"embeddable":true,"href":"https:\/\/medtest.stagingservers.net\/pl\/wp-json\/wp\/v2\/comments?post=73098"}],"version-history":[{"count":0,"href":"https:\/\/medtest.stagingservers.net\/pl\/wp-json\/wp\/v2\/pages\/73098\/revisions"}],"wp:attachment":[{"href":"https:\/\/medtest.stagingservers.net\/pl\/wp-json\/wp\/v2\/media?parent=73098"}],"curies":[{"name":"wp","href":"https:\/\/api.w.org\/{rel}","templated":true}]}}