{"id":73103,"date":"2019-08-29T13:34:19","date_gmt":"2019-08-29T13:34:19","guid":{"rendered":"https:\/\/medtest.stagingservers.net\/najczesciej-zadawane-pytania\/"},"modified":"2019-09-10T15:33:05","modified_gmt":"2019-09-10T15:33:05","slug":"najczesciej-zadawane-pytania","status":"publish","type":"page","link":"https:\/\/medtest.stagingservers.net\/pl\/najczesciej-zadawane-pytania\/","title":{"rendered":"Najcz\u0119\u015bciej zadawane pytania"},"content":{"rendered":" \n\n\n\n\n<section class=\"medtest-faq yy\">\n  \n\n          \n         <div class=\"medtest-faq-item\">\n         <div class=\"medtest-faq-question\"><h4>CZY ZAM\u00d3WIENIA S\u0104 REALIZOWANE DO INNYCH KRAJ\u00d3W?<\/h4> <svg viewBox=\"0 0 20 20\" xmlns=\"http:\/\/www.w3.org\/2000\/svg\" width=\"20\" height=\"20\" fill=\"#1a5f93\"><path d=\"M16.7 3.3L10 10 3.3 3.4 0 6.7l10 10v-.1l10-9.9z\"><\/path><\/svg><\/div>\n         <div class=\"medtest-faq-answer\"> Tak<\/div>         \n         <\/div>\n           \n           \n         <div class=\"medtest-faq-item\">\n         <div class=\"medtest-faq-question\"><h4>Z KIM MOG\u0118 SI\u0118 KONTAKTOWA\u0106 W PRZYPADKU PYTA\u0143?<\/h4> <svg viewBox=\"0 0 20 20\" xmlns=\"http:\/\/www.w3.org\/2000\/svg\" width=\"20\" height=\"20\" fill=\"#1a5f93\"><path d=\"M16.7 3.3L10 10 3.3 3.4 0 6.7l10 10v-.1l10-9.9z\"><\/path><\/svg><\/div>\n         <div class=\"medtest-faq-answer\"> W przypadku pyta\u0144 mo\u017cna kontaktowa\u0107 si\u0119 z naszym Dzia\u0142em Wsparcia pod adresem order@medtest.shop<\/div>         \n         <\/div>\n           \n           \n         <div class=\"medtest-faq-item\">\n         <div class=\"medtest-faq-question\"><h4>W JAKI SPOS\u00d3B MOG\u0118 ZREZYGNOWA\u0106 Z ZAM\u00d3WIENIA?<\/h4> <svg viewBox=\"0 0 20 20\" xmlns=\"http:\/\/www.w3.org\/2000\/svg\" width=\"20\" height=\"20\" fill=\"#1a5f93\"><path d=\"M16.7 3.3L10 10 3.3 3.4 0 6.7l10 10v-.1l10-9.9z\"><\/path><\/svg><\/div>\n         <div class=\"medtest-faq-answer\"> Je\u015bli chcesz zrezygnowa\u0107 z zam\u00f3wienia ju\u017c po jego z\u0142o\u017ceniu, prze\u015blij do nas niezw\u0142ocznie wiadomo\u015b\u0107 e-mail z tak\u0105 informacj\u0105. Je\u015bli jeszcze nie zd\u0105\u017cyli\u015bmy wys\u0142a\u0107 przesy\u0142ki, usuniemy zam\u00f3wienie natychmiast po otrzymaniu Twojej wiadomo\u015bci e-mail. Je\u015bli ju\u017c zd\u0105\u017cyli\u015bmy wys\u0142a\u0107 przesy\u0142k\u0119, anulowanie zam\u00f3wienia jest niemo\u017cliwe i zostanie ono zrealizowane.<\/div>         \n         <\/div>\n           \n           \n         <div class=\"medtest-faq-item\">\n         <div class=\"medtest-faq-question\"><h4>CZY MOG\u0118 DOKONA\u0106 ZWROTU TOWARU?<\/h4> <svg viewBox=\"0 0 20 20\" xmlns=\"http:\/\/www.w3.org\/2000\/svg\" width=\"20\" height=\"20\" fill=\"#1a5f93\"><path d=\"M16.7 3.3L10 10 3.3 3.4 0 6.7l10 10v-.1l10-9.9z\"><\/path><\/svg><\/div>\n         <div class=\"medtest-faq-answer\"> Prawo do odst\u0105pienia od umowy przys\u0142uguje w ci\u0105gu 14 dni. Je\u015bli chcesz zwr\u00f3ci zakupiony produkt, napisz na adres order@medtest.shop<\/div>         \n         <\/div>\n           \n           \n         <div class=\"medtest-faq-item\">\n         <div class=\"medtest-faq-question\"><h4>JAKI JEST TERMIN DOSTAWY?<\/h4> <svg viewBox=\"0 0 20 20\" xmlns=\"http:\/\/www.w3.org\/2000\/svg\" width=\"20\" height=\"20\" fill=\"#1a5f93\"><path d=\"M16.7 3.3L10 10 3.3 3.4 0 6.7l10 10v-.1l10-9.9z\"><\/path><\/svg><\/div>\n         <div class=\"medtest-faq-answer\"> Termin dostawy wynosi 2-3 dni robocze.<\/div>         \n         <\/div>\n           \n           \n         <div class=\"medtest-faq-item\">\n         <div class=\"medtest-faq-question\"><h4>JAKIE SPOSOBY P\u0141ATNO\u015aCI S\u0104 AKCEPTOWANE?<\/h4> <svg viewBox=\"0 0 20 20\" xmlns=\"http:\/\/www.w3.org\/2000\/svg\" width=\"20\" height=\"20\" fill=\"#1a5f93\"><path d=\"M16.7 3.3L10 10 3.3 3.4 0 6.7l10 10v-.1l10-9.9z\"><\/path><\/svg><\/div>\n         <div class=\"medtest-faq-answer\"> Przyjmujemy p\u0142atno\u015bci za pomoc\u0105 karty VISA, Mastercard, American Express oraz Paypal.<\/div>         \n         <\/div>\n           \n           \n         <div class=\"medtest-faq-item\">\n         <div class=\"medtest-faq-question\"><h4>JAKI TERMIN TRWA\u0141O\u015aCI POSIADAJ\u0104 PRODUKTY?<\/h4> <svg viewBox=\"0 0 20 20\" xmlns=\"http:\/\/www.w3.org\/2000\/svg\" width=\"20\" height=\"20\" fill=\"#1a5f93\"><path d=\"M16.7 3.3L10 10 3.3 3.4 0 6.7l10 10v-.1l10-9.9z\"><\/path><\/svg><\/div>\n         <div class=\"medtest-faq-answer\"> Termin trwa\u0142o\u015bci wszystkich naszych test\u00f3w wynosi 2 lata pod warunkiem przechowywania w temperaturze 2-30\u00b0C. W przypadku przechowywania w lod\u00f3wce termin trwa\u0142o\u015bci jest d\u0142u\u017cszy o rok.<\/div>         \n         <\/div>\n           \n           \n         <div class=\"medtest-faq-item\">\n         <div class=\"medtest-faq-question\"><h4>W JAKI SPOS\u00d3B PRODUKTY S\u0104 WYSY\u0141ANE?<\/h4> <svg viewBox=\"0 0 20 20\" xmlns=\"http:\/\/www.w3.org\/2000\/svg\" width=\"20\" height=\"20\" fill=\"#1a5f93\"><path d=\"M16.7 3.3L10 10 3.3 3.4 0 6.7l10 10v-.1l10-9.9z\"><\/path><\/svg><\/div>\n         <div class=\"medtest-faq-answer\"> Produkty wysy\u0142ane s\u0105 na podany adres w bia\u0142ej kopercie wy\u0142o\u017conej foli\u0105 b\u0105belkow\u0105 w celu ochrony zawarto\u015bci. Przesy\u0142ka jest dyskretna, nie ma na niej \u017cadnych logotyp\u00f3w ani informacji o nadawcy.<\/div>         \n         <\/div>\n           \n           \n         <div class=\"medtest-faq-item\">\n         <div class=\"medtest-faq-question\"><h4>JAK D\u0141UGO MUSZ\u0118 ODCZEKA\u0106 PRZED WYKONANIEM TESTU NA CHOROB\u0118 WENERYCZN\u0104?<\/h4> <svg viewBox=\"0 0 20 20\" xmlns=\"http:\/\/www.w3.org\/2000\/svg\" width=\"20\" height=\"20\" fill=\"#1a5f93\"><path d=\"M16.7 3.3L10 10 3.3 3.4 0 6.7l10 10v-.1l10-9.9z\"><\/path><\/svg><\/div>\n         <div class=\"medtest-faq-answer\"> W przypadku chlamydii, rze\u017c\u0105czki i ki\u0142y nale\u017cy odczeka\u0107 ok. 10 dni od momentu, w kt\u00f3rym, jak podejrzewasz, mog\u0142e\u015b si\u0119 zarazi\u0107.<\/div>         \n         <\/div>\n           \n                 \n<\/section>\n\n<script>\n(function($) {\n        \n    \/\/var allPanels = $('.medtest-faq-answer');\n    $('.medtest-faq-answer').hide();\n      \n    $('.medtest-faq-question').click(function() {\n\n        if($(this).parent().hasClass('openfaq')){\n            $(this).parent().removeClass('openfaq'); \n            $(this).next().slideUp();\n            return false; \n        }\n\n    \/\/   $(\".medtest-faq-item\").removeClass('openfaq');  \n    \/\/   allPanels.slideUp();     \n      $(this).next().slideDown();\n      $(this).parent().addClass('openfaq');\n      return false;\n\n    });\n  \n  })(jQuery);\n<\/script>\n\n\n<div style=\"height:100px\" aria-hidden=\"true\" class=\"wp-block-spacer\"><\/div>\n\n\n\n<h3 class=\"wp-block-heading\" style=\"text-align:center\">Nie znalaz\u0142e\u015b odpowiedzi?<\/h3>\n\n\n\n<p style=\"text-align:center\">Jeste\u015bmy zawsze na miejscu, aby odpowiedzie\u0107 na Twoje pytania. Odpowied\u017a na przes\u0142ane pytanie otrzymasz w ci\u0105gu 24 godzin.<\/p>\n\n\n\n<div class=\"wpcf7 no-js\" id=\"wpcf7-f73096-o1\" lang=\"pl-PL\" dir=\"ltr\" data-wpcf7-id=\"73096\">\n<div class=\"screen-reader-response\"><p role=\"status\" aria-live=\"polite\" aria-atomic=\"true\"><\/p> <ul><\/ul><\/div>\n<form action=\"\/pl\/wp-json\/wp\/v2\/pages\/73103#wpcf7-f73096-o1\" method=\"post\" class=\"wpcf7-form init\" aria-label=\"Formularz kontaktowy\" novalidate=\"novalidate\" data-status=\"init\">\n<fieldset class=\"hidden-fields-container\"><input type=\"hidden\" name=\"_wpcf7\" value=\"73096\" \/><input type=\"hidden\" name=\"_wpcf7_version\" value=\"6.1.5\" \/><input type=\"hidden\" name=\"_wpcf7_locale\" value=\"pl_PL\" \/><input type=\"hidden\" name=\"_wpcf7_unit_tag\" value=\"wpcf7-f73096-o1\" \/><input type=\"hidden\" name=\"_wpcf7_container_post\" value=\"0\" \/><input type=\"hidden\" name=\"_wpcf7_posted_data_hash\" value=\"\" \/>\n<\/fieldset>\n<p><label> Twoje imi\u0119 (wymagane)<br \/>\n<span class=\"wpcf7-form-control-wrap\" data-name=\"your-name\"><input size=\"40\" maxlength=\"400\" class=\"wpcf7-form-control wpcf7-text wpcf7-validates-as-required\" aria-required=\"true\" aria-invalid=\"false\" value=\"\" type=\"text\" name=\"your-name\" \/><\/span> <\/label>\n<\/p>\n<p><label> Tw\u00f3j adres e-mail (wymagane)<br \/>\n<span class=\"wpcf7-form-control-wrap\" data-name=\"your-email\"><input size=\"40\" maxlength=\"400\" class=\"wpcf7-form-control wpcf7-email wpcf7-validates-as-required wpcf7-text wpcf7-validates-as-email\" aria-required=\"true\" aria-invalid=\"false\" value=\"\" type=\"email\" name=\"your-email\" \/><\/span> <\/label>\n<\/p>\n<p><label> Twoja wiadomo\u015b\u0107<br \/>\n<span class=\"wpcf7-form-control-wrap\" data-name=\"your-message\"><textarea cols=\"40\" rows=\"10\" maxlength=\"2000\" class=\"wpcf7-form-control wpcf7-textarea\" aria-invalid=\"false\" name=\"your-message\"><\/textarea><\/span> <\/label>\n<\/p>\n<p><span class=\"wpcf7-form-control-wrap\" data-name=\"acceptance-527\"><span class=\"wpcf7-form-control wpcf7-acceptance\"><span class=\"wpcf7-list-item\"><label><input type=\"checkbox\" name=\"acceptance-527\" value=\"1\" aria-invalid=\"false\" \/><span class=\"wpcf7-list-item-label\">Akceptuj\u0119 przetwarzanie moich danych osobowych. Twoje informacje nie b\u0119d\u0105 przekazywane stronom trzecim.<\/span><\/label><\/span><\/span><\/span>\n<\/p>\n<p><input class=\"wpcf7-form-control wpcf7-submit has-spinner\" type=\"submit\" value=\"Wys\u0142a\u0107\" \/>\n<\/p><div class=\"wpcf7-response-output\" aria-hidden=\"true\"><\/div>\n<\/form>\n<\/div>\n\n","protected":false},"excerpt":{"rendered":"<p>Nie znalaz\u0142e\u015b odpowiedzi? Jeste\u015bmy zawsze na miejscu, aby odpowiedzie\u0107 na Twoje pytania. Odpowied\u017a na przes\u0142ane pytanie otrzymasz w ci\u0105gu 24 godzin.<\/p>\n","protected":false},"author":1,"featured_media":0,"parent":0,"menu_order":10,"comment_status":"closed","ping_status":"closed","template":"","meta":{"_acf_changed":false,"footnotes":""},"class_list":["post-73103","page","type-page","status-publish","hentry"],"acf":[],"yoast_head":"<title>Najcz\u0119\u015bciej zadawane pytania - Medtest.shop<\/title>\n<meta name=\"description\" content=\"Najcz\u0119\u015bciej zadawane pytania - Medtest.shop\" \/>\n<meta name=\"robots\" content=\"noindex, follow, max-snippet:-1, max-image-preview:large, max-video-preview:-1\" \/>\n<meta property=\"og:locale\" content=\"pl_PL\" \/>\n<meta property=\"og:type\" content=\"article\" \/>\n<meta property=\"og:title\" content=\"Najcz\u0119\u015bciej zadawane pytania - Medtest.shop\" \/>\n<meta property=\"og:description\" content=\"Najcz\u0119\u015bciej zadawane pytania - Medtest.shop\" \/>\n<meta property=\"og:url\" content=\"https:\/\/medtest.stagingservers.net\/pl\/najczesciej-zadawane-pytania\/\" \/>\n<meta property=\"og:site_name\" content=\"Medtest.shop\" \/>\n<meta property=\"article:publisher\" content=\"https:\/\/www.facebook.com\/Medtest-1440779469392476\/\" \/>\n<meta property=\"article:modified_time\" content=\"2019-09-10T15:33:05+00:00\" \/>\n<meta name=\"twitter:card\" content=\"summary_large_image\" \/>\n<script type=\"application\/ld+json\" class=\"yoast-schema-graph\">{\"@context\":\"https:\\\/\\\/schema.org\",\"@graph\":[{\"@type\":\"WebPage\",\"@id\":\"https:\\\/\\\/medtest.stagingservers.net\\\/pl\\\/najczesciej-zadawane-pytania\\\/\",\"url\":\"https:\\\/\\\/medtest.stagingservers.net\\\/pl\\\/najczesciej-zadawane-pytania\\\/\",\"name\":\"Najcz\u0119\u015bciej zadawane pytania - Medtest.shop\",\"isPartOf\":{\"@id\":\"https:\\\/\\\/medtest.stagingservers.net\\\/pl\\\/#website\"},\"datePublished\":\"2019-08-29T13:34:19+00:00\",\"dateModified\":\"2019-09-10T15:33:05+00:00\",\"description\":\"Najcz\u0119\u015bciej zadawane pytania - Medtest.shop\",\"breadcrumb\":{\"@id\":\"https:\\\/\\\/medtest.stagingservers.net\\\/pl\\\/najczesciej-zadawane-pytania\\\/#breadcrumb\"},\"inLanguage\":\"pl-PL\",\"potentialAction\":[{\"@type\":\"ReadAction\",\"target\":[\"https:\\\/\\\/medtest.stagingservers.net\\\/pl\\\/najczesciej-zadawane-pytania\\\/\"]}]},{\"@type\":\"BreadcrumbList\",\"@id\":\"https:\\\/\\\/medtest.stagingservers.net\\\/pl\\\/najczesciej-zadawane-pytania\\\/#breadcrumb\",\"itemListElement\":[{\"@type\":\"ListItem\",\"position\":1,\"name\":\"Home\",\"item\":\"https:\\\/\\\/medtest.stagingservers.net\\\/pl\\\/\"},{\"@type\":\"ListItem\",\"position\":2,\"name\":\"Najcz\u0119\u015bciej zadawane pytania\"}]},{\"@type\":\"WebSite\",\"@id\":\"https:\\\/\\\/medtest.stagingservers.net\\\/pl\\\/#website\",\"url\":\"https:\\\/\\\/medtest.stagingservers.net\\\/pl\\\/\",\"name\":\"Medtest.shop\",\"description\":\"\",\"publisher\":{\"@id\":\"https:\\\/\\\/medtest.stagingservers.net\\\/pl\\\/#organization\"},\"potentialAction\":[{\"@type\":\"SearchAction\",\"target\":{\"@type\":\"EntryPoint\",\"urlTemplate\":\"https:\\\/\\\/medtest.stagingservers.net\\\/pl\\\/?s={search_term_string}\"},\"query-input\":{\"@type\":\"PropertyValueSpecification\",\"valueRequired\":true,\"valueName\":\"search_term_string\"}}],\"inLanguage\":\"pl-PL\"},{\"@type\":\"Organization\",\"@id\":\"https:\\\/\\\/medtest.stagingservers.net\\\/pl\\\/#organization\",\"name\":\"Medtest\",\"url\":\"https:\\\/\\\/medtest.stagingservers.net\\\/pl\\\/\",\"logo\":{\"@type\":\"ImageObject\",\"inLanguage\":\"pl-PL\",\"@id\":\"https:\\\/\\\/medtest.stagingservers.net\\\/pl\\\/#\\\/schema\\\/logo\\\/image\\\/\",\"url\":\"https:\\\/\\\/medtest.stagingservers.net\\\/wp-content\\\/uploads\\\/2018\\\/11\\\/Original.png\",\"contentUrl\":\"https:\\\/\\\/medtest.stagingservers.net\\\/wp-content\\\/uploads\\\/2018\\\/11\\\/Original.png\",\"width\":1024,\"height\":1024,\"caption\":\"Medtest\"},\"image\":{\"@id\":\"https:\\\/\\\/medtest.stagingservers.net\\\/pl\\\/#\\\/schema\\\/logo\\\/image\\\/\"},\"sameAs\":[\"https:\\\/\\\/www.facebook.com\\\/Medtest-1440779469392476\\\/\"]}]}<\/script>","yoast_head_json":{"title":"Najcz\u0119\u015bciej zadawane pytania - Medtest.shop","description":"Najcz\u0119\u015bciej zadawane pytania - Medtest.shop","robots":{"index":"noindex","follow":"follow","max-snippet":"max-snippet:-1","max-image-preview":"max-image-preview:large","max-video-preview":"max-video-preview:-1"},"og_locale":"pl_PL","og_type":"article","og_title":"Najcz\u0119\u015bciej zadawane pytania - Medtest.shop","og_description":"Najcz\u0119\u015bciej zadawane pytania - Medtest.shop","og_url":"https:\/\/medtest.stagingservers.net\/pl\/najczesciej-zadawane-pytania\/","og_site_name":"Medtest.shop","article_publisher":"https:\/\/www.facebook.com\/Medtest-1440779469392476\/","article_modified_time":"2019-09-10T15:33:05+00:00","twitter_card":"summary_large_image","schema":{"@context":"https:\/\/schema.org","@graph":[{"@type":"WebPage","@id":"https:\/\/medtest.stagingservers.net\/pl\/najczesciej-zadawane-pytania\/","url":"https:\/\/medtest.stagingservers.net\/pl\/najczesciej-zadawane-pytania\/","name":"Najcz\u0119\u015bciej zadawane pytania - Medtest.shop","isPartOf":{"@id":"https:\/\/medtest.stagingservers.net\/pl\/#website"},"datePublished":"2019-08-29T13:34:19+00:00","dateModified":"2019-09-10T15:33:05+00:00","description":"Najcz\u0119\u015bciej zadawane pytania - Medtest.shop","breadcrumb":{"@id":"https:\/\/medtest.stagingservers.net\/pl\/najczesciej-zadawane-pytania\/#breadcrumb"},"inLanguage":"pl-PL","potentialAction":[{"@type":"ReadAction","target":["https:\/\/medtest.stagingservers.net\/pl\/najczesciej-zadawane-pytania\/"]}]},{"@type":"BreadcrumbList","@id":"https:\/\/medtest.stagingservers.net\/pl\/najczesciej-zadawane-pytania\/#breadcrumb","itemListElement":[{"@type":"ListItem","position":1,"name":"Home","item":"https:\/\/medtest.stagingservers.net\/pl\/"},{"@type":"ListItem","position":2,"name":"Najcz\u0119\u015bciej zadawane pytania"}]},{"@type":"WebSite","@id":"https:\/\/medtest.stagingservers.net\/pl\/#website","url":"https:\/\/medtest.stagingservers.net\/pl\/","name":"Medtest.shop","description":"","publisher":{"@id":"https:\/\/medtest.stagingservers.net\/pl\/#organization"},"potentialAction":[{"@type":"SearchAction","target":{"@type":"EntryPoint","urlTemplate":"https:\/\/medtest.stagingservers.net\/pl\/?s={search_term_string}"},"query-input":{"@type":"PropertyValueSpecification","valueRequired":true,"valueName":"search_term_string"}}],"inLanguage":"pl-PL"},{"@type":"Organization","@id":"https:\/\/medtest.stagingservers.net\/pl\/#organization","name":"Medtest","url":"https:\/\/medtest.stagingservers.net\/pl\/","logo":{"@type":"ImageObject","inLanguage":"pl-PL","@id":"https:\/\/medtest.stagingservers.net\/pl\/#\/schema\/logo\/image\/","url":"https:\/\/medtest.stagingservers.net\/wp-content\/uploads\/2018\/11\/Original.png","contentUrl":"https:\/\/medtest.stagingservers.net\/wp-content\/uploads\/2018\/11\/Original.png","width":1024,"height":1024,"caption":"Medtest"},"image":{"@id":"https:\/\/medtest.stagingservers.net\/pl\/#\/schema\/logo\/image\/"},"sameAs":["https:\/\/www.facebook.com\/Medtest-1440779469392476\/"]}]}},"_links":{"self":[{"href":"https:\/\/medtest.stagingservers.net\/pl\/wp-json\/wp\/v2\/pages\/73103","targetHints":{"allow":["GET"]}}],"collection":[{"href":"https:\/\/medtest.stagingservers.net\/pl\/wp-json\/wp\/v2\/pages"}],"about":[{"href":"https:\/\/medtest.stagingservers.net\/pl\/wp-json\/wp\/v2\/types\/page"}],"author":[{"embeddable":true,"href":"https:\/\/medtest.stagingservers.net\/pl\/wp-json\/wp\/v2\/users\/1"}],"replies":[{"embeddable":true,"href":"https:\/\/medtest.stagingservers.net\/pl\/wp-json\/wp\/v2\/comments?post=73103"}],"version-history":[{"count":0,"href":"https:\/\/medtest.stagingservers.net\/pl\/wp-json\/wp\/v2\/pages\/73103\/revisions"}],"wp:attachment":[{"href":"https:\/\/medtest.stagingservers.net\/pl\/wp-json\/wp\/v2\/media?parent=73103"}],"curies":[{"name":"wp","href":"https:\/\/api.w.org\/{rel}","templated":true}]}}