{"id":73393,"date":"2019-09-02T09:14:56","date_gmt":"2019-09-02T09:14:56","guid":{"rendered":"https:\/\/medtest.stagingservers.net\/zasady-i-warunki\/"},"modified":"2019-10-01T22:12:37","modified_gmt":"2019-10-01T20:12:37","slug":"zasady-i-warunki","status":"publish","type":"page","link":"https:\/\/medtest.stagingservers.net\/pl\/zasady-i-warunki\/","title":{"rendered":"Zasady i warunki"},"content":{"rendered":"\n<p><strong>Ceny i p\u0142atno\u015bci<\/strong> Ka\u017cda pozycja jest wymieniona z cen\u0105 zawieraj\u0105c\u0105 podatek VAT. W koszyku mo\u017cesz zobaczy\u0107 ca\u0142kowit\u0105 cen\u0119 wraz ze wszystkimi op\u0142atami. Warunki p\u0142atno\u015bci s\u0105 okre\u015blone w koszyku i wynikaj\u0105 z wybranej metody p\u0142atno\u015bci. \u017badne koszty dostawy nie maj\u0105 zastosowania, je\u015bli warto\u015b\u0107 zam\u00f3wienia przekracza 900 SEK.<\/p>\n\n\n\n<p><strong>Prawo do odst\u0105pienia od umowy<\/strong> Prawo do odst\u0105pienia od umowy (okres odst\u0105pienia) obowi\u0105zuje przez 14 dni. W przes\u0142anej nam wiadomo\u015bci musisz jasno okre\u015bli\u0107, \u017ce si\u0119 rozmy\u015bli\u0142e\u015b(a\u015b). Termin anulowania rozpoczyna si\u0119 w dniu otrzymania przedmiotu. Nie masz prawa do odst\u0105pienia: je\u015bli produkt nosi \u015blady u\u017cycia. Oczywi\u015bcie, je\u015bli produkt jest wadliwy, masz prawo go zwr\u00f3ci\u0107. Po skorzystaniu z prawa do odst\u0105pienia od umowy: jeste\u015b odpowiedzialny za utrzymywanie towaru w tak samo dobrym stanie, w jakim by\u0142 w chwili otrzymania. Nie mo\u017cesz go u\u017cywa\u0107, ale oczywi\u015bcie ostro\u017cnie go sprawdzi\u0107. Je\u015bli przedmiot zostanie uszkodzony lub utracony z powodu zaniedbania, utracisz prawo do odst\u0105pienia od umowy.<\/p>\n\n\n\n<p><strong>Polityka prywatno\u015bci<\/strong> Sk\u0142adaj\u0105c u nas zam\u00f3wienie, podajesz swoje dane osobowe. W zwi\u0105zku z rejestracj\u0105 i zam\u00f3wieniem zgadzasz si\u0119, \u017ce przechowujemy i wykorzystujemy Twoje informacje w naszej firmie w celu wykonania umowy z Tob\u0105. Masz prawo do otrzymania informacji o danych, kt\u00f3re zarejestrowali\u015bmy na Tw\u00f3j temat zgodnie z ustaw\u0105 o ochronie danych osobowych. Je\u015bli s\u0105 niepoprawne, niekompletne lub nieistotne, mo\u017cesz poprosi\u0107 o poprawienie lub usuni\u0119cie tych informacji. W takim przypadku skontaktuj si\u0119 z nami przez e-mail.<\/p>\n\n\n\n<p><strong>Pliki cookie<\/strong> Ten sklep internetowy wykorzystuje pliki cookie zgodnie z ustaw\u0105 o komunikacji elektronicznej z 25 lipca 2003 r. Cookie to ma\u0142y plik tekstowy przechowywany na Twoim komputerze, kt\u00f3ry zawiera informacje, kt\u00f3re pomagaj\u0105 sklepowi internetowemu identyfikowa\u0107 i \u015bledzi\u0107 u\u017cytkownik\u00f3w. Pliki cookie s\u0105 dost\u0119pne jako pliki cookie sesji i jako pliki cookie przechowywane na sta\u0142e na komputerze. Podczas pierwszej wizyty w sklepie internetowym do przegl\u0105darki zostanie przypisany sesyjny plik cookie, kt\u00f3ry jest unikalny i u\u017cywany, aby nie myli\u0107 Ciebie jako u\u017cytkownika z innymi u\u017cytkownikami. Aby m\u00f3c korzysta\u0107 ze sklepu internetowego, nale\u017cy zezwoli\u0107 na u\u017cywanie plik\u00f3w cookie w przegl\u0105darce. Ten rodzaj plik\u00f3w cookie jest u\u017cywany wy\u0142\u0105cznie w celu zapewnienia jako odwiedzaj\u0105cemu lepszego do\u015bwiadczenia i wsparcia oraz nie przechowuje \u017cadnych danych osobowych na Tw\u00f3j temat. Pliki cookie mo\u017cna usun\u0105\u0107. W tym sklepie internetowym pliki cookie s\u0105 u\u017cywane na przyk\u0142ad do \u015bledzenia koszyka, ustawie\u0144 i odwiedzanych stron, aby zapewni\u0107 lepsz\u0105 obs\u0142ug\u0119 klienta i wsparcie.<\/p>\n\n\n\n<p><strong>Zwroty<\/strong> Zwroty dokonywane s\u0105 na w\u0142asny koszt, z wyj\u0105tkiem sytuacji, gdy produkt jest wadliwy lub je\u015bli zosta\u0142 zapakowany nieprawid\u0142owy \u2014 w\u00f3wczas my ponosimy koszt wysy\u0142ki. Inne zwroty powinny by\u0107 wysy\u0142ane jako list polecony, nadawca powinien by\u0107 w stanie pokaza\u0107 pokwitowanie z numerem przesy\u0142ki. Obowi\u0105zek zwrotu pieni\u0119dzy: je\u015bli skorzysta\u0142e\u015b ze swojego prawa do zwrotu, zwr\u00f3cimy kwot\u0119, kt\u00f3r\u0105 zap\u0142aci\u0142e\u015b za towar, w jak najszybszym terminie, ale nie p\u00f3\u017aniej ni\u017c 30 dni od dnia otrzymania towaru. Przy zwrocie towaru musisz sam pokry\u0107 koszty zwrotu. Prawo do odst\u0105pienia od umowy Prawo do odst\u0105pienia od umowy (okres odst\u0105pienia) obowi\u0105zuje przez 14 dni. W przes\u0142anej nam wiadomo\u015bci musisz jasno okre\u015bli\u0107, \u017ce si\u0119 rozmy\u015bli\u0142e\u015b(a\u015b). Termin anulowania rozpoczyna si\u0119 w dniu otrzymania przedmiotu.<\/p>\n\n\n\n<p class=\"p1\"><strong>Dostawy<\/strong> Czas dostawy wynosi 2 &#8211; 3 dni robocze.  Zam\u00f3wiony towar jest wysy\u0142any tego samego dnia, o ile zam\u00f3wienie wp\u0142ynie przed godzin\u0105 15.00. Przesy\u0142ki dostarczane s\u0105 przez Postnord lub DB Schenker. Kupuj\u0105cy wybiera samodzielnie firm\u0119 przewozow\u0105 podczas procesu sk\u0142adania zam\u00f3wienia. <\/p>\n\n\n\n<p><strong>Metody p\u0142atno\u015bci<\/strong> <em>Karty kredytowe\/debetowe<\/em> <em> <\/em><\/p>\n\n\n\n<p>Wybierz kart\u0119 kredytow\u0105\/debetow\u0105, kt\u00f3r\u0105 chcesz u\u017cy\u0107 w kasie i podaj wymagane informacje. Bez dodatkowych koszt\u00f3w, z wyj\u0105tkiem ewentualnego kosztu dostawy. <\/p>\n\n\n\n<p>Kiedy kwota zostanie odj\u0119ta od mojej karty? Po z\u0142o\u017ceniu zam\u00f3wienia karta zostanie zaakceptowana i otrzymasz wiadomo\u015b\u0107 e-mail z potwierdzeniem otrzymania zam\u00f3wienia. Jednak kwota ta jest odejmowana tylko wtedy, gdy towary opuszczaj\u0105 nasz magazyn. Je\u015bli Twoja karta nie zostanie zaakceptowana i nie mo\u017cna jej u\u017cy\u0107 do zap\u0142aty, na ekranie pojawi si\u0119 komunikat z informacj\u0105, \u017ce p\u0142atno\u015b\u0107 nie powiod\u0142a si\u0119.<\/p>\n\n\n\n<p>Nale\u017cy pami\u0119ta\u0107, \u017ce nawet je\u015bli p\u0142atno\u015b\u0107 nie zosta\u0142a zatwierdzona, niekt\u00f3rzy wydawcy kart zastrzegaj\u0105 dan\u0105 kwot\u0119. Mo\u017ce to oznacza\u0107, \u017ce przez pewien czas nie b\u0119dzie mo\u017cliwo\u015bci u\u017cycia zarezerwowanej kwoty.<\/p>\n\n\n\n<p>Jak bezpiecznie jest kupowa\u0107 online korzystaj\u0105c z karty? Wszyscy posiadacze kart musz\u0105 zosta\u0107 zatwierdzeni zar\u00f3wno przez wydawc\u0119 karty, jak i przez nas, w celu zapewnienia maksymalnego bezpiecze\u0144stwa i zapobiegania przest\u0119pczo\u015bci. Bezpiecze\u0144stwo traktujemy bardzo powa\u017cnie, dlatego nie ujawniamy \u017cadnych informacji o Tobie innym osobom.<\/p>\n\n\n\n<p><em>Swish<\/em> Swish to mobilna us\u0142uga p\u0142atno\u015bci, w kt\u00f3rej mo\u017cesz \u0142atwo, szybko i bezpiecznie przekazywa\u0107 pieni\u0105dze. Zap\u0142a\u0107 za pomoc\u0105 Swish, loguj\u0105c si\u0119 do aplikacji Swish i podaj\u0105c szczeg\u00f3\u0142y p\u0142atno\u015bci. Sprawd\u017a, czy s\u0105 poprawne. Zakup zatwierdzisz za pomoc\u0105 Mobilt BankID i natychmiast otrzymasz potwierdzenie p\u0142atno\u015bci. Pieni\u0105dze s\u0105 potr\u0105cane z pod\u0142\u0105czonego konta.<\/p>\n\n\n\n<p><strong>Dane firmy<\/strong>: Camerix AB, Vikingagatan 23, 21618 Limhamn<\/p>\n\n\n\n<p><strong>Kontakt<\/strong> order@medtest.shop<\/p>\n","protected":false},"excerpt":{"rendered":"<p>Ceny i p\u0142atno\u015bci Ka\u017cda pozycja jest wymieniona z cen\u0105 zawieraj\u0105c\u0105 podatek VAT. W koszyku mo\u017cesz zobaczy\u0107 ca\u0142kowit\u0105 cen\u0119 wraz ze wszystkimi op\u0142atami. Warunki p\u0142atno\u015bci s\u0105 okre\u015blone w koszyku i wynikaj\u0105 z wybranej metody p\u0142atno\u015bci. \u017badne koszty dostawy nie maj\u0105 zastosowania, je\u015bli warto\u015b\u0107 zam\u00f3wienia przekracza 900 SEK. Prawo do odst\u0105pienia od umowy Prawo do odst\u0105pienia od [&hellip;]<\/p>\n","protected":false},"author":1,"featured_media":0,"parent":0,"menu_order":0,"comment_status":"closed","ping_status":"closed","template":"","meta":{"_acf_changed":false,"footnotes":""},"class_list":["post-73393","page","type-page","status-publish","hentry"],"acf":[],"yoast_head":"<title>Zasady i warunki - Medtest.shop<\/title>\n<meta name=\"description\" content=\"Zasady i warunki - Medtest.shop\" \/>\n<meta name=\"robots\" content=\"noindex, follow, max-snippet:-1, max-image-preview:large, max-video-preview:-1\" \/>\n<meta property=\"og:locale\" content=\"pl_PL\" \/>\n<meta property=\"og:type\" content=\"article\" \/>\n<meta property=\"og:title\" content=\"Zasady i warunki - Medtest.shop\" \/>\n<meta property=\"og:description\" content=\"Zasady i warunki - Medtest.shop\" \/>\n<meta property=\"og:url\" content=\"https:\/\/medtest.stagingservers.net\/pl\/zasady-i-warunki\/\" \/>\n<meta property=\"og:site_name\" content=\"Medtest.shop\" \/>\n<meta property=\"article:publisher\" content=\"https:\/\/www.facebook.com\/Medtest-1440779469392476\/\" \/>\n<meta property=\"article:modified_time\" content=\"2019-10-01T20:12:37+00:00\" \/>\n<meta name=\"twitter:card\" content=\"summary_large_image\" \/>\n<script type=\"application\/ld+json\" class=\"yoast-schema-graph\">{\"@context\":\"https:\\\/\\\/schema.org\",\"@graph\":[{\"@type\":\"WebPage\",\"@id\":\"https:\\\/\\\/medtest.stagingservers.net\\\/pl\\\/zasady-i-warunki\\\/\",\"url\":\"https:\\\/\\\/medtest.stagingservers.net\\\/pl\\\/zasady-i-warunki\\\/\",\"name\":\"Zasady i warunki - Medtest.shop\",\"isPartOf\":{\"@id\":\"https:\\\/\\\/medtest.stagingservers.net\\\/pl\\\/#website\"},\"datePublished\":\"2019-09-02T09:14:56+00:00\",\"dateModified\":\"2019-10-01T20:12:37+00:00\",\"description\":\"Zasady i warunki - Medtest.shop\",\"breadcrumb\":{\"@id\":\"https:\\\/\\\/medtest.stagingservers.net\\\/pl\\\/zasady-i-warunki\\\/#breadcrumb\"},\"inLanguage\":\"pl-PL\",\"potentialAction\":[{\"@type\":\"ReadAction\",\"target\":[\"https:\\\/\\\/medtest.stagingservers.net\\\/pl\\\/zasady-i-warunki\\\/\"]}]},{\"@type\":\"BreadcrumbList\",\"@id\":\"https:\\\/\\\/medtest.stagingservers.net\\\/pl\\\/zasady-i-warunki\\\/#breadcrumb\",\"itemListElement\":[{\"@type\":\"ListItem\",\"position\":1,\"name\":\"Home\",\"item\":\"https:\\\/\\\/medtest.stagingservers.net\\\/pl\\\/\"},{\"@type\":\"ListItem\",\"position\":2,\"name\":\"Zasady i warunki\"}]},{\"@type\":\"WebSite\",\"@id\":\"https:\\\/\\\/medtest.stagingservers.net\\\/pl\\\/#website\",\"url\":\"https:\\\/\\\/medtest.stagingservers.net\\\/pl\\\/\",\"name\":\"Medtest.shop\",\"description\":\"\",\"publisher\":{\"@id\":\"https:\\\/\\\/medtest.stagingservers.net\\\/pl\\\/#organization\"},\"potentialAction\":[{\"@type\":\"SearchAction\",\"target\":{\"@type\":\"EntryPoint\",\"urlTemplate\":\"https:\\\/\\\/medtest.stagingservers.net\\\/pl\\\/?s={search_term_string}\"},\"query-input\":{\"@type\":\"PropertyValueSpecification\",\"valueRequired\":true,\"valueName\":\"search_term_string\"}}],\"inLanguage\":\"pl-PL\"},{\"@type\":\"Organization\",\"@id\":\"https:\\\/\\\/medtest.stagingservers.net\\\/pl\\\/#organization\",\"name\":\"Medtest\",\"url\":\"https:\\\/\\\/medtest.stagingservers.net\\\/pl\\\/\",\"logo\":{\"@type\":\"ImageObject\",\"inLanguage\":\"pl-PL\",\"@id\":\"https:\\\/\\\/medtest.stagingservers.net\\\/pl\\\/#\\\/schema\\\/logo\\\/image\\\/\",\"url\":\"https:\\\/\\\/medtest.stagingservers.net\\\/wp-content\\\/uploads\\\/2018\\\/11\\\/Original.png\",\"contentUrl\":\"https:\\\/\\\/medtest.stagingservers.net\\\/wp-content\\\/uploads\\\/2018\\\/11\\\/Original.png\",\"width\":1024,\"height\":1024,\"caption\":\"Medtest\"},\"image\":{\"@id\":\"https:\\\/\\\/medtest.stagingservers.net\\\/pl\\\/#\\\/schema\\\/logo\\\/image\\\/\"},\"sameAs\":[\"https:\\\/\\\/www.facebook.com\\\/Medtest-1440779469392476\\\/\"]}]}<\/script>","yoast_head_json":{"title":"Zasady i warunki - Medtest.shop","description":"Zasady i warunki - Medtest.shop","robots":{"index":"noindex","follow":"follow","max-snippet":"max-snippet:-1","max-image-preview":"max-image-preview:large","max-video-preview":"max-video-preview:-1"},"og_locale":"pl_PL","og_type":"article","og_title":"Zasady i warunki - Medtest.shop","og_description":"Zasady i warunki - Medtest.shop","og_url":"https:\/\/medtest.stagingservers.net\/pl\/zasady-i-warunki\/","og_site_name":"Medtest.shop","article_publisher":"https:\/\/www.facebook.com\/Medtest-1440779469392476\/","article_modified_time":"2019-10-01T20:12:37+00:00","twitter_card":"summary_large_image","schema":{"@context":"https:\/\/schema.org","@graph":[{"@type":"WebPage","@id":"https:\/\/medtest.stagingservers.net\/pl\/zasady-i-warunki\/","url":"https:\/\/medtest.stagingservers.net\/pl\/zasady-i-warunki\/","name":"Zasady i warunki - Medtest.shop","isPartOf":{"@id":"https:\/\/medtest.stagingservers.net\/pl\/#website"},"datePublished":"2019-09-02T09:14:56+00:00","dateModified":"2019-10-01T20:12:37+00:00","description":"Zasady i warunki - Medtest.shop","breadcrumb":{"@id":"https:\/\/medtest.stagingservers.net\/pl\/zasady-i-warunki\/#breadcrumb"},"inLanguage":"pl-PL","potentialAction":[{"@type":"ReadAction","target":["https:\/\/medtest.stagingservers.net\/pl\/zasady-i-warunki\/"]}]},{"@type":"BreadcrumbList","@id":"https:\/\/medtest.stagingservers.net\/pl\/zasady-i-warunki\/#breadcrumb","itemListElement":[{"@type":"ListItem","position":1,"name":"Home","item":"https:\/\/medtest.stagingservers.net\/pl\/"},{"@type":"ListItem","position":2,"name":"Zasady i warunki"}]},{"@type":"WebSite","@id":"https:\/\/medtest.stagingservers.net\/pl\/#website","url":"https:\/\/medtest.stagingservers.net\/pl\/","name":"Medtest.shop","description":"","publisher":{"@id":"https:\/\/medtest.stagingservers.net\/pl\/#organization"},"potentialAction":[{"@type":"SearchAction","target":{"@type":"EntryPoint","urlTemplate":"https:\/\/medtest.stagingservers.net\/pl\/?s={search_term_string}"},"query-input":{"@type":"PropertyValueSpecification","valueRequired":true,"valueName":"search_term_string"}}],"inLanguage":"pl-PL"},{"@type":"Organization","@id":"https:\/\/medtest.stagingservers.net\/pl\/#organization","name":"Medtest","url":"https:\/\/medtest.stagingservers.net\/pl\/","logo":{"@type":"ImageObject","inLanguage":"pl-PL","@id":"https:\/\/medtest.stagingservers.net\/pl\/#\/schema\/logo\/image\/","url":"https:\/\/medtest.stagingservers.net\/wp-content\/uploads\/2018\/11\/Original.png","contentUrl":"https:\/\/medtest.stagingservers.net\/wp-content\/uploads\/2018\/11\/Original.png","width":1024,"height":1024,"caption":"Medtest"},"image":{"@id":"https:\/\/medtest.stagingservers.net\/pl\/#\/schema\/logo\/image\/"},"sameAs":["https:\/\/www.facebook.com\/Medtest-1440779469392476\/"]}]}},"_links":{"self":[{"href":"https:\/\/medtest.stagingservers.net\/pl\/wp-json\/wp\/v2\/pages\/73393","targetHints":{"allow":["GET"]}}],"collection":[{"href":"https:\/\/medtest.stagingservers.net\/pl\/wp-json\/wp\/v2\/pages"}],"about":[{"href":"https:\/\/medtest.stagingservers.net\/pl\/wp-json\/wp\/v2\/types\/page"}],"author":[{"embeddable":true,"href":"https:\/\/medtest.stagingservers.net\/pl\/wp-json\/wp\/v2\/users\/1"}],"replies":[{"embeddable":true,"href":"https:\/\/medtest.stagingservers.net\/pl\/wp-json\/wp\/v2\/comments?post=73393"}],"version-history":[{"count":0,"href":"https:\/\/medtest.stagingservers.net\/pl\/wp-json\/wp\/v2\/pages\/73393\/revisions"}],"wp:attachment":[{"href":"https:\/\/medtest.stagingservers.net\/pl\/wp-json\/wp\/v2\/media?parent=73393"}],"curies":[{"name":"wp","href":"https:\/\/api.w.org\/{rel}","templated":true}]}}