{"id":73271,"date":"2019-09-02T10:07:41","date_gmt":"2019-09-02T08:07:41","guid":{"rendered":"https:\/\/medtest.stagingservers.net\/product\/tescie-na-chlamydie\/"},"modified":"2019-12-04T13:58:19","modified_gmt":"2019-12-04T11:58:19","slug":"test-na-chlamydie","status":"publish","type":"product","link":"https:\/\/medtest.stagingservers.net\/pl\/produkt\/test-na-chlamydie\/","title":{"rendered":"Test na Chlamydi\u0119"},"content":{"rendered":"<h3><strong>Test do chlamydi\u0119<\/strong><\/h3>\n<p>Nasz test na chlamydi\u0119 jest szybkim badaniem jako\u015bciowo wykrywaj\u0105cym antygen chlamydii znajduj\u0105cy si\u0119 na szyjce macicy (kobieta) lub cewce moczowej (m\u0119\u017cczyzna), daj\u0105cym wyniki po 5- 10 minutach. Test wykorzystuje przeciwcia\u0142o specyficzne dla Chlamydii (chlamydia trachomatis).<\/p>\n<h4>Spos\u00f3b dzia\u0142ania testu<\/h4>\n<p>Membrana kasety testowej jest pokryta specyficznym dla chlamydii przeciwcia\u0142em. Gdy roztw\u00f3r pr\u00f3bki upuszcza si\u0119 na kaset\u0119 testow\u0105, pr\u00f3bka migruje w g\u00f3r\u0119 w membranie, a nast\u0119pnie reaguje z przeciwcia\u0142em chlamydii, tworz\u0105c kolorow\u0105 lini\u0119 w obszarze linii testowej. Obecno\u015b\u0107 kolorowej linii w obszarze linii testowej wskazuje na wynik dodatni, a jej brak oznacza wynik ujemny.<\/p>\n<h4>Fakty na temat chlamydii<\/h4>\n<p>Chlamydia jest jedn\u0105 z najcz\u0119stszych i najszybciej rozprzestrzeniaj\u0105cych si\u0119 chor\u00f3b przenoszonych drog\u0105 p\u0142ciow\u0105 w\u015br\u00f3d m\u0142odych ludzi, a wielu z nich jest ni\u0105 dotkni\u0119tych, nie wiedz\u0105c o tym. Bez leczenia chlamydia mo\u017ce prowadzi\u0107 do bezp\u0142odno\u015bci u m\u0119\u017cczyzn i kobiet. Dlatego wa\u017cne jest sprawdzenie, czy uprawia\u0142e\u015b(a\u015b) seks bez zabezpieczenia. W 2015 r. zg\u0142oszono 36 000 przypadk\u00f3w chlamydii w Szwecji.<\/p>\n<h4>W jaki spos\u00f3b nast\u0119puje zara\u017cenie?<\/h4>\n<p>Podczas stosunek bez zabezpieczenia, gdy b\u0142ony \u015bluzowe stykaj\u0105 si\u0119 ze sob\u0105. Dotyczy to r\u00f3wnie\u017c stosunku analnego i seksu oralnego. Chlamydia nie zara\u017ca przez u\u015bciski d\u0142oni, przez \u0142awk\u0119 w saunie, ubrania, r\u0119czniki lub toalet\u0119. Podczas porodu dziecko mo\u017ce zosta\u0107 zara\u017cone przez matk\u0119, kt\u00f3ra ma chlamydi\u0119, z wszystkimi zwi\u0105zanymi z ni\u0105 powik\u0142aniami.<\/p>\n<h4>Objawy<\/h4>\n<p>Wi\u0119kszo\u015b\u0107 m\u0119\u017cczyzn i kobiet zara\u017conych chlamydi\u0105 nie ma \u017cadnych objaw\u00f3w, ale nadal mo\u017ce przenosi\u0107 infekcj\u0119. Objawy, je\u015bli wyst\u0119puj\u0105, pojawi\u0105 si\u0119 od jednego do trzech tygodni po zaka\u017ceniu. Najcz\u0119stszym objawem u m\u0119\u017cczyzn i kobiet jest uczucie k\u0142ucia podczas sikania. Wydzieliny z cewki moczowej, b\u00f3l lub obrz\u0119k moszny, krwawienie (u kobiet), b\u00f3l dolnej cz\u0119\u015bci brzucha i b\u00f3l staw\u00f3w to inne mo\u017cliwe objawy.<\/p>\n<h4>Obowi\u0105zek powiadomienia<\/h4>\n<p>Chlamydia jest jedn\u0105 z chor\u00f3b wenerycznych, kt\u00f3ra podlega zg\u0142oszeniu na podstawie szwedzkiej ustawy o ochronie przed infekcjami. Je\u015bli wynik testu jest pozytywny, nale\u017cy skontaktowa\u0107 si\u0119 z centrum opieki zdrowotnej w celu podj\u0119cia leczenia (antybiotyki).<\/p>\n<p><strong>Og\u00f3lne zaleca si\u0119 przeprowadza\u0107 test na chlamydi\u0119 zawsze, je\u015bli uprawia\u0142e\u015b(a\u015b) seks bez zabezpieczenia!<\/strong><\/p>\n<p><strong>Test na chlamydi\u0119 o wysokiej dok\u0142adno\u015bci klinicznej<\/strong><\/p>\n<p>Warto\u015b\u0107 wykrywaj\u0105ca Chlamydia trachomatis powinna by\u0107 wy\u017csza ni\u017c 2 \u00d7 103 IFU \/ ml. Dok\u0142adno\u015b\u0107 wynosi 97,2%, pod warunkiem, \u017ce badanie zostanie przeprowadzone zgodnie z instrukcj\u0105 obs\u0142ugi.<\/p>\n<p><strong>Instrukcje dotycz\u0105ce stosowania<\/strong><\/p>\n<p><strong>Nie oddawaj moczu przez co najmniej godzin\u0119 przed wykonaniem naszego testu na chlamydi\u0119!<\/strong><\/p>\n<ol>\n<li><strong> A) WAGINA (KOBIETA)<\/strong>. W\u0142\u00f3\u017c sztyft do wymazu do kana\u0142u pochwy, a\u017c wi\u0119kszo\u015b\u0107 ko\u0144c\u00f3wki nie b\u0119dzie ju\u017c widoczna. Okr\u0119\u0107 sztyft wok\u00f3\u0142 w\u0142asnej osi 360 stopni w jednym kierunku (zgodnie z ruchem wskaz\u00f3wek zegara lub przeciwnie do ruchu wskaz\u00f3wek zegara) i pozostaw na 15 sekund. Wyci\u0105gnij sztyft z pochwy. Podczas wyjmowania staraj si\u0119 unika\u0107 zanieczyszczenia ko\u0144c\u00f3wki sztyftu kom\u00f3rkami pochwy lub \u015bluzem\/wydzielin\u0105 znajduj\u0105cym si\u0119 na zewn\u0105trz. 1.<\/li>\n<li><strong> B) CEWKA MOCZOWA (m\u0119\u017cczyzna). <\/strong>W\u0142\u00f3\u017c sztyft z wacikiem do przewodu cewki moczowej na oko\u0142o 2-4 cm. Obr\u00f3\u0107 sztyft wok\u00f3\u0142 w\u0142asnej osi o 360 stopni w jednym kierunku (zgodnie z ruchem wskaz\u00f3wek zegara lub przeciwnie do ruchu wskaz\u00f3wek zegara), pozostaw na 15 sekund, a nast\u0119pnie wyci\u0105gnij sztyft z cewki moczowej.<\/li>\n<\/ol>\n<ol>\n<li>W\u0142\u00f3\u017c sztyft z wacikiem do prob\u00f3wki i dodaj 5 kropli odczynnika A. \u015aci\u015bnij g\u00f3r\u0119, naciskaj\u0105c zewn\u0119trzn\u0105 stron\u0119 prob\u00f3wki w dolnej cz\u0119\u015bci prob\u00f3wki i obr\u00f3\u0107 w wodzie 15 razy. Odstaw na 2 minuty.<\/li>\n<li>Dodaj do prob\u00f3wki 4 pe\u0142ne krople odczynnika B. Roztw\u00f3r stanie si\u0119 m\u0119tny. Obracaj w wodzie 15 razy, a\u017c roztw\u00f3r zmieni kolor na klarowny w lekko zielonym lub niebieskim odcieniu. Je\u015bli woda jest zakrwawiona, kolor zmieni si\u0119 na \u017c\u00f3\u0142ty lub br\u0105zowy. Odstaw na 1 minut\u0119.<\/li>\n<li>Podnie\u015b sztyft z wacikiem i wyci\u015bnij p\u0142yn do prob\u00f3wki. Wyrzu\u0107 sztyft do wymaz\u00f3w do kosza na \u015bmieci. Miej jak najwi\u0119cej p\u0142ynu w prob\u00f3wce.<\/li>\n<li>Wprowad\u017a pipet\u0119 do prob\u00f3wki.<\/li>\n<li>Wyci\u015bnij si\u0119 <u>3 pe\u0142ne krople<\/u> wyekstrahowanego roztworu do studzienki (S) na kasecie testowej i odczytaj wynik po 5-10 minutach.<\/li>\n<\/ol>\n<p><img loading=\"lazy\" decoding=\"async\" class=\"alignnone wp-image-55354\" src=\"\/wp-content\/uploads\/2018\/11\/Klam-gon-Bild.png\" alt=\"\" width=\"957\" height=\"434\" \/><\/p>\n<p><strong>Interpretacja wyniku<\/strong><\/p>\n<p><img loading=\"lazy\" decoding=\"async\" class=\"wp-image-74018 alignleft\" src=\"https:\/\/medtest.stagingservers.net\/wp-content\/uploads\/2019\/09\/Dok3_OO_polowka.jpg\" alt=\"\" width=\"317\" height=\"232\" \/><\/p>\n<p>&nbsp;<\/p>\n<ul>\n<li><strong>Dodatni<\/strong>: Je\u015bli dwie kreski (r\u00f3\u017cowo-fioletowe) pojawi\u0105 si\u0119 zar\u00f3wno w obszarze kontrolnym, jak i w obszarze testowym, mo\u017cesz za\u0142o\u017cy\u0107, \u017ce masz chlamydi\u0119<\/li>\n<li><strong>Ujemny<\/strong>: Je\u015bli w obszarze kontrolnym pojawi si\u0119 tylko jedna kreska (r\u00f3\u017cowo-fioletowa), mo\u017cesz za\u0142o\u017cy\u0107, \u017ce nie masz Chlamydii.<\/li>\n<li><strong>Niewa\u017cny<\/strong>: Je\u015bli nie ma wyra\u017anej r\u00f3\u017cowo-fioletowej kreski ani w obszarze TEST, ani KONTROLA, test jest niewa\u017cny. W takim przypadku zaleca si\u0119 powt\u00f3rzenie testu na chlamydi\u0119.<br \/>\nUwaga: Test chlamydii ma wysok\u0105 dok\u0142adno\u015b\u0107, ale nigdy nie mo\u017ce zast\u0105pi\u0107 wizyty u lekarza. Je\u015bli wynik testu jest pozytywny, nale\u017cy jak najszybciej skonsultowa\u0107 si\u0119 z lekarzem, aby uzyska\u0107 w\u0142a\u015bciwe leczenie.<\/li>\n<\/ul>\n<p><strong>Przechowywanie<\/strong><\/p>\n<p>Przechowuj test w szczelnie zamkni\u0119tym opakowaniu w temperaturze pokojowej albo w lod\u00f3wce (2-30 \u00b0 C). Kaseta testowa na Chlamydi\u0119 jest wa\u017cna do daty wa\u017cno\u015bci podanej na opakowaniu. Zestaw testowy powinien pozosta\u0107 w szczelnie zamkni\u0119tym opakowaniu do momentu u\u017cycia. Nie zamra\u017ca\u0107.<\/p>\n","protected":false},"excerpt":{"rendered":"<p>Test domowy na Chlamydi\u0119 z wynikiem w ci\u0105gu 10 minut. Dla kobiet i m\u0119\u017cczyzn. Wykrywa antygen Chlamydia znajduj\u0105cy si\u0119 w szyjce macicy (kobieta) lub cewce moczowej (m\u0119\u017cczyzna). Certyfikat CE.<\/p>\n","protected":false},"featured_media":77764,"comment_status":"closed","ping_status":"closed","template":"","meta":{"_acf_changed":false,"footnotes":""},"product_brand":[],"product_cat":[998],"product_tag":[],"class_list":{"0":"post-73271","1":"product","2":"type-product","3":"status-publish","4":"has-post-thumbnail","6":"product_cat-chlamydia","8":"first","9":"instock","10":"taxable","11":"shipping-taxable","12":"purchasable","13":"product-type-variable","14":"has-default-attributes"},"acf":[],"yoast_head":"<title>Test na Chlamydi\u0119 - Medtest.shop<\/title>\n<meta name=\"description\" content=\"Test na Chlamydi\u0119 - Medtest.shop\" \/>\n<meta name=\"robots\" content=\"noindex, follow, max-snippet:-1, max-image-preview:large, max-video-preview:-1\" \/>\n<meta property=\"og:locale\" content=\"pl_PL\" \/>\n<meta property=\"og:type\" content=\"article\" \/>\n<meta property=\"og:title\" content=\"Test na Chlamydi\u0119 - Medtest.shop\" \/>\n<meta property=\"og:description\" content=\"Test na Chlamydi\u0119 - Medtest.shop\" \/>\n<meta property=\"og:url\" content=\"https:\/\/medtest.stagingservers.net\/pl\/produkt\/test-na-chlamydie\/\" \/>\n<meta property=\"og:site_name\" content=\"Medtest.shop\" \/>\n<meta property=\"article:publisher\" content=\"https:\/\/www.facebook.com\/Medtest-1440779469392476\/\" \/>\n<meta property=\"article:modified_time\" content=\"2019-12-04T11:58:19+00:00\" \/>\n<meta property=\"og:image\" content=\"https:\/\/medtest.stagingservers.net\/wp-content\/uploads\/2019\/09\/Klam-Gon.png\" \/>\n\t<meta property=\"og:image:width\" content=\"1200\" \/>\n\t<meta property=\"og:image:height\" content=\"897\" \/>\n\t<meta property=\"og:image:type\" content=\"image\/png\" \/>\n<meta name=\"twitter:card\" content=\"summary_large_image\" \/>\n<script type=\"application\/ld+json\" class=\"yoast-schema-graph\">{\"@context\":\"https:\\\/\\\/schema.org\",\"@graph\":[{\"@type\":\"WebPage\",\"@id\":\"https:\\\/\\\/medtest.stagingservers.net\\\/pl\\\/produkt\\\/test-na-chlamydie\\\/\",\"url\":\"https:\\\/\\\/medtest.stagingservers.net\\\/pl\\\/produkt\\\/test-na-chlamydie\\\/\",\"name\":\"Test na Chlamydi\u0119 - Medtest.shop\",\"isPartOf\":{\"@id\":\"https:\\\/\\\/medtest.stagingservers.net\\\/pl\\\/#website\"},\"primaryImageOfPage\":{\"@id\":\"https:\\\/\\\/medtest.stagingservers.net\\\/pl\\\/produkt\\\/test-na-chlamydie\\\/#primaryimage\"},\"image\":{\"@id\":\"https:\\\/\\\/medtest.stagingservers.net\\\/pl\\\/produkt\\\/test-na-chlamydie\\\/#primaryimage\"},\"thumbnailUrl\":\"https:\\\/\\\/medtest.stagingservers.net\\\/wp-content\\\/uploads\\\/2019\\\/09\\\/Klam-Gon.png\",\"datePublished\":\"2019-09-02T08:07:41+00:00\",\"dateModified\":\"2019-12-04T11:58:19+00:00\",\"description\":\"Test na Chlamydi\u0119 - Medtest.shop\",\"breadcrumb\":{\"@id\":\"https:\\\/\\\/medtest.stagingservers.net\\\/pl\\\/produkt\\\/test-na-chlamydie\\\/#breadcrumb\"},\"inLanguage\":\"pl-PL\",\"potentialAction\":[{\"@type\":\"ReadAction\",\"target\":[\"https:\\\/\\\/medtest.stagingservers.net\\\/pl\\\/produkt\\\/test-na-chlamydie\\\/\"]}]},{\"@type\":\"ImageObject\",\"inLanguage\":\"pl-PL\",\"@id\":\"https:\\\/\\\/medtest.stagingservers.net\\\/pl\\\/produkt\\\/test-na-chlamydie\\\/#primaryimage\",\"url\":\"https:\\\/\\\/medtest.stagingservers.net\\\/wp-content\\\/uploads\\\/2019\\\/09\\\/Klam-Gon.png\",\"contentUrl\":\"https:\\\/\\\/medtest.stagingservers.net\\\/wp-content\\\/uploads\\\/2019\\\/09\\\/Klam-Gon.png\",\"width\":1200,\"height\":897},{\"@type\":\"BreadcrumbList\",\"@id\":\"https:\\\/\\\/medtest.stagingservers.net\\\/pl\\\/produkt\\\/test-na-chlamydie\\\/#breadcrumb\",\"itemListElement\":[{\"@type\":\"ListItem\",\"position\":1,\"name\":\"Home\",\"item\":\"https:\\\/\\\/medtest.stagingservers.net\\\/pl\\\/\"},{\"@type\":\"ListItem\",\"position\":2,\"name\":\"Sklep\",\"item\":\"https:\\\/\\\/medtest.stagingservers.net\\\/pl\\\/sklep\\\/\"},{\"@type\":\"ListItem\",\"position\":3,\"name\":\"Test na Chlamydi\u0119\"}]},{\"@type\":\"WebSite\",\"@id\":\"https:\\\/\\\/medtest.stagingservers.net\\\/pl\\\/#website\",\"url\":\"https:\\\/\\\/medtest.stagingservers.net\\\/pl\\\/\",\"name\":\"Medtest.shop\",\"description\":\"\",\"publisher\":{\"@id\":\"https:\\\/\\\/medtest.stagingservers.net\\\/pl\\\/#organization\"},\"potentialAction\":[{\"@type\":\"SearchAction\",\"target\":{\"@type\":\"EntryPoint\",\"urlTemplate\":\"https:\\\/\\\/medtest.stagingservers.net\\\/pl\\\/?s={search_term_string}\"},\"query-input\":{\"@type\":\"PropertyValueSpecification\",\"valueRequired\":true,\"valueName\":\"search_term_string\"}}],\"inLanguage\":\"pl-PL\"},{\"@type\":\"Organization\",\"@id\":\"https:\\\/\\\/medtest.stagingservers.net\\\/pl\\\/#organization\",\"name\":\"Medtest\",\"url\":\"https:\\\/\\\/medtest.stagingservers.net\\\/pl\\\/\",\"logo\":{\"@type\":\"ImageObject\",\"inLanguage\":\"pl-PL\",\"@id\":\"https:\\\/\\\/medtest.stagingservers.net\\\/pl\\\/#\\\/schema\\\/logo\\\/image\\\/\",\"url\":\"https:\\\/\\\/medtest.stagingservers.net\\\/wp-content\\\/uploads\\\/2018\\\/11\\\/Original.png\",\"contentUrl\":\"https:\\\/\\\/medtest.stagingservers.net\\\/wp-content\\\/uploads\\\/2018\\\/11\\\/Original.png\",\"width\":1024,\"height\":1024,\"caption\":\"Medtest\"},\"image\":{\"@id\":\"https:\\\/\\\/medtest.stagingservers.net\\\/pl\\\/#\\\/schema\\\/logo\\\/image\\\/\"},\"sameAs\":[\"https:\\\/\\\/www.facebook.com\\\/Medtest-1440779469392476\\\/\"]}]}<\/script>","yoast_head_json":{"title":"Test na Chlamydi\u0119 - Medtest.shop","description":"Test na Chlamydi\u0119 - Medtest.shop","robots":{"index":"noindex","follow":"follow","max-snippet":"max-snippet:-1","max-image-preview":"max-image-preview:large","max-video-preview":"max-video-preview:-1"},"og_locale":"pl_PL","og_type":"article","og_title":"Test na Chlamydi\u0119 - Medtest.shop","og_description":"Test na Chlamydi\u0119 - Medtest.shop","og_url":"https:\/\/medtest.stagingservers.net\/pl\/produkt\/test-na-chlamydie\/","og_site_name":"Medtest.shop","article_publisher":"https:\/\/www.facebook.com\/Medtest-1440779469392476\/","article_modified_time":"2019-12-04T11:58:19+00:00","og_image":[{"width":1200,"height":897,"url":"https:\/\/medtest.stagingservers.net\/wp-content\/uploads\/2019\/09\/Klam-Gon.png","type":"image\/png"}],"twitter_card":"summary_large_image","schema":{"@context":"https:\/\/schema.org","@graph":[{"@type":"WebPage","@id":"https:\/\/medtest.stagingservers.net\/pl\/produkt\/test-na-chlamydie\/","url":"https:\/\/medtest.stagingservers.net\/pl\/produkt\/test-na-chlamydie\/","name":"Test na Chlamydi\u0119 - Medtest.shop","isPartOf":{"@id":"https:\/\/medtest.stagingservers.net\/pl\/#website"},"primaryImageOfPage":{"@id":"https:\/\/medtest.stagingservers.net\/pl\/produkt\/test-na-chlamydie\/#primaryimage"},"image":{"@id":"https:\/\/medtest.stagingservers.net\/pl\/produkt\/test-na-chlamydie\/#primaryimage"},"thumbnailUrl":"https:\/\/medtest.stagingservers.net\/wp-content\/uploads\/2019\/09\/Klam-Gon.png","datePublished":"2019-09-02T08:07:41+00:00","dateModified":"2019-12-04T11:58:19+00:00","description":"Test na Chlamydi\u0119 - Medtest.shop","breadcrumb":{"@id":"https:\/\/medtest.stagingservers.net\/pl\/produkt\/test-na-chlamydie\/#breadcrumb"},"inLanguage":"pl-PL","potentialAction":[{"@type":"ReadAction","target":["https:\/\/medtest.stagingservers.net\/pl\/produkt\/test-na-chlamydie\/"]}]},{"@type":"ImageObject","inLanguage":"pl-PL","@id":"https:\/\/medtest.stagingservers.net\/pl\/produkt\/test-na-chlamydie\/#primaryimage","url":"https:\/\/medtest.stagingservers.net\/wp-content\/uploads\/2019\/09\/Klam-Gon.png","contentUrl":"https:\/\/medtest.stagingservers.net\/wp-content\/uploads\/2019\/09\/Klam-Gon.png","width":1200,"height":897},{"@type":"BreadcrumbList","@id":"https:\/\/medtest.stagingservers.net\/pl\/produkt\/test-na-chlamydie\/#breadcrumb","itemListElement":[{"@type":"ListItem","position":1,"name":"Home","item":"https:\/\/medtest.stagingservers.net\/pl\/"},{"@type":"ListItem","position":2,"name":"Sklep","item":"https:\/\/medtest.stagingservers.net\/pl\/sklep\/"},{"@type":"ListItem","position":3,"name":"Test na Chlamydi\u0119"}]},{"@type":"WebSite","@id":"https:\/\/medtest.stagingservers.net\/pl\/#website","url":"https:\/\/medtest.stagingservers.net\/pl\/","name":"Medtest.shop","description":"","publisher":{"@id":"https:\/\/medtest.stagingservers.net\/pl\/#organization"},"potentialAction":[{"@type":"SearchAction","target":{"@type":"EntryPoint","urlTemplate":"https:\/\/medtest.stagingservers.net\/pl\/?s={search_term_string}"},"query-input":{"@type":"PropertyValueSpecification","valueRequired":true,"valueName":"search_term_string"}}],"inLanguage":"pl-PL"},{"@type":"Organization","@id":"https:\/\/medtest.stagingservers.net\/pl\/#organization","name":"Medtest","url":"https:\/\/medtest.stagingservers.net\/pl\/","logo":{"@type":"ImageObject","inLanguage":"pl-PL","@id":"https:\/\/medtest.stagingservers.net\/pl\/#\/schema\/logo\/image\/","url":"https:\/\/medtest.stagingservers.net\/wp-content\/uploads\/2018\/11\/Original.png","contentUrl":"https:\/\/medtest.stagingservers.net\/wp-content\/uploads\/2018\/11\/Original.png","width":1024,"height":1024,"caption":"Medtest"},"image":{"@id":"https:\/\/medtest.stagingservers.net\/pl\/#\/schema\/logo\/image\/"},"sameAs":["https:\/\/www.facebook.com\/Medtest-1440779469392476\/"]}]}},"_links":{"self":[{"href":"https:\/\/medtest.stagingservers.net\/pl\/wp-json\/wp\/v2\/product\/73271","targetHints":{"allow":["GET"]}}],"collection":[{"href":"https:\/\/medtest.stagingservers.net\/pl\/wp-json\/wp\/v2\/product"}],"about":[{"href":"https:\/\/medtest.stagingservers.net\/pl\/wp-json\/wp\/v2\/types\/product"}],"replies":[{"embeddable":true,"href":"https:\/\/medtest.stagingservers.net\/pl\/wp-json\/wp\/v2\/comments?post=73271"}],"version-history":[{"count":0,"href":"https:\/\/medtest.stagingservers.net\/pl\/wp-json\/wp\/v2\/product\/73271\/revisions"}],"wp:featuredmedia":[{"embeddable":true,"href":"https:\/\/medtest.stagingservers.net\/pl\/wp-json\/wp\/v2\/media\/77764"}],"wp:attachment":[{"href":"https:\/\/medtest.stagingservers.net\/pl\/wp-json\/wp\/v2\/media?parent=73271"}],"wp:term":[{"taxonomy":"product_brand","embeddable":true,"href":"https:\/\/medtest.stagingservers.net\/pl\/wp-json\/wp\/v2\/product_brand?post=73271"},{"taxonomy":"product_cat","embeddable":true,"href":"https:\/\/medtest.stagingservers.net\/pl\/wp-json\/wp\/v2\/product_cat?post=73271"},{"taxonomy":"product_tag","embeddable":true,"href":"https:\/\/medtest.stagingservers.net\/pl\/wp-json\/wp\/v2\/product_tag?post=73271"}],"curies":[{"name":"wp","href":"https:\/\/api.w.org\/{rel}","templated":true}]}}