{"id":73275,"date":"2019-09-02T10:08:47","date_gmt":"2019-09-02T08:08:47","guid":{"rendered":"https:\/\/medtest.stagingservers.net\/product\/zoltaczka-typu-b-zoltaczka-typu-c-testy-watrobowe\/"},"modified":"2019-10-22T15:34:18","modified_gmt":"2019-10-22T13:34:18","slug":"zoltaczka-typu-b-zoltaczka-typu-c-testy-watrobowe","status":"publish","type":"product","link":"https:\/\/medtest.stagingservers.net\/pl\/produkt\/zoltaczka-typu-b-zoltaczka-typu-c-testy-watrobowe\/","title":{"rendered":"\u017b\u00f3\u0142taczka typu B, \u017b\u00f3\u0142taczka typu C, testy w\u0105trobowe"},"content":{"rendered":"<h2>Test na wirusowe zapalenie w\u0105troby typu B, typu C i badanie w\u0105troby<\/h2>\n<p>Wirusowe zapalenie w\u0105troby typu B i wirusowe zapalenie w\u0105troby typu C to zapalenie w\u0105troby wywo\u0142ane przez wirus. Choroba jest przenoszona g\u0142\u00f3wnie przez krew. Najcz\u0119stszym sposobem zara\u017cenia jest przyjmowanie lek\u00f3w w formie zastrzyk\u00f3w, kt\u00f3rych ig\u0142y byly r\u00f3wnie\u017c u\u017cywane przez innych. Ale mo\u017cesz tak\u017ce zarazi\u0107 si\u0119, je\u015bli uprawia\u0142e\u015b seks bez zabezpieczenia. Infekcja cz\u0119sto utrzymuje si\u0119 przez ca\u0142e \u017cycie, ale dzi\u0119ki lekom istnieje mo\u017cliwo\u015b\u0107 ca\u0142kowitego wyzdrowienia.<\/p>\n<p>Wirusowe zapalenie w\u0105troby typu B i C rozprzestrzenia si\u0119 przez krew i kontakty seksualne bez zabezpieczenia. Na przyk\u0142ad podczas:<\/p>\n<ul>\n<li>Wsp\u00f3lnego u\u017cytkowania igie\u0142<\/li>\n<li>Otrzymanie zainfekowanych produkt\u00f3w z krwi<\/li>\n<li>Seks bez zabezpieczenia<\/li>\n<li>Zaka\u017cenie oko\u0142oporodowe dziecka przez matk\u0119.<\/li>\n<\/ul>\n<h4>O testach<\/h4>\n<p><strong>Zapalenie w\u0105troby Typu B<\/strong><\/p>\n<p>Test mierzy antygen powierzchniowy HBsAg ze swoisto\u015bci\u0105 100%. Czu\u0142o\u015b\u0107 analityczna wynosi 300\u2013500 CFU\/ml, co jest bardzo nisk\u0105 warto\u015bci\u0105.<\/p>\n<p><strong>Zapalenie w\u0105troby typu C<\/strong><\/p>\n<p>Test mierzy wytwarzane przez organizm przeciwcia\u0142a przeciwko HCV we krwi ze swoisto\u015bci\u0105 i czu\u0142o\u015bci\u0105 99,9%.<\/p>\n<p><strong>Test w\u0105trobowy<\/strong><\/p>\n<p>Test sprawdza czynno\u015b\u0107 w\u0105troby poprzez pomiar st\u0119\u017cenia bilirubiny i urobilinogenu w pr\u00f3bkach moczu (do\u0142\u0105czone s\u0105 2 patyczki moczowe).<\/p>\n<p><strong>Kiedy nale\u017cy przeprowadzi\u0107 test?<\/strong><\/p>\n<p>Regularne przeprowadzanie test\u00f3w jest wa\u017cne dla ka\u017cdego, kto jest aktywny seksualnie, niezale\u017cnie od wieku, p\u0142ci i statusu zwi\u0105zku. Dlatego zawsze dobrze jest wykona\u0107 test, je\u015bli uprawia\u0142e\u015b(\u0142a\u015b) seks bez zabezpieczenia. Od momentu zara\u017cenia wirusem zapalenia w\u0105troby choroba zwykle ujawnia si\u0119 po oko\u0142o o\u015bmiu tygodniach, ale czas ten mo\u017ce wynosi\u0107 od dw\u00f3ch tygodni do sze\u015bciu miesi\u0119cy.<\/p>\n<h4>Objawy<\/h4>\n<p>Wi\u0119kszo\u015b\u0107 os\u00f3b z ostrym wirusowym zapaleniem w\u0105troby typu B lub C nie ma objaw\u00f3w i nie zauwa\u017ca, \u017ce mia\u0142a infekcj\u0119. Choroba dzieli si\u0119 na ostre i przewlek\u0142e zapalenie w\u0105troby. Pierwsza faza infekcji nazywa si\u0119 ostr\u0105, a druga faza nazywa si\u0119 przewlek\u0142\u0105. W przypadku fazy przewlek\u0142ej wirus pozostaje w ciele przez ponad sze\u015b\u0107 miesi\u0119cy, a cz\u0119sto przez ca\u0142e \u017cycie.<\/p>\n<p><strong>Za pomoc\u0105 tego testu mo\u017cna sprawdzi\u0107, czy infekcja znikn\u0119\u0142a lub, czy raczej przekszta\u0142ca si\u0119 w przewlek\u0142e zapalenie w\u0105troby.<\/strong><\/p>\n<p><strong>Objawy zapalenia w\u0105troby typu B:<\/strong><\/p>\n<ul>\n<li>md\u0142o\u015bci (nudno\u015bci)<\/li>\n<li>zaburzenie apetytu<\/li>\n<li>uczucie zm\u0119czenia<\/li>\n<li>sw\u0119dzenie sk\u00f3ry<\/li>\n<li>sk\u00f3ra i bia\u0142ka oczu przybieraj\u0105 kolor \u017c\u00f3\u0142ty (\u201e\u017c\u00f3\u0142taczka\u201d)<\/li>\n<\/ul>\n<p><strong>Objawy zapalenia w\u0105troby typu C:<\/strong><\/p>\n<ul>\n<li>Mocz ma ciemniejsz\u0105 barw\u0119<\/li>\n<li>Stolec staje si\u0119 jasny<\/li>\n<li>Sk\u00f3ra i bia\u0142ka oczu przybieraj\u0105 kolor \u017c\u00f3\u0142ty (\u201e\u017c\u00f3\u0142taczka\u201d)<\/li>\n<\/ul>\n<h4>Jak pozby\u0107 si\u0119 WZW?<\/h4>\n<p>Mo\u017cesz \u017cy\u0107 prawie jak zwykle z przewlek\u0142ym zapaleniem w\u0105troby, ale pami\u0119taj, \u017ce mo\u017cesz zarazi\u0107 innych. Mo\u017cesz d\u0142ugo chodzi\u0107 z wirusem w swoim ciele, nie zdaj\u0105c sobie z tego sprawy. Niemniej jednak choroba powoduje zapalenie w\u0105troby, kt\u00f3r\u0105 mo\u017ce powoli uszkadza\u0107. Mo\u017ce to po 20-30 latach prowadzi\u0107 do marsko\u015bci w\u0105troby. Dlatego dobrze jest r\u00f3wnie\u017c sprawdzi\u0107 czynno\u015b\u0107 w\u0105troby, je\u015bli masz objawy zapalenia w\u0105troby.<\/p>\n<p><strong>Zacznij od szybkiego testu \u2014 Prosty i tani z wysok\u0105 dok\u0142adno\u015bci\u0105<\/strong><\/p>\n<h4>Instrukcja obs\u0142ugi testu na wirusowe zapalenie w\u0105troby typu B, C<\/h4>\n<p><strong>Oto jak post\u0119powa\u0107:<\/strong><\/p>\n<ol>\n<li>Oczy\u015b\u0107 palec za pomoc\u0105 serwetki do czyszczenia z alkoholem.<\/li>\n<li>Zdejmij okr\u0105g\u0142\u0105 os\u0142onk\u0119 ochronn\u0105 z ig\u0142y, uk\u0142uj opuszek palca i wyci\u015bnij troch\u0119 krwi.<\/li>\n<li>Pobierz pipet\u0105 2-3 krople krwi, przenosz\u0105c ko\u0144c\u00f3wk\u0119 pipety na powierzchni\u0119 krwi. Si\u0142y kapilarne spowoduj\u0105 automatyczne pobieranie krwi do pipety.<\/li>\n<li>Upu\u015b\u0107 2 krople krwi do otworu w kasecie testowej (S).<\/li>\n<li>Nast\u0119pnie upu\u015b\u0107 1 kropl\u0119 do buforu.<\/li>\n<li>Poczekaj 10 minut, aby odczyta\u0107 wynik. Nigdy nie czekaj d\u0142u\u017cej ni\u017c 20 minut na odczytanie wyniku.<\/li>\n<\/ol>\n<p><img loading=\"lazy\" decoding=\"async\" class=\"alignnone size-full wp-image-73277\" src=\"\/wp-content\/uploads\/2019\/03\/PSA-procedur.png\" alt=\"PSA procedur\" width=\"1455\" height=\"467\" srcset=\"https:\/\/medtest.stagingservers.net\/wp-content\/uploads\/2019\/03\/PSA-procedur.png 1455w, https:\/\/medtest.stagingservers.net\/wp-content\/uploads\/2019\/03\/PSA-procedur-720x231.png 720w, https:\/\/medtest.stagingservers.net\/wp-content\/uploads\/2019\/03\/PSA-procedur-1200x385.png 1200w, https:\/\/medtest.stagingservers.net\/wp-content\/uploads\/2019\/03\/PSA-procedur-768x246.png 768w, https:\/\/medtest.stagingservers.net\/wp-content\/uploads\/2019\/03\/PSA-procedur-416x134.png 416w, https:\/\/medtest.stagingservers.net\/wp-content\/uploads\/2019\/03\/PSA-procedur-300x96.png 300w, https:\/\/medtest.stagingservers.net\/wp-content\/uploads\/2019\/03\/PSA-procedur-1024x329.png 1024w\" sizes=\"auto, (max-width: 1455px) 100vw, 1455px\" \/><\/p>\n<p>&nbsp;<\/p>\n<h4><strong>Wynik testu na WZW typu B, C<\/strong><\/h4>\n<p>&nbsp;<\/p>\n<p><img loading=\"lazy\" decoding=\"async\" class=\"alignnone wp-image-74032 \" src=\"https:\/\/medtest.stagingservers.net\/wp-content\/uploads\/2019\/09\/Dok3_OO_trzyczwarte.jpg\" alt=\"\" width=\"300\" height=\"221\" \/><\/p>\n<p>&nbsp;<\/p>\n<p><strong>Instrukcja dla u\u017cytkownika testu w\u0105troby<\/strong><\/p>\n<ol>\n<li>Otw\u00f3rz opakowanie foliowe i wyjmij pasek testowy.<\/li>\n<li>Oddaj mocz do kubka\/zlewki i zanurz pasek testowy.<\/li>\n<li>Odczyt mo\u017cna wykona\u0107 po oko\u0142o 1 minucie. Odczyt wynik\u00f3w polega na por\u00f3wnaniu kolor\u00f3w reakcji na pasku z kolorami na schemacie. Podczas por\u00f3wnania, utrzymuj pasek w pozycji poziomej, aby unikn\u0105\u0107 mo\u017cliwego mieszania kolor\u00f3w mi\u0119dzy dwoma obszarami reakcji na pasku<\/li>\n<\/ol>\n<p><img loading=\"lazy\" decoding=\"async\" class=\"alignnone size-full wp-image-56020\" src=\"\/wp-content\/uploads\/2019\/05\/Lever-resultat-2.png\" alt=\"\" width=\"1086\" height=\"226\" \/><\/p>\n<p>&nbsp;<\/p>\n<p>&nbsp;<\/p>\n<p>Je\u015bli wynik testu jest pozytywny, zalecamy skonsultowanie si\u0119 z lekarzem w celu dalszego badania lub wizyty w najbli\u017cszej aptece w celu uzyskania porady.<\/p>\n<p>&nbsp;<\/p>\n<p>Je\u015bli masz pytania, mo\u017cesz <a href=\"https:\/\/medtest.stagingservers.net\/kontakta-oss\/\">skontaktowa\u0107 si\u0119 z nami tutaj<\/a>.<\/p>\n<p>W tym pakiecie otrzymasz test w\u0105trobowy za darmo.<\/p>\n","protected":false},"excerpt":{"rendered":"<p>Test domowy w kierunku wirusa zapalenia w\u0105troby typu B, wirusa zapalenia w\u0105troby typu C lub choroby w\u0105troby (bilirubina i urobilinogen). Uzyskaj wynik w 10 minut. Najcz\u0119stszym sposobem zara\u017cenia jest przyjmowanie lek\u00f3w w zastrzykach, kt\u00f3rych ig\u0142y byly r\u00f3wnie\u017c u\u017cywane przez innych. Ale mo\u017cesz tak\u017ce zarazi\u0107 si\u0119, je\u015bli uprawia\u0142e\u015b(a\u015b) seks bez zabezpieczenia. <\/p>\n","protected":false},"featured_media":73884,"comment_status":"closed","ping_status":"closed","template":"","meta":{"_acf_changed":false,"footnotes":""},"product_brand":[],"product_cat":[985,975,995,996],"product_tag":[],"class_list":{"0":"post-73275","1":"product","2":"type-product","3":"status-publish","4":"has-post-thumbnail","6":"product_cat-funkcjonowanie-watroby","7":"product_cat-oferta-pakietow","8":"product_cat-wirusowe-zapalenie-watroby-typu-b","9":"product_cat-wirusowe-zapalenie-watroby-typu-c","11":"first","12":"instock","13":"taxable","14":"shipping-taxable","15":"purchasable","16":"product-type-simple"},"acf":[],"yoast_head":"<title>\u017b\u00f3\u0142taczka typu B, \u017b\u00f3\u0142taczka typu C, testy w\u0105trobowe - Medtest.shop<\/title>\n<meta name=\"description\" content=\"\u017b\u00f3\u0142taczka typu B, \u017b\u00f3\u0142taczka typu C, testy w\u0105trobowe - Medtest.shop\" \/>\n<meta name=\"robots\" content=\"noindex, follow, max-snippet:-1, max-image-preview:large, max-video-preview:-1\" \/>\n<meta property=\"og:locale\" content=\"pl_PL\" \/>\n<meta property=\"og:type\" content=\"article\" \/>\n<meta property=\"og:title\" content=\"\u017b\u00f3\u0142taczka typu B, \u017b\u00f3\u0142taczka typu C, testy w\u0105trobowe - Medtest.shop\" \/>\n<meta property=\"og:description\" content=\"\u017b\u00f3\u0142taczka typu B, \u017b\u00f3\u0142taczka typu C, testy w\u0105trobowe - Medtest.shop\" \/>\n<meta property=\"og:url\" content=\"https:\/\/medtest.stagingservers.net\/pl\/produkt\/zoltaczka-typu-b-zoltaczka-typu-c-testy-watrobowe\/\" \/>\n<meta property=\"og:site_name\" content=\"Medtest.shop\" \/>\n<meta property=\"article:publisher\" content=\"https:\/\/www.facebook.com\/Medtest-1440779469392476\/\" \/>\n<meta property=\"article:modified_time\" content=\"2019-10-22T13:34:18+00:00\" \/>\n<meta property=\"og:image\" content=\"https:\/\/medtest.stagingservers.net\/wp-content\/uploads\/2019\/09\/Hepatit-BCLiver.png\" \/>\n\t<meta property=\"og:image:width\" content=\"957\" \/>\n\t<meta property=\"og:image:height\" content=\"501\" \/>\n\t<meta property=\"og:image:type\" content=\"image\/png\" \/>\n<meta name=\"twitter:card\" content=\"summary_large_image\" \/>\n<script type=\"application\/ld+json\" class=\"yoast-schema-graph\">{\"@context\":\"https:\\\/\\\/schema.org\",\"@graph\":[{\"@type\":\"WebPage\",\"@id\":\"https:\\\/\\\/medtest.stagingservers.net\\\/pl\\\/produkt\\\/zoltaczka-typu-b-zoltaczka-typu-c-testy-watrobowe\\\/\",\"url\":\"https:\\\/\\\/medtest.stagingservers.net\\\/pl\\\/produkt\\\/zoltaczka-typu-b-zoltaczka-typu-c-testy-watrobowe\\\/\",\"name\":\"\u017b\u00f3\u0142taczka typu B, \u017b\u00f3\u0142taczka typu C, testy w\u0105trobowe - Medtest.shop\",\"isPartOf\":{\"@id\":\"https:\\\/\\\/medtest.stagingservers.net\\\/pl\\\/#website\"},\"primaryImageOfPage\":{\"@id\":\"https:\\\/\\\/medtest.stagingservers.net\\\/pl\\\/produkt\\\/zoltaczka-typu-b-zoltaczka-typu-c-testy-watrobowe\\\/#primaryimage\"},\"image\":{\"@id\":\"https:\\\/\\\/medtest.stagingservers.net\\\/pl\\\/produkt\\\/zoltaczka-typu-b-zoltaczka-typu-c-testy-watrobowe\\\/#primaryimage\"},\"thumbnailUrl\":\"https:\\\/\\\/medtest.stagingservers.net\\\/wp-content\\\/uploads\\\/2019\\\/09\\\/Hepatit-BCLiver.png\",\"datePublished\":\"2019-09-02T08:08:47+00:00\",\"dateModified\":\"2019-10-22T13:34:18+00:00\",\"description\":\"\u017b\u00f3\u0142taczka typu B, \u017b\u00f3\u0142taczka typu C, testy w\u0105trobowe - Medtest.shop\",\"breadcrumb\":{\"@id\":\"https:\\\/\\\/medtest.stagingservers.net\\\/pl\\\/produkt\\\/zoltaczka-typu-b-zoltaczka-typu-c-testy-watrobowe\\\/#breadcrumb\"},\"inLanguage\":\"pl-PL\",\"potentialAction\":[{\"@type\":\"ReadAction\",\"target\":[\"https:\\\/\\\/medtest.stagingservers.net\\\/pl\\\/produkt\\\/zoltaczka-typu-b-zoltaczka-typu-c-testy-watrobowe\\\/\"]}]},{\"@type\":\"ImageObject\",\"inLanguage\":\"pl-PL\",\"@id\":\"https:\\\/\\\/medtest.stagingservers.net\\\/pl\\\/produkt\\\/zoltaczka-typu-b-zoltaczka-typu-c-testy-watrobowe\\\/#primaryimage\",\"url\":\"https:\\\/\\\/medtest.stagingservers.net\\\/wp-content\\\/uploads\\\/2019\\\/09\\\/Hepatit-BCLiver.png\",\"contentUrl\":\"https:\\\/\\\/medtest.stagingservers.net\\\/wp-content\\\/uploads\\\/2019\\\/09\\\/Hepatit-BCLiver.png\",\"width\":957,\"height\":501},{\"@type\":\"BreadcrumbList\",\"@id\":\"https:\\\/\\\/medtest.stagingservers.net\\\/pl\\\/produkt\\\/zoltaczka-typu-b-zoltaczka-typu-c-testy-watrobowe\\\/#breadcrumb\",\"itemListElement\":[{\"@type\":\"ListItem\",\"position\":1,\"name\":\"Home\",\"item\":\"https:\\\/\\\/medtest.stagingservers.net\\\/pl\\\/\"},{\"@type\":\"ListItem\",\"position\":2,\"name\":\"Sklep\",\"item\":\"https:\\\/\\\/medtest.stagingservers.net\\\/pl\\\/sklep\\\/\"},{\"@type\":\"ListItem\",\"position\":3,\"name\":\"\u017b\u00f3\u0142taczka typu B, \u017b\u00f3\u0142taczka typu C, testy w\u0105trobowe\"}]},{\"@type\":\"WebSite\",\"@id\":\"https:\\\/\\\/medtest.stagingservers.net\\\/pl\\\/#website\",\"url\":\"https:\\\/\\\/medtest.stagingservers.net\\\/pl\\\/\",\"name\":\"Medtest.shop\",\"description\":\"\",\"publisher\":{\"@id\":\"https:\\\/\\\/medtest.stagingservers.net\\\/pl\\\/#organization\"},\"potentialAction\":[{\"@type\":\"SearchAction\",\"target\":{\"@type\":\"EntryPoint\",\"urlTemplate\":\"https:\\\/\\\/medtest.stagingservers.net\\\/pl\\\/?s={search_term_string}\"},\"query-input\":{\"@type\":\"PropertyValueSpecification\",\"valueRequired\":true,\"valueName\":\"search_term_string\"}}],\"inLanguage\":\"pl-PL\"},{\"@type\":\"Organization\",\"@id\":\"https:\\\/\\\/medtest.stagingservers.net\\\/pl\\\/#organization\",\"name\":\"Medtest\",\"url\":\"https:\\\/\\\/medtest.stagingservers.net\\\/pl\\\/\",\"logo\":{\"@type\":\"ImageObject\",\"inLanguage\":\"pl-PL\",\"@id\":\"https:\\\/\\\/medtest.stagingservers.net\\\/pl\\\/#\\\/schema\\\/logo\\\/image\\\/\",\"url\":\"https:\\\/\\\/medtest.stagingservers.net\\\/wp-content\\\/uploads\\\/2018\\\/11\\\/Original.png\",\"contentUrl\":\"https:\\\/\\\/medtest.stagingservers.net\\\/wp-content\\\/uploads\\\/2018\\\/11\\\/Original.png\",\"width\":1024,\"height\":1024,\"caption\":\"Medtest\"},\"image\":{\"@id\":\"https:\\\/\\\/medtest.stagingservers.net\\\/pl\\\/#\\\/schema\\\/logo\\\/image\\\/\"},\"sameAs\":[\"https:\\\/\\\/www.facebook.com\\\/Medtest-1440779469392476\\\/\"]}]}<\/script>","yoast_head_json":{"title":"\u017b\u00f3\u0142taczka typu B, \u017b\u00f3\u0142taczka typu C, testy w\u0105trobowe - Medtest.shop","description":"\u017b\u00f3\u0142taczka typu B, \u017b\u00f3\u0142taczka typu C, testy w\u0105trobowe - Medtest.shop","robots":{"index":"noindex","follow":"follow","max-snippet":"max-snippet:-1","max-image-preview":"max-image-preview:large","max-video-preview":"max-video-preview:-1"},"og_locale":"pl_PL","og_type":"article","og_title":"\u017b\u00f3\u0142taczka typu B, \u017b\u00f3\u0142taczka typu C, testy w\u0105trobowe - Medtest.shop","og_description":"\u017b\u00f3\u0142taczka typu B, \u017b\u00f3\u0142taczka typu C, testy w\u0105trobowe - Medtest.shop","og_url":"https:\/\/medtest.stagingservers.net\/pl\/produkt\/zoltaczka-typu-b-zoltaczka-typu-c-testy-watrobowe\/","og_site_name":"Medtest.shop","article_publisher":"https:\/\/www.facebook.com\/Medtest-1440779469392476\/","article_modified_time":"2019-10-22T13:34:18+00:00","og_image":[{"width":957,"height":501,"url":"https:\/\/medtest.stagingservers.net\/wp-content\/uploads\/2019\/09\/Hepatit-BCLiver.png","type":"image\/png"}],"twitter_card":"summary_large_image","schema":{"@context":"https:\/\/schema.org","@graph":[{"@type":"WebPage","@id":"https:\/\/medtest.stagingservers.net\/pl\/produkt\/zoltaczka-typu-b-zoltaczka-typu-c-testy-watrobowe\/","url":"https:\/\/medtest.stagingservers.net\/pl\/produkt\/zoltaczka-typu-b-zoltaczka-typu-c-testy-watrobowe\/","name":"\u017b\u00f3\u0142taczka typu B, \u017b\u00f3\u0142taczka typu C, testy w\u0105trobowe - Medtest.shop","isPartOf":{"@id":"https:\/\/medtest.stagingservers.net\/pl\/#website"},"primaryImageOfPage":{"@id":"https:\/\/medtest.stagingservers.net\/pl\/produkt\/zoltaczka-typu-b-zoltaczka-typu-c-testy-watrobowe\/#primaryimage"},"image":{"@id":"https:\/\/medtest.stagingservers.net\/pl\/produkt\/zoltaczka-typu-b-zoltaczka-typu-c-testy-watrobowe\/#primaryimage"},"thumbnailUrl":"https:\/\/medtest.stagingservers.net\/wp-content\/uploads\/2019\/09\/Hepatit-BCLiver.png","datePublished":"2019-09-02T08:08:47+00:00","dateModified":"2019-10-22T13:34:18+00:00","description":"\u017b\u00f3\u0142taczka typu B, \u017b\u00f3\u0142taczka typu C, testy w\u0105trobowe - Medtest.shop","breadcrumb":{"@id":"https:\/\/medtest.stagingservers.net\/pl\/produkt\/zoltaczka-typu-b-zoltaczka-typu-c-testy-watrobowe\/#breadcrumb"},"inLanguage":"pl-PL","potentialAction":[{"@type":"ReadAction","target":["https:\/\/medtest.stagingservers.net\/pl\/produkt\/zoltaczka-typu-b-zoltaczka-typu-c-testy-watrobowe\/"]}]},{"@type":"ImageObject","inLanguage":"pl-PL","@id":"https:\/\/medtest.stagingservers.net\/pl\/produkt\/zoltaczka-typu-b-zoltaczka-typu-c-testy-watrobowe\/#primaryimage","url":"https:\/\/medtest.stagingservers.net\/wp-content\/uploads\/2019\/09\/Hepatit-BCLiver.png","contentUrl":"https:\/\/medtest.stagingservers.net\/wp-content\/uploads\/2019\/09\/Hepatit-BCLiver.png","width":957,"height":501},{"@type":"BreadcrumbList","@id":"https:\/\/medtest.stagingservers.net\/pl\/produkt\/zoltaczka-typu-b-zoltaczka-typu-c-testy-watrobowe\/#breadcrumb","itemListElement":[{"@type":"ListItem","position":1,"name":"Home","item":"https:\/\/medtest.stagingservers.net\/pl\/"},{"@type":"ListItem","position":2,"name":"Sklep","item":"https:\/\/medtest.stagingservers.net\/pl\/sklep\/"},{"@type":"ListItem","position":3,"name":"\u017b\u00f3\u0142taczka typu B, \u017b\u00f3\u0142taczka typu C, testy w\u0105trobowe"}]},{"@type":"WebSite","@id":"https:\/\/medtest.stagingservers.net\/pl\/#website","url":"https:\/\/medtest.stagingservers.net\/pl\/","name":"Medtest.shop","description":"","publisher":{"@id":"https:\/\/medtest.stagingservers.net\/pl\/#organization"},"potentialAction":[{"@type":"SearchAction","target":{"@type":"EntryPoint","urlTemplate":"https:\/\/medtest.stagingservers.net\/pl\/?s={search_term_string}"},"query-input":{"@type":"PropertyValueSpecification","valueRequired":true,"valueName":"search_term_string"}}],"inLanguage":"pl-PL"},{"@type":"Organization","@id":"https:\/\/medtest.stagingservers.net\/pl\/#organization","name":"Medtest","url":"https:\/\/medtest.stagingservers.net\/pl\/","logo":{"@type":"ImageObject","inLanguage":"pl-PL","@id":"https:\/\/medtest.stagingservers.net\/pl\/#\/schema\/logo\/image\/","url":"https:\/\/medtest.stagingservers.net\/wp-content\/uploads\/2018\/11\/Original.png","contentUrl":"https:\/\/medtest.stagingservers.net\/wp-content\/uploads\/2018\/11\/Original.png","width":1024,"height":1024,"caption":"Medtest"},"image":{"@id":"https:\/\/medtest.stagingservers.net\/pl\/#\/schema\/logo\/image\/"},"sameAs":["https:\/\/www.facebook.com\/Medtest-1440779469392476\/"]}]}},"_links":{"self":[{"href":"https:\/\/medtest.stagingservers.net\/pl\/wp-json\/wp\/v2\/product\/73275","targetHints":{"allow":["GET"]}}],"collection":[{"href":"https:\/\/medtest.stagingservers.net\/pl\/wp-json\/wp\/v2\/product"}],"about":[{"href":"https:\/\/medtest.stagingservers.net\/pl\/wp-json\/wp\/v2\/types\/product"}],"replies":[{"embeddable":true,"href":"https:\/\/medtest.stagingservers.net\/pl\/wp-json\/wp\/v2\/comments?post=73275"}],"version-history":[{"count":0,"href":"https:\/\/medtest.stagingservers.net\/pl\/wp-json\/wp\/v2\/product\/73275\/revisions"}],"wp:featuredmedia":[{"embeddable":true,"href":"https:\/\/medtest.stagingservers.net\/pl\/wp-json\/wp\/v2\/media\/73884"}],"wp:attachment":[{"href":"https:\/\/medtest.stagingservers.net\/pl\/wp-json\/wp\/v2\/media?parent=73275"}],"wp:term":[{"taxonomy":"product_brand","embeddable":true,"href":"https:\/\/medtest.stagingservers.net\/pl\/wp-json\/wp\/v2\/product_brand?post=73275"},{"taxonomy":"product_cat","embeddable":true,"href":"https:\/\/medtest.stagingservers.net\/pl\/wp-json\/wp\/v2\/product_cat?post=73275"},{"taxonomy":"product_tag","embeddable":true,"href":"https:\/\/medtest.stagingservers.net\/pl\/wp-json\/wp\/v2\/product_tag?post=73275"}],"curies":[{"name":"wp","href":"https:\/\/api.w.org\/{rel}","templated":true}]}}