{"id":73279,"date":"2019-09-02T10:09:54","date_gmt":"2019-09-02T08:09:54","guid":{"rendered":"https:\/\/medtest.stagingservers.net\/product\/zapalenie-watroby-typu-c\/"},"modified":"2019-10-09T22:55:59","modified_gmt":"2019-10-09T20:55:59","slug":"zapalenie-watroby-typu-c","status":"publish","type":"product","link":"https:\/\/medtest.stagingservers.net\/pl\/produkt\/zapalenie-watroby-typu-c\/","title":{"rendered":"Zapalenie w\u0105troby typu C"},"content":{"rendered":"<h2>Test na zapalenie w\u0105troby typu C<\/h2>\n<p>Wirusowe zapalenie w\u0105troby typu C (HCV) to choroba wywo\u0142ana przez wirus. Choroba jest przenoszona g\u0142\u00f3wnie przez krew. Najcz\u0119stszym sposobem zara\u017cenia jest przyjmowanie lek\u00f3w w formie zastrzyk\u00f3w, kt\u00f3rych ig\u0142y byly r\u00f3wnie\u017c u\u017cywane przez innych. Ale mo\u017cesz tak\u017ce zarazi\u0107 si\u0119, je\u015bli uprawia\u0142e\u015b seks bez zabezpieczenia. Infekcja cz\u0119sto utrzymuje si\u0119 przez ca\u0142e \u017cycie, ale dzi\u0119ki lekom istnieje mo\u017cliwo\u015b\u0107 ca\u0142kowitego wyzdrowienia. Warto wiedzie\u0107, \u017ce istniej\u0105 r\u00f3wnie\u017c inne wirusy zapalenia w\u0105troby. Najcz\u0119stsze to wirusowe zapalenie w\u0105troby typu A, wirusowe zapalenie w\u0105troby typu B i wirusowe zapalenie w\u0105troby typu C.<\/p>\n<p>Wirusowe zapalenie w\u0105troby typu A rozprzestrzenia si\u0119 poprzez jedzenie i picie.<\/p>\n<p>Wirusowe zapalenie w\u0105troby typu B i C rozprzestrzenia si\u0119 przez krew i kontakty seksualne bez zabezpieczenia. Na przyk\u0142ad podczas:<\/p>\n<ul>\n<li>Wsp\u00f3lnego u\u017cytkowania igie\u0142<\/li>\n<li>Otrzymanie zainfekowanych produkt\u00f3w z krwi<\/li>\n<li>Seks bez zabezpieczenia<\/li>\n<li>Zaka\u017cenie oko\u0142oporodowe dziecka przez matk\u0119<\/li>\n<\/ul>\n<p>&nbsp;<\/p>\n<p><a href=\"https:\/\/medtest.stagingservers.net\/product\/hepatit-b-hepatit-c-levertest\/\">Kup nasz pakiet zawieraj\u0105cy test na zapalenie w\u0105troby typu B, zapalenie w\u0105troby typu C i test w\u0105troby za 369 SEK<\/a><\/p>\n<p><a href=\"https:\/\/medtest.stagingservers.net\/product\/hepatit-b-hepatit-c-levertest\/\">\u00a0<\/a><\/p>\n<p><strong>O te\u015bcie na zapalenie w\u0105troby typu C<\/strong><\/p>\n<p>Test mierzy wytwarzane przez organizm przeciwcia\u0142a przeciwko HCV we krwi ze swoisto\u015bci\u0105 i czu\u0142o\u015bci\u0105 99,9%.<\/p>\n<h4>Kiedy nale\u017cy przeprowadzi\u0107 test?<\/h4>\n<p>Regularne przeprowadzanie test\u00f3w jest wa\u017cne dla ka\u017cdego, kto jest aktywny seksualnie, niezale\u017cnie od wieku, p\u0142ci i statusu zwi\u0105zku. Dlatego zawsze dobrze jest wykona\u0107 test, je\u015bli uprawia\u0142e\u015b (-\u0142as) seks bez zabezpieczenia. Od momentu zara\u017cenia wirusem zapalenia w\u0105troby typu C choroba zwykle trwa oko\u0142o o\u015bmiu tygodni, ale czas ten mo\u017ce wynosi\u0107 od dw\u00f3ch tygodni do sze\u015bciu miesi\u0119cy.<\/p>\n<h4>Objawy<\/h4>\n<p>Wi\u0119kszo\u015b\u0107 os\u00f3b z ostrym wirusowym zapaleniem w\u0105troby typu C nie ma objaw\u00f3w i nie zauwa\u017ca, \u017ce mia\u0142a infekcj\u0119. Choroba dzieli si\u0119 na ostre i przewlek\u0142e zapalenie w\u0105troby typu C. Pierwsza faza infekcji nazywa si\u0119 ostrym HCV. U trzech spo\u015br\u00f3d czterech zara\u017conych choroba przechodzi w stan przewlek\u0142y HCV. W takim przypadku wirus pozostaje w ciele przez ponad sze\u015b\u0107 miesi\u0119cy, cz\u0119sto przez ca\u0142e \u017cycie. Za pomoc\u0105 tego testu mo\u017cna sprawdzi\u0107, czy infekcja znikn\u0119\u0142a lub, czy raczej przekszta\u0142ca si\u0119 w przewlek\u0142e zapalenie w\u0105troby.<\/p>\n<p>Je\u015bli masz nast\u0119puj\u0105ce objawy, mo\u017cesz mie\u0107 zapalenie w\u0105troby typu C:<\/p>\n<ul>\n<li>Mocz ma ciemniejsz\u0105 barw\u0119<\/li>\n<li>Stolec staje si\u0119 jasny<\/li>\n<li>Sk\u00f3ra i bia\u0142ka oka przybieraj\u0105 kolor \u017c\u00f3\u0142ty (\u201e\u017c\u00f3\u0142taczka\u201d)<\/li>\n<\/ul>\n<h4>Jak pozby\u0107 si\u0119 WZW typu C?<\/h4>\n<p>Z przewlek\u0142ym zapaleniem w\u0105troby mo\u017cesz \u017cy\u0107 prawie jak zwykle, ale pami\u0119taj, \u017ce mo\u017cesz zarazi\u0107 innych. Mo\u017cesz d\u0142ugo chodzi\u0107 z wirusem w swoim ciele, nie zdaj\u0105c sobie z tego sprawy. Niemniej jednak choroba powoduje zapalenie w\u0105troby, kt\u00f3r\u0105 mo\u017ce powoli uszkadza\u0107. Mo\u017ce to po 20-30 latach prowadzi\u0107 do marsko\u015bci w\u0105troby. Mo\u017cesz sprawdzi\u0107 czynno\u015b\u0107 w\u0105troby, zamawiaj\u0105c nasz <a href=\"https:\/\/medtest.stagingservers.net\/product\/lever-test\/\">test w\u0105trobowy<\/a>.<\/p>\n<p><strong>Zacznij od szybkiego testu \u2014 Prosty i tani z wysok\u0105 dok\u0142adno\u015bci\u0105<\/strong><\/p>\n<h4>Instrukcje dotycz\u0105ce stosowania<\/h4>\n<p><strong>Oto jak post\u0119powa\u0107:<\/strong><\/p>\n<ol>\n<li>Oczy\u015b\u0107 palec za pomoc\u0105 serwetki do czyszczenia z alkoholem.<\/li>\n<li>Zdejmij okr\u0105g\u0142\u0105 os\u0142onk\u0119 ochronn\u0105 z ig\u0142y, uk\u0142uj opuszek palca i wyci\u015bnij troch\u0119 krwi.<\/li>\n<li>Pobierz pipet\u0105 2-3 krople krwi, przenosz\u0105c ko\u0144c\u00f3wk\u0119 pipety na powierzchni\u0119 krwi. Si\u0142y kapilarne spowoduj\u0105 automatyczne pobieranie krwi do pipety.<\/li>\n<li>Upu\u015b\u0107 2 krople krwi do otworu w kasecie testowej (S).<\/li>\n<li>Nast\u0119pnie upu\u015b\u0107 1 kropl\u0119 do buforu.<\/li>\n<li>Poczekaj 10 minut, aby odczyta\u0107 wynik. Nigdy nie czekaj d\u0142u\u017cej ni\u017c 20 minut na odczytanie wyniku.<\/li>\n<\/ol>\n<p><img loading=\"lazy\" decoding=\"async\" class=\"alignnone size-full wp-image-73277\" src=\"\/wp-content\/uploads\/2019\/03\/PSA-procedur.png\" alt=\"PSA procedur\" width=\"1455\" height=\"467\" srcset=\"https:\/\/medtest.stagingservers.net\/wp-content\/uploads\/2019\/03\/PSA-procedur.png 1455w, https:\/\/medtest.stagingservers.net\/wp-content\/uploads\/2019\/03\/PSA-procedur-720x231.png 720w, https:\/\/medtest.stagingservers.net\/wp-content\/uploads\/2019\/03\/PSA-procedur-1200x385.png 1200w, https:\/\/medtest.stagingservers.net\/wp-content\/uploads\/2019\/03\/PSA-procedur-768x246.png 768w, https:\/\/medtest.stagingservers.net\/wp-content\/uploads\/2019\/03\/PSA-procedur-416x134.png 416w, https:\/\/medtest.stagingservers.net\/wp-content\/uploads\/2019\/03\/PSA-procedur-300x96.png 300w, https:\/\/medtest.stagingservers.net\/wp-content\/uploads\/2019\/03\/PSA-procedur-1024x329.png 1024w\" sizes=\"auto, (max-width: 1455px) 100vw, 1455px\" \/><\/p>\n<h4><strong>Resultat<\/strong><\/h4>\n<p><img loading=\"lazy\" decoding=\"async\" class=\"alignnone wp-image-74032 \" src=\"https:\/\/medtest.stagingservers.net\/wp-content\/uploads\/2019\/09\/Dok3_OO_trzyczwarte.jpg\" alt=\"\" width=\"283\" height=\"208\" \/><\/p>\n<p>&nbsp;<\/p>\n<p>Je\u015bli wynik testu jest pozytywny, zalecamy skonsultowanie si\u0119 z lekarzem w celu dalszego badania lub wizyty w najbli\u017cszej aptece w celu uzyskania porady.<\/p>\n<p>&nbsp;<\/p>\n<p>Je\u015bli masz pytania, mo\u017cesz <a href=\"https:\/\/medtest.stagingservers.net\/kontakta-oss\/\">skontaktowa\u0107 si\u0119 z nami tutaj<\/a>.<\/p>\n","protected":false},"excerpt":{"rendered":"<p>Auto-test wirusa zapalenia w\u0105troby typu C z wynikiem w ci\u0105gu 10 minut. Wirus zapalenia w\u0105troby typu C jest infekcj\u0105 wirusow\u0105, kt\u00f3ra nieleczona mo\u017ce prowadzi\u0107 do d\u0142ugotrwa\u0142ych problem\u00f3w z w\u0105trob\u0105.<\/p>\n","protected":false},"featured_media":73882,"comment_status":"closed","ping_status":"closed","template":"","meta":{"_acf_changed":false,"footnotes":""},"product_brand":[],"product_cat":[996],"product_tag":[],"class_list":{"0":"post-73279","1":"product","2":"type-product","3":"status-publish","4":"has-post-thumbnail","6":"product_cat-wirusowe-zapalenie-watroby-typu-c","8":"first","9":"instock","10":"taxable","11":"shipping-taxable","12":"purchasable","13":"product-type-simple"},"acf":[],"yoast_head":"<title>Zapalenie w\u0105troby typu C - Medtest.shop<\/title>\n<meta name=\"description\" content=\"Zapalenie w\u0105troby typu C - Medtest.shop\" \/>\n<meta name=\"robots\" content=\"noindex, follow, max-snippet:-1, max-image-preview:large, max-video-preview:-1\" \/>\n<meta property=\"og:locale\" content=\"pl_PL\" \/>\n<meta property=\"og:type\" content=\"article\" \/>\n<meta property=\"og:title\" content=\"Zapalenie w\u0105troby typu C - Medtest.shop\" \/>\n<meta property=\"og:description\" content=\"Zapalenie w\u0105troby typu C - Medtest.shop\" \/>\n<meta property=\"og:url\" content=\"https:\/\/medtest.stagingservers.net\/pl\/produkt\/zapalenie-watroby-typu-c\/\" \/>\n<meta property=\"og:site_name\" content=\"Medtest.shop\" \/>\n<meta property=\"article:publisher\" content=\"https:\/\/www.facebook.com\/Medtest-1440779469392476\/\" \/>\n<meta property=\"article:modified_time\" content=\"2019-10-09T20:55:59+00:00\" \/>\n<meta property=\"og:image\" content=\"https:\/\/medtest.stagingservers.net\/wp-content\/uploads\/2019\/09\/Hepatitis-C.png\" \/>\n\t<meta property=\"og:image:width\" content=\"2100\" \/>\n\t<meta property=\"og:image:height\" content=\"1400\" \/>\n\t<meta property=\"og:image:type\" content=\"image\/png\" \/>\n<meta name=\"twitter:card\" content=\"summary_large_image\" \/>\n<script type=\"application\/ld+json\" class=\"yoast-schema-graph\">{\"@context\":\"https:\\\/\\\/schema.org\",\"@graph\":[{\"@type\":\"WebPage\",\"@id\":\"https:\\\/\\\/medtest.stagingservers.net\\\/pl\\\/produkt\\\/zapalenie-watroby-typu-c\\\/\",\"url\":\"https:\\\/\\\/medtest.stagingservers.net\\\/pl\\\/produkt\\\/zapalenie-watroby-typu-c\\\/\",\"name\":\"Zapalenie w\u0105troby typu C - Medtest.shop\",\"isPartOf\":{\"@id\":\"https:\\\/\\\/medtest.stagingservers.net\\\/pl\\\/#website\"},\"primaryImageOfPage\":{\"@id\":\"https:\\\/\\\/medtest.stagingservers.net\\\/pl\\\/produkt\\\/zapalenie-watroby-typu-c\\\/#primaryimage\"},\"image\":{\"@id\":\"https:\\\/\\\/medtest.stagingservers.net\\\/pl\\\/produkt\\\/zapalenie-watroby-typu-c\\\/#primaryimage\"},\"thumbnailUrl\":\"https:\\\/\\\/medtest.stagingservers.net\\\/wp-content\\\/uploads\\\/2019\\\/09\\\/Hepatitis-C.png\",\"datePublished\":\"2019-09-02T08:09:54+00:00\",\"dateModified\":\"2019-10-09T20:55:59+00:00\",\"description\":\"Zapalenie w\u0105troby typu C - Medtest.shop\",\"breadcrumb\":{\"@id\":\"https:\\\/\\\/medtest.stagingservers.net\\\/pl\\\/produkt\\\/zapalenie-watroby-typu-c\\\/#breadcrumb\"},\"inLanguage\":\"pl-PL\",\"potentialAction\":[{\"@type\":\"ReadAction\",\"target\":[\"https:\\\/\\\/medtest.stagingservers.net\\\/pl\\\/produkt\\\/zapalenie-watroby-typu-c\\\/\"]}]},{\"@type\":\"ImageObject\",\"inLanguage\":\"pl-PL\",\"@id\":\"https:\\\/\\\/medtest.stagingservers.net\\\/pl\\\/produkt\\\/zapalenie-watroby-typu-c\\\/#primaryimage\",\"url\":\"https:\\\/\\\/medtest.stagingservers.net\\\/wp-content\\\/uploads\\\/2019\\\/09\\\/Hepatitis-C.png\",\"contentUrl\":\"https:\\\/\\\/medtest.stagingservers.net\\\/wp-content\\\/uploads\\\/2019\\\/09\\\/Hepatitis-C.png\",\"width\":2100,\"height\":1400},{\"@type\":\"BreadcrumbList\",\"@id\":\"https:\\\/\\\/medtest.stagingservers.net\\\/pl\\\/produkt\\\/zapalenie-watroby-typu-c\\\/#breadcrumb\",\"itemListElement\":[{\"@type\":\"ListItem\",\"position\":1,\"name\":\"Home\",\"item\":\"https:\\\/\\\/medtest.stagingservers.net\\\/pl\\\/\"},{\"@type\":\"ListItem\",\"position\":2,\"name\":\"Sklep\",\"item\":\"https:\\\/\\\/medtest.stagingservers.net\\\/pl\\\/sklep\\\/\"},{\"@type\":\"ListItem\",\"position\":3,\"name\":\"Zapalenie w\u0105troby typu C\"}]},{\"@type\":\"WebSite\",\"@id\":\"https:\\\/\\\/medtest.stagingservers.net\\\/pl\\\/#website\",\"url\":\"https:\\\/\\\/medtest.stagingservers.net\\\/pl\\\/\",\"name\":\"Medtest.shop\",\"description\":\"\",\"publisher\":{\"@id\":\"https:\\\/\\\/medtest.stagingservers.net\\\/pl\\\/#organization\"},\"potentialAction\":[{\"@type\":\"SearchAction\",\"target\":{\"@type\":\"EntryPoint\",\"urlTemplate\":\"https:\\\/\\\/medtest.stagingservers.net\\\/pl\\\/?s={search_term_string}\"},\"query-input\":{\"@type\":\"PropertyValueSpecification\",\"valueRequired\":true,\"valueName\":\"search_term_string\"}}],\"inLanguage\":\"pl-PL\"},{\"@type\":\"Organization\",\"@id\":\"https:\\\/\\\/medtest.stagingservers.net\\\/pl\\\/#organization\",\"name\":\"Medtest\",\"url\":\"https:\\\/\\\/medtest.stagingservers.net\\\/pl\\\/\",\"logo\":{\"@type\":\"ImageObject\",\"inLanguage\":\"pl-PL\",\"@id\":\"https:\\\/\\\/medtest.stagingservers.net\\\/pl\\\/#\\\/schema\\\/logo\\\/image\\\/\",\"url\":\"https:\\\/\\\/medtest.stagingservers.net\\\/wp-content\\\/uploads\\\/2018\\\/11\\\/Original.png\",\"contentUrl\":\"https:\\\/\\\/medtest.stagingservers.net\\\/wp-content\\\/uploads\\\/2018\\\/11\\\/Original.png\",\"width\":1024,\"height\":1024,\"caption\":\"Medtest\"},\"image\":{\"@id\":\"https:\\\/\\\/medtest.stagingservers.net\\\/pl\\\/#\\\/schema\\\/logo\\\/image\\\/\"},\"sameAs\":[\"https:\\\/\\\/www.facebook.com\\\/Medtest-1440779469392476\\\/\"]}]}<\/script>","yoast_head_json":{"title":"Zapalenie w\u0105troby typu C - Medtest.shop","description":"Zapalenie w\u0105troby typu C - Medtest.shop","robots":{"index":"noindex","follow":"follow","max-snippet":"max-snippet:-1","max-image-preview":"max-image-preview:large","max-video-preview":"max-video-preview:-1"},"og_locale":"pl_PL","og_type":"article","og_title":"Zapalenie w\u0105troby typu C - Medtest.shop","og_description":"Zapalenie w\u0105troby typu C - Medtest.shop","og_url":"https:\/\/medtest.stagingservers.net\/pl\/produkt\/zapalenie-watroby-typu-c\/","og_site_name":"Medtest.shop","article_publisher":"https:\/\/www.facebook.com\/Medtest-1440779469392476\/","article_modified_time":"2019-10-09T20:55:59+00:00","og_image":[{"width":2100,"height":1400,"url":"https:\/\/medtest.stagingservers.net\/wp-content\/uploads\/2019\/09\/Hepatitis-C.png","type":"image\/png"}],"twitter_card":"summary_large_image","schema":{"@context":"https:\/\/schema.org","@graph":[{"@type":"WebPage","@id":"https:\/\/medtest.stagingservers.net\/pl\/produkt\/zapalenie-watroby-typu-c\/","url":"https:\/\/medtest.stagingservers.net\/pl\/produkt\/zapalenie-watroby-typu-c\/","name":"Zapalenie w\u0105troby typu C - Medtest.shop","isPartOf":{"@id":"https:\/\/medtest.stagingservers.net\/pl\/#website"},"primaryImageOfPage":{"@id":"https:\/\/medtest.stagingservers.net\/pl\/produkt\/zapalenie-watroby-typu-c\/#primaryimage"},"image":{"@id":"https:\/\/medtest.stagingservers.net\/pl\/produkt\/zapalenie-watroby-typu-c\/#primaryimage"},"thumbnailUrl":"https:\/\/medtest.stagingservers.net\/wp-content\/uploads\/2019\/09\/Hepatitis-C.png","datePublished":"2019-09-02T08:09:54+00:00","dateModified":"2019-10-09T20:55:59+00:00","description":"Zapalenie w\u0105troby typu C - Medtest.shop","breadcrumb":{"@id":"https:\/\/medtest.stagingservers.net\/pl\/produkt\/zapalenie-watroby-typu-c\/#breadcrumb"},"inLanguage":"pl-PL","potentialAction":[{"@type":"ReadAction","target":["https:\/\/medtest.stagingservers.net\/pl\/produkt\/zapalenie-watroby-typu-c\/"]}]},{"@type":"ImageObject","inLanguage":"pl-PL","@id":"https:\/\/medtest.stagingservers.net\/pl\/produkt\/zapalenie-watroby-typu-c\/#primaryimage","url":"https:\/\/medtest.stagingservers.net\/wp-content\/uploads\/2019\/09\/Hepatitis-C.png","contentUrl":"https:\/\/medtest.stagingservers.net\/wp-content\/uploads\/2019\/09\/Hepatitis-C.png","width":2100,"height":1400},{"@type":"BreadcrumbList","@id":"https:\/\/medtest.stagingservers.net\/pl\/produkt\/zapalenie-watroby-typu-c\/#breadcrumb","itemListElement":[{"@type":"ListItem","position":1,"name":"Home","item":"https:\/\/medtest.stagingservers.net\/pl\/"},{"@type":"ListItem","position":2,"name":"Sklep","item":"https:\/\/medtest.stagingservers.net\/pl\/sklep\/"},{"@type":"ListItem","position":3,"name":"Zapalenie w\u0105troby typu C"}]},{"@type":"WebSite","@id":"https:\/\/medtest.stagingservers.net\/pl\/#website","url":"https:\/\/medtest.stagingservers.net\/pl\/","name":"Medtest.shop","description":"","publisher":{"@id":"https:\/\/medtest.stagingservers.net\/pl\/#organization"},"potentialAction":[{"@type":"SearchAction","target":{"@type":"EntryPoint","urlTemplate":"https:\/\/medtest.stagingservers.net\/pl\/?s={search_term_string}"},"query-input":{"@type":"PropertyValueSpecification","valueRequired":true,"valueName":"search_term_string"}}],"inLanguage":"pl-PL"},{"@type":"Organization","@id":"https:\/\/medtest.stagingservers.net\/pl\/#organization","name":"Medtest","url":"https:\/\/medtest.stagingservers.net\/pl\/","logo":{"@type":"ImageObject","inLanguage":"pl-PL","@id":"https:\/\/medtest.stagingservers.net\/pl\/#\/schema\/logo\/image\/","url":"https:\/\/medtest.stagingservers.net\/wp-content\/uploads\/2018\/11\/Original.png","contentUrl":"https:\/\/medtest.stagingservers.net\/wp-content\/uploads\/2018\/11\/Original.png","width":1024,"height":1024,"caption":"Medtest"},"image":{"@id":"https:\/\/medtest.stagingservers.net\/pl\/#\/schema\/logo\/image\/"},"sameAs":["https:\/\/www.facebook.com\/Medtest-1440779469392476\/"]}]}},"_links":{"self":[{"href":"https:\/\/medtest.stagingservers.net\/pl\/wp-json\/wp\/v2\/product\/73279","targetHints":{"allow":["GET"]}}],"collection":[{"href":"https:\/\/medtest.stagingservers.net\/pl\/wp-json\/wp\/v2\/product"}],"about":[{"href":"https:\/\/medtest.stagingservers.net\/pl\/wp-json\/wp\/v2\/types\/product"}],"replies":[{"embeddable":true,"href":"https:\/\/medtest.stagingservers.net\/pl\/wp-json\/wp\/v2\/comments?post=73279"}],"version-history":[{"count":0,"href":"https:\/\/medtest.stagingservers.net\/pl\/wp-json\/wp\/v2\/product\/73279\/revisions"}],"wp:featuredmedia":[{"embeddable":true,"href":"https:\/\/medtest.stagingservers.net\/pl\/wp-json\/wp\/v2\/media\/73882"}],"wp:attachment":[{"href":"https:\/\/medtest.stagingservers.net\/pl\/wp-json\/wp\/v2\/media?parent=73279"}],"wp:term":[{"taxonomy":"product_brand","embeddable":true,"href":"https:\/\/medtest.stagingservers.net\/pl\/wp-json\/wp\/v2\/product_brand?post=73279"},{"taxonomy":"product_cat","embeddable":true,"href":"https:\/\/medtest.stagingservers.net\/pl\/wp-json\/wp\/v2\/product_cat?post=73279"},{"taxonomy":"product_tag","embeddable":true,"href":"https:\/\/medtest.stagingservers.net\/pl\/wp-json\/wp\/v2\/product_tag?post=73279"}],"curies":[{"name":"wp","href":"https:\/\/api.w.org\/{rel}","templated":true}]}}