{"id":73283,"date":"2019-09-02T10:10:59","date_gmt":"2019-09-02T08:10:59","guid":{"rendered":"https:\/\/medtest.stagingservers.net\/product\/plastyczne-zatyczki-do-uszu\/"},"modified":"2019-09-23T15:54:36","modified_gmt":"2019-09-23T13:54:36","slug":"plastyczne-zatyczki-do-uszu","status":"publish","type":"product","link":"https:\/\/medtest.stagingservers.net\/pl\/produkt\/plastyczne-zatyczki-do-uszu\/","title":{"rendered":"Plastyczne zatyczki do uszu"},"content":{"rendered":"<h2>Plastyczne zatyczki do uszu<\/h2>\n<h2><span style=\"font-size: 16px;\">Uformuj zatyczki, aby pasowa\u0142y do Twoich uszu w prosty, szybki i \u0142atwy spos\u00f3b. Zatyczki do uszu chroni\u0105 zar\u00f3wno przed falami d\u017awi\u0119kowymi, jak i wilgoci\u0105. Poniewa\u017c wtyczki zachowuj\u0105 sw\u00f3j kszta\u0142t, mo\u017cna z nich korzysta\u0107 kilka razy. Zatyczki do uszu mo\u017cna my\u0107 w zmywarce do naczy\u0144. Zapobiegaj\u0105 przedostawaniu si\u0119 wody do ucha podczas p\u0142ywania. T\u0142umi\u0105 r\u00f3wnie\u017c d\u017awi\u0119k podczas podr\u00f3\u017cy samolotem lub snu. Mog\u0105 by\u0107 r\u00f3wnie\u017c ponownie u\u017cywane przez d\u0142ugi czas, 10 lat wcale nie jest niezwyk\u0142ym okresem trwa\u0142o\u015bci. Ale przede wszystkim s\u0105 wygodne w u\u017cyciu, poniewa\u017c zosta\u0142y uformowane w Twoim uchu.<\/span><\/h2>\n<p><img loading=\"lazy\" decoding=\"async\" class=\"size-full wp-image-55803 aligncenter\" src=\"https:\/\/medtest.stagingservers.net\/wp-content\/uploads\/2019\/03\/F\u00f6rdelar.png\" alt=\"\" width=\"673\" height=\"174\" srcset=\"https:\/\/medtest.stagingservers.net\/wp-content\/uploads\/2019\/03\/F\u00f6rdelar.png 673w, https:\/\/medtest.stagingservers.net\/wp-content\/uploads\/2019\/03\/F\u00f6rdelar-300x78.png 300w, https:\/\/medtest.stagingservers.net\/wp-content\/uploads\/2019\/03\/F\u00f6rdelar-416x108.png 416w\" sizes=\"auto, (max-width: 673px) 100vw, 673px\" \/><\/p>\n<h4>Korzy\u015bci wynikaj\u0105ce z u\u017cywania naszych unikalnych zatyczek do uszu:<\/h4>\n<ul>\n<li>Formowane wed\u0142ug w\u0142asnych uszu<\/li>\n<li>Trwa\u0142o\u015b\u0107 kszta\u0142tu<\/li>\n<li>Izolacja akustyczna 24 dB<\/li>\n<li>Ochrona przed wod\u0105<\/li>\n<li>Deformacja kompresji &lt;1%<\/li>\n<li>Komfortowe<\/li>\n<li>Wielokrotnego u\u017cytku<\/li>\n<li>Nietoksyczne<\/li>\n<li>Wysy\u0142ka dzisiaj<\/li>\n<li>Gwarancja 100% zadowolenia klienta<\/li>\n<\/ul>\n<h4>Oto jak post\u0119powa\u0107<\/h4>\n<ol>\n<li>Umyj r\u0119ce, nast\u0119pnie podziel mas\u0119 na 4 r\u00f3wne cz\u0119\u015bci. Po\u0142\u0105cz cz\u0119\u015b\u0107 niebieskiego silikonu z cz\u0119\u015bci\u0105 bia\u0142ego, masa jest dobrze po\u0142\u0105czona je\u015bli nie wida\u0107 ju\u017c silikonu w kolorze bia\u0142ym \u2014 po ok. 1 min.<\/li>\n<li>Sta\u0144 przed lustrem i uformuj z masy kulk\u0119. Wprowad\u017a kulk\u0119 do kana\u0142u usznego. Ta czynno\u015b\u0107 nie powinna trwa\u0107 d\u0142u\u017cej ni\u017c 10 sekund.<\/li>\n<li>Uformuj zatyczk\u0119 i usu\u0144 ewentualny nadmiar masy. Uformuj ponownie palcami.\u00a0 Odczekaj 5 min.<\/li>\n<li>Wyjmij zatyczk\u0119 z ucha naciskaj\u0105c ucho od ty\u0142u. Powt\u00f3rz czynno\u015bci z krok\u00f3w 1-4, aby uformowa\u0107 zatyczk\u0119 nr 2.<\/li>\n<\/ol>\n<p><img loading=\"lazy\" decoding=\"async\" class=\"alignnone wp-image-74201 size-medium\" src=\"https:\/\/medtest.stagingservers.net\/wp-content\/uploads\/2019\/09\/UCHO_a-720x503.jpg\" alt=\"\" width=\"720\" height=\"503\" srcset=\"https:\/\/medtest.stagingservers.net\/wp-content\/uploads\/2019\/09\/UCHO_a-720x503.jpg 720w, https:\/\/medtest.stagingservers.net\/wp-content\/uploads\/2019\/09\/UCHO_a-768x537.jpg 768w, https:\/\/medtest.stagingservers.net\/wp-content\/uploads\/2019\/09\/UCHO_a-416x291.jpg 416w, https:\/\/medtest.stagingservers.net\/wp-content\/uploads\/2019\/09\/UCHO_a.jpg 831w\" sizes=\"auto, (max-width: 720px) 100vw, 720px\" \/><\/p>\n<h4>Materia\u0142<\/h4>\n<p>Masa sk\u0142ada si\u0119 z poliwinylosiloksan\u00f3w o niskiej masie cz\u0105steczkowej (PVS). PVS zawiera po\u0142\u0105czone ze sob\u0105 grupy silanowe, tworz\u0105c sie\u0107 \u0142a\u0144cuch\u00f3w, kt\u00f3re nadaj\u0105 materia\u0142owi niepowtarzalny charakter. Przypomina \u201egum\u0119\u201d. PVS jest elastomerem, kt\u00f3ry pozostaje w stanie ustalonym, nawet po zestaleniu si\u0119 masy. Kiedy zatyczki do uszu s\u0105 gotowe, a masa si\u0119 zestali\u0142a, efekt ko\u0144cowy zachowuje dok\u0142adno\u015b\u0107. PVS to bezpieczny materia\u0142, nie dra\u017cni\u0105cy dla pacjent\u00f3w. Jest stosowany w warunkach klinicznych od ponad 30 lat.<\/p>\n<p>Dbaj o kana\u0142y s\u0142uchowe<\/p>\n<p>Mi\u0119kkie i wygodne<\/p>\n<p><img loading=\"lazy\" decoding=\"async\" class=\"wp-image-55805 size-full aligncenter\" src=\"\/wp-content\/uploads\/2019\/03\/Duschning-3.png\" alt=\"\" width=\"1020\" height=\"493\" \/><\/p>\n<p>&nbsp;<\/p>\n<p>Je\u015bli masz pytania dotycz\u0105ce naszych zatyczek do uszu, skontaktuj si\u0119 z nami tutaj. Staramy si\u0119 zachowa\u0107 najlepsz\u0105 mo\u017cliw\u0105 obs\u0142ug\u0119, odpowiadaj\u0105c na wszystkie pytania w ci\u0105gu 24 godzin.<\/p>\n","protected":false},"excerpt":{"rendered":"<p>Uformuj i wymodeluj swoje osobiste zatyczki do uszu w domu w ci\u0105gu 5 minut. Zatyczki do uszu chroni\u0105 zar\u00f3wno przed falami d\u017awi\u0119kowymi, jak i wilgoci\u0105 i zachowuj\u0105 sw\u00f3j kszta\u0142t przez ponad 10 lat. Bardzo wygodna ochrona s\u0142uchu. Zam\u00f3w sobie par\u0119 ju\u017c dzi\u015b.<\/p>\n","protected":false},"featured_media":73287,"comment_status":"closed","ping_status":"closed","template":"","meta":{"_acf_changed":false,"footnotes":""},"product_brand":[],"product_cat":[974],"product_tag":[],"class_list":{"0":"post-73283","1":"product","2":"type-product","3":"status-publish","4":"has-post-thumbnail","6":"product_cat-plastyczne-zatyczki-do-uszu","8":"first","9":"instock","10":"taxable","11":"shipping-taxable","12":"purchasable","13":"product-type-variable"},"acf":[],"yoast_head":"<title>Plastyczne zatyczki do uszu - Medtest.shop<\/title>\n<meta name=\"description\" content=\"Plastyczne zatyczki do uszu - Medtest.shop\" \/>\n<meta name=\"robots\" content=\"noindex, follow, max-snippet:-1, max-image-preview:large, max-video-preview:-1\" \/>\n<meta property=\"og:locale\" content=\"pl_PL\" \/>\n<meta property=\"og:type\" content=\"article\" \/>\n<meta property=\"og:title\" content=\"Plastyczne zatyczki do uszu - Medtest.shop\" \/>\n<meta property=\"og:description\" content=\"Plastyczne zatyczki do uszu - Medtest.shop\" \/>\n<meta property=\"og:url\" content=\"https:\/\/medtest.stagingservers.net\/pl\/produkt\/plastyczne-zatyczki-do-uszu\/\" \/>\n<meta property=\"og:site_name\" content=\"Medtest.shop\" \/>\n<meta property=\"article:publisher\" content=\"https:\/\/www.facebook.com\/Medtest-1440779469392476\/\" \/>\n<meta property=\"article:modified_time\" content=\"2019-09-23T13:54:36+00:00\" \/>\n<meta property=\"og:image\" content=\"https:\/\/medtest.stagingservers.net\/wp-content\/uploads\/2019\/05\/Ear-plug-HS.jpeg\" \/>\n\t<meta property=\"og:image:width\" content=\"2100\" \/>\n\t<meta property=\"og:image:height\" content=\"1400\" \/>\n\t<meta property=\"og:image:type\" content=\"image\/jpeg\" \/>\n<meta name=\"twitter:card\" content=\"summary_large_image\" \/>\n<script type=\"application\/ld+json\" class=\"yoast-schema-graph\">{\"@context\":\"https:\\\/\\\/schema.org\",\"@graph\":[{\"@type\":\"WebPage\",\"@id\":\"https:\\\/\\\/medtest.stagingservers.net\\\/pl\\\/produkt\\\/plastyczne-zatyczki-do-uszu\\\/\",\"url\":\"https:\\\/\\\/medtest.stagingservers.net\\\/pl\\\/produkt\\\/plastyczne-zatyczki-do-uszu\\\/\",\"name\":\"Plastyczne zatyczki do uszu - Medtest.shop\",\"isPartOf\":{\"@id\":\"https:\\\/\\\/medtest.stagingservers.net\\\/pl\\\/#website\"},\"primaryImageOfPage\":{\"@id\":\"https:\\\/\\\/medtest.stagingservers.net\\\/pl\\\/produkt\\\/plastyczne-zatyczki-do-uszu\\\/#primaryimage\"},\"image\":{\"@id\":\"https:\\\/\\\/medtest.stagingservers.net\\\/pl\\\/produkt\\\/plastyczne-zatyczki-do-uszu\\\/#primaryimage\"},\"thumbnailUrl\":\"https:\\\/\\\/medtest.stagingservers.net\\\/wp-content\\\/uploads\\\/2019\\\/05\\\/Ear-plug-HS.jpeg\",\"datePublished\":\"2019-09-02T08:10:59+00:00\",\"dateModified\":\"2019-09-23T13:54:36+00:00\",\"description\":\"Plastyczne zatyczki do uszu - Medtest.shop\",\"breadcrumb\":{\"@id\":\"https:\\\/\\\/medtest.stagingservers.net\\\/pl\\\/produkt\\\/plastyczne-zatyczki-do-uszu\\\/#breadcrumb\"},\"inLanguage\":\"pl-PL\",\"potentialAction\":[{\"@type\":\"ReadAction\",\"target\":[\"https:\\\/\\\/medtest.stagingservers.net\\\/pl\\\/produkt\\\/plastyczne-zatyczki-do-uszu\\\/\"]}]},{\"@type\":\"ImageObject\",\"inLanguage\":\"pl-PL\",\"@id\":\"https:\\\/\\\/medtest.stagingservers.net\\\/pl\\\/produkt\\\/plastyczne-zatyczki-do-uszu\\\/#primaryimage\",\"url\":\"https:\\\/\\\/medtest.stagingservers.net\\\/wp-content\\\/uploads\\\/2019\\\/05\\\/Ear-plug-HS.jpeg\",\"contentUrl\":\"https:\\\/\\\/medtest.stagingservers.net\\\/wp-content\\\/uploads\\\/2019\\\/05\\\/Ear-plug-HS.jpeg\",\"width\":2100,\"height\":1400},{\"@type\":\"BreadcrumbList\",\"@id\":\"https:\\\/\\\/medtest.stagingservers.net\\\/pl\\\/produkt\\\/plastyczne-zatyczki-do-uszu\\\/#breadcrumb\",\"itemListElement\":[{\"@type\":\"ListItem\",\"position\":1,\"name\":\"Home\",\"item\":\"https:\\\/\\\/medtest.stagingservers.net\\\/pl\\\/\"},{\"@type\":\"ListItem\",\"position\":2,\"name\":\"Sklep\",\"item\":\"https:\\\/\\\/medtest.stagingservers.net\\\/pl\\\/sklep\\\/\"},{\"@type\":\"ListItem\",\"position\":3,\"name\":\"Plastyczne zatyczki do uszu\"}]},{\"@type\":\"WebSite\",\"@id\":\"https:\\\/\\\/medtest.stagingservers.net\\\/pl\\\/#website\",\"url\":\"https:\\\/\\\/medtest.stagingservers.net\\\/pl\\\/\",\"name\":\"Medtest.shop\",\"description\":\"\",\"publisher\":{\"@id\":\"https:\\\/\\\/medtest.stagingservers.net\\\/pl\\\/#organization\"},\"potentialAction\":[{\"@type\":\"SearchAction\",\"target\":{\"@type\":\"EntryPoint\",\"urlTemplate\":\"https:\\\/\\\/medtest.stagingservers.net\\\/pl\\\/?s={search_term_string}\"},\"query-input\":{\"@type\":\"PropertyValueSpecification\",\"valueRequired\":true,\"valueName\":\"search_term_string\"}}],\"inLanguage\":\"pl-PL\"},{\"@type\":\"Organization\",\"@id\":\"https:\\\/\\\/medtest.stagingservers.net\\\/pl\\\/#organization\",\"name\":\"Medtest\",\"url\":\"https:\\\/\\\/medtest.stagingservers.net\\\/pl\\\/\",\"logo\":{\"@type\":\"ImageObject\",\"inLanguage\":\"pl-PL\",\"@id\":\"https:\\\/\\\/medtest.stagingservers.net\\\/pl\\\/#\\\/schema\\\/logo\\\/image\\\/\",\"url\":\"https:\\\/\\\/medtest.stagingservers.net\\\/wp-content\\\/uploads\\\/2018\\\/11\\\/Original.png\",\"contentUrl\":\"https:\\\/\\\/medtest.stagingservers.net\\\/wp-content\\\/uploads\\\/2018\\\/11\\\/Original.png\",\"width\":1024,\"height\":1024,\"caption\":\"Medtest\"},\"image\":{\"@id\":\"https:\\\/\\\/medtest.stagingservers.net\\\/pl\\\/#\\\/schema\\\/logo\\\/image\\\/\"},\"sameAs\":[\"https:\\\/\\\/www.facebook.com\\\/Medtest-1440779469392476\\\/\"]}]}<\/script>","yoast_head_json":{"title":"Plastyczne zatyczki do uszu - Medtest.shop","description":"Plastyczne zatyczki do uszu - Medtest.shop","robots":{"index":"noindex","follow":"follow","max-snippet":"max-snippet:-1","max-image-preview":"max-image-preview:large","max-video-preview":"max-video-preview:-1"},"og_locale":"pl_PL","og_type":"article","og_title":"Plastyczne zatyczki do uszu - Medtest.shop","og_description":"Plastyczne zatyczki do uszu - Medtest.shop","og_url":"https:\/\/medtest.stagingservers.net\/pl\/produkt\/plastyczne-zatyczki-do-uszu\/","og_site_name":"Medtest.shop","article_publisher":"https:\/\/www.facebook.com\/Medtest-1440779469392476\/","article_modified_time":"2019-09-23T13:54:36+00:00","og_image":[{"width":2100,"height":1400,"url":"https:\/\/medtest.stagingservers.net\/wp-content\/uploads\/2019\/05\/Ear-plug-HS.jpeg","type":"image\/jpeg"}],"twitter_card":"summary_large_image","schema":{"@context":"https:\/\/schema.org","@graph":[{"@type":"WebPage","@id":"https:\/\/medtest.stagingservers.net\/pl\/produkt\/plastyczne-zatyczki-do-uszu\/","url":"https:\/\/medtest.stagingservers.net\/pl\/produkt\/plastyczne-zatyczki-do-uszu\/","name":"Plastyczne zatyczki do uszu - Medtest.shop","isPartOf":{"@id":"https:\/\/medtest.stagingservers.net\/pl\/#website"},"primaryImageOfPage":{"@id":"https:\/\/medtest.stagingservers.net\/pl\/produkt\/plastyczne-zatyczki-do-uszu\/#primaryimage"},"image":{"@id":"https:\/\/medtest.stagingservers.net\/pl\/produkt\/plastyczne-zatyczki-do-uszu\/#primaryimage"},"thumbnailUrl":"https:\/\/medtest.stagingservers.net\/wp-content\/uploads\/2019\/05\/Ear-plug-HS.jpeg","datePublished":"2019-09-02T08:10:59+00:00","dateModified":"2019-09-23T13:54:36+00:00","description":"Plastyczne zatyczki do uszu - Medtest.shop","breadcrumb":{"@id":"https:\/\/medtest.stagingservers.net\/pl\/produkt\/plastyczne-zatyczki-do-uszu\/#breadcrumb"},"inLanguage":"pl-PL","potentialAction":[{"@type":"ReadAction","target":["https:\/\/medtest.stagingservers.net\/pl\/produkt\/plastyczne-zatyczki-do-uszu\/"]}]},{"@type":"ImageObject","inLanguage":"pl-PL","@id":"https:\/\/medtest.stagingservers.net\/pl\/produkt\/plastyczne-zatyczki-do-uszu\/#primaryimage","url":"https:\/\/medtest.stagingservers.net\/wp-content\/uploads\/2019\/05\/Ear-plug-HS.jpeg","contentUrl":"https:\/\/medtest.stagingservers.net\/wp-content\/uploads\/2019\/05\/Ear-plug-HS.jpeg","width":2100,"height":1400},{"@type":"BreadcrumbList","@id":"https:\/\/medtest.stagingservers.net\/pl\/produkt\/plastyczne-zatyczki-do-uszu\/#breadcrumb","itemListElement":[{"@type":"ListItem","position":1,"name":"Home","item":"https:\/\/medtest.stagingservers.net\/pl\/"},{"@type":"ListItem","position":2,"name":"Sklep","item":"https:\/\/medtest.stagingservers.net\/pl\/sklep\/"},{"@type":"ListItem","position":3,"name":"Plastyczne zatyczki do uszu"}]},{"@type":"WebSite","@id":"https:\/\/medtest.stagingservers.net\/pl\/#website","url":"https:\/\/medtest.stagingservers.net\/pl\/","name":"Medtest.shop","description":"","publisher":{"@id":"https:\/\/medtest.stagingservers.net\/pl\/#organization"},"potentialAction":[{"@type":"SearchAction","target":{"@type":"EntryPoint","urlTemplate":"https:\/\/medtest.stagingservers.net\/pl\/?s={search_term_string}"},"query-input":{"@type":"PropertyValueSpecification","valueRequired":true,"valueName":"search_term_string"}}],"inLanguage":"pl-PL"},{"@type":"Organization","@id":"https:\/\/medtest.stagingservers.net\/pl\/#organization","name":"Medtest","url":"https:\/\/medtest.stagingservers.net\/pl\/","logo":{"@type":"ImageObject","inLanguage":"pl-PL","@id":"https:\/\/medtest.stagingservers.net\/pl\/#\/schema\/logo\/image\/","url":"https:\/\/medtest.stagingservers.net\/wp-content\/uploads\/2018\/11\/Original.png","contentUrl":"https:\/\/medtest.stagingservers.net\/wp-content\/uploads\/2018\/11\/Original.png","width":1024,"height":1024,"caption":"Medtest"},"image":{"@id":"https:\/\/medtest.stagingservers.net\/pl\/#\/schema\/logo\/image\/"},"sameAs":["https:\/\/www.facebook.com\/Medtest-1440779469392476\/"]}]}},"_links":{"self":[{"href":"https:\/\/medtest.stagingservers.net\/pl\/wp-json\/wp\/v2\/product\/73283","targetHints":{"allow":["GET"]}}],"collection":[{"href":"https:\/\/medtest.stagingservers.net\/pl\/wp-json\/wp\/v2\/product"}],"about":[{"href":"https:\/\/medtest.stagingservers.net\/pl\/wp-json\/wp\/v2\/types\/product"}],"replies":[{"embeddable":true,"href":"https:\/\/medtest.stagingservers.net\/pl\/wp-json\/wp\/v2\/comments?post=73283"}],"version-history":[{"count":0,"href":"https:\/\/medtest.stagingservers.net\/pl\/wp-json\/wp\/v2\/product\/73283\/revisions"}],"wp:featuredmedia":[{"embeddable":true,"href":"https:\/\/medtest.stagingservers.net\/pl\/wp-json\/wp\/v2\/media\/73287"}],"wp:attachment":[{"href":"https:\/\/medtest.stagingservers.net\/pl\/wp-json\/wp\/v2\/media?parent=73283"}],"wp:term":[{"taxonomy":"product_brand","embeddable":true,"href":"https:\/\/medtest.stagingservers.net\/pl\/wp-json\/wp\/v2\/product_brand?post=73283"},{"taxonomy":"product_cat","embeddable":true,"href":"https:\/\/medtest.stagingservers.net\/pl\/wp-json\/wp\/v2\/product_cat?post=73283"},{"taxonomy":"product_tag","embeddable":true,"href":"https:\/\/medtest.stagingservers.net\/pl\/wp-json\/wp\/v2\/product_tag?post=73283"}],"curies":[{"name":"wp","href":"https:\/\/api.w.org\/{rel}","templated":true}]}}