{"id":73291,"date":"2019-09-02T10:11:27","date_gmt":"2019-09-02T08:11:27","guid":{"rendered":"https:\/\/medtest.stagingservers.net\/product\/pakiet-zoladkowo-jelitowy\/"},"modified":"2019-09-17T10:07:25","modified_gmt":"2019-09-17T08:07:25","slug":"pakiet-zoladkowo-jelitowy","status":"publish","type":"product","link":"https:\/\/medtest.stagingservers.net\/pl\/produkt\/pakiet-zoladkowo-jelitowy\/","title":{"rendered":"Pakiet \u017co\u0142\u0105dkowo-jelitowy"},"content":{"rendered":"<h2>Test na krew w kale i wrzody \u017co\u0142\u0105dka<\/h2>\n<h4>Test na wrzody \u017co\u0142\u0105dka<\/h4>\n<p>Nasz test na wrzody \u017co\u0142\u0105dka jest szybkim badaniem oznaczonym znakiem CE do wykrywania obecno\u015bci H.Pylori w kale.<\/p>\n<p>B\u00f3l i dyskomfort w g\u00f3rnej cz\u0119\u015bci brzucha s\u0105 stosunkowo cz\u0119stym problemem. Co czwarta osoba mo\u017ce by\u0107 dotkni\u0119ta takimi dolegliwo\u015bciami w pewnym momencie swojego \u017cycia. Cz\u0119stym wyja\u015bnieniem tego jest wrz\u00f3d \u017co\u0142\u0105dka.\u00a0Najcz\u0119stsz\u0105 przyczyn\u0105 wrzod\u00f3w trawiennych jest bakteria Helicobacter pylori. Oko\u0142o 90% os\u00f3b z wrzodami \u017co\u0142\u0105dka nosi bakteri\u0119 Helicobacter pylori. Nasz prosty test domowy mo\u017ce \u0142atwo i szybko wykry\u0107 t\u0119 bakteri\u0119.<\/p>\n<p>Proste domowe badanie mo\u017ce pom\u00f3c z\u0142agodzi\u0107 l\u0119k lub da\u0107 pow\u00f3d do zwr\u00f3cenia si\u0119 o pomoc do lekarza. Pozytywny test (nosisz H. pylori) oznacza, \u017ce powiniene\u015b zwr\u00f3ci\u0107 si\u0119 do lekarza i uzyska\u0107 odpowiednie leczenie, co jest wa\u017cne, poniewa\u017c ten rodzaj wrzod\u00f3w \u017co\u0142\u0105dka mo\u017ce prowadzi\u0107 do powa\u017cnych chor\u00f3b, takich jak rak.<\/p>\n<p>Test wykrywa specyficzne antygeny w kale, co pozwala na ustalenie obecno\u015bci bakterii.<\/p>\n<h4>Test na krew utajon\u0105 w kale (FOB)<\/h4>\n<p>Nasz test jelit FOB to szybki test z oznaczeniem CE do wykrywania ukrytej krwi w kale, kt\u00f3ry zapewnia wczesne ostrze\u017cenie.<\/p>\n<p>Wiele chor\u00f3b mo\u017ce by\u0107 przyczyn\u0105 ukrytej krwi w kale, znan\u0105 jako ka\u0142owa krew utajona (FOB \u2014 Fecal Occult Blood). We wczesnych stadiach problemy \u017co\u0142\u0105dkowo-jelitowe, takie jak rak jelit, wrzody, polipy, zapalenie jelita grubego, zapalenie uchy\u0142k\u00f3w i p\u0119kni\u0119cia nie daj\u0105 \u017cadnych widocznych objaw\u00f3w, poza krwawieniem. Nasz test jest szybkim testem jako\u015bciowo wykrywaj\u0105cym nawet niskie poziomy krwi w kale. W te\u015bcie wykorzystano test podw\u00f3jnego przeciwcia\u0142a do selektywnego wykrywania krwi przy 50 ng\/ml lub wy\u017cszej, lub 6 \u00b5g\/g ka\u0142u. Ponadto, w przeciwie\u0144stwie do innych analiz, dieta, kt\u00f3r\u0105 stosujesz, nie wp\u0142ywa na dok\u0142adno\u015b\u0107 testu.<\/p>\n<p><strong>Oto jak post\u0119powa\u0107:<\/strong><\/p>\n<ol>\n<li>Zbierz pr\u00f3bki ka\u0142u w kolektorze ka\u0142u. U\u017cyj kolektora na ka\u0142 we wszystkich rodzajach toalet, aby unikn\u0105\u0107 zanieczyszczenia pr\u00f3bki.<\/li>\n<li>Odkr\u0119\u0107 zakr\u0119tk\u0119 prob\u00f3wki do pobierania pr\u00f3bek i losowo wetknij aplikator do pr\u00f3bki ka\u0142u w co najmniej 3 r\u00f3\u017cnych miejscach. Nie nale\u017cy pobiera\u0107 pr\u00f3bki ka\u0142u. Dokr\u0119\u0107 i zabezpiecz nasadk\u0119 prob\u00f3wki do pobierania pr\u00f3bek i energicznie wstrz\u0105\u015bnij prob\u00f3wk\u0105 do pobierania pr\u00f3bek, aby wymiesza\u0107 pr\u00f3bk\u0119 z buforem do ekstrakcji.<\/li>\n<li>Wyjmij test kasetowy z torebki foliowej i u\u017cyj go w mo\u017cliwie najkr\u00f3tszym terminie. Najlepsze wyniki uzyskuje si\u0119, je\u015bli badanie zostanie przeprowadzone natychmiast po otwarciu torebki foliowej.<\/li>\n<li>Przytrzymaj prob\u00f3wk\u0119 do pobierania pr\u00f3bek pionowo i otw\u00f3rz korek. Odwr\u00f3\u0107 prob\u00f3wk\u0119 do g\u00f3ry nogami i przenie\u015b 2 ca\u0142e krople do wk\u0142adu testowego (S), a nast\u0119pnie uruchom stoper. Zobacz ilustracj\u0119 poni\u017cej.<\/li>\n<li>Odczytaj wyniki po 5 minutach. Nie czytaj wynik\u00f3w po 10 minutach.<\/li>\n<\/ol>\n<p><img loading=\"lazy\" decoding=\"async\" class=\"alignnone wp-image-74168 size-medium\" src=\"https:\/\/medtest.stagingservers.net\/wp-content\/uploads\/2019\/09\/Locket-720x219.jpg\" alt=\"\" width=\"720\" height=\"219\" srcset=\"https:\/\/medtest.stagingservers.net\/wp-content\/uploads\/2019\/09\/Locket-720x219.jpg 720w, https:\/\/medtest.stagingservers.net\/wp-content\/uploads\/2019\/09\/Locket-768x234.jpg 768w, https:\/\/medtest.stagingservers.net\/wp-content\/uploads\/2019\/09\/Locket-416x127.jpg 416w, https:\/\/medtest.stagingservers.net\/wp-content\/uploads\/2019\/09\/Locket.jpg 979w\" sizes=\"auto, (max-width: 720px) 100vw, 720px\" \/><\/p>\n<h4>Wynik<\/h4>\n<p><img loading=\"lazy\" decoding=\"async\" class=\"alignnone wp-image-74032 size-full\" src=\"https:\/\/medtest.stagingservers.net\/wp-content\/uploads\/2019\/09\/Dok3_OO_trzyczwarte.jpg\" alt=\"\" width=\"246\" height=\"181\" \/><\/p>\n<p>Kiedy zobaczysz kreski przy C i T, jest to wynik pozytywny. Je\u015bli widzisz kresk\u0119 tylko przy C wynik jest ujemny. Linia kontrolna (C) dzia\u0142a jako kontrola jako\u015bci, kt\u00f3ra zapewnia, \u017ce kaseta dzia\u0142a poprawnie.<\/p>\n<p>C = Control (Kontrolla)<br \/>\nT = Test<br \/>\nS = Sample (Pr\u00f3bka)<\/p>\n<p>Instrukcja jest do\u0142\u0105czona do produktu.<\/p>\n","protected":false},"excerpt":{"rendered":"<p>Domowy test na krew w kale (FOB) i wrzody \u017co\u0142\u0105dka (H.Pylori). Znak CE. Uzyskaj wynik w 10 minut. Szybka dostawa.<\/p>\n","protected":false},"featured_media":73871,"comment_status":"closed","ping_status":"closed","template":"","meta":{"_acf_changed":false,"footnotes":""},"product_brand":[],"product_cat":[981,975,986],"product_tag":[],"class_list":{"0":"post-73291","1":"product","2":"type-product","3":"status-publish","4":"has-post-thumbnail","6":"product_cat-krew-w-stolcu","7":"product_cat-oferta-pakietow","8":"product_cat-wrzody-zoladka","10":"first","11":"instock","12":"taxable","13":"shipping-taxable","14":"purchasable","15":"product-type-simple"},"acf":[],"yoast_head":"<title>Pakiet \u017co\u0142\u0105dkowo-jelitowy - Medtest.shop<\/title>\n<meta name=\"description\" content=\"Pakiet \u017co\u0142\u0105dkowo-jelitowy - Medtest.shop\" \/>\n<meta name=\"robots\" content=\"noindex, follow, max-snippet:-1, max-image-preview:large, max-video-preview:-1\" \/>\n<meta property=\"og:locale\" content=\"pl_PL\" \/>\n<meta property=\"og:type\" content=\"article\" \/>\n<meta property=\"og:title\" content=\"Pakiet \u017co\u0142\u0105dkowo-jelitowy - Medtest.shop\" \/>\n<meta property=\"og:description\" content=\"Pakiet \u017co\u0142\u0105dkowo-jelitowy - Medtest.shop\" \/>\n<meta property=\"og:url\" content=\"https:\/\/medtest.stagingservers.net\/pl\/produkt\/pakiet-zoladkowo-jelitowy\/\" \/>\n<meta property=\"og:site_name\" content=\"Medtest.shop\" \/>\n<meta property=\"article:publisher\" content=\"https:\/\/www.facebook.com\/Medtest-1440779469392476\/\" \/>\n<meta property=\"article:modified_time\" content=\"2019-09-17T08:07:25+00:00\" \/>\n<meta property=\"og:image\" content=\"https:\/\/medtest.stagingservers.net\/wp-content\/uploads\/2019\/09\/Stamoch-Intestine.png\" \/>\n\t<meta property=\"og:image:width\" content=\"951\" \/>\n\t<meta property=\"og:image:height\" content=\"575\" \/>\n\t<meta property=\"og:image:type\" content=\"image\/png\" \/>\n<meta name=\"twitter:card\" content=\"summary_large_image\" \/>\n<script type=\"application\/ld+json\" class=\"yoast-schema-graph\">{\"@context\":\"https:\\\/\\\/schema.org\",\"@graph\":[{\"@type\":\"WebPage\",\"@id\":\"https:\\\/\\\/medtest.stagingservers.net\\\/pl\\\/produkt\\\/pakiet-zoladkowo-jelitowy\\\/\",\"url\":\"https:\\\/\\\/medtest.stagingservers.net\\\/pl\\\/produkt\\\/pakiet-zoladkowo-jelitowy\\\/\",\"name\":\"Pakiet \u017co\u0142\u0105dkowo-jelitowy - Medtest.shop\",\"isPartOf\":{\"@id\":\"https:\\\/\\\/medtest.stagingservers.net\\\/pl\\\/#website\"},\"primaryImageOfPage\":{\"@id\":\"https:\\\/\\\/medtest.stagingservers.net\\\/pl\\\/produkt\\\/pakiet-zoladkowo-jelitowy\\\/#primaryimage\"},\"image\":{\"@id\":\"https:\\\/\\\/medtest.stagingservers.net\\\/pl\\\/produkt\\\/pakiet-zoladkowo-jelitowy\\\/#primaryimage\"},\"thumbnailUrl\":\"https:\\\/\\\/medtest.stagingservers.net\\\/wp-content\\\/uploads\\\/2019\\\/09\\\/Stamoch-Intestine.png\",\"datePublished\":\"2019-09-02T08:11:27+00:00\",\"dateModified\":\"2019-09-17T08:07:25+00:00\",\"description\":\"Pakiet \u017co\u0142\u0105dkowo-jelitowy - Medtest.shop\",\"breadcrumb\":{\"@id\":\"https:\\\/\\\/medtest.stagingservers.net\\\/pl\\\/produkt\\\/pakiet-zoladkowo-jelitowy\\\/#breadcrumb\"},\"inLanguage\":\"pl-PL\",\"potentialAction\":[{\"@type\":\"ReadAction\",\"target\":[\"https:\\\/\\\/medtest.stagingservers.net\\\/pl\\\/produkt\\\/pakiet-zoladkowo-jelitowy\\\/\"]}]},{\"@type\":\"ImageObject\",\"inLanguage\":\"pl-PL\",\"@id\":\"https:\\\/\\\/medtest.stagingservers.net\\\/pl\\\/produkt\\\/pakiet-zoladkowo-jelitowy\\\/#primaryimage\",\"url\":\"https:\\\/\\\/medtest.stagingservers.net\\\/wp-content\\\/uploads\\\/2019\\\/09\\\/Stamoch-Intestine.png\",\"contentUrl\":\"https:\\\/\\\/medtest.stagingservers.net\\\/wp-content\\\/uploads\\\/2019\\\/09\\\/Stamoch-Intestine.png\",\"width\":951,\"height\":575},{\"@type\":\"BreadcrumbList\",\"@id\":\"https:\\\/\\\/medtest.stagingservers.net\\\/pl\\\/produkt\\\/pakiet-zoladkowo-jelitowy\\\/#breadcrumb\",\"itemListElement\":[{\"@type\":\"ListItem\",\"position\":1,\"name\":\"Home\",\"item\":\"https:\\\/\\\/medtest.stagingservers.net\\\/pl\\\/\"},{\"@type\":\"ListItem\",\"position\":2,\"name\":\"Sklep\",\"item\":\"https:\\\/\\\/medtest.stagingservers.net\\\/pl\\\/sklep\\\/\"},{\"@type\":\"ListItem\",\"position\":3,\"name\":\"Pakiet \u017co\u0142\u0105dkowo-jelitowy\"}]},{\"@type\":\"WebSite\",\"@id\":\"https:\\\/\\\/medtest.stagingservers.net\\\/pl\\\/#website\",\"url\":\"https:\\\/\\\/medtest.stagingservers.net\\\/pl\\\/\",\"name\":\"Medtest.shop\",\"description\":\"\",\"publisher\":{\"@id\":\"https:\\\/\\\/medtest.stagingservers.net\\\/pl\\\/#organization\"},\"potentialAction\":[{\"@type\":\"SearchAction\",\"target\":{\"@type\":\"EntryPoint\",\"urlTemplate\":\"https:\\\/\\\/medtest.stagingservers.net\\\/pl\\\/?s={search_term_string}\"},\"query-input\":{\"@type\":\"PropertyValueSpecification\",\"valueRequired\":true,\"valueName\":\"search_term_string\"}}],\"inLanguage\":\"pl-PL\"},{\"@type\":\"Organization\",\"@id\":\"https:\\\/\\\/medtest.stagingservers.net\\\/pl\\\/#organization\",\"name\":\"Medtest\",\"url\":\"https:\\\/\\\/medtest.stagingservers.net\\\/pl\\\/\",\"logo\":{\"@type\":\"ImageObject\",\"inLanguage\":\"pl-PL\",\"@id\":\"https:\\\/\\\/medtest.stagingservers.net\\\/pl\\\/#\\\/schema\\\/logo\\\/image\\\/\",\"url\":\"https:\\\/\\\/medtest.stagingservers.net\\\/wp-content\\\/uploads\\\/2018\\\/11\\\/Original.png\",\"contentUrl\":\"https:\\\/\\\/medtest.stagingservers.net\\\/wp-content\\\/uploads\\\/2018\\\/11\\\/Original.png\",\"width\":1024,\"height\":1024,\"caption\":\"Medtest\"},\"image\":{\"@id\":\"https:\\\/\\\/medtest.stagingservers.net\\\/pl\\\/#\\\/schema\\\/logo\\\/image\\\/\"},\"sameAs\":[\"https:\\\/\\\/www.facebook.com\\\/Medtest-1440779469392476\\\/\"]}]}<\/script>","yoast_head_json":{"title":"Pakiet \u017co\u0142\u0105dkowo-jelitowy - Medtest.shop","description":"Pakiet \u017co\u0142\u0105dkowo-jelitowy - Medtest.shop","robots":{"index":"noindex","follow":"follow","max-snippet":"max-snippet:-1","max-image-preview":"max-image-preview:large","max-video-preview":"max-video-preview:-1"},"og_locale":"pl_PL","og_type":"article","og_title":"Pakiet \u017co\u0142\u0105dkowo-jelitowy - Medtest.shop","og_description":"Pakiet \u017co\u0142\u0105dkowo-jelitowy - Medtest.shop","og_url":"https:\/\/medtest.stagingservers.net\/pl\/produkt\/pakiet-zoladkowo-jelitowy\/","og_site_name":"Medtest.shop","article_publisher":"https:\/\/www.facebook.com\/Medtest-1440779469392476\/","article_modified_time":"2019-09-17T08:07:25+00:00","og_image":[{"width":951,"height":575,"url":"https:\/\/medtest.stagingservers.net\/wp-content\/uploads\/2019\/09\/Stamoch-Intestine.png","type":"image\/png"}],"twitter_card":"summary_large_image","schema":{"@context":"https:\/\/schema.org","@graph":[{"@type":"WebPage","@id":"https:\/\/medtest.stagingservers.net\/pl\/produkt\/pakiet-zoladkowo-jelitowy\/","url":"https:\/\/medtest.stagingservers.net\/pl\/produkt\/pakiet-zoladkowo-jelitowy\/","name":"Pakiet \u017co\u0142\u0105dkowo-jelitowy - Medtest.shop","isPartOf":{"@id":"https:\/\/medtest.stagingservers.net\/pl\/#website"},"primaryImageOfPage":{"@id":"https:\/\/medtest.stagingservers.net\/pl\/produkt\/pakiet-zoladkowo-jelitowy\/#primaryimage"},"image":{"@id":"https:\/\/medtest.stagingservers.net\/pl\/produkt\/pakiet-zoladkowo-jelitowy\/#primaryimage"},"thumbnailUrl":"https:\/\/medtest.stagingservers.net\/wp-content\/uploads\/2019\/09\/Stamoch-Intestine.png","datePublished":"2019-09-02T08:11:27+00:00","dateModified":"2019-09-17T08:07:25+00:00","description":"Pakiet \u017co\u0142\u0105dkowo-jelitowy - Medtest.shop","breadcrumb":{"@id":"https:\/\/medtest.stagingservers.net\/pl\/produkt\/pakiet-zoladkowo-jelitowy\/#breadcrumb"},"inLanguage":"pl-PL","potentialAction":[{"@type":"ReadAction","target":["https:\/\/medtest.stagingservers.net\/pl\/produkt\/pakiet-zoladkowo-jelitowy\/"]}]},{"@type":"ImageObject","inLanguage":"pl-PL","@id":"https:\/\/medtest.stagingservers.net\/pl\/produkt\/pakiet-zoladkowo-jelitowy\/#primaryimage","url":"https:\/\/medtest.stagingservers.net\/wp-content\/uploads\/2019\/09\/Stamoch-Intestine.png","contentUrl":"https:\/\/medtest.stagingservers.net\/wp-content\/uploads\/2019\/09\/Stamoch-Intestine.png","width":951,"height":575},{"@type":"BreadcrumbList","@id":"https:\/\/medtest.stagingservers.net\/pl\/produkt\/pakiet-zoladkowo-jelitowy\/#breadcrumb","itemListElement":[{"@type":"ListItem","position":1,"name":"Home","item":"https:\/\/medtest.stagingservers.net\/pl\/"},{"@type":"ListItem","position":2,"name":"Sklep","item":"https:\/\/medtest.stagingservers.net\/pl\/sklep\/"},{"@type":"ListItem","position":3,"name":"Pakiet \u017co\u0142\u0105dkowo-jelitowy"}]},{"@type":"WebSite","@id":"https:\/\/medtest.stagingservers.net\/pl\/#website","url":"https:\/\/medtest.stagingservers.net\/pl\/","name":"Medtest.shop","description":"","publisher":{"@id":"https:\/\/medtest.stagingservers.net\/pl\/#organization"},"potentialAction":[{"@type":"SearchAction","target":{"@type":"EntryPoint","urlTemplate":"https:\/\/medtest.stagingservers.net\/pl\/?s={search_term_string}"},"query-input":{"@type":"PropertyValueSpecification","valueRequired":true,"valueName":"search_term_string"}}],"inLanguage":"pl-PL"},{"@type":"Organization","@id":"https:\/\/medtest.stagingservers.net\/pl\/#organization","name":"Medtest","url":"https:\/\/medtest.stagingservers.net\/pl\/","logo":{"@type":"ImageObject","inLanguage":"pl-PL","@id":"https:\/\/medtest.stagingservers.net\/pl\/#\/schema\/logo\/image\/","url":"https:\/\/medtest.stagingservers.net\/wp-content\/uploads\/2018\/11\/Original.png","contentUrl":"https:\/\/medtest.stagingservers.net\/wp-content\/uploads\/2018\/11\/Original.png","width":1024,"height":1024,"caption":"Medtest"},"image":{"@id":"https:\/\/medtest.stagingservers.net\/pl\/#\/schema\/logo\/image\/"},"sameAs":["https:\/\/www.facebook.com\/Medtest-1440779469392476\/"]}]}},"_links":{"self":[{"href":"https:\/\/medtest.stagingservers.net\/pl\/wp-json\/wp\/v2\/product\/73291","targetHints":{"allow":["GET"]}}],"collection":[{"href":"https:\/\/medtest.stagingservers.net\/pl\/wp-json\/wp\/v2\/product"}],"about":[{"href":"https:\/\/medtest.stagingservers.net\/pl\/wp-json\/wp\/v2\/types\/product"}],"replies":[{"embeddable":true,"href":"https:\/\/medtest.stagingservers.net\/pl\/wp-json\/wp\/v2\/comments?post=73291"}],"version-history":[{"count":0,"href":"https:\/\/medtest.stagingservers.net\/pl\/wp-json\/wp\/v2\/product\/73291\/revisions"}],"wp:featuredmedia":[{"embeddable":true,"href":"https:\/\/medtest.stagingservers.net\/pl\/wp-json\/wp\/v2\/media\/73871"}],"wp:attachment":[{"href":"https:\/\/medtest.stagingservers.net\/pl\/wp-json\/wp\/v2\/media?parent=73291"}],"wp:term":[{"taxonomy":"product_brand","embeddable":true,"href":"https:\/\/medtest.stagingservers.net\/pl\/wp-json\/wp\/v2\/product_brand?post=73291"},{"taxonomy":"product_cat","embeddable":true,"href":"https:\/\/medtest.stagingservers.net\/pl\/wp-json\/wp\/v2\/product_cat?post=73291"},{"taxonomy":"product_tag","embeddable":true,"href":"https:\/\/medtest.stagingservers.net\/pl\/wp-json\/wp\/v2\/product_tag?post=73291"}],"curies":[{"name":"wp","href":"https:\/\/api.w.org\/{rel}","templated":true}]}}