{"id":73293,"date":"2019-09-02T10:12:12","date_gmt":"2019-09-02T08:12:12","guid":{"rendered":"https:\/\/medtest.stagingservers.net\/product\/testy-na-niedobor-zelaza-problemy-z-tarczyca-wrzody-zoladka\/"},"modified":"2019-09-23T17:47:54","modified_gmt":"2019-09-23T15:47:54","slug":"testy-na-niedobor-zelaza-problemy-z-tarczyca-wrzody-zoladka","status":"publish","type":"product","link":"https:\/\/medtest.stagingservers.net\/pl\/produkt\/testy-na-niedobor-zelaza-problemy-z-tarczyca-wrzody-zoladka\/","title":{"rendered":"Testy na niedob\u00f3r \u017celaza, problemy z tarczyc\u0105 i wrzody \u017co\u0142\u0105dka"},"content":{"rendered":"<h2>Test na niedob\u00f3r \u017celaza, problemy z tarczyc\u0105 i wrzody \u017co\u0142\u0105dka<\/h2>\n<h4><\/h4>\n<h4>Test tarczycy<\/h4>\n<p>Czy odczuwasz takie objawy, jak zm\u0119czenie, depresja i utrata energii, l\u0119k, stres wewn\u0119trzny i og\u00f3lne z\u0142e samopoczucie? Mo\u017ce to by\u0107 spowodowane tarczyc\u0105. Dzi\u0119ki naszemu testowi tarczycy mo\u017cesz sprawdzi\u0107 stan swojego samopoczucia. Tarczyca znajduje si\u0119 pod krtani\u0105 z przodu szyi i ma du\u017cy wp\u0142yw na nasze samopoczucie i zdolno\u015bci fizyczne, poniewa\u017c tarczyca kontroluje metabolizm organizmu. Dlatego odgrywa wa\u017cn\u0105 rol\u0119 w poprawie samopoczucia.<\/p>\n<p>Nasz test mo\u017ce da\u0107 odpowied\u017a, dlaczego si\u0119 czujesz, tak jak si\u0119 czujesz. Je\u015bli zachodzi niedoczynno\u015b\u0107 tarczycy, to ma to wp\u0142yw na poziom hormonu stymuluj\u0105cego tarczyc\u0119 (TSH) we krwi. Mo\u017cesz samodzielnie zmierzy\u0107 poziom tego hormonu za pomoc\u0105 naszego testu tarczycy wykonanego poprzez proste i bezbolesne nak\u0142ucie opuszka palca. Test zajmuje tylko 10-15 minut i daje szybki i prosty wynik dotycz\u0105cy stanu tarczycy. Nasz test tarczycy daje wynik pozytywny, gdy poziom TSH jest wy\u017cszy ni\u017c 5 \u03bcIU\/ml.<\/p>\n<p>Nasz test tarczycy jest bardzo bezpieczny i ma znak CE. Ponadto test ma wiarygodno\u015b\u0107 95,5%.<\/p>\n<p><strong>Po co przeprowadza\u0107 testy?<\/strong><\/p>\n<p>Wykrywanie choroby tarczycy wy\u0142\u0105cznie na podstawie jej objaw\u00f3w mo\u017ce by\u0107 trudne, poniewa\u017c najcz\u0119stsze objawy wyst\u0119puj\u0105 powszechnie. Ale dzi\u0119ki badaniu tarczycy otrzymujesz wyra\u017an\u0105 informacj\u0119, czy spadek wagi\/zm\u0119czenie\/apatia\/zawroty g\u0142owy s\u0105 spowodowane zaburzeniami czynno\u015bci tarczycy. W rezultacie oznacza to, \u017ce mo\u017cesz szybciej poszuka\u0107 porady lekarskiej i uzyska\u0107 odpowiednie leczenie, co jest wa\u017cne, poniewa\u017c niekt\u00f3re choroby tarczycy mog\u0105 powodowa\u0107 powa\u017cne komplikacje.<\/p>\n<h4>Test na niedob\u00f3r \u017celaza<\/h4>\n<p>Nasz test niedoboru \u017celaza jest testem zatwierdzonym przez CE, kt\u00f3ry mierzy poziom bia\u0142ka <em>ferrytyny<\/em>\u00a0 we krwi, kt\u00f3ry jest wprost proporcjonalny do poziomu \u017celaza, i jest bardzo bezpieczny. To korzystaj\u0105c z tego bia\u0142ka cia\u0142o mo\u017ce magazynowa\u0107 \u017celazo, gdy\u017c ferrytyna wi\u0105\u017ce si\u0119 z \u017celazem. Badaj\u0105c warto\u015b\u0107 ferrytyny we krwi, mo\u017cna dowiedzie\u0107 si\u0119, jak wygl\u0105daj\u0105 zapasy \u017celaza w organizmie.<\/p>\n<p>Test polega na nak\u0142uciu opuszka palca i zajmuje tylko kilka minut. Otrzymasz b\u0142yskawiczna odpowied\u017a, czy poziom \u017celaza jest w normie, czy jest zbyt niski. Sam wykonasz test niedoboru \u017celaza, a wynik widzisz natychmiast.<\/p>\n<p><strong>Co jest przyczyn\u0105 niedoboru \u017celaza?<\/strong><\/p>\n<p>Niedob\u00f3r \u017celaza mo\u017ce by\u0107 spowodowany wieloma czynnikami, takimi jak ci\u0119\u017cka miesi\u0105czka, wrz\u00f3d trawienny, choroba jelit lub inne stany, takie jak dojrzewanie i ci\u0105\u017ca. Ponadto, je\u015bli straci\u0142e\u015b(-a\u015b) du\u017co krwi w wyniku wypadku, mo\u017ce to r\u00f3wnie\u017c by\u0107 przyczyn\u0105 niedoboru \u017celaza. Z regu\u0142y niedob\u00f3r \u017celaza nie zagra\u017ca \u017cyciu, ale pogarsza jego jako\u015b\u0107.<\/p>\n<p>W okresie dojrzewania wyst\u0119puje szybsze tempo wzrostu, podczas gdy dieta mo\u017ce by\u0107 czasami jednostronna i s\u0142abo od\u017cywcza. Dla m\u0142odych kobiet miesi\u0105czka stanowi r\u00f3wnie\u017c dodatkowy czynnik ryzyka. Istniej\u0105 dowody na to, \u017ce dzieci w wieku szkolnym z niedoborem \u017celaza mog\u0105 osi\u0105gn\u0105\u0107 lepsz\u0105 zdolno\u015b\u0107 poznawcz\u0105, je\u015bli ich dieta jest uzupe\u0142niana suplementami \u017celaza. Urz\u0105d ds. \u017bywno\u015bci i Lek\u00f3w (FDA) zaleca 9 mg\/dzie\u0144 dla m\u0119\u017cczyzn i 15 mg\/dzie\u0144 dla kobiet miesi\u0105czkuj\u0105cych, co odpowiada oko\u0142o 0,1-0,3 mg\/kg.<\/p>\n<p>Niedob\u00f3r \u017celaza mo\u017cna \u0142atwo uzupe\u0142ni\u0107 po jego zdiagnozowaniu. W wielu przypadkach dodatkowe uzupe\u0142nienie \u017celaza wystarcza na kr\u00f3tszy lub d\u0142u\u017cszy okres. Jednak po pozytywnym wyniku testu zalecamy skonsultowanie z lekarzem lub z po\u0142o\u017cn\u0105 ewentualnej suplementacji \u017celaza. Ale je\u015bli powodem niedoboru jest choroba, wymagane jest podj\u0119cie innego leczenia. Nasz test niedoboru \u017celaza daje wynik dodatni, gdy poziom \u017celaza jest poni\u017cej 30 ng\/ml.<\/p>\n<p><strong>Opis Niedoczynno\u015b\u0107 tarczycy i niedob\u00f3r \u017celaza:<\/strong><\/p>\n<p><img loading=\"lazy\" decoding=\"async\" class=\"alignnone size-full wp-image-55553\" src=\"\/wp-content\/uploads\/2019\/03\/PSA-procedur.png\" alt=\"PSA procedur\" width=\"1455\" height=\"467\" srcset=\"https:\/\/medtest.stagingservers.net\/wp-content\/uploads\/2019\/03\/PSA-procedur.png 1455w, https:\/\/medtest.stagingservers.net\/wp-content\/uploads\/2019\/03\/PSA-procedur-720x231.png 720w, https:\/\/medtest.stagingservers.net\/wp-content\/uploads\/2019\/03\/PSA-procedur-1200x385.png 1200w, https:\/\/medtest.stagingservers.net\/wp-content\/uploads\/2019\/03\/PSA-procedur-768x246.png 768w, https:\/\/medtest.stagingservers.net\/wp-content\/uploads\/2019\/03\/PSA-procedur-416x134.png 416w, https:\/\/medtest.stagingservers.net\/wp-content\/uploads\/2019\/03\/PSA-procedur-300x96.png 300w, https:\/\/medtest.stagingservers.net\/wp-content\/uploads\/2019\/03\/PSA-procedur-1024x329.png 1024w\" sizes=\"auto, (max-width: 1455px) 100vw, 1455px\" \/><\/p>\n<ol>\n<li>Oczy\u015b\u0107 palec za pomoc\u0105 serwetki do czyszczenia z alkoholem.<\/li>\n<li>Nast\u0119pnie nak\u0142uj opuszek palca lancetem<\/li>\n<li>Pipet\u0105 zassij 2-3 krople krwi.<\/li>\n<li>Upu\u015b\u0107 1-2 krople krwi do otworu w kasecie testowej (S).<\/li>\n<li>Nast\u0119pnie upu\u015b\u0107 1 kropl\u0119 do buforu.<\/li>\n<li>Poczekaj 5 minut, aby odczyta\u0107 wynik<\/li>\n<\/ol>\n<h4>Test na wrzody \u017co\u0142\u0105dka<\/h4>\n<p>Nasz test na wrzody \u017co\u0142\u0105dka jest szybkim badaniem oznaczonym znakiem CE do wykrywania obecno\u015bci H.Pylori w kale.<\/p>\n<p>B\u00f3l i dyskomfort w g\u00f3rnej cz\u0119\u015bci brzucha s\u0105 stosunkowo cz\u0119stym problemem. Co czwarta osoba mo\u017ce by\u0107 dotkni\u0119ta takimi dolegliwo\u015bciami w pewnym momencie swojego \u017cycia. Cz\u0119stym wyja\u015bnieniem tych dolegliwo\u015bci jest wrz\u00f3d \u017co\u0142\u0105dka. Ponadto stwierdzono, \u017ce najcz\u0119stsz\u0105 przyczyn\u0105 wrzod\u00f3w trawiennych jest obecno\u015b\u0107 bakterii Helicobacter pylori. Wykryj bakterie H. Pylori szybko i \u0142atwo. W 90% przypadk\u00f3w bakteria ta powoduje zaburzenia \u017co\u0142\u0105dka.<\/p>\n<p>Prosty test mo\u017ce pom\u00f3c z\u0142agodzi\u0107 l\u0119ki lub da\u0107 pow\u00f3d do zwr\u00f3cenia si\u0119 o pomoc do lekarza. Pozytywny test (nosisz H.pylori) oznacza, \u017ce powiniene\u015b zwr\u00f3ci\u0107 si\u0119 do lekarza i uzyska\u0107 odpowiednie leczenie, co jest wa\u017cne, poniewa\u017c ten rodzaj wrzod\u00f3w \u017co\u0142\u0105dka mo\u017ce prowadzi\u0107 do powa\u017cnych chor\u00f3b, takich jak rak.<\/p>\n<p>Test wykrywa specyficzne antygeny w kale, co pozwala na ustalenie obecno\u015bci bakterii H.Pylori.<\/p>\n<p><strong>\u00a0<\/strong><\/p>\n<p><strong>Opis:<\/strong><\/p>\n<ol>\n<li>Zbierz pr\u00f3bki ka\u0142u w kolektorze ka\u0142u. U\u017cyj kolektora na ka\u0142 we wszystkich rodzajach toalet, aby unikn\u0105\u0107 zanieczyszczenia pr\u00f3bki.<\/li>\n<li>Odkr\u0119\u0107 zakr\u0119tk\u0119 prob\u00f3wki do pobierania pr\u00f3bek i losowo wetknij aplikator do pr\u00f3bki ka\u0142u w co najmniej 3 r\u00f3\u017cnych miejscach. Nie nale\u017cy pobiera\u0107 pr\u00f3bki ka\u0142u. Dokr\u0119\u0107 i zabezpiecz nasadk\u0119 prob\u00f3wki do pobierania pr\u00f3bek i energicznie wstrz\u0105\u015bnij prob\u00f3wk\u0105 do pobierania pr\u00f3bek, aby wymiesza\u0107 pr\u00f3bk\u0119 z buforem do ekstrakcji.<\/li>\n<li>Wyjmij test kasetowy z torebki foliowej i u\u017cyj go w mo\u017cliwie najkr\u00f3tszym czasie. Najlepsze wyniki zostan\u0105 uzyskane, je\u015bli badanie zostanie przeprowadzone natychmiast po otwarciu torebki foliowej.<\/li>\n<li>Przytrzymaj prob\u00f3wk\u0119 do pobierania pr\u00f3bek pionowo i otw\u00f3rz korek. Odwr\u00f3\u0107 prob\u00f3wk\u0119 do g\u00f3ry nogami i przenie\u015b 2 ca\u0142e krople do wk\u0142adu testowego (S), a nast\u0119pnie uruchom stoper. Zobacz ilustracj\u0119 poni\u017cej.<\/li>\n<li>Odczytaj wyniki po 5 minutach. Nie czytaj wynik\u00f3w po 10 minutach.<\/li>\n<\/ol>\n<p><img loading=\"lazy\" decoding=\"async\" class=\"alignnone wp-image-74168 size-medium\" src=\"https:\/\/medtest.stagingservers.net\/wp-content\/uploads\/2019\/09\/Locket-720x219.jpg\" alt=\"\" width=\"720\" height=\"219\" srcset=\"https:\/\/medtest.stagingservers.net\/wp-content\/uploads\/2019\/09\/Locket-720x219.jpg 720w, https:\/\/medtest.stagingservers.net\/wp-content\/uploads\/2019\/09\/Locket-768x234.jpg 768w, https:\/\/medtest.stagingservers.net\/wp-content\/uploads\/2019\/09\/Locket-416x127.jpg 416w, https:\/\/medtest.stagingservers.net\/wp-content\/uploads\/2019\/09\/Locket.jpg 979w\" sizes=\"auto, (max-width: 720px) 100vw, 720px\" \/><\/p>\n<h4>Wyniki<\/h4>\n<p><img loading=\"lazy\" decoding=\"async\" class=\"alignnone wp-image-74032 size-full\" src=\"https:\/\/medtest.stagingservers.net\/wp-content\/uploads\/2019\/09\/Dok3_OO_trzyczwarte.jpg\" alt=\"\" width=\"246\" height=\"181\" \/><\/p>\n<div class=\"row\">\n<div class=\"extra\">\n<div class=\"component\">\n<div class=\"self mobile-leaf text textnormal mobile-undersized-upper\">\n<p>Je\u015bli kreski pojawiaj\u0105 si\u0119 przy C i T, wynik jest dodatni. Je\u015bli kreska jest wy\u015bwietlana tylko przy C, wynik jest ujemny. Linia kontrolna (C) dzia\u0142a jako kontrola jako\u015bci, kt\u00f3ra zapewnia, \u017ce kaseta dzia\u0142a poprawnie.<\/p>\n<p>C = Control (Kontrola)<\/p>\n<p>T = Test<\/p>\n<p>S = Sample (Pr\u00f3bka)<\/p>\n<p>&nbsp;<\/p>\n<p>Instrukcja jest do\u0142\u0105czona do produktu. <a href=\"https:\/\/medtest.stagingservers.net\/kontakta-oss\/\">Skontaktuj si\u0119 z nami<\/a> je\u015bli masz pytania.<\/p>\n<\/div>\n<\/div>\n<\/div>\n<\/div>\n","protected":false},"excerpt":{"rendered":"<p>Sprawd\u017a swoje zdrowie za pomoc\u0105 domowego testu na niedob\u00f3r \u017celaza, tarczyc\u0119 i wrz\u00f3d \u017co\u0142\u0105dka. Uzyskaj wynik w 10 minut. Produkty oznaczone znakiem CE. Instrukcje s\u0105 do\u0142\u0105czone do ka\u017cdego produktu.<\/p>\n","protected":false},"featured_media":73868,"comment_status":"closed","ping_status":"closed","template":"","meta":{"_acf_changed":false,"footnotes":""},"product_brand":[],"product_cat":[989,983,975],"product_tag":[],"class_list":{"0":"post-73293","1":"product","2":"type-product","3":"status-publish","4":"has-post-thumbnail","6":"product_cat-badanie-tarczycy","7":"product_cat-niedobor-zelaza-ferrytyny","8":"product_cat-oferta-pakietow","10":"first","11":"instock","12":"taxable","13":"shipping-taxable","14":"purchasable","15":"product-type-simple"},"acf":[],"yoast_head":"<title>Testy na niedob\u00f3r \u017celaza, problemy z tarczyc\u0105 i wrzody \u017co\u0142\u0105dka - Medtest.shop<\/title>\n<meta name=\"description\" content=\"Testy na niedob\u00f3r \u017celaza, problemy z tarczyc\u0105 i wrzody \u017co\u0142\u0105dka - Medtest.shop\" \/>\n<meta name=\"robots\" content=\"noindex, follow, max-snippet:-1, max-image-preview:large, max-video-preview:-1\" \/>\n<meta property=\"og:locale\" content=\"pl_PL\" \/>\n<meta property=\"og:type\" content=\"article\" \/>\n<meta property=\"og:title\" content=\"Testy na niedob\u00f3r \u017celaza, problemy z tarczyc\u0105 i wrzody \u017co\u0142\u0105dka - Medtest.shop\" \/>\n<meta property=\"og:description\" content=\"Testy na niedob\u00f3r \u017celaza, problemy z tarczyc\u0105 i wrzody \u017co\u0142\u0105dka - Medtest.shop\" \/>\n<meta property=\"og:url\" content=\"https:\/\/medtest.stagingservers.net\/pl\/produkt\/testy-na-niedobor-zelaza-problemy-z-tarczyca-wrzody-zoladka\/\" \/>\n<meta property=\"og:site_name\" content=\"Medtest.shop\" \/>\n<meta property=\"article:publisher\" content=\"https:\/\/www.facebook.com\/Medtest-1440779469392476\/\" \/>\n<meta property=\"article:modified_time\" content=\"2019-09-23T15:47:54+00:00\" \/>\n<meta property=\"og:image\" content=\"https:\/\/medtest.stagingservers.net\/wp-content\/uploads\/2019\/09\/Ferritin-TSH-Hpylori-e-e1568291206785.png\" \/>\n\t<meta property=\"og:image:width\" content=\"647\" \/>\n\t<meta property=\"og:image:height\" content=\"509\" \/>\n\t<meta property=\"og:image:type\" content=\"image\/png\" \/>\n<meta name=\"twitter:card\" content=\"summary_large_image\" \/>\n<script type=\"application\/ld+json\" class=\"yoast-schema-graph\">{\"@context\":\"https:\\\/\\\/schema.org\",\"@graph\":[{\"@type\":\"WebPage\",\"@id\":\"https:\\\/\\\/medtest.stagingservers.net\\\/pl\\\/produkt\\\/testy-na-niedobor-zelaza-problemy-z-tarczyca-wrzody-zoladka\\\/\",\"url\":\"https:\\\/\\\/medtest.stagingservers.net\\\/pl\\\/produkt\\\/testy-na-niedobor-zelaza-problemy-z-tarczyca-wrzody-zoladka\\\/\",\"name\":\"Testy na niedob\u00f3r \u017celaza, problemy z tarczyc\u0105 i wrzody \u017co\u0142\u0105dka - Medtest.shop\",\"isPartOf\":{\"@id\":\"https:\\\/\\\/medtest.stagingservers.net\\\/pl\\\/#website\"},\"primaryImageOfPage\":{\"@id\":\"https:\\\/\\\/medtest.stagingservers.net\\\/pl\\\/produkt\\\/testy-na-niedobor-zelaza-problemy-z-tarczyca-wrzody-zoladka\\\/#primaryimage\"},\"image\":{\"@id\":\"https:\\\/\\\/medtest.stagingservers.net\\\/pl\\\/produkt\\\/testy-na-niedobor-zelaza-problemy-z-tarczyca-wrzody-zoladka\\\/#primaryimage\"},\"thumbnailUrl\":\"https:\\\/\\\/medtest.stagingservers.net\\\/wp-content\\\/uploads\\\/2019\\\/09\\\/Ferritin-TSH-Hpylori-e-e1568291206785.png\",\"datePublished\":\"2019-09-02T08:12:12+00:00\",\"dateModified\":\"2019-09-23T15:47:54+00:00\",\"description\":\"Testy na niedob\u00f3r \u017celaza, problemy z tarczyc\u0105 i wrzody \u017co\u0142\u0105dka - Medtest.shop\",\"breadcrumb\":{\"@id\":\"https:\\\/\\\/medtest.stagingservers.net\\\/pl\\\/produkt\\\/testy-na-niedobor-zelaza-problemy-z-tarczyca-wrzody-zoladka\\\/#breadcrumb\"},\"inLanguage\":\"pl-PL\",\"potentialAction\":[{\"@type\":\"ReadAction\",\"target\":[\"https:\\\/\\\/medtest.stagingservers.net\\\/pl\\\/produkt\\\/testy-na-niedobor-zelaza-problemy-z-tarczyca-wrzody-zoladka\\\/\"]}]},{\"@type\":\"ImageObject\",\"inLanguage\":\"pl-PL\",\"@id\":\"https:\\\/\\\/medtest.stagingservers.net\\\/pl\\\/produkt\\\/testy-na-niedobor-zelaza-problemy-z-tarczyca-wrzody-zoladka\\\/#primaryimage\",\"url\":\"https:\\\/\\\/medtest.stagingservers.net\\\/wp-content\\\/uploads\\\/2019\\\/09\\\/Ferritin-TSH-Hpylori-e-e1568291206785.png\",\"contentUrl\":\"https:\\\/\\\/medtest.stagingservers.net\\\/wp-content\\\/uploads\\\/2019\\\/09\\\/Ferritin-TSH-Hpylori-e-e1568291206785.png\",\"width\":647,\"height\":509},{\"@type\":\"BreadcrumbList\",\"@id\":\"https:\\\/\\\/medtest.stagingservers.net\\\/pl\\\/produkt\\\/testy-na-niedobor-zelaza-problemy-z-tarczyca-wrzody-zoladka\\\/#breadcrumb\",\"itemListElement\":[{\"@type\":\"ListItem\",\"position\":1,\"name\":\"Home\",\"item\":\"https:\\\/\\\/medtest.stagingservers.net\\\/pl\\\/\"},{\"@type\":\"ListItem\",\"position\":2,\"name\":\"Sklep\",\"item\":\"https:\\\/\\\/medtest.stagingservers.net\\\/pl\\\/sklep\\\/\"},{\"@type\":\"ListItem\",\"position\":3,\"name\":\"Testy na niedob\u00f3r \u017celaza, problemy z tarczyc\u0105 i wrzody \u017co\u0142\u0105dka\"}]},{\"@type\":\"WebSite\",\"@id\":\"https:\\\/\\\/medtest.stagingservers.net\\\/pl\\\/#website\",\"url\":\"https:\\\/\\\/medtest.stagingservers.net\\\/pl\\\/\",\"name\":\"Medtest.shop\",\"description\":\"\",\"publisher\":{\"@id\":\"https:\\\/\\\/medtest.stagingservers.net\\\/pl\\\/#organization\"},\"potentialAction\":[{\"@type\":\"SearchAction\",\"target\":{\"@type\":\"EntryPoint\",\"urlTemplate\":\"https:\\\/\\\/medtest.stagingservers.net\\\/pl\\\/?s={search_term_string}\"},\"query-input\":{\"@type\":\"PropertyValueSpecification\",\"valueRequired\":true,\"valueName\":\"search_term_string\"}}],\"inLanguage\":\"pl-PL\"},{\"@type\":\"Organization\",\"@id\":\"https:\\\/\\\/medtest.stagingservers.net\\\/pl\\\/#organization\",\"name\":\"Medtest\",\"url\":\"https:\\\/\\\/medtest.stagingservers.net\\\/pl\\\/\",\"logo\":{\"@type\":\"ImageObject\",\"inLanguage\":\"pl-PL\",\"@id\":\"https:\\\/\\\/medtest.stagingservers.net\\\/pl\\\/#\\\/schema\\\/logo\\\/image\\\/\",\"url\":\"https:\\\/\\\/medtest.stagingservers.net\\\/wp-content\\\/uploads\\\/2018\\\/11\\\/Original.png\",\"contentUrl\":\"https:\\\/\\\/medtest.stagingservers.net\\\/wp-content\\\/uploads\\\/2018\\\/11\\\/Original.png\",\"width\":1024,\"height\":1024,\"caption\":\"Medtest\"},\"image\":{\"@id\":\"https:\\\/\\\/medtest.stagingservers.net\\\/pl\\\/#\\\/schema\\\/logo\\\/image\\\/\"},\"sameAs\":[\"https:\\\/\\\/www.facebook.com\\\/Medtest-1440779469392476\\\/\"]}]}<\/script>","yoast_head_json":{"title":"Testy na niedob\u00f3r \u017celaza, problemy z tarczyc\u0105 i wrzody \u017co\u0142\u0105dka - Medtest.shop","description":"Testy na niedob\u00f3r \u017celaza, problemy z tarczyc\u0105 i wrzody \u017co\u0142\u0105dka - Medtest.shop","robots":{"index":"noindex","follow":"follow","max-snippet":"max-snippet:-1","max-image-preview":"max-image-preview:large","max-video-preview":"max-video-preview:-1"},"og_locale":"pl_PL","og_type":"article","og_title":"Testy na niedob\u00f3r \u017celaza, problemy z tarczyc\u0105 i wrzody \u017co\u0142\u0105dka - Medtest.shop","og_description":"Testy na niedob\u00f3r \u017celaza, problemy z tarczyc\u0105 i wrzody \u017co\u0142\u0105dka - Medtest.shop","og_url":"https:\/\/medtest.stagingservers.net\/pl\/produkt\/testy-na-niedobor-zelaza-problemy-z-tarczyca-wrzody-zoladka\/","og_site_name":"Medtest.shop","article_publisher":"https:\/\/www.facebook.com\/Medtest-1440779469392476\/","article_modified_time":"2019-09-23T15:47:54+00:00","og_image":[{"width":647,"height":509,"url":"https:\/\/medtest.stagingservers.net\/wp-content\/uploads\/2019\/09\/Ferritin-TSH-Hpylori-e-e1568291206785.png","type":"image\/png"}],"twitter_card":"summary_large_image","schema":{"@context":"https:\/\/schema.org","@graph":[{"@type":"WebPage","@id":"https:\/\/medtest.stagingservers.net\/pl\/produkt\/testy-na-niedobor-zelaza-problemy-z-tarczyca-wrzody-zoladka\/","url":"https:\/\/medtest.stagingservers.net\/pl\/produkt\/testy-na-niedobor-zelaza-problemy-z-tarczyca-wrzody-zoladka\/","name":"Testy na niedob\u00f3r \u017celaza, problemy z tarczyc\u0105 i wrzody \u017co\u0142\u0105dka - Medtest.shop","isPartOf":{"@id":"https:\/\/medtest.stagingservers.net\/pl\/#website"},"primaryImageOfPage":{"@id":"https:\/\/medtest.stagingservers.net\/pl\/produkt\/testy-na-niedobor-zelaza-problemy-z-tarczyca-wrzody-zoladka\/#primaryimage"},"image":{"@id":"https:\/\/medtest.stagingservers.net\/pl\/produkt\/testy-na-niedobor-zelaza-problemy-z-tarczyca-wrzody-zoladka\/#primaryimage"},"thumbnailUrl":"https:\/\/medtest.stagingservers.net\/wp-content\/uploads\/2019\/09\/Ferritin-TSH-Hpylori-e-e1568291206785.png","datePublished":"2019-09-02T08:12:12+00:00","dateModified":"2019-09-23T15:47:54+00:00","description":"Testy na niedob\u00f3r \u017celaza, problemy z tarczyc\u0105 i wrzody \u017co\u0142\u0105dka - Medtest.shop","breadcrumb":{"@id":"https:\/\/medtest.stagingservers.net\/pl\/produkt\/testy-na-niedobor-zelaza-problemy-z-tarczyca-wrzody-zoladka\/#breadcrumb"},"inLanguage":"pl-PL","potentialAction":[{"@type":"ReadAction","target":["https:\/\/medtest.stagingservers.net\/pl\/produkt\/testy-na-niedobor-zelaza-problemy-z-tarczyca-wrzody-zoladka\/"]}]},{"@type":"ImageObject","inLanguage":"pl-PL","@id":"https:\/\/medtest.stagingservers.net\/pl\/produkt\/testy-na-niedobor-zelaza-problemy-z-tarczyca-wrzody-zoladka\/#primaryimage","url":"https:\/\/medtest.stagingservers.net\/wp-content\/uploads\/2019\/09\/Ferritin-TSH-Hpylori-e-e1568291206785.png","contentUrl":"https:\/\/medtest.stagingservers.net\/wp-content\/uploads\/2019\/09\/Ferritin-TSH-Hpylori-e-e1568291206785.png","width":647,"height":509},{"@type":"BreadcrumbList","@id":"https:\/\/medtest.stagingservers.net\/pl\/produkt\/testy-na-niedobor-zelaza-problemy-z-tarczyca-wrzody-zoladka\/#breadcrumb","itemListElement":[{"@type":"ListItem","position":1,"name":"Home","item":"https:\/\/medtest.stagingservers.net\/pl\/"},{"@type":"ListItem","position":2,"name":"Sklep","item":"https:\/\/medtest.stagingservers.net\/pl\/sklep\/"},{"@type":"ListItem","position":3,"name":"Testy na niedob\u00f3r \u017celaza, problemy z tarczyc\u0105 i wrzody \u017co\u0142\u0105dka"}]},{"@type":"WebSite","@id":"https:\/\/medtest.stagingservers.net\/pl\/#website","url":"https:\/\/medtest.stagingservers.net\/pl\/","name":"Medtest.shop","description":"","publisher":{"@id":"https:\/\/medtest.stagingservers.net\/pl\/#organization"},"potentialAction":[{"@type":"SearchAction","target":{"@type":"EntryPoint","urlTemplate":"https:\/\/medtest.stagingservers.net\/pl\/?s={search_term_string}"},"query-input":{"@type":"PropertyValueSpecification","valueRequired":true,"valueName":"search_term_string"}}],"inLanguage":"pl-PL"},{"@type":"Organization","@id":"https:\/\/medtest.stagingservers.net\/pl\/#organization","name":"Medtest","url":"https:\/\/medtest.stagingservers.net\/pl\/","logo":{"@type":"ImageObject","inLanguage":"pl-PL","@id":"https:\/\/medtest.stagingservers.net\/pl\/#\/schema\/logo\/image\/","url":"https:\/\/medtest.stagingservers.net\/wp-content\/uploads\/2018\/11\/Original.png","contentUrl":"https:\/\/medtest.stagingservers.net\/wp-content\/uploads\/2018\/11\/Original.png","width":1024,"height":1024,"caption":"Medtest"},"image":{"@id":"https:\/\/medtest.stagingservers.net\/pl\/#\/schema\/logo\/image\/"},"sameAs":["https:\/\/www.facebook.com\/Medtest-1440779469392476\/"]}]}},"_links":{"self":[{"href":"https:\/\/medtest.stagingservers.net\/pl\/wp-json\/wp\/v2\/product\/73293","targetHints":{"allow":["GET"]}}],"collection":[{"href":"https:\/\/medtest.stagingservers.net\/pl\/wp-json\/wp\/v2\/product"}],"about":[{"href":"https:\/\/medtest.stagingservers.net\/pl\/wp-json\/wp\/v2\/types\/product"}],"replies":[{"embeddable":true,"href":"https:\/\/medtest.stagingservers.net\/pl\/wp-json\/wp\/v2\/comments?post=73293"}],"version-history":[{"count":0,"href":"https:\/\/medtest.stagingservers.net\/pl\/wp-json\/wp\/v2\/product\/73293\/revisions"}],"wp:featuredmedia":[{"embeddable":true,"href":"https:\/\/medtest.stagingservers.net\/pl\/wp-json\/wp\/v2\/media\/73868"}],"wp:attachment":[{"href":"https:\/\/medtest.stagingservers.net\/pl\/wp-json\/wp\/v2\/media?parent=73293"}],"wp:term":[{"taxonomy":"product_brand","embeddable":true,"href":"https:\/\/medtest.stagingservers.net\/pl\/wp-json\/wp\/v2\/product_brand?post=73293"},{"taxonomy":"product_cat","embeddable":true,"href":"https:\/\/medtest.stagingservers.net\/pl\/wp-json\/wp\/v2\/product_cat?post=73293"},{"taxonomy":"product_tag","embeddable":true,"href":"https:\/\/medtest.stagingservers.net\/pl\/wp-json\/wp\/v2\/product_tag?post=73293"}],"curies":[{"name":"wp","href":"https:\/\/api.w.org\/{rel}","templated":true}]}}