{"id":73295,"date":"2019-09-02T10:12:47","date_gmt":"2019-09-02T08:12:47","guid":{"rendered":"https:\/\/medtest.stagingservers.net\/product\/cukrzyca-test-na-nerki-watrobe\/"},"modified":"2019-09-23T15:39:34","modified_gmt":"2019-09-23T13:39:34","slug":"cukrzyca-test-na-nerki-watrobe","status":"publish","type":"product","link":"https:\/\/medtest.stagingservers.net\/pl\/produkt\/cukrzyca-test-na-nerki-watrobe\/","title":{"rendered":"Test na cukrzyc\u0119, czynno\u015b\u0107 nerek i w\u0105troby"},"content":{"rendered":"<h2>Test na cukrzyc\u0119, czynno\u015b\u0107 nerek i w\u0105troby. \u0141\u0105cznie 6 pask\u00f3w testowych.<\/h2>\n<h4>Test na cukrzyc\u0119<\/h4>\n<p>Test jest przeznaczony do kontroli poziomu glukozy i keton\u00f3w w pr\u00f3bkach moczu, jako pomoc przy diagnozie cukrzycy. Test daje wyniki poprzez wizualne por\u00f3wnanie ze schematem kolor\u00f3w wydrukowanym na produkcie. Ka\u017cdy kolor oznacza liczb\u0119 st\u0119\u017ce\u0144 glukozy i keton\u00f3w (patrz poni\u017cej). Je\u015bli oddajesz mocz cz\u0119\u015bciej ni\u017c zwykle albo odczuwasz pragnienie, kt\u00f3re nie opuszcza Ci\u0119 nawet po napiciu si\u0119? Objawy s\u0105 liczne i cz\u0119sto ca\u0142kiem rozproszone, a jednocze\u015bnie cukrzyca jest jedn\u0105 z najcz\u0119stszych zaburze\u0144 zdrowia spo\u0142ecze\u0144stwa. Cukrzyca powoduje wysoki poziom cukru (glukozy) we krwi. Ten stan nazywa si\u0119 hiperglikemi\u0105 (wysoki poziom cukru we krwi). Kiedy ta r\u00f3wnowaga jest zaburzona, cz\u0119sto pojawiaj\u0105 si\u0119 objawy. Nasz prosty test domowy mo\u017ce \u0142atwo i szybko wykry\u0107 takie zaburzenie. Wykrywanie tej choroby wy\u0142\u0105cznie na podstawie jej objaw\u00f3w mo\u017ce by\u0107 trudne, poniewa\u017c najcz\u0119stsze objawy wyst\u0119puj\u0105 powszechnie. Prosty test mo\u017ce pom\u00f3c z\u0142agodzi\u0107 l\u0119k lub da\u0107 pow\u00f3d do zwr\u00f3cenia si\u0119 o pomoc do lekarza. Pozytywny wynik testu (prawdopodobnie masz cukrzyc\u0119) oznacza, \u017ce powiniene\u015b zwr\u00f3ci\u0107 si\u0119 do lekarza i uzyska\u0107 odpowiednie leczenie, co jest wa\u017cne, poniewa\u017c cukrzyca mo\u017ce by\u0107 przyczyn\u0105 powa\u017cnych komplikacji. Zawarto\u015b\u0107: 2 zapiecz\u0119towane torebki aluminiowe zawieraj\u0105ce po 1 pr\u00f3bniku testowym i instrukcj\u0119 u\u017cycia. Test na cukrzyc\u0119 jest wykonywany w Europie i jest bardzo bezpieczny. Ponadto produkt posiada znak CE.<\/p>\n<h4>Test czynno\u015bci nerek<\/h4>\n<p>Test sprawdza <strong>kreatynin\u0119, bia\u0142ko i ci\u0119\u017car w\u0142a\u015bciwy<\/strong>\u00a0 w pr\u00f3bkach moczu i stanowi pomoc w diagnozie choroby nerek. Test daje wyniki poprzez wizualne por\u00f3wnanie ze schematem kolor\u00f3w wydrukowanym na opakowaniu (patrz poni\u017cej).<\/p>\n<h4>Kreatynina<\/h4>\n<p>Kreatynina jest chemicznym produktem odpadowym we krwi, kt\u00f3ra przechodzi przez nerki, kt\u00f3re j\u0105 filtruj\u0105 i eliminuj\u0105 kreatynin\u0119 z moczu. Te odpady chemiczne s\u0105 produktem ubocznym normalnej funkcji mi\u0119\u015bni. Im wi\u0119cej mi\u0119\u015bni ma osoba, tym wi\u0119cej kreatyniny produkuje. Poziom kreatyniny we krwi odzwierciedla zar\u00f3wno ilo\u015b\u0107 mi\u0119\u015bni, jak i czynno\u015bci nerek. Wi\u0119kszo\u015b\u0107 m\u0119\u017cczyzn z prawid\u0142ow\u0105 czynno\u015bci\u0105 nerek ma oko\u0142o 0,6 do 1,2 miligrama \/ decylitra (mg \/ dl) kreatyniny.\u00a0Wi\u0119kszo\u015b\u0107 kobiet z prawid\u0142ow\u0105 czynno\u015bci\u0105 nerek ma od 0,5 do 1,1 mg \/ dl kreatyniny.\u00a0Kobiety maj\u0105 zwykle ni\u017cszy poziom kreatyniny ni\u017c m\u0119\u017cczy\u017ani, poniewa\u017c kobiety maj\u0105 \u015brednio mniej mi\u0119\u015bni ni\u017c m\u0119\u017cczy\u017ani.<\/p>\n<h4>Bia\u0142ko<\/h4>\n<p>Zwykle mocz nie powinien zasadniczo zawiera\u0107 \u017cadnego bia\u0142ka. Pojawienie si\u0119 bia\u0142ka w moczu wskazuje, \u017ce mo\u017ce wyst\u0119powa\u0107 problem ze zdolno\u015bci\u0105 filtracyjn\u0105 nerek.<\/p>\n<h4>Ci\u0119\u017car w\u0142a\u015bciwy<\/h4>\n<p>Nerki usuwaj\u0105 z organizmu niepo\u017c\u0105dane substancje, takie jak toksyny i produkty przemiany materii. Rol\u0105 nerek jest usuwanie tych substancji z moczem bez utraty zbyt du\u017cej ilo\u015bci p\u0142ynu. St\u0119\u017cenie wydzielanych cz\u0105steczek determinuje ci\u0119\u017car w\u0142a\u015bciwy moczu. Doro\u015bli maj\u0105 na og\u00f3\u0142 ci\u0119\u017car w\u0142a\u015bciwy oko\u0142o 1000 do 1030.\u00a0Zwi\u0119kszenie ci\u0119\u017caru w\u0142a\u015bciwego, tj. zwi\u0119kszone st\u0119\u017cenie substancji rozpuszczonych w moczu, mo\u017ce by\u0107 zwi\u0105zane z niewydolno\u015bci\u0105 nerek lub zmniejszonym przep\u0142ywem krwi do nerek.<\/p>\n<h4>Test czynno\u015bci w\u0105troby<\/h4>\n<p>Test s\u0142u\u017cy do kontroli st\u0119\u017cenia bilirubiny i urobilinogenu w pr\u00f3bkach moczu jako pomoc w diagnozowaniu problem\u00f3w z w\u0105trob\u0105 i p\u0119cherzykiem \u017c\u00f3\u0142ciowym. Test daje wyniki poprzez wizualne por\u00f3wnanie ze schematem kolor\u00f3w wydrukowanym na opakowaniu.<\/p>\n<h4>Dlaczego nale\u017cy analizowa\u0107 bilirubin\u0119?<\/h4>\n<p>W przypadku podejrzenia choroby w\u0105troby nale\u017cy przeanalizowa\u0107 st\u0119\u017cenie bilirubiny we krwi, podobnie w przypadku podejrzenia choroby dr\u00f3g \u017c\u00f3\u0142ciowych. Poziom bilirubiny jest r\u00f3wnie\u017c sprawdzany pod k\u0105tem podejrzenia zwi\u0119kszonej degradacji krwinek czerwonych we krwi. Klinicznym objawem podwy\u017cszonego poziomu bilirubiny w ciele jest pojawienie si\u0119 \u017c\u00f3\u0142taczki, objawiaj\u0105cej si\u0119 \u017c\u00f3\u0142tawym odcieniem sk\u00f3ry cia\u0142a i bia\u0142ek oczu.<\/p>\n<h4>Zwi\u0119kszona warto\u015b\u0107 bilirubiny \u2014 co to znaczy?<\/h4>\n<p>Zwi\u0119kszona warto\u015b\u0107 mo\u017ce mie\u0107 wiele przyczyn. Cz\u0119sto obserwuje si\u0119 to w zwi\u0105zku z chorobami w\u0105troby, np. z powodu przed\u0142u\u017conego spo\u017cywania alkoholu lub infekcji tkanki w\u0105troby (cz\u0119sto wirusowego zapalenia w\u0105troby typu A i \u015bwinki). Bilirubina mo\u017ce r\u00f3wnie\u017c rosn\u0105\u0107 w przypadku chor\u00f3b wywo\u0142uj\u0105cych niedro\u017cno\u015b\u0107 dr\u00f3g \u017c\u00f3\u0142ciowych. Powodem mog\u0105 by\u0107 kamienie \u017c\u00f3\u0142ciowe i guzy. Niekt\u00f3re rodzaje dziedzicznego niedoboru enzym\u00f3w mog\u0105 r\u00f3wnie\u017c powodowa\u0107 wzrost st\u0119\u017cenia bilirubiny. Podobnie podwy\u017cszone poziomy bilirubiny s\u0105 cz\u0119sto obserwowane u os\u00f3b powa\u017cnie chorych z r\u00f3\u017cnych przyczyn, kt\u00f3re nie musz\u0105 bezpo\u015brednio dotyczy\u0107 w\u0105troby, na przyk\u0142ad w chorobach nowotworowych, ci\u0119\u017ckich infekcjach i ci\u0119\u017ckiej niewydolno\u015bci serca. Podwy\u017cszona warto\u015b\u0107 bilirubiny mo\u017ce r\u00f3wnie\u017c wyst\u0105pi\u0107 podczas hemolizy, co oznacza, \u017ce czerwone krwinki rozpadaj\u0105 si\u0119 szybciej ni\u017c normalnie. Wiele r\u00f3\u017cnych lek\u00f3w, np. Estrogeny, androgenne sterydy anaboliczne, niekt\u00f3re leki przeciwnadci\u015bnieniowe i antybiotyki, leki przeciwpadaczkowe, przeciwdepresyjne i przeciwb\u00f3lowe, mog\u0105 czasami wp\u0142ywa\u0107 na w\u0105trob\u0119 i powodowa\u0107 wzrost poziomu bilirubiny we krwi.<\/p>\n<div>\n<h4>Oto jak dzia\u0142aj\u0105 auto-testy<\/h4>\n<ol>\n<li>Otw\u00f3rz opakowanie foliowe i wyjmij pasek testowy.<\/li>\n<li>Oddaj mocz do kubka\/zlewki i zanurz pasek testowy.<\/li>\n<li>Odczyt mo\u017cna wykona\u0107 po oko\u0142o 1 minucie. Odczyt wynik\u00f3w polega na por\u00f3wnaniu kolor\u00f3w reakcji na pasku z kolorami na schemacie. Podczas por\u00f3wnania, utrzymuj pasek w pozycji poziomej, aby unikn\u0105\u0107 mo\u017cliwego mieszania kolor\u00f3w mi\u0119dzy dwoma obszarami reakcji na pasku<\/li>\n<\/ol>\n<\/div>\n","protected":false},"excerpt":{"rendered":"<p>Sprawd\u017a czynno\u015b\u0107 nerek, w\u0105troby i cukrzyc\u0119. Uzyskaj wynik w 10 minut. \u0141\u0105cznie 6 patyczk\u00f3w testowych. Pa\u0142eczk\u0119 zanurza si\u0119 w moczu na kilka sekund, po czym dokonuje si\u0119 wizualnego por\u00f3wnania ze schematem kolor\u00f3w wydrukowanym na opakowaniu. <\/p>\n","protected":false},"featured_media":73866,"comment_status":"closed","ping_status":"closed","template":"","meta":{"_acf_changed":false,"footnotes":""},"product_brand":[],"product_cat":[982,987,985,975],"product_tag":[],"class_list":{"0":"post-73295","1":"product","2":"type-product","3":"status-publish","4":"has-post-thumbnail","6":"product_cat-cukrzyca","7":"product_cat-funkcjonowanie-nerek","8":"product_cat-funkcjonowanie-watroby","9":"product_cat-oferta-pakietow","11":"first","12":"instock","13":"taxable","14":"shipping-taxable","15":"purchasable","16":"product-type-simple"},"acf":[],"yoast_head":"<title>Test na cukrzyc\u0119, czynno\u015b\u0107 nerek i w\u0105troby - Medtest.shop<\/title>\n<meta name=\"description\" content=\"Test na cukrzyc\u0119, czynno\u015b\u0107 nerek i w\u0105troby - Medtest.shop\" \/>\n<meta name=\"robots\" content=\"noindex, follow, max-snippet:-1, max-image-preview:large, max-video-preview:-1\" \/>\n<meta property=\"og:locale\" content=\"pl_PL\" \/>\n<meta property=\"og:type\" content=\"article\" \/>\n<meta property=\"og:title\" content=\"Test na cukrzyc\u0119, czynno\u015b\u0107 nerek i w\u0105troby - Medtest.shop\" \/>\n<meta property=\"og:description\" content=\"Test na cukrzyc\u0119, czynno\u015b\u0107 nerek i w\u0105troby - Medtest.shop\" \/>\n<meta property=\"og:url\" content=\"https:\/\/medtest.stagingservers.net\/pl\/produkt\/cukrzyca-test-na-nerki-watrobe\/\" \/>\n<meta property=\"og:site_name\" content=\"Medtest.shop\" \/>\n<meta property=\"article:publisher\" content=\"https:\/\/www.facebook.com\/Medtest-1440779469392476\/\" \/>\n<meta property=\"article:modified_time\" content=\"2019-09-23T13:39:34+00:00\" \/>\n<meta property=\"og:image\" content=\"https:\/\/medtest.stagingservers.net\/wp-content\/uploads\/2019\/09\/Diabetesliverkidneye.png\" \/>\n\t<meta property=\"og:image:width\" content=\"907\" \/>\n\t<meta property=\"og:image:height\" content=\"495\" \/>\n\t<meta property=\"og:image:type\" content=\"image\/png\" \/>\n<meta name=\"twitter:card\" content=\"summary_large_image\" \/>\n<script type=\"application\/ld+json\" class=\"yoast-schema-graph\">{\"@context\":\"https:\\\/\\\/schema.org\",\"@graph\":[{\"@type\":\"WebPage\",\"@id\":\"https:\\\/\\\/medtest.stagingservers.net\\\/pl\\\/produkt\\\/cukrzyca-test-na-nerki-watrobe\\\/\",\"url\":\"https:\\\/\\\/medtest.stagingservers.net\\\/pl\\\/produkt\\\/cukrzyca-test-na-nerki-watrobe\\\/\",\"name\":\"Test na cukrzyc\u0119, czynno\u015b\u0107 nerek i w\u0105troby - Medtest.shop\",\"isPartOf\":{\"@id\":\"https:\\\/\\\/medtest.stagingservers.net\\\/pl\\\/#website\"},\"primaryImageOfPage\":{\"@id\":\"https:\\\/\\\/medtest.stagingservers.net\\\/pl\\\/produkt\\\/cukrzyca-test-na-nerki-watrobe\\\/#primaryimage\"},\"image\":{\"@id\":\"https:\\\/\\\/medtest.stagingservers.net\\\/pl\\\/produkt\\\/cukrzyca-test-na-nerki-watrobe\\\/#primaryimage\"},\"thumbnailUrl\":\"https:\\\/\\\/medtest.stagingservers.net\\\/wp-content\\\/uploads\\\/2019\\\/09\\\/Diabetesliverkidneye.png\",\"datePublished\":\"2019-09-02T08:12:47+00:00\",\"dateModified\":\"2019-09-23T13:39:34+00:00\",\"description\":\"Test na cukrzyc\u0119, czynno\u015b\u0107 nerek i w\u0105troby - Medtest.shop\",\"breadcrumb\":{\"@id\":\"https:\\\/\\\/medtest.stagingservers.net\\\/pl\\\/produkt\\\/cukrzyca-test-na-nerki-watrobe\\\/#breadcrumb\"},\"inLanguage\":\"pl-PL\",\"potentialAction\":[{\"@type\":\"ReadAction\",\"target\":[\"https:\\\/\\\/medtest.stagingservers.net\\\/pl\\\/produkt\\\/cukrzyca-test-na-nerki-watrobe\\\/\"]}]},{\"@type\":\"ImageObject\",\"inLanguage\":\"pl-PL\",\"@id\":\"https:\\\/\\\/medtest.stagingservers.net\\\/pl\\\/produkt\\\/cukrzyca-test-na-nerki-watrobe\\\/#primaryimage\",\"url\":\"https:\\\/\\\/medtest.stagingservers.net\\\/wp-content\\\/uploads\\\/2019\\\/09\\\/Diabetesliverkidneye.png\",\"contentUrl\":\"https:\\\/\\\/medtest.stagingservers.net\\\/wp-content\\\/uploads\\\/2019\\\/09\\\/Diabetesliverkidneye.png\",\"width\":907,\"height\":495},{\"@type\":\"BreadcrumbList\",\"@id\":\"https:\\\/\\\/medtest.stagingservers.net\\\/pl\\\/produkt\\\/cukrzyca-test-na-nerki-watrobe\\\/#breadcrumb\",\"itemListElement\":[{\"@type\":\"ListItem\",\"position\":1,\"name\":\"Home\",\"item\":\"https:\\\/\\\/medtest.stagingservers.net\\\/pl\\\/\"},{\"@type\":\"ListItem\",\"position\":2,\"name\":\"Sklep\",\"item\":\"https:\\\/\\\/medtest.stagingservers.net\\\/pl\\\/sklep\\\/\"},{\"@type\":\"ListItem\",\"position\":3,\"name\":\"Test na cukrzyc\u0119, czynno\u015b\u0107 nerek i w\u0105troby\"}]},{\"@type\":\"WebSite\",\"@id\":\"https:\\\/\\\/medtest.stagingservers.net\\\/pl\\\/#website\",\"url\":\"https:\\\/\\\/medtest.stagingservers.net\\\/pl\\\/\",\"name\":\"Medtest.shop\",\"description\":\"\",\"publisher\":{\"@id\":\"https:\\\/\\\/medtest.stagingservers.net\\\/pl\\\/#organization\"},\"potentialAction\":[{\"@type\":\"SearchAction\",\"target\":{\"@type\":\"EntryPoint\",\"urlTemplate\":\"https:\\\/\\\/medtest.stagingservers.net\\\/pl\\\/?s={search_term_string}\"},\"query-input\":{\"@type\":\"PropertyValueSpecification\",\"valueRequired\":true,\"valueName\":\"search_term_string\"}}],\"inLanguage\":\"pl-PL\"},{\"@type\":\"Organization\",\"@id\":\"https:\\\/\\\/medtest.stagingservers.net\\\/pl\\\/#organization\",\"name\":\"Medtest\",\"url\":\"https:\\\/\\\/medtest.stagingservers.net\\\/pl\\\/\",\"logo\":{\"@type\":\"ImageObject\",\"inLanguage\":\"pl-PL\",\"@id\":\"https:\\\/\\\/medtest.stagingservers.net\\\/pl\\\/#\\\/schema\\\/logo\\\/image\\\/\",\"url\":\"https:\\\/\\\/medtest.stagingservers.net\\\/wp-content\\\/uploads\\\/2018\\\/11\\\/Original.png\",\"contentUrl\":\"https:\\\/\\\/medtest.stagingservers.net\\\/wp-content\\\/uploads\\\/2018\\\/11\\\/Original.png\",\"width\":1024,\"height\":1024,\"caption\":\"Medtest\"},\"image\":{\"@id\":\"https:\\\/\\\/medtest.stagingservers.net\\\/pl\\\/#\\\/schema\\\/logo\\\/image\\\/\"},\"sameAs\":[\"https:\\\/\\\/www.facebook.com\\\/Medtest-1440779469392476\\\/\"]}]}<\/script>","yoast_head_json":{"title":"Test na cukrzyc\u0119, czynno\u015b\u0107 nerek i w\u0105troby - Medtest.shop","description":"Test na cukrzyc\u0119, czynno\u015b\u0107 nerek i w\u0105troby - Medtest.shop","robots":{"index":"noindex","follow":"follow","max-snippet":"max-snippet:-1","max-image-preview":"max-image-preview:large","max-video-preview":"max-video-preview:-1"},"og_locale":"pl_PL","og_type":"article","og_title":"Test na cukrzyc\u0119, czynno\u015b\u0107 nerek i w\u0105troby - Medtest.shop","og_description":"Test na cukrzyc\u0119, czynno\u015b\u0107 nerek i w\u0105troby - Medtest.shop","og_url":"https:\/\/medtest.stagingservers.net\/pl\/produkt\/cukrzyca-test-na-nerki-watrobe\/","og_site_name":"Medtest.shop","article_publisher":"https:\/\/www.facebook.com\/Medtest-1440779469392476\/","article_modified_time":"2019-09-23T13:39:34+00:00","og_image":[{"width":907,"height":495,"url":"https:\/\/medtest.stagingservers.net\/wp-content\/uploads\/2019\/09\/Diabetesliverkidneye.png","type":"image\/png"}],"twitter_card":"summary_large_image","schema":{"@context":"https:\/\/schema.org","@graph":[{"@type":"WebPage","@id":"https:\/\/medtest.stagingservers.net\/pl\/produkt\/cukrzyca-test-na-nerki-watrobe\/","url":"https:\/\/medtest.stagingservers.net\/pl\/produkt\/cukrzyca-test-na-nerki-watrobe\/","name":"Test na cukrzyc\u0119, czynno\u015b\u0107 nerek i w\u0105troby - Medtest.shop","isPartOf":{"@id":"https:\/\/medtest.stagingservers.net\/pl\/#website"},"primaryImageOfPage":{"@id":"https:\/\/medtest.stagingservers.net\/pl\/produkt\/cukrzyca-test-na-nerki-watrobe\/#primaryimage"},"image":{"@id":"https:\/\/medtest.stagingservers.net\/pl\/produkt\/cukrzyca-test-na-nerki-watrobe\/#primaryimage"},"thumbnailUrl":"https:\/\/medtest.stagingservers.net\/wp-content\/uploads\/2019\/09\/Diabetesliverkidneye.png","datePublished":"2019-09-02T08:12:47+00:00","dateModified":"2019-09-23T13:39:34+00:00","description":"Test na cukrzyc\u0119, czynno\u015b\u0107 nerek i w\u0105troby - Medtest.shop","breadcrumb":{"@id":"https:\/\/medtest.stagingservers.net\/pl\/produkt\/cukrzyca-test-na-nerki-watrobe\/#breadcrumb"},"inLanguage":"pl-PL","potentialAction":[{"@type":"ReadAction","target":["https:\/\/medtest.stagingservers.net\/pl\/produkt\/cukrzyca-test-na-nerki-watrobe\/"]}]},{"@type":"ImageObject","inLanguage":"pl-PL","@id":"https:\/\/medtest.stagingservers.net\/pl\/produkt\/cukrzyca-test-na-nerki-watrobe\/#primaryimage","url":"https:\/\/medtest.stagingservers.net\/wp-content\/uploads\/2019\/09\/Diabetesliverkidneye.png","contentUrl":"https:\/\/medtest.stagingservers.net\/wp-content\/uploads\/2019\/09\/Diabetesliverkidneye.png","width":907,"height":495},{"@type":"BreadcrumbList","@id":"https:\/\/medtest.stagingservers.net\/pl\/produkt\/cukrzyca-test-na-nerki-watrobe\/#breadcrumb","itemListElement":[{"@type":"ListItem","position":1,"name":"Home","item":"https:\/\/medtest.stagingservers.net\/pl\/"},{"@type":"ListItem","position":2,"name":"Sklep","item":"https:\/\/medtest.stagingservers.net\/pl\/sklep\/"},{"@type":"ListItem","position":3,"name":"Test na cukrzyc\u0119, czynno\u015b\u0107 nerek i w\u0105troby"}]},{"@type":"WebSite","@id":"https:\/\/medtest.stagingservers.net\/pl\/#website","url":"https:\/\/medtest.stagingservers.net\/pl\/","name":"Medtest.shop","description":"","publisher":{"@id":"https:\/\/medtest.stagingservers.net\/pl\/#organization"},"potentialAction":[{"@type":"SearchAction","target":{"@type":"EntryPoint","urlTemplate":"https:\/\/medtest.stagingservers.net\/pl\/?s={search_term_string}"},"query-input":{"@type":"PropertyValueSpecification","valueRequired":true,"valueName":"search_term_string"}}],"inLanguage":"pl-PL"},{"@type":"Organization","@id":"https:\/\/medtest.stagingservers.net\/pl\/#organization","name":"Medtest","url":"https:\/\/medtest.stagingservers.net\/pl\/","logo":{"@type":"ImageObject","inLanguage":"pl-PL","@id":"https:\/\/medtest.stagingservers.net\/pl\/#\/schema\/logo\/image\/","url":"https:\/\/medtest.stagingservers.net\/wp-content\/uploads\/2018\/11\/Original.png","contentUrl":"https:\/\/medtest.stagingservers.net\/wp-content\/uploads\/2018\/11\/Original.png","width":1024,"height":1024,"caption":"Medtest"},"image":{"@id":"https:\/\/medtest.stagingservers.net\/pl\/#\/schema\/logo\/image\/"},"sameAs":["https:\/\/www.facebook.com\/Medtest-1440779469392476\/"]}]}},"_links":{"self":[{"href":"https:\/\/medtest.stagingservers.net\/pl\/wp-json\/wp\/v2\/product\/73295","targetHints":{"allow":["GET"]}}],"collection":[{"href":"https:\/\/medtest.stagingservers.net\/pl\/wp-json\/wp\/v2\/product"}],"about":[{"href":"https:\/\/medtest.stagingservers.net\/pl\/wp-json\/wp\/v2\/types\/product"}],"replies":[{"embeddable":true,"href":"https:\/\/medtest.stagingservers.net\/pl\/wp-json\/wp\/v2\/comments?post=73295"}],"version-history":[{"count":0,"href":"https:\/\/medtest.stagingservers.net\/pl\/wp-json\/wp\/v2\/product\/73295\/revisions"}],"wp:featuredmedia":[{"embeddable":true,"href":"https:\/\/medtest.stagingservers.net\/pl\/wp-json\/wp\/v2\/media\/73866"}],"wp:attachment":[{"href":"https:\/\/medtest.stagingservers.net\/pl\/wp-json\/wp\/v2\/media?parent=73295"}],"wp:term":[{"taxonomy":"product_brand","embeddable":true,"href":"https:\/\/medtest.stagingservers.net\/pl\/wp-json\/wp\/v2\/product_brand?post=73295"},{"taxonomy":"product_cat","embeddable":true,"href":"https:\/\/medtest.stagingservers.net\/pl\/wp-json\/wp\/v2\/product_cat?post=73295"},{"taxonomy":"product_tag","embeddable":true,"href":"https:\/\/medtest.stagingservers.net\/pl\/wp-json\/wp\/v2\/product_tag?post=73295"}],"curies":[{"name":"wp","href":"https:\/\/api.w.org\/{rel}","templated":true}]}}